{"id":3918,"date":"2026-01-05T12:03:20","date_gmt":"2026-01-05T11:03:20","guid":{"rendered":"https:\/\/hartizanedesign.com\/?post_type=product&#038;p=3918"},"modified":"2026-01-19T01:28:15","modified_gmt":"2026-01-19T00:28:15","slug":"marco-silla-de-comedor-marco-madera-maciza-y-asiento-tapizado-premium","status":"publish","type":"product","link":"https:\/\/hartizanedesign.com\/fr\/produit\/marco-chaise-salle-a-manger-bois-massif-assise-tapisee-premium\/","title":{"rendered":"Marco (Chaise de salle \u00e0 manger Marco - Bois massif et assise rembourr\u00e9e haut de gamme)"},"content":{"rendered":"","protected":false},"excerpt":{"rendered":"<p><span style=\"font-weight: 400;\">Cette chaise refl\u00e8te une \u00e9l\u00e9gance intemporelle associ\u00e9e \u00e0 une fabrication de haute qualit\u00e9. Son assise capitonn\u00e9e, rev\u00eatue d\u2019un tissu premium \u00e0 la texture douce et r\u00e9sistante, offre une exp\u00e9rience de confort enveloppante et durable.<\/span><\/p>\n<p>Sa mousse HR haute r\u00e9silience, d\u00e9velopp\u00e9e pour pr\u00e9server le confort et la forme au fil du temps, garantit un soutien stable et un bien-\u00eatre continu. Sa structure en bois massif de qualit\u00e9 sup\u00e9rieure assure solidit\u00e9 et pr\u00e9cision artisanale, sublimant la silhouette raffin\u00e9e du design.<\/p>\n<p><span style=\"font-weight: 400;\">Ideal para comedores contempor\u00e1neos o espacios exclusivos, esta pieza destaca por su equilibrio perfecto entre confort, est\u00e9tica y excelencia en los materiales.<\/span><\/p>\n<p><strong>Dimensions:<\/strong><\/p>\n<ul>\n<li><span style=\"font-weight: 400;\">Longueur\u00a0: 85 x 50 x 55<\/span><\/li>\n<\/ul>","protected":false},"featured_media":3919,"template":"","meta":[],"product_brand":[],"product_cat":[234],"product_tag":[],"class_list":{"0":"post-3918","1":"product","2":"type-product","3":"status-publish","4":"has-post-thumbnail","6":"product_cat-sillas","8":"first","9":"instock","10":"sale","11":"taxable","12":"shipping-taxable","13":"purchasable","14":"product-type-variable"},"yoast_head":"<!-- This site is optimized with the Yoast SEO plugin v27.4 - https:\/\/yoast.com\/product\/yoast-seo-wordpress\/ -->\n<title>Marco ( Silla de comedor Marco - Madera maciza y asiento tapizado premium ) - hartizanedesign.com<\/title>\n<meta name=\"robots\" content=\"index, follow, max-snippet:-1, max-image-preview:large, max-video-preview:-1\" \/>\n<link rel=\"canonical\" href=\"https:\/\/hartizanedesign.com\/fr\/produit\/marco-chaise-salle-a-manger-bois-massif-assise-tapisee-premium\/\" \/>\n<meta property=\"og:locale\" content=\"fr_FR\" \/>\n<meta property=\"og:type\" content=\"article\" \/>\n<meta property=\"og:title\" content=\"Marco ( Silla de comedor Marco - Madera maciza y asiento tapizado premium ) - hartizanedesign.com\" \/>\n<meta property=\"og:description\" content=\"Esta silla refleja una elegancia atemporal combinada con una fabricaci\u00f3n de alta calidad. Su asiento acolchado, revestido con un tejido premium de textura suave y resistente, ofrece una experiencia de confort envolvente y duradera.  La espuma HR de alta resiliencia, desarrollada para mantener el confort y la forma con el paso del tiempo, garantiza un soporte estable y un bienestar continuado. Su estructura elaborada en madera maciza de calidad superiorasegura solidez y precisi\u00f3n artesanal, realzando la silueta refinada del dise\u00f1o.  Ideal para comedores contempor\u00e1neos o espacios exclusivos, esta pieza destaca por su equilibrio perfecto entre confort, est\u00e9tica y excelencia en los materiales.  Dimensiones:   longitud\u00a0: 85 x 50 x 55\" \/>\n<meta property=\"og:url\" content=\"https:\/\/hartizanedesign.com\/fr\/produit\/marco-chaise-salle-a-manger-bois-massif-assise-tapisee-premium\/\" \/>\n<meta property=\"og:site_name\" content=\"hartizanedesign.com\" \/>\n<meta property=\"article:modified_time\" content=\"2026-01-19T00:28:15+00:00\" \/>\n<meta property=\"og:image\" content=\"https:\/\/hartizanedesign.com\/wp-content\/uploads\/2026\/01\/Alto.png\" \/>\n\t<meta property=\"og:image:width\" content=\"1300\" \/>\n\t<meta property=\"og:image:height\" content=\"900\" \/>\n\t<meta property=\"og:image:type\" content=\"image\/png\" \/>\n<meta name=\"twitter:card\" content=\"summary_large_image\" \/>\n<meta name=\"twitter:label1\" content=\"Dur\u00e9e de lecture estim\u00e9e\" \/>\n\t<meta name=\"twitter:data1\" content=\"1 minute\" \/>\n<script type=\"application\/ld+json\" class=\"yoast-schema-graph\">{\"@context\":\"https:\\\/\\\/schema.org\",\"@graph\":[{\"@type\":\"WebPage\",\"@id\":\"https:\\\/\\\/hartizanedesign.com\\\/producto\\\/marco-silla-de-comedor-marco-madera-maciza-y-asiento-tapizado-premium\\\/\",\"url\":\"https:\\\/\\\/hartizanedesign.com\\\/producto\\\/marco-silla-de-comedor-marco-madera-maciza-y-asiento-tapizado-premium\\\/\",\"name\":\"Marco ( Silla de comedor Marco - Madera maciza y asiento tapizado premium ) - hartizanedesign.com\",\"isPartOf\":{\"@id\":\"https:\\\/\\\/hartizanedesign.com\\\/#website\"},\"primaryImageOfPage\":{\"@id\":\"https:\\\/\\\/hartizanedesign.com\\\/producto\\\/marco-silla-de-comedor-marco-madera-maciza-y-asiento-tapizado-premium\\\/#primaryimage\"},\"image\":{\"@id\":\"https:\\\/\\\/hartizanedesign.com\\\/producto\\\/marco-silla-de-comedor-marco-madera-maciza-y-asiento-tapizado-premium\\\/#primaryimage\"},\"thumbnailUrl\":\"https:\\\/\\\/hartizanedesign.com\\\/wp-content\\\/uploads\\\/2026\\\/01\\\/Alto.png\",\"datePublished\":\"2026-01-05T11:03:20+00:00\",\"dateModified\":\"2026-01-19T00:28:15+00:00\",\"breadcrumb\":{\"@id\":\"https:\\\/\\\/hartizanedesign.com\\\/producto\\\/marco-silla-de-comedor-marco-madera-maciza-y-asiento-tapizado-premium\\\/#breadcrumb\"},\"inLanguage\":\"fr-FR\",\"potentialAction\":[{\"@type\":\"ReadAction\",\"target\":[\"https:\\\/\\\/hartizanedesign.com\\\/producto\\\/marco-silla-de-comedor-marco-madera-maciza-y-asiento-tapizado-premium\\\/\"]}]},{\"@type\":\"ImageObject\",\"inLanguage\":\"fr-FR\",\"@id\":\"https:\\\/\\\/hartizanedesign.com\\\/producto\\\/marco-silla-de-comedor-marco-madera-maciza-y-asiento-tapizado-premium\\\/#primaryimage\",\"url\":\"https:\\\/\\\/hartizanedesign.com\\\/wp-content\\\/uploads\\\/2026\\\/01\\\/Alto.png\",\"contentUrl\":\"https:\\\/\\\/hartizanedesign.com\\\/wp-content\\\/uploads\\\/2026\\\/01\\\/Alto.png\",\"width\":1300,\"height\":900},{\"@type\":\"BreadcrumbList\",\"@id\":\"https:\\\/\\\/hartizanedesign.com\\\/producto\\\/marco-silla-de-comedor-marco-madera-maciza-y-asiento-tapizado-premium\\\/#breadcrumb\",\"itemListElement\":[{\"@type\":\"ListItem\",\"position\":1,\"name\":\"Home\",\"item\":\"https:\\\/\\\/hartizanedesign.com\\\/\"},{\"@type\":\"ListItem\",\"position\":2,\"name\":\"Tienda\",\"item\":\"https:\\\/\\\/hartizanedesign.com\\\/boutique\\\/\"},{\"@type\":\"ListItem\",\"position\":3,\"name\":\"Marco ( Silla de comedor Marco &#8211; Madera maciza y asiento tapizado premium )\"}]},{\"@type\":\"WebSite\",\"@id\":\"https:\\\/\\\/hartizanedesign.com\\\/#website\",\"url\":\"https:\\\/\\\/hartizanedesign.com\\\/\",\"name\":\"hartizanedesign.com\",\"description\":\"\",\"publisher\":{\"@id\":\"https:\\\/\\\/hartizanedesign.com\\\/#organization\"},\"potentialAction\":[{\"@type\":\"SearchAction\",\"target\":{\"@type\":\"EntryPoint\",\"urlTemplate\":\"https:\\\/\\\/hartizanedesign.com\\\/?s={search_term_string}\"},\"query-input\":{\"@type\":\"PropertyValueSpecification\",\"valueRequired\":true,\"valueName\":\"search_term_string\"}}],\"inLanguage\":\"fr-FR\"},{\"@type\":\"Organization\",\"@id\":\"https:\\\/\\\/hartizanedesign.com\\\/#organization\",\"name\":\"hartizanedesign.com\",\"url\":\"https:\\\/\\\/hartizanedesign.com\\\/\",\"logo\":{\"@type\":\"ImageObject\",\"inLanguage\":\"fr-FR\",\"@id\":\"https:\\\/\\\/hartizanedesign.com\\\/#\\\/schema\\\/logo\\\/image\\\/\",\"url\":\"https:\\\/\\\/hartizanedesign.com\\\/wp-content\\\/uploads\\\/2025\\\/10\\\/Logo-commander2_Hartizane_Noire.svg.svg\",\"contentUrl\":\"https:\\\/\\\/hartizanedesign.com\\\/wp-content\\\/uploads\\\/2025\\\/10\\\/Logo-commander2_Hartizane_Noire.svg.svg\",\"width\":209,\"height\":62,\"caption\":\"hartizanedesign.com\"},\"image\":{\"@id\":\"https:\\\/\\\/hartizanedesign.com\\\/#\\\/schema\\\/logo\\\/image\\\/\"}}]}<\/script>\n<!-- \/ Yoast SEO plugin. -->","yoast_head_json":{"title":"Marco ( Silla de comedor Marco - Madera maciza y asiento tapizado premium ) - hartizanedesign.com","robots":{"index":"index","follow":"follow","max-snippet":"max-snippet:-1","max-image-preview":"max-image-preview:large","max-video-preview":"max-video-preview:-1"},"canonical":"https:\/\/hartizanedesign.com\/fr\/produit\/marco-chaise-salle-a-manger-bois-massif-assise-tapisee-premium\/","og_locale":"fr_FR","og_type":"article","og_title":"Marco ( Silla de comedor Marco - Madera maciza y asiento tapizado premium ) - hartizanedesign.com","og_description":"Esta silla refleja una elegancia atemporal combinada con una fabricaci\u00f3n de alta calidad. Su asiento acolchado, revestido con un tejido premium de textura suave y resistente, ofrece una experiencia de confort envolvente y duradera.  La espuma HR de alta resiliencia, desarrollada para mantener el confort y la forma con el paso del tiempo, garantiza un soporte estable y un bienestar continuado. Su estructura elaborada en madera maciza de calidad superiorasegura solidez y precisi\u00f3n artesanal, realzando la silueta refinada del dise\u00f1o.  Ideal para comedores contempor\u00e1neos o espacios exclusivos, esta pieza destaca por su equilibrio perfecto entre confort, est\u00e9tica y excelencia en los materiales.  Dimensiones:   longitud\u00a0: 85 x 50 x 55","og_url":"https:\/\/hartizanedesign.com\/fr\/produit\/marco-chaise-salle-a-manger-bois-massif-assise-tapisee-premium\/","og_site_name":"hartizanedesign.com","article_modified_time":"2026-01-19T00:28:15+00:00","og_image":[{"width":1300,"height":900,"url":"https:\/\/hartizanedesign.com\/wp-content\/uploads\/2026\/01\/Alto.png","type":"image\/png"}],"twitter_card":"summary_large_image","twitter_misc":{"Dur\u00e9e de lecture estim\u00e9e":"1 minute"},"schema":{"@context":"https:\/\/schema.org","@graph":[{"@type":"WebPage","@id":"https:\/\/hartizanedesign.com\/producto\/marco-silla-de-comedor-marco-madera-maciza-y-asiento-tapizado-premium\/","url":"https:\/\/hartizanedesign.com\/producto\/marco-silla-de-comedor-marco-madera-maciza-y-asiento-tapizado-premium\/","name":"Marco ( Silla de comedor Marco - Madera maciza y asiento tapizado premium ) - hartizanedesign.com","isPartOf":{"@id":"https:\/\/hartizanedesign.com\/#website"},"primaryImageOfPage":{"@id":"https:\/\/hartizanedesign.com\/producto\/marco-silla-de-comedor-marco-madera-maciza-y-asiento-tapizado-premium\/#primaryimage"},"image":{"@id":"https:\/\/hartizanedesign.com\/producto\/marco-silla-de-comedor-marco-madera-maciza-y-asiento-tapizado-premium\/#primaryimage"},"thumbnailUrl":"https:\/\/hartizanedesign.com\/wp-content\/uploads\/2026\/01\/Alto.png","datePublished":"2026-01-05T11:03:20+00:00","dateModified":"2026-01-19T00:28:15+00:00","breadcrumb":{"@id":"https:\/\/hartizanedesign.com\/producto\/marco-silla-de-comedor-marco-madera-maciza-y-asiento-tapizado-premium\/#breadcrumb"},"inLanguage":"fr-FR","potentialAction":[{"@type":"ReadAction","target":["https:\/\/hartizanedesign.com\/producto\/marco-silla-de-comedor-marco-madera-maciza-y-asiento-tapizado-premium\/"]}]},{"@type":"ImageObject","inLanguage":"fr-FR","@id":"https:\/\/hartizanedesign.com\/producto\/marco-silla-de-comedor-marco-madera-maciza-y-asiento-tapizado-premium\/#primaryimage","url":"https:\/\/hartizanedesign.com\/wp-content\/uploads\/2026\/01\/Alto.png","contentUrl":"https:\/\/hartizanedesign.com\/wp-content\/uploads\/2026\/01\/Alto.png","width":1300,"height":900},{"@type":"BreadcrumbList","@id":"https:\/\/hartizanedesign.com\/producto\/marco-silla-de-comedor-marco-madera-maciza-y-asiento-tapizado-premium\/#breadcrumb","itemListElement":[{"@type":"ListItem","position":1,"name":"Home","item":"https:\/\/hartizanedesign.com\/"},{"@type":"ListItem","position":2,"name":"Tienda","item":"https:\/\/hartizanedesign.com\/boutique\/"},{"@type":"ListItem","position":3,"name":"Marco ( Silla de comedor Marco &#8211; Madera maciza y asiento tapizado premium )"}]},{"@type":"WebSite","@id":"https:\/\/hartizanedesign.com\/#website","url":"https:\/\/hartizanedesign.com\/","name":"hartizanedesign.com","description":"","publisher":{"@id":"https:\/\/hartizanedesign.com\/#organization"},"potentialAction":[{"@type":"SearchAction","target":{"@type":"EntryPoint","urlTemplate":"https:\/\/hartizanedesign.com\/?s={search_term_string}"},"query-input":{"@type":"PropertyValueSpecification","valueRequired":true,"valueName":"search_term_string"}}],"inLanguage":"fr-FR"},{"@type":"Organization","@id":"https:\/\/hartizanedesign.com\/#organization","name":"hartizanedesign.com","url":"https:\/\/hartizanedesign.com\/","logo":{"@type":"ImageObject","inLanguage":"fr-FR","@id":"https:\/\/hartizanedesign.com\/#\/schema\/logo\/image\/","url":"https:\/\/hartizanedesign.com\/wp-content\/uploads\/2025\/10\/Logo-commander2_Hartizane_Noire.svg.svg","contentUrl":"https:\/\/hartizanedesign.com\/wp-content\/uploads\/2025\/10\/Logo-commander2_Hartizane_Noire.svg.svg","width":209,"height":62,"caption":"hartizanedesign.com"},"image":{"@id":"https:\/\/hartizanedesign.com\/#\/schema\/logo\/image\/"}}]}},"_links":{"self":[{"href":"https:\/\/hartizanedesign.com\/fr\/wp-json\/wp\/v2\/product\/3918","targetHints":{"allow":["GET"]}}],"collection":[{"href":"https:\/\/hartizanedesign.com\/fr\/wp-json\/wp\/v2\/product"}],"about":[{"href":"https:\/\/hartizanedesign.com\/fr\/wp-json\/wp\/v2\/types\/product"}],"version-history":[{"count":7,"href":"https:\/\/hartizanedesign.com\/fr\/wp-json\/wp\/v2\/product\/3918\/revisions"}],"predecessor-version":[{"id":3947,"href":"https:\/\/hartizanedesign.com\/fr\/wp-json\/wp\/v2\/product\/3918\/revisions\/3947"}],"wp:featuredmedia":[{"embeddable":true,"href":"https:\/\/hartizanedesign.com\/fr\/wp-json\/wp\/v2\/media\/3919"}],"wp:attachment":[{"href":"https:\/\/hartizanedesign.com\/fr\/wp-json\/wp\/v2\/media?parent=3918"}],"wp:term":[{"taxonomy":"product_brand","embeddable":true,"href":"https:\/\/hartizanedesign.com\/fr\/wp-json\/wp\/v2\/product_brand?post=3918"},{"taxonomy":"product_cat","embeddable":true,"href":"https:\/\/hartizanedesign.com\/fr\/wp-json\/wp\/v2\/product_cat?post=3918"},{"taxonomy":"product_tag","embeddable":true,"href":"https:\/\/hartizanedesign.com\/fr\/wp-json\/wp\/v2\/product_tag?post=3918"}],"curies":[{"name":"wp","href":"https:\/\/api.w.org\/{rel}","templated":true}]}}