{"id":3948,"date":"2026-01-13T01:38:05","date_gmt":"2026-01-13T00:38:05","guid":{"rendered":"https:\/\/hartizanedesign.com\/?post_type=product&#038;p=3948"},"modified":"2026-02-16T20:49:19","modified_gmt":"2026-02-16T20:49:19","slug":"lignum-silla-de-comedor-lignum-respaldo-envolvente-y-madera-maciza","status":"publish","type":"product","link":"https:\/\/hartizanedesign.com\/fr\/produit\/lignum-chaise-salle-a-manger-dossier-enveloppant-bois-massif\/","title":{"rendered":"Lignum (Chaise de salle \u00e0 manger Lignum \u2013 dossier enveloppant et bois massif)"},"content":{"rendered":"","protected":false},"excerpt":{"rendered":"<p>Cette chaise se distingue par son dossier enveloppant aux lignes douces, con\u00e7u comme une coque protectrice qui apporte du caract\u00e8re \u00e0 l\u2019ensemble sans alourdir la silhouette. Son rev\u00eatement textile, \u00e0 la texture subtile, sublime la puret\u00e9 de la forme et transmet une sensation de confort et d\u2019\u00e9l\u00e9gance.<\/p>\n<p>\u00c0 l\u2019arri\u00e8re, ses pieds en bois massif l\u00e9g\u00e8rement \u00e9vas\u00e9s apportent stabilit\u00e9 et un contraste chaleureux face au tissu clair. Leur inclinaison d\u00e9licate \u00e9quilibre la structure et renforce le design contemporain de la pi\u00e8ce. Son armature en bois massif haut de gamme, con\u00e7ue pour durer, assure solidit\u00e9 et long\u00e9vit\u00e9. Son assise \u00e9quip\u00e9e de mousse HR garantit un confort durable, tout en pr\u00e9servant la forme et le soutien dans le temps.<\/p>\n<ul>\n<li><span style=\"font-weight: 400;\">Dimensiones: 85 x 55 x 60 <\/span><\/li>\n<\/ul>","protected":false},"featured_media":3949,"template":"","meta":[],"product_brand":[],"product_cat":[234],"product_tag":[],"class_list":{"0":"post-3948","1":"product","2":"type-product","3":"status-publish","4":"has-post-thumbnail","6":"product_cat-sillas","8":"first","9":"instock","10":"sale","11":"taxable","12":"shipping-taxable","13":"purchasable","14":"product-type-variable"},"yoast_head":"<!-- This site is optimized with the Yoast SEO plugin v27.4 - https:\/\/yoast.com\/product\/yoast-seo-wordpress\/ -->\n<title>Lignum ( silla de comedor Lignum - respaldo envolvente y madera maciza) - hartizanedesign.com<\/title>\n<meta name=\"robots\" content=\"index, follow, max-snippet:-1, max-image-preview:large, max-video-preview:-1\" \/>\n<link rel=\"canonical\" href=\"https:\/\/hartizanedesign.com\/fr\/produit\/lignum-chaise-salle-a-manger-dossier-enveloppant-bois-massif\/\" \/>\n<meta property=\"og:locale\" content=\"fr_FR\" \/>\n<meta property=\"og:type\" content=\"article\" \/>\n<meta property=\"og:title\" content=\"Lignum ( silla de comedor Lignum - respaldo envolvente y madera maciza) - hartizanedesign.com\" \/>\n<meta property=\"og:description\" content=\"Esta silla destaca por su respaldo envolvente de l\u00edneas suaves, concebido como una carcasa protectora que aporta car\u00e1cter al conjunto sin perder ligereza visual. El tapizado textil, de textura sutil, realza la pureza de la forma y transmite una sensaci\u00f3n de confort y elegancia.  En la parte posterior, las patas de madera maciza ligeramente abiertas aportan estabilidad y un contraste c\u00e1lido frente al tejido claro. Su inclinaci\u00f3n delicada equilibra la estructura y refuerza el dise\u00f1o contempor\u00e1neo de la pieza. Su armaz\u00f3n en madera maciza de alta gama, pensado para perdurar, asegura solidez y longevidad. El asiento equipado con espuma HR garantiza un confort duradero, manteniendo la forma y el soporte con el paso del tiempo.   Dimensiones: 85 x 55 x 60\" \/>\n<meta property=\"og:url\" content=\"https:\/\/hartizanedesign.com\/fr\/produit\/lignum-chaise-salle-a-manger-dossier-enveloppant-bois-massif\/\" \/>\n<meta property=\"og:site_name\" content=\"hartizanedesign.com\" \/>\n<meta property=\"article:modified_time\" content=\"2026-02-16T20:49:19+00:00\" \/>\n<meta property=\"og:image\" content=\"https:\/\/hartizanedesign.com\/wp-content\/uploads\/2026\/01\/Lignum.png\" \/>\n\t<meta property=\"og:image:width\" content=\"1300\" \/>\n\t<meta property=\"og:image:height\" content=\"900\" \/>\n\t<meta property=\"og:image:type\" content=\"image\/png\" \/>\n<meta name=\"twitter:card\" content=\"summary_large_image\" \/>\n<meta name=\"twitter:label1\" content=\"Dur\u00e9e de lecture estim\u00e9e\" \/>\n\t<meta name=\"twitter:data1\" content=\"1 minute\" \/>\n<script type=\"application\/ld+json\" class=\"yoast-schema-graph\">{\"@context\":\"https:\\\/\\\/schema.org\",\"@graph\":[{\"@type\":\"WebPage\",\"@id\":\"https:\\\/\\\/hartizanedesign.com\\\/producto\\\/lignum-silla-de-comedor-lignum-respaldo-envolvente-y-madera-maciza\\\/\",\"url\":\"https:\\\/\\\/hartizanedesign.com\\\/producto\\\/lignum-silla-de-comedor-lignum-respaldo-envolvente-y-madera-maciza\\\/\",\"name\":\"Lignum ( silla de comedor Lignum - respaldo envolvente y madera maciza) - hartizanedesign.com\",\"isPartOf\":{\"@id\":\"https:\\\/\\\/hartizanedesign.com\\\/#website\"},\"primaryImageOfPage\":{\"@id\":\"https:\\\/\\\/hartizanedesign.com\\\/producto\\\/lignum-silla-de-comedor-lignum-respaldo-envolvente-y-madera-maciza\\\/#primaryimage\"},\"image\":{\"@id\":\"https:\\\/\\\/hartizanedesign.com\\\/producto\\\/lignum-silla-de-comedor-lignum-respaldo-envolvente-y-madera-maciza\\\/#primaryimage\"},\"thumbnailUrl\":\"https:\\\/\\\/hartizanedesign.com\\\/wp-content\\\/uploads\\\/2026\\\/01\\\/Lignum.png\",\"datePublished\":\"2026-01-13T00:38:05+00:00\",\"dateModified\":\"2026-02-16T20:49:19+00:00\",\"breadcrumb\":{\"@id\":\"https:\\\/\\\/hartizanedesign.com\\\/producto\\\/lignum-silla-de-comedor-lignum-respaldo-envolvente-y-madera-maciza\\\/#breadcrumb\"},\"inLanguage\":\"fr-FR\",\"potentialAction\":[{\"@type\":\"ReadAction\",\"target\":[\"https:\\\/\\\/hartizanedesign.com\\\/producto\\\/lignum-silla-de-comedor-lignum-respaldo-envolvente-y-madera-maciza\\\/\"]}]},{\"@type\":\"ImageObject\",\"inLanguage\":\"fr-FR\",\"@id\":\"https:\\\/\\\/hartizanedesign.com\\\/producto\\\/lignum-silla-de-comedor-lignum-respaldo-envolvente-y-madera-maciza\\\/#primaryimage\",\"url\":\"https:\\\/\\\/hartizanedesign.com\\\/wp-content\\\/uploads\\\/2026\\\/01\\\/Lignum.png\",\"contentUrl\":\"https:\\\/\\\/hartizanedesign.com\\\/wp-content\\\/uploads\\\/2026\\\/01\\\/Lignum.png\",\"width\":1300,\"height\":900},{\"@type\":\"BreadcrumbList\",\"@id\":\"https:\\\/\\\/hartizanedesign.com\\\/producto\\\/lignum-silla-de-comedor-lignum-respaldo-envolvente-y-madera-maciza\\\/#breadcrumb\",\"itemListElement\":[{\"@type\":\"ListItem\",\"position\":1,\"name\":\"Home\",\"item\":\"https:\\\/\\\/hartizanedesign.com\\\/\"},{\"@type\":\"ListItem\",\"position\":2,\"name\":\"Tienda\",\"item\":\"https:\\\/\\\/hartizanedesign.com\\\/boutique\\\/\"},{\"@type\":\"ListItem\",\"position\":3,\"name\":\"Lignum ( silla de comedor Lignum &#8211; respaldo envolvente y madera maciza)\"}]},{\"@type\":\"WebSite\",\"@id\":\"https:\\\/\\\/hartizanedesign.com\\\/#website\",\"url\":\"https:\\\/\\\/hartizanedesign.com\\\/\",\"name\":\"hartizanedesign.com\",\"description\":\"\",\"publisher\":{\"@id\":\"https:\\\/\\\/hartizanedesign.com\\\/#organization\"},\"potentialAction\":[{\"@type\":\"SearchAction\",\"target\":{\"@type\":\"EntryPoint\",\"urlTemplate\":\"https:\\\/\\\/hartizanedesign.com\\\/?s={search_term_string}\"},\"query-input\":{\"@type\":\"PropertyValueSpecification\",\"valueRequired\":true,\"valueName\":\"search_term_string\"}}],\"inLanguage\":\"fr-FR\"},{\"@type\":\"Organization\",\"@id\":\"https:\\\/\\\/hartizanedesign.com\\\/#organization\",\"name\":\"hartizanedesign.com\",\"url\":\"https:\\\/\\\/hartizanedesign.com\\\/\",\"logo\":{\"@type\":\"ImageObject\",\"inLanguage\":\"fr-FR\",\"@id\":\"https:\\\/\\\/hartizanedesign.com\\\/#\\\/schema\\\/logo\\\/image\\\/\",\"url\":\"https:\\\/\\\/hartizanedesign.com\\\/wp-content\\\/uploads\\\/2025\\\/10\\\/Logo-commander2_Hartizane_Noire.svg.svg\",\"contentUrl\":\"https:\\\/\\\/hartizanedesign.com\\\/wp-content\\\/uploads\\\/2025\\\/10\\\/Logo-commander2_Hartizane_Noire.svg.svg\",\"width\":209,\"height\":62,\"caption\":\"hartizanedesign.com\"},\"image\":{\"@id\":\"https:\\\/\\\/hartizanedesign.com\\\/#\\\/schema\\\/logo\\\/image\\\/\"}}]}<\/script>\n<!-- \/ Yoast SEO plugin. -->","yoast_head_json":{"title":"Lignum ( silla de comedor Lignum - respaldo envolvente y madera maciza) - hartizanedesign.com","robots":{"index":"index","follow":"follow","max-snippet":"max-snippet:-1","max-image-preview":"max-image-preview:large","max-video-preview":"max-video-preview:-1"},"canonical":"https:\/\/hartizanedesign.com\/fr\/produit\/lignum-chaise-salle-a-manger-dossier-enveloppant-bois-massif\/","og_locale":"fr_FR","og_type":"article","og_title":"Lignum ( silla de comedor Lignum - respaldo envolvente y madera maciza) - hartizanedesign.com","og_description":"Esta silla destaca por su respaldo envolvente de l\u00edneas suaves, concebido como una carcasa protectora que aporta car\u00e1cter al conjunto sin perder ligereza visual. El tapizado textil, de textura sutil, realza la pureza de la forma y transmite una sensaci\u00f3n de confort y elegancia.  En la parte posterior, las patas de madera maciza ligeramente abiertas aportan estabilidad y un contraste c\u00e1lido frente al tejido claro. Su inclinaci\u00f3n delicada equilibra la estructura y refuerza el dise\u00f1o contempor\u00e1neo de la pieza. Su armaz\u00f3n en madera maciza de alta gama, pensado para perdurar, asegura solidez y longevidad. El asiento equipado con espuma HR garantiza un confort duradero, manteniendo la forma y el soporte con el paso del tiempo.   Dimensiones: 85 x 55 x 60","og_url":"https:\/\/hartizanedesign.com\/fr\/produit\/lignum-chaise-salle-a-manger-dossier-enveloppant-bois-massif\/","og_site_name":"hartizanedesign.com","article_modified_time":"2026-02-16T20:49:19+00:00","og_image":[{"width":1300,"height":900,"url":"https:\/\/hartizanedesign.com\/wp-content\/uploads\/2026\/01\/Lignum.png","type":"image\/png"}],"twitter_card":"summary_large_image","twitter_misc":{"Dur\u00e9e de lecture estim\u00e9e":"1 minute"},"schema":{"@context":"https:\/\/schema.org","@graph":[{"@type":"WebPage","@id":"https:\/\/hartizanedesign.com\/producto\/lignum-silla-de-comedor-lignum-respaldo-envolvente-y-madera-maciza\/","url":"https:\/\/hartizanedesign.com\/producto\/lignum-silla-de-comedor-lignum-respaldo-envolvente-y-madera-maciza\/","name":"Lignum ( silla de comedor Lignum - respaldo envolvente y madera maciza) - hartizanedesign.com","isPartOf":{"@id":"https:\/\/hartizanedesign.com\/#website"},"primaryImageOfPage":{"@id":"https:\/\/hartizanedesign.com\/producto\/lignum-silla-de-comedor-lignum-respaldo-envolvente-y-madera-maciza\/#primaryimage"},"image":{"@id":"https:\/\/hartizanedesign.com\/producto\/lignum-silla-de-comedor-lignum-respaldo-envolvente-y-madera-maciza\/#primaryimage"},"thumbnailUrl":"https:\/\/hartizanedesign.com\/wp-content\/uploads\/2026\/01\/Lignum.png","datePublished":"2026-01-13T00:38:05+00:00","dateModified":"2026-02-16T20:49:19+00:00","breadcrumb":{"@id":"https:\/\/hartizanedesign.com\/producto\/lignum-silla-de-comedor-lignum-respaldo-envolvente-y-madera-maciza\/#breadcrumb"},"inLanguage":"fr-FR","potentialAction":[{"@type":"ReadAction","target":["https:\/\/hartizanedesign.com\/producto\/lignum-silla-de-comedor-lignum-respaldo-envolvente-y-madera-maciza\/"]}]},{"@type":"ImageObject","inLanguage":"fr-FR","@id":"https:\/\/hartizanedesign.com\/producto\/lignum-silla-de-comedor-lignum-respaldo-envolvente-y-madera-maciza\/#primaryimage","url":"https:\/\/hartizanedesign.com\/wp-content\/uploads\/2026\/01\/Lignum.png","contentUrl":"https:\/\/hartizanedesign.com\/wp-content\/uploads\/2026\/01\/Lignum.png","width":1300,"height":900},{"@type":"BreadcrumbList","@id":"https:\/\/hartizanedesign.com\/producto\/lignum-silla-de-comedor-lignum-respaldo-envolvente-y-madera-maciza\/#breadcrumb","itemListElement":[{"@type":"ListItem","position":1,"name":"Home","item":"https:\/\/hartizanedesign.com\/"},{"@type":"ListItem","position":2,"name":"Tienda","item":"https:\/\/hartizanedesign.com\/boutique\/"},{"@type":"ListItem","position":3,"name":"Lignum ( silla de comedor Lignum &#8211; respaldo envolvente y madera maciza)"}]},{"@type":"WebSite","@id":"https:\/\/hartizanedesign.com\/#website","url":"https:\/\/hartizanedesign.com\/","name":"hartizanedesign.com","description":"","publisher":{"@id":"https:\/\/hartizanedesign.com\/#organization"},"potentialAction":[{"@type":"SearchAction","target":{"@type":"EntryPoint","urlTemplate":"https:\/\/hartizanedesign.com\/?s={search_term_string}"},"query-input":{"@type":"PropertyValueSpecification","valueRequired":true,"valueName":"search_term_string"}}],"inLanguage":"fr-FR"},{"@type":"Organization","@id":"https:\/\/hartizanedesign.com\/#organization","name":"hartizanedesign.com","url":"https:\/\/hartizanedesign.com\/","logo":{"@type":"ImageObject","inLanguage":"fr-FR","@id":"https:\/\/hartizanedesign.com\/#\/schema\/logo\/image\/","url":"https:\/\/hartizanedesign.com\/wp-content\/uploads\/2025\/10\/Logo-commander2_Hartizane_Noire.svg.svg","contentUrl":"https:\/\/hartizanedesign.com\/wp-content\/uploads\/2025\/10\/Logo-commander2_Hartizane_Noire.svg.svg","width":209,"height":62,"caption":"hartizanedesign.com"},"image":{"@id":"https:\/\/hartizanedesign.com\/#\/schema\/logo\/image\/"}}]}},"_links":{"self":[{"href":"https:\/\/hartizanedesign.com\/fr\/wp-json\/wp\/v2\/product\/3948","targetHints":{"allow":["GET"]}}],"collection":[{"href":"https:\/\/hartizanedesign.com\/fr\/wp-json\/wp\/v2\/product"}],"about":[{"href":"https:\/\/hartizanedesign.com\/fr\/wp-json\/wp\/v2\/types\/product"}],"version-history":[{"count":3,"href":"https:\/\/hartizanedesign.com\/fr\/wp-json\/wp\/v2\/product\/3948\/revisions"}],"predecessor-version":[{"id":4714,"href":"https:\/\/hartizanedesign.com\/fr\/wp-json\/wp\/v2\/product\/3948\/revisions\/4714"}],"wp:featuredmedia":[{"embeddable":true,"href":"https:\/\/hartizanedesign.com\/fr\/wp-json\/wp\/v2\/media\/3949"}],"wp:attachment":[{"href":"https:\/\/hartizanedesign.com\/fr\/wp-json\/wp\/v2\/media?parent=3948"}],"wp:term":[{"taxonomy":"product_brand","embeddable":true,"href":"https:\/\/hartizanedesign.com\/fr\/wp-json\/wp\/v2\/product_brand?post=3948"},{"taxonomy":"product_cat","embeddable":true,"href":"https:\/\/hartizanedesign.com\/fr\/wp-json\/wp\/v2\/product_cat?post=3948"},{"taxonomy":"product_tag","embeddable":true,"href":"https:\/\/hartizanedesign.com\/fr\/wp-json\/wp\/v2\/product_tag?post=3948"}],"curies":[{"name":"wp","href":"https:\/\/api.w.org\/{rel}","templated":true}]}}