{"id":3954,"date":"2026-01-13T01:55:51","date_gmt":"2026-01-13T00:55:51","guid":{"rendered":"https:\/\/hartizanedesign.com\/?post_type=product&#038;p=3954"},"modified":"2026-02-16T20:48:55","modified_gmt":"2026-02-16T20:48:55","slug":"nova-silla-de-comedor-nova-respaldo-envolvente-tapizado","status":"publish","type":"product","link":"https:\/\/hartizanedesign.com\/fr\/produit\/nova-chaise-salle-a-manger-dossier-enveloppant-tapisee\/","title":{"rendered":"Nova (Chaise de salle \u00e0 manger Nova - dossier enveloppant rembourr\u00e9)"},"content":{"rendered":"","protected":false},"excerpt":{"rendered":"<p>Cette chaise s\u00e9duit par son design \u00e9quilibr\u00e9 et ses lignes douces. Son dossier enveloppant offre un excellent soutien, tandis que son assise en tissu premium, g\u00e9n\u00e9reusement rembourr\u00e9e, garantit un confort durable. Sa structure noble en bois massif, dot\u00e9e de finitions premium, apporte une touche chaleureuse et authentique, id\u00e9ale pour une salle \u00e0 manger \u00e9l\u00e9gante et contemporaine. Sa mousse HR haute performance, con\u00e7ue pour offrir un confort constant et une r\u00e9cup\u00e9ration rapide, assure une exp\u00e9rience d\u2019usage confortable et r\u00e9sistante dans le temps.<\/p>\n<ul>\n<li><span style=\"font-weight: 400;\">Dimensiones : 80 x 55 x 55\u00a0<\/span><\/li>\n<\/ul>","protected":false},"featured_media":3957,"template":"","meta":[],"product_brand":[],"product_cat":[234],"product_tag":[],"class_list":{"0":"post-3954","1":"product","2":"type-product","3":"status-publish","4":"has-post-thumbnail","6":"product_cat-sillas","8":"first","9":"instock","10":"sale","11":"taxable","12":"shipping-taxable","13":"purchasable","14":"product-type-simple"},"yoast_head":"<!-- This site is optimized with the Yoast SEO plugin v27.4 - https:\/\/yoast.com\/product\/yoast-seo-wordpress\/ -->\n<title>Nova ( silla de comedor Nova- respaldo envolvente tapizado) - hartizanedesign.com<\/title>\n<meta name=\"robots\" content=\"index, follow, max-snippet:-1, max-image-preview:large, max-video-preview:-1\" \/>\n<link rel=\"canonical\" href=\"https:\/\/hartizanedesign.com\/fr\/produit\/nova-chaise-salle-a-manger-dossier-enveloppant-tapisee\/\" \/>\n<meta property=\"og:locale\" content=\"fr_FR\" \/>\n<meta property=\"og:type\" content=\"article\" \/>\n<meta property=\"og:title\" content=\"Nova ( silla de comedor Nova- respaldo envolvente tapizado) - hartizanedesign.com\" \/>\n<meta property=\"og:description\" content=\"Esta silla impresiona por su dise\u00f1o equilibrado y l\u00edneas suaves. Su respaldo envolvente ofrece un soporte excelente, mientras que el asiento de tela premium con un generoso acolchado garantiza una comodidad duradera. Su estructura noble en madera maciza con acabados premium aporta un toque c\u00e1lido y aut\u00e9ntico, ideal para un comedor elegante y contempor\u00e1neo. La espuma HR de alto rendimiento, concebida para ofrecer un confort constante y una recuperaci\u00f3n r\u00e1pida, asegura una experiencia de uso confortable y resistente en el tiempo.   Dimensiones : 80 x 55 x 55\u00a0\" \/>\n<meta property=\"og:url\" content=\"https:\/\/hartizanedesign.com\/fr\/produit\/nova-chaise-salle-a-manger-dossier-enveloppant-tapisee\/\" \/>\n<meta property=\"og:site_name\" content=\"hartizanedesign.com\" \/>\n<meta property=\"article:modified_time\" content=\"2026-02-16T20:48:55+00:00\" \/>\n<meta property=\"og:image\" content=\"https:\/\/hartizanedesign.com\/wp-content\/uploads\/2026\/01\/Pilar3.png\" \/>\n\t<meta property=\"og:image:width\" content=\"1300\" \/>\n\t<meta property=\"og:image:height\" content=\"900\" \/>\n\t<meta property=\"og:image:type\" content=\"image\/png\" \/>\n<meta name=\"twitter:card\" content=\"summary_large_image\" \/>\n<meta name=\"twitter:label1\" content=\"Dur\u00e9e de lecture estim\u00e9e\" \/>\n\t<meta name=\"twitter:data1\" content=\"1 minute\" \/>\n<script type=\"application\/ld+json\" class=\"yoast-schema-graph\">{\"@context\":\"https:\\\/\\\/schema.org\",\"@graph\":[{\"@type\":\"WebPage\",\"@id\":\"https:\\\/\\\/hartizanedesign.com\\\/producto\\\/nova-silla-de-comedor-nova-respaldo-envolvente-tapizado\\\/\",\"url\":\"https:\\\/\\\/hartizanedesign.com\\\/producto\\\/nova-silla-de-comedor-nova-respaldo-envolvente-tapizado\\\/\",\"name\":\"Nova ( silla de comedor Nova- respaldo envolvente tapizado) - hartizanedesign.com\",\"isPartOf\":{\"@id\":\"https:\\\/\\\/hartizanedesign.com\\\/#website\"},\"primaryImageOfPage\":{\"@id\":\"https:\\\/\\\/hartizanedesign.com\\\/producto\\\/nova-silla-de-comedor-nova-respaldo-envolvente-tapizado\\\/#primaryimage\"},\"image\":{\"@id\":\"https:\\\/\\\/hartizanedesign.com\\\/producto\\\/nova-silla-de-comedor-nova-respaldo-envolvente-tapizado\\\/#primaryimage\"},\"thumbnailUrl\":\"https:\\\/\\\/hartizanedesign.com\\\/wp-content\\\/uploads\\\/2026\\\/01\\\/Pilar3.png\",\"datePublished\":\"2026-01-13T00:55:51+00:00\",\"dateModified\":\"2026-02-16T20:48:55+00:00\",\"breadcrumb\":{\"@id\":\"https:\\\/\\\/hartizanedesign.com\\\/producto\\\/nova-silla-de-comedor-nova-respaldo-envolvente-tapizado\\\/#breadcrumb\"},\"inLanguage\":\"fr-FR\",\"potentialAction\":[{\"@type\":\"ReadAction\",\"target\":[\"https:\\\/\\\/hartizanedesign.com\\\/producto\\\/nova-silla-de-comedor-nova-respaldo-envolvente-tapizado\\\/\"]}]},{\"@type\":\"ImageObject\",\"inLanguage\":\"fr-FR\",\"@id\":\"https:\\\/\\\/hartizanedesign.com\\\/producto\\\/nova-silla-de-comedor-nova-respaldo-envolvente-tapizado\\\/#primaryimage\",\"url\":\"https:\\\/\\\/hartizanedesign.com\\\/wp-content\\\/uploads\\\/2026\\\/01\\\/Pilar3.png\",\"contentUrl\":\"https:\\\/\\\/hartizanedesign.com\\\/wp-content\\\/uploads\\\/2026\\\/01\\\/Pilar3.png\",\"width\":1300,\"height\":900},{\"@type\":\"BreadcrumbList\",\"@id\":\"https:\\\/\\\/hartizanedesign.com\\\/producto\\\/nova-silla-de-comedor-nova-respaldo-envolvente-tapizado\\\/#breadcrumb\",\"itemListElement\":[{\"@type\":\"ListItem\",\"position\":1,\"name\":\"Home\",\"item\":\"https:\\\/\\\/hartizanedesign.com\\\/\"},{\"@type\":\"ListItem\",\"position\":2,\"name\":\"Tienda\",\"item\":\"https:\\\/\\\/hartizanedesign.com\\\/boutique\\\/\"},{\"@type\":\"ListItem\",\"position\":3,\"name\":\"Nova ( silla de comedor Nova- respaldo envolvente tapizado)\"}]},{\"@type\":\"WebSite\",\"@id\":\"https:\\\/\\\/hartizanedesign.com\\\/#website\",\"url\":\"https:\\\/\\\/hartizanedesign.com\\\/\",\"name\":\"hartizanedesign.com\",\"description\":\"\",\"publisher\":{\"@id\":\"https:\\\/\\\/hartizanedesign.com\\\/#organization\"},\"potentialAction\":[{\"@type\":\"SearchAction\",\"target\":{\"@type\":\"EntryPoint\",\"urlTemplate\":\"https:\\\/\\\/hartizanedesign.com\\\/?s={search_term_string}\"},\"query-input\":{\"@type\":\"PropertyValueSpecification\",\"valueRequired\":true,\"valueName\":\"search_term_string\"}}],\"inLanguage\":\"fr-FR\"},{\"@type\":\"Organization\",\"@id\":\"https:\\\/\\\/hartizanedesign.com\\\/#organization\",\"name\":\"hartizanedesign.com\",\"url\":\"https:\\\/\\\/hartizanedesign.com\\\/\",\"logo\":{\"@type\":\"ImageObject\",\"inLanguage\":\"fr-FR\",\"@id\":\"https:\\\/\\\/hartizanedesign.com\\\/#\\\/schema\\\/logo\\\/image\\\/\",\"url\":\"https:\\\/\\\/hartizanedesign.com\\\/wp-content\\\/uploads\\\/2025\\\/10\\\/Logo-commander2_Hartizane_Noire.svg.svg\",\"contentUrl\":\"https:\\\/\\\/hartizanedesign.com\\\/wp-content\\\/uploads\\\/2025\\\/10\\\/Logo-commander2_Hartizane_Noire.svg.svg\",\"width\":209,\"height\":62,\"caption\":\"hartizanedesign.com\"},\"image\":{\"@id\":\"https:\\\/\\\/hartizanedesign.com\\\/#\\\/schema\\\/logo\\\/image\\\/\"}}]}<\/script>\n<!-- \/ Yoast SEO plugin. -->","yoast_head_json":{"title":"Nova ( silla de comedor Nova- respaldo envolvente tapizado) - hartizanedesign.com","robots":{"index":"index","follow":"follow","max-snippet":"max-snippet:-1","max-image-preview":"max-image-preview:large","max-video-preview":"max-video-preview:-1"},"canonical":"https:\/\/hartizanedesign.com\/fr\/produit\/nova-chaise-salle-a-manger-dossier-enveloppant-tapisee\/","og_locale":"fr_FR","og_type":"article","og_title":"Nova ( silla de comedor Nova- respaldo envolvente tapizado) - hartizanedesign.com","og_description":"Esta silla impresiona por su dise\u00f1o equilibrado y l\u00edneas suaves. Su respaldo envolvente ofrece un soporte excelente, mientras que el asiento de tela premium con un generoso acolchado garantiza una comodidad duradera. Su estructura noble en madera maciza con acabados premium aporta un toque c\u00e1lido y aut\u00e9ntico, ideal para un comedor elegante y contempor\u00e1neo. La espuma HR de alto rendimiento, concebida para ofrecer un confort constante y una recuperaci\u00f3n r\u00e1pida, asegura una experiencia de uso confortable y resistente en el tiempo.   Dimensiones : 80 x 55 x 55\u00a0","og_url":"https:\/\/hartizanedesign.com\/fr\/produit\/nova-chaise-salle-a-manger-dossier-enveloppant-tapisee\/","og_site_name":"hartizanedesign.com","article_modified_time":"2026-02-16T20:48:55+00:00","og_image":[{"width":1300,"height":900,"url":"https:\/\/hartizanedesign.com\/wp-content\/uploads\/2026\/01\/Pilar3.png","type":"image\/png"}],"twitter_card":"summary_large_image","twitter_misc":{"Dur\u00e9e de lecture estim\u00e9e":"1 minute"},"schema":{"@context":"https:\/\/schema.org","@graph":[{"@type":"WebPage","@id":"https:\/\/hartizanedesign.com\/producto\/nova-silla-de-comedor-nova-respaldo-envolvente-tapizado\/","url":"https:\/\/hartizanedesign.com\/producto\/nova-silla-de-comedor-nova-respaldo-envolvente-tapizado\/","name":"Nova ( silla de comedor Nova- respaldo envolvente tapizado) - hartizanedesign.com","isPartOf":{"@id":"https:\/\/hartizanedesign.com\/#website"},"primaryImageOfPage":{"@id":"https:\/\/hartizanedesign.com\/producto\/nova-silla-de-comedor-nova-respaldo-envolvente-tapizado\/#primaryimage"},"image":{"@id":"https:\/\/hartizanedesign.com\/producto\/nova-silla-de-comedor-nova-respaldo-envolvente-tapizado\/#primaryimage"},"thumbnailUrl":"https:\/\/hartizanedesign.com\/wp-content\/uploads\/2026\/01\/Pilar3.png","datePublished":"2026-01-13T00:55:51+00:00","dateModified":"2026-02-16T20:48:55+00:00","breadcrumb":{"@id":"https:\/\/hartizanedesign.com\/producto\/nova-silla-de-comedor-nova-respaldo-envolvente-tapizado\/#breadcrumb"},"inLanguage":"fr-FR","potentialAction":[{"@type":"ReadAction","target":["https:\/\/hartizanedesign.com\/producto\/nova-silla-de-comedor-nova-respaldo-envolvente-tapizado\/"]}]},{"@type":"ImageObject","inLanguage":"fr-FR","@id":"https:\/\/hartizanedesign.com\/producto\/nova-silla-de-comedor-nova-respaldo-envolvente-tapizado\/#primaryimage","url":"https:\/\/hartizanedesign.com\/wp-content\/uploads\/2026\/01\/Pilar3.png","contentUrl":"https:\/\/hartizanedesign.com\/wp-content\/uploads\/2026\/01\/Pilar3.png","width":1300,"height":900},{"@type":"BreadcrumbList","@id":"https:\/\/hartizanedesign.com\/producto\/nova-silla-de-comedor-nova-respaldo-envolvente-tapizado\/#breadcrumb","itemListElement":[{"@type":"ListItem","position":1,"name":"Home","item":"https:\/\/hartizanedesign.com\/"},{"@type":"ListItem","position":2,"name":"Tienda","item":"https:\/\/hartizanedesign.com\/boutique\/"},{"@type":"ListItem","position":3,"name":"Nova ( silla de comedor Nova- respaldo envolvente tapizado)"}]},{"@type":"WebSite","@id":"https:\/\/hartizanedesign.com\/#website","url":"https:\/\/hartizanedesign.com\/","name":"hartizanedesign.com","description":"","publisher":{"@id":"https:\/\/hartizanedesign.com\/#organization"},"potentialAction":[{"@type":"SearchAction","target":{"@type":"EntryPoint","urlTemplate":"https:\/\/hartizanedesign.com\/?s={search_term_string}"},"query-input":{"@type":"PropertyValueSpecification","valueRequired":true,"valueName":"search_term_string"}}],"inLanguage":"fr-FR"},{"@type":"Organization","@id":"https:\/\/hartizanedesign.com\/#organization","name":"hartizanedesign.com","url":"https:\/\/hartizanedesign.com\/","logo":{"@type":"ImageObject","inLanguage":"fr-FR","@id":"https:\/\/hartizanedesign.com\/#\/schema\/logo\/image\/","url":"https:\/\/hartizanedesign.com\/wp-content\/uploads\/2025\/10\/Logo-commander2_Hartizane_Noire.svg.svg","contentUrl":"https:\/\/hartizanedesign.com\/wp-content\/uploads\/2025\/10\/Logo-commander2_Hartizane_Noire.svg.svg","width":209,"height":62,"caption":"hartizanedesign.com"},"image":{"@id":"https:\/\/hartizanedesign.com\/#\/schema\/logo\/image\/"}}]}},"_links":{"self":[{"href":"https:\/\/hartizanedesign.com\/fr\/wp-json\/wp\/v2\/product\/3954","targetHints":{"allow":["GET"]}}],"collection":[{"href":"https:\/\/hartizanedesign.com\/fr\/wp-json\/wp\/v2\/product"}],"about":[{"href":"https:\/\/hartizanedesign.com\/fr\/wp-json\/wp\/v2\/types\/product"}],"version-history":[{"count":2,"href":"https:\/\/hartizanedesign.com\/fr\/wp-json\/wp\/v2\/product\/3954\/revisions"}],"predecessor-version":[{"id":4713,"href":"https:\/\/hartizanedesign.com\/fr\/wp-json\/wp\/v2\/product\/3954\/revisions\/4713"}],"wp:featuredmedia":[{"embeddable":true,"href":"https:\/\/hartizanedesign.com\/fr\/wp-json\/wp\/v2\/media\/3957"}],"wp:attachment":[{"href":"https:\/\/hartizanedesign.com\/fr\/wp-json\/wp\/v2\/media?parent=3954"}],"wp:term":[{"taxonomy":"product_brand","embeddable":true,"href":"https:\/\/hartizanedesign.com\/fr\/wp-json\/wp\/v2\/product_brand?post=3954"},{"taxonomy":"product_cat","embeddable":true,"href":"https:\/\/hartizanedesign.com\/fr\/wp-json\/wp\/v2\/product_cat?post=3954"},{"taxonomy":"product_tag","embeddable":true,"href":"https:\/\/hartizanedesign.com\/fr\/wp-json\/wp\/v2\/product_tag?post=3954"}],"curies":[{"name":"wp","href":"https:\/\/api.w.org\/{rel}","templated":true}]}}