{"id":3960,"date":"2026-01-13T19:13:50","date_gmt":"2026-01-13T18:13:50","guid":{"rendered":"https:\/\/hartizanedesign.com\/?post_type=product&#038;p=3960"},"modified":"2026-02-16T20:48:30","modified_gmt":"2026-02-16T20:48:30","slug":"axis-silla-de-comedor-madera-maciza-y-tapizado-textil","status":"publish","type":"product","link":"https:\/\/hartizanedesign.com\/fr\/produit\/axis-chaise-salle-a-manger-bois-massif-tapissage-textile\/","title":{"rendered":"Axis (chaise de salle \u00e0 manger \u2013 bois massif et rev\u00eatement en tissu)"},"content":{"rendered":"","protected":false},"excerpt":{"rendered":"<p>Cette chaise de salle \u00e0 manger exprime une \u00e9l\u00e9gance contemporaine marqu\u00e9e par la douceur de ses formes. Son dossier enveloppant, aux lignes organiques et \u00e9quilibr\u00e9es, offre un soutien confortable et naturel. Son assise g\u00e9n\u00e9reusement rembourr\u00e9e est rev\u00eatue d\u2019un tissu clair \u00e0 la texture d\u00e9licate, apportant chaleur et convivialit\u00e9.<\/p>\n<p>Sa mousse technique HR, con\u00e7ue pour garantir un confort durable et une stabilit\u00e9 impeccable, assure une exp\u00e9rience confortable m\u00eame en usage prolong\u00e9. Sa structure solide en bois massif de cat\u00e9gorie premium garantit solidit\u00e9 et long\u00e9vit\u00e9, tout en conf\u00e9rant \u00e0 l\u2019ensemble un caract\u00e8re intemporel.<\/p>\n<p>La combinaison du bois et du tissu cr\u00e9e un contraste harmonieux, id\u00e9al pour sublimer des salles \u00e0 manger modernes, \u00e9l\u00e9gantes ou d\u2019inspiration naturelle.<\/p>\n<ul>\n<li style=\"font-weight: 400;\" aria-level=\"1\"><span style=\"font-weight: 400;\">Dimensions: <\/span><span style=\"font-weight: 400;\">70 x 50 x 50 <\/span><\/li>\n<\/ul>","protected":false},"featured_media":3961,"template":"","meta":[],"product_brand":[],"product_cat":[234],"product_tag":[],"class_list":{"0":"post-3960","1":"product","2":"type-product","3":"status-publish","4":"has-post-thumbnail","6":"product_cat-sillas","8":"first","9":"instock","10":"sale","11":"taxable","12":"shipping-taxable","13":"purchasable","14":"product-type-variable"},"yoast_head":"<!-- This site is optimized with the Yoast SEO plugin v27.4 - https:\/\/yoast.com\/product\/yoast-seo-wordpress\/ -->\n<title>Axis ( silla de comedor - madera maciza y tapizado textil) - hartizanedesign.com<\/title>\n<meta name=\"robots\" content=\"index, follow, max-snippet:-1, max-image-preview:large, max-video-preview:-1\" \/>\n<link rel=\"canonical\" href=\"https:\/\/hartizanedesign.com\/fr\/produit\/axis-chaise-salle-a-manger-bois-massif-tapissage-textile\/\" \/>\n<meta property=\"og:locale\" content=\"fr_FR\" \/>\n<meta property=\"og:type\" content=\"article\" \/>\n<meta property=\"og:title\" content=\"Axis ( silla de comedor - madera maciza y tapizado textil) - hartizanedesign.com\" \/>\n<meta property=\"og:description\" content=\"Esta silla de comedor refleja una elegancia contempor\u00e1nea marcada por la suavidad de sus formas. Su respaldo envolvente, de l\u00edneas org\u00e1nicas y equilibradas, proporciona un apoyo c\u00f3modo y natural. El asiento, generosamente acolchado, est\u00e1 tapizado con un tejido claro de textura delicada que aporta calidez y una sensaci\u00f3n acogedora.  La espuma t\u00e9cnica HR, creada para garantizar una comodidad perdurable y una estabilidad impecable, asegura una experiencia confortable incluso con el uso prolongado. Su estructura s\u00f3lida en madera maciza de categor\u00eda premium garantiza solidez y durabilidad, aportando al mismo tiempo un car\u00e1cter atemporal al conjunto.  La combinaci\u00f3n entre la madera y el tapizado crea un contraste armonioso, ideal para realzar comedores modernos, elegantes o de inspiraci\u00f3n natural.   Dimensiones: 70 x 50 x 50\" \/>\n<meta property=\"og:url\" content=\"https:\/\/hartizanedesign.com\/fr\/produit\/axis-chaise-salle-a-manger-bois-massif-tapissage-textile\/\" \/>\n<meta property=\"og:site_name\" content=\"hartizanedesign.com\" \/>\n<meta property=\"article:modified_time\" content=\"2026-02-16T20:48:30+00:00\" \/>\n<meta property=\"og:image\" content=\"https:\/\/hartizanedesign.com\/wp-content\/uploads\/2026\/01\/Axis.png\" \/>\n\t<meta property=\"og:image:width\" content=\"1300\" \/>\n\t<meta property=\"og:image:height\" content=\"900\" \/>\n\t<meta property=\"og:image:type\" content=\"image\/png\" \/>\n<meta name=\"twitter:card\" content=\"summary_large_image\" \/>\n<meta name=\"twitter:label1\" content=\"Dur\u00e9e de lecture estim\u00e9e\" \/>\n\t<meta name=\"twitter:data1\" content=\"1 minute\" \/>\n<script type=\"application\/ld+json\" class=\"yoast-schema-graph\">{\"@context\":\"https:\\\/\\\/schema.org\",\"@graph\":[{\"@type\":\"WebPage\",\"@id\":\"https:\\\/\\\/hartizanedesign.com\\\/producto\\\/axis-silla-de-comedor-madera-maciza-y-tapizado-textil\\\/\",\"url\":\"https:\\\/\\\/hartizanedesign.com\\\/producto\\\/axis-silla-de-comedor-madera-maciza-y-tapizado-textil\\\/\",\"name\":\"Axis ( silla de comedor - madera maciza y tapizado textil) - hartizanedesign.com\",\"isPartOf\":{\"@id\":\"https:\\\/\\\/hartizanedesign.com\\\/#website\"},\"primaryImageOfPage\":{\"@id\":\"https:\\\/\\\/hartizanedesign.com\\\/producto\\\/axis-silla-de-comedor-madera-maciza-y-tapizado-textil\\\/#primaryimage\"},\"image\":{\"@id\":\"https:\\\/\\\/hartizanedesign.com\\\/producto\\\/axis-silla-de-comedor-madera-maciza-y-tapizado-textil\\\/#primaryimage\"},\"thumbnailUrl\":\"https:\\\/\\\/hartizanedesign.com\\\/wp-content\\\/uploads\\\/2026\\\/01\\\/Axis.png\",\"datePublished\":\"2026-01-13T18:13:50+00:00\",\"dateModified\":\"2026-02-16T20:48:30+00:00\",\"breadcrumb\":{\"@id\":\"https:\\\/\\\/hartizanedesign.com\\\/producto\\\/axis-silla-de-comedor-madera-maciza-y-tapizado-textil\\\/#breadcrumb\"},\"inLanguage\":\"fr-FR\",\"potentialAction\":[{\"@type\":\"ReadAction\",\"target\":[\"https:\\\/\\\/hartizanedesign.com\\\/producto\\\/axis-silla-de-comedor-madera-maciza-y-tapizado-textil\\\/\"]}]},{\"@type\":\"ImageObject\",\"inLanguage\":\"fr-FR\",\"@id\":\"https:\\\/\\\/hartizanedesign.com\\\/producto\\\/axis-silla-de-comedor-madera-maciza-y-tapizado-textil\\\/#primaryimage\",\"url\":\"https:\\\/\\\/hartizanedesign.com\\\/wp-content\\\/uploads\\\/2026\\\/01\\\/Axis.png\",\"contentUrl\":\"https:\\\/\\\/hartizanedesign.com\\\/wp-content\\\/uploads\\\/2026\\\/01\\\/Axis.png\",\"width\":1300,\"height\":900},{\"@type\":\"BreadcrumbList\",\"@id\":\"https:\\\/\\\/hartizanedesign.com\\\/producto\\\/axis-silla-de-comedor-madera-maciza-y-tapizado-textil\\\/#breadcrumb\",\"itemListElement\":[{\"@type\":\"ListItem\",\"position\":1,\"name\":\"Home\",\"item\":\"https:\\\/\\\/hartizanedesign.com\\\/\"},{\"@type\":\"ListItem\",\"position\":2,\"name\":\"Tienda\",\"item\":\"https:\\\/\\\/hartizanedesign.com\\\/boutique\\\/\"},{\"@type\":\"ListItem\",\"position\":3,\"name\":\"Axis ( silla de comedor &#8211; madera maciza y tapizado textil)\"}]},{\"@type\":\"WebSite\",\"@id\":\"https:\\\/\\\/hartizanedesign.com\\\/#website\",\"url\":\"https:\\\/\\\/hartizanedesign.com\\\/\",\"name\":\"hartizanedesign.com\",\"description\":\"\",\"publisher\":{\"@id\":\"https:\\\/\\\/hartizanedesign.com\\\/#organization\"},\"potentialAction\":[{\"@type\":\"SearchAction\",\"target\":{\"@type\":\"EntryPoint\",\"urlTemplate\":\"https:\\\/\\\/hartizanedesign.com\\\/?s={search_term_string}\"},\"query-input\":{\"@type\":\"PropertyValueSpecification\",\"valueRequired\":true,\"valueName\":\"search_term_string\"}}],\"inLanguage\":\"fr-FR\"},{\"@type\":\"Organization\",\"@id\":\"https:\\\/\\\/hartizanedesign.com\\\/#organization\",\"name\":\"hartizanedesign.com\",\"url\":\"https:\\\/\\\/hartizanedesign.com\\\/\",\"logo\":{\"@type\":\"ImageObject\",\"inLanguage\":\"fr-FR\",\"@id\":\"https:\\\/\\\/hartizanedesign.com\\\/#\\\/schema\\\/logo\\\/image\\\/\",\"url\":\"https:\\\/\\\/hartizanedesign.com\\\/wp-content\\\/uploads\\\/2025\\\/10\\\/Logo-commander2_Hartizane_Noire.svg.svg\",\"contentUrl\":\"https:\\\/\\\/hartizanedesign.com\\\/wp-content\\\/uploads\\\/2025\\\/10\\\/Logo-commander2_Hartizane_Noire.svg.svg\",\"width\":209,\"height\":62,\"caption\":\"hartizanedesign.com\"},\"image\":{\"@id\":\"https:\\\/\\\/hartizanedesign.com\\\/#\\\/schema\\\/logo\\\/image\\\/\"}}]}<\/script>\n<!-- \/ Yoast SEO plugin. -->","yoast_head_json":{"title":"Axis ( silla de comedor - madera maciza y tapizado textil) - hartizanedesign.com","robots":{"index":"index","follow":"follow","max-snippet":"max-snippet:-1","max-image-preview":"max-image-preview:large","max-video-preview":"max-video-preview:-1"},"canonical":"https:\/\/hartizanedesign.com\/fr\/produit\/axis-chaise-salle-a-manger-bois-massif-tapissage-textile\/","og_locale":"fr_FR","og_type":"article","og_title":"Axis ( silla de comedor - madera maciza y tapizado textil) - hartizanedesign.com","og_description":"Esta silla de comedor refleja una elegancia contempor\u00e1nea marcada por la suavidad de sus formas. Su respaldo envolvente, de l\u00edneas org\u00e1nicas y equilibradas, proporciona un apoyo c\u00f3modo y natural. El asiento, generosamente acolchado, est\u00e1 tapizado con un tejido claro de textura delicada que aporta calidez y una sensaci\u00f3n acogedora.  La espuma t\u00e9cnica HR, creada para garantizar una comodidad perdurable y una estabilidad impecable, asegura una experiencia confortable incluso con el uso prolongado. Su estructura s\u00f3lida en madera maciza de categor\u00eda premium garantiza solidez y durabilidad, aportando al mismo tiempo un car\u00e1cter atemporal al conjunto.  La combinaci\u00f3n entre la madera y el tapizado crea un contraste armonioso, ideal para realzar comedores modernos, elegantes o de inspiraci\u00f3n natural.   Dimensiones: 70 x 50 x 50","og_url":"https:\/\/hartizanedesign.com\/fr\/produit\/axis-chaise-salle-a-manger-bois-massif-tapissage-textile\/","og_site_name":"hartizanedesign.com","article_modified_time":"2026-02-16T20:48:30+00:00","og_image":[{"width":1300,"height":900,"url":"https:\/\/hartizanedesign.com\/wp-content\/uploads\/2026\/01\/Axis.png","type":"image\/png"}],"twitter_card":"summary_large_image","twitter_misc":{"Dur\u00e9e de lecture estim\u00e9e":"1 minute"},"schema":{"@context":"https:\/\/schema.org","@graph":[{"@type":"WebPage","@id":"https:\/\/hartizanedesign.com\/producto\/axis-silla-de-comedor-madera-maciza-y-tapizado-textil\/","url":"https:\/\/hartizanedesign.com\/producto\/axis-silla-de-comedor-madera-maciza-y-tapizado-textil\/","name":"Axis ( silla de comedor - madera maciza y tapizado textil) - hartizanedesign.com","isPartOf":{"@id":"https:\/\/hartizanedesign.com\/#website"},"primaryImageOfPage":{"@id":"https:\/\/hartizanedesign.com\/producto\/axis-silla-de-comedor-madera-maciza-y-tapizado-textil\/#primaryimage"},"image":{"@id":"https:\/\/hartizanedesign.com\/producto\/axis-silla-de-comedor-madera-maciza-y-tapizado-textil\/#primaryimage"},"thumbnailUrl":"https:\/\/hartizanedesign.com\/wp-content\/uploads\/2026\/01\/Axis.png","datePublished":"2026-01-13T18:13:50+00:00","dateModified":"2026-02-16T20:48:30+00:00","breadcrumb":{"@id":"https:\/\/hartizanedesign.com\/producto\/axis-silla-de-comedor-madera-maciza-y-tapizado-textil\/#breadcrumb"},"inLanguage":"fr-FR","potentialAction":[{"@type":"ReadAction","target":["https:\/\/hartizanedesign.com\/producto\/axis-silla-de-comedor-madera-maciza-y-tapizado-textil\/"]}]},{"@type":"ImageObject","inLanguage":"fr-FR","@id":"https:\/\/hartizanedesign.com\/producto\/axis-silla-de-comedor-madera-maciza-y-tapizado-textil\/#primaryimage","url":"https:\/\/hartizanedesign.com\/wp-content\/uploads\/2026\/01\/Axis.png","contentUrl":"https:\/\/hartizanedesign.com\/wp-content\/uploads\/2026\/01\/Axis.png","width":1300,"height":900},{"@type":"BreadcrumbList","@id":"https:\/\/hartizanedesign.com\/producto\/axis-silla-de-comedor-madera-maciza-y-tapizado-textil\/#breadcrumb","itemListElement":[{"@type":"ListItem","position":1,"name":"Home","item":"https:\/\/hartizanedesign.com\/"},{"@type":"ListItem","position":2,"name":"Tienda","item":"https:\/\/hartizanedesign.com\/boutique\/"},{"@type":"ListItem","position":3,"name":"Axis ( silla de comedor &#8211; madera maciza y tapizado textil)"}]},{"@type":"WebSite","@id":"https:\/\/hartizanedesign.com\/#website","url":"https:\/\/hartizanedesign.com\/","name":"hartizanedesign.com","description":"","publisher":{"@id":"https:\/\/hartizanedesign.com\/#organization"},"potentialAction":[{"@type":"SearchAction","target":{"@type":"EntryPoint","urlTemplate":"https:\/\/hartizanedesign.com\/?s={search_term_string}"},"query-input":{"@type":"PropertyValueSpecification","valueRequired":true,"valueName":"search_term_string"}}],"inLanguage":"fr-FR"},{"@type":"Organization","@id":"https:\/\/hartizanedesign.com\/#organization","name":"hartizanedesign.com","url":"https:\/\/hartizanedesign.com\/","logo":{"@type":"ImageObject","inLanguage":"fr-FR","@id":"https:\/\/hartizanedesign.com\/#\/schema\/logo\/image\/","url":"https:\/\/hartizanedesign.com\/wp-content\/uploads\/2025\/10\/Logo-commander2_Hartizane_Noire.svg.svg","contentUrl":"https:\/\/hartizanedesign.com\/wp-content\/uploads\/2025\/10\/Logo-commander2_Hartizane_Noire.svg.svg","width":209,"height":62,"caption":"hartizanedesign.com"},"image":{"@id":"https:\/\/hartizanedesign.com\/#\/schema\/logo\/image\/"}}]}},"_links":{"self":[{"href":"https:\/\/hartizanedesign.com\/fr\/wp-json\/wp\/v2\/product\/3960","targetHints":{"allow":["GET"]}}],"collection":[{"href":"https:\/\/hartizanedesign.com\/fr\/wp-json\/wp\/v2\/product"}],"about":[{"href":"https:\/\/hartizanedesign.com\/fr\/wp-json\/wp\/v2\/types\/product"}],"version-history":[{"count":2,"href":"https:\/\/hartizanedesign.com\/fr\/wp-json\/wp\/v2\/product\/3960\/revisions"}],"predecessor-version":[{"id":4712,"href":"https:\/\/hartizanedesign.com\/fr\/wp-json\/wp\/v2\/product\/3960\/revisions\/4712"}],"wp:featuredmedia":[{"embeddable":true,"href":"https:\/\/hartizanedesign.com\/fr\/wp-json\/wp\/v2\/media\/3961"}],"wp:attachment":[{"href":"https:\/\/hartizanedesign.com\/fr\/wp-json\/wp\/v2\/media?parent=3960"}],"wp:term":[{"taxonomy":"product_brand","embeddable":true,"href":"https:\/\/hartizanedesign.com\/fr\/wp-json\/wp\/v2\/product_brand?post=3960"},{"taxonomy":"product_cat","embeddable":true,"href":"https:\/\/hartizanedesign.com\/fr\/wp-json\/wp\/v2\/product_cat?post=3960"},{"taxonomy":"product_tag","embeddable":true,"href":"https:\/\/hartizanedesign.com\/fr\/wp-json\/wp\/v2\/product_tag?post=3960"}],"curies":[{"name":"wp","href":"https:\/\/api.w.org\/{rel}","templated":true}]}}