{"id":3966,"date":"2026-01-13T19:28:21","date_gmt":"2026-01-13T18:28:21","guid":{"rendered":"https:\/\/hartizanedesign.com\/?post_type=product&#038;p=3966"},"modified":"2026-02-16T20:48:04","modified_gmt":"2026-02-16T20:48:04","slug":"core-silla-de-comedor-core-respaldo-curvo-envolvente-madera-premium","status":"publish","type":"product","link":"https:\/\/hartizanedesign.com\/fr\/produit\/core-silla-de-comedor-core-respaldo-curvo-envolvente-madera-premium\/","title":{"rendered":"Core (Chaise de salle \u00e0 manger Core \u2013 dossier enveloppant incurv\u00e9 \u2013 bois de qualit\u00e9 sup\u00e9rieure)"},"content":{"rendered":"","protected":false},"excerpt":{"rendered":"<p>Con\u00e7ue pour des int\u00e9rieurs haut de gamme, cette chaise se distingue par un design \u00e9quilibr\u00e9 et intemporel. Son dossier d\u00e9licatement courb\u00e9 accompagne naturellement la posture, tandis que son assise profonde offre un confort exceptionnel. Son rev\u00eatement textile de haute qualit\u00e9 t\u00e9moigne d\u2019un travail artisanal minutieux, sublim\u00e9 par une base en bois massif aux finitions impeccables.<\/p>\n<p>Son bois massif premium garantit fermet\u00e9 et stabilit\u00e9, contribuant \u00e0 la durabilit\u00e9 structurelle et au caract\u00e8re raffin\u00e9 de la pi\u00e8ce. Son assise en mousse HR, con\u00e7ue pour une r\u00e9cup\u00e9ration optimale, assure un confort durable en conservant sa forme et son soutien au fil du temps.<\/p>\n<ul>\n<li style=\"font-weight: 400;\" aria-level=\"1\"><span style=\"font-weight: 400;\">Dimensions: <\/span><span style=\"font-weight: 400;\">85 x 50 x 55 <\/span><\/li>\n<\/ul>","protected":false},"featured_media":3967,"template":"","meta":[],"product_brand":[],"product_cat":[234],"product_tag":[],"class_list":{"0":"post-3966","1":"product","2":"type-product","3":"status-publish","4":"has-post-thumbnail","6":"product_cat-sillas","8":"first","9":"instock","10":"sale","11":"taxable","12":"shipping-taxable","13":"purchasable","14":"product-type-variable"},"yoast_head":"<!-- This site is optimized with the Yoast SEO plugin v27.4 - https:\/\/yoast.com\/product\/yoast-seo-wordpress\/ -->\n<title>Core (silla de comedor Core - respaldo curvo envolvente - madera premium ) - hartizanedesign.com<\/title>\n<meta name=\"robots\" content=\"index, follow, max-snippet:-1, max-image-preview:large, max-video-preview:-1\" \/>\n<link rel=\"canonical\" href=\"https:\/\/hartizanedesign.com\/fr\/produit\/core-silla-de-comedor-core-respaldo-curvo-envolvente-madera-premium\/\" \/>\n<meta property=\"og:locale\" content=\"fr_FR\" \/>\n<meta property=\"og:type\" content=\"article\" \/>\n<meta property=\"og:title\" content=\"Core (silla de comedor Core - respaldo curvo envolvente - madera premium ) - hartizanedesign.com\" \/>\n<meta property=\"og:description\" content=\"Dise\u00f1ada para interiores de alto nivel, esta silla destaca por su dise\u00f1o equilibrado y atemporal. El respaldo suavemente curvado acompa\u00f1a la postura de forma natural, mientras que el asiento profundo ofrece un confort excepcional. El tapizado textil de alta calidad refleja un meticuloso trabajo artesanal, realzado por una base de madera maciza con acabados impecables.  Su madera maciza premium garantiza firmeza y estabilidad, contribuyendo a la durabilidad estructural y al car\u00e1cter sofisticado de la pieza. El asiento con espuma HR dise\u00f1ada para una recuperaci\u00f3n \u00f3ptima asegura un confort prolongado, manteniendo su forma y soporte con el paso del tiempo.   Dimensiones: 85 x 50 x 55\" \/>\n<meta property=\"og:url\" content=\"https:\/\/hartizanedesign.com\/fr\/produit\/core-silla-de-comedor-core-respaldo-curvo-envolvente-madera-premium\/\" \/>\n<meta property=\"og:site_name\" content=\"hartizanedesign.com\" \/>\n<meta property=\"article:modified_time\" content=\"2026-02-16T20:48:04+00:00\" \/>\n<meta property=\"og:image\" content=\"https:\/\/hartizanedesign.com\/wp-content\/uploads\/2026\/01\/Core.png\" \/>\n\t<meta property=\"og:image:width\" content=\"1300\" \/>\n\t<meta property=\"og:image:height\" content=\"900\" \/>\n\t<meta property=\"og:image:type\" content=\"image\/png\" \/>\n<meta name=\"twitter:card\" content=\"summary_large_image\" \/>\n<meta name=\"twitter:label1\" content=\"Dur\u00e9e de lecture estim\u00e9e\" \/>\n\t<meta name=\"twitter:data1\" content=\"1 minute\" \/>\n<script type=\"application\/ld+json\" class=\"yoast-schema-graph\">{\"@context\":\"https:\\\/\\\/schema.org\",\"@graph\":[{\"@type\":\"WebPage\",\"@id\":\"https:\\\/\\\/hartizanedesign.com\\\/producto\\\/core-silla-de-comedor-core-respaldo-curvo-envolvente-madera-premium\\\/\",\"url\":\"https:\\\/\\\/hartizanedesign.com\\\/producto\\\/core-silla-de-comedor-core-respaldo-curvo-envolvente-madera-premium\\\/\",\"name\":\"Core (silla de comedor Core - respaldo curvo envolvente - madera premium ) - hartizanedesign.com\",\"isPartOf\":{\"@id\":\"https:\\\/\\\/hartizanedesign.com\\\/#website\"},\"primaryImageOfPage\":{\"@id\":\"https:\\\/\\\/hartizanedesign.com\\\/producto\\\/core-silla-de-comedor-core-respaldo-curvo-envolvente-madera-premium\\\/#primaryimage\"},\"image\":{\"@id\":\"https:\\\/\\\/hartizanedesign.com\\\/producto\\\/core-silla-de-comedor-core-respaldo-curvo-envolvente-madera-premium\\\/#primaryimage\"},\"thumbnailUrl\":\"https:\\\/\\\/hartizanedesign.com\\\/wp-content\\\/uploads\\\/2026\\\/01\\\/Core.png\",\"datePublished\":\"2026-01-13T18:28:21+00:00\",\"dateModified\":\"2026-02-16T20:48:04+00:00\",\"breadcrumb\":{\"@id\":\"https:\\\/\\\/hartizanedesign.com\\\/producto\\\/core-silla-de-comedor-core-respaldo-curvo-envolvente-madera-premium\\\/#breadcrumb\"},\"inLanguage\":\"fr-FR\",\"potentialAction\":[{\"@type\":\"ReadAction\",\"target\":[\"https:\\\/\\\/hartizanedesign.com\\\/producto\\\/core-silla-de-comedor-core-respaldo-curvo-envolvente-madera-premium\\\/\"]}]},{\"@type\":\"ImageObject\",\"inLanguage\":\"fr-FR\",\"@id\":\"https:\\\/\\\/hartizanedesign.com\\\/producto\\\/core-silla-de-comedor-core-respaldo-curvo-envolvente-madera-premium\\\/#primaryimage\",\"url\":\"https:\\\/\\\/hartizanedesign.com\\\/wp-content\\\/uploads\\\/2026\\\/01\\\/Core.png\",\"contentUrl\":\"https:\\\/\\\/hartizanedesign.com\\\/wp-content\\\/uploads\\\/2026\\\/01\\\/Core.png\",\"width\":1300,\"height\":900},{\"@type\":\"BreadcrumbList\",\"@id\":\"https:\\\/\\\/hartizanedesign.com\\\/producto\\\/core-silla-de-comedor-core-respaldo-curvo-envolvente-madera-premium\\\/#breadcrumb\",\"itemListElement\":[{\"@type\":\"ListItem\",\"position\":1,\"name\":\"Home\",\"item\":\"https:\\\/\\\/hartizanedesign.com\\\/\"},{\"@type\":\"ListItem\",\"position\":2,\"name\":\"Tienda\",\"item\":\"https:\\\/\\\/hartizanedesign.com\\\/boutique\\\/\"},{\"@type\":\"ListItem\",\"position\":3,\"name\":\"Core (silla de comedor Core &#8211; respaldo curvo envolvente &#8211; madera premium )\"}]},{\"@type\":\"WebSite\",\"@id\":\"https:\\\/\\\/hartizanedesign.com\\\/#website\",\"url\":\"https:\\\/\\\/hartizanedesign.com\\\/\",\"name\":\"hartizanedesign.com\",\"description\":\"\",\"publisher\":{\"@id\":\"https:\\\/\\\/hartizanedesign.com\\\/#organization\"},\"potentialAction\":[{\"@type\":\"SearchAction\",\"target\":{\"@type\":\"EntryPoint\",\"urlTemplate\":\"https:\\\/\\\/hartizanedesign.com\\\/?s={search_term_string}\"},\"query-input\":{\"@type\":\"PropertyValueSpecification\",\"valueRequired\":true,\"valueName\":\"search_term_string\"}}],\"inLanguage\":\"fr-FR\"},{\"@type\":\"Organization\",\"@id\":\"https:\\\/\\\/hartizanedesign.com\\\/#organization\",\"name\":\"hartizanedesign.com\",\"url\":\"https:\\\/\\\/hartizanedesign.com\\\/\",\"logo\":{\"@type\":\"ImageObject\",\"inLanguage\":\"fr-FR\",\"@id\":\"https:\\\/\\\/hartizanedesign.com\\\/#\\\/schema\\\/logo\\\/image\\\/\",\"url\":\"https:\\\/\\\/hartizanedesign.com\\\/wp-content\\\/uploads\\\/2025\\\/10\\\/Logo-commander2_Hartizane_Noire.svg.svg\",\"contentUrl\":\"https:\\\/\\\/hartizanedesign.com\\\/wp-content\\\/uploads\\\/2025\\\/10\\\/Logo-commander2_Hartizane_Noire.svg.svg\",\"width\":209,\"height\":62,\"caption\":\"hartizanedesign.com\"},\"image\":{\"@id\":\"https:\\\/\\\/hartizanedesign.com\\\/#\\\/schema\\\/logo\\\/image\\\/\"}}]}<\/script>\n<!-- \/ Yoast SEO plugin. -->","yoast_head_json":{"title":"Core (silla de comedor Core - respaldo curvo envolvente - madera premium ) - hartizanedesign.com","robots":{"index":"index","follow":"follow","max-snippet":"max-snippet:-1","max-image-preview":"max-image-preview:large","max-video-preview":"max-video-preview:-1"},"canonical":"https:\/\/hartizanedesign.com\/fr\/produit\/core-silla-de-comedor-core-respaldo-curvo-envolvente-madera-premium\/","og_locale":"fr_FR","og_type":"article","og_title":"Core (silla de comedor Core - respaldo curvo envolvente - madera premium ) - hartizanedesign.com","og_description":"Dise\u00f1ada para interiores de alto nivel, esta silla destaca por su dise\u00f1o equilibrado y atemporal. El respaldo suavemente curvado acompa\u00f1a la postura de forma natural, mientras que el asiento profundo ofrece un confort excepcional. El tapizado textil de alta calidad refleja un meticuloso trabajo artesanal, realzado por una base de madera maciza con acabados impecables.  Su madera maciza premium garantiza firmeza y estabilidad, contribuyendo a la durabilidad estructural y al car\u00e1cter sofisticado de la pieza. El asiento con espuma HR dise\u00f1ada para una recuperaci\u00f3n \u00f3ptima asegura un confort prolongado, manteniendo su forma y soporte con el paso del tiempo.   Dimensiones: 85 x 50 x 55","og_url":"https:\/\/hartizanedesign.com\/fr\/produit\/core-silla-de-comedor-core-respaldo-curvo-envolvente-madera-premium\/","og_site_name":"hartizanedesign.com","article_modified_time":"2026-02-16T20:48:04+00:00","og_image":[{"width":1300,"height":900,"url":"https:\/\/hartizanedesign.com\/wp-content\/uploads\/2026\/01\/Core.png","type":"image\/png"}],"twitter_card":"summary_large_image","twitter_misc":{"Dur\u00e9e de lecture estim\u00e9e":"1 minute"},"schema":{"@context":"https:\/\/schema.org","@graph":[{"@type":"WebPage","@id":"https:\/\/hartizanedesign.com\/producto\/core-silla-de-comedor-core-respaldo-curvo-envolvente-madera-premium\/","url":"https:\/\/hartizanedesign.com\/producto\/core-silla-de-comedor-core-respaldo-curvo-envolvente-madera-premium\/","name":"Core (silla de comedor Core - respaldo curvo envolvente - madera premium ) - hartizanedesign.com","isPartOf":{"@id":"https:\/\/hartizanedesign.com\/#website"},"primaryImageOfPage":{"@id":"https:\/\/hartizanedesign.com\/producto\/core-silla-de-comedor-core-respaldo-curvo-envolvente-madera-premium\/#primaryimage"},"image":{"@id":"https:\/\/hartizanedesign.com\/producto\/core-silla-de-comedor-core-respaldo-curvo-envolvente-madera-premium\/#primaryimage"},"thumbnailUrl":"https:\/\/hartizanedesign.com\/wp-content\/uploads\/2026\/01\/Core.png","datePublished":"2026-01-13T18:28:21+00:00","dateModified":"2026-02-16T20:48:04+00:00","breadcrumb":{"@id":"https:\/\/hartizanedesign.com\/producto\/core-silla-de-comedor-core-respaldo-curvo-envolvente-madera-premium\/#breadcrumb"},"inLanguage":"fr-FR","potentialAction":[{"@type":"ReadAction","target":["https:\/\/hartizanedesign.com\/producto\/core-silla-de-comedor-core-respaldo-curvo-envolvente-madera-premium\/"]}]},{"@type":"ImageObject","inLanguage":"fr-FR","@id":"https:\/\/hartizanedesign.com\/producto\/core-silla-de-comedor-core-respaldo-curvo-envolvente-madera-premium\/#primaryimage","url":"https:\/\/hartizanedesign.com\/wp-content\/uploads\/2026\/01\/Core.png","contentUrl":"https:\/\/hartizanedesign.com\/wp-content\/uploads\/2026\/01\/Core.png","width":1300,"height":900},{"@type":"BreadcrumbList","@id":"https:\/\/hartizanedesign.com\/producto\/core-silla-de-comedor-core-respaldo-curvo-envolvente-madera-premium\/#breadcrumb","itemListElement":[{"@type":"ListItem","position":1,"name":"Home","item":"https:\/\/hartizanedesign.com\/"},{"@type":"ListItem","position":2,"name":"Tienda","item":"https:\/\/hartizanedesign.com\/boutique\/"},{"@type":"ListItem","position":3,"name":"Core (silla de comedor Core &#8211; respaldo curvo envolvente &#8211; madera premium )"}]},{"@type":"WebSite","@id":"https:\/\/hartizanedesign.com\/#website","url":"https:\/\/hartizanedesign.com\/","name":"hartizanedesign.com","description":"","publisher":{"@id":"https:\/\/hartizanedesign.com\/#organization"},"potentialAction":[{"@type":"SearchAction","target":{"@type":"EntryPoint","urlTemplate":"https:\/\/hartizanedesign.com\/?s={search_term_string}"},"query-input":{"@type":"PropertyValueSpecification","valueRequired":true,"valueName":"search_term_string"}}],"inLanguage":"fr-FR"},{"@type":"Organization","@id":"https:\/\/hartizanedesign.com\/#organization","name":"hartizanedesign.com","url":"https:\/\/hartizanedesign.com\/","logo":{"@type":"ImageObject","inLanguage":"fr-FR","@id":"https:\/\/hartizanedesign.com\/#\/schema\/logo\/image\/","url":"https:\/\/hartizanedesign.com\/wp-content\/uploads\/2025\/10\/Logo-commander2_Hartizane_Noire.svg.svg","contentUrl":"https:\/\/hartizanedesign.com\/wp-content\/uploads\/2025\/10\/Logo-commander2_Hartizane_Noire.svg.svg","width":209,"height":62,"caption":"hartizanedesign.com"},"image":{"@id":"https:\/\/hartizanedesign.com\/#\/schema\/logo\/image\/"}}]}},"_links":{"self":[{"href":"https:\/\/hartizanedesign.com\/fr\/wp-json\/wp\/v2\/product\/3966","targetHints":{"allow":["GET"]}}],"collection":[{"href":"https:\/\/hartizanedesign.com\/fr\/wp-json\/wp\/v2\/product"}],"about":[{"href":"https:\/\/hartizanedesign.com\/fr\/wp-json\/wp\/v2\/types\/product"}],"version-history":[{"count":2,"href":"https:\/\/hartizanedesign.com\/fr\/wp-json\/wp\/v2\/product\/3966\/revisions"}],"predecessor-version":[{"id":4711,"href":"https:\/\/hartizanedesign.com\/fr\/wp-json\/wp\/v2\/product\/3966\/revisions\/4711"}],"wp:featuredmedia":[{"embeddable":true,"href":"https:\/\/hartizanedesign.com\/fr\/wp-json\/wp\/v2\/media\/3967"}],"wp:attachment":[{"href":"https:\/\/hartizanedesign.com\/fr\/wp-json\/wp\/v2\/media?parent=3966"}],"wp:term":[{"taxonomy":"product_brand","embeddable":true,"href":"https:\/\/hartizanedesign.com\/fr\/wp-json\/wp\/v2\/product_brand?post=3966"},{"taxonomy":"product_cat","embeddable":true,"href":"https:\/\/hartizanedesign.com\/fr\/wp-json\/wp\/v2\/product_cat?post=3966"},{"taxonomy":"product_tag","embeddable":true,"href":"https:\/\/hartizanedesign.com\/fr\/wp-json\/wp\/v2\/product_tag?post=3966"}],"curies":[{"name":"wp","href":"https:\/\/api.w.org\/{rel}","templated":true}]}}