{"id":3973,"date":"2026-01-13T23:12:47","date_gmt":"2026-01-13T22:12:47","guid":{"rendered":"https:\/\/hartizanedesign.com\/?post_type=product&#038;p=3973"},"modified":"2026-01-19T01:18:51","modified_gmt":"2026-01-19T00:18:51","slug":"senda-silla-de-comedor-senda-respaldo-triangular-escultorico-diseno-arquitectonico-en-madera-natural","status":"publish","type":"product","link":"https:\/\/hartizanedesign.com\/fr\/produit\/senda-chaise-salle-a-manger-dossier-triangulaire-sculptural-design-architectural-bois-naturel\/","title":{"rendered":"Senda (Chaise de salle \u00e0 manger Senda \u2013 dossier triangulaire sculptural \u2013 design architectural en bois naturel)"},"content":{"rendered":"","protected":false},"excerpt":{"rendered":"<p>Cette chaise de salle \u00e0 manger se distingue par une silhouette sculpturale et audacieuse, combinant l\u2019authenticit\u00e9 du bois avec la douceur d\u2019un tissu textur\u00e9 premium. Son dossier triangulaire exclusif et son assise g\u00e9n\u00e9reuse reposent sur une structure robuste aux pieds g\u00e9om\u00e9triques, offrant un contraste visuel captivant qui transforme chaque repas en une exp\u00e9rience de design.<\/p>\n<p>Sa mousse HR de qualit\u00e9 sup\u00e9rieure garantit une meilleure durabilit\u00e9, en conservant confort et forme au fil du temps. Sa structure en bois massif d\u2019origine s\u00e9lectionn\u00e9e et \u00e0 la grande durabilit\u00e9 apporte stabilit\u00e9 et noblesse, renfor\u00e7ant le caract\u00e8re artisanal de la pi\u00e8ce.<\/p>\n<p>Parfaitement adapt\u00e9e \u00e0 un int\u00e9rieur contemporain, elle associe pr\u00e9sence artistique forte et confort ergonomique, devenant une pi\u00e8ce centrale aussi fonctionnelle qu\u2019esth\u00e9tique.<\/p>\n<p><span style=\"font-weight: 400;\">longitud\u00a0:\u00a0 90\u00a0 x 55 x 50 <\/span><\/p>","protected":false},"featured_media":3974,"template":"","meta":[],"product_brand":[],"product_cat":[234],"product_tag":[],"class_list":{"0":"post-3973","1":"product","2":"type-product","3":"status-publish","4":"has-post-thumbnail","6":"product_cat-sillas","8":"first","9":"instock","10":"sale","11":"taxable","12":"shipping-taxable","13":"purchasable","14":"product-type-variable"},"yoast_head":"<!-- This site is optimized with the Yoast SEO plugin v27.4 - https:\/\/yoast.com\/product\/yoast-seo-wordpress\/ -->\n<title>Senda ( silla de comedor Senda - respaldo triangular escult\u00f3rico - dise\u00f1o arquitect\u00f3nico en madera natural) - hartizanedesign.com<\/title>\n<meta name=\"robots\" content=\"index, follow, max-snippet:-1, max-image-preview:large, max-video-preview:-1\" \/>\n<link rel=\"canonical\" href=\"https:\/\/hartizanedesign.com\/fr\/produit\/senda-chaise-salle-a-manger-dossier-triangulaire-sculptural-design-architectural-bois-naturel\/\" \/>\n<meta property=\"og:locale\" content=\"fr_FR\" \/>\n<meta property=\"og:type\" content=\"article\" \/>\n<meta property=\"og:title\" content=\"Senda ( silla de comedor Senda - respaldo triangular escult\u00f3rico - dise\u00f1o arquitect\u00f3nico en madera natural) - hartizanedesign.com\" \/>\n<meta property=\"og:description\" content=\"Esta silla de comedor destaca por una silueta escultural y audaz, combinando la autenticidad de la madera con la suavidad de un tejido texturizado premium. Su exclusivo respaldo triangular y su asiento generoso descansan sobre una estructura robusta de patas geom\u00e9tricas, ofreciendo un contraste visual cautivador que transforma cada comida en una experiencia de dise\u00f1o.  La espuma HR de calidad superior garantiza una mayor durabilidad, manteniendo el confort y la forma con el uso. Su estructura en madera maciza de origen selecto y gran durabilidad aporta estabilidad y una presencia noble, reforzando el car\u00e1cter artesanal de la pieza.  Perfecta para un interior contempor\u00e1neo, combina una fuerte presencia art\u00edstica con un confort ergon\u00f3mico, convirti\u00e9ndose en una pieza central tan funcional como est\u00e9tica.  longitud\u00a0:\u00a0 90\u00a0 x 55 x 50\" \/>\n<meta property=\"og:url\" content=\"https:\/\/hartizanedesign.com\/fr\/produit\/senda-chaise-salle-a-manger-dossier-triangulaire-sculptural-design-architectural-bois-naturel\/\" \/>\n<meta property=\"og:site_name\" content=\"hartizanedesign.com\" \/>\n<meta property=\"article:modified_time\" content=\"2026-01-19T00:18:51+00:00\" \/>\n<meta property=\"og:image\" content=\"https:\/\/hartizanedesign.com\/wp-content\/uploads\/2026\/01\/Senda.png\" \/>\n\t<meta property=\"og:image:width\" content=\"1300\" \/>\n\t<meta property=\"og:image:height\" content=\"900\" \/>\n\t<meta property=\"og:image:type\" content=\"image\/png\" \/>\n<meta name=\"twitter:card\" content=\"summary_large_image\" \/>\n<meta name=\"twitter:label1\" content=\"Dur\u00e9e de lecture estim\u00e9e\" \/>\n\t<meta name=\"twitter:data1\" content=\"1 minute\" \/>\n<script type=\"application\/ld+json\" class=\"yoast-schema-graph\">{\"@context\":\"https:\\\/\\\/schema.org\",\"@graph\":[{\"@type\":\"WebPage\",\"@id\":\"https:\\\/\\\/hartizanedesign.com\\\/producto\\\/senda-silla-de-comedor-senda-respaldo-triangular-escultorico-diseno-arquitectonico-en-madera-natural\\\/\",\"url\":\"https:\\\/\\\/hartizanedesign.com\\\/producto\\\/senda-silla-de-comedor-senda-respaldo-triangular-escultorico-diseno-arquitectonico-en-madera-natural\\\/\",\"name\":\"Senda ( silla de comedor Senda - respaldo triangular escult\u00f3rico - dise\u00f1o arquitect\u00f3nico en madera natural) - hartizanedesign.com\",\"isPartOf\":{\"@id\":\"https:\\\/\\\/hartizanedesign.com\\\/#website\"},\"primaryImageOfPage\":{\"@id\":\"https:\\\/\\\/hartizanedesign.com\\\/producto\\\/senda-silla-de-comedor-senda-respaldo-triangular-escultorico-diseno-arquitectonico-en-madera-natural\\\/#primaryimage\"},\"image\":{\"@id\":\"https:\\\/\\\/hartizanedesign.com\\\/producto\\\/senda-silla-de-comedor-senda-respaldo-triangular-escultorico-diseno-arquitectonico-en-madera-natural\\\/#primaryimage\"},\"thumbnailUrl\":\"https:\\\/\\\/hartizanedesign.com\\\/wp-content\\\/uploads\\\/2026\\\/01\\\/Senda.png\",\"datePublished\":\"2026-01-13T22:12:47+00:00\",\"dateModified\":\"2026-01-19T00:18:51+00:00\",\"breadcrumb\":{\"@id\":\"https:\\\/\\\/hartizanedesign.com\\\/producto\\\/senda-silla-de-comedor-senda-respaldo-triangular-escultorico-diseno-arquitectonico-en-madera-natural\\\/#breadcrumb\"},\"inLanguage\":\"fr-FR\",\"potentialAction\":[{\"@type\":\"ReadAction\",\"target\":[\"https:\\\/\\\/hartizanedesign.com\\\/producto\\\/senda-silla-de-comedor-senda-respaldo-triangular-escultorico-diseno-arquitectonico-en-madera-natural\\\/\"]}]},{\"@type\":\"ImageObject\",\"inLanguage\":\"fr-FR\",\"@id\":\"https:\\\/\\\/hartizanedesign.com\\\/producto\\\/senda-silla-de-comedor-senda-respaldo-triangular-escultorico-diseno-arquitectonico-en-madera-natural\\\/#primaryimage\",\"url\":\"https:\\\/\\\/hartizanedesign.com\\\/wp-content\\\/uploads\\\/2026\\\/01\\\/Senda.png\",\"contentUrl\":\"https:\\\/\\\/hartizanedesign.com\\\/wp-content\\\/uploads\\\/2026\\\/01\\\/Senda.png\",\"width\":1300,\"height\":900},{\"@type\":\"BreadcrumbList\",\"@id\":\"https:\\\/\\\/hartizanedesign.com\\\/producto\\\/senda-silla-de-comedor-senda-respaldo-triangular-escultorico-diseno-arquitectonico-en-madera-natural\\\/#breadcrumb\",\"itemListElement\":[{\"@type\":\"ListItem\",\"position\":1,\"name\":\"Home\",\"item\":\"https:\\\/\\\/hartizanedesign.com\\\/\"},{\"@type\":\"ListItem\",\"position\":2,\"name\":\"Tienda\",\"item\":\"https:\\\/\\\/hartizanedesign.com\\\/boutique\\\/\"},{\"@type\":\"ListItem\",\"position\":3,\"name\":\"Senda ( silla de comedor Senda &#8211; respaldo triangular escult\u00f3rico &#8211; dise\u00f1o arquitect\u00f3nico en madera natural)\"}]},{\"@type\":\"WebSite\",\"@id\":\"https:\\\/\\\/hartizanedesign.com\\\/#website\",\"url\":\"https:\\\/\\\/hartizanedesign.com\\\/\",\"name\":\"hartizanedesign.com\",\"description\":\"\",\"publisher\":{\"@id\":\"https:\\\/\\\/hartizanedesign.com\\\/#organization\"},\"potentialAction\":[{\"@type\":\"SearchAction\",\"target\":{\"@type\":\"EntryPoint\",\"urlTemplate\":\"https:\\\/\\\/hartizanedesign.com\\\/?s={search_term_string}\"},\"query-input\":{\"@type\":\"PropertyValueSpecification\",\"valueRequired\":true,\"valueName\":\"search_term_string\"}}],\"inLanguage\":\"fr-FR\"},{\"@type\":\"Organization\",\"@id\":\"https:\\\/\\\/hartizanedesign.com\\\/#organization\",\"name\":\"hartizanedesign.com\",\"url\":\"https:\\\/\\\/hartizanedesign.com\\\/\",\"logo\":{\"@type\":\"ImageObject\",\"inLanguage\":\"fr-FR\",\"@id\":\"https:\\\/\\\/hartizanedesign.com\\\/#\\\/schema\\\/logo\\\/image\\\/\",\"url\":\"https:\\\/\\\/hartizanedesign.com\\\/wp-content\\\/uploads\\\/2025\\\/10\\\/Logo-commander2_Hartizane_Noire.svg.svg\",\"contentUrl\":\"https:\\\/\\\/hartizanedesign.com\\\/wp-content\\\/uploads\\\/2025\\\/10\\\/Logo-commander2_Hartizane_Noire.svg.svg\",\"width\":209,\"height\":62,\"caption\":\"hartizanedesign.com\"},\"image\":{\"@id\":\"https:\\\/\\\/hartizanedesign.com\\\/#\\\/schema\\\/logo\\\/image\\\/\"}}]}<\/script>\n<!-- \/ Yoast SEO plugin. -->","yoast_head_json":{"title":"Senda ( silla de comedor Senda - respaldo triangular escult\u00f3rico - dise\u00f1o arquitect\u00f3nico en madera natural) - hartizanedesign.com","robots":{"index":"index","follow":"follow","max-snippet":"max-snippet:-1","max-image-preview":"max-image-preview:large","max-video-preview":"max-video-preview:-1"},"canonical":"https:\/\/hartizanedesign.com\/fr\/produit\/senda-chaise-salle-a-manger-dossier-triangulaire-sculptural-design-architectural-bois-naturel\/","og_locale":"fr_FR","og_type":"article","og_title":"Senda ( silla de comedor Senda - respaldo triangular escult\u00f3rico - dise\u00f1o arquitect\u00f3nico en madera natural) - hartizanedesign.com","og_description":"Esta silla de comedor destaca por una silueta escultural y audaz, combinando la autenticidad de la madera con la suavidad de un tejido texturizado premium. Su exclusivo respaldo triangular y su asiento generoso descansan sobre una estructura robusta de patas geom\u00e9tricas, ofreciendo un contraste visual cautivador que transforma cada comida en una experiencia de dise\u00f1o.  La espuma HR de calidad superior garantiza una mayor durabilidad, manteniendo el confort y la forma con el uso. Su estructura en madera maciza de origen selecto y gran durabilidad aporta estabilidad y una presencia noble, reforzando el car\u00e1cter artesanal de la pieza.  Perfecta para un interior contempor\u00e1neo, combina una fuerte presencia art\u00edstica con un confort ergon\u00f3mico, convirti\u00e9ndose en una pieza central tan funcional como est\u00e9tica.  longitud\u00a0:\u00a0 90\u00a0 x 55 x 50","og_url":"https:\/\/hartizanedesign.com\/fr\/produit\/senda-chaise-salle-a-manger-dossier-triangulaire-sculptural-design-architectural-bois-naturel\/","og_site_name":"hartizanedesign.com","article_modified_time":"2026-01-19T00:18:51+00:00","og_image":[{"width":1300,"height":900,"url":"https:\/\/hartizanedesign.com\/wp-content\/uploads\/2026\/01\/Senda.png","type":"image\/png"}],"twitter_card":"summary_large_image","twitter_misc":{"Dur\u00e9e de lecture estim\u00e9e":"1 minute"},"schema":{"@context":"https:\/\/schema.org","@graph":[{"@type":"WebPage","@id":"https:\/\/hartizanedesign.com\/producto\/senda-silla-de-comedor-senda-respaldo-triangular-escultorico-diseno-arquitectonico-en-madera-natural\/","url":"https:\/\/hartizanedesign.com\/producto\/senda-silla-de-comedor-senda-respaldo-triangular-escultorico-diseno-arquitectonico-en-madera-natural\/","name":"Senda ( silla de comedor Senda - respaldo triangular escult\u00f3rico - dise\u00f1o arquitect\u00f3nico en madera natural) - hartizanedesign.com","isPartOf":{"@id":"https:\/\/hartizanedesign.com\/#website"},"primaryImageOfPage":{"@id":"https:\/\/hartizanedesign.com\/producto\/senda-silla-de-comedor-senda-respaldo-triangular-escultorico-diseno-arquitectonico-en-madera-natural\/#primaryimage"},"image":{"@id":"https:\/\/hartizanedesign.com\/producto\/senda-silla-de-comedor-senda-respaldo-triangular-escultorico-diseno-arquitectonico-en-madera-natural\/#primaryimage"},"thumbnailUrl":"https:\/\/hartizanedesign.com\/wp-content\/uploads\/2026\/01\/Senda.png","datePublished":"2026-01-13T22:12:47+00:00","dateModified":"2026-01-19T00:18:51+00:00","breadcrumb":{"@id":"https:\/\/hartizanedesign.com\/producto\/senda-silla-de-comedor-senda-respaldo-triangular-escultorico-diseno-arquitectonico-en-madera-natural\/#breadcrumb"},"inLanguage":"fr-FR","potentialAction":[{"@type":"ReadAction","target":["https:\/\/hartizanedesign.com\/producto\/senda-silla-de-comedor-senda-respaldo-triangular-escultorico-diseno-arquitectonico-en-madera-natural\/"]}]},{"@type":"ImageObject","inLanguage":"fr-FR","@id":"https:\/\/hartizanedesign.com\/producto\/senda-silla-de-comedor-senda-respaldo-triangular-escultorico-diseno-arquitectonico-en-madera-natural\/#primaryimage","url":"https:\/\/hartizanedesign.com\/wp-content\/uploads\/2026\/01\/Senda.png","contentUrl":"https:\/\/hartizanedesign.com\/wp-content\/uploads\/2026\/01\/Senda.png","width":1300,"height":900},{"@type":"BreadcrumbList","@id":"https:\/\/hartizanedesign.com\/producto\/senda-silla-de-comedor-senda-respaldo-triangular-escultorico-diseno-arquitectonico-en-madera-natural\/#breadcrumb","itemListElement":[{"@type":"ListItem","position":1,"name":"Home","item":"https:\/\/hartizanedesign.com\/"},{"@type":"ListItem","position":2,"name":"Tienda","item":"https:\/\/hartizanedesign.com\/boutique\/"},{"@type":"ListItem","position":3,"name":"Senda ( silla de comedor Senda &#8211; respaldo triangular escult\u00f3rico &#8211; dise\u00f1o arquitect\u00f3nico en madera natural)"}]},{"@type":"WebSite","@id":"https:\/\/hartizanedesign.com\/#website","url":"https:\/\/hartizanedesign.com\/","name":"hartizanedesign.com","description":"","publisher":{"@id":"https:\/\/hartizanedesign.com\/#organization"},"potentialAction":[{"@type":"SearchAction","target":{"@type":"EntryPoint","urlTemplate":"https:\/\/hartizanedesign.com\/?s={search_term_string}"},"query-input":{"@type":"PropertyValueSpecification","valueRequired":true,"valueName":"search_term_string"}}],"inLanguage":"fr-FR"},{"@type":"Organization","@id":"https:\/\/hartizanedesign.com\/#organization","name":"hartizanedesign.com","url":"https:\/\/hartizanedesign.com\/","logo":{"@type":"ImageObject","inLanguage":"fr-FR","@id":"https:\/\/hartizanedesign.com\/#\/schema\/logo\/image\/","url":"https:\/\/hartizanedesign.com\/wp-content\/uploads\/2025\/10\/Logo-commander2_Hartizane_Noire.svg.svg","contentUrl":"https:\/\/hartizanedesign.com\/wp-content\/uploads\/2025\/10\/Logo-commander2_Hartizane_Noire.svg.svg","width":209,"height":62,"caption":"hartizanedesign.com"},"image":{"@id":"https:\/\/hartizanedesign.com\/#\/schema\/logo\/image\/"}}]}},"_links":{"self":[{"href":"https:\/\/hartizanedesign.com\/fr\/wp-json\/wp\/v2\/product\/3973","targetHints":{"allow":["GET"]}}],"collection":[{"href":"https:\/\/hartizanedesign.com\/fr\/wp-json\/wp\/v2\/product"}],"about":[{"href":"https:\/\/hartizanedesign.com\/fr\/wp-json\/wp\/v2\/types\/product"}],"version-history":[{"count":2,"href":"https:\/\/hartizanedesign.com\/fr\/wp-json\/wp\/v2\/product\/3973\/revisions"}],"predecessor-version":[{"id":4559,"href":"https:\/\/hartizanedesign.com\/fr\/wp-json\/wp\/v2\/product\/3973\/revisions\/4559"}],"wp:featuredmedia":[{"embeddable":true,"href":"https:\/\/hartizanedesign.com\/fr\/wp-json\/wp\/v2\/media\/3974"}],"wp:attachment":[{"href":"https:\/\/hartizanedesign.com\/fr\/wp-json\/wp\/v2\/media?parent=3973"}],"wp:term":[{"taxonomy":"product_brand","embeddable":true,"href":"https:\/\/hartizanedesign.com\/fr\/wp-json\/wp\/v2\/product_brand?post=3973"},{"taxonomy":"product_cat","embeddable":true,"href":"https:\/\/hartizanedesign.com\/fr\/wp-json\/wp\/v2\/product_cat?post=3973"},{"taxonomy":"product_tag","embeddable":true,"href":"https:\/\/hartizanedesign.com\/fr\/wp-json\/wp\/v2\/product_tag?post=3973"}],"curies":[{"name":"wp","href":"https:\/\/api.w.org\/{rel}","templated":true}]}}