{"id":3979,"date":"2026-01-13T23:24:02","date_gmt":"2026-01-13T22:24:02","guid":{"rendered":"https:\/\/hartizanedesign.com\/?post_type=product&#038;p=3979"},"modified":"2026-02-16T20:46:41","modified_gmt":"2026-02-16T20:46:41","slug":"vento-silla-de-comedor-vento-diseno-ligero-tapizado-estructura-metalica","status":"publish","type":"product","link":"https:\/\/hartizanedesign.com\/fr\/produit\/vento-chaise-salle-a-manger-design-leger-tapissage-structure-metallique\/","title":{"rendered":"Vento (Chaise de salle \u00e0 manger Vento \u2013 design l\u00e9ger et rembourr\u00e9 \u2013 structure en m\u00e9tal)"},"content":{"rendered":"","protected":false},"excerpt":{"rendered":"<p>Cette chaise est une v\u00e9ritable invitation \u00e0 la d\u00e9tente, offrant une silhouette enveloppante aux courbes douces qui s\u2019int\u00e8gre aussi bien dans un int\u00e9rieur moderne que classique. Enti\u00e8rement rev\u00eatue d\u2019un tissu textur\u00e9 premium d\u2019une douceur exceptionnelle, elle repose sur une base solide garantissant une stabilit\u00e9 parfaite sous tous les angles.<\/p>\n<p>Son armature premium en bois massif apporte une solidit\u00e9 structurelle ainsi qu\u2019une pr\u00e9sence noble, tandis que sa mousse HR de qualit\u00e9 sup\u00e9rieure, con\u00e7ue pour un confort durable et une excellente r\u00e9ponse \u00e0 l\u2019usage, assure un bien-\u00eatre constant en pr\u00e9servant forme et soutien au fil du temps.<\/p>\n<p>Son design ergonomique et son rembourrage g\u00e9n\u00e9reux en font une pi\u00e8ce centrale id\u00e9ale pour cr\u00e9er un coin lecture chaleureux ou pour parfaire l\u2019\u00e9l\u00e9gance d\u2019une chambre. Elle combine un confort absolu avec une esth\u00e9tique sculpturale raffin\u00e9e.<\/p>\n<ul>\n<li style=\"font-weight: 400;\" aria-level=\"1\"><span style=\"font-weight: 400;\">Dimensiones<\/span><span style=\"font-weight: 400;\">\u00a0:85\u00a0 x 50 x 50 <\/span><\/li>\n<\/ul>","protected":false},"featured_media":3980,"template":"","meta":[],"product_brand":[],"product_cat":[234],"product_tag":[],"class_list":{"0":"post-3979","1":"product","2":"type-product","3":"status-publish","4":"has-post-thumbnail","6":"product_cat-sillas","8":"first","9":"instock","10":"sale","11":"taxable","12":"shipping-taxable","13":"purchasable","14":"product-type-variable"},"yoast_head":"<!-- This site is optimized with the Yoast SEO plugin v27.4 - https:\/\/yoast.com\/product\/yoast-seo-wordpress\/ -->\n<title>Vento ( silla de comedor Vento - dise\u00f1o ligero tapizado - estructura met\u00e1lica) - hartizanedesign.com<\/title>\n<meta name=\"robots\" content=\"index, follow, max-snippet:-1, max-image-preview:large, max-video-preview:-1\" \/>\n<link rel=\"canonical\" href=\"https:\/\/hartizanedesign.com\/fr\/produit\/vento-chaise-salle-a-manger-design-leger-tapissage-structure-metallique\/\" \/>\n<meta property=\"og:locale\" content=\"fr_FR\" \/>\n<meta property=\"og:type\" content=\"article\" \/>\n<meta property=\"og:title\" content=\"Vento ( silla de comedor Vento - dise\u00f1o ligero tapizado - estructura met\u00e1lica) - hartizanedesign.com\" \/>\n<meta property=\"og:description\" content=\"Esta silla es una verdadera invitaci\u00f3n al descanso, ofreciendo una silueta envolvente de curvas suaves que se integran perfectamente en cualquier interior moderno o cl\u00e1sico. Totalmente tapizada en un tejido texturizado premium de una suavidad excepcional, cuenta con una base s\u00f3lida que garantiza una estabilidad perfecta desde todos los \u00e1ngulos.  Su armaz\u00f3n premium fabricado en madera maciza aporta solidez estructural y una presencia noble, mientras que la espuma HR de calidad superior, dise\u00f1ada para un confort duradero y una excelente respuesta al uso, asegura un bienestar constante, preservando la forma y el soporte a lo largo del tiempo.  Su dise\u00f1o ergon\u00f3mico y su acolchado generoso la convierten en una pieza central ideal para crear un rinc\u00f3n de lectura acogedor o para completar la elegancia del dormitorio, combinando un confort absoluto con una est\u00e9tica escultural refinada.   Dimensiones\u00a0:85\u00a0 x 50 x 50\" \/>\n<meta property=\"og:url\" content=\"https:\/\/hartizanedesign.com\/fr\/produit\/vento-chaise-salle-a-manger-design-leger-tapissage-structure-metallique\/\" \/>\n<meta property=\"og:site_name\" content=\"hartizanedesign.com\" \/>\n<meta property=\"article:modified_time\" content=\"2026-02-16T20:46:41+00:00\" \/>\n<meta property=\"og:image\" content=\"https:\/\/hartizanedesign.com\/wp-content\/uploads\/2026\/01\/Vento.png\" \/>\n\t<meta property=\"og:image:width\" content=\"1300\" \/>\n\t<meta property=\"og:image:height\" content=\"900\" \/>\n\t<meta property=\"og:image:type\" content=\"image\/png\" \/>\n<meta name=\"twitter:card\" content=\"summary_large_image\" \/>\n<meta name=\"twitter:label1\" content=\"Dur\u00e9e de lecture estim\u00e9e\" \/>\n\t<meta name=\"twitter:data1\" content=\"1 minute\" \/>\n<script type=\"application\/ld+json\" class=\"yoast-schema-graph\">{\"@context\":\"https:\\\/\\\/schema.org\",\"@graph\":[{\"@type\":\"WebPage\",\"@id\":\"https:\\\/\\\/hartizanedesign.com\\\/producto\\\/vento-silla-de-comedor-vento-diseno-ligero-tapizado-estructura-metalica\\\/\",\"url\":\"https:\\\/\\\/hartizanedesign.com\\\/producto\\\/vento-silla-de-comedor-vento-diseno-ligero-tapizado-estructura-metalica\\\/\",\"name\":\"Vento ( silla de comedor Vento - dise\u00f1o ligero tapizado - estructura met\u00e1lica) - hartizanedesign.com\",\"isPartOf\":{\"@id\":\"https:\\\/\\\/hartizanedesign.com\\\/#website\"},\"primaryImageOfPage\":{\"@id\":\"https:\\\/\\\/hartizanedesign.com\\\/producto\\\/vento-silla-de-comedor-vento-diseno-ligero-tapizado-estructura-metalica\\\/#primaryimage\"},\"image\":{\"@id\":\"https:\\\/\\\/hartizanedesign.com\\\/producto\\\/vento-silla-de-comedor-vento-diseno-ligero-tapizado-estructura-metalica\\\/#primaryimage\"},\"thumbnailUrl\":\"https:\\\/\\\/hartizanedesign.com\\\/wp-content\\\/uploads\\\/2026\\\/01\\\/Vento.png\",\"datePublished\":\"2026-01-13T22:24:02+00:00\",\"dateModified\":\"2026-02-16T20:46:41+00:00\",\"breadcrumb\":{\"@id\":\"https:\\\/\\\/hartizanedesign.com\\\/producto\\\/vento-silla-de-comedor-vento-diseno-ligero-tapizado-estructura-metalica\\\/#breadcrumb\"},\"inLanguage\":\"fr-FR\",\"potentialAction\":[{\"@type\":\"ReadAction\",\"target\":[\"https:\\\/\\\/hartizanedesign.com\\\/producto\\\/vento-silla-de-comedor-vento-diseno-ligero-tapizado-estructura-metalica\\\/\"]}]},{\"@type\":\"ImageObject\",\"inLanguage\":\"fr-FR\",\"@id\":\"https:\\\/\\\/hartizanedesign.com\\\/producto\\\/vento-silla-de-comedor-vento-diseno-ligero-tapizado-estructura-metalica\\\/#primaryimage\",\"url\":\"https:\\\/\\\/hartizanedesign.com\\\/wp-content\\\/uploads\\\/2026\\\/01\\\/Vento.png\",\"contentUrl\":\"https:\\\/\\\/hartizanedesign.com\\\/wp-content\\\/uploads\\\/2026\\\/01\\\/Vento.png\",\"width\":1300,\"height\":900},{\"@type\":\"BreadcrumbList\",\"@id\":\"https:\\\/\\\/hartizanedesign.com\\\/producto\\\/vento-silla-de-comedor-vento-diseno-ligero-tapizado-estructura-metalica\\\/#breadcrumb\",\"itemListElement\":[{\"@type\":\"ListItem\",\"position\":1,\"name\":\"Home\",\"item\":\"https:\\\/\\\/hartizanedesign.com\\\/\"},{\"@type\":\"ListItem\",\"position\":2,\"name\":\"Tienda\",\"item\":\"https:\\\/\\\/hartizanedesign.com\\\/boutique\\\/\"},{\"@type\":\"ListItem\",\"position\":3,\"name\":\"Vento ( silla de comedor Vento &#8211; dise\u00f1o ligero tapizado &#8211; estructura met\u00e1lica)\"}]},{\"@type\":\"WebSite\",\"@id\":\"https:\\\/\\\/hartizanedesign.com\\\/#website\",\"url\":\"https:\\\/\\\/hartizanedesign.com\\\/\",\"name\":\"hartizanedesign.com\",\"description\":\"\",\"publisher\":{\"@id\":\"https:\\\/\\\/hartizanedesign.com\\\/#organization\"},\"potentialAction\":[{\"@type\":\"SearchAction\",\"target\":{\"@type\":\"EntryPoint\",\"urlTemplate\":\"https:\\\/\\\/hartizanedesign.com\\\/?s={search_term_string}\"},\"query-input\":{\"@type\":\"PropertyValueSpecification\",\"valueRequired\":true,\"valueName\":\"search_term_string\"}}],\"inLanguage\":\"fr-FR\"},{\"@type\":\"Organization\",\"@id\":\"https:\\\/\\\/hartizanedesign.com\\\/#organization\",\"name\":\"hartizanedesign.com\",\"url\":\"https:\\\/\\\/hartizanedesign.com\\\/\",\"logo\":{\"@type\":\"ImageObject\",\"inLanguage\":\"fr-FR\",\"@id\":\"https:\\\/\\\/hartizanedesign.com\\\/#\\\/schema\\\/logo\\\/image\\\/\",\"url\":\"https:\\\/\\\/hartizanedesign.com\\\/wp-content\\\/uploads\\\/2025\\\/10\\\/Logo-commander2_Hartizane_Noire.svg.svg\",\"contentUrl\":\"https:\\\/\\\/hartizanedesign.com\\\/wp-content\\\/uploads\\\/2025\\\/10\\\/Logo-commander2_Hartizane_Noire.svg.svg\",\"width\":209,\"height\":62,\"caption\":\"hartizanedesign.com\"},\"image\":{\"@id\":\"https:\\\/\\\/hartizanedesign.com\\\/#\\\/schema\\\/logo\\\/image\\\/\"}}]}<\/script>\n<!-- \/ Yoast SEO plugin. -->","yoast_head_json":{"title":"Vento ( silla de comedor Vento - dise\u00f1o ligero tapizado - estructura met\u00e1lica) - hartizanedesign.com","robots":{"index":"index","follow":"follow","max-snippet":"max-snippet:-1","max-image-preview":"max-image-preview:large","max-video-preview":"max-video-preview:-1"},"canonical":"https:\/\/hartizanedesign.com\/fr\/produit\/vento-chaise-salle-a-manger-design-leger-tapissage-structure-metallique\/","og_locale":"fr_FR","og_type":"article","og_title":"Vento ( silla de comedor Vento - dise\u00f1o ligero tapizado - estructura met\u00e1lica) - hartizanedesign.com","og_description":"Esta silla es una verdadera invitaci\u00f3n al descanso, ofreciendo una silueta envolvente de curvas suaves que se integran perfectamente en cualquier interior moderno o cl\u00e1sico. Totalmente tapizada en un tejido texturizado premium de una suavidad excepcional, cuenta con una base s\u00f3lida que garantiza una estabilidad perfecta desde todos los \u00e1ngulos.  Su armaz\u00f3n premium fabricado en madera maciza aporta solidez estructural y una presencia noble, mientras que la espuma HR de calidad superior, dise\u00f1ada para un confort duradero y una excelente respuesta al uso, asegura un bienestar constante, preservando la forma y el soporte a lo largo del tiempo.  Su dise\u00f1o ergon\u00f3mico y su acolchado generoso la convierten en una pieza central ideal para crear un rinc\u00f3n de lectura acogedor o para completar la elegancia del dormitorio, combinando un confort absoluto con una est\u00e9tica escultural refinada.   Dimensiones\u00a0:85\u00a0 x 50 x 50","og_url":"https:\/\/hartizanedesign.com\/fr\/produit\/vento-chaise-salle-a-manger-design-leger-tapissage-structure-metallique\/","og_site_name":"hartizanedesign.com","article_modified_time":"2026-02-16T20:46:41+00:00","og_image":[{"width":1300,"height":900,"url":"https:\/\/hartizanedesign.com\/wp-content\/uploads\/2026\/01\/Vento.png","type":"image\/png"}],"twitter_card":"summary_large_image","twitter_misc":{"Dur\u00e9e de lecture estim\u00e9e":"1 minute"},"schema":{"@context":"https:\/\/schema.org","@graph":[{"@type":"WebPage","@id":"https:\/\/hartizanedesign.com\/producto\/vento-silla-de-comedor-vento-diseno-ligero-tapizado-estructura-metalica\/","url":"https:\/\/hartizanedesign.com\/producto\/vento-silla-de-comedor-vento-diseno-ligero-tapizado-estructura-metalica\/","name":"Vento ( silla de comedor Vento - dise\u00f1o ligero tapizado - estructura met\u00e1lica) - hartizanedesign.com","isPartOf":{"@id":"https:\/\/hartizanedesign.com\/#website"},"primaryImageOfPage":{"@id":"https:\/\/hartizanedesign.com\/producto\/vento-silla-de-comedor-vento-diseno-ligero-tapizado-estructura-metalica\/#primaryimage"},"image":{"@id":"https:\/\/hartizanedesign.com\/producto\/vento-silla-de-comedor-vento-diseno-ligero-tapizado-estructura-metalica\/#primaryimage"},"thumbnailUrl":"https:\/\/hartizanedesign.com\/wp-content\/uploads\/2026\/01\/Vento.png","datePublished":"2026-01-13T22:24:02+00:00","dateModified":"2026-02-16T20:46:41+00:00","breadcrumb":{"@id":"https:\/\/hartizanedesign.com\/producto\/vento-silla-de-comedor-vento-diseno-ligero-tapizado-estructura-metalica\/#breadcrumb"},"inLanguage":"fr-FR","potentialAction":[{"@type":"ReadAction","target":["https:\/\/hartizanedesign.com\/producto\/vento-silla-de-comedor-vento-diseno-ligero-tapizado-estructura-metalica\/"]}]},{"@type":"ImageObject","inLanguage":"fr-FR","@id":"https:\/\/hartizanedesign.com\/producto\/vento-silla-de-comedor-vento-diseno-ligero-tapizado-estructura-metalica\/#primaryimage","url":"https:\/\/hartizanedesign.com\/wp-content\/uploads\/2026\/01\/Vento.png","contentUrl":"https:\/\/hartizanedesign.com\/wp-content\/uploads\/2026\/01\/Vento.png","width":1300,"height":900},{"@type":"BreadcrumbList","@id":"https:\/\/hartizanedesign.com\/producto\/vento-silla-de-comedor-vento-diseno-ligero-tapizado-estructura-metalica\/#breadcrumb","itemListElement":[{"@type":"ListItem","position":1,"name":"Home","item":"https:\/\/hartizanedesign.com\/"},{"@type":"ListItem","position":2,"name":"Tienda","item":"https:\/\/hartizanedesign.com\/boutique\/"},{"@type":"ListItem","position":3,"name":"Vento ( silla de comedor Vento &#8211; dise\u00f1o ligero tapizado &#8211; estructura met\u00e1lica)"}]},{"@type":"WebSite","@id":"https:\/\/hartizanedesign.com\/#website","url":"https:\/\/hartizanedesign.com\/","name":"hartizanedesign.com","description":"","publisher":{"@id":"https:\/\/hartizanedesign.com\/#organization"},"potentialAction":[{"@type":"SearchAction","target":{"@type":"EntryPoint","urlTemplate":"https:\/\/hartizanedesign.com\/?s={search_term_string}"},"query-input":{"@type":"PropertyValueSpecification","valueRequired":true,"valueName":"search_term_string"}}],"inLanguage":"fr-FR"},{"@type":"Organization","@id":"https:\/\/hartizanedesign.com\/#organization","name":"hartizanedesign.com","url":"https:\/\/hartizanedesign.com\/","logo":{"@type":"ImageObject","inLanguage":"fr-FR","@id":"https:\/\/hartizanedesign.com\/#\/schema\/logo\/image\/","url":"https:\/\/hartizanedesign.com\/wp-content\/uploads\/2025\/10\/Logo-commander2_Hartizane_Noire.svg.svg","contentUrl":"https:\/\/hartizanedesign.com\/wp-content\/uploads\/2025\/10\/Logo-commander2_Hartizane_Noire.svg.svg","width":209,"height":62,"caption":"hartizanedesign.com"},"image":{"@id":"https:\/\/hartizanedesign.com\/#\/schema\/logo\/image\/"}}]}},"_links":{"self":[{"href":"https:\/\/hartizanedesign.com\/fr\/wp-json\/wp\/v2\/product\/3979","targetHints":{"allow":["GET"]}}],"collection":[{"href":"https:\/\/hartizanedesign.com\/fr\/wp-json\/wp\/v2\/product"}],"about":[{"href":"https:\/\/hartizanedesign.com\/fr\/wp-json\/wp\/v2\/types\/product"}],"version-history":[{"count":2,"href":"https:\/\/hartizanedesign.com\/fr\/wp-json\/wp\/v2\/product\/3979\/revisions"}],"predecessor-version":[{"id":4710,"href":"https:\/\/hartizanedesign.com\/fr\/wp-json\/wp\/v2\/product\/3979\/revisions\/4710"}],"wp:featuredmedia":[{"embeddable":true,"href":"https:\/\/hartizanedesign.com\/fr\/wp-json\/wp\/v2\/media\/3980"}],"wp:attachment":[{"href":"https:\/\/hartizanedesign.com\/fr\/wp-json\/wp\/v2\/media?parent=3979"}],"wp:term":[{"taxonomy":"product_brand","embeddable":true,"href":"https:\/\/hartizanedesign.com\/fr\/wp-json\/wp\/v2\/product_brand?post=3979"},{"taxonomy":"product_cat","embeddable":true,"href":"https:\/\/hartizanedesign.com\/fr\/wp-json\/wp\/v2\/product_cat?post=3979"},{"taxonomy":"product_tag","embeddable":true,"href":"https:\/\/hartizanedesign.com\/fr\/wp-json\/wp\/v2\/product_tag?post=3979"}],"curies":[{"name":"wp","href":"https:\/\/api.w.org\/{rel}","templated":true}]}}