{"id":3985,"date":"2026-01-14T00:18:15","date_gmt":"2026-01-13T23:18:15","guid":{"rendered":"https:\/\/hartizanedesign.com\/?post_type=product&#038;p=3985"},"modified":"2026-02-16T20:46:04","modified_gmt":"2026-02-16T20:46:04","slug":"tempo-silla-de-comedor-tempo-diseno-arquitectonico-tapizado-boucle","status":"publish","type":"product","link":"https:\/\/hartizanedesign.com\/fr\/produit\/tempo-chaise-salle-a-manger-design-architectural-tapissage-boucle\/","title":{"rendered":"TEMPO (Chaise de salle \u00e0 manger Tempo \u2013 design architectural recouvert de tissu boucl\u00e9)"},"content":{"rendered":"","protected":false},"excerpt":{"rendered":"<p>Cette chaise est une v\u00e9ritable pi\u00e8ce de collection, o\u00f9 l\u2019audace architecturale rencontre un confort absolu. Sa silhouette se distingue par un dossier cylindrique g\u00e9n\u00e9reux, tapiss\u00e9 d\u2019un tissu boucl\u00e9 blanc d\u2019une douceur exceptionnelle, semblant flotter au-dessus d\u2019une structure en bois noir profond. Le contraste entre la base g\u00e9om\u00e9trique aux lignes d\u00e9finies et la rondeur organique de l\u2019assise cr\u00e9e un \u00e9quilibre visuel saisissant.<\/p>\n<p>Sa mousse technique HR premium, alliant confort prolong\u00e9 et r\u00e9cup\u00e9ration efficace, assure une ergonomie impeccable m\u00eame en usage intensif. Son bois massif de haute qualit\u00e9 garantit une structure irr\u00e9prochable, renfor\u00e7ant la pr\u00e9sence noble et la durabilit\u00e9 de la pi\u00e8ce.<\/p>\n<p>Sa mousse technique HR premium, alliant confort prolong\u00e9 et r\u00e9cup\u00e9ration efficace, assure une ergonomie impeccable m\u00eame en usage intensif. Son bois massif de haute qualit\u00e9 garantit une structure irr\u00e9prochable, renfor\u00e7ant la pr\u00e9sence noble et la durabilit\u00e9 de la pi\u00e8ce.<\/p>\n<ul>\n<li><span style=\"font-weight: 400;\">Dimensiones : 85\u00a0 x 55 x 50\u00a0<\/span><\/li>\n<\/ul>","protected":false},"featured_media":3986,"template":"","meta":[],"product_brand":[],"product_cat":[234],"product_tag":[],"class_list":{"0":"post-3985","1":"product","2":"type-product","3":"status-publish","4":"has-post-thumbnail","6":"product_cat-sillas","8":"first","9":"instock","10":"sale","11":"taxable","12":"shipping-taxable","13":"purchasable","14":"product-type-variable"},"yoast_head":"<!-- This site is optimized with the Yoast SEO plugin v27.4 - https:\/\/yoast.com\/product\/yoast-seo-wordpress\/ -->\n<title>TEMPO ( silla de comedor Tempo - dise\u00f1o arquitect\u00f3nico tapizado boucl\u00e9 ) - hartizanedesign.com<\/title>\n<meta name=\"robots\" content=\"index, follow, max-snippet:-1, max-image-preview:large, max-video-preview:-1\" \/>\n<link rel=\"canonical\" href=\"https:\/\/hartizanedesign.com\/fr\/produit\/tempo-chaise-salle-a-manger-design-architectural-tapissage-boucle\/\" \/>\n<meta property=\"og:locale\" content=\"fr_FR\" \/>\n<meta property=\"og:type\" content=\"article\" \/>\n<meta property=\"og:title\" content=\"TEMPO ( silla de comedor Tempo - dise\u00f1o arquitect\u00f3nico tapizado boucl\u00e9 ) - hartizanedesign.com\" \/>\n<meta property=\"og:description\" content=\"Esta silla es una verdadera pieza de colecci\u00f3n, donde la audacia arquitect\u00f3nica se encuentra con un confort absoluto. Su silueta destaca por un respaldo cil\u00edndrico generoso, tapizado en un tejido de boucl\u00e9 blanco de una suavidad excepcional, que parece flotar sobre una estructura de madera negra profunda. El contraste entre la base geom\u00e9trica de l\u00edneas definidas y la redondez org\u00e1nica del asiento crea un equilibrio visual impactante.  La espuma t\u00e9cnica HR premium, que combina confort prolongado con una recuperaci\u00f3n efectiva, asegura una ergonom\u00eda impecable incluso con el uso continuo. La madera maciza de alta calidad aporta una estructura impecable, reforzando la presencia noble y la durabilidad de la pieza.  Cada elemento ha sido dise\u00f1ado para ofrecer una presencia escult\u00f3rica en su comedor, transformando un asiento sencillo en un objeto de arte contempor\u00e1neo. La alianza de la madera oscura y el textil texturizado de alta gama garantiza una elegancia atemporal y un car\u00e1cter definido para los interiores m\u00e1s prestigiosos.   Dimensiones : 85\u00a0 x 55 x 50\u00a0\" \/>\n<meta property=\"og:url\" content=\"https:\/\/hartizanedesign.com\/fr\/produit\/tempo-chaise-salle-a-manger-design-architectural-tapissage-boucle\/\" \/>\n<meta property=\"og:site_name\" content=\"hartizanedesign.com\" \/>\n<meta property=\"article:modified_time\" content=\"2026-02-16T20:46:04+00:00\" \/>\n<meta property=\"og:image\" content=\"https:\/\/hartizanedesign.com\/wp-content\/uploads\/2026\/01\/TEMPO.png\" \/>\n\t<meta property=\"og:image:width\" content=\"1300\" \/>\n\t<meta property=\"og:image:height\" content=\"900\" \/>\n\t<meta property=\"og:image:type\" content=\"image\/png\" \/>\n<meta name=\"twitter:card\" content=\"summary_large_image\" \/>\n<meta name=\"twitter:label1\" content=\"Dur\u00e9e de lecture estim\u00e9e\" \/>\n\t<meta name=\"twitter:data1\" content=\"1 minute\" \/>\n<script type=\"application\/ld+json\" class=\"yoast-schema-graph\">{\"@context\":\"https:\\\/\\\/schema.org\",\"@graph\":[{\"@type\":\"WebPage\",\"@id\":\"https:\\\/\\\/hartizanedesign.com\\\/producto\\\/tempo-silla-de-comedor-tempo-diseno-arquitectonico-tapizado-boucle\\\/\",\"url\":\"https:\\\/\\\/hartizanedesign.com\\\/producto\\\/tempo-silla-de-comedor-tempo-diseno-arquitectonico-tapizado-boucle\\\/\",\"name\":\"TEMPO ( silla de comedor Tempo - dise\u00f1o arquitect\u00f3nico tapizado boucl\u00e9 ) - hartizanedesign.com\",\"isPartOf\":{\"@id\":\"https:\\\/\\\/hartizanedesign.com\\\/#website\"},\"primaryImageOfPage\":{\"@id\":\"https:\\\/\\\/hartizanedesign.com\\\/producto\\\/tempo-silla-de-comedor-tempo-diseno-arquitectonico-tapizado-boucle\\\/#primaryimage\"},\"image\":{\"@id\":\"https:\\\/\\\/hartizanedesign.com\\\/producto\\\/tempo-silla-de-comedor-tempo-diseno-arquitectonico-tapizado-boucle\\\/#primaryimage\"},\"thumbnailUrl\":\"https:\\\/\\\/hartizanedesign.com\\\/wp-content\\\/uploads\\\/2026\\\/01\\\/TEMPO.png\",\"datePublished\":\"2026-01-13T23:18:15+00:00\",\"dateModified\":\"2026-02-16T20:46:04+00:00\",\"breadcrumb\":{\"@id\":\"https:\\\/\\\/hartizanedesign.com\\\/producto\\\/tempo-silla-de-comedor-tempo-diseno-arquitectonico-tapizado-boucle\\\/#breadcrumb\"},\"inLanguage\":\"fr-FR\",\"potentialAction\":[{\"@type\":\"ReadAction\",\"target\":[\"https:\\\/\\\/hartizanedesign.com\\\/producto\\\/tempo-silla-de-comedor-tempo-diseno-arquitectonico-tapizado-boucle\\\/\"]}]},{\"@type\":\"ImageObject\",\"inLanguage\":\"fr-FR\",\"@id\":\"https:\\\/\\\/hartizanedesign.com\\\/producto\\\/tempo-silla-de-comedor-tempo-diseno-arquitectonico-tapizado-boucle\\\/#primaryimage\",\"url\":\"https:\\\/\\\/hartizanedesign.com\\\/wp-content\\\/uploads\\\/2026\\\/01\\\/TEMPO.png\",\"contentUrl\":\"https:\\\/\\\/hartizanedesign.com\\\/wp-content\\\/uploads\\\/2026\\\/01\\\/TEMPO.png\",\"width\":1300,\"height\":900},{\"@type\":\"BreadcrumbList\",\"@id\":\"https:\\\/\\\/hartizanedesign.com\\\/producto\\\/tempo-silla-de-comedor-tempo-diseno-arquitectonico-tapizado-boucle\\\/#breadcrumb\",\"itemListElement\":[{\"@type\":\"ListItem\",\"position\":1,\"name\":\"Home\",\"item\":\"https:\\\/\\\/hartizanedesign.com\\\/\"},{\"@type\":\"ListItem\",\"position\":2,\"name\":\"Tienda\",\"item\":\"https:\\\/\\\/hartizanedesign.com\\\/boutique\\\/\"},{\"@type\":\"ListItem\",\"position\":3,\"name\":\"TEMPO ( silla de comedor Tempo &#8211; dise\u00f1o arquitect\u00f3nico tapizado boucl\u00e9 )\"}]},{\"@type\":\"WebSite\",\"@id\":\"https:\\\/\\\/hartizanedesign.com\\\/#website\",\"url\":\"https:\\\/\\\/hartizanedesign.com\\\/\",\"name\":\"hartizanedesign.com\",\"description\":\"\",\"publisher\":{\"@id\":\"https:\\\/\\\/hartizanedesign.com\\\/#organization\"},\"potentialAction\":[{\"@type\":\"SearchAction\",\"target\":{\"@type\":\"EntryPoint\",\"urlTemplate\":\"https:\\\/\\\/hartizanedesign.com\\\/?s={search_term_string}\"},\"query-input\":{\"@type\":\"PropertyValueSpecification\",\"valueRequired\":true,\"valueName\":\"search_term_string\"}}],\"inLanguage\":\"fr-FR\"},{\"@type\":\"Organization\",\"@id\":\"https:\\\/\\\/hartizanedesign.com\\\/#organization\",\"name\":\"hartizanedesign.com\",\"url\":\"https:\\\/\\\/hartizanedesign.com\\\/\",\"logo\":{\"@type\":\"ImageObject\",\"inLanguage\":\"fr-FR\",\"@id\":\"https:\\\/\\\/hartizanedesign.com\\\/#\\\/schema\\\/logo\\\/image\\\/\",\"url\":\"https:\\\/\\\/hartizanedesign.com\\\/wp-content\\\/uploads\\\/2025\\\/10\\\/Logo-commander2_Hartizane_Noire.svg.svg\",\"contentUrl\":\"https:\\\/\\\/hartizanedesign.com\\\/wp-content\\\/uploads\\\/2025\\\/10\\\/Logo-commander2_Hartizane_Noire.svg.svg\",\"width\":209,\"height\":62,\"caption\":\"hartizanedesign.com\"},\"image\":{\"@id\":\"https:\\\/\\\/hartizanedesign.com\\\/#\\\/schema\\\/logo\\\/image\\\/\"}}]}<\/script>\n<!-- \/ Yoast SEO plugin. -->","yoast_head_json":{"title":"TEMPO ( silla de comedor Tempo - dise\u00f1o arquitect\u00f3nico tapizado boucl\u00e9 ) - hartizanedesign.com","robots":{"index":"index","follow":"follow","max-snippet":"max-snippet:-1","max-image-preview":"max-image-preview:large","max-video-preview":"max-video-preview:-1"},"canonical":"https:\/\/hartizanedesign.com\/fr\/produit\/tempo-chaise-salle-a-manger-design-architectural-tapissage-boucle\/","og_locale":"fr_FR","og_type":"article","og_title":"TEMPO ( silla de comedor Tempo - dise\u00f1o arquitect\u00f3nico tapizado boucl\u00e9 ) - hartizanedesign.com","og_description":"Esta silla es una verdadera pieza de colecci\u00f3n, donde la audacia arquitect\u00f3nica se encuentra con un confort absoluto. Su silueta destaca por un respaldo cil\u00edndrico generoso, tapizado en un tejido de boucl\u00e9 blanco de una suavidad excepcional, que parece flotar sobre una estructura de madera negra profunda. El contraste entre la base geom\u00e9trica de l\u00edneas definidas y la redondez org\u00e1nica del asiento crea un equilibrio visual impactante.  La espuma t\u00e9cnica HR premium, que combina confort prolongado con una recuperaci\u00f3n efectiva, asegura una ergonom\u00eda impecable incluso con el uso continuo. La madera maciza de alta calidad aporta una estructura impecable, reforzando la presencia noble y la durabilidad de la pieza.  Cada elemento ha sido dise\u00f1ado para ofrecer una presencia escult\u00f3rica en su comedor, transformando un asiento sencillo en un objeto de arte contempor\u00e1neo. La alianza de la madera oscura y el textil texturizado de alta gama garantiza una elegancia atemporal y un car\u00e1cter definido para los interiores m\u00e1s prestigiosos.   Dimensiones : 85\u00a0 x 55 x 50\u00a0","og_url":"https:\/\/hartizanedesign.com\/fr\/produit\/tempo-chaise-salle-a-manger-design-architectural-tapissage-boucle\/","og_site_name":"hartizanedesign.com","article_modified_time":"2026-02-16T20:46:04+00:00","og_image":[{"width":1300,"height":900,"url":"https:\/\/hartizanedesign.com\/wp-content\/uploads\/2026\/01\/TEMPO.png","type":"image\/png"}],"twitter_card":"summary_large_image","twitter_misc":{"Dur\u00e9e de lecture estim\u00e9e":"1 minute"},"schema":{"@context":"https:\/\/schema.org","@graph":[{"@type":"WebPage","@id":"https:\/\/hartizanedesign.com\/producto\/tempo-silla-de-comedor-tempo-diseno-arquitectonico-tapizado-boucle\/","url":"https:\/\/hartizanedesign.com\/producto\/tempo-silla-de-comedor-tempo-diseno-arquitectonico-tapizado-boucle\/","name":"TEMPO ( silla de comedor Tempo - dise\u00f1o arquitect\u00f3nico tapizado boucl\u00e9 ) - hartizanedesign.com","isPartOf":{"@id":"https:\/\/hartizanedesign.com\/#website"},"primaryImageOfPage":{"@id":"https:\/\/hartizanedesign.com\/producto\/tempo-silla-de-comedor-tempo-diseno-arquitectonico-tapizado-boucle\/#primaryimage"},"image":{"@id":"https:\/\/hartizanedesign.com\/producto\/tempo-silla-de-comedor-tempo-diseno-arquitectonico-tapizado-boucle\/#primaryimage"},"thumbnailUrl":"https:\/\/hartizanedesign.com\/wp-content\/uploads\/2026\/01\/TEMPO.png","datePublished":"2026-01-13T23:18:15+00:00","dateModified":"2026-02-16T20:46:04+00:00","breadcrumb":{"@id":"https:\/\/hartizanedesign.com\/producto\/tempo-silla-de-comedor-tempo-diseno-arquitectonico-tapizado-boucle\/#breadcrumb"},"inLanguage":"fr-FR","potentialAction":[{"@type":"ReadAction","target":["https:\/\/hartizanedesign.com\/producto\/tempo-silla-de-comedor-tempo-diseno-arquitectonico-tapizado-boucle\/"]}]},{"@type":"ImageObject","inLanguage":"fr-FR","@id":"https:\/\/hartizanedesign.com\/producto\/tempo-silla-de-comedor-tempo-diseno-arquitectonico-tapizado-boucle\/#primaryimage","url":"https:\/\/hartizanedesign.com\/wp-content\/uploads\/2026\/01\/TEMPO.png","contentUrl":"https:\/\/hartizanedesign.com\/wp-content\/uploads\/2026\/01\/TEMPO.png","width":1300,"height":900},{"@type":"BreadcrumbList","@id":"https:\/\/hartizanedesign.com\/producto\/tempo-silla-de-comedor-tempo-diseno-arquitectonico-tapizado-boucle\/#breadcrumb","itemListElement":[{"@type":"ListItem","position":1,"name":"Home","item":"https:\/\/hartizanedesign.com\/"},{"@type":"ListItem","position":2,"name":"Tienda","item":"https:\/\/hartizanedesign.com\/boutique\/"},{"@type":"ListItem","position":3,"name":"TEMPO ( silla de comedor Tempo &#8211; dise\u00f1o arquitect\u00f3nico tapizado boucl\u00e9 )"}]},{"@type":"WebSite","@id":"https:\/\/hartizanedesign.com\/#website","url":"https:\/\/hartizanedesign.com\/","name":"hartizanedesign.com","description":"","publisher":{"@id":"https:\/\/hartizanedesign.com\/#organization"},"potentialAction":[{"@type":"SearchAction","target":{"@type":"EntryPoint","urlTemplate":"https:\/\/hartizanedesign.com\/?s={search_term_string}"},"query-input":{"@type":"PropertyValueSpecification","valueRequired":true,"valueName":"search_term_string"}}],"inLanguage":"fr-FR"},{"@type":"Organization","@id":"https:\/\/hartizanedesign.com\/#organization","name":"hartizanedesign.com","url":"https:\/\/hartizanedesign.com\/","logo":{"@type":"ImageObject","inLanguage":"fr-FR","@id":"https:\/\/hartizanedesign.com\/#\/schema\/logo\/image\/","url":"https:\/\/hartizanedesign.com\/wp-content\/uploads\/2025\/10\/Logo-commander2_Hartizane_Noire.svg.svg","contentUrl":"https:\/\/hartizanedesign.com\/wp-content\/uploads\/2025\/10\/Logo-commander2_Hartizane_Noire.svg.svg","width":209,"height":62,"caption":"hartizanedesign.com"},"image":{"@id":"https:\/\/hartizanedesign.com\/#\/schema\/logo\/image\/"}}]}},"_links":{"self":[{"href":"https:\/\/hartizanedesign.com\/fr\/wp-json\/wp\/v2\/product\/3985","targetHints":{"allow":["GET"]}}],"collection":[{"href":"https:\/\/hartizanedesign.com\/fr\/wp-json\/wp\/v2\/product"}],"about":[{"href":"https:\/\/hartizanedesign.com\/fr\/wp-json\/wp\/v2\/types\/product"}],"version-history":[{"count":2,"href":"https:\/\/hartizanedesign.com\/fr\/wp-json\/wp\/v2\/product\/3985\/revisions"}],"predecessor-version":[{"id":4709,"href":"https:\/\/hartizanedesign.com\/fr\/wp-json\/wp\/v2\/product\/3985\/revisions\/4709"}],"wp:featuredmedia":[{"embeddable":true,"href":"https:\/\/hartizanedesign.com\/fr\/wp-json\/wp\/v2\/media\/3986"}],"wp:attachment":[{"href":"https:\/\/hartizanedesign.com\/fr\/wp-json\/wp\/v2\/media?parent=3985"}],"wp:term":[{"taxonomy":"product_brand","embeddable":true,"href":"https:\/\/hartizanedesign.com\/fr\/wp-json\/wp\/v2\/product_brand?post=3985"},{"taxonomy":"product_cat","embeddable":true,"href":"https:\/\/hartizanedesign.com\/fr\/wp-json\/wp\/v2\/product_cat?post=3985"},{"taxonomy":"product_tag","embeddable":true,"href":"https:\/\/hartizanedesign.com\/fr\/wp-json\/wp\/v2\/product_tag?post=3985"}],"curies":[{"name":"wp","href":"https:\/\/api.w.org\/{rel}","templated":true}]}}