{"id":3991,"date":"2026-01-14T00:41:07","date_gmt":"2026-01-13T23:41:07","guid":{"rendered":"https:\/\/hartizanedesign.com\/?post_type=product&#038;p=3991"},"modified":"2026-02-16T20:44:47","modified_gmt":"2026-02-16T20:44:47","slug":"arco-silla-de-comedor-arco-estilo-japandi-tapizado-suave-estructura-de-madera-clara","status":"publish","type":"product","link":"https:\/\/hartizanedesign.com\/fr\/produit\/arco-chaise-salle-a-manger-style-japandi-tapissage-doux-structure-bois-clair\/","title":{"rendered":"ARCO (Chaise de salle \u00e0 manger Arco \u2013 style Japandi rembourr\u00e9 souple \u2013 structure en bois l\u00e9ger)"},"content":{"rendered":"","protected":false},"excerpt":{"rendered":"<p>Red\u00e9finissez votre int\u00e9rieur avec ce si\u00e8ge d\u2019exception qui fusionne l\u2019esth\u00e9tique japonaise et le confort scandinave. Le bois clair, s\u00e9lectionn\u00e9 pour la finesse de son veinage, est travaill\u00e9 afin de cr\u00e9er une base architecturale robuste qui sublime la l\u00e9g\u00e8ret\u00e9 visuelle du dossier en forme de galet. Le choix d\u2019un tissu textur\u00e9 boucl\u00e9 haut de gamme apporte une dimension tactile luxueuse, offrant un accueil doux et enveloppant. <i>boucl\u00e9<\/i> de alta gama aporta una dimensi\u00f3n t\u00e1ctil lujosa, ofreciendo una acogida suave y envolvente.<\/p>\n<p>Sa structure noble en bois massif de premi\u00e8re qualit\u00e9 garantit stabilit\u00e9 et durabilit\u00e9, renfor\u00e7ant le caract\u00e8re artisanal de la pi\u00e8ce. Sa mousse HR haute r\u00e9silience est id\u00e9ale pour pr\u00e9server le confort et l\u2019int\u00e9grit\u00e9 de l\u2019assise au fil des ann\u00e9es, assurant bien-\u00eatre et tenue dans le temps.<\/p>\n<p>Ce fauteuil incarne l\u2019expression d\u2019un design avant-gardiste o\u00f9 la puret\u00e9 des formes g\u00e9om\u00e9triques rencontre la noblesse des mati\u00e8res premi\u00e8res, cr\u00e9ant une atmosph\u00e8re chaleureuse et r\u00e9solument haut de gamme.<\/p>\n<ul>\n<li style=\"font-weight: 400;\" aria-level=\"1\"><span style=\"font-weight: 400;\">Dimensiones<\/span><span style=\"font-weight: 400;\">\u00a0: 85 x 55 x 50 <\/span><\/li>\n<\/ul>","protected":false},"featured_media":3992,"template":"","meta":[],"product_brand":[],"product_cat":[234],"product_tag":[],"class_list":{"0":"post-3991","1":"product","2":"type-product","3":"status-publish","4":"has-post-thumbnail","6":"product_cat-sillas","8":"first","9":"instock","10":"sale","11":"taxable","12":"shipping-taxable","13":"purchasable","14":"product-type-variable"},"yoast_head":"<!-- This site is optimized with the Yoast SEO plugin v27.4 - https:\/\/yoast.com\/product\/yoast-seo-wordpress\/ -->\n<title>ARCO ( silla de comedor Arco - estilo japandi tapizado suave - estructura de madera clara) - hartizanedesign.com<\/title>\n<meta name=\"robots\" content=\"index, follow, max-snippet:-1, max-image-preview:large, max-video-preview:-1\" \/>\n<link rel=\"canonical\" href=\"https:\/\/hartizanedesign.com\/fr\/produit\/arco-chaise-salle-a-manger-style-japandi-tapissage-doux-structure-bois-clair\/\" \/>\n<meta property=\"og:locale\" content=\"fr_FR\" \/>\n<meta property=\"og:type\" content=\"article\" \/>\n<meta property=\"og:title\" content=\"ARCO ( silla de comedor Arco - estilo japandi tapizado suave - estructura de madera clara) - hartizanedesign.com\" \/>\n<meta property=\"og:description\" content=\"Redefina su interior con este asiento excepcional que fusiona la est\u00e9tica japonesa y el confort escandinavo. La madera clara, seleccionada por la finura de su veta, se trabaja para crear una base arquitect\u00f3nica robusta que realza la ligereza visual del respaldo en forma de guijarro. La elecci\u00f3n de un textil texturizado boucl\u00e9 de alta gama aporta una dimensi\u00f3n t\u00e1ctil lujosa, ofreciendo una acogida suave y envolvente.  Su estructura noble realizada en madera maciza de primera garantiza estabilidad y durabilidad, reforzando el car\u00e1cter artesanal de la pieza. La espuma HR de alta resiliencia es perfecta para mantener la comodidad y su integridad con los a\u00f1os, proporcionando un confort \u00f3ptimo incluso en usos prolongados.  Esta silla es la expresi\u00f3n de un dise\u00f1o vanguardista donde la pureza de las formas geom\u00e9tricas se encuentra con la nobleza de las materias primas para crear una atm\u00f3sfera acogedora y decididamente de alta gama.   Dimensiones\u00a0: 85 x 55 x 50\" \/>\n<meta property=\"og:url\" content=\"https:\/\/hartizanedesign.com\/fr\/produit\/arco-chaise-salle-a-manger-style-japandi-tapissage-doux-structure-bois-clair\/\" \/>\n<meta property=\"og:site_name\" content=\"hartizanedesign.com\" \/>\n<meta property=\"article:modified_time\" content=\"2026-02-16T20:44:47+00:00\" \/>\n<meta property=\"og:image\" content=\"https:\/\/hartizanedesign.com\/wp-content\/uploads\/2026\/01\/ARCO.png\" \/>\n\t<meta property=\"og:image:width\" content=\"1300\" \/>\n\t<meta property=\"og:image:height\" content=\"900\" \/>\n\t<meta property=\"og:image:type\" content=\"image\/png\" \/>\n<meta name=\"twitter:card\" content=\"summary_large_image\" \/>\n<meta name=\"twitter:label1\" content=\"Dur\u00e9e de lecture estim\u00e9e\" \/>\n\t<meta name=\"twitter:data1\" content=\"1 minute\" \/>\n<script type=\"application\/ld+json\" class=\"yoast-schema-graph\">{\"@context\":\"https:\\\/\\\/schema.org\",\"@graph\":[{\"@type\":\"WebPage\",\"@id\":\"https:\\\/\\\/hartizanedesign.com\\\/producto\\\/arco-silla-de-comedor-arco-estilo-japandi-tapizado-suave-estructura-de-madera-clara\\\/\",\"url\":\"https:\\\/\\\/hartizanedesign.com\\\/producto\\\/arco-silla-de-comedor-arco-estilo-japandi-tapizado-suave-estructura-de-madera-clara\\\/\",\"name\":\"ARCO ( silla de comedor Arco - estilo japandi tapizado suave - estructura de madera clara) - hartizanedesign.com\",\"isPartOf\":{\"@id\":\"https:\\\/\\\/hartizanedesign.com\\\/#website\"},\"primaryImageOfPage\":{\"@id\":\"https:\\\/\\\/hartizanedesign.com\\\/producto\\\/arco-silla-de-comedor-arco-estilo-japandi-tapizado-suave-estructura-de-madera-clara\\\/#primaryimage\"},\"image\":{\"@id\":\"https:\\\/\\\/hartizanedesign.com\\\/producto\\\/arco-silla-de-comedor-arco-estilo-japandi-tapizado-suave-estructura-de-madera-clara\\\/#primaryimage\"},\"thumbnailUrl\":\"https:\\\/\\\/hartizanedesign.com\\\/wp-content\\\/uploads\\\/2026\\\/01\\\/ARCO.png\",\"datePublished\":\"2026-01-13T23:41:07+00:00\",\"dateModified\":\"2026-02-16T20:44:47+00:00\",\"breadcrumb\":{\"@id\":\"https:\\\/\\\/hartizanedesign.com\\\/producto\\\/arco-silla-de-comedor-arco-estilo-japandi-tapizado-suave-estructura-de-madera-clara\\\/#breadcrumb\"},\"inLanguage\":\"fr-FR\",\"potentialAction\":[{\"@type\":\"ReadAction\",\"target\":[\"https:\\\/\\\/hartizanedesign.com\\\/producto\\\/arco-silla-de-comedor-arco-estilo-japandi-tapizado-suave-estructura-de-madera-clara\\\/\"]}]},{\"@type\":\"ImageObject\",\"inLanguage\":\"fr-FR\",\"@id\":\"https:\\\/\\\/hartizanedesign.com\\\/producto\\\/arco-silla-de-comedor-arco-estilo-japandi-tapizado-suave-estructura-de-madera-clara\\\/#primaryimage\",\"url\":\"https:\\\/\\\/hartizanedesign.com\\\/wp-content\\\/uploads\\\/2026\\\/01\\\/ARCO.png\",\"contentUrl\":\"https:\\\/\\\/hartizanedesign.com\\\/wp-content\\\/uploads\\\/2026\\\/01\\\/ARCO.png\",\"width\":1300,\"height\":900},{\"@type\":\"BreadcrumbList\",\"@id\":\"https:\\\/\\\/hartizanedesign.com\\\/producto\\\/arco-silla-de-comedor-arco-estilo-japandi-tapizado-suave-estructura-de-madera-clara\\\/#breadcrumb\",\"itemListElement\":[{\"@type\":\"ListItem\",\"position\":1,\"name\":\"Home\",\"item\":\"https:\\\/\\\/hartizanedesign.com\\\/\"},{\"@type\":\"ListItem\",\"position\":2,\"name\":\"Tienda\",\"item\":\"https:\\\/\\\/hartizanedesign.com\\\/boutique\\\/\"},{\"@type\":\"ListItem\",\"position\":3,\"name\":\"ARCO ( silla de comedor Arco &#8211; estilo japandi tapizado suave &#8211; estructura de madera clara)\"}]},{\"@type\":\"WebSite\",\"@id\":\"https:\\\/\\\/hartizanedesign.com\\\/#website\",\"url\":\"https:\\\/\\\/hartizanedesign.com\\\/\",\"name\":\"hartizanedesign.com\",\"description\":\"\",\"publisher\":{\"@id\":\"https:\\\/\\\/hartizanedesign.com\\\/#organization\"},\"potentialAction\":[{\"@type\":\"SearchAction\",\"target\":{\"@type\":\"EntryPoint\",\"urlTemplate\":\"https:\\\/\\\/hartizanedesign.com\\\/?s={search_term_string}\"},\"query-input\":{\"@type\":\"PropertyValueSpecification\",\"valueRequired\":true,\"valueName\":\"search_term_string\"}}],\"inLanguage\":\"fr-FR\"},{\"@type\":\"Organization\",\"@id\":\"https:\\\/\\\/hartizanedesign.com\\\/#organization\",\"name\":\"hartizanedesign.com\",\"url\":\"https:\\\/\\\/hartizanedesign.com\\\/\",\"logo\":{\"@type\":\"ImageObject\",\"inLanguage\":\"fr-FR\",\"@id\":\"https:\\\/\\\/hartizanedesign.com\\\/#\\\/schema\\\/logo\\\/image\\\/\",\"url\":\"https:\\\/\\\/hartizanedesign.com\\\/wp-content\\\/uploads\\\/2025\\\/10\\\/Logo-commander2_Hartizane_Noire.svg.svg\",\"contentUrl\":\"https:\\\/\\\/hartizanedesign.com\\\/wp-content\\\/uploads\\\/2025\\\/10\\\/Logo-commander2_Hartizane_Noire.svg.svg\",\"width\":209,\"height\":62,\"caption\":\"hartizanedesign.com\"},\"image\":{\"@id\":\"https:\\\/\\\/hartizanedesign.com\\\/#\\\/schema\\\/logo\\\/image\\\/\"}}]}<\/script>\n<!-- \/ Yoast SEO plugin. -->","yoast_head_json":{"title":"ARCO ( silla de comedor Arco - estilo japandi tapizado suave - estructura de madera clara) - hartizanedesign.com","robots":{"index":"index","follow":"follow","max-snippet":"max-snippet:-1","max-image-preview":"max-image-preview:large","max-video-preview":"max-video-preview:-1"},"canonical":"https:\/\/hartizanedesign.com\/fr\/produit\/arco-chaise-salle-a-manger-style-japandi-tapissage-doux-structure-bois-clair\/","og_locale":"fr_FR","og_type":"article","og_title":"ARCO ( silla de comedor Arco - estilo japandi tapizado suave - estructura de madera clara) - hartizanedesign.com","og_description":"Redefina su interior con este asiento excepcional que fusiona la est\u00e9tica japonesa y el confort escandinavo. La madera clara, seleccionada por la finura de su veta, se trabaja para crear una base arquitect\u00f3nica robusta que realza la ligereza visual del respaldo en forma de guijarro. La elecci\u00f3n de un textil texturizado boucl\u00e9 de alta gama aporta una dimensi\u00f3n t\u00e1ctil lujosa, ofreciendo una acogida suave y envolvente.  Su estructura noble realizada en madera maciza de primera garantiza estabilidad y durabilidad, reforzando el car\u00e1cter artesanal de la pieza. La espuma HR de alta resiliencia es perfecta para mantener la comodidad y su integridad con los a\u00f1os, proporcionando un confort \u00f3ptimo incluso en usos prolongados.  Esta silla es la expresi\u00f3n de un dise\u00f1o vanguardista donde la pureza de las formas geom\u00e9tricas se encuentra con la nobleza de las materias primas para crear una atm\u00f3sfera acogedora y decididamente de alta gama.   Dimensiones\u00a0: 85 x 55 x 50","og_url":"https:\/\/hartizanedesign.com\/fr\/produit\/arco-chaise-salle-a-manger-style-japandi-tapissage-doux-structure-bois-clair\/","og_site_name":"hartizanedesign.com","article_modified_time":"2026-02-16T20:44:47+00:00","og_image":[{"width":1300,"height":900,"url":"https:\/\/hartizanedesign.com\/wp-content\/uploads\/2026\/01\/ARCO.png","type":"image\/png"}],"twitter_card":"summary_large_image","twitter_misc":{"Dur\u00e9e de lecture estim\u00e9e":"1 minute"},"schema":{"@context":"https:\/\/schema.org","@graph":[{"@type":"WebPage","@id":"https:\/\/hartizanedesign.com\/producto\/arco-silla-de-comedor-arco-estilo-japandi-tapizado-suave-estructura-de-madera-clara\/","url":"https:\/\/hartizanedesign.com\/producto\/arco-silla-de-comedor-arco-estilo-japandi-tapizado-suave-estructura-de-madera-clara\/","name":"ARCO ( silla de comedor Arco - estilo japandi tapizado suave - estructura de madera clara) - hartizanedesign.com","isPartOf":{"@id":"https:\/\/hartizanedesign.com\/#website"},"primaryImageOfPage":{"@id":"https:\/\/hartizanedesign.com\/producto\/arco-silla-de-comedor-arco-estilo-japandi-tapizado-suave-estructura-de-madera-clara\/#primaryimage"},"image":{"@id":"https:\/\/hartizanedesign.com\/producto\/arco-silla-de-comedor-arco-estilo-japandi-tapizado-suave-estructura-de-madera-clara\/#primaryimage"},"thumbnailUrl":"https:\/\/hartizanedesign.com\/wp-content\/uploads\/2026\/01\/ARCO.png","datePublished":"2026-01-13T23:41:07+00:00","dateModified":"2026-02-16T20:44:47+00:00","breadcrumb":{"@id":"https:\/\/hartizanedesign.com\/producto\/arco-silla-de-comedor-arco-estilo-japandi-tapizado-suave-estructura-de-madera-clara\/#breadcrumb"},"inLanguage":"fr-FR","potentialAction":[{"@type":"ReadAction","target":["https:\/\/hartizanedesign.com\/producto\/arco-silla-de-comedor-arco-estilo-japandi-tapizado-suave-estructura-de-madera-clara\/"]}]},{"@type":"ImageObject","inLanguage":"fr-FR","@id":"https:\/\/hartizanedesign.com\/producto\/arco-silla-de-comedor-arco-estilo-japandi-tapizado-suave-estructura-de-madera-clara\/#primaryimage","url":"https:\/\/hartizanedesign.com\/wp-content\/uploads\/2026\/01\/ARCO.png","contentUrl":"https:\/\/hartizanedesign.com\/wp-content\/uploads\/2026\/01\/ARCO.png","width":1300,"height":900},{"@type":"BreadcrumbList","@id":"https:\/\/hartizanedesign.com\/producto\/arco-silla-de-comedor-arco-estilo-japandi-tapizado-suave-estructura-de-madera-clara\/#breadcrumb","itemListElement":[{"@type":"ListItem","position":1,"name":"Home","item":"https:\/\/hartizanedesign.com\/"},{"@type":"ListItem","position":2,"name":"Tienda","item":"https:\/\/hartizanedesign.com\/boutique\/"},{"@type":"ListItem","position":3,"name":"ARCO ( silla de comedor Arco &#8211; estilo japandi tapizado suave &#8211; estructura de madera clara)"}]},{"@type":"WebSite","@id":"https:\/\/hartizanedesign.com\/#website","url":"https:\/\/hartizanedesign.com\/","name":"hartizanedesign.com","description":"","publisher":{"@id":"https:\/\/hartizanedesign.com\/#organization"},"potentialAction":[{"@type":"SearchAction","target":{"@type":"EntryPoint","urlTemplate":"https:\/\/hartizanedesign.com\/?s={search_term_string}"},"query-input":{"@type":"PropertyValueSpecification","valueRequired":true,"valueName":"search_term_string"}}],"inLanguage":"fr-FR"},{"@type":"Organization","@id":"https:\/\/hartizanedesign.com\/#organization","name":"hartizanedesign.com","url":"https:\/\/hartizanedesign.com\/","logo":{"@type":"ImageObject","inLanguage":"fr-FR","@id":"https:\/\/hartizanedesign.com\/#\/schema\/logo\/image\/","url":"https:\/\/hartizanedesign.com\/wp-content\/uploads\/2025\/10\/Logo-commander2_Hartizane_Noire.svg.svg","contentUrl":"https:\/\/hartizanedesign.com\/wp-content\/uploads\/2025\/10\/Logo-commander2_Hartizane_Noire.svg.svg","width":209,"height":62,"caption":"hartizanedesign.com"},"image":{"@id":"https:\/\/hartizanedesign.com\/#\/schema\/logo\/image\/"}}]}},"_links":{"self":[{"href":"https:\/\/hartizanedesign.com\/fr\/wp-json\/wp\/v2\/product\/3991","targetHints":{"allow":["GET"]}}],"collection":[{"href":"https:\/\/hartizanedesign.com\/fr\/wp-json\/wp\/v2\/product"}],"about":[{"href":"https:\/\/hartizanedesign.com\/fr\/wp-json\/wp\/v2\/types\/product"}],"version-history":[{"count":2,"href":"https:\/\/hartizanedesign.com\/fr\/wp-json\/wp\/v2\/product\/3991\/revisions"}],"predecessor-version":[{"id":4708,"href":"https:\/\/hartizanedesign.com\/fr\/wp-json\/wp\/v2\/product\/3991\/revisions\/4708"}],"wp:featuredmedia":[{"embeddable":true,"href":"https:\/\/hartizanedesign.com\/fr\/wp-json\/wp\/v2\/media\/3992"}],"wp:attachment":[{"href":"https:\/\/hartizanedesign.com\/fr\/wp-json\/wp\/v2\/media?parent=3991"}],"wp:term":[{"taxonomy":"product_brand","embeddable":true,"href":"https:\/\/hartizanedesign.com\/fr\/wp-json\/wp\/v2\/product_brand?post=3991"},{"taxonomy":"product_cat","embeddable":true,"href":"https:\/\/hartizanedesign.com\/fr\/wp-json\/wp\/v2\/product_cat?post=3991"},{"taxonomy":"product_tag","embeddable":true,"href":"https:\/\/hartizanedesign.com\/fr\/wp-json\/wp\/v2\/product_tag?post=3991"}],"curies":[{"name":"wp","href":"https:\/\/api.w.org\/{rel}","templated":true}]}}