{"id":3997,"date":"2026-01-15T02:19:35","date_gmt":"2026-01-15T01:19:35","guid":{"rendered":"https:\/\/hartizanedesign.com\/?post_type=product&#038;p=3997"},"modified":"2026-02-16T12:21:27","modified_gmt":"2026-02-16T12:21:27","slug":"riviera-sofa-de-diseno-contemporaneo-con-volumenes-generosos-y-lineas-envolventes","status":"publish","type":"product","link":"https:\/\/hartizanedesign.com\/fr\/produit\/riviera-canape-design-contemporain-volumes-genereux-lignes-enveloppantes\/","title":{"rendered":"RIVIERA (canap\u00e9 design contemporain aux volumes g\u00e9n\u00e9reux et aux lignes enveloppantes)"},"content":{"rendered":"","protected":false},"excerpt":{"rendered":"<p>Ce canap\u00e9 se caract\u00e9rise par ses volumes g\u00e9n\u00e9reux et ses lignes enveloppantes, cr\u00e9ant une pr\u00e9sence \u00e9l\u00e9gante et contemporaine. Son assise profonde int\u00e8gre une mousse haute r\u00e9silience \u00e0 densit\u00e9s diff\u00e9renci\u00e9es, offrant un accueil doux et un soutien optimal dans le temps. Pi\u00e8ce sculpturale, il apporte pr\u00e9sence, confort et sophistication \u00e0 l\u2019espace. Son design invite \u00e0 la d\u00e9tente et transforme le salon en un lieu chaleureux et visuellement remarquable. Rev\u00eatu d\u2019un tissu de haute qualit\u00e9.<\/p>\n<p>Son dossier capitonn\u00e9 s\u2019adapte naturellement au corps, procurant une sensation de confort continu, id\u00e9ale pour de longs moments de repos. Ses formes arrondies renforcent son caract\u00e8re accueillant et apportent une douceur visuelle \u00e0 l\u2019ensemble. Son noyau int\u00e9rieur en mousse renforc\u00e9e aux performances premium assure stabilit\u00e9 et confort durable, tandis que son int\u00e9rieur renforc\u00e9 en bois apporte solidit\u00e9 structurelle et qualit\u00e9 de fabrication sup\u00e9rieure.<\/p>\n<ul>\n<li style=\"font-weight: 400;\" aria-level=\"1\"><span style=\"font-weight: 400;\">Dimensiones<\/span><span style=\"font-weight: 400;\">\u00a0: 190\u00a0 cm\u00a0 \/\u00a0 280 cm <\/span><\/li>\n<\/ul>","protected":false},"featured_media":3998,"template":"","meta":[],"product_brand":[],"product_cat":[239],"product_tag":[],"class_list":{"0":"post-3997","1":"product","2":"type-product","3":"status-publish","4":"has-post-thumbnail","6":"product_cat-canape","8":"first","9":"instock","10":"sale","11":"taxable","12":"shipping-taxable","13":"purchasable","14":"product-type-simple"},"yoast_head":"<!-- This site is optimized with the Yoast SEO plugin v27.4 - https:\/\/yoast.com\/product\/yoast-seo-wordpress\/ -->\n<title>RIVIERA ( sof\u00e1 de dise\u00f1o contempor\u00e1neo con vol\u00famenes generosos y l\u00edneas envolventes ) - hartizanedesign.com<\/title>\n<meta name=\"robots\" content=\"index, follow, max-snippet:-1, max-image-preview:large, max-video-preview:-1\" \/>\n<link rel=\"canonical\" href=\"https:\/\/hartizanedesign.com\/fr\/produit\/riviera-canape-design-contemporain-volumes-genereux-lignes-enveloppantes\/\" \/>\n<meta property=\"og:locale\" content=\"fr_FR\" \/>\n<meta property=\"og:type\" content=\"article\" \/>\n<meta property=\"og:title\" content=\"RIVIERA ( sof\u00e1 de dise\u00f1o contempor\u00e1neo con vol\u00famenes generosos y l\u00edneas envolventes ) - hartizanedesign.com\" \/>\n<meta property=\"og:description\" content=\"Este sof\u00e1 se caracteriza por sus vol\u00famenes generosos y l\u00edneas envolventes, creando una presencia elegante y contempor\u00e1nea. Su asiento profundo incorpora una espuma de alta resiliencia con diferentes densidades, que ofrece una acogida suave y un soporte \u00f3ptimo a lo largo del tiempo. Es una pieza escult\u00f3rica que aporta presencia, confort y sofisticaci\u00f3n al espacio. Su dise\u00f1o invita al descanso y convierte el sal\u00f3n en un lugar acogedor y visualmente impactante. Tapizado en tejido de alta calidad.  El respaldo acolchado se adapta de forma natural al cuerpo, proporcionando una sensaci\u00f3n de confort continuo, ideal para largos momentos de descanso. Las formas redondeadas refuerzan el car\u00e1cter acogedor y aportan suavidad visual al conjunto. Su n\u00facleo interior de espuma reforzada con prestaciones premium asegura estabilidad y confort prolongado, mientras que su interior reforzado con madera aporta solidez estructural y una calidad superior en la fabricaci\u00f3n.   Dimensiones\u00a0: 190\u00a0 cm\u00a0 \/\u00a0 280 cm\" \/>\n<meta property=\"og:url\" content=\"https:\/\/hartizanedesign.com\/fr\/produit\/riviera-canape-design-contemporain-volumes-genereux-lignes-enveloppantes\/\" \/>\n<meta property=\"og:site_name\" content=\"hartizanedesign.com\" \/>\n<meta property=\"article:modified_time\" content=\"2026-02-16T12:21:27+00:00\" \/>\n<meta property=\"og:image\" content=\"https:\/\/hartizanedesign.com\/wp-content\/uploads\/2026\/01\/RIVIERA.png\" \/>\n\t<meta property=\"og:image:width\" content=\"1300\" \/>\n\t<meta property=\"og:image:height\" content=\"900\" \/>\n\t<meta property=\"og:image:type\" content=\"image\/png\" \/>\n<meta name=\"twitter:card\" content=\"summary_large_image\" \/>\n<meta name=\"twitter:label1\" content=\"Dur\u00e9e de lecture estim\u00e9e\" \/>\n\t<meta name=\"twitter:data1\" content=\"1 minute\" \/>\n<script type=\"application\/ld+json\" class=\"yoast-schema-graph\">{\"@context\":\"https:\\\/\\\/schema.org\",\"@graph\":[{\"@type\":\"WebPage\",\"@id\":\"https:\\\/\\\/hartizanedesign.com\\\/producto\\\/riviera-sofa-de-diseno-contemporaneo-con-volumenes-generosos-y-lineas-envolventes\\\/\",\"url\":\"https:\\\/\\\/hartizanedesign.com\\\/producto\\\/riviera-sofa-de-diseno-contemporaneo-con-volumenes-generosos-y-lineas-envolventes\\\/\",\"name\":\"RIVIERA ( sof\u00e1 de dise\u00f1o contempor\u00e1neo con vol\u00famenes generosos y l\u00edneas envolventes ) - hartizanedesign.com\",\"isPartOf\":{\"@id\":\"https:\\\/\\\/hartizanedesign.com\\\/#website\"},\"primaryImageOfPage\":{\"@id\":\"https:\\\/\\\/hartizanedesign.com\\\/producto\\\/riviera-sofa-de-diseno-contemporaneo-con-volumenes-generosos-y-lineas-envolventes\\\/#primaryimage\"},\"image\":{\"@id\":\"https:\\\/\\\/hartizanedesign.com\\\/producto\\\/riviera-sofa-de-diseno-contemporaneo-con-volumenes-generosos-y-lineas-envolventes\\\/#primaryimage\"},\"thumbnailUrl\":\"https:\\\/\\\/hartizanedesign.com\\\/wp-content\\\/uploads\\\/2026\\\/01\\\/RIVIERA.png\",\"datePublished\":\"2026-01-15T01:19:35+00:00\",\"dateModified\":\"2026-02-16T12:21:27+00:00\",\"breadcrumb\":{\"@id\":\"https:\\\/\\\/hartizanedesign.com\\\/producto\\\/riviera-sofa-de-diseno-contemporaneo-con-volumenes-generosos-y-lineas-envolventes\\\/#breadcrumb\"},\"inLanguage\":\"fr-FR\",\"potentialAction\":[{\"@type\":\"ReadAction\",\"target\":[\"https:\\\/\\\/hartizanedesign.com\\\/producto\\\/riviera-sofa-de-diseno-contemporaneo-con-volumenes-generosos-y-lineas-envolventes\\\/\"]}]},{\"@type\":\"ImageObject\",\"inLanguage\":\"fr-FR\",\"@id\":\"https:\\\/\\\/hartizanedesign.com\\\/producto\\\/riviera-sofa-de-diseno-contemporaneo-con-volumenes-generosos-y-lineas-envolventes\\\/#primaryimage\",\"url\":\"https:\\\/\\\/hartizanedesign.com\\\/wp-content\\\/uploads\\\/2026\\\/01\\\/RIVIERA.png\",\"contentUrl\":\"https:\\\/\\\/hartizanedesign.com\\\/wp-content\\\/uploads\\\/2026\\\/01\\\/RIVIERA.png\",\"width\":1300,\"height\":900},{\"@type\":\"BreadcrumbList\",\"@id\":\"https:\\\/\\\/hartizanedesign.com\\\/producto\\\/riviera-sofa-de-diseno-contemporaneo-con-volumenes-generosos-y-lineas-envolventes\\\/#breadcrumb\",\"itemListElement\":[{\"@type\":\"ListItem\",\"position\":1,\"name\":\"Home\",\"item\":\"https:\\\/\\\/hartizanedesign.com\\\/\"},{\"@type\":\"ListItem\",\"position\":2,\"name\":\"Tienda\",\"item\":\"https:\\\/\\\/hartizanedesign.com\\\/boutique\\\/\"},{\"@type\":\"ListItem\",\"position\":3,\"name\":\"RIVIERA ( sof\u00e1 de dise\u00f1o contempor\u00e1neo con vol\u00famenes generosos y l\u00edneas envolventes )\"}]},{\"@type\":\"WebSite\",\"@id\":\"https:\\\/\\\/hartizanedesign.com\\\/#website\",\"url\":\"https:\\\/\\\/hartizanedesign.com\\\/\",\"name\":\"hartizanedesign.com\",\"description\":\"\",\"publisher\":{\"@id\":\"https:\\\/\\\/hartizanedesign.com\\\/#organization\"},\"potentialAction\":[{\"@type\":\"SearchAction\",\"target\":{\"@type\":\"EntryPoint\",\"urlTemplate\":\"https:\\\/\\\/hartizanedesign.com\\\/?s={search_term_string}\"},\"query-input\":{\"@type\":\"PropertyValueSpecification\",\"valueRequired\":true,\"valueName\":\"search_term_string\"}}],\"inLanguage\":\"fr-FR\"},{\"@type\":\"Organization\",\"@id\":\"https:\\\/\\\/hartizanedesign.com\\\/#organization\",\"name\":\"hartizanedesign.com\",\"url\":\"https:\\\/\\\/hartizanedesign.com\\\/\",\"logo\":{\"@type\":\"ImageObject\",\"inLanguage\":\"fr-FR\",\"@id\":\"https:\\\/\\\/hartizanedesign.com\\\/#\\\/schema\\\/logo\\\/image\\\/\",\"url\":\"https:\\\/\\\/hartizanedesign.com\\\/wp-content\\\/uploads\\\/2025\\\/10\\\/Logo-commander2_Hartizane_Noire.svg.svg\",\"contentUrl\":\"https:\\\/\\\/hartizanedesign.com\\\/wp-content\\\/uploads\\\/2025\\\/10\\\/Logo-commander2_Hartizane_Noire.svg.svg\",\"width\":209,\"height\":62,\"caption\":\"hartizanedesign.com\"},\"image\":{\"@id\":\"https:\\\/\\\/hartizanedesign.com\\\/#\\\/schema\\\/logo\\\/image\\\/\"}}]}<\/script>\n<!-- \/ Yoast SEO plugin. -->","yoast_head_json":{"title":"RIVIERA ( sof\u00e1 de dise\u00f1o contempor\u00e1neo con vol\u00famenes generosos y l\u00edneas envolventes ) - hartizanedesign.com","robots":{"index":"index","follow":"follow","max-snippet":"max-snippet:-1","max-image-preview":"max-image-preview:large","max-video-preview":"max-video-preview:-1"},"canonical":"https:\/\/hartizanedesign.com\/fr\/produit\/riviera-canape-design-contemporain-volumes-genereux-lignes-enveloppantes\/","og_locale":"fr_FR","og_type":"article","og_title":"RIVIERA ( sof\u00e1 de dise\u00f1o contempor\u00e1neo con vol\u00famenes generosos y l\u00edneas envolventes ) - hartizanedesign.com","og_description":"Este sof\u00e1 se caracteriza por sus vol\u00famenes generosos y l\u00edneas envolventes, creando una presencia elegante y contempor\u00e1nea. Su asiento profundo incorpora una espuma de alta resiliencia con diferentes densidades, que ofrece una acogida suave y un soporte \u00f3ptimo a lo largo del tiempo. Es una pieza escult\u00f3rica que aporta presencia, confort y sofisticaci\u00f3n al espacio. Su dise\u00f1o invita al descanso y convierte el sal\u00f3n en un lugar acogedor y visualmente impactante. Tapizado en tejido de alta calidad.  El respaldo acolchado se adapta de forma natural al cuerpo, proporcionando una sensaci\u00f3n de confort continuo, ideal para largos momentos de descanso. Las formas redondeadas refuerzan el car\u00e1cter acogedor y aportan suavidad visual al conjunto. Su n\u00facleo interior de espuma reforzada con prestaciones premium asegura estabilidad y confort prolongado, mientras que su interior reforzado con madera aporta solidez estructural y una calidad superior en la fabricaci\u00f3n.   Dimensiones\u00a0: 190\u00a0 cm\u00a0 \/\u00a0 280 cm","og_url":"https:\/\/hartizanedesign.com\/fr\/produit\/riviera-canape-design-contemporain-volumes-genereux-lignes-enveloppantes\/","og_site_name":"hartizanedesign.com","article_modified_time":"2026-02-16T12:21:27+00:00","og_image":[{"width":1300,"height":900,"url":"https:\/\/hartizanedesign.com\/wp-content\/uploads\/2026\/01\/RIVIERA.png","type":"image\/png"}],"twitter_card":"summary_large_image","twitter_misc":{"Dur\u00e9e de lecture estim\u00e9e":"1 minute"},"schema":{"@context":"https:\/\/schema.org","@graph":[{"@type":"WebPage","@id":"https:\/\/hartizanedesign.com\/producto\/riviera-sofa-de-diseno-contemporaneo-con-volumenes-generosos-y-lineas-envolventes\/","url":"https:\/\/hartizanedesign.com\/producto\/riviera-sofa-de-diseno-contemporaneo-con-volumenes-generosos-y-lineas-envolventes\/","name":"RIVIERA ( sof\u00e1 de dise\u00f1o contempor\u00e1neo con vol\u00famenes generosos y l\u00edneas envolventes ) - hartizanedesign.com","isPartOf":{"@id":"https:\/\/hartizanedesign.com\/#website"},"primaryImageOfPage":{"@id":"https:\/\/hartizanedesign.com\/producto\/riviera-sofa-de-diseno-contemporaneo-con-volumenes-generosos-y-lineas-envolventes\/#primaryimage"},"image":{"@id":"https:\/\/hartizanedesign.com\/producto\/riviera-sofa-de-diseno-contemporaneo-con-volumenes-generosos-y-lineas-envolventes\/#primaryimage"},"thumbnailUrl":"https:\/\/hartizanedesign.com\/wp-content\/uploads\/2026\/01\/RIVIERA.png","datePublished":"2026-01-15T01:19:35+00:00","dateModified":"2026-02-16T12:21:27+00:00","breadcrumb":{"@id":"https:\/\/hartizanedesign.com\/producto\/riviera-sofa-de-diseno-contemporaneo-con-volumenes-generosos-y-lineas-envolventes\/#breadcrumb"},"inLanguage":"fr-FR","potentialAction":[{"@type":"ReadAction","target":["https:\/\/hartizanedesign.com\/producto\/riviera-sofa-de-diseno-contemporaneo-con-volumenes-generosos-y-lineas-envolventes\/"]}]},{"@type":"ImageObject","inLanguage":"fr-FR","@id":"https:\/\/hartizanedesign.com\/producto\/riviera-sofa-de-diseno-contemporaneo-con-volumenes-generosos-y-lineas-envolventes\/#primaryimage","url":"https:\/\/hartizanedesign.com\/wp-content\/uploads\/2026\/01\/RIVIERA.png","contentUrl":"https:\/\/hartizanedesign.com\/wp-content\/uploads\/2026\/01\/RIVIERA.png","width":1300,"height":900},{"@type":"BreadcrumbList","@id":"https:\/\/hartizanedesign.com\/producto\/riviera-sofa-de-diseno-contemporaneo-con-volumenes-generosos-y-lineas-envolventes\/#breadcrumb","itemListElement":[{"@type":"ListItem","position":1,"name":"Home","item":"https:\/\/hartizanedesign.com\/"},{"@type":"ListItem","position":2,"name":"Tienda","item":"https:\/\/hartizanedesign.com\/boutique\/"},{"@type":"ListItem","position":3,"name":"RIVIERA ( sof\u00e1 de dise\u00f1o contempor\u00e1neo con vol\u00famenes generosos y l\u00edneas envolventes )"}]},{"@type":"WebSite","@id":"https:\/\/hartizanedesign.com\/#website","url":"https:\/\/hartizanedesign.com\/","name":"hartizanedesign.com","description":"","publisher":{"@id":"https:\/\/hartizanedesign.com\/#organization"},"potentialAction":[{"@type":"SearchAction","target":{"@type":"EntryPoint","urlTemplate":"https:\/\/hartizanedesign.com\/?s={search_term_string}"},"query-input":{"@type":"PropertyValueSpecification","valueRequired":true,"valueName":"search_term_string"}}],"inLanguage":"fr-FR"},{"@type":"Organization","@id":"https:\/\/hartizanedesign.com\/#organization","name":"hartizanedesign.com","url":"https:\/\/hartizanedesign.com\/","logo":{"@type":"ImageObject","inLanguage":"fr-FR","@id":"https:\/\/hartizanedesign.com\/#\/schema\/logo\/image\/","url":"https:\/\/hartizanedesign.com\/wp-content\/uploads\/2025\/10\/Logo-commander2_Hartizane_Noire.svg.svg","contentUrl":"https:\/\/hartizanedesign.com\/wp-content\/uploads\/2025\/10\/Logo-commander2_Hartizane_Noire.svg.svg","width":209,"height":62,"caption":"hartizanedesign.com"},"image":{"@id":"https:\/\/hartizanedesign.com\/#\/schema\/logo\/image\/"}}]}},"_links":{"self":[{"href":"https:\/\/hartizanedesign.com\/fr\/wp-json\/wp\/v2\/product\/3997","targetHints":{"allow":["GET"]}}],"collection":[{"href":"https:\/\/hartizanedesign.com\/fr\/wp-json\/wp\/v2\/product"}],"about":[{"href":"https:\/\/hartizanedesign.com\/fr\/wp-json\/wp\/v2\/types\/product"}],"version-history":[{"count":2,"href":"https:\/\/hartizanedesign.com\/fr\/wp-json\/wp\/v2\/product\/3997\/revisions"}],"predecessor-version":[{"id":4683,"href":"https:\/\/hartizanedesign.com\/fr\/wp-json\/wp\/v2\/product\/3997\/revisions\/4683"}],"wp:featuredmedia":[{"embeddable":true,"href":"https:\/\/hartizanedesign.com\/fr\/wp-json\/wp\/v2\/media\/3998"}],"wp:attachment":[{"href":"https:\/\/hartizanedesign.com\/fr\/wp-json\/wp\/v2\/media?parent=3997"}],"wp:term":[{"taxonomy":"product_brand","embeddable":true,"href":"https:\/\/hartizanedesign.com\/fr\/wp-json\/wp\/v2\/product_brand?post=3997"},{"taxonomy":"product_cat","embeddable":true,"href":"https:\/\/hartizanedesign.com\/fr\/wp-json\/wp\/v2\/product_cat?post=3997"},{"taxonomy":"product_tag","embeddable":true,"href":"https:\/\/hartizanedesign.com\/fr\/wp-json\/wp\/v2\/product_tag?post=3997"}],"curies":[{"name":"wp","href":"https:\/\/api.w.org\/{rel}","templated":true}]}}