{"id":4003,"date":"2026-01-15T02:33:44","date_gmt":"2026-01-15T01:33:44","guid":{"rendered":"https:\/\/hartizanedesign.com\/?post_type=product&#038;p=4003"},"modified":"2026-02-16T12:25:33","modified_gmt":"2026-02-16T12:25:33","slug":"nebula-sofa-de-diseno-organico-con-formas-suaves-y-lineas-envolventes","status":"publish","type":"product","link":"https:\/\/hartizanedesign.com\/fr\/produit\/nebula-canape-design-organique-formes-douces-lignes-enveloppantes\/","title":{"rendered":"NEBULA (canap\u00e9 au design organique, aux formes douces et aux lignes enveloppantes)"},"content":{"rendered":"","protected":false},"excerpt":{"rendered":"<p>Ce canap\u00e9 au design organique se distingue par ses formes douces et enveloppantes, pens\u00e9es pour offrir une sensation imm\u00e9diate de confort et de bien-\u00eatre. Son rev\u00eatement en tissu textur\u00e9 haut de gamme procure un toucher agr\u00e9able, une grande r\u00e9sistance et une \u00e9l\u00e9gance naturelle qui sublime l\u2019espace.<\/p>\n<p>Sa large surface d\u2019assise int\u00e8gre une mousse premium haute r\u00e9silience, assurant un accueil doux, un soutien \u00e9quilibr\u00e9 et un confort durable. Son bois r\u00e9sistant, dot\u00e9 d\u2019une robustesse exceptionnelle, apporte solidit\u00e9 structurelle et noblesse \u00e0 l\u2019ensemble. Sa mousse d\u2019ing\u00e9nierie avanc\u00e9e garantit un soutien optimal, tout en pr\u00e9servant la stabilit\u00e9 et le confort au fil du temps.<\/p>\n<p>Sa structure robuste assure stabilit\u00e9 et long\u00e9vit\u00e9, tandis que son esth\u00e9tique contemporaine en fait une pi\u00e8ce centrale id\u00e9ale pour des int\u00e9rieurs chaleureux et sophistiqu\u00e9s.<\/p>\n<ul>\n<li style=\"font-weight: 400;\" aria-level=\"1\"><span style=\"font-weight: 400;\">Dimensions:<\/span><span style=\"font-weight: 400;\">\u00a0: 190 cm \/ 270 cm <\/span><\/li>\n<\/ul>","protected":false},"featured_media":4004,"template":"","meta":[],"product_brand":[],"product_cat":[238],"product_tag":[],"class_list":{"0":"post-4003","1":"product","2":"type-product","3":"status-publish","4":"has-post-thumbnail","6":"product_cat-canapes","8":"first","9":"instock","10":"sale","11":"taxable","12":"shipping-taxable","13":"purchasable","14":"product-type-simple"},"yoast_head":"<!-- This site is optimized with the Yoast SEO plugin v27.4 - https:\/\/yoast.com\/product\/yoast-seo-wordpress\/ -->\n<title>N\u00c9BULA ( sof\u00e1 de dise\u00f1o org\u00e1nico con formas suaves y l\u00edneas envolventes ) - hartizanedesign.com<\/title>\n<meta name=\"robots\" content=\"index, follow, max-snippet:-1, max-image-preview:large, max-video-preview:-1\" \/>\n<link rel=\"canonical\" href=\"https:\/\/hartizanedesign.com\/fr\/produit\/nebula-canape-design-organique-formes-douces-lignes-enveloppantes\/\" \/>\n<meta property=\"og:locale\" content=\"fr_FR\" \/>\n<meta property=\"og:type\" content=\"article\" \/>\n<meta property=\"og:title\" content=\"N\u00c9BULA ( sof\u00e1 de dise\u00f1o org\u00e1nico con formas suaves y l\u00edneas envolventes ) - hartizanedesign.com\" \/>\n<meta property=\"og:description\" content=\"Este sof\u00e1 de dise\u00f1o org\u00e1nico destaca por sus formas suaves y envolventes, concebidas para ofrecer una sensaci\u00f3n inmediata de confort y bienestar. El tapizado en tejido texturizado de alta gama proporciona un tacto agradable, una gran resistencia y una elegancia natural que realza el espacio.  La amplia superficie de asiento incorpora espuma premium de alta resiliencia, asegurando una acogida suave, un soporte equilibrado y un confort duradero. Su madera resistente con una robustez excepcional aporta solidez estructural y una presencia noble. La espuma de ingenier\u00eda avanzada garantiza un soporte \u00f3ptimo, manteniendo la estabilidad y la comodidad con el uso.  Su estructura robusta garantiza estabilidad y larga vida \u00fatil, mientras que su est\u00e9tica contempor\u00e1nea lo convierte en una pieza central perfecta para interiores c\u00e1lidos y sofisticados.   Dimensiones:\u00a0: 190 cm \/ 270 cm\" \/>\n<meta property=\"og:url\" content=\"https:\/\/hartizanedesign.com\/fr\/produit\/nebula-canape-design-organique-formes-douces-lignes-enveloppantes\/\" \/>\n<meta property=\"og:site_name\" content=\"hartizanedesign.com\" \/>\n<meta property=\"article:modified_time\" content=\"2026-02-16T12:25:33+00:00\" \/>\n<meta property=\"og:image\" content=\"https:\/\/hartizanedesign.com\/wp-content\/uploads\/2026\/01\/NEBULA.png\" \/>\n\t<meta property=\"og:image:width\" content=\"1300\" \/>\n\t<meta property=\"og:image:height\" content=\"900\" \/>\n\t<meta property=\"og:image:type\" content=\"image\/png\" \/>\n<meta name=\"twitter:card\" content=\"summary_large_image\" \/>\n<meta name=\"twitter:label1\" content=\"Dur\u00e9e de lecture estim\u00e9e\" \/>\n\t<meta name=\"twitter:data1\" content=\"1 minute\" \/>\n<script type=\"application\/ld+json\" class=\"yoast-schema-graph\">{\"@context\":\"https:\\\/\\\/schema.org\",\"@graph\":[{\"@type\":\"WebPage\",\"@id\":\"https:\\\/\\\/hartizanedesign.com\\\/producto\\\/nebula-sofa-de-diseno-organico-con-formas-suaves-y-lineas-envolventes\\\/\",\"url\":\"https:\\\/\\\/hartizanedesign.com\\\/producto\\\/nebula-sofa-de-diseno-organico-con-formas-suaves-y-lineas-envolventes\\\/\",\"name\":\"N\u00c9BULA ( sof\u00e1 de dise\u00f1o org\u00e1nico con formas suaves y l\u00edneas envolventes ) - hartizanedesign.com\",\"isPartOf\":{\"@id\":\"https:\\\/\\\/hartizanedesign.com\\\/#website\"},\"primaryImageOfPage\":{\"@id\":\"https:\\\/\\\/hartizanedesign.com\\\/producto\\\/nebula-sofa-de-diseno-organico-con-formas-suaves-y-lineas-envolventes\\\/#primaryimage\"},\"image\":{\"@id\":\"https:\\\/\\\/hartizanedesign.com\\\/producto\\\/nebula-sofa-de-diseno-organico-con-formas-suaves-y-lineas-envolventes\\\/#primaryimage\"},\"thumbnailUrl\":\"https:\\\/\\\/hartizanedesign.com\\\/wp-content\\\/uploads\\\/2026\\\/01\\\/NEBULA.png\",\"datePublished\":\"2026-01-15T01:33:44+00:00\",\"dateModified\":\"2026-02-16T12:25:33+00:00\",\"breadcrumb\":{\"@id\":\"https:\\\/\\\/hartizanedesign.com\\\/producto\\\/nebula-sofa-de-diseno-organico-con-formas-suaves-y-lineas-envolventes\\\/#breadcrumb\"},\"inLanguage\":\"fr-FR\",\"potentialAction\":[{\"@type\":\"ReadAction\",\"target\":[\"https:\\\/\\\/hartizanedesign.com\\\/producto\\\/nebula-sofa-de-diseno-organico-con-formas-suaves-y-lineas-envolventes\\\/\"]}]},{\"@type\":\"ImageObject\",\"inLanguage\":\"fr-FR\",\"@id\":\"https:\\\/\\\/hartizanedesign.com\\\/producto\\\/nebula-sofa-de-diseno-organico-con-formas-suaves-y-lineas-envolventes\\\/#primaryimage\",\"url\":\"https:\\\/\\\/hartizanedesign.com\\\/wp-content\\\/uploads\\\/2026\\\/01\\\/NEBULA.png\",\"contentUrl\":\"https:\\\/\\\/hartizanedesign.com\\\/wp-content\\\/uploads\\\/2026\\\/01\\\/NEBULA.png\",\"width\":1300,\"height\":900},{\"@type\":\"BreadcrumbList\",\"@id\":\"https:\\\/\\\/hartizanedesign.com\\\/producto\\\/nebula-sofa-de-diseno-organico-con-formas-suaves-y-lineas-envolventes\\\/#breadcrumb\",\"itemListElement\":[{\"@type\":\"ListItem\",\"position\":1,\"name\":\"Home\",\"item\":\"https:\\\/\\\/hartizanedesign.com\\\/\"},{\"@type\":\"ListItem\",\"position\":2,\"name\":\"Tienda\",\"item\":\"https:\\\/\\\/hartizanedesign.com\\\/boutique\\\/\"},{\"@type\":\"ListItem\",\"position\":3,\"name\":\"N\u00c9BULA ( sof\u00e1 de dise\u00f1o org\u00e1nico con formas suaves y l\u00edneas envolventes )\"}]},{\"@type\":\"WebSite\",\"@id\":\"https:\\\/\\\/hartizanedesign.com\\\/#website\",\"url\":\"https:\\\/\\\/hartizanedesign.com\\\/\",\"name\":\"hartizanedesign.com\",\"description\":\"\",\"publisher\":{\"@id\":\"https:\\\/\\\/hartizanedesign.com\\\/#organization\"},\"potentialAction\":[{\"@type\":\"SearchAction\",\"target\":{\"@type\":\"EntryPoint\",\"urlTemplate\":\"https:\\\/\\\/hartizanedesign.com\\\/?s={search_term_string}\"},\"query-input\":{\"@type\":\"PropertyValueSpecification\",\"valueRequired\":true,\"valueName\":\"search_term_string\"}}],\"inLanguage\":\"fr-FR\"},{\"@type\":\"Organization\",\"@id\":\"https:\\\/\\\/hartizanedesign.com\\\/#organization\",\"name\":\"hartizanedesign.com\",\"url\":\"https:\\\/\\\/hartizanedesign.com\\\/\",\"logo\":{\"@type\":\"ImageObject\",\"inLanguage\":\"fr-FR\",\"@id\":\"https:\\\/\\\/hartizanedesign.com\\\/#\\\/schema\\\/logo\\\/image\\\/\",\"url\":\"https:\\\/\\\/hartizanedesign.com\\\/wp-content\\\/uploads\\\/2025\\\/10\\\/Logo-commander2_Hartizane_Noire.svg.svg\",\"contentUrl\":\"https:\\\/\\\/hartizanedesign.com\\\/wp-content\\\/uploads\\\/2025\\\/10\\\/Logo-commander2_Hartizane_Noire.svg.svg\",\"width\":209,\"height\":62,\"caption\":\"hartizanedesign.com\"},\"image\":{\"@id\":\"https:\\\/\\\/hartizanedesign.com\\\/#\\\/schema\\\/logo\\\/image\\\/\"}}]}<\/script>\n<!-- \/ Yoast SEO plugin. -->","yoast_head_json":{"title":"N\u00c9BULA ( sof\u00e1 de dise\u00f1o org\u00e1nico con formas suaves y l\u00edneas envolventes ) - hartizanedesign.com","robots":{"index":"index","follow":"follow","max-snippet":"max-snippet:-1","max-image-preview":"max-image-preview:large","max-video-preview":"max-video-preview:-1"},"canonical":"https:\/\/hartizanedesign.com\/fr\/produit\/nebula-canape-design-organique-formes-douces-lignes-enveloppantes\/","og_locale":"fr_FR","og_type":"article","og_title":"N\u00c9BULA ( sof\u00e1 de dise\u00f1o org\u00e1nico con formas suaves y l\u00edneas envolventes ) - hartizanedesign.com","og_description":"Este sof\u00e1 de dise\u00f1o org\u00e1nico destaca por sus formas suaves y envolventes, concebidas para ofrecer una sensaci\u00f3n inmediata de confort y bienestar. El tapizado en tejido texturizado de alta gama proporciona un tacto agradable, una gran resistencia y una elegancia natural que realza el espacio.  La amplia superficie de asiento incorpora espuma premium de alta resiliencia, asegurando una acogida suave, un soporte equilibrado y un confort duradero. Su madera resistente con una robustez excepcional aporta solidez estructural y una presencia noble. La espuma de ingenier\u00eda avanzada garantiza un soporte \u00f3ptimo, manteniendo la estabilidad y la comodidad con el uso.  Su estructura robusta garantiza estabilidad y larga vida \u00fatil, mientras que su est\u00e9tica contempor\u00e1nea lo convierte en una pieza central perfecta para interiores c\u00e1lidos y sofisticados.   Dimensiones:\u00a0: 190 cm \/ 270 cm","og_url":"https:\/\/hartizanedesign.com\/fr\/produit\/nebula-canape-design-organique-formes-douces-lignes-enveloppantes\/","og_site_name":"hartizanedesign.com","article_modified_time":"2026-02-16T12:25:33+00:00","og_image":[{"width":1300,"height":900,"url":"https:\/\/hartizanedesign.com\/wp-content\/uploads\/2026\/01\/NEBULA.png","type":"image\/png"}],"twitter_card":"summary_large_image","twitter_misc":{"Dur\u00e9e de lecture estim\u00e9e":"1 minute"},"schema":{"@context":"https:\/\/schema.org","@graph":[{"@type":"WebPage","@id":"https:\/\/hartizanedesign.com\/producto\/nebula-sofa-de-diseno-organico-con-formas-suaves-y-lineas-envolventes\/","url":"https:\/\/hartizanedesign.com\/producto\/nebula-sofa-de-diseno-organico-con-formas-suaves-y-lineas-envolventes\/","name":"N\u00c9BULA ( sof\u00e1 de dise\u00f1o org\u00e1nico con formas suaves y l\u00edneas envolventes ) - hartizanedesign.com","isPartOf":{"@id":"https:\/\/hartizanedesign.com\/#website"},"primaryImageOfPage":{"@id":"https:\/\/hartizanedesign.com\/producto\/nebula-sofa-de-diseno-organico-con-formas-suaves-y-lineas-envolventes\/#primaryimage"},"image":{"@id":"https:\/\/hartizanedesign.com\/producto\/nebula-sofa-de-diseno-organico-con-formas-suaves-y-lineas-envolventes\/#primaryimage"},"thumbnailUrl":"https:\/\/hartizanedesign.com\/wp-content\/uploads\/2026\/01\/NEBULA.png","datePublished":"2026-01-15T01:33:44+00:00","dateModified":"2026-02-16T12:25:33+00:00","breadcrumb":{"@id":"https:\/\/hartizanedesign.com\/producto\/nebula-sofa-de-diseno-organico-con-formas-suaves-y-lineas-envolventes\/#breadcrumb"},"inLanguage":"fr-FR","potentialAction":[{"@type":"ReadAction","target":["https:\/\/hartizanedesign.com\/producto\/nebula-sofa-de-diseno-organico-con-formas-suaves-y-lineas-envolventes\/"]}]},{"@type":"ImageObject","inLanguage":"fr-FR","@id":"https:\/\/hartizanedesign.com\/producto\/nebula-sofa-de-diseno-organico-con-formas-suaves-y-lineas-envolventes\/#primaryimage","url":"https:\/\/hartizanedesign.com\/wp-content\/uploads\/2026\/01\/NEBULA.png","contentUrl":"https:\/\/hartizanedesign.com\/wp-content\/uploads\/2026\/01\/NEBULA.png","width":1300,"height":900},{"@type":"BreadcrumbList","@id":"https:\/\/hartizanedesign.com\/producto\/nebula-sofa-de-diseno-organico-con-formas-suaves-y-lineas-envolventes\/#breadcrumb","itemListElement":[{"@type":"ListItem","position":1,"name":"Home","item":"https:\/\/hartizanedesign.com\/"},{"@type":"ListItem","position":2,"name":"Tienda","item":"https:\/\/hartizanedesign.com\/boutique\/"},{"@type":"ListItem","position":3,"name":"N\u00c9BULA ( sof\u00e1 de dise\u00f1o org\u00e1nico con formas suaves y l\u00edneas envolventes )"}]},{"@type":"WebSite","@id":"https:\/\/hartizanedesign.com\/#website","url":"https:\/\/hartizanedesign.com\/","name":"hartizanedesign.com","description":"","publisher":{"@id":"https:\/\/hartizanedesign.com\/#organization"},"potentialAction":[{"@type":"SearchAction","target":{"@type":"EntryPoint","urlTemplate":"https:\/\/hartizanedesign.com\/?s={search_term_string}"},"query-input":{"@type":"PropertyValueSpecification","valueRequired":true,"valueName":"search_term_string"}}],"inLanguage":"fr-FR"},{"@type":"Organization","@id":"https:\/\/hartizanedesign.com\/#organization","name":"hartizanedesign.com","url":"https:\/\/hartizanedesign.com\/","logo":{"@type":"ImageObject","inLanguage":"fr-FR","@id":"https:\/\/hartizanedesign.com\/#\/schema\/logo\/image\/","url":"https:\/\/hartizanedesign.com\/wp-content\/uploads\/2025\/10\/Logo-commander2_Hartizane_Noire.svg.svg","contentUrl":"https:\/\/hartizanedesign.com\/wp-content\/uploads\/2025\/10\/Logo-commander2_Hartizane_Noire.svg.svg","width":209,"height":62,"caption":"hartizanedesign.com"},"image":{"@id":"https:\/\/hartizanedesign.com\/#\/schema\/logo\/image\/"}}]}},"_links":{"self":[{"href":"https:\/\/hartizanedesign.com\/fr\/wp-json\/wp\/v2\/product\/4003","targetHints":{"allow":["GET"]}}],"collection":[{"href":"https:\/\/hartizanedesign.com\/fr\/wp-json\/wp\/v2\/product"}],"about":[{"href":"https:\/\/hartizanedesign.com\/fr\/wp-json\/wp\/v2\/types\/product"}],"version-history":[{"count":2,"href":"https:\/\/hartizanedesign.com\/fr\/wp-json\/wp\/v2\/product\/4003\/revisions"}],"predecessor-version":[{"id":4684,"href":"https:\/\/hartizanedesign.com\/fr\/wp-json\/wp\/v2\/product\/4003\/revisions\/4684"}],"wp:featuredmedia":[{"embeddable":true,"href":"https:\/\/hartizanedesign.com\/fr\/wp-json\/wp\/v2\/media\/4004"}],"wp:attachment":[{"href":"https:\/\/hartizanedesign.com\/fr\/wp-json\/wp\/v2\/media?parent=4003"}],"wp:term":[{"taxonomy":"product_brand","embeddable":true,"href":"https:\/\/hartizanedesign.com\/fr\/wp-json\/wp\/v2\/product_brand?post=4003"},{"taxonomy":"product_cat","embeddable":true,"href":"https:\/\/hartizanedesign.com\/fr\/wp-json\/wp\/v2\/product_cat?post=4003"},{"taxonomy":"product_tag","embeddable":true,"href":"https:\/\/hartizanedesign.com\/fr\/wp-json\/wp\/v2\/product_tag?post=4003"}],"curies":[{"name":"wp","href":"https:\/\/api.w.org\/{rel}","templated":true}]}}