{"id":4010,"date":"2026-01-16T00:41:09","date_gmt":"2026-01-15T23:41:09","guid":{"rendered":"https:\/\/hartizanedesign.com\/?post_type=product&#038;p=4010"},"modified":"2026-02-16T12:26:37","modified_gmt":"2026-02-16T12:26:37","slug":"eclat-sillon-lounge-diseno-circular-y-volumenes-acolchados","status":"publish","type":"product","link":"https:\/\/hartizanedesign.com\/fr\/produit\/eclat-fauteuil-lounge-design-circulaire-volumes-rembourres\/","title":{"rendered":"\u00c9CLAT (fauteuil lounge au design circulaire et aux volumes rembourr\u00e9s)"},"content":{"rendered":"","protected":false},"excerpt":{"rendered":"<p>Cet si\u00e8ge au design sculptural se distingue par ses formes g\u00e9n\u00e9reuses et enveloppantes, pens\u00e9es pour offrir un confort sup\u00e9rieur. Son rev\u00eatement en tissu boucl\u00e9 de haute qualit\u00e9 apporte une texture douce et chaleureuse, agr\u00e9able au toucher et visuellement \u00e9l\u00e9gante.<\/p>\n<p>Son rembourrage en mousse haute densit\u00e9 assure un \u00e9quilibre parfait entre soutien et douceur, garantissant une exp\u00e9rience de d\u00e9tente confortable et durable. Sa couche de mousse haute densit\u00e9 garantit une r\u00e9sistance prolong\u00e9e, en pr\u00e9servant le soutien dans le temps. Sa robustesse premium en bois assure une durabilit\u00e9 sup\u00e9rieure, apportant stabilit\u00e9 et qualit\u00e9 de fabrication.<\/p>\n<p>Sa structure solide garantit r\u00e9sistance et stabilit\u00e9, tandis que ses lignes courbes conf\u00e8rent un style contemporain, chaleureux et sophistiqu\u00e9, id\u00e9al pour des int\u00e9rieurs modernes et raffin\u00e9s.<\/p>\n<ul>\n<li style=\"font-weight: 400;\" aria-level=\"1\"><span style=\"font-weight: 400;\">Dimensiones<\/span><span style=\"font-weight: 400;\">\u00a0: 115 x 95 <\/span><\/li>\n<\/ul>","protected":false},"featured_media":4011,"template":"","meta":[],"product_brand":[],"product_cat":[238],"product_tag":[],"class_list":{"0":"post-4010","1":"product","2":"type-product","3":"status-publish","4":"has-post-thumbnail","6":"product_cat-canapes","8":"first","9":"instock","10":"sale","11":"taxable","12":"shipping-taxable","13":"purchasable","14":"product-type-simple"},"yoast_head":"<!-- This site is optimized with the Yoast SEO plugin v27.4 - https:\/\/yoast.com\/product\/yoast-seo-wordpress\/ -->\n<title>\u00c9CLAT ( sill\u00f3n lounge dise\u00f1o circular y vol\u00famenes acolchados ) - hartizanedesign.com<\/title>\n<meta name=\"robots\" content=\"index, follow, max-snippet:-1, max-image-preview:large, max-video-preview:-1\" \/>\n<link rel=\"canonical\" href=\"https:\/\/hartizanedesign.com\/fr\/produit\/eclat-fauteuil-lounge-design-circulaire-volumes-rembourres\/\" \/>\n<meta property=\"og:locale\" content=\"fr_FR\" \/>\n<meta property=\"og:type\" content=\"article\" \/>\n<meta property=\"og:title\" content=\"\u00c9CLAT ( sill\u00f3n lounge dise\u00f1o circular y vol\u00famenes acolchados ) - hartizanedesign.com\" \/>\n<meta property=\"og:description\" content=\"Este asiento de dise\u00f1o escultural destaca por sus formas generosas y envolventes, pensadas para brindar un confort superior. El tapizado en tejido boucl\u00e9 de alta calidad ofrece una textura suave y c\u00e1lida, agradable al tacto y visualmente elegante.  El relleno de espuma de alta densidad proporciona un equilibrio perfecto entre soporte y suavidad, garantizando una experiencia de descanso confortable y duradera. Su capa de espuma de alta densidad garantiza una resistencia prolongada, manteniendo el soporte en el tiempo. Su robustez premium en madera asegura una durabilidad superior, aportando estabilidad y calidad constructiva.  Su estructura s\u00f3lida asegura resistencia y estabilidad, mientras que sus l\u00edneas curvas aportan un estilo contempor\u00e1neo, acogedor y sofisticado, ideal para interiores modernos y refinados.   Dimensiones\u00a0: 115 x 95\" \/>\n<meta property=\"og:url\" content=\"https:\/\/hartizanedesign.com\/fr\/produit\/eclat-fauteuil-lounge-design-circulaire-volumes-rembourres\/\" \/>\n<meta property=\"og:site_name\" content=\"hartizanedesign.com\" \/>\n<meta property=\"article:modified_time\" content=\"2026-02-16T12:26:37+00:00\" \/>\n<meta property=\"og:image\" content=\"https:\/\/hartizanedesign.com\/wp-content\/uploads\/2026\/01\/ECLAT.png\" \/>\n\t<meta property=\"og:image:width\" content=\"1300\" \/>\n\t<meta property=\"og:image:height\" content=\"900\" \/>\n\t<meta property=\"og:image:type\" content=\"image\/png\" \/>\n<meta name=\"twitter:card\" content=\"summary_large_image\" \/>\n<meta name=\"twitter:label1\" content=\"Dur\u00e9e de lecture estim\u00e9e\" \/>\n\t<meta name=\"twitter:data1\" content=\"1 minute\" \/>\n<script type=\"application\/ld+json\" class=\"yoast-schema-graph\">{\"@context\":\"https:\\\/\\\/schema.org\",\"@graph\":[{\"@type\":\"WebPage\",\"@id\":\"https:\\\/\\\/hartizanedesign.com\\\/producto\\\/eclat-sillon-lounge-diseno-circular-y-volumenes-acolchados\\\/\",\"url\":\"https:\\\/\\\/hartizanedesign.com\\\/producto\\\/eclat-sillon-lounge-diseno-circular-y-volumenes-acolchados\\\/\",\"name\":\"\u00c9CLAT ( sill\u00f3n lounge dise\u00f1o circular y vol\u00famenes acolchados ) - hartizanedesign.com\",\"isPartOf\":{\"@id\":\"https:\\\/\\\/hartizanedesign.com\\\/#website\"},\"primaryImageOfPage\":{\"@id\":\"https:\\\/\\\/hartizanedesign.com\\\/producto\\\/eclat-sillon-lounge-diseno-circular-y-volumenes-acolchados\\\/#primaryimage\"},\"image\":{\"@id\":\"https:\\\/\\\/hartizanedesign.com\\\/producto\\\/eclat-sillon-lounge-diseno-circular-y-volumenes-acolchados\\\/#primaryimage\"},\"thumbnailUrl\":\"https:\\\/\\\/hartizanedesign.com\\\/wp-content\\\/uploads\\\/2026\\\/01\\\/ECLAT.png\",\"datePublished\":\"2026-01-15T23:41:09+00:00\",\"dateModified\":\"2026-02-16T12:26:37+00:00\",\"breadcrumb\":{\"@id\":\"https:\\\/\\\/hartizanedesign.com\\\/producto\\\/eclat-sillon-lounge-diseno-circular-y-volumenes-acolchados\\\/#breadcrumb\"},\"inLanguage\":\"fr-FR\",\"potentialAction\":[{\"@type\":\"ReadAction\",\"target\":[\"https:\\\/\\\/hartizanedesign.com\\\/producto\\\/eclat-sillon-lounge-diseno-circular-y-volumenes-acolchados\\\/\"]}]},{\"@type\":\"ImageObject\",\"inLanguage\":\"fr-FR\",\"@id\":\"https:\\\/\\\/hartizanedesign.com\\\/producto\\\/eclat-sillon-lounge-diseno-circular-y-volumenes-acolchados\\\/#primaryimage\",\"url\":\"https:\\\/\\\/hartizanedesign.com\\\/wp-content\\\/uploads\\\/2026\\\/01\\\/ECLAT.png\",\"contentUrl\":\"https:\\\/\\\/hartizanedesign.com\\\/wp-content\\\/uploads\\\/2026\\\/01\\\/ECLAT.png\",\"width\":1300,\"height\":900},{\"@type\":\"BreadcrumbList\",\"@id\":\"https:\\\/\\\/hartizanedesign.com\\\/producto\\\/eclat-sillon-lounge-diseno-circular-y-volumenes-acolchados\\\/#breadcrumb\",\"itemListElement\":[{\"@type\":\"ListItem\",\"position\":1,\"name\":\"Home\",\"item\":\"https:\\\/\\\/hartizanedesign.com\\\/\"},{\"@type\":\"ListItem\",\"position\":2,\"name\":\"Tienda\",\"item\":\"https:\\\/\\\/hartizanedesign.com\\\/boutique\\\/\"},{\"@type\":\"ListItem\",\"position\":3,\"name\":\"\u00c9CLAT ( sill\u00f3n lounge dise\u00f1o circular y vol\u00famenes acolchados )\"}]},{\"@type\":\"WebSite\",\"@id\":\"https:\\\/\\\/hartizanedesign.com\\\/#website\",\"url\":\"https:\\\/\\\/hartizanedesign.com\\\/\",\"name\":\"hartizanedesign.com\",\"description\":\"\",\"publisher\":{\"@id\":\"https:\\\/\\\/hartizanedesign.com\\\/#organization\"},\"potentialAction\":[{\"@type\":\"SearchAction\",\"target\":{\"@type\":\"EntryPoint\",\"urlTemplate\":\"https:\\\/\\\/hartizanedesign.com\\\/?s={search_term_string}\"},\"query-input\":{\"@type\":\"PropertyValueSpecification\",\"valueRequired\":true,\"valueName\":\"search_term_string\"}}],\"inLanguage\":\"fr-FR\"},{\"@type\":\"Organization\",\"@id\":\"https:\\\/\\\/hartizanedesign.com\\\/#organization\",\"name\":\"hartizanedesign.com\",\"url\":\"https:\\\/\\\/hartizanedesign.com\\\/\",\"logo\":{\"@type\":\"ImageObject\",\"inLanguage\":\"fr-FR\",\"@id\":\"https:\\\/\\\/hartizanedesign.com\\\/#\\\/schema\\\/logo\\\/image\\\/\",\"url\":\"https:\\\/\\\/hartizanedesign.com\\\/wp-content\\\/uploads\\\/2025\\\/10\\\/Logo-commander2_Hartizane_Noire.svg.svg\",\"contentUrl\":\"https:\\\/\\\/hartizanedesign.com\\\/wp-content\\\/uploads\\\/2025\\\/10\\\/Logo-commander2_Hartizane_Noire.svg.svg\",\"width\":209,\"height\":62,\"caption\":\"hartizanedesign.com\"},\"image\":{\"@id\":\"https:\\\/\\\/hartizanedesign.com\\\/#\\\/schema\\\/logo\\\/image\\\/\"}}]}<\/script>\n<!-- \/ Yoast SEO plugin. -->","yoast_head_json":{"title":"\u00c9CLAT ( sill\u00f3n lounge dise\u00f1o circular y vol\u00famenes acolchados ) - hartizanedesign.com","robots":{"index":"index","follow":"follow","max-snippet":"max-snippet:-1","max-image-preview":"max-image-preview:large","max-video-preview":"max-video-preview:-1"},"canonical":"https:\/\/hartizanedesign.com\/fr\/produit\/eclat-fauteuil-lounge-design-circulaire-volumes-rembourres\/","og_locale":"fr_FR","og_type":"article","og_title":"\u00c9CLAT ( sill\u00f3n lounge dise\u00f1o circular y vol\u00famenes acolchados ) - hartizanedesign.com","og_description":"Este asiento de dise\u00f1o escultural destaca por sus formas generosas y envolventes, pensadas para brindar un confort superior. El tapizado en tejido boucl\u00e9 de alta calidad ofrece una textura suave y c\u00e1lida, agradable al tacto y visualmente elegante.  El relleno de espuma de alta densidad proporciona un equilibrio perfecto entre soporte y suavidad, garantizando una experiencia de descanso confortable y duradera. Su capa de espuma de alta densidad garantiza una resistencia prolongada, manteniendo el soporte en el tiempo. Su robustez premium en madera asegura una durabilidad superior, aportando estabilidad y calidad constructiva.  Su estructura s\u00f3lida asegura resistencia y estabilidad, mientras que sus l\u00edneas curvas aportan un estilo contempor\u00e1neo, acogedor y sofisticado, ideal para interiores modernos y refinados.   Dimensiones\u00a0: 115 x 95","og_url":"https:\/\/hartizanedesign.com\/fr\/produit\/eclat-fauteuil-lounge-design-circulaire-volumes-rembourres\/","og_site_name":"hartizanedesign.com","article_modified_time":"2026-02-16T12:26:37+00:00","og_image":[{"width":1300,"height":900,"url":"https:\/\/hartizanedesign.com\/wp-content\/uploads\/2026\/01\/ECLAT.png","type":"image\/png"}],"twitter_card":"summary_large_image","twitter_misc":{"Dur\u00e9e de lecture estim\u00e9e":"1 minute"},"schema":{"@context":"https:\/\/schema.org","@graph":[{"@type":"WebPage","@id":"https:\/\/hartizanedesign.com\/producto\/eclat-sillon-lounge-diseno-circular-y-volumenes-acolchados\/","url":"https:\/\/hartizanedesign.com\/producto\/eclat-sillon-lounge-diseno-circular-y-volumenes-acolchados\/","name":"\u00c9CLAT ( sill\u00f3n lounge dise\u00f1o circular y vol\u00famenes acolchados ) - hartizanedesign.com","isPartOf":{"@id":"https:\/\/hartizanedesign.com\/#website"},"primaryImageOfPage":{"@id":"https:\/\/hartizanedesign.com\/producto\/eclat-sillon-lounge-diseno-circular-y-volumenes-acolchados\/#primaryimage"},"image":{"@id":"https:\/\/hartizanedesign.com\/producto\/eclat-sillon-lounge-diseno-circular-y-volumenes-acolchados\/#primaryimage"},"thumbnailUrl":"https:\/\/hartizanedesign.com\/wp-content\/uploads\/2026\/01\/ECLAT.png","datePublished":"2026-01-15T23:41:09+00:00","dateModified":"2026-02-16T12:26:37+00:00","breadcrumb":{"@id":"https:\/\/hartizanedesign.com\/producto\/eclat-sillon-lounge-diseno-circular-y-volumenes-acolchados\/#breadcrumb"},"inLanguage":"fr-FR","potentialAction":[{"@type":"ReadAction","target":["https:\/\/hartizanedesign.com\/producto\/eclat-sillon-lounge-diseno-circular-y-volumenes-acolchados\/"]}]},{"@type":"ImageObject","inLanguage":"fr-FR","@id":"https:\/\/hartizanedesign.com\/producto\/eclat-sillon-lounge-diseno-circular-y-volumenes-acolchados\/#primaryimage","url":"https:\/\/hartizanedesign.com\/wp-content\/uploads\/2026\/01\/ECLAT.png","contentUrl":"https:\/\/hartizanedesign.com\/wp-content\/uploads\/2026\/01\/ECLAT.png","width":1300,"height":900},{"@type":"BreadcrumbList","@id":"https:\/\/hartizanedesign.com\/producto\/eclat-sillon-lounge-diseno-circular-y-volumenes-acolchados\/#breadcrumb","itemListElement":[{"@type":"ListItem","position":1,"name":"Home","item":"https:\/\/hartizanedesign.com\/"},{"@type":"ListItem","position":2,"name":"Tienda","item":"https:\/\/hartizanedesign.com\/boutique\/"},{"@type":"ListItem","position":3,"name":"\u00c9CLAT ( sill\u00f3n lounge dise\u00f1o circular y vol\u00famenes acolchados )"}]},{"@type":"WebSite","@id":"https:\/\/hartizanedesign.com\/#website","url":"https:\/\/hartizanedesign.com\/","name":"hartizanedesign.com","description":"","publisher":{"@id":"https:\/\/hartizanedesign.com\/#organization"},"potentialAction":[{"@type":"SearchAction","target":{"@type":"EntryPoint","urlTemplate":"https:\/\/hartizanedesign.com\/?s={search_term_string}"},"query-input":{"@type":"PropertyValueSpecification","valueRequired":true,"valueName":"search_term_string"}}],"inLanguage":"fr-FR"},{"@type":"Organization","@id":"https:\/\/hartizanedesign.com\/#organization","name":"hartizanedesign.com","url":"https:\/\/hartizanedesign.com\/","logo":{"@type":"ImageObject","inLanguage":"fr-FR","@id":"https:\/\/hartizanedesign.com\/#\/schema\/logo\/image\/","url":"https:\/\/hartizanedesign.com\/wp-content\/uploads\/2025\/10\/Logo-commander2_Hartizane_Noire.svg.svg","contentUrl":"https:\/\/hartizanedesign.com\/wp-content\/uploads\/2025\/10\/Logo-commander2_Hartizane_Noire.svg.svg","width":209,"height":62,"caption":"hartizanedesign.com"},"image":{"@id":"https:\/\/hartizanedesign.com\/#\/schema\/logo\/image\/"}}]}},"_links":{"self":[{"href":"https:\/\/hartizanedesign.com\/fr\/wp-json\/wp\/v2\/product\/4010","targetHints":{"allow":["GET"]}}],"collection":[{"href":"https:\/\/hartizanedesign.com\/fr\/wp-json\/wp\/v2\/product"}],"about":[{"href":"https:\/\/hartizanedesign.com\/fr\/wp-json\/wp\/v2\/types\/product"}],"version-history":[{"count":2,"href":"https:\/\/hartizanedesign.com\/fr\/wp-json\/wp\/v2\/product\/4010\/revisions"}],"predecessor-version":[{"id":4685,"href":"https:\/\/hartizanedesign.com\/fr\/wp-json\/wp\/v2\/product\/4010\/revisions\/4685"}],"wp:featuredmedia":[{"embeddable":true,"href":"https:\/\/hartizanedesign.com\/fr\/wp-json\/wp\/v2\/media\/4011"}],"wp:attachment":[{"href":"https:\/\/hartizanedesign.com\/fr\/wp-json\/wp\/v2\/media?parent=4010"}],"wp:term":[{"taxonomy":"product_brand","embeddable":true,"href":"https:\/\/hartizanedesign.com\/fr\/wp-json\/wp\/v2\/product_brand?post=4010"},{"taxonomy":"product_cat","embeddable":true,"href":"https:\/\/hartizanedesign.com\/fr\/wp-json\/wp\/v2\/product_cat?post=4010"},{"taxonomy":"product_tag","embeddable":true,"href":"https:\/\/hartizanedesign.com\/fr\/wp-json\/wp\/v2\/product_tag?post=4010"}],"curies":[{"name":"wp","href":"https:\/\/api.w.org\/{rel}","templated":true}]}}