{"id":4016,"date":"2026-01-16T00:47:15","date_gmt":"2026-01-15T23:47:15","guid":{"rendered":"https:\/\/hartizanedesign.com\/?post_type=product&#038;p=4016"},"modified":"2026-02-16T12:28:46","modified_gmt":"2026-02-16T12:28:46","slug":"opera-sillon-lounge-con-formas-curvas-y-confort-premium","status":"publish","type":"product","link":"https:\/\/hartizanedesign.com\/fr\/produit\/opera-fauteuil-lounge-formes-courbes-confort-premium\/","title":{"rendered":"OPERA (fauteuil lounge aux formes courbes et au confort haut de gamme)"},"content":{"rendered":"","protected":false},"excerpt":{"rendered":"<p>Ce fauteuil se distingue par ses formes enveloppantes et son confort premium, con\u00e7u pour offrir une exp\u00e9rience de d\u00e9tente douce et agr\u00e9able. Son rembourrage en mousse haute densit\u00e9 assure un soutien optimal, tout en conservant une sensation moelleuse et confortable au fil du temps.<\/p>\n<p>Son rev\u00eatement en tissu textur\u00e9 de haute qualit\u00e9 apporte chaleur et \u00e9l\u00e9gance, tout en \u00e9tant agr\u00e9able au toucher et r\u00e9sistant \u00e0 l\u2019usage quotidien. Son design courbe favorise une posture naturelle et cr\u00e9e une sensation d\u2019abri et de confort, id\u00e9ale pour les moments de relaxation.<\/p>\n<p>Son bois premium, mat\u00e9riau r\u00e9sistant qui conserve son int\u00e9grit\u00e9 dans le temps, apporte solidit\u00e9 structurelle et qualit\u00e9 de fabrication. Sa mousse de formulation premium am\u00e9liore la stabilit\u00e9 de l\u2019ensemble, offrant un soutien durable et un confort sup\u00e9rieur.<\/p>\n<p>Pi\u00e8ce au style contemporain, il combine design, durabilit\u00e9 et bien-\u00eatre, parfait pour sublimer des int\u00e9rieurs modernes et sophistiqu\u00e9s.<\/p>\n<ul>\n<li style=\"font-weight: 400;\" aria-level=\"1\"><span style=\"font-weight: 400;\">Dimensions:<\/span><span style=\"font-weight: 400;\"> 90 x 85 <\/span><\/li>\n<\/ul>","protected":false},"featured_media":4017,"template":"","meta":[],"product_brand":[],"product_cat":[238],"product_tag":[],"class_list":{"0":"post-4016","1":"product","2":"type-product","3":"status-publish","4":"has-post-thumbnail","6":"product_cat-canapes","8":"first","9":"instock","10":"sale","11":"taxable","12":"shipping-taxable","13":"purchasable","14":"product-type-simple"},"yoast_head":"<!-- This site is optimized with the Yoast SEO plugin v27.4 - https:\/\/yoast.com\/product\/yoast-seo-wordpress\/ -->\n<title>OP\u00c9RA ( sill\u00f3n lounge con formas curvas y confort premium ) - hartizanedesign.com<\/title>\n<meta name=\"robots\" content=\"index, follow, max-snippet:-1, max-image-preview:large, max-video-preview:-1\" \/>\n<link rel=\"canonical\" href=\"https:\/\/hartizanedesign.com\/fr\/produit\/opera-fauteuil-lounge-formes-courbes-confort-premium\/\" \/>\n<meta property=\"og:locale\" content=\"fr_FR\" \/>\n<meta property=\"og:type\" content=\"article\" \/>\n<meta property=\"og:title\" content=\"OP\u00c9RA ( sill\u00f3n lounge con formas curvas y confort premium ) - hartizanedesign.com\" \/>\n<meta property=\"og:description\" content=\"Este sill\u00f3n destaca por sus formas envolventes y su confort premium, dise\u00f1ado para ofrecer una experiencia de descanso suave y placentera. El relleno de espuma de alta densidad proporciona un soporte \u00f3ptimo, manteniendo una sensaci\u00f3n mullida y confortable con el paso del tiempo.  El tapizado en tejido texturizado de alta calidad aporta calidez y elegancia, adem\u00e1s de ser agradable al tacto y resistente al uso diario. Su dise\u00f1o curvo favorece una postura natural y crea una sensaci\u00f3n de abrigo y confort, ideal para momentos de relajaci\u00f3n.  Su madera premium, un material resistente que mantiene su integridad en el tiempo, aporta solidez estructural y calidad constructiva. La espuma de formulaci\u00f3n premium mejora la estabilidad del conjunto, ofreciendo soporte y confort duradero.  Una pieza de estilo contempor\u00e1neo que combina dise\u00f1o, durabilidad y bienestar, perfecta para realzar interiores modernos y sofisticados.   Dimensiones: 90 x 85\" \/>\n<meta property=\"og:url\" content=\"https:\/\/hartizanedesign.com\/fr\/produit\/opera-fauteuil-lounge-formes-courbes-confort-premium\/\" \/>\n<meta property=\"og:site_name\" content=\"hartizanedesign.com\" \/>\n<meta property=\"article:modified_time\" content=\"2026-02-16T12:28:46+00:00\" \/>\n<meta property=\"og:image\" content=\"https:\/\/hartizanedesign.com\/wp-content\/uploads\/2026\/01\/OPERA.png\" \/>\n\t<meta property=\"og:image:width\" content=\"1300\" \/>\n\t<meta property=\"og:image:height\" content=\"900\" \/>\n\t<meta property=\"og:image:type\" content=\"image\/png\" \/>\n<meta name=\"twitter:card\" content=\"summary_large_image\" \/>\n<meta name=\"twitter:label1\" content=\"Dur\u00e9e de lecture estim\u00e9e\" \/>\n\t<meta name=\"twitter:data1\" content=\"1 minute\" \/>\n<script type=\"application\/ld+json\" class=\"yoast-schema-graph\">{\"@context\":\"https:\\\/\\\/schema.org\",\"@graph\":[{\"@type\":\"WebPage\",\"@id\":\"https:\\\/\\\/hartizanedesign.com\\\/producto\\\/opera-sillon-lounge-con-formas-curvas-y-confort-premium\\\/\",\"url\":\"https:\\\/\\\/hartizanedesign.com\\\/producto\\\/opera-sillon-lounge-con-formas-curvas-y-confort-premium\\\/\",\"name\":\"OP\u00c9RA ( sill\u00f3n lounge con formas curvas y confort premium ) - hartizanedesign.com\",\"isPartOf\":{\"@id\":\"https:\\\/\\\/hartizanedesign.com\\\/#website\"},\"primaryImageOfPage\":{\"@id\":\"https:\\\/\\\/hartizanedesign.com\\\/producto\\\/opera-sillon-lounge-con-formas-curvas-y-confort-premium\\\/#primaryimage\"},\"image\":{\"@id\":\"https:\\\/\\\/hartizanedesign.com\\\/producto\\\/opera-sillon-lounge-con-formas-curvas-y-confort-premium\\\/#primaryimage\"},\"thumbnailUrl\":\"https:\\\/\\\/hartizanedesign.com\\\/wp-content\\\/uploads\\\/2026\\\/01\\\/OPERA.png\",\"datePublished\":\"2026-01-15T23:47:15+00:00\",\"dateModified\":\"2026-02-16T12:28:46+00:00\",\"breadcrumb\":{\"@id\":\"https:\\\/\\\/hartizanedesign.com\\\/producto\\\/opera-sillon-lounge-con-formas-curvas-y-confort-premium\\\/#breadcrumb\"},\"inLanguage\":\"fr-FR\",\"potentialAction\":[{\"@type\":\"ReadAction\",\"target\":[\"https:\\\/\\\/hartizanedesign.com\\\/producto\\\/opera-sillon-lounge-con-formas-curvas-y-confort-premium\\\/\"]}]},{\"@type\":\"ImageObject\",\"inLanguage\":\"fr-FR\",\"@id\":\"https:\\\/\\\/hartizanedesign.com\\\/producto\\\/opera-sillon-lounge-con-formas-curvas-y-confort-premium\\\/#primaryimage\",\"url\":\"https:\\\/\\\/hartizanedesign.com\\\/wp-content\\\/uploads\\\/2026\\\/01\\\/OPERA.png\",\"contentUrl\":\"https:\\\/\\\/hartizanedesign.com\\\/wp-content\\\/uploads\\\/2026\\\/01\\\/OPERA.png\",\"width\":1300,\"height\":900},{\"@type\":\"BreadcrumbList\",\"@id\":\"https:\\\/\\\/hartizanedesign.com\\\/producto\\\/opera-sillon-lounge-con-formas-curvas-y-confort-premium\\\/#breadcrumb\",\"itemListElement\":[{\"@type\":\"ListItem\",\"position\":1,\"name\":\"Home\",\"item\":\"https:\\\/\\\/hartizanedesign.com\\\/\"},{\"@type\":\"ListItem\",\"position\":2,\"name\":\"Tienda\",\"item\":\"https:\\\/\\\/hartizanedesign.com\\\/boutique\\\/\"},{\"@type\":\"ListItem\",\"position\":3,\"name\":\"OP\u00c9RA ( sill\u00f3n lounge con formas curvas y confort premium )\"}]},{\"@type\":\"WebSite\",\"@id\":\"https:\\\/\\\/hartizanedesign.com\\\/#website\",\"url\":\"https:\\\/\\\/hartizanedesign.com\\\/\",\"name\":\"hartizanedesign.com\",\"description\":\"\",\"publisher\":{\"@id\":\"https:\\\/\\\/hartizanedesign.com\\\/#organization\"},\"potentialAction\":[{\"@type\":\"SearchAction\",\"target\":{\"@type\":\"EntryPoint\",\"urlTemplate\":\"https:\\\/\\\/hartizanedesign.com\\\/?s={search_term_string}\"},\"query-input\":{\"@type\":\"PropertyValueSpecification\",\"valueRequired\":true,\"valueName\":\"search_term_string\"}}],\"inLanguage\":\"fr-FR\"},{\"@type\":\"Organization\",\"@id\":\"https:\\\/\\\/hartizanedesign.com\\\/#organization\",\"name\":\"hartizanedesign.com\",\"url\":\"https:\\\/\\\/hartizanedesign.com\\\/\",\"logo\":{\"@type\":\"ImageObject\",\"inLanguage\":\"fr-FR\",\"@id\":\"https:\\\/\\\/hartizanedesign.com\\\/#\\\/schema\\\/logo\\\/image\\\/\",\"url\":\"https:\\\/\\\/hartizanedesign.com\\\/wp-content\\\/uploads\\\/2025\\\/10\\\/Logo-commander2_Hartizane_Noire.svg.svg\",\"contentUrl\":\"https:\\\/\\\/hartizanedesign.com\\\/wp-content\\\/uploads\\\/2025\\\/10\\\/Logo-commander2_Hartizane_Noire.svg.svg\",\"width\":209,\"height\":62,\"caption\":\"hartizanedesign.com\"},\"image\":{\"@id\":\"https:\\\/\\\/hartizanedesign.com\\\/#\\\/schema\\\/logo\\\/image\\\/\"}}]}<\/script>\n<!-- \/ Yoast SEO plugin. -->","yoast_head_json":{"title":"OP\u00c9RA ( sill\u00f3n lounge con formas curvas y confort premium ) - hartizanedesign.com","robots":{"index":"index","follow":"follow","max-snippet":"max-snippet:-1","max-image-preview":"max-image-preview:large","max-video-preview":"max-video-preview:-1"},"canonical":"https:\/\/hartizanedesign.com\/fr\/produit\/opera-fauteuil-lounge-formes-courbes-confort-premium\/","og_locale":"fr_FR","og_type":"article","og_title":"OP\u00c9RA ( sill\u00f3n lounge con formas curvas y confort premium ) - hartizanedesign.com","og_description":"Este sill\u00f3n destaca por sus formas envolventes y su confort premium, dise\u00f1ado para ofrecer una experiencia de descanso suave y placentera. El relleno de espuma de alta densidad proporciona un soporte \u00f3ptimo, manteniendo una sensaci\u00f3n mullida y confortable con el paso del tiempo.  El tapizado en tejido texturizado de alta calidad aporta calidez y elegancia, adem\u00e1s de ser agradable al tacto y resistente al uso diario. Su dise\u00f1o curvo favorece una postura natural y crea una sensaci\u00f3n de abrigo y confort, ideal para momentos de relajaci\u00f3n.  Su madera premium, un material resistente que mantiene su integridad en el tiempo, aporta solidez estructural y calidad constructiva. La espuma de formulaci\u00f3n premium mejora la estabilidad del conjunto, ofreciendo soporte y confort duradero.  Una pieza de estilo contempor\u00e1neo que combina dise\u00f1o, durabilidad y bienestar, perfecta para realzar interiores modernos y sofisticados.   Dimensiones: 90 x 85","og_url":"https:\/\/hartizanedesign.com\/fr\/produit\/opera-fauteuil-lounge-formes-courbes-confort-premium\/","og_site_name":"hartizanedesign.com","article_modified_time":"2026-02-16T12:28:46+00:00","og_image":[{"width":1300,"height":900,"url":"https:\/\/hartizanedesign.com\/wp-content\/uploads\/2026\/01\/OPERA.png","type":"image\/png"}],"twitter_card":"summary_large_image","twitter_misc":{"Dur\u00e9e de lecture estim\u00e9e":"1 minute"},"schema":{"@context":"https:\/\/schema.org","@graph":[{"@type":"WebPage","@id":"https:\/\/hartizanedesign.com\/producto\/opera-sillon-lounge-con-formas-curvas-y-confort-premium\/","url":"https:\/\/hartizanedesign.com\/producto\/opera-sillon-lounge-con-formas-curvas-y-confort-premium\/","name":"OP\u00c9RA ( sill\u00f3n lounge con formas curvas y confort premium ) - hartizanedesign.com","isPartOf":{"@id":"https:\/\/hartizanedesign.com\/#website"},"primaryImageOfPage":{"@id":"https:\/\/hartizanedesign.com\/producto\/opera-sillon-lounge-con-formas-curvas-y-confort-premium\/#primaryimage"},"image":{"@id":"https:\/\/hartizanedesign.com\/producto\/opera-sillon-lounge-con-formas-curvas-y-confort-premium\/#primaryimage"},"thumbnailUrl":"https:\/\/hartizanedesign.com\/wp-content\/uploads\/2026\/01\/OPERA.png","datePublished":"2026-01-15T23:47:15+00:00","dateModified":"2026-02-16T12:28:46+00:00","breadcrumb":{"@id":"https:\/\/hartizanedesign.com\/producto\/opera-sillon-lounge-con-formas-curvas-y-confort-premium\/#breadcrumb"},"inLanguage":"fr-FR","potentialAction":[{"@type":"ReadAction","target":["https:\/\/hartizanedesign.com\/producto\/opera-sillon-lounge-con-formas-curvas-y-confort-premium\/"]}]},{"@type":"ImageObject","inLanguage":"fr-FR","@id":"https:\/\/hartizanedesign.com\/producto\/opera-sillon-lounge-con-formas-curvas-y-confort-premium\/#primaryimage","url":"https:\/\/hartizanedesign.com\/wp-content\/uploads\/2026\/01\/OPERA.png","contentUrl":"https:\/\/hartizanedesign.com\/wp-content\/uploads\/2026\/01\/OPERA.png","width":1300,"height":900},{"@type":"BreadcrumbList","@id":"https:\/\/hartizanedesign.com\/producto\/opera-sillon-lounge-con-formas-curvas-y-confort-premium\/#breadcrumb","itemListElement":[{"@type":"ListItem","position":1,"name":"Home","item":"https:\/\/hartizanedesign.com\/"},{"@type":"ListItem","position":2,"name":"Tienda","item":"https:\/\/hartizanedesign.com\/boutique\/"},{"@type":"ListItem","position":3,"name":"OP\u00c9RA ( sill\u00f3n lounge con formas curvas y confort premium )"}]},{"@type":"WebSite","@id":"https:\/\/hartizanedesign.com\/#website","url":"https:\/\/hartizanedesign.com\/","name":"hartizanedesign.com","description":"","publisher":{"@id":"https:\/\/hartizanedesign.com\/#organization"},"potentialAction":[{"@type":"SearchAction","target":{"@type":"EntryPoint","urlTemplate":"https:\/\/hartizanedesign.com\/?s={search_term_string}"},"query-input":{"@type":"PropertyValueSpecification","valueRequired":true,"valueName":"search_term_string"}}],"inLanguage":"fr-FR"},{"@type":"Organization","@id":"https:\/\/hartizanedesign.com\/#organization","name":"hartizanedesign.com","url":"https:\/\/hartizanedesign.com\/","logo":{"@type":"ImageObject","inLanguage":"fr-FR","@id":"https:\/\/hartizanedesign.com\/#\/schema\/logo\/image\/","url":"https:\/\/hartizanedesign.com\/wp-content\/uploads\/2025\/10\/Logo-commander2_Hartizane_Noire.svg.svg","contentUrl":"https:\/\/hartizanedesign.com\/wp-content\/uploads\/2025\/10\/Logo-commander2_Hartizane_Noire.svg.svg","width":209,"height":62,"caption":"hartizanedesign.com"},"image":{"@id":"https:\/\/hartizanedesign.com\/#\/schema\/logo\/image\/"}}]}},"_links":{"self":[{"href":"https:\/\/hartizanedesign.com\/fr\/wp-json\/wp\/v2\/product\/4016","targetHints":{"allow":["GET"]}}],"collection":[{"href":"https:\/\/hartizanedesign.com\/fr\/wp-json\/wp\/v2\/product"}],"about":[{"href":"https:\/\/hartizanedesign.com\/fr\/wp-json\/wp\/v2\/types\/product"}],"version-history":[{"count":2,"href":"https:\/\/hartizanedesign.com\/fr\/wp-json\/wp\/v2\/product\/4016\/revisions"}],"predecessor-version":[{"id":4686,"href":"https:\/\/hartizanedesign.com\/fr\/wp-json\/wp\/v2\/product\/4016\/revisions\/4686"}],"wp:featuredmedia":[{"embeddable":true,"href":"https:\/\/hartizanedesign.com\/fr\/wp-json\/wp\/v2\/media\/4017"}],"wp:attachment":[{"href":"https:\/\/hartizanedesign.com\/fr\/wp-json\/wp\/v2\/media?parent=4016"}],"wp:term":[{"taxonomy":"product_brand","embeddable":true,"href":"https:\/\/hartizanedesign.com\/fr\/wp-json\/wp\/v2\/product_brand?post=4016"},{"taxonomy":"product_cat","embeddable":true,"href":"https:\/\/hartizanedesign.com\/fr\/wp-json\/wp\/v2\/product_cat?post=4016"},{"taxonomy":"product_tag","embeddable":true,"href":"https:\/\/hartizanedesign.com\/fr\/wp-json\/wp\/v2\/product_tag?post=4016"}],"curies":[{"name":"wp","href":"https:\/\/api.w.org\/{rel}","templated":true}]}}