{"id":4022,"date":"2026-01-16T01:07:53","date_gmt":"2026-01-16T00:07:53","guid":{"rendered":"https:\/\/hartizanedesign.com\/?post_type=product&#038;p=4022"},"modified":"2026-02-16T12:29:27","modified_gmt":"2026-02-16T12:29:27","slug":"majesty-canape-de-diseno-contemporaneo-con-asiento-amplio-y-confort-superior","status":"publish","type":"product","link":"https:\/\/hartizanedesign.com\/fr\/produit\/majesty-canape-design-contemporain-assise-large-confort-superieur\/","title":{"rendered":"MAJESTY (canap\u00e9 design contemporain avec une assise large et un confort sup\u00e9rieur)"},"content":{"rendered":"","protected":false},"excerpt":{"rendered":"<p>Ce canap\u00e9 offre une exp\u00e9rience de confort sup\u00e9rieure gr\u00e2ce \u00e0 son assise large et enveloppante, con\u00e7ue pour apporter bien-\u00eatre et soutien sur la dur\u00e9e. La mousse haute densit\u00e9 garantit un maintien optimal tout en conservant une sensation douce et accueillante.<\/p>\n<p>Son tissu premium se distingue par sa texture chaude et agr\u00e9able au toucher, tout en \u00e9tant r\u00e9sistant et durable. Ses formes \u00e9quilibr\u00e9es et ses accoudoirs arrondis favorisent une posture confortable et d\u00e9tendue, id\u00e9ale pour la d\u00e9tente quotidienne.<\/p>\n<p>Son syst\u00e8me de mousse haute performance assure une dur\u00e9e de vie prolong\u00e9e, en pr\u00e9servant le soutien et la qualit\u00e9 de l\u2019assise dans le temps. Son bois de haute qualit\u00e9 apporte solidit\u00e9 structurelle et une pr\u00e9sence noble.<\/p>\n<p>Sa structure robuste assure stabilit\u00e9 et r\u00e9sistance, faisant de ce canap\u00e9 une pi\u00e8ce fonctionnelle, confortable et de haute qualit\u00e9.<\/p>\n<ul>\n<li style=\"font-weight: 400;\" aria-level=\"1\"><span style=\"font-weight: 400;\">\u00a0<\/span><span style=\"font-weight: 400;\">Dimensiones<\/span><span style=\"font-weight: 400;\">: 220 \/\u00a0 300 <\/span><\/li>\n<\/ul>","protected":false},"featured_media":4024,"template":"","meta":[],"product_brand":[],"product_cat":[238],"product_tag":[],"class_list":{"0":"post-4022","1":"product","2":"type-product","3":"status-publish","4":"has-post-thumbnail","6":"product_cat-canapes","8":"first","9":"instock","10":"sale","11":"taxable","12":"shipping-taxable","13":"purchasable","14":"product-type-simple"},"yoast_head":"<!-- This site is optimized with the Yoast SEO plugin v27.4 - https:\/\/yoast.com\/product\/yoast-seo-wordpress\/ -->\n<title>MAJESTY ( canap\u00e9 de dise\u00f1o contempor\u00e1neo con asiento amplio y confort superior ) - hartizanedesign.com<\/title>\n<meta name=\"robots\" content=\"index, follow, max-snippet:-1, max-image-preview:large, max-video-preview:-1\" \/>\n<link rel=\"canonical\" href=\"https:\/\/hartizanedesign.com\/fr\/produit\/majesty-canape-design-contemporain-assise-large-confort-superieur\/\" \/>\n<meta property=\"og:locale\" content=\"fr_FR\" \/>\n<meta property=\"og:type\" content=\"article\" \/>\n<meta property=\"og:title\" content=\"MAJESTY ( canap\u00e9 de dise\u00f1o contempor\u00e1neo con asiento amplio y confort superior ) - hartizanedesign.com\" \/>\n<meta property=\"og:description\" content=\"Este sof\u00e1 ofrece una experiencia de confort superior gracias a su asiento amplio y envolvente, dise\u00f1ado para proporcionar bienestar y soporte a largo plazo. La espuma de alta densidad garantiza una sujeci\u00f3n \u00f3ptima, manteniendo al mismo tiempo una sensaci\u00f3n suave y acogedora.  El tejido premium destaca por su textura c\u00e1lida y agradable al tacto, adem\u00e1s de ser resistente y duradero. Las formas equilibradas y los reposabrazos redondeados favorecen una postura c\u00f3moda y relajada, ideal para el descanso diario.  Su sistema de espuma de alto desempe\u00f1o asegura una mayor vida \u00fatil, preservando el soporte con el paso del tiempo. Su madera de alta calidad aporta solidez estructural y una presencia noble.  Su estructura s\u00f3lida asegura estabilidad y resistencia, convirtiendo este sof\u00e1 en una pieza funcional, confortable y de alta calidad.   \u00a0Dimensiones: 220 \/\u00a0 300\" \/>\n<meta property=\"og:url\" content=\"https:\/\/hartizanedesign.com\/fr\/produit\/majesty-canape-design-contemporain-assise-large-confort-superieur\/\" \/>\n<meta property=\"og:site_name\" content=\"hartizanedesign.com\" \/>\n<meta property=\"article:modified_time\" content=\"2026-02-16T12:29:27+00:00\" \/>\n<meta property=\"og:image\" content=\"https:\/\/hartizanedesign.com\/wp-content\/uploads\/2026\/01\/MAJESTY3.png\" \/>\n\t<meta property=\"og:image:width\" content=\"1300\" \/>\n\t<meta property=\"og:image:height\" content=\"900\" \/>\n\t<meta property=\"og:image:type\" content=\"image\/png\" \/>\n<meta name=\"twitter:card\" content=\"summary_large_image\" \/>\n<meta name=\"twitter:label1\" content=\"Dur\u00e9e de lecture estim\u00e9e\" \/>\n\t<meta name=\"twitter:data1\" content=\"1 minute\" \/>\n<script type=\"application\/ld+json\" class=\"yoast-schema-graph\">{\"@context\":\"https:\\\/\\\/schema.org\",\"@graph\":[{\"@type\":\"WebPage\",\"@id\":\"https:\\\/\\\/hartizanedesign.com\\\/producto\\\/majesty-canape-de-diseno-contemporaneo-con-asiento-amplio-y-confort-superior\\\/\",\"url\":\"https:\\\/\\\/hartizanedesign.com\\\/producto\\\/majesty-canape-de-diseno-contemporaneo-con-asiento-amplio-y-confort-superior\\\/\",\"name\":\"MAJESTY ( canap\u00e9 de dise\u00f1o contempor\u00e1neo con asiento amplio y confort superior ) - hartizanedesign.com\",\"isPartOf\":{\"@id\":\"https:\\\/\\\/hartizanedesign.com\\\/#website\"},\"primaryImageOfPage\":{\"@id\":\"https:\\\/\\\/hartizanedesign.com\\\/producto\\\/majesty-canape-de-diseno-contemporaneo-con-asiento-amplio-y-confort-superior\\\/#primaryimage\"},\"image\":{\"@id\":\"https:\\\/\\\/hartizanedesign.com\\\/producto\\\/majesty-canape-de-diseno-contemporaneo-con-asiento-amplio-y-confort-superior\\\/#primaryimage\"},\"thumbnailUrl\":\"https:\\\/\\\/hartizanedesign.com\\\/wp-content\\\/uploads\\\/2026\\\/01\\\/MAJESTY3.png\",\"datePublished\":\"2026-01-16T00:07:53+00:00\",\"dateModified\":\"2026-02-16T12:29:27+00:00\",\"breadcrumb\":{\"@id\":\"https:\\\/\\\/hartizanedesign.com\\\/producto\\\/majesty-canape-de-diseno-contemporaneo-con-asiento-amplio-y-confort-superior\\\/#breadcrumb\"},\"inLanguage\":\"fr-FR\",\"potentialAction\":[{\"@type\":\"ReadAction\",\"target\":[\"https:\\\/\\\/hartizanedesign.com\\\/producto\\\/majesty-canape-de-diseno-contemporaneo-con-asiento-amplio-y-confort-superior\\\/\"]}]},{\"@type\":\"ImageObject\",\"inLanguage\":\"fr-FR\",\"@id\":\"https:\\\/\\\/hartizanedesign.com\\\/producto\\\/majesty-canape-de-diseno-contemporaneo-con-asiento-amplio-y-confort-superior\\\/#primaryimage\",\"url\":\"https:\\\/\\\/hartizanedesign.com\\\/wp-content\\\/uploads\\\/2026\\\/01\\\/MAJESTY3.png\",\"contentUrl\":\"https:\\\/\\\/hartizanedesign.com\\\/wp-content\\\/uploads\\\/2026\\\/01\\\/MAJESTY3.png\",\"width\":1300,\"height\":900},{\"@type\":\"BreadcrumbList\",\"@id\":\"https:\\\/\\\/hartizanedesign.com\\\/producto\\\/majesty-canape-de-diseno-contemporaneo-con-asiento-amplio-y-confort-superior\\\/#breadcrumb\",\"itemListElement\":[{\"@type\":\"ListItem\",\"position\":1,\"name\":\"Home\",\"item\":\"https:\\\/\\\/hartizanedesign.com\\\/\"},{\"@type\":\"ListItem\",\"position\":2,\"name\":\"Tienda\",\"item\":\"https:\\\/\\\/hartizanedesign.com\\\/boutique\\\/\"},{\"@type\":\"ListItem\",\"position\":3,\"name\":\"MAJESTY ( canap\u00e9 de dise\u00f1o contempor\u00e1neo con asiento amplio y confort superior )\"}]},{\"@type\":\"WebSite\",\"@id\":\"https:\\\/\\\/hartizanedesign.com\\\/#website\",\"url\":\"https:\\\/\\\/hartizanedesign.com\\\/\",\"name\":\"hartizanedesign.com\",\"description\":\"\",\"publisher\":{\"@id\":\"https:\\\/\\\/hartizanedesign.com\\\/#organization\"},\"potentialAction\":[{\"@type\":\"SearchAction\",\"target\":{\"@type\":\"EntryPoint\",\"urlTemplate\":\"https:\\\/\\\/hartizanedesign.com\\\/?s={search_term_string}\"},\"query-input\":{\"@type\":\"PropertyValueSpecification\",\"valueRequired\":true,\"valueName\":\"search_term_string\"}}],\"inLanguage\":\"fr-FR\"},{\"@type\":\"Organization\",\"@id\":\"https:\\\/\\\/hartizanedesign.com\\\/#organization\",\"name\":\"hartizanedesign.com\",\"url\":\"https:\\\/\\\/hartizanedesign.com\\\/\",\"logo\":{\"@type\":\"ImageObject\",\"inLanguage\":\"fr-FR\",\"@id\":\"https:\\\/\\\/hartizanedesign.com\\\/#\\\/schema\\\/logo\\\/image\\\/\",\"url\":\"https:\\\/\\\/hartizanedesign.com\\\/wp-content\\\/uploads\\\/2025\\\/10\\\/Logo-commander2_Hartizane_Noire.svg.svg\",\"contentUrl\":\"https:\\\/\\\/hartizanedesign.com\\\/wp-content\\\/uploads\\\/2025\\\/10\\\/Logo-commander2_Hartizane_Noire.svg.svg\",\"width\":209,\"height\":62,\"caption\":\"hartizanedesign.com\"},\"image\":{\"@id\":\"https:\\\/\\\/hartizanedesign.com\\\/#\\\/schema\\\/logo\\\/image\\\/\"}}]}<\/script>\n<!-- \/ Yoast SEO plugin. -->","yoast_head_json":{"title":"MAJESTY ( canap\u00e9 de dise\u00f1o contempor\u00e1neo con asiento amplio y confort superior ) - hartizanedesign.com","robots":{"index":"index","follow":"follow","max-snippet":"max-snippet:-1","max-image-preview":"max-image-preview:large","max-video-preview":"max-video-preview:-1"},"canonical":"https:\/\/hartizanedesign.com\/fr\/produit\/majesty-canape-design-contemporain-assise-large-confort-superieur\/","og_locale":"fr_FR","og_type":"article","og_title":"MAJESTY ( canap\u00e9 de dise\u00f1o contempor\u00e1neo con asiento amplio y confort superior ) - hartizanedesign.com","og_description":"Este sof\u00e1 ofrece una experiencia de confort superior gracias a su asiento amplio y envolvente, dise\u00f1ado para proporcionar bienestar y soporte a largo plazo. La espuma de alta densidad garantiza una sujeci\u00f3n \u00f3ptima, manteniendo al mismo tiempo una sensaci\u00f3n suave y acogedora.  El tejido premium destaca por su textura c\u00e1lida y agradable al tacto, adem\u00e1s de ser resistente y duradero. Las formas equilibradas y los reposabrazos redondeados favorecen una postura c\u00f3moda y relajada, ideal para el descanso diario.  Su sistema de espuma de alto desempe\u00f1o asegura una mayor vida \u00fatil, preservando el soporte con el paso del tiempo. Su madera de alta calidad aporta solidez estructural y una presencia noble.  Su estructura s\u00f3lida asegura estabilidad y resistencia, convirtiendo este sof\u00e1 en una pieza funcional, confortable y de alta calidad.   \u00a0Dimensiones: 220 \/\u00a0 300","og_url":"https:\/\/hartizanedesign.com\/fr\/produit\/majesty-canape-design-contemporain-assise-large-confort-superieur\/","og_site_name":"hartizanedesign.com","article_modified_time":"2026-02-16T12:29:27+00:00","og_image":[{"width":1300,"height":900,"url":"https:\/\/hartizanedesign.com\/wp-content\/uploads\/2026\/01\/MAJESTY3.png","type":"image\/png"}],"twitter_card":"summary_large_image","twitter_misc":{"Dur\u00e9e de lecture estim\u00e9e":"1 minute"},"schema":{"@context":"https:\/\/schema.org","@graph":[{"@type":"WebPage","@id":"https:\/\/hartizanedesign.com\/producto\/majesty-canape-de-diseno-contemporaneo-con-asiento-amplio-y-confort-superior\/","url":"https:\/\/hartizanedesign.com\/producto\/majesty-canape-de-diseno-contemporaneo-con-asiento-amplio-y-confort-superior\/","name":"MAJESTY ( canap\u00e9 de dise\u00f1o contempor\u00e1neo con asiento amplio y confort superior ) - hartizanedesign.com","isPartOf":{"@id":"https:\/\/hartizanedesign.com\/#website"},"primaryImageOfPage":{"@id":"https:\/\/hartizanedesign.com\/producto\/majesty-canape-de-diseno-contemporaneo-con-asiento-amplio-y-confort-superior\/#primaryimage"},"image":{"@id":"https:\/\/hartizanedesign.com\/producto\/majesty-canape-de-diseno-contemporaneo-con-asiento-amplio-y-confort-superior\/#primaryimage"},"thumbnailUrl":"https:\/\/hartizanedesign.com\/wp-content\/uploads\/2026\/01\/MAJESTY3.png","datePublished":"2026-01-16T00:07:53+00:00","dateModified":"2026-02-16T12:29:27+00:00","breadcrumb":{"@id":"https:\/\/hartizanedesign.com\/producto\/majesty-canape-de-diseno-contemporaneo-con-asiento-amplio-y-confort-superior\/#breadcrumb"},"inLanguage":"fr-FR","potentialAction":[{"@type":"ReadAction","target":["https:\/\/hartizanedesign.com\/producto\/majesty-canape-de-diseno-contemporaneo-con-asiento-amplio-y-confort-superior\/"]}]},{"@type":"ImageObject","inLanguage":"fr-FR","@id":"https:\/\/hartizanedesign.com\/producto\/majesty-canape-de-diseno-contemporaneo-con-asiento-amplio-y-confort-superior\/#primaryimage","url":"https:\/\/hartizanedesign.com\/wp-content\/uploads\/2026\/01\/MAJESTY3.png","contentUrl":"https:\/\/hartizanedesign.com\/wp-content\/uploads\/2026\/01\/MAJESTY3.png","width":1300,"height":900},{"@type":"BreadcrumbList","@id":"https:\/\/hartizanedesign.com\/producto\/majesty-canape-de-diseno-contemporaneo-con-asiento-amplio-y-confort-superior\/#breadcrumb","itemListElement":[{"@type":"ListItem","position":1,"name":"Home","item":"https:\/\/hartizanedesign.com\/"},{"@type":"ListItem","position":2,"name":"Tienda","item":"https:\/\/hartizanedesign.com\/boutique\/"},{"@type":"ListItem","position":3,"name":"MAJESTY ( canap\u00e9 de dise\u00f1o contempor\u00e1neo con asiento amplio y confort superior )"}]},{"@type":"WebSite","@id":"https:\/\/hartizanedesign.com\/#website","url":"https:\/\/hartizanedesign.com\/","name":"hartizanedesign.com","description":"","publisher":{"@id":"https:\/\/hartizanedesign.com\/#organization"},"potentialAction":[{"@type":"SearchAction","target":{"@type":"EntryPoint","urlTemplate":"https:\/\/hartizanedesign.com\/?s={search_term_string}"},"query-input":{"@type":"PropertyValueSpecification","valueRequired":true,"valueName":"search_term_string"}}],"inLanguage":"fr-FR"},{"@type":"Organization","@id":"https:\/\/hartizanedesign.com\/#organization","name":"hartizanedesign.com","url":"https:\/\/hartizanedesign.com\/","logo":{"@type":"ImageObject","inLanguage":"fr-FR","@id":"https:\/\/hartizanedesign.com\/#\/schema\/logo\/image\/","url":"https:\/\/hartizanedesign.com\/wp-content\/uploads\/2025\/10\/Logo-commander2_Hartizane_Noire.svg.svg","contentUrl":"https:\/\/hartizanedesign.com\/wp-content\/uploads\/2025\/10\/Logo-commander2_Hartizane_Noire.svg.svg","width":209,"height":62,"caption":"hartizanedesign.com"},"image":{"@id":"https:\/\/hartizanedesign.com\/#\/schema\/logo\/image\/"}}]}},"_links":{"self":[{"href":"https:\/\/hartizanedesign.com\/fr\/wp-json\/wp\/v2\/product\/4022","targetHints":{"allow":["GET"]}}],"collection":[{"href":"https:\/\/hartizanedesign.com\/fr\/wp-json\/wp\/v2\/product"}],"about":[{"href":"https:\/\/hartizanedesign.com\/fr\/wp-json\/wp\/v2\/types\/product"}],"version-history":[{"count":2,"href":"https:\/\/hartizanedesign.com\/fr\/wp-json\/wp\/v2\/product\/4022\/revisions"}],"predecessor-version":[{"id":4687,"href":"https:\/\/hartizanedesign.com\/fr\/wp-json\/wp\/v2\/product\/4022\/revisions\/4687"}],"wp:featuredmedia":[{"embeddable":true,"href":"https:\/\/hartizanedesign.com\/fr\/wp-json\/wp\/v2\/media\/4024"}],"wp:attachment":[{"href":"https:\/\/hartizanedesign.com\/fr\/wp-json\/wp\/v2\/media?parent=4022"}],"wp:term":[{"taxonomy":"product_brand","embeddable":true,"href":"https:\/\/hartizanedesign.com\/fr\/wp-json\/wp\/v2\/product_brand?post=4022"},{"taxonomy":"product_cat","embeddable":true,"href":"https:\/\/hartizanedesign.com\/fr\/wp-json\/wp\/v2\/product_cat?post=4022"},{"taxonomy":"product_tag","embeddable":true,"href":"https:\/\/hartizanedesign.com\/fr\/wp-json\/wp\/v2\/product_tag?post=4022"}],"curies":[{"name":"wp","href":"https:\/\/api.w.org\/{rel}","templated":true}]}}