{"id":4027,"date":"2026-01-16T01:18:06","date_gmt":"2026-01-16T00:18:06","guid":{"rendered":"https:\/\/hartizanedesign.com\/?post_type=product&#038;p=4027"},"modified":"2026-02-16T12:29:50","modified_gmt":"2026-02-16T12:29:50","slug":"legende-sofa-de-diseno-premium-y-respaldo-envolvente","status":"publish","type":"product","link":"https:\/\/hartizanedesign.com\/fr\/produit\/legende-premium-design-sofa-with-wraparound-backrest\/","title":{"rendered":"L\u00c9GENDE (canap\u00e9 design haut de gamme avec dossier enveloppant)"},"content":{"rendered":"","protected":false},"excerpt":{"rendered":"<p>Ce fauteuil se distingue par ses formes enveloppantes et son design contemporain aux lignes douces. Son assise g\u00e9n\u00e9reuse int\u00e8gre une mousse haute densit\u00e9 qui offre un confort sup\u00e9rieur, combinant un accueil moelleux \u00e0 un soutien durable et \u00e9quilibr\u00e9.<\/p>\n<p>Son tissu premium, soigneusement s\u00e9lectionn\u00e9, pr\u00e9sente une texture \u00e9l\u00e9gante et agr\u00e9able au toucher, tout en offrant une excellente r\u00e9sistance \u00e0 l\u2019usage quotidien. Son dossier courbe et ses accoudoirs int\u00e9gr\u00e9s favorisent une posture naturelle et confortable, id\u00e9ale pour de longs moments de d\u00e9tente.<\/p>\n<p>Sa mousse de soutien renforc\u00e9e, parfaite pour les structures exigeantes, garantit stabilit\u00e9 et durabilit\u00e9, tandis que sa base solide en bois de qualit\u00e9 sup\u00e9rieure assure une fermet\u00e9 structurelle et une pr\u00e9sence raffin\u00e9e.<span style=\"font-weight: 400;\"> aporta firmeza estructural y una presencia refinada.<\/span><\/p>\n<ul>\n<li style=\"font-weight: 400;\" aria-level=\"1\"><span style=\"font-weight: 400;\">Dimensiones: 1<\/span>90 cm \/ 220 cm<\/li>\n<\/ul>","protected":false},"featured_media":4028,"template":"","meta":[],"product_brand":[],"product_cat":[239],"product_tag":[],"class_list":{"0":"post-4027","1":"product","2":"type-product","3":"status-publish","4":"has-post-thumbnail","6":"product_cat-canape","8":"first","9":"instock","10":"sale","11":"taxable","12":"shipping-taxable","13":"purchasable","14":"product-type-simple"},"yoast_head":"<!-- This site is optimized with the Yoast SEO plugin v27.4 - https:\/\/yoast.com\/product\/yoast-seo-wordpress\/ -->\n<title>LEGENDE ( sof\u00e1 de dise\u00f1o premium y respaldo envolvente ) - hartizanedesign.com<\/title>\n<meta name=\"robots\" content=\"index, follow, max-snippet:-1, max-image-preview:large, max-video-preview:-1\" \/>\n<link rel=\"canonical\" href=\"https:\/\/hartizanedesign.com\/fr\/produit\/legende-premium-design-sofa-with-wraparound-backrest\/\" \/>\n<meta property=\"og:locale\" content=\"fr_FR\" \/>\n<meta property=\"og:type\" content=\"article\" \/>\n<meta property=\"og:title\" content=\"LEGENDE ( sof\u00e1 de dise\u00f1o premium y respaldo envolvente ) - hartizanedesign.com\" \/>\n<meta property=\"og:description\" content=\"Este sill\u00f3n destaca por sus formas envolventes y su dise\u00f1o contempor\u00e1neo de l\u00edneas suaves. Su asiento amplio incorpora una espuma de alta densidad que proporciona un confort superior, combinando una acogida mullida con un soporte duradero y equilibrado.  El tejido premium, cuidadosamente elegido, ofrece una textura elegante y agradable al tacto, adem\u00e1s de una excelente resistencia para el uso diario. El respaldo curvo y los reposabrazos integrados favorecen una postura c\u00f3moda y natural, perfecta para momentos de descanso prolongado.  La espuma de soporte reforzado, ideal para estructuras exigentes, garantiza estabilidad y durabilidad, mientras que su base s\u00f3lida en madera de calidad superior aporta firmeza estructural y una presencia refinada.   Dimensiones: 190 cm \/ 220 cm\" \/>\n<meta property=\"og:url\" content=\"https:\/\/hartizanedesign.com\/fr\/produit\/legende-premium-design-sofa-with-wraparound-backrest\/\" \/>\n<meta property=\"og:site_name\" content=\"hartizanedesign.com\" \/>\n<meta property=\"article:modified_time\" content=\"2026-02-16T12:29:50+00:00\" \/>\n<meta property=\"og:image\" content=\"https:\/\/hartizanedesign.com\/wp-content\/uploads\/2026\/01\/LEGENDE.png\" \/>\n\t<meta property=\"og:image:width\" content=\"1300\" \/>\n\t<meta property=\"og:image:height\" content=\"900\" \/>\n\t<meta property=\"og:image:type\" content=\"image\/png\" \/>\n<meta name=\"twitter:card\" content=\"summary_large_image\" \/>\n<meta name=\"twitter:label1\" content=\"Dur\u00e9e de lecture estim\u00e9e\" \/>\n\t<meta name=\"twitter:data1\" content=\"1 minute\" \/>\n<script type=\"application\/ld+json\" class=\"yoast-schema-graph\">{\"@context\":\"https:\\\/\\\/schema.org\",\"@graph\":[{\"@type\":\"WebPage\",\"@id\":\"https:\\\/\\\/hartizanedesign.com\\\/producto\\\/legende-sofa-de-diseno-premium-y-respaldo-envolvente\\\/\",\"url\":\"https:\\\/\\\/hartizanedesign.com\\\/producto\\\/legende-sofa-de-diseno-premium-y-respaldo-envolvente\\\/\",\"name\":\"LEGENDE ( sof\u00e1 de dise\u00f1o premium y respaldo envolvente ) - hartizanedesign.com\",\"isPartOf\":{\"@id\":\"https:\\\/\\\/hartizanedesign.com\\\/#website\"},\"primaryImageOfPage\":{\"@id\":\"https:\\\/\\\/hartizanedesign.com\\\/producto\\\/legende-sofa-de-diseno-premium-y-respaldo-envolvente\\\/#primaryimage\"},\"image\":{\"@id\":\"https:\\\/\\\/hartizanedesign.com\\\/producto\\\/legende-sofa-de-diseno-premium-y-respaldo-envolvente\\\/#primaryimage\"},\"thumbnailUrl\":\"https:\\\/\\\/hartizanedesign.com\\\/wp-content\\\/uploads\\\/2026\\\/01\\\/LEGENDE.png\",\"datePublished\":\"2026-01-16T00:18:06+00:00\",\"dateModified\":\"2026-02-16T12:29:50+00:00\",\"breadcrumb\":{\"@id\":\"https:\\\/\\\/hartizanedesign.com\\\/producto\\\/legende-sofa-de-diseno-premium-y-respaldo-envolvente\\\/#breadcrumb\"},\"inLanguage\":\"fr-FR\",\"potentialAction\":[{\"@type\":\"ReadAction\",\"target\":[\"https:\\\/\\\/hartizanedesign.com\\\/producto\\\/legende-sofa-de-diseno-premium-y-respaldo-envolvente\\\/\"]}]},{\"@type\":\"ImageObject\",\"inLanguage\":\"fr-FR\",\"@id\":\"https:\\\/\\\/hartizanedesign.com\\\/producto\\\/legende-sofa-de-diseno-premium-y-respaldo-envolvente\\\/#primaryimage\",\"url\":\"https:\\\/\\\/hartizanedesign.com\\\/wp-content\\\/uploads\\\/2026\\\/01\\\/LEGENDE.png\",\"contentUrl\":\"https:\\\/\\\/hartizanedesign.com\\\/wp-content\\\/uploads\\\/2026\\\/01\\\/LEGENDE.png\",\"width\":1300,\"height\":900},{\"@type\":\"BreadcrumbList\",\"@id\":\"https:\\\/\\\/hartizanedesign.com\\\/producto\\\/legende-sofa-de-diseno-premium-y-respaldo-envolvente\\\/#breadcrumb\",\"itemListElement\":[{\"@type\":\"ListItem\",\"position\":1,\"name\":\"Home\",\"item\":\"https:\\\/\\\/hartizanedesign.com\\\/\"},{\"@type\":\"ListItem\",\"position\":2,\"name\":\"Tienda\",\"item\":\"https:\\\/\\\/hartizanedesign.com\\\/boutique\\\/\"},{\"@type\":\"ListItem\",\"position\":3,\"name\":\"LEGENDE ( sof\u00e1 de dise\u00f1o premium y respaldo envolvente )\"}]},{\"@type\":\"WebSite\",\"@id\":\"https:\\\/\\\/hartizanedesign.com\\\/#website\",\"url\":\"https:\\\/\\\/hartizanedesign.com\\\/\",\"name\":\"hartizanedesign.com\",\"description\":\"\",\"publisher\":{\"@id\":\"https:\\\/\\\/hartizanedesign.com\\\/#organization\"},\"potentialAction\":[{\"@type\":\"SearchAction\",\"target\":{\"@type\":\"EntryPoint\",\"urlTemplate\":\"https:\\\/\\\/hartizanedesign.com\\\/?s={search_term_string}\"},\"query-input\":{\"@type\":\"PropertyValueSpecification\",\"valueRequired\":true,\"valueName\":\"search_term_string\"}}],\"inLanguage\":\"fr-FR\"},{\"@type\":\"Organization\",\"@id\":\"https:\\\/\\\/hartizanedesign.com\\\/#organization\",\"name\":\"hartizanedesign.com\",\"url\":\"https:\\\/\\\/hartizanedesign.com\\\/\",\"logo\":{\"@type\":\"ImageObject\",\"inLanguage\":\"fr-FR\",\"@id\":\"https:\\\/\\\/hartizanedesign.com\\\/#\\\/schema\\\/logo\\\/image\\\/\",\"url\":\"https:\\\/\\\/hartizanedesign.com\\\/wp-content\\\/uploads\\\/2025\\\/10\\\/Logo-commander2_Hartizane_Noire.svg.svg\",\"contentUrl\":\"https:\\\/\\\/hartizanedesign.com\\\/wp-content\\\/uploads\\\/2025\\\/10\\\/Logo-commander2_Hartizane_Noire.svg.svg\",\"width\":209,\"height\":62,\"caption\":\"hartizanedesign.com\"},\"image\":{\"@id\":\"https:\\\/\\\/hartizanedesign.com\\\/#\\\/schema\\\/logo\\\/image\\\/\"}}]}<\/script>\n<!-- \/ Yoast SEO plugin. -->","yoast_head_json":{"title":"LEGENDE ( sof\u00e1 de dise\u00f1o premium y respaldo envolvente ) - hartizanedesign.com","robots":{"index":"index","follow":"follow","max-snippet":"max-snippet:-1","max-image-preview":"max-image-preview:large","max-video-preview":"max-video-preview:-1"},"canonical":"https:\/\/hartizanedesign.com\/fr\/produit\/legende-premium-design-sofa-with-wraparound-backrest\/","og_locale":"fr_FR","og_type":"article","og_title":"LEGENDE ( sof\u00e1 de dise\u00f1o premium y respaldo envolvente ) - hartizanedesign.com","og_description":"Este sill\u00f3n destaca por sus formas envolventes y su dise\u00f1o contempor\u00e1neo de l\u00edneas suaves. Su asiento amplio incorpora una espuma de alta densidad que proporciona un confort superior, combinando una acogida mullida con un soporte duradero y equilibrado.  El tejido premium, cuidadosamente elegido, ofrece una textura elegante y agradable al tacto, adem\u00e1s de una excelente resistencia para el uso diario. El respaldo curvo y los reposabrazos integrados favorecen una postura c\u00f3moda y natural, perfecta para momentos de descanso prolongado.  La espuma de soporte reforzado, ideal para estructuras exigentes, garantiza estabilidad y durabilidad, mientras que su base s\u00f3lida en madera de calidad superior aporta firmeza estructural y una presencia refinada.   Dimensiones: 190 cm \/ 220 cm","og_url":"https:\/\/hartizanedesign.com\/fr\/produit\/legende-premium-design-sofa-with-wraparound-backrest\/","og_site_name":"hartizanedesign.com","article_modified_time":"2026-02-16T12:29:50+00:00","og_image":[{"width":1300,"height":900,"url":"https:\/\/hartizanedesign.com\/wp-content\/uploads\/2026\/01\/LEGENDE.png","type":"image\/png"}],"twitter_card":"summary_large_image","twitter_misc":{"Dur\u00e9e de lecture estim\u00e9e":"1 minute"},"schema":{"@context":"https:\/\/schema.org","@graph":[{"@type":"WebPage","@id":"https:\/\/hartizanedesign.com\/producto\/legende-sofa-de-diseno-premium-y-respaldo-envolvente\/","url":"https:\/\/hartizanedesign.com\/producto\/legende-sofa-de-diseno-premium-y-respaldo-envolvente\/","name":"LEGENDE ( sof\u00e1 de dise\u00f1o premium y respaldo envolvente ) - hartizanedesign.com","isPartOf":{"@id":"https:\/\/hartizanedesign.com\/#website"},"primaryImageOfPage":{"@id":"https:\/\/hartizanedesign.com\/producto\/legende-sofa-de-diseno-premium-y-respaldo-envolvente\/#primaryimage"},"image":{"@id":"https:\/\/hartizanedesign.com\/producto\/legende-sofa-de-diseno-premium-y-respaldo-envolvente\/#primaryimage"},"thumbnailUrl":"https:\/\/hartizanedesign.com\/wp-content\/uploads\/2026\/01\/LEGENDE.png","datePublished":"2026-01-16T00:18:06+00:00","dateModified":"2026-02-16T12:29:50+00:00","breadcrumb":{"@id":"https:\/\/hartizanedesign.com\/producto\/legende-sofa-de-diseno-premium-y-respaldo-envolvente\/#breadcrumb"},"inLanguage":"fr-FR","potentialAction":[{"@type":"ReadAction","target":["https:\/\/hartizanedesign.com\/producto\/legende-sofa-de-diseno-premium-y-respaldo-envolvente\/"]}]},{"@type":"ImageObject","inLanguage":"fr-FR","@id":"https:\/\/hartizanedesign.com\/producto\/legende-sofa-de-diseno-premium-y-respaldo-envolvente\/#primaryimage","url":"https:\/\/hartizanedesign.com\/wp-content\/uploads\/2026\/01\/LEGENDE.png","contentUrl":"https:\/\/hartizanedesign.com\/wp-content\/uploads\/2026\/01\/LEGENDE.png","width":1300,"height":900},{"@type":"BreadcrumbList","@id":"https:\/\/hartizanedesign.com\/producto\/legende-sofa-de-diseno-premium-y-respaldo-envolvente\/#breadcrumb","itemListElement":[{"@type":"ListItem","position":1,"name":"Home","item":"https:\/\/hartizanedesign.com\/"},{"@type":"ListItem","position":2,"name":"Tienda","item":"https:\/\/hartizanedesign.com\/boutique\/"},{"@type":"ListItem","position":3,"name":"LEGENDE ( sof\u00e1 de dise\u00f1o premium y respaldo envolvente )"}]},{"@type":"WebSite","@id":"https:\/\/hartizanedesign.com\/#website","url":"https:\/\/hartizanedesign.com\/","name":"hartizanedesign.com","description":"","publisher":{"@id":"https:\/\/hartizanedesign.com\/#organization"},"potentialAction":[{"@type":"SearchAction","target":{"@type":"EntryPoint","urlTemplate":"https:\/\/hartizanedesign.com\/?s={search_term_string}"},"query-input":{"@type":"PropertyValueSpecification","valueRequired":true,"valueName":"search_term_string"}}],"inLanguage":"fr-FR"},{"@type":"Organization","@id":"https:\/\/hartizanedesign.com\/#organization","name":"hartizanedesign.com","url":"https:\/\/hartizanedesign.com\/","logo":{"@type":"ImageObject","inLanguage":"fr-FR","@id":"https:\/\/hartizanedesign.com\/#\/schema\/logo\/image\/","url":"https:\/\/hartizanedesign.com\/wp-content\/uploads\/2025\/10\/Logo-commander2_Hartizane_Noire.svg.svg","contentUrl":"https:\/\/hartizanedesign.com\/wp-content\/uploads\/2025\/10\/Logo-commander2_Hartizane_Noire.svg.svg","width":209,"height":62,"caption":"hartizanedesign.com"},"image":{"@id":"https:\/\/hartizanedesign.com\/#\/schema\/logo\/image\/"}}]}},"_links":{"self":[{"href":"https:\/\/hartizanedesign.com\/fr\/wp-json\/wp\/v2\/product\/4027","targetHints":{"allow":["GET"]}}],"collection":[{"href":"https:\/\/hartizanedesign.com\/fr\/wp-json\/wp\/v2\/product"}],"about":[{"href":"https:\/\/hartizanedesign.com\/fr\/wp-json\/wp\/v2\/types\/product"}],"version-history":[{"count":2,"href":"https:\/\/hartizanedesign.com\/fr\/wp-json\/wp\/v2\/product\/4027\/revisions"}],"predecessor-version":[{"id":4688,"href":"https:\/\/hartizanedesign.com\/fr\/wp-json\/wp\/v2\/product\/4027\/revisions\/4688"}],"wp:featuredmedia":[{"embeddable":true,"href":"https:\/\/hartizanedesign.com\/fr\/wp-json\/wp\/v2\/media\/4028"}],"wp:attachment":[{"href":"https:\/\/hartizanedesign.com\/fr\/wp-json\/wp\/v2\/media?parent=4027"}],"wp:term":[{"taxonomy":"product_brand","embeddable":true,"href":"https:\/\/hartizanedesign.com\/fr\/wp-json\/wp\/v2\/product_brand?post=4027"},{"taxonomy":"product_cat","embeddable":true,"href":"https:\/\/hartizanedesign.com\/fr\/wp-json\/wp\/v2\/product_cat?post=4027"},{"taxonomy":"product_tag","embeddable":true,"href":"https:\/\/hartizanedesign.com\/fr\/wp-json\/wp\/v2\/product_tag?post=4027"}],"curies":[{"name":"wp","href":"https:\/\/api.w.org\/{rel}","templated":true}]}}