{"id":4033,"date":"2026-01-16T01:23:21","date_gmt":"2026-01-16T00:23:21","guid":{"rendered":"https:\/\/hartizanedesign.com\/?post_type=product&#038;p=4033"},"modified":"2026-02-16T12:30:13","modified_gmt":"2026-02-16T12:30:13","slug":"horizon-sillon-de-diseno-contemporaneo-con-brazos-estructurados","status":"publish","type":"product","link":"https:\/\/hartizanedesign.com\/fr\/produit\/horizon-fauteuil-design-contemporain-bras-structures\/","title":{"rendered":"Horizon (fauteuil design contemporain avec accoudoirs structur\u00e9s)"},"content":{"rendered":"","protected":false},"excerpt":{"rendered":"<p>Fauteuil au design enveloppant, con\u00e7u pour offrir un confort profond et durable. Son assise g\u00e9n\u00e9reuse int\u00e8gre une mousse haute densit\u00e9 \u00e0 r\u00e9silience progressive, assurant un excellent soutien sans perdre sa douceur.<\/p>\n<p>Son rev\u00eatement en tissu textur\u00e9 premium se distingue par son toucher agr\u00e9able et sa haute r\u00e9sistance \u00e0 l\u2019usage quotidien. Les lignes courbes du dossier et des accoudoirs favorisent une posture naturelle et d\u00e9tendue, id\u00e9ale pour de longs moments de relaxation.<\/p>\n<p>Son bois d\u2019excellence, pens\u00e9 pour r\u00e9sister au passage du temps, apporte solidit\u00e9 et qualit\u00e9 de fabrication. Son mat\u00e9riau mousse HR premium, dot\u00e9 d\u2019une grande solidit\u00e9 et durabilit\u00e9, garantit stabilit\u00e9 et confort durable.<\/p>\n<ul>\n<li style=\"font-weight: 400;\" aria-level=\"1\"><span style=\"font-weight: 400;\">Dimensions:<\/span><span style=\"font-weight: 400;\"> 85 x 80 <\/span><\/li>\n<\/ul>","protected":false},"featured_media":4037,"template":"","meta":[],"product_brand":[],"product_cat":[239],"product_tag":[],"class_list":{"0":"post-4033","1":"product","2":"type-product","3":"status-publish","4":"has-post-thumbnail","6":"product_cat-canape","8":"first","9":"instock","10":"taxable","11":"shipping-taxable","12":"purchasable","13":"product-type-simple"},"yoast_head":"<!-- This site is optimized with the Yoast SEO plugin v27.4 - https:\/\/yoast.com\/product\/yoast-seo-wordpress\/ -->\n<title>Horizon ( sill\u00f3n de dise\u00f1o contempor\u00e1neo con brazos estructurados ) - hartizanedesign.com<\/title>\n<meta name=\"robots\" content=\"index, follow, max-snippet:-1, max-image-preview:large, max-video-preview:-1\" \/>\n<link rel=\"canonical\" href=\"https:\/\/hartizanedesign.com\/fr\/produit\/horizon-fauteuil-design-contemporain-bras-structures\/\" \/>\n<meta property=\"og:locale\" content=\"fr_FR\" \/>\n<meta property=\"og:type\" content=\"article\" \/>\n<meta property=\"og:title\" content=\"Horizon ( sill\u00f3n de dise\u00f1o contempor\u00e1neo con brazos estructurados ) - hartizanedesign.com\" \/>\n<meta property=\"og:description\" content=\"Butaca de dise\u00f1o envolvente, concebida para ofrecer un confort profundo y duradero. Su asiento amplio incorpora espuma de alta densidad con resiliencia progresiva, proporcionando un excelente soporte sin perder la sensaci\u00f3n de suavidad.  El tapizado en tejido texturizado premium destaca por su tacto agradable y su alta resistencia al uso diario. Las l\u00edneas curvas del respaldo y los brazos favorecen una postura relajada, ideal para momentos de descanso prolongados.  Su madera de excelencia, pensada para resistir el paso del tiempo, aporta solidez y calidad constructiva. El material premium en espuma HR con gran solidez y durabilidad garantiza estabilidad y confort permanente.   Dimensiones: 85 x 80\" \/>\n<meta property=\"og:url\" content=\"https:\/\/hartizanedesign.com\/fr\/produit\/horizon-fauteuil-design-contemporain-bras-structures\/\" \/>\n<meta property=\"og:site_name\" content=\"hartizanedesign.com\" \/>\n<meta property=\"article:modified_time\" content=\"2026-02-16T12:30:13+00:00\" \/>\n<meta property=\"og:image\" content=\"https:\/\/hartizanedesign.com\/wp-content\/uploads\/2026\/01\/Horizon.png\" \/>\n\t<meta property=\"og:image:width\" content=\"1300\" \/>\n\t<meta property=\"og:image:height\" content=\"900\" \/>\n\t<meta property=\"og:image:type\" content=\"image\/png\" \/>\n<meta name=\"twitter:card\" content=\"summary_large_image\" \/>\n<meta name=\"twitter:label1\" content=\"Dur\u00e9e de lecture estim\u00e9e\" \/>\n\t<meta name=\"twitter:data1\" content=\"1 minute\" \/>\n<script type=\"application\/ld+json\" class=\"yoast-schema-graph\">{\"@context\":\"https:\\\/\\\/schema.org\",\"@graph\":[{\"@type\":\"WebPage\",\"@id\":\"https:\\\/\\\/hartizanedesign.com\\\/producto\\\/horizon-sillon-de-diseno-contemporaneo-con-brazos-estructurados\\\/\",\"url\":\"https:\\\/\\\/hartizanedesign.com\\\/producto\\\/horizon-sillon-de-diseno-contemporaneo-con-brazos-estructurados\\\/\",\"name\":\"Horizon ( sill\u00f3n de dise\u00f1o contempor\u00e1neo con brazos estructurados ) - hartizanedesign.com\",\"isPartOf\":{\"@id\":\"https:\\\/\\\/hartizanedesign.com\\\/#website\"},\"primaryImageOfPage\":{\"@id\":\"https:\\\/\\\/hartizanedesign.com\\\/producto\\\/horizon-sillon-de-diseno-contemporaneo-con-brazos-estructurados\\\/#primaryimage\"},\"image\":{\"@id\":\"https:\\\/\\\/hartizanedesign.com\\\/producto\\\/horizon-sillon-de-diseno-contemporaneo-con-brazos-estructurados\\\/#primaryimage\"},\"thumbnailUrl\":\"https:\\\/\\\/hartizanedesign.com\\\/wp-content\\\/uploads\\\/2026\\\/01\\\/Horizon.png\",\"datePublished\":\"2026-01-16T00:23:21+00:00\",\"dateModified\":\"2026-02-16T12:30:13+00:00\",\"breadcrumb\":{\"@id\":\"https:\\\/\\\/hartizanedesign.com\\\/producto\\\/horizon-sillon-de-diseno-contemporaneo-con-brazos-estructurados\\\/#breadcrumb\"},\"inLanguage\":\"fr-FR\",\"potentialAction\":[{\"@type\":\"ReadAction\",\"target\":[\"https:\\\/\\\/hartizanedesign.com\\\/producto\\\/horizon-sillon-de-diseno-contemporaneo-con-brazos-estructurados\\\/\"]}]},{\"@type\":\"ImageObject\",\"inLanguage\":\"fr-FR\",\"@id\":\"https:\\\/\\\/hartizanedesign.com\\\/producto\\\/horizon-sillon-de-diseno-contemporaneo-con-brazos-estructurados\\\/#primaryimage\",\"url\":\"https:\\\/\\\/hartizanedesign.com\\\/wp-content\\\/uploads\\\/2026\\\/01\\\/Horizon.png\",\"contentUrl\":\"https:\\\/\\\/hartizanedesign.com\\\/wp-content\\\/uploads\\\/2026\\\/01\\\/Horizon.png\",\"width\":1300,\"height\":900},{\"@type\":\"BreadcrumbList\",\"@id\":\"https:\\\/\\\/hartizanedesign.com\\\/producto\\\/horizon-sillon-de-diseno-contemporaneo-con-brazos-estructurados\\\/#breadcrumb\",\"itemListElement\":[{\"@type\":\"ListItem\",\"position\":1,\"name\":\"Home\",\"item\":\"https:\\\/\\\/hartizanedesign.com\\\/\"},{\"@type\":\"ListItem\",\"position\":2,\"name\":\"Tienda\",\"item\":\"https:\\\/\\\/hartizanedesign.com\\\/boutique\\\/\"},{\"@type\":\"ListItem\",\"position\":3,\"name\":\"Horizon ( sill\u00f3n de dise\u00f1o contempor\u00e1neo con brazos estructurados )\"}]},{\"@type\":\"WebSite\",\"@id\":\"https:\\\/\\\/hartizanedesign.com\\\/#website\",\"url\":\"https:\\\/\\\/hartizanedesign.com\\\/\",\"name\":\"hartizanedesign.com\",\"description\":\"\",\"publisher\":{\"@id\":\"https:\\\/\\\/hartizanedesign.com\\\/#organization\"},\"potentialAction\":[{\"@type\":\"SearchAction\",\"target\":{\"@type\":\"EntryPoint\",\"urlTemplate\":\"https:\\\/\\\/hartizanedesign.com\\\/?s={search_term_string}\"},\"query-input\":{\"@type\":\"PropertyValueSpecification\",\"valueRequired\":true,\"valueName\":\"search_term_string\"}}],\"inLanguage\":\"fr-FR\"},{\"@type\":\"Organization\",\"@id\":\"https:\\\/\\\/hartizanedesign.com\\\/#organization\",\"name\":\"hartizanedesign.com\",\"url\":\"https:\\\/\\\/hartizanedesign.com\\\/\",\"logo\":{\"@type\":\"ImageObject\",\"inLanguage\":\"fr-FR\",\"@id\":\"https:\\\/\\\/hartizanedesign.com\\\/#\\\/schema\\\/logo\\\/image\\\/\",\"url\":\"https:\\\/\\\/hartizanedesign.com\\\/wp-content\\\/uploads\\\/2025\\\/10\\\/Logo-commander2_Hartizane_Noire.svg.svg\",\"contentUrl\":\"https:\\\/\\\/hartizanedesign.com\\\/wp-content\\\/uploads\\\/2025\\\/10\\\/Logo-commander2_Hartizane_Noire.svg.svg\",\"width\":209,\"height\":62,\"caption\":\"hartizanedesign.com\"},\"image\":{\"@id\":\"https:\\\/\\\/hartizanedesign.com\\\/#\\\/schema\\\/logo\\\/image\\\/\"}}]}<\/script>\n<!-- \/ Yoast SEO plugin. -->","yoast_head_json":{"title":"Horizon ( sill\u00f3n de dise\u00f1o contempor\u00e1neo con brazos estructurados ) - hartizanedesign.com","robots":{"index":"index","follow":"follow","max-snippet":"max-snippet:-1","max-image-preview":"max-image-preview:large","max-video-preview":"max-video-preview:-1"},"canonical":"https:\/\/hartizanedesign.com\/fr\/produit\/horizon-fauteuil-design-contemporain-bras-structures\/","og_locale":"fr_FR","og_type":"article","og_title":"Horizon ( sill\u00f3n de dise\u00f1o contempor\u00e1neo con brazos estructurados ) - hartizanedesign.com","og_description":"Butaca de dise\u00f1o envolvente, concebida para ofrecer un confort profundo y duradero. Su asiento amplio incorpora espuma de alta densidad con resiliencia progresiva, proporcionando un excelente soporte sin perder la sensaci\u00f3n de suavidad.  El tapizado en tejido texturizado premium destaca por su tacto agradable y su alta resistencia al uso diario. Las l\u00edneas curvas del respaldo y los brazos favorecen una postura relajada, ideal para momentos de descanso prolongados.  Su madera de excelencia, pensada para resistir el paso del tiempo, aporta solidez y calidad constructiva. El material premium en espuma HR con gran solidez y durabilidad garantiza estabilidad y confort permanente.   Dimensiones: 85 x 80","og_url":"https:\/\/hartizanedesign.com\/fr\/produit\/horizon-fauteuil-design-contemporain-bras-structures\/","og_site_name":"hartizanedesign.com","article_modified_time":"2026-02-16T12:30:13+00:00","og_image":[{"width":1300,"height":900,"url":"https:\/\/hartizanedesign.com\/wp-content\/uploads\/2026\/01\/Horizon.png","type":"image\/png"}],"twitter_card":"summary_large_image","twitter_misc":{"Dur\u00e9e de lecture estim\u00e9e":"1 minute"},"schema":{"@context":"https:\/\/schema.org","@graph":[{"@type":"WebPage","@id":"https:\/\/hartizanedesign.com\/producto\/horizon-sillon-de-diseno-contemporaneo-con-brazos-estructurados\/","url":"https:\/\/hartizanedesign.com\/producto\/horizon-sillon-de-diseno-contemporaneo-con-brazos-estructurados\/","name":"Horizon ( sill\u00f3n de dise\u00f1o contempor\u00e1neo con brazos estructurados ) - hartizanedesign.com","isPartOf":{"@id":"https:\/\/hartizanedesign.com\/#website"},"primaryImageOfPage":{"@id":"https:\/\/hartizanedesign.com\/producto\/horizon-sillon-de-diseno-contemporaneo-con-brazos-estructurados\/#primaryimage"},"image":{"@id":"https:\/\/hartizanedesign.com\/producto\/horizon-sillon-de-diseno-contemporaneo-con-brazos-estructurados\/#primaryimage"},"thumbnailUrl":"https:\/\/hartizanedesign.com\/wp-content\/uploads\/2026\/01\/Horizon.png","datePublished":"2026-01-16T00:23:21+00:00","dateModified":"2026-02-16T12:30:13+00:00","breadcrumb":{"@id":"https:\/\/hartizanedesign.com\/producto\/horizon-sillon-de-diseno-contemporaneo-con-brazos-estructurados\/#breadcrumb"},"inLanguage":"fr-FR","potentialAction":[{"@type":"ReadAction","target":["https:\/\/hartizanedesign.com\/producto\/horizon-sillon-de-diseno-contemporaneo-con-brazos-estructurados\/"]}]},{"@type":"ImageObject","inLanguage":"fr-FR","@id":"https:\/\/hartizanedesign.com\/producto\/horizon-sillon-de-diseno-contemporaneo-con-brazos-estructurados\/#primaryimage","url":"https:\/\/hartizanedesign.com\/wp-content\/uploads\/2026\/01\/Horizon.png","contentUrl":"https:\/\/hartizanedesign.com\/wp-content\/uploads\/2026\/01\/Horizon.png","width":1300,"height":900},{"@type":"BreadcrumbList","@id":"https:\/\/hartizanedesign.com\/producto\/horizon-sillon-de-diseno-contemporaneo-con-brazos-estructurados\/#breadcrumb","itemListElement":[{"@type":"ListItem","position":1,"name":"Home","item":"https:\/\/hartizanedesign.com\/"},{"@type":"ListItem","position":2,"name":"Tienda","item":"https:\/\/hartizanedesign.com\/boutique\/"},{"@type":"ListItem","position":3,"name":"Horizon ( sill\u00f3n de dise\u00f1o contempor\u00e1neo con brazos estructurados )"}]},{"@type":"WebSite","@id":"https:\/\/hartizanedesign.com\/#website","url":"https:\/\/hartizanedesign.com\/","name":"hartizanedesign.com","description":"","publisher":{"@id":"https:\/\/hartizanedesign.com\/#organization"},"potentialAction":[{"@type":"SearchAction","target":{"@type":"EntryPoint","urlTemplate":"https:\/\/hartizanedesign.com\/?s={search_term_string}"},"query-input":{"@type":"PropertyValueSpecification","valueRequired":true,"valueName":"search_term_string"}}],"inLanguage":"fr-FR"},{"@type":"Organization","@id":"https:\/\/hartizanedesign.com\/#organization","name":"hartizanedesign.com","url":"https:\/\/hartizanedesign.com\/","logo":{"@type":"ImageObject","inLanguage":"fr-FR","@id":"https:\/\/hartizanedesign.com\/#\/schema\/logo\/image\/","url":"https:\/\/hartizanedesign.com\/wp-content\/uploads\/2025\/10\/Logo-commander2_Hartizane_Noire.svg.svg","contentUrl":"https:\/\/hartizanedesign.com\/wp-content\/uploads\/2025\/10\/Logo-commander2_Hartizane_Noire.svg.svg","width":209,"height":62,"caption":"hartizanedesign.com"},"image":{"@id":"https:\/\/hartizanedesign.com\/#\/schema\/logo\/image\/"}}]}},"_links":{"self":[{"href":"https:\/\/hartizanedesign.com\/fr\/wp-json\/wp\/v2\/product\/4033","targetHints":{"allow":["GET"]}}],"collection":[{"href":"https:\/\/hartizanedesign.com\/fr\/wp-json\/wp\/v2\/product"}],"about":[{"href":"https:\/\/hartizanedesign.com\/fr\/wp-json\/wp\/v2\/types\/product"}],"version-history":[{"count":2,"href":"https:\/\/hartizanedesign.com\/fr\/wp-json\/wp\/v2\/product\/4033\/revisions"}],"predecessor-version":[{"id":4689,"href":"https:\/\/hartizanedesign.com\/fr\/wp-json\/wp\/v2\/product\/4033\/revisions\/4689"}],"wp:featuredmedia":[{"embeddable":true,"href":"https:\/\/hartizanedesign.com\/fr\/wp-json\/wp\/v2\/media\/4037"}],"wp:attachment":[{"href":"https:\/\/hartizanedesign.com\/fr\/wp-json\/wp\/v2\/media?parent=4033"}],"wp:term":[{"taxonomy":"product_brand","embeddable":true,"href":"https:\/\/hartizanedesign.com\/fr\/wp-json\/wp\/v2\/product_brand?post=4033"},{"taxonomy":"product_cat","embeddable":true,"href":"https:\/\/hartizanedesign.com\/fr\/wp-json\/wp\/v2\/product_cat?post=4033"},{"taxonomy":"product_tag","embeddable":true,"href":"https:\/\/hartizanedesign.com\/fr\/wp-json\/wp\/v2\/product_tag?post=4033"}],"curies":[{"name":"wp","href":"https:\/\/api.w.org\/{rel}","templated":true}]}}