{"id":4039,"date":"2026-01-16T01:28:17","date_gmt":"2026-01-16T00:28:17","guid":{"rendered":"https:\/\/hartizanedesign.com\/?post_type=product&#038;p=4039"},"modified":"2026-02-16T12:31:16","modified_gmt":"2026-02-16T12:31:16","slug":"zenith-sillon-con-base-de-madera-premium-y-envolvente","status":"publish","type":"product","link":"https:\/\/hartizanedesign.com\/fr\/produit\/zenith-fauteuil-avec-base-en-bois-premium-et-enveloppant\/","title":{"rendered":"ZENITH (fauteuil avec base en bois haut de gamme et design enveloppant)"},"content":{"rendered":"","protected":false},"excerpt":{"rendered":"<p>Ce fauteuil aux formes arrondies offre un confort enveloppant gr\u00e2ce \u00e0 son assise en mousse haute densit\u00e9, \u00e9quilibrant soutien et douceur. Son rev\u00eatement en tissu textur\u00e9 premium se distingue par son toucher agr\u00e9able et sa r\u00e9sistance. Son dossier et ses accoudoirs int\u00e9gr\u00e9s s\u2019adaptent naturellement au corps, cr\u00e9ant un cocon id\u00e9al pour la d\u00e9tente.<\/p>\n<p>Son assise \u00e9quip\u00e9e de mousse HR garantit un confort durable, tout en pr\u00e9servant sa forme et son soutien dans le temps. Son bois premium offre une grande stabilit\u00e9 et r\u00e9sistance, renfor\u00e7ant la qualit\u00e9 de fabrication et la long\u00e9vit\u00e9 de la pi\u00e8ce.<\/p>\n<p>Un fauteuil \u00e9l\u00e9gant qui combine bien-\u00eatre, qualit\u00e9 et design contemporain.<\/p>\n<ul>\n<li style=\"font-weight: 400;\" aria-level=\"1\"><span style=\"font-weight: 400;\">Dimensions:<\/span><span style=\"font-weight: 400;\"> 90 x 85 <\/span><\/li>\n<\/ul>","protected":false},"featured_media":4040,"template":"","meta":[],"product_brand":[],"product_cat":[239],"product_tag":[],"class_list":{"0":"post-4039","1":"product","2":"type-product","3":"status-publish","4":"has-post-thumbnail","6":"product_cat-canape","8":"first","9":"instock","10":"sale","11":"taxable","12":"shipping-taxable","13":"purchasable","14":"product-type-simple"},"yoast_head":"<!-- This site is optimized with the Yoast SEO plugin v27.4 - https:\/\/yoast.com\/product\/yoast-seo-wordpress\/ -->\n<title>ZENITH ( sill\u00f3n con base de madera premium y envolvente ) - hartizanedesign.com<\/title>\n<meta name=\"robots\" content=\"index, follow, max-snippet:-1, max-image-preview:large, max-video-preview:-1\" \/>\n<link rel=\"canonical\" href=\"https:\/\/hartizanedesign.com\/fr\/produit\/zenith-fauteuil-avec-base-en-bois-premium-et-enveloppant\/\" \/>\n<meta property=\"og:locale\" content=\"fr_FR\" \/>\n<meta property=\"og:type\" content=\"article\" \/>\n<meta property=\"og:title\" content=\"ZENITH ( sill\u00f3n con base de madera premium y envolvente ) - hartizanedesign.com\" \/>\n<meta property=\"og:description\" content=\"Este sill\u00f3n de formas redondeadas ofrece un confort envolvente gracias a su asiento con espuma de alta densidad, equilibrando soporte y suavidad. El tapizado en tejido texturizado premium destaca por su tacto agradable y su resistencia. El respaldo y los apoyabrazos integrados se adaptan al cuerpo de forma natural, creando un espacio ideal para el descanso.  El asiento equipado con espuma HR garantiza un confort duradero, manteniendo su forma y su soporte con el uso. Su madera premium aporta gran estabilidad y resistencia, reforzando la calidad constructiva y la longevidad de la pieza.  Una pieza elegante que combina bienestar, calidad y dise\u00f1o contempor\u00e1neo.   Dimensiones: 90 x 85\" \/>\n<meta property=\"og:url\" content=\"https:\/\/hartizanedesign.com\/fr\/produit\/zenith-fauteuil-avec-base-en-bois-premium-et-enveloppant\/\" \/>\n<meta property=\"og:site_name\" content=\"hartizanedesign.com\" \/>\n<meta property=\"article:modified_time\" content=\"2026-02-16T12:31:16+00:00\" \/>\n<meta property=\"og:image\" content=\"https:\/\/hartizanedesign.com\/wp-content\/uploads\/2026\/01\/ZENITH.png\" \/>\n\t<meta property=\"og:image:width\" content=\"1300\" \/>\n\t<meta property=\"og:image:height\" content=\"900\" \/>\n\t<meta property=\"og:image:type\" content=\"image\/png\" \/>\n<meta name=\"twitter:card\" content=\"summary_large_image\" \/>\n<meta name=\"twitter:label1\" content=\"Dur\u00e9e de lecture estim\u00e9e\" \/>\n\t<meta name=\"twitter:data1\" content=\"1 minute\" \/>\n<script type=\"application\/ld+json\" class=\"yoast-schema-graph\">{\"@context\":\"https:\\\/\\\/schema.org\",\"@graph\":[{\"@type\":\"WebPage\",\"@id\":\"https:\\\/\\\/hartizanedesign.com\\\/producto\\\/zenith-sillon-con-base-de-madera-premium-y-envolvente\\\/\",\"url\":\"https:\\\/\\\/hartizanedesign.com\\\/producto\\\/zenith-sillon-con-base-de-madera-premium-y-envolvente\\\/\",\"name\":\"ZENITH ( sill\u00f3n con base de madera premium y envolvente ) - hartizanedesign.com\",\"isPartOf\":{\"@id\":\"https:\\\/\\\/hartizanedesign.com\\\/#website\"},\"primaryImageOfPage\":{\"@id\":\"https:\\\/\\\/hartizanedesign.com\\\/producto\\\/zenith-sillon-con-base-de-madera-premium-y-envolvente\\\/#primaryimage\"},\"image\":{\"@id\":\"https:\\\/\\\/hartizanedesign.com\\\/producto\\\/zenith-sillon-con-base-de-madera-premium-y-envolvente\\\/#primaryimage\"},\"thumbnailUrl\":\"https:\\\/\\\/hartizanedesign.com\\\/wp-content\\\/uploads\\\/2026\\\/01\\\/ZENITH.png\",\"datePublished\":\"2026-01-16T00:28:17+00:00\",\"dateModified\":\"2026-02-16T12:31:16+00:00\",\"breadcrumb\":{\"@id\":\"https:\\\/\\\/hartizanedesign.com\\\/producto\\\/zenith-sillon-con-base-de-madera-premium-y-envolvente\\\/#breadcrumb\"},\"inLanguage\":\"fr-FR\",\"potentialAction\":[{\"@type\":\"ReadAction\",\"target\":[\"https:\\\/\\\/hartizanedesign.com\\\/producto\\\/zenith-sillon-con-base-de-madera-premium-y-envolvente\\\/\"]}]},{\"@type\":\"ImageObject\",\"inLanguage\":\"fr-FR\",\"@id\":\"https:\\\/\\\/hartizanedesign.com\\\/producto\\\/zenith-sillon-con-base-de-madera-premium-y-envolvente\\\/#primaryimage\",\"url\":\"https:\\\/\\\/hartizanedesign.com\\\/wp-content\\\/uploads\\\/2026\\\/01\\\/ZENITH.png\",\"contentUrl\":\"https:\\\/\\\/hartizanedesign.com\\\/wp-content\\\/uploads\\\/2026\\\/01\\\/ZENITH.png\",\"width\":1300,\"height\":900},{\"@type\":\"BreadcrumbList\",\"@id\":\"https:\\\/\\\/hartizanedesign.com\\\/producto\\\/zenith-sillon-con-base-de-madera-premium-y-envolvente\\\/#breadcrumb\",\"itemListElement\":[{\"@type\":\"ListItem\",\"position\":1,\"name\":\"Home\",\"item\":\"https:\\\/\\\/hartizanedesign.com\\\/\"},{\"@type\":\"ListItem\",\"position\":2,\"name\":\"Tienda\",\"item\":\"https:\\\/\\\/hartizanedesign.com\\\/boutique\\\/\"},{\"@type\":\"ListItem\",\"position\":3,\"name\":\"ZENITH ( sill\u00f3n con base de madera premium y envolvente )\"}]},{\"@type\":\"WebSite\",\"@id\":\"https:\\\/\\\/hartizanedesign.com\\\/#website\",\"url\":\"https:\\\/\\\/hartizanedesign.com\\\/\",\"name\":\"hartizanedesign.com\",\"description\":\"\",\"publisher\":{\"@id\":\"https:\\\/\\\/hartizanedesign.com\\\/#organization\"},\"potentialAction\":[{\"@type\":\"SearchAction\",\"target\":{\"@type\":\"EntryPoint\",\"urlTemplate\":\"https:\\\/\\\/hartizanedesign.com\\\/?s={search_term_string}\"},\"query-input\":{\"@type\":\"PropertyValueSpecification\",\"valueRequired\":true,\"valueName\":\"search_term_string\"}}],\"inLanguage\":\"fr-FR\"},{\"@type\":\"Organization\",\"@id\":\"https:\\\/\\\/hartizanedesign.com\\\/#organization\",\"name\":\"hartizanedesign.com\",\"url\":\"https:\\\/\\\/hartizanedesign.com\\\/\",\"logo\":{\"@type\":\"ImageObject\",\"inLanguage\":\"fr-FR\",\"@id\":\"https:\\\/\\\/hartizanedesign.com\\\/#\\\/schema\\\/logo\\\/image\\\/\",\"url\":\"https:\\\/\\\/hartizanedesign.com\\\/wp-content\\\/uploads\\\/2025\\\/10\\\/Logo-commander2_Hartizane_Noire.svg.svg\",\"contentUrl\":\"https:\\\/\\\/hartizanedesign.com\\\/wp-content\\\/uploads\\\/2025\\\/10\\\/Logo-commander2_Hartizane_Noire.svg.svg\",\"width\":209,\"height\":62,\"caption\":\"hartizanedesign.com\"},\"image\":{\"@id\":\"https:\\\/\\\/hartizanedesign.com\\\/#\\\/schema\\\/logo\\\/image\\\/\"}}]}<\/script>\n<!-- \/ Yoast SEO plugin. -->","yoast_head_json":{"title":"ZENITH ( sill\u00f3n con base de madera premium y envolvente ) - hartizanedesign.com","robots":{"index":"index","follow":"follow","max-snippet":"max-snippet:-1","max-image-preview":"max-image-preview:large","max-video-preview":"max-video-preview:-1"},"canonical":"https:\/\/hartizanedesign.com\/fr\/produit\/zenith-fauteuil-avec-base-en-bois-premium-et-enveloppant\/","og_locale":"fr_FR","og_type":"article","og_title":"ZENITH ( sill\u00f3n con base de madera premium y envolvente ) - hartizanedesign.com","og_description":"Este sill\u00f3n de formas redondeadas ofrece un confort envolvente gracias a su asiento con espuma de alta densidad, equilibrando soporte y suavidad. El tapizado en tejido texturizado premium destaca por su tacto agradable y su resistencia. El respaldo y los apoyabrazos integrados se adaptan al cuerpo de forma natural, creando un espacio ideal para el descanso.  El asiento equipado con espuma HR garantiza un confort duradero, manteniendo su forma y su soporte con el uso. Su madera premium aporta gran estabilidad y resistencia, reforzando la calidad constructiva y la longevidad de la pieza.  Una pieza elegante que combina bienestar, calidad y dise\u00f1o contempor\u00e1neo.   Dimensiones: 90 x 85","og_url":"https:\/\/hartizanedesign.com\/fr\/produit\/zenith-fauteuil-avec-base-en-bois-premium-et-enveloppant\/","og_site_name":"hartizanedesign.com","article_modified_time":"2026-02-16T12:31:16+00:00","og_image":[{"width":1300,"height":900,"url":"https:\/\/hartizanedesign.com\/wp-content\/uploads\/2026\/01\/ZENITH.png","type":"image\/png"}],"twitter_card":"summary_large_image","twitter_misc":{"Dur\u00e9e de lecture estim\u00e9e":"1 minute"},"schema":{"@context":"https:\/\/schema.org","@graph":[{"@type":"WebPage","@id":"https:\/\/hartizanedesign.com\/producto\/zenith-sillon-con-base-de-madera-premium-y-envolvente\/","url":"https:\/\/hartizanedesign.com\/producto\/zenith-sillon-con-base-de-madera-premium-y-envolvente\/","name":"ZENITH ( sill\u00f3n con base de madera premium y envolvente ) - hartizanedesign.com","isPartOf":{"@id":"https:\/\/hartizanedesign.com\/#website"},"primaryImageOfPage":{"@id":"https:\/\/hartizanedesign.com\/producto\/zenith-sillon-con-base-de-madera-premium-y-envolvente\/#primaryimage"},"image":{"@id":"https:\/\/hartizanedesign.com\/producto\/zenith-sillon-con-base-de-madera-premium-y-envolvente\/#primaryimage"},"thumbnailUrl":"https:\/\/hartizanedesign.com\/wp-content\/uploads\/2026\/01\/ZENITH.png","datePublished":"2026-01-16T00:28:17+00:00","dateModified":"2026-02-16T12:31:16+00:00","breadcrumb":{"@id":"https:\/\/hartizanedesign.com\/producto\/zenith-sillon-con-base-de-madera-premium-y-envolvente\/#breadcrumb"},"inLanguage":"fr-FR","potentialAction":[{"@type":"ReadAction","target":["https:\/\/hartizanedesign.com\/producto\/zenith-sillon-con-base-de-madera-premium-y-envolvente\/"]}]},{"@type":"ImageObject","inLanguage":"fr-FR","@id":"https:\/\/hartizanedesign.com\/producto\/zenith-sillon-con-base-de-madera-premium-y-envolvente\/#primaryimage","url":"https:\/\/hartizanedesign.com\/wp-content\/uploads\/2026\/01\/ZENITH.png","contentUrl":"https:\/\/hartizanedesign.com\/wp-content\/uploads\/2026\/01\/ZENITH.png","width":1300,"height":900},{"@type":"BreadcrumbList","@id":"https:\/\/hartizanedesign.com\/producto\/zenith-sillon-con-base-de-madera-premium-y-envolvente\/#breadcrumb","itemListElement":[{"@type":"ListItem","position":1,"name":"Home","item":"https:\/\/hartizanedesign.com\/"},{"@type":"ListItem","position":2,"name":"Tienda","item":"https:\/\/hartizanedesign.com\/boutique\/"},{"@type":"ListItem","position":3,"name":"ZENITH ( sill\u00f3n con base de madera premium y envolvente )"}]},{"@type":"WebSite","@id":"https:\/\/hartizanedesign.com\/#website","url":"https:\/\/hartizanedesign.com\/","name":"hartizanedesign.com","description":"","publisher":{"@id":"https:\/\/hartizanedesign.com\/#organization"},"potentialAction":[{"@type":"SearchAction","target":{"@type":"EntryPoint","urlTemplate":"https:\/\/hartizanedesign.com\/?s={search_term_string}"},"query-input":{"@type":"PropertyValueSpecification","valueRequired":true,"valueName":"search_term_string"}}],"inLanguage":"fr-FR"},{"@type":"Organization","@id":"https:\/\/hartizanedesign.com\/#organization","name":"hartizanedesign.com","url":"https:\/\/hartizanedesign.com\/","logo":{"@type":"ImageObject","inLanguage":"fr-FR","@id":"https:\/\/hartizanedesign.com\/#\/schema\/logo\/image\/","url":"https:\/\/hartizanedesign.com\/wp-content\/uploads\/2025\/10\/Logo-commander2_Hartizane_Noire.svg.svg","contentUrl":"https:\/\/hartizanedesign.com\/wp-content\/uploads\/2025\/10\/Logo-commander2_Hartizane_Noire.svg.svg","width":209,"height":62,"caption":"hartizanedesign.com"},"image":{"@id":"https:\/\/hartizanedesign.com\/#\/schema\/logo\/image\/"}}]}},"_links":{"self":[{"href":"https:\/\/hartizanedesign.com\/fr\/wp-json\/wp\/v2\/product\/4039","targetHints":{"allow":["GET"]}}],"collection":[{"href":"https:\/\/hartizanedesign.com\/fr\/wp-json\/wp\/v2\/product"}],"about":[{"href":"https:\/\/hartizanedesign.com\/fr\/wp-json\/wp\/v2\/types\/product"}],"version-history":[{"count":2,"href":"https:\/\/hartizanedesign.com\/fr\/wp-json\/wp\/v2\/product\/4039\/revisions"}],"predecessor-version":[{"id":4690,"href":"https:\/\/hartizanedesign.com\/fr\/wp-json\/wp\/v2\/product\/4039\/revisions\/4690"}],"wp:featuredmedia":[{"embeddable":true,"href":"https:\/\/hartizanedesign.com\/fr\/wp-json\/wp\/v2\/media\/4040"}],"wp:attachment":[{"href":"https:\/\/hartizanedesign.com\/fr\/wp-json\/wp\/v2\/media?parent=4039"}],"wp:term":[{"taxonomy":"product_brand","embeddable":true,"href":"https:\/\/hartizanedesign.com\/fr\/wp-json\/wp\/v2\/product_brand?post=4039"},{"taxonomy":"product_cat","embeddable":true,"href":"https:\/\/hartizanedesign.com\/fr\/wp-json\/wp\/v2\/product_cat?post=4039"},{"taxonomy":"product_tag","embeddable":true,"href":"https:\/\/hartizanedesign.com\/fr\/wp-json\/wp\/v2\/product_tag?post=4039"}],"curies":[{"name":"wp","href":"https:\/\/api.w.org\/{rel}","templated":true}]}}