{"id":4045,"date":"2026-01-16T01:34:12","date_gmt":"2026-01-16T00:34:12","guid":{"rendered":"https:\/\/hartizanedesign.com\/?post_type=product&#038;p=4045"},"modified":"2026-02-16T12:31:48","modified_gmt":"2026-02-16T12:31:48","slug":"arcadia-sillon-con-espuma-premium-y-confort-acolchado","status":"publish","type":"product","link":"https:\/\/hartizanedesign.com\/fr\/produit\/arcadia-fauteuil-avec-mousse-haut-de-gamme-et-rembourrage-confortable-2\/","title":{"rendered":"ARCADIA (fauteuil avec mousse haut de gamme et rembourrage confortable)"},"content":{"rendered":"","protected":false},"excerpt":{"rendered":"<p><span style=\"font-weight: 400;\">Con\u00e7u comme un v\u00e9ritable refuge, ce fauteuil offre une assise profonde et enveloppante qui invite \u00e0 la d\u00e9tente. Son design aux lignes douces et harmonieuses cr\u00e9e une atmosph\u00e8re chaleureuse, tandis que son tissu haut de gamme, au toucher agr\u00e9able, renforce la sensation de confort.<\/span><\/p>\n<p><span style=\"font-weight: 400;\">Ses proportions \u00e9quilibr\u00e9es et ses finitions soign\u00e9es refl\u00e8tent un haut niveau de fabrication. Son bois s\u00e9lectionn\u00e9 pour sa capacit\u00e9 \u00e0 rester impeccable malgr\u00e9 l\u2019usage apporte solidit\u00e9 et qualit\u00e9 de fabrication, tandis que sa mousse HR haute performance garantit une assise plus r\u00e9sistante, pr\u00e9servant soutien et confort dans le temps. <\/span><b>madera elegida por su capacidad de mantenerse impecable con el uso<\/b><span style=\"font-weight: 400;\"> aporta solidez y calidad constructiva, mientras que la <\/span><b>espuma HR de alto rendimiento garantiza un asiento m\u00e1s resistente<\/b><span style=\"font-weight: 400;\">, capaz de conservar su soporte y comodidad con el tiempo.<\/span><\/p>\n<p><span style=\"font-weight: 400;\">Un fauteuil \u00e9l\u00e9gant et confortable, id\u00e9al pour cr\u00e9er un coin chic et relaxant dans un int\u00e9rieur contemporain.<\/span><\/p>\n<ul>\n<li style=\"font-weight: 400;\" aria-level=\"1\"><span style=\"font-weight: 400;\">Dimensiones<\/span><span style=\"font-weight: 400;\">\u00a0: 100 cm x 90 <\/span><\/li>\n<\/ul>","protected":false},"featured_media":4047,"template":"","meta":[],"product_brand":[],"product_cat":[239],"product_tag":[],"class_list":{"0":"post-4045","1":"product","2":"type-product","3":"status-publish","4":"has-post-thumbnail","6":"product_cat-canape","8":"first","9":"instock","10":"sale","11":"taxable","12":"shipping-taxable","13":"purchasable","14":"product-type-simple"},"yoast_head":"<!-- This site is optimized with the Yoast SEO plugin v27.4 - https:\/\/yoast.com\/product\/yoast-seo-wordpress\/ -->\n<title>ARCADIA ( sill\u00f3n con espuma premium y confort acolchado ) - hartizanedesign.com<\/title>\n<meta name=\"robots\" content=\"index, follow, max-snippet:-1, max-image-preview:large, max-video-preview:-1\" \/>\n<link rel=\"canonical\" href=\"https:\/\/hartizanedesign.com\/fr\/produit\/arcadia-fauteuil-avec-mousse-haut-de-gamme-et-rembourrage-confortable-2\/\" \/>\n<meta property=\"og:locale\" content=\"fr_FR\" \/>\n<meta property=\"og:type\" content=\"article\" \/>\n<meta property=\"og:title\" content=\"ARCADIA ( sill\u00f3n con espuma premium y confort acolchado ) - hartizanedesign.com\" \/>\n<meta property=\"og:description\" content=\"Concebido como un aut\u00e9ntico refugio, este sill\u00f3n ofrece una sentada profunda y envolvente que invita al descanso. Su dise\u00f1o de l\u00edneas suaves y armoniosas crea una atm\u00f3sfera c\u00e1lida, mientras que el tejido de alta gama, de tacto agradable, refuerza la sensaci\u00f3n de confort.  Las proporciones equilibradas y los acabados cuidados reflejan una fabricaci\u00f3n de alto nivel. Su madera elegida por su capacidad de mantenerse impecable con el uso aporta solidez y calidad constructiva, mientras que la espuma HR de alto rendimiento garantiza un asiento m\u00e1s resistente, capaz de conservar su soporte y comodidad con el tiempo.  Un sill\u00f3n elegante y confortable, ideal para crear un rinc\u00f3n chic y relajante en un interior contempor\u00e1neo.   Dimensiones\u00a0: 100 cm x 90\" \/>\n<meta property=\"og:url\" content=\"https:\/\/hartizanedesign.com\/fr\/produit\/arcadia-fauteuil-avec-mousse-haut-de-gamme-et-rembourrage-confortable-2\/\" \/>\n<meta property=\"og:site_name\" content=\"hartizanedesign.com\" \/>\n<meta property=\"article:modified_time\" content=\"2026-02-16T12:31:48+00:00\" \/>\n<meta property=\"og:image\" content=\"https:\/\/hartizanedesign.com\/wp-content\/uploads\/2026\/01\/ARCADIA.png\" \/>\n\t<meta property=\"og:image:width\" content=\"1300\" \/>\n\t<meta property=\"og:image:height\" content=\"900\" \/>\n\t<meta property=\"og:image:type\" content=\"image\/png\" \/>\n<meta name=\"twitter:card\" content=\"summary_large_image\" \/>\n<meta name=\"twitter:label1\" content=\"Dur\u00e9e de lecture estim\u00e9e\" \/>\n\t<meta name=\"twitter:data1\" content=\"1 minute\" \/>\n<script type=\"application\/ld+json\" class=\"yoast-schema-graph\">{\"@context\":\"https:\\\/\\\/schema.org\",\"@graph\":[{\"@type\":\"WebPage\",\"@id\":\"https:\\\/\\\/hartizanedesign.com\\\/producto\\\/arcadia-sillon-con-espuma-premium-y-confort-acolchado\\\/\",\"url\":\"https:\\\/\\\/hartizanedesign.com\\\/producto\\\/arcadia-sillon-con-espuma-premium-y-confort-acolchado\\\/\",\"name\":\"ARCADIA ( sill\u00f3n con espuma premium y confort acolchado ) - hartizanedesign.com\",\"isPartOf\":{\"@id\":\"https:\\\/\\\/hartizanedesign.com\\\/#website\"},\"primaryImageOfPage\":{\"@id\":\"https:\\\/\\\/hartizanedesign.com\\\/producto\\\/arcadia-sillon-con-espuma-premium-y-confort-acolchado\\\/#primaryimage\"},\"image\":{\"@id\":\"https:\\\/\\\/hartizanedesign.com\\\/producto\\\/arcadia-sillon-con-espuma-premium-y-confort-acolchado\\\/#primaryimage\"},\"thumbnailUrl\":\"https:\\\/\\\/hartizanedesign.com\\\/wp-content\\\/uploads\\\/2026\\\/01\\\/ARCADIA.png\",\"datePublished\":\"2026-01-16T00:34:12+00:00\",\"dateModified\":\"2026-02-16T12:31:48+00:00\",\"breadcrumb\":{\"@id\":\"https:\\\/\\\/hartizanedesign.com\\\/producto\\\/arcadia-sillon-con-espuma-premium-y-confort-acolchado\\\/#breadcrumb\"},\"inLanguage\":\"fr-FR\",\"potentialAction\":[{\"@type\":\"ReadAction\",\"target\":[\"https:\\\/\\\/hartizanedesign.com\\\/producto\\\/arcadia-sillon-con-espuma-premium-y-confort-acolchado\\\/\"]}]},{\"@type\":\"ImageObject\",\"inLanguage\":\"fr-FR\",\"@id\":\"https:\\\/\\\/hartizanedesign.com\\\/producto\\\/arcadia-sillon-con-espuma-premium-y-confort-acolchado\\\/#primaryimage\",\"url\":\"https:\\\/\\\/hartizanedesign.com\\\/wp-content\\\/uploads\\\/2026\\\/01\\\/ARCADIA.png\",\"contentUrl\":\"https:\\\/\\\/hartizanedesign.com\\\/wp-content\\\/uploads\\\/2026\\\/01\\\/ARCADIA.png\",\"width\":1300,\"height\":900},{\"@type\":\"BreadcrumbList\",\"@id\":\"https:\\\/\\\/hartizanedesign.com\\\/producto\\\/arcadia-sillon-con-espuma-premium-y-confort-acolchado\\\/#breadcrumb\",\"itemListElement\":[{\"@type\":\"ListItem\",\"position\":1,\"name\":\"Home\",\"item\":\"https:\\\/\\\/hartizanedesign.com\\\/\"},{\"@type\":\"ListItem\",\"position\":2,\"name\":\"Tienda\",\"item\":\"https:\\\/\\\/hartizanedesign.com\\\/boutique\\\/\"},{\"@type\":\"ListItem\",\"position\":3,\"name\":\"ARCADIA ( sill\u00f3n con espuma premium y confort acolchado )\"}]},{\"@type\":\"WebSite\",\"@id\":\"https:\\\/\\\/hartizanedesign.com\\\/#website\",\"url\":\"https:\\\/\\\/hartizanedesign.com\\\/\",\"name\":\"hartizanedesign.com\",\"description\":\"\",\"publisher\":{\"@id\":\"https:\\\/\\\/hartizanedesign.com\\\/#organization\"},\"potentialAction\":[{\"@type\":\"SearchAction\",\"target\":{\"@type\":\"EntryPoint\",\"urlTemplate\":\"https:\\\/\\\/hartizanedesign.com\\\/?s={search_term_string}\"},\"query-input\":{\"@type\":\"PropertyValueSpecification\",\"valueRequired\":true,\"valueName\":\"search_term_string\"}}],\"inLanguage\":\"fr-FR\"},{\"@type\":\"Organization\",\"@id\":\"https:\\\/\\\/hartizanedesign.com\\\/#organization\",\"name\":\"hartizanedesign.com\",\"url\":\"https:\\\/\\\/hartizanedesign.com\\\/\",\"logo\":{\"@type\":\"ImageObject\",\"inLanguage\":\"fr-FR\",\"@id\":\"https:\\\/\\\/hartizanedesign.com\\\/#\\\/schema\\\/logo\\\/image\\\/\",\"url\":\"https:\\\/\\\/hartizanedesign.com\\\/wp-content\\\/uploads\\\/2025\\\/10\\\/Logo-commander2_Hartizane_Noire.svg.svg\",\"contentUrl\":\"https:\\\/\\\/hartizanedesign.com\\\/wp-content\\\/uploads\\\/2025\\\/10\\\/Logo-commander2_Hartizane_Noire.svg.svg\",\"width\":209,\"height\":62,\"caption\":\"hartizanedesign.com\"},\"image\":{\"@id\":\"https:\\\/\\\/hartizanedesign.com\\\/#\\\/schema\\\/logo\\\/image\\\/\"}}]}<\/script>\n<!-- \/ Yoast SEO plugin. -->","yoast_head_json":{"title":"ARCADIA ( sill\u00f3n con espuma premium y confort acolchado ) - hartizanedesign.com","robots":{"index":"index","follow":"follow","max-snippet":"max-snippet:-1","max-image-preview":"max-image-preview:large","max-video-preview":"max-video-preview:-1"},"canonical":"https:\/\/hartizanedesign.com\/fr\/produit\/arcadia-fauteuil-avec-mousse-haut-de-gamme-et-rembourrage-confortable-2\/","og_locale":"fr_FR","og_type":"article","og_title":"ARCADIA ( sill\u00f3n con espuma premium y confort acolchado ) - hartizanedesign.com","og_description":"Concebido como un aut\u00e9ntico refugio, este sill\u00f3n ofrece una sentada profunda y envolvente que invita al descanso. Su dise\u00f1o de l\u00edneas suaves y armoniosas crea una atm\u00f3sfera c\u00e1lida, mientras que el tejido de alta gama, de tacto agradable, refuerza la sensaci\u00f3n de confort.  Las proporciones equilibradas y los acabados cuidados reflejan una fabricaci\u00f3n de alto nivel. Su madera elegida por su capacidad de mantenerse impecable con el uso aporta solidez y calidad constructiva, mientras que la espuma HR de alto rendimiento garantiza un asiento m\u00e1s resistente, capaz de conservar su soporte y comodidad con el tiempo.  Un sill\u00f3n elegante y confortable, ideal para crear un rinc\u00f3n chic y relajante en un interior contempor\u00e1neo.   Dimensiones\u00a0: 100 cm x 90","og_url":"https:\/\/hartizanedesign.com\/fr\/produit\/arcadia-fauteuil-avec-mousse-haut-de-gamme-et-rembourrage-confortable-2\/","og_site_name":"hartizanedesign.com","article_modified_time":"2026-02-16T12:31:48+00:00","og_image":[{"width":1300,"height":900,"url":"https:\/\/hartizanedesign.com\/wp-content\/uploads\/2026\/01\/ARCADIA.png","type":"image\/png"}],"twitter_card":"summary_large_image","twitter_misc":{"Dur\u00e9e de lecture estim\u00e9e":"1 minute"},"schema":{"@context":"https:\/\/schema.org","@graph":[{"@type":"WebPage","@id":"https:\/\/hartizanedesign.com\/producto\/arcadia-sillon-con-espuma-premium-y-confort-acolchado\/","url":"https:\/\/hartizanedesign.com\/producto\/arcadia-sillon-con-espuma-premium-y-confort-acolchado\/","name":"ARCADIA ( sill\u00f3n con espuma premium y confort acolchado ) - hartizanedesign.com","isPartOf":{"@id":"https:\/\/hartizanedesign.com\/#website"},"primaryImageOfPage":{"@id":"https:\/\/hartizanedesign.com\/producto\/arcadia-sillon-con-espuma-premium-y-confort-acolchado\/#primaryimage"},"image":{"@id":"https:\/\/hartizanedesign.com\/producto\/arcadia-sillon-con-espuma-premium-y-confort-acolchado\/#primaryimage"},"thumbnailUrl":"https:\/\/hartizanedesign.com\/wp-content\/uploads\/2026\/01\/ARCADIA.png","datePublished":"2026-01-16T00:34:12+00:00","dateModified":"2026-02-16T12:31:48+00:00","breadcrumb":{"@id":"https:\/\/hartizanedesign.com\/producto\/arcadia-sillon-con-espuma-premium-y-confort-acolchado\/#breadcrumb"},"inLanguage":"fr-FR","potentialAction":[{"@type":"ReadAction","target":["https:\/\/hartizanedesign.com\/producto\/arcadia-sillon-con-espuma-premium-y-confort-acolchado\/"]}]},{"@type":"ImageObject","inLanguage":"fr-FR","@id":"https:\/\/hartizanedesign.com\/producto\/arcadia-sillon-con-espuma-premium-y-confort-acolchado\/#primaryimage","url":"https:\/\/hartizanedesign.com\/wp-content\/uploads\/2026\/01\/ARCADIA.png","contentUrl":"https:\/\/hartizanedesign.com\/wp-content\/uploads\/2026\/01\/ARCADIA.png","width":1300,"height":900},{"@type":"BreadcrumbList","@id":"https:\/\/hartizanedesign.com\/producto\/arcadia-sillon-con-espuma-premium-y-confort-acolchado\/#breadcrumb","itemListElement":[{"@type":"ListItem","position":1,"name":"Home","item":"https:\/\/hartizanedesign.com\/"},{"@type":"ListItem","position":2,"name":"Tienda","item":"https:\/\/hartizanedesign.com\/boutique\/"},{"@type":"ListItem","position":3,"name":"ARCADIA ( sill\u00f3n con espuma premium y confort acolchado )"}]},{"@type":"WebSite","@id":"https:\/\/hartizanedesign.com\/#website","url":"https:\/\/hartizanedesign.com\/","name":"hartizanedesign.com","description":"","publisher":{"@id":"https:\/\/hartizanedesign.com\/#organization"},"potentialAction":[{"@type":"SearchAction","target":{"@type":"EntryPoint","urlTemplate":"https:\/\/hartizanedesign.com\/?s={search_term_string}"},"query-input":{"@type":"PropertyValueSpecification","valueRequired":true,"valueName":"search_term_string"}}],"inLanguage":"fr-FR"},{"@type":"Organization","@id":"https:\/\/hartizanedesign.com\/#organization","name":"hartizanedesign.com","url":"https:\/\/hartizanedesign.com\/","logo":{"@type":"ImageObject","inLanguage":"fr-FR","@id":"https:\/\/hartizanedesign.com\/#\/schema\/logo\/image\/","url":"https:\/\/hartizanedesign.com\/wp-content\/uploads\/2025\/10\/Logo-commander2_Hartizane_Noire.svg.svg","contentUrl":"https:\/\/hartizanedesign.com\/wp-content\/uploads\/2025\/10\/Logo-commander2_Hartizane_Noire.svg.svg","width":209,"height":62,"caption":"hartizanedesign.com"},"image":{"@id":"https:\/\/hartizanedesign.com\/#\/schema\/logo\/image\/"}}]}},"_links":{"self":[{"href":"https:\/\/hartizanedesign.com\/fr\/wp-json\/wp\/v2\/product\/4045","targetHints":{"allow":["GET"]}}],"collection":[{"href":"https:\/\/hartizanedesign.com\/fr\/wp-json\/wp\/v2\/product"}],"about":[{"href":"https:\/\/hartizanedesign.com\/fr\/wp-json\/wp\/v2\/types\/product"}],"version-history":[{"count":3,"href":"https:\/\/hartizanedesign.com\/fr\/wp-json\/wp\/v2\/product\/4045\/revisions"}],"predecessor-version":[{"id":4691,"href":"https:\/\/hartizanedesign.com\/fr\/wp-json\/wp\/v2\/product\/4045\/revisions\/4691"}],"wp:featuredmedia":[{"embeddable":true,"href":"https:\/\/hartizanedesign.com\/fr\/wp-json\/wp\/v2\/media\/4047"}],"wp:attachment":[{"href":"https:\/\/hartizanedesign.com\/fr\/wp-json\/wp\/v2\/media?parent=4045"}],"wp:term":[{"taxonomy":"product_brand","embeddable":true,"href":"https:\/\/hartizanedesign.com\/fr\/wp-json\/wp\/v2\/product_brand?post=4045"},{"taxonomy":"product_cat","embeddable":true,"href":"https:\/\/hartizanedesign.com\/fr\/wp-json\/wp\/v2\/product_cat?post=4045"},{"taxonomy":"product_tag","embeddable":true,"href":"https:\/\/hartizanedesign.com\/fr\/wp-json\/wp\/v2\/product_tag?post=4045"}],"curies":[{"name":"wp","href":"https:\/\/api.w.org\/{rel}","templated":true}]}}