{"id":4052,"date":"2026-01-16T01:41:34","date_gmt":"2026-01-16T00:41:34","guid":{"rendered":"https:\/\/hartizanedesign.com\/?post_type=product&#038;p=4052"},"modified":"2026-02-16T12:32:10","modified_gmt":"2026-02-16T12:32:10","slug":"noble-canape-de-diseno-atemporal-con-lineas-rectas-y-confort-premium","status":"publish","type":"product","link":"https:\/\/hartizanedesign.com\/fr\/produit\/noble-canape-lit-au-design-intemporel-aux-lignes-epurees-et-au-confort-haut-de-gamme\/","title":{"rendered":"NOBLE (canap\u00e9-lit au design intemporel, aux lignes \u00e9pur\u00e9es et au confort haut de gamme)"},"content":{"rendered":"","protected":false},"excerpt":{"rendered":"<p>Parfaite combinaison de design moderne et de confort haut de gamme, ce canap\u00e9 incarne une vision raffin\u00e9e du mobilier contemporain. Son tissu premium, soigneusement s\u00e9lectionn\u00e9 pour sa douceur et sa r\u00e9sistance, enveloppe des volumes g\u00e9n\u00e9reux qui invitent \u00e0 la d\u00e9tente et au bien-\u00eatre.\nLa conception m\u00e9ticuleuse de son assise offre un excellent soutien, tandis que sa structure robuste garantit une stabilit\u00e9 et une durabilit\u00e9 exceptionnelles dans le temps. Sa mousse HR haute r\u00e9silience procure une assise premium, \u00e9quilibrant souplesse et soutien. Son mat\u00e9riau premium de longue dur\u00e9e et haute fiabilit\u00e9 assure des performances optimales m\u00eame en usage intensif.<\/p>\n<p>Pens\u00e9 comme une pi\u00e8ce ma\u00eetresse, ce canap\u00e9 conf\u00e8re au lieu un caract\u00e8re luxueux et sophistiqu\u00e9, refl\u00e9tant une attention particuli\u00e8re port\u00e9e aux mat\u00e9riaux, aux proportions et aux finitions.<\/p>\n<ul>\n<li style=\"font-weight: 400;\" aria-level=\"1\"><span style=\"font-weight: 400;\">Dimensions: <\/span><span style=\"font-weight: 400;\">190 cm \/ 260 cm <\/span><\/li>\n<\/ul>","protected":false},"featured_media":4053,"template":"","meta":[],"product_brand":[],"product_cat":[239],"product_tag":[],"class_list":{"0":"post-4052","1":"product","2":"type-product","3":"status-publish","4":"has-post-thumbnail","6":"product_cat-canape","8":"first","9":"instock","10":"sale","11":"taxable","12":"shipping-taxable","13":"purchasable","14":"product-type-simple"},"yoast_head":"<!-- This site is optimized with the Yoast SEO plugin v27.4 - https:\/\/yoast.com\/product\/yoast-seo-wordpress\/ -->\n<title>NOBLE ( canap\u00e9 de dise\u00f1o atemporal con l\u00edneas rectas y confort premium ) - hartizanedesign.com<\/title>\n<meta name=\"robots\" content=\"index, follow, max-snippet:-1, max-image-preview:large, max-video-preview:-1\" \/>\n<link rel=\"canonical\" href=\"https:\/\/hartizanedesign.com\/fr\/produit\/noble-canape-lit-au-design-intemporel-aux-lignes-epurees-et-au-confort-haut-de-gamme\/\" \/>\n<meta property=\"og:locale\" content=\"fr_FR\" \/>\n<meta property=\"og:type\" content=\"article\" \/>\n<meta property=\"og:title\" content=\"NOBLE ( canap\u00e9 de dise\u00f1o atemporal con l\u00edneas rectas y confort premium ) - hartizanedesign.com\" \/>\n<meta property=\"og:description\" content=\"La concepci\u00f3n meticulosa de la sentada ofrece un excelente soporte, mientras que su estructura s\u00f3lida garantiza una estabilidad y durabilidad excepcionales con el paso del tiempo. La espuma HR de alta resiliencia aporta un asiento premium, manteniendo el equilibrio entre suavidad y soporte. Su material premium de larga duraci\u00f3n y fiabilidadasegura un rendimiento \u00f3ptimo incluso con un uso continuo.  Pensado como una pieza protagonista, este sof\u00e1 aporta un car\u00e1cter lujoso y sofisticado al espacio, reflejando una atenci\u00f3n especial a los materiales, las proporciones y los acabados.   Dimensiones: 190 cm \/ 260 cm\" \/>\n<meta property=\"og:url\" content=\"https:\/\/hartizanedesign.com\/fr\/produit\/noble-canape-lit-au-design-intemporel-aux-lignes-epurees-et-au-confort-haut-de-gamme\/\" \/>\n<meta property=\"og:site_name\" content=\"hartizanedesign.com\" \/>\n<meta property=\"article:modified_time\" content=\"2026-02-16T12:32:10+00:00\" \/>\n<meta property=\"og:image\" content=\"https:\/\/hartizanedesign.com\/wp-content\/uploads\/2026\/01\/NOBLE.png\" \/>\n\t<meta property=\"og:image:width\" content=\"1300\" \/>\n\t<meta property=\"og:image:height\" content=\"900\" \/>\n\t<meta property=\"og:image:type\" content=\"image\/png\" \/>\n<meta name=\"twitter:card\" content=\"summary_large_image\" \/>\n<meta name=\"twitter:label1\" content=\"Dur\u00e9e de lecture estim\u00e9e\" \/>\n\t<meta name=\"twitter:data1\" content=\"1 minute\" \/>\n<script type=\"application\/ld+json\" class=\"yoast-schema-graph\">{\"@context\":\"https:\\\/\\\/schema.org\",\"@graph\":[{\"@type\":\"WebPage\",\"@id\":\"https:\\\/\\\/hartizanedesign.com\\\/producto\\\/noble-canape-de-diseno-atemporal-con-lineas-rectas-y-confort-premium\\\/\",\"url\":\"https:\\\/\\\/hartizanedesign.com\\\/producto\\\/noble-canape-de-diseno-atemporal-con-lineas-rectas-y-confort-premium\\\/\",\"name\":\"NOBLE ( canap\u00e9 de dise\u00f1o atemporal con l\u00edneas rectas y confort premium ) - hartizanedesign.com\",\"isPartOf\":{\"@id\":\"https:\\\/\\\/hartizanedesign.com\\\/#website\"},\"primaryImageOfPage\":{\"@id\":\"https:\\\/\\\/hartizanedesign.com\\\/producto\\\/noble-canape-de-diseno-atemporal-con-lineas-rectas-y-confort-premium\\\/#primaryimage\"},\"image\":{\"@id\":\"https:\\\/\\\/hartizanedesign.com\\\/producto\\\/noble-canape-de-diseno-atemporal-con-lineas-rectas-y-confort-premium\\\/#primaryimage\"},\"thumbnailUrl\":\"https:\\\/\\\/hartizanedesign.com\\\/wp-content\\\/uploads\\\/2026\\\/01\\\/NOBLE.png\",\"datePublished\":\"2026-01-16T00:41:34+00:00\",\"dateModified\":\"2026-02-16T12:32:10+00:00\",\"breadcrumb\":{\"@id\":\"https:\\\/\\\/hartizanedesign.com\\\/producto\\\/noble-canape-de-diseno-atemporal-con-lineas-rectas-y-confort-premium\\\/#breadcrumb\"},\"inLanguage\":\"fr-FR\",\"potentialAction\":[{\"@type\":\"ReadAction\",\"target\":[\"https:\\\/\\\/hartizanedesign.com\\\/producto\\\/noble-canape-de-diseno-atemporal-con-lineas-rectas-y-confort-premium\\\/\"]}]},{\"@type\":\"ImageObject\",\"inLanguage\":\"fr-FR\",\"@id\":\"https:\\\/\\\/hartizanedesign.com\\\/producto\\\/noble-canape-de-diseno-atemporal-con-lineas-rectas-y-confort-premium\\\/#primaryimage\",\"url\":\"https:\\\/\\\/hartizanedesign.com\\\/wp-content\\\/uploads\\\/2026\\\/01\\\/NOBLE.png\",\"contentUrl\":\"https:\\\/\\\/hartizanedesign.com\\\/wp-content\\\/uploads\\\/2026\\\/01\\\/NOBLE.png\",\"width\":1300,\"height\":900},{\"@type\":\"BreadcrumbList\",\"@id\":\"https:\\\/\\\/hartizanedesign.com\\\/producto\\\/noble-canape-de-diseno-atemporal-con-lineas-rectas-y-confort-premium\\\/#breadcrumb\",\"itemListElement\":[{\"@type\":\"ListItem\",\"position\":1,\"name\":\"Home\",\"item\":\"https:\\\/\\\/hartizanedesign.com\\\/\"},{\"@type\":\"ListItem\",\"position\":2,\"name\":\"Tienda\",\"item\":\"https:\\\/\\\/hartizanedesign.com\\\/boutique\\\/\"},{\"@type\":\"ListItem\",\"position\":3,\"name\":\"NOBLE ( canap\u00e9 de dise\u00f1o atemporal con l\u00edneas rectas y confort premium )\"}]},{\"@type\":\"WebSite\",\"@id\":\"https:\\\/\\\/hartizanedesign.com\\\/#website\",\"url\":\"https:\\\/\\\/hartizanedesign.com\\\/\",\"name\":\"hartizanedesign.com\",\"description\":\"\",\"publisher\":{\"@id\":\"https:\\\/\\\/hartizanedesign.com\\\/#organization\"},\"potentialAction\":[{\"@type\":\"SearchAction\",\"target\":{\"@type\":\"EntryPoint\",\"urlTemplate\":\"https:\\\/\\\/hartizanedesign.com\\\/?s={search_term_string}\"},\"query-input\":{\"@type\":\"PropertyValueSpecification\",\"valueRequired\":true,\"valueName\":\"search_term_string\"}}],\"inLanguage\":\"fr-FR\"},{\"@type\":\"Organization\",\"@id\":\"https:\\\/\\\/hartizanedesign.com\\\/#organization\",\"name\":\"hartizanedesign.com\",\"url\":\"https:\\\/\\\/hartizanedesign.com\\\/\",\"logo\":{\"@type\":\"ImageObject\",\"inLanguage\":\"fr-FR\",\"@id\":\"https:\\\/\\\/hartizanedesign.com\\\/#\\\/schema\\\/logo\\\/image\\\/\",\"url\":\"https:\\\/\\\/hartizanedesign.com\\\/wp-content\\\/uploads\\\/2025\\\/10\\\/Logo-commander2_Hartizane_Noire.svg.svg\",\"contentUrl\":\"https:\\\/\\\/hartizanedesign.com\\\/wp-content\\\/uploads\\\/2025\\\/10\\\/Logo-commander2_Hartizane_Noire.svg.svg\",\"width\":209,\"height\":62,\"caption\":\"hartizanedesign.com\"},\"image\":{\"@id\":\"https:\\\/\\\/hartizanedesign.com\\\/#\\\/schema\\\/logo\\\/image\\\/\"}}]}<\/script>\n<!-- \/ Yoast SEO plugin. -->","yoast_head_json":{"title":"NOBLE ( canap\u00e9 de dise\u00f1o atemporal con l\u00edneas rectas y confort premium ) - hartizanedesign.com","robots":{"index":"index","follow":"follow","max-snippet":"max-snippet:-1","max-image-preview":"max-image-preview:large","max-video-preview":"max-video-preview:-1"},"canonical":"https:\/\/hartizanedesign.com\/fr\/produit\/noble-canape-lit-au-design-intemporel-aux-lignes-epurees-et-au-confort-haut-de-gamme\/","og_locale":"fr_FR","og_type":"article","og_title":"NOBLE ( canap\u00e9 de dise\u00f1o atemporal con l\u00edneas rectas y confort premium ) - hartizanedesign.com","og_description":"La concepci\u00f3n meticulosa de la sentada ofrece un excelente soporte, mientras que su estructura s\u00f3lida garantiza una estabilidad y durabilidad excepcionales con el paso del tiempo. La espuma HR de alta resiliencia aporta un asiento premium, manteniendo el equilibrio entre suavidad y soporte. Su material premium de larga duraci\u00f3n y fiabilidadasegura un rendimiento \u00f3ptimo incluso con un uso continuo.  Pensado como una pieza protagonista, este sof\u00e1 aporta un car\u00e1cter lujoso y sofisticado al espacio, reflejando una atenci\u00f3n especial a los materiales, las proporciones y los acabados.   Dimensiones: 190 cm \/ 260 cm","og_url":"https:\/\/hartizanedesign.com\/fr\/produit\/noble-canape-lit-au-design-intemporel-aux-lignes-epurees-et-au-confort-haut-de-gamme\/","og_site_name":"hartizanedesign.com","article_modified_time":"2026-02-16T12:32:10+00:00","og_image":[{"width":1300,"height":900,"url":"https:\/\/hartizanedesign.com\/wp-content\/uploads\/2026\/01\/NOBLE.png","type":"image\/png"}],"twitter_card":"summary_large_image","twitter_misc":{"Dur\u00e9e de lecture estim\u00e9e":"1 minute"},"schema":{"@context":"https:\/\/schema.org","@graph":[{"@type":"WebPage","@id":"https:\/\/hartizanedesign.com\/producto\/noble-canape-de-diseno-atemporal-con-lineas-rectas-y-confort-premium\/","url":"https:\/\/hartizanedesign.com\/producto\/noble-canape-de-diseno-atemporal-con-lineas-rectas-y-confort-premium\/","name":"NOBLE ( canap\u00e9 de dise\u00f1o atemporal con l\u00edneas rectas y confort premium ) - hartizanedesign.com","isPartOf":{"@id":"https:\/\/hartizanedesign.com\/#website"},"primaryImageOfPage":{"@id":"https:\/\/hartizanedesign.com\/producto\/noble-canape-de-diseno-atemporal-con-lineas-rectas-y-confort-premium\/#primaryimage"},"image":{"@id":"https:\/\/hartizanedesign.com\/producto\/noble-canape-de-diseno-atemporal-con-lineas-rectas-y-confort-premium\/#primaryimage"},"thumbnailUrl":"https:\/\/hartizanedesign.com\/wp-content\/uploads\/2026\/01\/NOBLE.png","datePublished":"2026-01-16T00:41:34+00:00","dateModified":"2026-02-16T12:32:10+00:00","breadcrumb":{"@id":"https:\/\/hartizanedesign.com\/producto\/noble-canape-de-diseno-atemporal-con-lineas-rectas-y-confort-premium\/#breadcrumb"},"inLanguage":"fr-FR","potentialAction":[{"@type":"ReadAction","target":["https:\/\/hartizanedesign.com\/producto\/noble-canape-de-diseno-atemporal-con-lineas-rectas-y-confort-premium\/"]}]},{"@type":"ImageObject","inLanguage":"fr-FR","@id":"https:\/\/hartizanedesign.com\/producto\/noble-canape-de-diseno-atemporal-con-lineas-rectas-y-confort-premium\/#primaryimage","url":"https:\/\/hartizanedesign.com\/wp-content\/uploads\/2026\/01\/NOBLE.png","contentUrl":"https:\/\/hartizanedesign.com\/wp-content\/uploads\/2026\/01\/NOBLE.png","width":1300,"height":900},{"@type":"BreadcrumbList","@id":"https:\/\/hartizanedesign.com\/producto\/noble-canape-de-diseno-atemporal-con-lineas-rectas-y-confort-premium\/#breadcrumb","itemListElement":[{"@type":"ListItem","position":1,"name":"Home","item":"https:\/\/hartizanedesign.com\/"},{"@type":"ListItem","position":2,"name":"Tienda","item":"https:\/\/hartizanedesign.com\/boutique\/"},{"@type":"ListItem","position":3,"name":"NOBLE ( canap\u00e9 de dise\u00f1o atemporal con l\u00edneas rectas y confort premium )"}]},{"@type":"WebSite","@id":"https:\/\/hartizanedesign.com\/#website","url":"https:\/\/hartizanedesign.com\/","name":"hartizanedesign.com","description":"","publisher":{"@id":"https:\/\/hartizanedesign.com\/#organization"},"potentialAction":[{"@type":"SearchAction","target":{"@type":"EntryPoint","urlTemplate":"https:\/\/hartizanedesign.com\/?s={search_term_string}"},"query-input":{"@type":"PropertyValueSpecification","valueRequired":true,"valueName":"search_term_string"}}],"inLanguage":"fr-FR"},{"@type":"Organization","@id":"https:\/\/hartizanedesign.com\/#organization","name":"hartizanedesign.com","url":"https:\/\/hartizanedesign.com\/","logo":{"@type":"ImageObject","inLanguage":"fr-FR","@id":"https:\/\/hartizanedesign.com\/#\/schema\/logo\/image\/","url":"https:\/\/hartizanedesign.com\/wp-content\/uploads\/2025\/10\/Logo-commander2_Hartizane_Noire.svg.svg","contentUrl":"https:\/\/hartizanedesign.com\/wp-content\/uploads\/2025\/10\/Logo-commander2_Hartizane_Noire.svg.svg","width":209,"height":62,"caption":"hartizanedesign.com"},"image":{"@id":"https:\/\/hartizanedesign.com\/#\/schema\/logo\/image\/"}}]}},"_links":{"self":[{"href":"https:\/\/hartizanedesign.com\/fr\/wp-json\/wp\/v2\/product\/4052","targetHints":{"allow":["GET"]}}],"collection":[{"href":"https:\/\/hartizanedesign.com\/fr\/wp-json\/wp\/v2\/product"}],"about":[{"href":"https:\/\/hartizanedesign.com\/fr\/wp-json\/wp\/v2\/types\/product"}],"version-history":[{"count":2,"href":"https:\/\/hartizanedesign.com\/fr\/wp-json\/wp\/v2\/product\/4052\/revisions"}],"predecessor-version":[{"id":4692,"href":"https:\/\/hartizanedesign.com\/fr\/wp-json\/wp\/v2\/product\/4052\/revisions\/4692"}],"wp:featuredmedia":[{"embeddable":true,"href":"https:\/\/hartizanedesign.com\/fr\/wp-json\/wp\/v2\/media\/4053"}],"wp:attachment":[{"href":"https:\/\/hartizanedesign.com\/fr\/wp-json\/wp\/v2\/media?parent=4052"}],"wp:term":[{"taxonomy":"product_brand","embeddable":true,"href":"https:\/\/hartizanedesign.com\/fr\/wp-json\/wp\/v2\/product_brand?post=4052"},{"taxonomy":"product_cat","embeddable":true,"href":"https:\/\/hartizanedesign.com\/fr\/wp-json\/wp\/v2\/product_cat?post=4052"},{"taxonomy":"product_tag","embeddable":true,"href":"https:\/\/hartizanedesign.com\/fr\/wp-json\/wp\/v2\/product_tag?post=4052"}],"curies":[{"name":"wp","href":"https:\/\/api.w.org\/{rel}","templated":true}]}}