{"id":4059,"date":"2026-01-16T15:15:41","date_gmt":"2026-01-16T14:15:41","guid":{"rendered":"https:\/\/hartizanedesign.com\/?post_type=product&#038;p=4059"},"modified":"2026-02-16T12:34:55","modified_gmt":"2026-02-16T12:34:55","slug":"imperial-sillon-de-diseno-envolvente-con-estructura-de-madera-premium","status":"publish","type":"product","link":"https:\/\/hartizanedesign.com\/fr\/produit\/imperial-fauteuil-design-enveloppant-avec-structure-en-bois-haut-de-gamme\/","title":{"rendered":"IMP\u00c9RIAL (Fauteuil design enveloppant avec structure en bois haut de gamme)"},"content":{"rendered":"","protected":false},"excerpt":{"rendered":"<p>Subtile combinaison de confort et d\u2019esth\u00e9tique contemporaine, ce fauteuil se distingue par son design enveloppant et ses proportions \u00e9quilibr\u00e9es. Son assise moelleuse, rev\u00eatue d\u2019un tissu premium \u00e0 la texture riche, garantit un confort durable et une excellente stabilit\u00e9 dans le temps.<\/p>\n<p>Ses pieds en bois naturel soulignent l\u2019\u00e9l\u00e9gance de l\u2019ensemble et assurent une grande solidit\u00e9. Sa durabilit\u00e9 premium r\u00e9sulte d\u2019une s\u00e9lection de bois haut de gamme, choisis pour leur r\u00e9sistance et leur caract\u00e8re. Sa mousse technique HR assure un confort prolong\u00e9, tout en maintenant un soutien optimal malgr\u00e9 l\u2019usage.<\/p>\n<p>Con\u00e7u pour sublimer des int\u00e9rieurs modernes, ce fauteuil incarne une vision luxueuse du mobilier, o\u00f9 la qualit\u00e9 des mat\u00e9riaux et le design intemporel se rencontrent en parfaite harmonie.<\/p>\n<ul>\n<li style=\"font-weight: 400;\" aria-level=\"1\"><span style=\"font-weight: 400;\">Dimensiones<\/span><span style=\"font-weight: 400;\">: 85 x 80 <\/span><\/li>\n<\/ul>","protected":false},"featured_media":4060,"template":"","meta":[],"product_brand":[],"product_cat":[239],"product_tag":[],"class_list":{"0":"post-4059","1":"product","2":"type-product","3":"status-publish","4":"has-post-thumbnail","6":"product_cat-canape","8":"first","9":"instock","10":"sale","11":"taxable","12":"shipping-taxable","13":"purchasable","14":"product-type-simple"},"yoast_head":"<!-- This site is optimized with the Yoast SEO plugin v27.4 - https:\/\/yoast.com\/product\/yoast-seo-wordpress\/ -->\n<title>IMP\u00c9RIAL ( Sill\u00f3n de dise\u00f1o envolvente con estructura de madera premium ) - hartizanedesign.com<\/title>\n<meta name=\"robots\" content=\"index, follow, max-snippet:-1, max-image-preview:large, max-video-preview:-1\" \/>\n<link rel=\"canonical\" href=\"https:\/\/hartizanedesign.com\/fr\/produit\/imperial-fauteuil-design-enveloppant-avec-structure-en-bois-haut-de-gamme\/\" \/>\n<meta property=\"og:locale\" content=\"fr_FR\" \/>\n<meta property=\"og:type\" content=\"article\" \/>\n<meta property=\"og:title\" content=\"IMP\u00c9RIAL ( Sill\u00f3n de dise\u00f1o envolvente con estructura de madera premium ) - hartizanedesign.com\" \/>\n<meta property=\"og:description\" content=\"Sutil combinaci\u00f3n de confort y est\u00e9tica contempor\u00e1nea, este sill\u00f3n se distingue por su dise\u00f1o envolvente y sus proporciones equilibradas. La sentada mullida, revestida con un tejido premium de textura rica, garantiza un confort duradero y una excelente estabilidad en el tiempo.  Sus patas de madera natural realzan la elegancia del conjunto y aportan una gran solidez. Su durabilidad premium se debe a la selecci\u00f3n de maderas de alta gama, elegidas por su resistencia y car\u00e1cter. La espuma t\u00e9cnica HR asegura un confort prolongado, manteniendo el soporte con el uso.  Dise\u00f1ado para realzar interiores modernos, este sill\u00f3n encarna una visi\u00f3n lujosa del mobiliario, donde la calidad de los materiales y el dise\u00f1o atemporal se unen en perfecta armon\u00eda.   Dimensiones: 85 x 80\" \/>\n<meta property=\"og:url\" content=\"https:\/\/hartizanedesign.com\/fr\/produit\/imperial-fauteuil-design-enveloppant-avec-structure-en-bois-haut-de-gamme\/\" \/>\n<meta property=\"og:site_name\" content=\"hartizanedesign.com\" \/>\n<meta property=\"article:modified_time\" content=\"2026-02-16T12:34:55+00:00\" \/>\n<meta property=\"og:image\" content=\"https:\/\/hartizanedesign.com\/wp-content\/uploads\/2026\/01\/IMPERIAL.png\" \/>\n\t<meta property=\"og:image:width\" content=\"1300\" \/>\n\t<meta property=\"og:image:height\" content=\"900\" \/>\n\t<meta property=\"og:image:type\" content=\"image\/png\" \/>\n<meta name=\"twitter:card\" content=\"summary_large_image\" \/>\n<meta name=\"twitter:label1\" content=\"Dur\u00e9e de lecture estim\u00e9e\" \/>\n\t<meta name=\"twitter:data1\" content=\"1 minute\" \/>\n<script type=\"application\/ld+json\" class=\"yoast-schema-graph\">{\"@context\":\"https:\\\/\\\/schema.org\",\"@graph\":[{\"@type\":\"WebPage\",\"@id\":\"https:\\\/\\\/hartizanedesign.com\\\/producto\\\/imperial-sillon-de-diseno-envolvente-con-estructura-de-madera-premium\\\/\",\"url\":\"https:\\\/\\\/hartizanedesign.com\\\/producto\\\/imperial-sillon-de-diseno-envolvente-con-estructura-de-madera-premium\\\/\",\"name\":\"IMP\u00c9RIAL ( Sill\u00f3n de dise\u00f1o envolvente con estructura de madera premium ) - hartizanedesign.com\",\"isPartOf\":{\"@id\":\"https:\\\/\\\/hartizanedesign.com\\\/#website\"},\"primaryImageOfPage\":{\"@id\":\"https:\\\/\\\/hartizanedesign.com\\\/producto\\\/imperial-sillon-de-diseno-envolvente-con-estructura-de-madera-premium\\\/#primaryimage\"},\"image\":{\"@id\":\"https:\\\/\\\/hartizanedesign.com\\\/producto\\\/imperial-sillon-de-diseno-envolvente-con-estructura-de-madera-premium\\\/#primaryimage\"},\"thumbnailUrl\":\"https:\\\/\\\/hartizanedesign.com\\\/wp-content\\\/uploads\\\/2026\\\/01\\\/IMPERIAL.png\",\"datePublished\":\"2026-01-16T14:15:41+00:00\",\"dateModified\":\"2026-02-16T12:34:55+00:00\",\"breadcrumb\":{\"@id\":\"https:\\\/\\\/hartizanedesign.com\\\/producto\\\/imperial-sillon-de-diseno-envolvente-con-estructura-de-madera-premium\\\/#breadcrumb\"},\"inLanguage\":\"fr-FR\",\"potentialAction\":[{\"@type\":\"ReadAction\",\"target\":[\"https:\\\/\\\/hartizanedesign.com\\\/producto\\\/imperial-sillon-de-diseno-envolvente-con-estructura-de-madera-premium\\\/\"]}]},{\"@type\":\"ImageObject\",\"inLanguage\":\"fr-FR\",\"@id\":\"https:\\\/\\\/hartizanedesign.com\\\/producto\\\/imperial-sillon-de-diseno-envolvente-con-estructura-de-madera-premium\\\/#primaryimage\",\"url\":\"https:\\\/\\\/hartizanedesign.com\\\/wp-content\\\/uploads\\\/2026\\\/01\\\/IMPERIAL.png\",\"contentUrl\":\"https:\\\/\\\/hartizanedesign.com\\\/wp-content\\\/uploads\\\/2026\\\/01\\\/IMPERIAL.png\",\"width\":1300,\"height\":900},{\"@type\":\"BreadcrumbList\",\"@id\":\"https:\\\/\\\/hartizanedesign.com\\\/producto\\\/imperial-sillon-de-diseno-envolvente-con-estructura-de-madera-premium\\\/#breadcrumb\",\"itemListElement\":[{\"@type\":\"ListItem\",\"position\":1,\"name\":\"Home\",\"item\":\"https:\\\/\\\/hartizanedesign.com\\\/\"},{\"@type\":\"ListItem\",\"position\":2,\"name\":\"Tienda\",\"item\":\"https:\\\/\\\/hartizanedesign.com\\\/boutique\\\/\"},{\"@type\":\"ListItem\",\"position\":3,\"name\":\"IMP\u00c9RIAL ( Sill\u00f3n de dise\u00f1o envolvente con estructura de madera premium )\"}]},{\"@type\":\"WebSite\",\"@id\":\"https:\\\/\\\/hartizanedesign.com\\\/#website\",\"url\":\"https:\\\/\\\/hartizanedesign.com\\\/\",\"name\":\"hartizanedesign.com\",\"description\":\"\",\"publisher\":{\"@id\":\"https:\\\/\\\/hartizanedesign.com\\\/#organization\"},\"potentialAction\":[{\"@type\":\"SearchAction\",\"target\":{\"@type\":\"EntryPoint\",\"urlTemplate\":\"https:\\\/\\\/hartizanedesign.com\\\/?s={search_term_string}\"},\"query-input\":{\"@type\":\"PropertyValueSpecification\",\"valueRequired\":true,\"valueName\":\"search_term_string\"}}],\"inLanguage\":\"fr-FR\"},{\"@type\":\"Organization\",\"@id\":\"https:\\\/\\\/hartizanedesign.com\\\/#organization\",\"name\":\"hartizanedesign.com\",\"url\":\"https:\\\/\\\/hartizanedesign.com\\\/\",\"logo\":{\"@type\":\"ImageObject\",\"inLanguage\":\"fr-FR\",\"@id\":\"https:\\\/\\\/hartizanedesign.com\\\/#\\\/schema\\\/logo\\\/image\\\/\",\"url\":\"https:\\\/\\\/hartizanedesign.com\\\/wp-content\\\/uploads\\\/2025\\\/10\\\/Logo-commander2_Hartizane_Noire.svg.svg\",\"contentUrl\":\"https:\\\/\\\/hartizanedesign.com\\\/wp-content\\\/uploads\\\/2025\\\/10\\\/Logo-commander2_Hartizane_Noire.svg.svg\",\"width\":209,\"height\":62,\"caption\":\"hartizanedesign.com\"},\"image\":{\"@id\":\"https:\\\/\\\/hartizanedesign.com\\\/#\\\/schema\\\/logo\\\/image\\\/\"}}]}<\/script>\n<!-- \/ Yoast SEO plugin. -->","yoast_head_json":{"title":"IMP\u00c9RIAL ( Sill\u00f3n de dise\u00f1o envolvente con estructura de madera premium ) - hartizanedesign.com","robots":{"index":"index","follow":"follow","max-snippet":"max-snippet:-1","max-image-preview":"max-image-preview:large","max-video-preview":"max-video-preview:-1"},"canonical":"https:\/\/hartizanedesign.com\/fr\/produit\/imperial-fauteuil-design-enveloppant-avec-structure-en-bois-haut-de-gamme\/","og_locale":"fr_FR","og_type":"article","og_title":"IMP\u00c9RIAL ( Sill\u00f3n de dise\u00f1o envolvente con estructura de madera premium ) - hartizanedesign.com","og_description":"Sutil combinaci\u00f3n de confort y est\u00e9tica contempor\u00e1nea, este sill\u00f3n se distingue por su dise\u00f1o envolvente y sus proporciones equilibradas. La sentada mullida, revestida con un tejido premium de textura rica, garantiza un confort duradero y una excelente estabilidad en el tiempo.  Sus patas de madera natural realzan la elegancia del conjunto y aportan una gran solidez. Su durabilidad premium se debe a la selecci\u00f3n de maderas de alta gama, elegidas por su resistencia y car\u00e1cter. La espuma t\u00e9cnica HR asegura un confort prolongado, manteniendo el soporte con el uso.  Dise\u00f1ado para realzar interiores modernos, este sill\u00f3n encarna una visi\u00f3n lujosa del mobiliario, donde la calidad de los materiales y el dise\u00f1o atemporal se unen en perfecta armon\u00eda.   Dimensiones: 85 x 80","og_url":"https:\/\/hartizanedesign.com\/fr\/produit\/imperial-fauteuil-design-enveloppant-avec-structure-en-bois-haut-de-gamme\/","og_site_name":"hartizanedesign.com","article_modified_time":"2026-02-16T12:34:55+00:00","og_image":[{"width":1300,"height":900,"url":"https:\/\/hartizanedesign.com\/wp-content\/uploads\/2026\/01\/IMPERIAL.png","type":"image\/png"}],"twitter_card":"summary_large_image","twitter_misc":{"Dur\u00e9e de lecture estim\u00e9e":"1 minute"},"schema":{"@context":"https:\/\/schema.org","@graph":[{"@type":"WebPage","@id":"https:\/\/hartizanedesign.com\/producto\/imperial-sillon-de-diseno-envolvente-con-estructura-de-madera-premium\/","url":"https:\/\/hartizanedesign.com\/producto\/imperial-sillon-de-diseno-envolvente-con-estructura-de-madera-premium\/","name":"IMP\u00c9RIAL ( Sill\u00f3n de dise\u00f1o envolvente con estructura de madera premium ) - hartizanedesign.com","isPartOf":{"@id":"https:\/\/hartizanedesign.com\/#website"},"primaryImageOfPage":{"@id":"https:\/\/hartizanedesign.com\/producto\/imperial-sillon-de-diseno-envolvente-con-estructura-de-madera-premium\/#primaryimage"},"image":{"@id":"https:\/\/hartizanedesign.com\/producto\/imperial-sillon-de-diseno-envolvente-con-estructura-de-madera-premium\/#primaryimage"},"thumbnailUrl":"https:\/\/hartizanedesign.com\/wp-content\/uploads\/2026\/01\/IMPERIAL.png","datePublished":"2026-01-16T14:15:41+00:00","dateModified":"2026-02-16T12:34:55+00:00","breadcrumb":{"@id":"https:\/\/hartizanedesign.com\/producto\/imperial-sillon-de-diseno-envolvente-con-estructura-de-madera-premium\/#breadcrumb"},"inLanguage":"fr-FR","potentialAction":[{"@type":"ReadAction","target":["https:\/\/hartizanedesign.com\/producto\/imperial-sillon-de-diseno-envolvente-con-estructura-de-madera-premium\/"]}]},{"@type":"ImageObject","inLanguage":"fr-FR","@id":"https:\/\/hartizanedesign.com\/producto\/imperial-sillon-de-diseno-envolvente-con-estructura-de-madera-premium\/#primaryimage","url":"https:\/\/hartizanedesign.com\/wp-content\/uploads\/2026\/01\/IMPERIAL.png","contentUrl":"https:\/\/hartizanedesign.com\/wp-content\/uploads\/2026\/01\/IMPERIAL.png","width":1300,"height":900},{"@type":"BreadcrumbList","@id":"https:\/\/hartizanedesign.com\/producto\/imperial-sillon-de-diseno-envolvente-con-estructura-de-madera-premium\/#breadcrumb","itemListElement":[{"@type":"ListItem","position":1,"name":"Home","item":"https:\/\/hartizanedesign.com\/"},{"@type":"ListItem","position":2,"name":"Tienda","item":"https:\/\/hartizanedesign.com\/boutique\/"},{"@type":"ListItem","position":3,"name":"IMP\u00c9RIAL ( Sill\u00f3n de dise\u00f1o envolvente con estructura de madera premium )"}]},{"@type":"WebSite","@id":"https:\/\/hartizanedesign.com\/#website","url":"https:\/\/hartizanedesign.com\/","name":"hartizanedesign.com","description":"","publisher":{"@id":"https:\/\/hartizanedesign.com\/#organization"},"potentialAction":[{"@type":"SearchAction","target":{"@type":"EntryPoint","urlTemplate":"https:\/\/hartizanedesign.com\/?s={search_term_string}"},"query-input":{"@type":"PropertyValueSpecification","valueRequired":true,"valueName":"search_term_string"}}],"inLanguage":"fr-FR"},{"@type":"Organization","@id":"https:\/\/hartizanedesign.com\/#organization","name":"hartizanedesign.com","url":"https:\/\/hartizanedesign.com\/","logo":{"@type":"ImageObject","inLanguage":"fr-FR","@id":"https:\/\/hartizanedesign.com\/#\/schema\/logo\/image\/","url":"https:\/\/hartizanedesign.com\/wp-content\/uploads\/2025\/10\/Logo-commander2_Hartizane_Noire.svg.svg","contentUrl":"https:\/\/hartizanedesign.com\/wp-content\/uploads\/2025\/10\/Logo-commander2_Hartizane_Noire.svg.svg","width":209,"height":62,"caption":"hartizanedesign.com"},"image":{"@id":"https:\/\/hartizanedesign.com\/#\/schema\/logo\/image\/"}}]}},"_links":{"self":[{"href":"https:\/\/hartizanedesign.com\/fr\/wp-json\/wp\/v2\/product\/4059","targetHints":{"allow":["GET"]}}],"collection":[{"href":"https:\/\/hartizanedesign.com\/fr\/wp-json\/wp\/v2\/product"}],"about":[{"href":"https:\/\/hartizanedesign.com\/fr\/wp-json\/wp\/v2\/types\/product"}],"version-history":[{"count":2,"href":"https:\/\/hartizanedesign.com\/fr\/wp-json\/wp\/v2\/product\/4059\/revisions"}],"predecessor-version":[{"id":4693,"href":"https:\/\/hartizanedesign.com\/fr\/wp-json\/wp\/v2\/product\/4059\/revisions\/4693"}],"wp:featuredmedia":[{"embeddable":true,"href":"https:\/\/hartizanedesign.com\/fr\/wp-json\/wp\/v2\/media\/4060"}],"wp:attachment":[{"href":"https:\/\/hartizanedesign.com\/fr\/wp-json\/wp\/v2\/media?parent=4059"}],"wp:term":[{"taxonomy":"product_brand","embeddable":true,"href":"https:\/\/hartizanedesign.com\/fr\/wp-json\/wp\/v2\/product_brand?post=4059"},{"taxonomy":"product_cat","embeddable":true,"href":"https:\/\/hartizanedesign.com\/fr\/wp-json\/wp\/v2\/product_cat?post=4059"},{"taxonomy":"product_tag","embeddable":true,"href":"https:\/\/hartizanedesign.com\/fr\/wp-json\/wp\/v2\/product_tag?post=4059"}],"curies":[{"name":"wp","href":"https:\/\/api.w.org\/{rel}","templated":true}]}}