{"id":4065,"date":"2026-01-16T15:22:21","date_gmt":"2026-01-16T14:22:21","guid":{"rendered":"https:\/\/hartizanedesign.com\/?post_type=product&#038;p=4065"},"modified":"2026-02-16T12:35:52","modified_gmt":"2026-02-16T12:35:52","slug":"emperia-canape-cama-confort-maximo-y-sentada-profunda","status":"publish","type":"product","link":"https:\/\/hartizanedesign.com\/fr\/produit\/emperia-canape-cama-confort-maximo-y-sentada-profunda\/","title":{"rendered":"EMPERIA ( canap\u00e9\/ cama confort maximo y sentada profunda )"},"content":{"rendered":"","protected":false},"excerpt":{"rendered":"<p>Este sof\u00e1 ha sido dise\u00f1ado para ofrecer una sensaci\u00f3n de confort supremo. Su amplia sentada incorpora una espuma de alta densidad de calidad superior, elegida por su perfecta combinaci\u00f3n entre suavidad y soporte. Se adapta al cuerpo con precisi\u00f3n y mantiene su forma y confort con el paso del tiempo.<\/p>\n<p>Los cojines envolventes intensifican la sensaci\u00f3n de bienestar, invitando al descanso prolongado. Combinado con un tejido premium, suave y resistente, este sof\u00e1 convierte cada instante de relajaci\u00f3n en una experiencia lujosa donde confort, durabilidad y excelencia artesanal se unen en armon\u00eda.<\/p>\n<p>Su durabilidad premium se debe a la selecci\u00f3n de maderas de alta gama, apreciadas por su resistencia y longevidad. La espuma HR de alto est\u00e1ndar garantiza un asiento m\u00e1s estable y confortable, preservando el soporte con el uso.<\/p>\n<ul>\n<li style=\"font-weight: 400;\" aria-level=\"1\"><span style=\"font-weight: 400;\">Dimensions: <\/span><span style=\"font-weight: 400;\">280 x 165 x 80 <\/span><\/li>\n<\/ul>","protected":false},"featured_media":4066,"template":"","meta":[],"product_brand":[],"product_cat":[239],"product_tag":[],"class_list":{"0":"post-4065","1":"product","2":"type-product","3":"status-publish","4":"has-post-thumbnail","6":"product_cat-canape","8":"first","9":"instock","10":"taxable","11":"shipping-taxable","12":"product-type-simple"},"yoast_head":"<!-- This site is optimized with the Yoast SEO plugin v27.4 - https:\/\/yoast.com\/product\/yoast-seo-wordpress\/ -->\n<title>EMPERIA ( canap\u00e9\/ cama confort maximo y sentada profunda ) - hartizanedesign.com<\/title>\n<meta name=\"robots\" content=\"index, follow, max-snippet:-1, max-image-preview:large, max-video-preview:-1\" \/>\n<link rel=\"canonical\" href=\"https:\/\/hartizanedesign.com\/fr\/produit\/emperia-canape-cama-confort-maximo-y-sentada-profunda\/\" \/>\n<meta property=\"og:locale\" content=\"fr_FR\" \/>\n<meta property=\"og:type\" content=\"article\" \/>\n<meta property=\"og:title\" content=\"EMPERIA ( canap\u00e9\/ cama confort maximo y sentada profunda ) - hartizanedesign.com\" \/>\n<meta property=\"og:description\" content=\"Este sof\u00e1 ha sido dise\u00f1ado para ofrecer una sensaci\u00f3n de confort supremo. Su amplia sentada incorpora una espuma de alta densidad de calidad superior, elegida por su perfecta combinaci\u00f3n entre suavidad y soporte. Se adapta al cuerpo con precisi\u00f3n y mantiene su forma y confort con el paso del tiempo.  Los cojines envolventes intensifican la sensaci\u00f3n de bienestar, invitando al descanso prolongado. Combinado con un tejido premium, suave y resistente, este sof\u00e1 convierte cada instante de relajaci\u00f3n en una experiencia lujosa donde confort, durabilidad y excelencia artesanal se unen en armon\u00eda.  Su durabilidad premium se debe a la selecci\u00f3n de maderas de alta gama, apreciadas por su resistencia y longevidad. La espuma HR de alto est\u00e1ndar garantiza un asiento m\u00e1s estable y confortable, preservando el soporte con el uso.   Dimensiones: 280 x 165 x 80\" \/>\n<meta property=\"og:url\" content=\"https:\/\/hartizanedesign.com\/fr\/produit\/emperia-canape-cama-confort-maximo-y-sentada-profunda\/\" \/>\n<meta property=\"og:site_name\" content=\"hartizanedesign.com\" \/>\n<meta property=\"article:modified_time\" content=\"2026-02-16T12:35:52+00:00\" \/>\n<meta property=\"og:image\" content=\"https:\/\/hartizanedesign.com\/wp-content\/uploads\/2026\/01\/EMPERIA.png\" \/>\n\t<meta property=\"og:image:width\" content=\"1300\" \/>\n\t<meta property=\"og:image:height\" content=\"900\" \/>\n\t<meta property=\"og:image:type\" content=\"image\/png\" \/>\n<meta name=\"twitter:card\" content=\"summary_large_image\" \/>\n<meta name=\"twitter:label1\" content=\"Dur\u00e9e de lecture estim\u00e9e\" \/>\n\t<meta name=\"twitter:data1\" content=\"1 minute\" \/>\n<script type=\"application\/ld+json\" class=\"yoast-schema-graph\">{\"@context\":\"https:\\\/\\\/schema.org\",\"@graph\":[{\"@type\":\"WebPage\",\"@id\":\"https:\\\/\\\/hartizanedesign.com\\\/producto\\\/emperia-canape-cama-confort-maximo-y-sentada-profunda\\\/\",\"url\":\"https:\\\/\\\/hartizanedesign.com\\\/producto\\\/emperia-canape-cama-confort-maximo-y-sentada-profunda\\\/\",\"name\":\"EMPERIA ( canap\u00e9\\\/ cama confort maximo y sentada profunda ) - hartizanedesign.com\",\"isPartOf\":{\"@id\":\"https:\\\/\\\/hartizanedesign.com\\\/#website\"},\"primaryImageOfPage\":{\"@id\":\"https:\\\/\\\/hartizanedesign.com\\\/producto\\\/emperia-canape-cama-confort-maximo-y-sentada-profunda\\\/#primaryimage\"},\"image\":{\"@id\":\"https:\\\/\\\/hartizanedesign.com\\\/producto\\\/emperia-canape-cama-confort-maximo-y-sentada-profunda\\\/#primaryimage\"},\"thumbnailUrl\":\"https:\\\/\\\/hartizanedesign.com\\\/wp-content\\\/uploads\\\/2026\\\/01\\\/EMPERIA.png\",\"datePublished\":\"2026-01-16T14:22:21+00:00\",\"dateModified\":\"2026-02-16T12:35:52+00:00\",\"breadcrumb\":{\"@id\":\"https:\\\/\\\/hartizanedesign.com\\\/producto\\\/emperia-canape-cama-confort-maximo-y-sentada-profunda\\\/#breadcrumb\"},\"inLanguage\":\"fr-FR\",\"potentialAction\":[{\"@type\":\"ReadAction\",\"target\":[\"https:\\\/\\\/hartizanedesign.com\\\/producto\\\/emperia-canape-cama-confort-maximo-y-sentada-profunda\\\/\"]}]},{\"@type\":\"ImageObject\",\"inLanguage\":\"fr-FR\",\"@id\":\"https:\\\/\\\/hartizanedesign.com\\\/producto\\\/emperia-canape-cama-confort-maximo-y-sentada-profunda\\\/#primaryimage\",\"url\":\"https:\\\/\\\/hartizanedesign.com\\\/wp-content\\\/uploads\\\/2026\\\/01\\\/EMPERIA.png\",\"contentUrl\":\"https:\\\/\\\/hartizanedesign.com\\\/wp-content\\\/uploads\\\/2026\\\/01\\\/EMPERIA.png\",\"width\":1300,\"height\":900},{\"@type\":\"BreadcrumbList\",\"@id\":\"https:\\\/\\\/hartizanedesign.com\\\/producto\\\/emperia-canape-cama-confort-maximo-y-sentada-profunda\\\/#breadcrumb\",\"itemListElement\":[{\"@type\":\"ListItem\",\"position\":1,\"name\":\"Home\",\"item\":\"https:\\\/\\\/hartizanedesign.com\\\/\"},{\"@type\":\"ListItem\",\"position\":2,\"name\":\"Tienda\",\"item\":\"https:\\\/\\\/hartizanedesign.com\\\/boutique\\\/\"},{\"@type\":\"ListItem\",\"position\":3,\"name\":\"EMPERIA ( canap\u00e9\\\/ cama confort maximo y sentada profunda )\"}]},{\"@type\":\"WebSite\",\"@id\":\"https:\\\/\\\/hartizanedesign.com\\\/#website\",\"url\":\"https:\\\/\\\/hartizanedesign.com\\\/\",\"name\":\"hartizanedesign.com\",\"description\":\"\",\"publisher\":{\"@id\":\"https:\\\/\\\/hartizanedesign.com\\\/#organization\"},\"potentialAction\":[{\"@type\":\"SearchAction\",\"target\":{\"@type\":\"EntryPoint\",\"urlTemplate\":\"https:\\\/\\\/hartizanedesign.com\\\/?s={search_term_string}\"},\"query-input\":{\"@type\":\"PropertyValueSpecification\",\"valueRequired\":true,\"valueName\":\"search_term_string\"}}],\"inLanguage\":\"fr-FR\"},{\"@type\":\"Organization\",\"@id\":\"https:\\\/\\\/hartizanedesign.com\\\/#organization\",\"name\":\"hartizanedesign.com\",\"url\":\"https:\\\/\\\/hartizanedesign.com\\\/\",\"logo\":{\"@type\":\"ImageObject\",\"inLanguage\":\"fr-FR\",\"@id\":\"https:\\\/\\\/hartizanedesign.com\\\/#\\\/schema\\\/logo\\\/image\\\/\",\"url\":\"https:\\\/\\\/hartizanedesign.com\\\/wp-content\\\/uploads\\\/2025\\\/10\\\/Logo-commander2_Hartizane_Noire.svg.svg\",\"contentUrl\":\"https:\\\/\\\/hartizanedesign.com\\\/wp-content\\\/uploads\\\/2025\\\/10\\\/Logo-commander2_Hartizane_Noire.svg.svg\",\"width\":209,\"height\":62,\"caption\":\"hartizanedesign.com\"},\"image\":{\"@id\":\"https:\\\/\\\/hartizanedesign.com\\\/#\\\/schema\\\/logo\\\/image\\\/\"}}]}<\/script>\n<!-- \/ Yoast SEO plugin. -->","yoast_head_json":{"title":"EMPERIA ( canap\u00e9\/ cama confort maximo y sentada profunda ) - hartizanedesign.com","robots":{"index":"index","follow":"follow","max-snippet":"max-snippet:-1","max-image-preview":"max-image-preview:large","max-video-preview":"max-video-preview:-1"},"canonical":"https:\/\/hartizanedesign.com\/fr\/produit\/emperia-canape-cama-confort-maximo-y-sentada-profunda\/","og_locale":"fr_FR","og_type":"article","og_title":"EMPERIA ( canap\u00e9\/ cama confort maximo y sentada profunda ) - hartizanedesign.com","og_description":"Este sof\u00e1 ha sido dise\u00f1ado para ofrecer una sensaci\u00f3n de confort supremo. Su amplia sentada incorpora una espuma de alta densidad de calidad superior, elegida por su perfecta combinaci\u00f3n entre suavidad y soporte. Se adapta al cuerpo con precisi\u00f3n y mantiene su forma y confort con el paso del tiempo.  Los cojines envolventes intensifican la sensaci\u00f3n de bienestar, invitando al descanso prolongado. Combinado con un tejido premium, suave y resistente, este sof\u00e1 convierte cada instante de relajaci\u00f3n en una experiencia lujosa donde confort, durabilidad y excelencia artesanal se unen en armon\u00eda.  Su durabilidad premium se debe a la selecci\u00f3n de maderas de alta gama, apreciadas por su resistencia y longevidad. La espuma HR de alto est\u00e1ndar garantiza un asiento m\u00e1s estable y confortable, preservando el soporte con el uso.   Dimensiones: 280 x 165 x 80","og_url":"https:\/\/hartizanedesign.com\/fr\/produit\/emperia-canape-cama-confort-maximo-y-sentada-profunda\/","og_site_name":"hartizanedesign.com","article_modified_time":"2026-02-16T12:35:52+00:00","og_image":[{"width":1300,"height":900,"url":"https:\/\/hartizanedesign.com\/wp-content\/uploads\/2026\/01\/EMPERIA.png","type":"image\/png"}],"twitter_card":"summary_large_image","twitter_misc":{"Dur\u00e9e de lecture estim\u00e9e":"1 minute"},"schema":{"@context":"https:\/\/schema.org","@graph":[{"@type":"WebPage","@id":"https:\/\/hartizanedesign.com\/producto\/emperia-canape-cama-confort-maximo-y-sentada-profunda\/","url":"https:\/\/hartizanedesign.com\/producto\/emperia-canape-cama-confort-maximo-y-sentada-profunda\/","name":"EMPERIA ( canap\u00e9\/ cama confort maximo y sentada profunda ) - hartizanedesign.com","isPartOf":{"@id":"https:\/\/hartizanedesign.com\/#website"},"primaryImageOfPage":{"@id":"https:\/\/hartizanedesign.com\/producto\/emperia-canape-cama-confort-maximo-y-sentada-profunda\/#primaryimage"},"image":{"@id":"https:\/\/hartizanedesign.com\/producto\/emperia-canape-cama-confort-maximo-y-sentada-profunda\/#primaryimage"},"thumbnailUrl":"https:\/\/hartizanedesign.com\/wp-content\/uploads\/2026\/01\/EMPERIA.png","datePublished":"2026-01-16T14:22:21+00:00","dateModified":"2026-02-16T12:35:52+00:00","breadcrumb":{"@id":"https:\/\/hartizanedesign.com\/producto\/emperia-canape-cama-confort-maximo-y-sentada-profunda\/#breadcrumb"},"inLanguage":"fr-FR","potentialAction":[{"@type":"ReadAction","target":["https:\/\/hartizanedesign.com\/producto\/emperia-canape-cama-confort-maximo-y-sentada-profunda\/"]}]},{"@type":"ImageObject","inLanguage":"fr-FR","@id":"https:\/\/hartizanedesign.com\/producto\/emperia-canape-cama-confort-maximo-y-sentada-profunda\/#primaryimage","url":"https:\/\/hartizanedesign.com\/wp-content\/uploads\/2026\/01\/EMPERIA.png","contentUrl":"https:\/\/hartizanedesign.com\/wp-content\/uploads\/2026\/01\/EMPERIA.png","width":1300,"height":900},{"@type":"BreadcrumbList","@id":"https:\/\/hartizanedesign.com\/producto\/emperia-canape-cama-confort-maximo-y-sentada-profunda\/#breadcrumb","itemListElement":[{"@type":"ListItem","position":1,"name":"Home","item":"https:\/\/hartizanedesign.com\/"},{"@type":"ListItem","position":2,"name":"Tienda","item":"https:\/\/hartizanedesign.com\/boutique\/"},{"@type":"ListItem","position":3,"name":"EMPERIA ( canap\u00e9\/ cama confort maximo y sentada profunda )"}]},{"@type":"WebSite","@id":"https:\/\/hartizanedesign.com\/#website","url":"https:\/\/hartizanedesign.com\/","name":"hartizanedesign.com","description":"","publisher":{"@id":"https:\/\/hartizanedesign.com\/#organization"},"potentialAction":[{"@type":"SearchAction","target":{"@type":"EntryPoint","urlTemplate":"https:\/\/hartizanedesign.com\/?s={search_term_string}"},"query-input":{"@type":"PropertyValueSpecification","valueRequired":true,"valueName":"search_term_string"}}],"inLanguage":"fr-FR"},{"@type":"Organization","@id":"https:\/\/hartizanedesign.com\/#organization","name":"hartizanedesign.com","url":"https:\/\/hartizanedesign.com\/","logo":{"@type":"ImageObject","inLanguage":"fr-FR","@id":"https:\/\/hartizanedesign.com\/#\/schema\/logo\/image\/","url":"https:\/\/hartizanedesign.com\/wp-content\/uploads\/2025\/10\/Logo-commander2_Hartizane_Noire.svg.svg","contentUrl":"https:\/\/hartizanedesign.com\/wp-content\/uploads\/2025\/10\/Logo-commander2_Hartizane_Noire.svg.svg","width":209,"height":62,"caption":"hartizanedesign.com"},"image":{"@id":"https:\/\/hartizanedesign.com\/#\/schema\/logo\/image\/"}}]}},"_links":{"self":[{"href":"https:\/\/hartizanedesign.com\/fr\/wp-json\/wp\/v2\/product\/4065","targetHints":{"allow":["GET"]}}],"collection":[{"href":"https:\/\/hartizanedesign.com\/fr\/wp-json\/wp\/v2\/product"}],"about":[{"href":"https:\/\/hartizanedesign.com\/fr\/wp-json\/wp\/v2\/types\/product"}],"version-history":[{"count":2,"href":"https:\/\/hartizanedesign.com\/fr\/wp-json\/wp\/v2\/product\/4065\/revisions"}],"predecessor-version":[{"id":4694,"href":"https:\/\/hartizanedesign.com\/fr\/wp-json\/wp\/v2\/product\/4065\/revisions\/4694"}],"wp:featuredmedia":[{"embeddable":true,"href":"https:\/\/hartizanedesign.com\/fr\/wp-json\/wp\/v2\/media\/4066"}],"wp:attachment":[{"href":"https:\/\/hartizanedesign.com\/fr\/wp-json\/wp\/v2\/media?parent=4065"}],"wp:term":[{"taxonomy":"product_brand","embeddable":true,"href":"https:\/\/hartizanedesign.com\/fr\/wp-json\/wp\/v2\/product_brand?post=4065"},{"taxonomy":"product_cat","embeddable":true,"href":"https:\/\/hartizanedesign.com\/fr\/wp-json\/wp\/v2\/product_cat?post=4065"},{"taxonomy":"product_tag","embeddable":true,"href":"https:\/\/hartizanedesign.com\/fr\/wp-json\/wp\/v2\/product_tag?post=4065"}],"curies":[{"name":"wp","href":"https:\/\/api.w.org\/{rel}","templated":true}]}}