{"id":4079,"date":"2026-01-16T17:16:46","date_gmt":"2026-01-16T16:16:46","guid":{"rendered":"https:\/\/hartizanedesign.com\/?post_type=product&#038;p=4079"},"modified":"2026-02-16T12:36:35","modified_gmt":"2026-02-16T12:36:35","slug":"velvet-sofa-tapizado-premium-y-estilo-relajado","status":"publish","type":"product","link":"https:\/\/hartizanedesign.com\/fr\/produit\/velours-canape-rembourre-haut-de-gamme-au-style-decontracte\/","title":{"rendered":"VELOURS (canap\u00e9 rembourr\u00e9 haut de gamme au style d\u00e9contract\u00e9)"},"content":{"rendered":"","protected":false},"excerpt":{"rendered":"<p>Ce canap\u00e9 est con\u00e7u comme une invitation au l\u00e2cher-prise absolu. Son confort exceptionnel repose sur une composition de mousses haut de gamme soigneusement calibr\u00e9es pour offrir une sensation d\u2019accueil imm\u00e9diate, tout en assurant un soutien progressif et durable. Son assise se distingue par sa douceur ma\u00eetris\u00e9e, id\u00e9ale pour un usage quotidien prolong\u00e9.<\/p>\n<p>Son rev\u00eatement textile, souple et respirant, sublime les volumes g\u00e9n\u00e9reux et conf\u00e8re au canap\u00e9 une allure d\u00e9contract\u00e9e mais r\u00e9solument luxueuse. Chaque d\u00e9tail t\u00e9moigne d\u2019une fabrication minutieuse, o\u00f9 le confort devient une v\u00e9ritable exp\u00e9rience au service d\u2019un int\u00e9rieur \u00e9l\u00e9gant et contemporain.<\/p>\n<p>Son assise en mousse HR, \u00e0 l\u2019excellente r\u00e9silience, conserve son soutien dans le temps sans perdre en confort. Son bois r\u00e9sistant est con\u00e7u pour durer des ann\u00e9es, assurant solidit\u00e9 structurelle et fiabilit\u00e9.<\/p>\n<ul>\n<li style=\"font-weight: 400;\" aria-level=\"1\"><span style=\"font-weight: 400;\">Dimensiones<\/span><span style=\"font-weight: 400;\">\u00a0: 280 x 105 x 80 <\/span><\/li>\n<\/ul>","protected":false},"featured_media":4080,"template":"","meta":[],"product_brand":[],"product_cat":[239],"product_tag":[],"class_list":{"0":"post-4079","1":"product","2":"type-product","3":"status-publish","4":"has-post-thumbnail","6":"product_cat-canape","8":"first","9":"instock","10":"sale","11":"taxable","12":"shipping-taxable","13":"purchasable","14":"product-type-simple"},"yoast_head":"<!-- This site is optimized with the Yoast SEO plugin v27.4 - https:\/\/yoast.com\/product\/yoast-seo-wordpress\/ -->\n<title>VELVET ( sof\u00e1 tapizado premium y estilo relajado ) - hartizanedesign.com<\/title>\n<meta name=\"robots\" content=\"index, follow, max-snippet:-1, max-image-preview:large, max-video-preview:-1\" \/>\n<link rel=\"canonical\" href=\"https:\/\/hartizanedesign.com\/fr\/produit\/velours-canape-rembourre-haut-de-gamme-au-style-decontracte\/\" \/>\n<meta property=\"og:locale\" content=\"fr_FR\" \/>\n<meta property=\"og:type\" content=\"article\" \/>\n<meta property=\"og:title\" content=\"VELVET ( sof\u00e1 tapizado premium y estilo relajado ) - hartizanedesign.com\" \/>\n<meta property=\"og:description\" content=\"Este sof\u00e1 est\u00e1 concebido como una invitaci\u00f3n al descanso absoluto. Su confort excepcional se basa en una composici\u00f3n de espumas de alta gama cuidadosamente calibradas para ofrecer una sensaci\u00f3n de acogida inmediata, garantizando al mismo tiempo un soporte progresivo y duradero. La sentada se distingue por su suavidad controlada, ideal para un uso diario prolongado.  El revestimiento textil, flexible y transpirable, realza los vol\u00famenes generosos y aporta al sof\u00e1 una est\u00e9tica relajada pero decididamente lujosa. Cada detalle refleja una fabricaci\u00f3n minuciosa, donde el confort se convierte en una verdadera experiencia al servicio de un interior elegante y contempor\u00e1neo.  Su asiento con espuma HR de excelente resiliencia mantiene el soporte en el tiempo sin perder confort. Su madera resistente est\u00e1 dise\u00f1ada para acompa\u00f1ar durante a\u00f1os, aportando solidez estructural y fiabilidad.   Dimensiones\u00a0: 280 x 105 x 80\" \/>\n<meta property=\"og:url\" content=\"https:\/\/hartizanedesign.com\/fr\/produit\/velours-canape-rembourre-haut-de-gamme-au-style-decontracte\/\" \/>\n<meta property=\"og:site_name\" content=\"hartizanedesign.com\" \/>\n<meta property=\"article:modified_time\" content=\"2026-02-16T12:36:35+00:00\" \/>\n<meta property=\"og:image\" content=\"https:\/\/hartizanedesign.com\/wp-content\/uploads\/2026\/01\/VELVET.png\" \/>\n\t<meta property=\"og:image:width\" content=\"1300\" \/>\n\t<meta property=\"og:image:height\" content=\"900\" \/>\n\t<meta property=\"og:image:type\" content=\"image\/png\" \/>\n<meta name=\"twitter:card\" content=\"summary_large_image\" \/>\n<meta name=\"twitter:label1\" content=\"Dur\u00e9e de lecture estim\u00e9e\" \/>\n\t<meta name=\"twitter:data1\" content=\"1 minute\" \/>\n<script type=\"application\/ld+json\" class=\"yoast-schema-graph\">{\"@context\":\"https:\\\/\\\/schema.org\",\"@graph\":[{\"@type\":\"WebPage\",\"@id\":\"https:\\\/\\\/hartizanedesign.com\\\/producto\\\/velvet-sofa-tapizado-premium-y-estilo-relajado\\\/\",\"url\":\"https:\\\/\\\/hartizanedesign.com\\\/producto\\\/velvet-sofa-tapizado-premium-y-estilo-relajado\\\/\",\"name\":\"VELVET ( sof\u00e1 tapizado premium y estilo relajado ) - hartizanedesign.com\",\"isPartOf\":{\"@id\":\"https:\\\/\\\/hartizanedesign.com\\\/#website\"},\"primaryImageOfPage\":{\"@id\":\"https:\\\/\\\/hartizanedesign.com\\\/producto\\\/velvet-sofa-tapizado-premium-y-estilo-relajado\\\/#primaryimage\"},\"image\":{\"@id\":\"https:\\\/\\\/hartizanedesign.com\\\/producto\\\/velvet-sofa-tapizado-premium-y-estilo-relajado\\\/#primaryimage\"},\"thumbnailUrl\":\"https:\\\/\\\/hartizanedesign.com\\\/wp-content\\\/uploads\\\/2026\\\/01\\\/VELVET.png\",\"datePublished\":\"2026-01-16T16:16:46+00:00\",\"dateModified\":\"2026-02-16T12:36:35+00:00\",\"breadcrumb\":{\"@id\":\"https:\\\/\\\/hartizanedesign.com\\\/producto\\\/velvet-sofa-tapizado-premium-y-estilo-relajado\\\/#breadcrumb\"},\"inLanguage\":\"fr-FR\",\"potentialAction\":[{\"@type\":\"ReadAction\",\"target\":[\"https:\\\/\\\/hartizanedesign.com\\\/producto\\\/velvet-sofa-tapizado-premium-y-estilo-relajado\\\/\"]}]},{\"@type\":\"ImageObject\",\"inLanguage\":\"fr-FR\",\"@id\":\"https:\\\/\\\/hartizanedesign.com\\\/producto\\\/velvet-sofa-tapizado-premium-y-estilo-relajado\\\/#primaryimage\",\"url\":\"https:\\\/\\\/hartizanedesign.com\\\/wp-content\\\/uploads\\\/2026\\\/01\\\/VELVET.png\",\"contentUrl\":\"https:\\\/\\\/hartizanedesign.com\\\/wp-content\\\/uploads\\\/2026\\\/01\\\/VELVET.png\",\"width\":1300,\"height\":900},{\"@type\":\"BreadcrumbList\",\"@id\":\"https:\\\/\\\/hartizanedesign.com\\\/producto\\\/velvet-sofa-tapizado-premium-y-estilo-relajado\\\/#breadcrumb\",\"itemListElement\":[{\"@type\":\"ListItem\",\"position\":1,\"name\":\"Home\",\"item\":\"https:\\\/\\\/hartizanedesign.com\\\/\"},{\"@type\":\"ListItem\",\"position\":2,\"name\":\"Tienda\",\"item\":\"https:\\\/\\\/hartizanedesign.com\\\/boutique\\\/\"},{\"@type\":\"ListItem\",\"position\":3,\"name\":\"VELVET ( sof\u00e1 tapizado premium y estilo relajado )\"}]},{\"@type\":\"WebSite\",\"@id\":\"https:\\\/\\\/hartizanedesign.com\\\/#website\",\"url\":\"https:\\\/\\\/hartizanedesign.com\\\/\",\"name\":\"hartizanedesign.com\",\"description\":\"\",\"publisher\":{\"@id\":\"https:\\\/\\\/hartizanedesign.com\\\/#organization\"},\"potentialAction\":[{\"@type\":\"SearchAction\",\"target\":{\"@type\":\"EntryPoint\",\"urlTemplate\":\"https:\\\/\\\/hartizanedesign.com\\\/?s={search_term_string}\"},\"query-input\":{\"@type\":\"PropertyValueSpecification\",\"valueRequired\":true,\"valueName\":\"search_term_string\"}}],\"inLanguage\":\"fr-FR\"},{\"@type\":\"Organization\",\"@id\":\"https:\\\/\\\/hartizanedesign.com\\\/#organization\",\"name\":\"hartizanedesign.com\",\"url\":\"https:\\\/\\\/hartizanedesign.com\\\/\",\"logo\":{\"@type\":\"ImageObject\",\"inLanguage\":\"fr-FR\",\"@id\":\"https:\\\/\\\/hartizanedesign.com\\\/#\\\/schema\\\/logo\\\/image\\\/\",\"url\":\"https:\\\/\\\/hartizanedesign.com\\\/wp-content\\\/uploads\\\/2025\\\/10\\\/Logo-commander2_Hartizane_Noire.svg.svg\",\"contentUrl\":\"https:\\\/\\\/hartizanedesign.com\\\/wp-content\\\/uploads\\\/2025\\\/10\\\/Logo-commander2_Hartizane_Noire.svg.svg\",\"width\":209,\"height\":62,\"caption\":\"hartizanedesign.com\"},\"image\":{\"@id\":\"https:\\\/\\\/hartizanedesign.com\\\/#\\\/schema\\\/logo\\\/image\\\/\"}}]}<\/script>\n<!-- \/ Yoast SEO plugin. -->","yoast_head_json":{"title":"VELVET ( sof\u00e1 tapizado premium y estilo relajado ) - hartizanedesign.com","robots":{"index":"index","follow":"follow","max-snippet":"max-snippet:-1","max-image-preview":"max-image-preview:large","max-video-preview":"max-video-preview:-1"},"canonical":"https:\/\/hartizanedesign.com\/fr\/produit\/velours-canape-rembourre-haut-de-gamme-au-style-decontracte\/","og_locale":"fr_FR","og_type":"article","og_title":"VELVET ( sof\u00e1 tapizado premium y estilo relajado ) - hartizanedesign.com","og_description":"Este sof\u00e1 est\u00e1 concebido como una invitaci\u00f3n al descanso absoluto. Su confort excepcional se basa en una composici\u00f3n de espumas de alta gama cuidadosamente calibradas para ofrecer una sensaci\u00f3n de acogida inmediata, garantizando al mismo tiempo un soporte progresivo y duradero. La sentada se distingue por su suavidad controlada, ideal para un uso diario prolongado.  El revestimiento textil, flexible y transpirable, realza los vol\u00famenes generosos y aporta al sof\u00e1 una est\u00e9tica relajada pero decididamente lujosa. Cada detalle refleja una fabricaci\u00f3n minuciosa, donde el confort se convierte en una verdadera experiencia al servicio de un interior elegante y contempor\u00e1neo.  Su asiento con espuma HR de excelente resiliencia mantiene el soporte en el tiempo sin perder confort. Su madera resistente est\u00e1 dise\u00f1ada para acompa\u00f1ar durante a\u00f1os, aportando solidez estructural y fiabilidad.   Dimensiones\u00a0: 280 x 105 x 80","og_url":"https:\/\/hartizanedesign.com\/fr\/produit\/velours-canape-rembourre-haut-de-gamme-au-style-decontracte\/","og_site_name":"hartizanedesign.com","article_modified_time":"2026-02-16T12:36:35+00:00","og_image":[{"width":1300,"height":900,"url":"https:\/\/hartizanedesign.com\/wp-content\/uploads\/2026\/01\/VELVET.png","type":"image\/png"}],"twitter_card":"summary_large_image","twitter_misc":{"Dur\u00e9e de lecture estim\u00e9e":"1 minute"},"schema":{"@context":"https:\/\/schema.org","@graph":[{"@type":"WebPage","@id":"https:\/\/hartizanedesign.com\/producto\/velvet-sofa-tapizado-premium-y-estilo-relajado\/","url":"https:\/\/hartizanedesign.com\/producto\/velvet-sofa-tapizado-premium-y-estilo-relajado\/","name":"VELVET ( sof\u00e1 tapizado premium y estilo relajado ) - hartizanedesign.com","isPartOf":{"@id":"https:\/\/hartizanedesign.com\/#website"},"primaryImageOfPage":{"@id":"https:\/\/hartizanedesign.com\/producto\/velvet-sofa-tapizado-premium-y-estilo-relajado\/#primaryimage"},"image":{"@id":"https:\/\/hartizanedesign.com\/producto\/velvet-sofa-tapizado-premium-y-estilo-relajado\/#primaryimage"},"thumbnailUrl":"https:\/\/hartizanedesign.com\/wp-content\/uploads\/2026\/01\/VELVET.png","datePublished":"2026-01-16T16:16:46+00:00","dateModified":"2026-02-16T12:36:35+00:00","breadcrumb":{"@id":"https:\/\/hartizanedesign.com\/producto\/velvet-sofa-tapizado-premium-y-estilo-relajado\/#breadcrumb"},"inLanguage":"fr-FR","potentialAction":[{"@type":"ReadAction","target":["https:\/\/hartizanedesign.com\/producto\/velvet-sofa-tapizado-premium-y-estilo-relajado\/"]}]},{"@type":"ImageObject","inLanguage":"fr-FR","@id":"https:\/\/hartizanedesign.com\/producto\/velvet-sofa-tapizado-premium-y-estilo-relajado\/#primaryimage","url":"https:\/\/hartizanedesign.com\/wp-content\/uploads\/2026\/01\/VELVET.png","contentUrl":"https:\/\/hartizanedesign.com\/wp-content\/uploads\/2026\/01\/VELVET.png","width":1300,"height":900},{"@type":"BreadcrumbList","@id":"https:\/\/hartizanedesign.com\/producto\/velvet-sofa-tapizado-premium-y-estilo-relajado\/#breadcrumb","itemListElement":[{"@type":"ListItem","position":1,"name":"Home","item":"https:\/\/hartizanedesign.com\/"},{"@type":"ListItem","position":2,"name":"Tienda","item":"https:\/\/hartizanedesign.com\/boutique\/"},{"@type":"ListItem","position":3,"name":"VELVET ( sof\u00e1 tapizado premium y estilo relajado )"}]},{"@type":"WebSite","@id":"https:\/\/hartizanedesign.com\/#website","url":"https:\/\/hartizanedesign.com\/","name":"hartizanedesign.com","description":"","publisher":{"@id":"https:\/\/hartizanedesign.com\/#organization"},"potentialAction":[{"@type":"SearchAction","target":{"@type":"EntryPoint","urlTemplate":"https:\/\/hartizanedesign.com\/?s={search_term_string}"},"query-input":{"@type":"PropertyValueSpecification","valueRequired":true,"valueName":"search_term_string"}}],"inLanguage":"fr-FR"},{"@type":"Organization","@id":"https:\/\/hartizanedesign.com\/#organization","name":"hartizanedesign.com","url":"https:\/\/hartizanedesign.com\/","logo":{"@type":"ImageObject","inLanguage":"fr-FR","@id":"https:\/\/hartizanedesign.com\/#\/schema\/logo\/image\/","url":"https:\/\/hartizanedesign.com\/wp-content\/uploads\/2025\/10\/Logo-commander2_Hartizane_Noire.svg.svg","contentUrl":"https:\/\/hartizanedesign.com\/wp-content\/uploads\/2025\/10\/Logo-commander2_Hartizane_Noire.svg.svg","width":209,"height":62,"caption":"hartizanedesign.com"},"image":{"@id":"https:\/\/hartizanedesign.com\/#\/schema\/logo\/image\/"}}]}},"_links":{"self":[{"href":"https:\/\/hartizanedesign.com\/fr\/wp-json\/wp\/v2\/product\/4079","targetHints":{"allow":["GET"]}}],"collection":[{"href":"https:\/\/hartizanedesign.com\/fr\/wp-json\/wp\/v2\/product"}],"about":[{"href":"https:\/\/hartizanedesign.com\/fr\/wp-json\/wp\/v2\/types\/product"}],"version-history":[{"count":3,"href":"https:\/\/hartizanedesign.com\/fr\/wp-json\/wp\/v2\/product\/4079\/revisions"}],"predecessor-version":[{"id":4695,"href":"https:\/\/hartizanedesign.com\/fr\/wp-json\/wp\/v2\/product\/4079\/revisions\/4695"}],"wp:featuredmedia":[{"embeddable":true,"href":"https:\/\/hartizanedesign.com\/fr\/wp-json\/wp\/v2\/media\/4080"}],"wp:attachment":[{"href":"https:\/\/hartizanedesign.com\/fr\/wp-json\/wp\/v2\/media?parent=4079"}],"wp:term":[{"taxonomy":"product_brand","embeddable":true,"href":"https:\/\/hartizanedesign.com\/fr\/wp-json\/wp\/v2\/product_brand?post=4079"},{"taxonomy":"product_cat","embeddable":true,"href":"https:\/\/hartizanedesign.com\/fr\/wp-json\/wp\/v2\/product_cat?post=4079"},{"taxonomy":"product_tag","embeddable":true,"href":"https:\/\/hartizanedesign.com\/fr\/wp-json\/wp\/v2\/product_tag?post=4079"}],"curies":[{"name":"wp","href":"https:\/\/api.w.org\/{rel}","templated":true}]}}