{"id":4087,"date":"2026-01-19T23:39:17","date_gmt":"2026-01-19T22:39:17","guid":{"rendered":"https:\/\/hartizanedesign.com\/?post_type=product&#038;p=4087"},"modified":"2026-02-16T12:36:54","modified_gmt":"2026-02-16T12:36:54","slug":"lumiere-sillon-tapizado-envolvente-y-diseno-escultorico","status":"publish","type":"product","link":"https:\/\/hartizanedesign.com\/fr\/produit\/lumiere-fauteuil-rembourre-au-design-enveloppant-et-a-la-forme-sculpturale\/","title":{"rendered":"LUMI\u00c8RE (fauteuil rembourr\u00e9 au design enveloppant et \u00e0 la forme sculpturale)"},"content":{"rendered":"","protected":false},"excerpt":{"rendered":"<p>Ce fauteuil incarne une vision \u00e9pur\u00e9e du confort haut de gamme. Sa silhouette douce et enveloppante est pens\u00e9e pour offrir une assise naturellement accueillante, id\u00e9ale pour les moments de d\u00e9tente prolong\u00e9s.<\/p>\n<p>Le g\u00e9n\u00e9reux rembourrage en mousse haute r\u00e9silience procure un soutien \u00e9quilibr\u00e9 tout en conservant une sensation moelleuse et durable dans le temps. Le tissu, soigneusement s\u00e9lectionn\u00e9 pour sa douceur et sa tenue, sublime les volumes avec \u00e9l\u00e9gance.<\/p>\n<p>Sa base discr\u00e8te apporte stabilit\u00e9 et finesse, tandis que son bois d\u2019excellence, pens\u00e9 pour r\u00e9sister au passage du temps, garantit solidit\u00e9 et qualit\u00e9 structurelle. Son assise renforc\u00e9e de mousse HR longue dur\u00e9e assure un confort stable et durable.<\/p>\n<p>Une pi\u00e8ce raffin\u00e9e qui s\u2019int\u00e8gre parfaitement dans des int\u00e9rieurs contemporains, minimalistes ou sophistiqu\u00e9s.<\/p>\n<ul>\n<li style=\"font-weight: 400;\" aria-level=\"1\"><span style=\"font-weight: 400;\">Dimensions: <\/span><span style=\"font-weight: 400;\">70 x 80 x 80 <\/span><\/li>\n<\/ul>","protected":false},"featured_media":4113,"template":"","meta":[],"product_brand":[],"product_cat":[240],"product_tag":[],"class_list":{"0":"post-4087","1":"product","2":"type-product","3":"status-publish","4":"has-post-thumbnail","6":"product_cat-fauteuils","8":"first","9":"instock","10":"sale","11":"taxable","12":"shipping-taxable","13":"purchasable","14":"product-type-simple"},"yoast_head":"<!-- This site is optimized with the Yoast SEO plugin v27.4 - https:\/\/yoast.com\/product\/yoast-seo-wordpress\/ -->\n<title>LUMI\u00c8RE ( sill\u00f3n tapizado envolvente y dise\u00f1o escult\u00f3rico ) - hartizanedesign.com<\/title>\n<meta name=\"robots\" content=\"index, follow, max-snippet:-1, max-image-preview:large, max-video-preview:-1\" \/>\n<link rel=\"canonical\" href=\"https:\/\/hartizanedesign.com\/fr\/produit\/lumiere-fauteuil-rembourre-au-design-enveloppant-et-a-la-forme-sculpturale\/\" \/>\n<meta property=\"og:locale\" content=\"fr_FR\" \/>\n<meta property=\"og:type\" content=\"article\" \/>\n<meta property=\"og:title\" content=\"LUMI\u00c8RE ( sill\u00f3n tapizado envolvente y dise\u00f1o escult\u00f3rico ) - hartizanedesign.com\" \/>\n<meta property=\"og:description\" content=\"Este sill\u00f3n encarna una visi\u00f3n depurada del confort de alta gama. Su silueta suave y envolvente est\u00e1 dise\u00f1ada para ofrecer una sentada naturalmente acogedora, ideal para momentos de relajaci\u00f3n prolongados.  El generoso acolchado en espuma de alta resiliencia proporciona un soporte equilibrado, manteniendo al mismo tiempo una sensaci\u00f3n mullida y duradera en el tiempo. El tejido, cuidadosamente seleccionado por su suavidad y su excelente comportamiento, realza los vol\u00famenes con elegancia.  Su base discreta aporta estabilidad y delicadeza, mientras que su madera de excelencia, pensada para resistir el paso del tiempo, garantiza solidez y calidad estructural. El asiento reforzado con espuma HR de larga vida \u00fatil asegura un confort estable y duradero.  Una pieza refinada que se integra a la perfecci\u00f3n en interiores contempor\u00e1neos, minimalistas o sofisticados.   Dimensiones: 70 x 80 x 80\" \/>\n<meta property=\"og:url\" content=\"https:\/\/hartizanedesign.com\/fr\/produit\/lumiere-fauteuil-rembourre-au-design-enveloppant-et-a-la-forme-sculpturale\/\" \/>\n<meta property=\"og:site_name\" content=\"hartizanedesign.com\" \/>\n<meta property=\"article:modified_time\" content=\"2026-02-16T12:36:54+00:00\" \/>\n<meta property=\"og:image\" content=\"https:\/\/hartizanedesign.com\/wp-content\/uploads\/2026\/01\/LUMIERE.png\" \/>\n\t<meta property=\"og:image:width\" content=\"1300\" \/>\n\t<meta property=\"og:image:height\" content=\"900\" \/>\n\t<meta property=\"og:image:type\" content=\"image\/png\" \/>\n<meta name=\"twitter:card\" content=\"summary_large_image\" \/>\n<meta name=\"twitter:label1\" content=\"Dur\u00e9e de lecture estim\u00e9e\" \/>\n\t<meta name=\"twitter:data1\" content=\"1 minute\" \/>\n<script type=\"application\/ld+json\" class=\"yoast-schema-graph\">{\"@context\":\"https:\\\/\\\/schema.org\",\"@graph\":[{\"@type\":\"WebPage\",\"@id\":\"https:\\\/\\\/hartizanedesign.com\\\/producto\\\/lumiere-sillon-tapizado-envolvente-y-diseno-escultorico\\\/\",\"url\":\"https:\\\/\\\/hartizanedesign.com\\\/producto\\\/lumiere-sillon-tapizado-envolvente-y-diseno-escultorico\\\/\",\"name\":\"LUMI\u00c8RE ( sill\u00f3n tapizado envolvente y dise\u00f1o escult\u00f3rico ) - hartizanedesign.com\",\"isPartOf\":{\"@id\":\"https:\\\/\\\/hartizanedesign.com\\\/#website\"},\"primaryImageOfPage\":{\"@id\":\"https:\\\/\\\/hartizanedesign.com\\\/producto\\\/lumiere-sillon-tapizado-envolvente-y-diseno-escultorico\\\/#primaryimage\"},\"image\":{\"@id\":\"https:\\\/\\\/hartizanedesign.com\\\/producto\\\/lumiere-sillon-tapizado-envolvente-y-diseno-escultorico\\\/#primaryimage\"},\"thumbnailUrl\":\"https:\\\/\\\/hartizanedesign.com\\\/wp-content\\\/uploads\\\/2026\\\/01\\\/LUMIERE.png\",\"datePublished\":\"2026-01-19T22:39:17+00:00\",\"dateModified\":\"2026-02-16T12:36:54+00:00\",\"breadcrumb\":{\"@id\":\"https:\\\/\\\/hartizanedesign.com\\\/producto\\\/lumiere-sillon-tapizado-envolvente-y-diseno-escultorico\\\/#breadcrumb\"},\"inLanguage\":\"fr-FR\",\"potentialAction\":[{\"@type\":\"ReadAction\",\"target\":[\"https:\\\/\\\/hartizanedesign.com\\\/producto\\\/lumiere-sillon-tapizado-envolvente-y-diseno-escultorico\\\/\"]}]},{\"@type\":\"ImageObject\",\"inLanguage\":\"fr-FR\",\"@id\":\"https:\\\/\\\/hartizanedesign.com\\\/producto\\\/lumiere-sillon-tapizado-envolvente-y-diseno-escultorico\\\/#primaryimage\",\"url\":\"https:\\\/\\\/hartizanedesign.com\\\/wp-content\\\/uploads\\\/2026\\\/01\\\/LUMIERE.png\",\"contentUrl\":\"https:\\\/\\\/hartizanedesign.com\\\/wp-content\\\/uploads\\\/2026\\\/01\\\/LUMIERE.png\",\"width\":1300,\"height\":900},{\"@type\":\"BreadcrumbList\",\"@id\":\"https:\\\/\\\/hartizanedesign.com\\\/producto\\\/lumiere-sillon-tapizado-envolvente-y-diseno-escultorico\\\/#breadcrumb\",\"itemListElement\":[{\"@type\":\"ListItem\",\"position\":1,\"name\":\"Home\",\"item\":\"https:\\\/\\\/hartizanedesign.com\\\/\"},{\"@type\":\"ListItem\",\"position\":2,\"name\":\"Tienda\",\"item\":\"https:\\\/\\\/hartizanedesign.com\\\/boutique\\\/\"},{\"@type\":\"ListItem\",\"position\":3,\"name\":\"LUMI\u00c8RE ( sill\u00f3n tapizado envolvente y dise\u00f1o escult\u00f3rico )\"}]},{\"@type\":\"WebSite\",\"@id\":\"https:\\\/\\\/hartizanedesign.com\\\/#website\",\"url\":\"https:\\\/\\\/hartizanedesign.com\\\/\",\"name\":\"hartizanedesign.com\",\"description\":\"\",\"publisher\":{\"@id\":\"https:\\\/\\\/hartizanedesign.com\\\/#organization\"},\"potentialAction\":[{\"@type\":\"SearchAction\",\"target\":{\"@type\":\"EntryPoint\",\"urlTemplate\":\"https:\\\/\\\/hartizanedesign.com\\\/?s={search_term_string}\"},\"query-input\":{\"@type\":\"PropertyValueSpecification\",\"valueRequired\":true,\"valueName\":\"search_term_string\"}}],\"inLanguage\":\"fr-FR\"},{\"@type\":\"Organization\",\"@id\":\"https:\\\/\\\/hartizanedesign.com\\\/#organization\",\"name\":\"hartizanedesign.com\",\"url\":\"https:\\\/\\\/hartizanedesign.com\\\/\",\"logo\":{\"@type\":\"ImageObject\",\"inLanguage\":\"fr-FR\",\"@id\":\"https:\\\/\\\/hartizanedesign.com\\\/#\\\/schema\\\/logo\\\/image\\\/\",\"url\":\"https:\\\/\\\/hartizanedesign.com\\\/wp-content\\\/uploads\\\/2025\\\/10\\\/Logo-commander2_Hartizane_Noire.svg.svg\",\"contentUrl\":\"https:\\\/\\\/hartizanedesign.com\\\/wp-content\\\/uploads\\\/2025\\\/10\\\/Logo-commander2_Hartizane_Noire.svg.svg\",\"width\":209,\"height\":62,\"caption\":\"hartizanedesign.com\"},\"image\":{\"@id\":\"https:\\\/\\\/hartizanedesign.com\\\/#\\\/schema\\\/logo\\\/image\\\/\"}}]}<\/script>\n<!-- \/ Yoast SEO plugin. -->","yoast_head_json":{"title":"LUMI\u00c8RE ( sill\u00f3n tapizado envolvente y dise\u00f1o escult\u00f3rico ) - hartizanedesign.com","robots":{"index":"index","follow":"follow","max-snippet":"max-snippet:-1","max-image-preview":"max-image-preview:large","max-video-preview":"max-video-preview:-1"},"canonical":"https:\/\/hartizanedesign.com\/fr\/produit\/lumiere-fauteuil-rembourre-au-design-enveloppant-et-a-la-forme-sculpturale\/","og_locale":"fr_FR","og_type":"article","og_title":"LUMI\u00c8RE ( sill\u00f3n tapizado envolvente y dise\u00f1o escult\u00f3rico ) - hartizanedesign.com","og_description":"Este sill\u00f3n encarna una visi\u00f3n depurada del confort de alta gama. Su silueta suave y envolvente est\u00e1 dise\u00f1ada para ofrecer una sentada naturalmente acogedora, ideal para momentos de relajaci\u00f3n prolongados.  El generoso acolchado en espuma de alta resiliencia proporciona un soporte equilibrado, manteniendo al mismo tiempo una sensaci\u00f3n mullida y duradera en el tiempo. El tejido, cuidadosamente seleccionado por su suavidad y su excelente comportamiento, realza los vol\u00famenes con elegancia.  Su base discreta aporta estabilidad y delicadeza, mientras que su madera de excelencia, pensada para resistir el paso del tiempo, garantiza solidez y calidad estructural. El asiento reforzado con espuma HR de larga vida \u00fatil asegura un confort estable y duradero.  Una pieza refinada que se integra a la perfecci\u00f3n en interiores contempor\u00e1neos, minimalistas o sofisticados.   Dimensiones: 70 x 80 x 80","og_url":"https:\/\/hartizanedesign.com\/fr\/produit\/lumiere-fauteuil-rembourre-au-design-enveloppant-et-a-la-forme-sculpturale\/","og_site_name":"hartizanedesign.com","article_modified_time":"2026-02-16T12:36:54+00:00","og_image":[{"width":1300,"height":900,"url":"https:\/\/hartizanedesign.com\/wp-content\/uploads\/2026\/01\/LUMIERE.png","type":"image\/png"}],"twitter_card":"summary_large_image","twitter_misc":{"Dur\u00e9e de lecture estim\u00e9e":"1 minute"},"schema":{"@context":"https:\/\/schema.org","@graph":[{"@type":"WebPage","@id":"https:\/\/hartizanedesign.com\/producto\/lumiere-sillon-tapizado-envolvente-y-diseno-escultorico\/","url":"https:\/\/hartizanedesign.com\/producto\/lumiere-sillon-tapizado-envolvente-y-diseno-escultorico\/","name":"LUMI\u00c8RE ( sill\u00f3n tapizado envolvente y dise\u00f1o escult\u00f3rico ) - hartizanedesign.com","isPartOf":{"@id":"https:\/\/hartizanedesign.com\/#website"},"primaryImageOfPage":{"@id":"https:\/\/hartizanedesign.com\/producto\/lumiere-sillon-tapizado-envolvente-y-diseno-escultorico\/#primaryimage"},"image":{"@id":"https:\/\/hartizanedesign.com\/producto\/lumiere-sillon-tapizado-envolvente-y-diseno-escultorico\/#primaryimage"},"thumbnailUrl":"https:\/\/hartizanedesign.com\/wp-content\/uploads\/2026\/01\/LUMIERE.png","datePublished":"2026-01-19T22:39:17+00:00","dateModified":"2026-02-16T12:36:54+00:00","breadcrumb":{"@id":"https:\/\/hartizanedesign.com\/producto\/lumiere-sillon-tapizado-envolvente-y-diseno-escultorico\/#breadcrumb"},"inLanguage":"fr-FR","potentialAction":[{"@type":"ReadAction","target":["https:\/\/hartizanedesign.com\/producto\/lumiere-sillon-tapizado-envolvente-y-diseno-escultorico\/"]}]},{"@type":"ImageObject","inLanguage":"fr-FR","@id":"https:\/\/hartizanedesign.com\/producto\/lumiere-sillon-tapizado-envolvente-y-diseno-escultorico\/#primaryimage","url":"https:\/\/hartizanedesign.com\/wp-content\/uploads\/2026\/01\/LUMIERE.png","contentUrl":"https:\/\/hartizanedesign.com\/wp-content\/uploads\/2026\/01\/LUMIERE.png","width":1300,"height":900},{"@type":"BreadcrumbList","@id":"https:\/\/hartizanedesign.com\/producto\/lumiere-sillon-tapizado-envolvente-y-diseno-escultorico\/#breadcrumb","itemListElement":[{"@type":"ListItem","position":1,"name":"Home","item":"https:\/\/hartizanedesign.com\/"},{"@type":"ListItem","position":2,"name":"Tienda","item":"https:\/\/hartizanedesign.com\/boutique\/"},{"@type":"ListItem","position":3,"name":"LUMI\u00c8RE ( sill\u00f3n tapizado envolvente y dise\u00f1o escult\u00f3rico )"}]},{"@type":"WebSite","@id":"https:\/\/hartizanedesign.com\/#website","url":"https:\/\/hartizanedesign.com\/","name":"hartizanedesign.com","description":"","publisher":{"@id":"https:\/\/hartizanedesign.com\/#organization"},"potentialAction":[{"@type":"SearchAction","target":{"@type":"EntryPoint","urlTemplate":"https:\/\/hartizanedesign.com\/?s={search_term_string}"},"query-input":{"@type":"PropertyValueSpecification","valueRequired":true,"valueName":"search_term_string"}}],"inLanguage":"fr-FR"},{"@type":"Organization","@id":"https:\/\/hartizanedesign.com\/#organization","name":"hartizanedesign.com","url":"https:\/\/hartizanedesign.com\/","logo":{"@type":"ImageObject","inLanguage":"fr-FR","@id":"https:\/\/hartizanedesign.com\/#\/schema\/logo\/image\/","url":"https:\/\/hartizanedesign.com\/wp-content\/uploads\/2025\/10\/Logo-commander2_Hartizane_Noire.svg.svg","contentUrl":"https:\/\/hartizanedesign.com\/wp-content\/uploads\/2025\/10\/Logo-commander2_Hartizane_Noire.svg.svg","width":209,"height":62,"caption":"hartizanedesign.com"},"image":{"@id":"https:\/\/hartizanedesign.com\/#\/schema\/logo\/image\/"}}]}},"_links":{"self":[{"href":"https:\/\/hartizanedesign.com\/fr\/wp-json\/wp\/v2\/product\/4087","targetHints":{"allow":["GET"]}}],"collection":[{"href":"https:\/\/hartizanedesign.com\/fr\/wp-json\/wp\/v2\/product"}],"about":[{"href":"https:\/\/hartizanedesign.com\/fr\/wp-json\/wp\/v2\/types\/product"}],"version-history":[{"count":2,"href":"https:\/\/hartizanedesign.com\/fr\/wp-json\/wp\/v2\/product\/4087\/revisions"}],"predecessor-version":[{"id":4696,"href":"https:\/\/hartizanedesign.com\/fr\/wp-json\/wp\/v2\/product\/4087\/revisions\/4696"}],"wp:featuredmedia":[{"embeddable":true,"href":"https:\/\/hartizanedesign.com\/fr\/wp-json\/wp\/v2\/media\/4113"}],"wp:attachment":[{"href":"https:\/\/hartizanedesign.com\/fr\/wp-json\/wp\/v2\/media?parent=4087"}],"wp:term":[{"taxonomy":"product_brand","embeddable":true,"href":"https:\/\/hartizanedesign.com\/fr\/wp-json\/wp\/v2\/product_brand?post=4087"},{"taxonomy":"product_cat","embeddable":true,"href":"https:\/\/hartizanedesign.com\/fr\/wp-json\/wp\/v2\/product_cat?post=4087"},{"taxonomy":"product_tag","embeddable":true,"href":"https:\/\/hartizanedesign.com\/fr\/wp-json\/wp\/v2\/product_tag?post=4087"}],"curies":[{"name":"wp","href":"https:\/\/api.w.org\/{rel}","templated":true}]}}