{"id":4119,"date":"2026-01-19T23:46:48","date_gmt":"2026-01-19T22:46:48","guid":{"rendered":"https:\/\/hartizanedesign.com\/?post_type=product&#038;p=4119"},"modified":"2026-02-16T12:37:16","modified_gmt":"2026-02-16T12:37:16","slug":"signature-sillon-escultorico-con-confort-premium","status":"publish","type":"product","link":"https:\/\/hartizanedesign.com\/fr\/produit\/signature-fauteuil-sculptural-au-confort-haut-de-gamme\/","title":{"rendered":"SIGNATURE (fauteuil sculptural au confort haut de gamme)"},"content":{"rendered":"","protected":false},"excerpt":{"rendered":"<p>Ce fauteuil se distingue par son design sculptural, o\u00f9 chaque courbe a \u00e9t\u00e9 pens\u00e9e pour envelopper le corps avec \u00e9l\u00e9gance et naturel. Ses volumes g\u00e9n\u00e9reux cr\u00e9ent une sensation de refuge, invitant \u00e0 une d\u00e9tente profonde et apais\u00e9e.<\/p>\n<p>L\u2019assise int\u00e8gre des mousses haute performance, soigneusement s\u00e9lectionn\u00e9es pour offrir un \u00e9quilibre parfait entre douceur et soutien, garantissant un confort durable et une excellente stabilit\u00e9 dans le temps. Sa mousse HR premium appliqu\u00e9e \u00e0 l\u2019assise assure un soutien impeccable, tout en conservant sa forme et son confort malgr\u00e9 l\u2019usage. Son tissu, \u00e0 la texture subtile et sophistiqu\u00e9e, sublime la puret\u00e9 des lignes et apporte une exp\u00e9rience tactile raffin\u00e9e.<\/p>\n<p>Sa base en bois noble de qualit\u00e9 sup\u00e9rieure, con\u00e7ue pour durer, conf\u00e8re solidit\u00e9 structurelle et \u00e9l\u00e9gance. \u00c0 la fois fonctionnel et expressif, ce fauteuil devient une pi\u00e8ce ma\u00eetresse dans des int\u00e9rieurs contemporains, minimalistes ou haut de gamme, o\u00f9 le confort se transforme en une expression de luxe discret.<\/p>\n<ul>\n<li style=\"font-weight: 400;\" aria-level=\"1\"><span style=\"font-weight: 400;\">Dimensions: <\/span><span style=\"font-weight: 400;\">135 x 125 x 85 <\/span><\/li>\n<\/ul>","protected":false},"featured_media":4120,"template":"","meta":[],"product_brand":[],"product_cat":[240],"product_tag":[],"class_list":{"0":"post-4119","1":"product","2":"type-product","3":"status-publish","4":"has-post-thumbnail","6":"product_cat-fauteuils","8":"first","9":"instock","10":"sale","11":"taxable","12":"shipping-taxable","13":"purchasable","14":"product-type-simple"},"yoast_head":"<!-- This site is optimized with the Yoast SEO plugin v27.4 - https:\/\/yoast.com\/product\/yoast-seo-wordpress\/ -->\n<title>SIGNATURE ( sill\u00f3n escult\u00f3rico con confort premium ) - hartizanedesign.com<\/title>\n<meta name=\"robots\" content=\"index, follow, max-snippet:-1, max-image-preview:large, max-video-preview:-1\" \/>\n<link rel=\"canonical\" href=\"https:\/\/hartizanedesign.com\/fr\/produit\/signature-fauteuil-sculptural-au-confort-haut-de-gamme\/\" \/>\n<meta property=\"og:locale\" content=\"fr_FR\" \/>\n<meta property=\"og:type\" content=\"article\" \/>\n<meta property=\"og:title\" content=\"SIGNATURE ( sill\u00f3n escult\u00f3rico con confort premium ) - hartizanedesign.com\" \/>\n<meta property=\"og:description\" content=\"Este sill\u00f3n destaca por su dise\u00f1o escult\u00f3rico, donde cada curva ha sido concebida para envolver el cuerpo con elegancia y naturalidad. Sus vol\u00famenes generosos crean una sensaci\u00f3n de refugio, invitando a un descanso profundo y relajado.  La sentada incorpora espumas de alto rendimiento, cuidadosamente seleccionadas para lograr un equilibrio perfecto entre suavidad y soporte, garantizando un confort duradero y una excelente estabilidad en el tiempo. La espuma HR premium aplicada al asiento asegura un soporte impecable, manteniendo su forma y comodidad con el uso. El tejido, con una textura sutil y sofisticada, realza la pureza de las l\u00edneas y aporta una experiencia t\u00e1ctil refinada.  Su base de madera noble de calidad superior, hecha para durar, aporta solidez estructural y una presencia elegante. Funcional y expresivo a la vez, este sill\u00f3n se convierte en una pieza protagonista dentro de interiores contempor\u00e1neos, minimalistas o de estilo premium, donde el confort se transforma en una expresi\u00f3n de lujo discreto.   Dimensiones: 135 x 125 x 85\" \/>\n<meta property=\"og:url\" content=\"https:\/\/hartizanedesign.com\/fr\/produit\/signature-fauteuil-sculptural-au-confort-haut-de-gamme\/\" \/>\n<meta property=\"og:site_name\" content=\"hartizanedesign.com\" \/>\n<meta property=\"article:modified_time\" content=\"2026-02-16T12:37:16+00:00\" \/>\n<meta property=\"og:image\" content=\"https:\/\/hartizanedesign.com\/wp-content\/uploads\/2026\/01\/SIGNATURE.png\" \/>\n\t<meta property=\"og:image:width\" content=\"1300\" \/>\n\t<meta property=\"og:image:height\" content=\"900\" \/>\n\t<meta property=\"og:image:type\" content=\"image\/png\" \/>\n<meta name=\"twitter:card\" content=\"summary_large_image\" \/>\n<meta name=\"twitter:label1\" content=\"Dur\u00e9e de lecture estim\u00e9e\" \/>\n\t<meta name=\"twitter:data1\" content=\"1 minute\" \/>\n<script type=\"application\/ld+json\" class=\"yoast-schema-graph\">{\"@context\":\"https:\\\/\\\/schema.org\",\"@graph\":[{\"@type\":\"WebPage\",\"@id\":\"https:\\\/\\\/hartizanedesign.com\\\/producto\\\/signature-sillon-escultorico-con-confort-premium\\\/\",\"url\":\"https:\\\/\\\/hartizanedesign.com\\\/producto\\\/signature-sillon-escultorico-con-confort-premium\\\/\",\"name\":\"SIGNATURE ( sill\u00f3n escult\u00f3rico con confort premium ) - hartizanedesign.com\",\"isPartOf\":{\"@id\":\"https:\\\/\\\/hartizanedesign.com\\\/#website\"},\"primaryImageOfPage\":{\"@id\":\"https:\\\/\\\/hartizanedesign.com\\\/producto\\\/signature-sillon-escultorico-con-confort-premium\\\/#primaryimage\"},\"image\":{\"@id\":\"https:\\\/\\\/hartizanedesign.com\\\/producto\\\/signature-sillon-escultorico-con-confort-premium\\\/#primaryimage\"},\"thumbnailUrl\":\"https:\\\/\\\/hartizanedesign.com\\\/wp-content\\\/uploads\\\/2026\\\/01\\\/SIGNATURE.png\",\"datePublished\":\"2026-01-19T22:46:48+00:00\",\"dateModified\":\"2026-02-16T12:37:16+00:00\",\"breadcrumb\":{\"@id\":\"https:\\\/\\\/hartizanedesign.com\\\/producto\\\/signature-sillon-escultorico-con-confort-premium\\\/#breadcrumb\"},\"inLanguage\":\"fr-FR\",\"potentialAction\":[{\"@type\":\"ReadAction\",\"target\":[\"https:\\\/\\\/hartizanedesign.com\\\/producto\\\/signature-sillon-escultorico-con-confort-premium\\\/\"]}]},{\"@type\":\"ImageObject\",\"inLanguage\":\"fr-FR\",\"@id\":\"https:\\\/\\\/hartizanedesign.com\\\/producto\\\/signature-sillon-escultorico-con-confort-premium\\\/#primaryimage\",\"url\":\"https:\\\/\\\/hartizanedesign.com\\\/wp-content\\\/uploads\\\/2026\\\/01\\\/SIGNATURE.png\",\"contentUrl\":\"https:\\\/\\\/hartizanedesign.com\\\/wp-content\\\/uploads\\\/2026\\\/01\\\/SIGNATURE.png\",\"width\":1300,\"height\":900},{\"@type\":\"BreadcrumbList\",\"@id\":\"https:\\\/\\\/hartizanedesign.com\\\/producto\\\/signature-sillon-escultorico-con-confort-premium\\\/#breadcrumb\",\"itemListElement\":[{\"@type\":\"ListItem\",\"position\":1,\"name\":\"Home\",\"item\":\"https:\\\/\\\/hartizanedesign.com\\\/\"},{\"@type\":\"ListItem\",\"position\":2,\"name\":\"Tienda\",\"item\":\"https:\\\/\\\/hartizanedesign.com\\\/boutique\\\/\"},{\"@type\":\"ListItem\",\"position\":3,\"name\":\"SIGNATURE ( sill\u00f3n escult\u00f3rico con confort premium )\"}]},{\"@type\":\"WebSite\",\"@id\":\"https:\\\/\\\/hartizanedesign.com\\\/#website\",\"url\":\"https:\\\/\\\/hartizanedesign.com\\\/\",\"name\":\"hartizanedesign.com\",\"description\":\"\",\"publisher\":{\"@id\":\"https:\\\/\\\/hartizanedesign.com\\\/#organization\"},\"potentialAction\":[{\"@type\":\"SearchAction\",\"target\":{\"@type\":\"EntryPoint\",\"urlTemplate\":\"https:\\\/\\\/hartizanedesign.com\\\/?s={search_term_string}\"},\"query-input\":{\"@type\":\"PropertyValueSpecification\",\"valueRequired\":true,\"valueName\":\"search_term_string\"}}],\"inLanguage\":\"fr-FR\"},{\"@type\":\"Organization\",\"@id\":\"https:\\\/\\\/hartizanedesign.com\\\/#organization\",\"name\":\"hartizanedesign.com\",\"url\":\"https:\\\/\\\/hartizanedesign.com\\\/\",\"logo\":{\"@type\":\"ImageObject\",\"inLanguage\":\"fr-FR\",\"@id\":\"https:\\\/\\\/hartizanedesign.com\\\/#\\\/schema\\\/logo\\\/image\\\/\",\"url\":\"https:\\\/\\\/hartizanedesign.com\\\/wp-content\\\/uploads\\\/2025\\\/10\\\/Logo-commander2_Hartizane_Noire.svg.svg\",\"contentUrl\":\"https:\\\/\\\/hartizanedesign.com\\\/wp-content\\\/uploads\\\/2025\\\/10\\\/Logo-commander2_Hartizane_Noire.svg.svg\",\"width\":209,\"height\":62,\"caption\":\"hartizanedesign.com\"},\"image\":{\"@id\":\"https:\\\/\\\/hartizanedesign.com\\\/#\\\/schema\\\/logo\\\/image\\\/\"}}]}<\/script>\n<!-- \/ Yoast SEO plugin. -->","yoast_head_json":{"title":"SIGNATURE ( sill\u00f3n escult\u00f3rico con confort premium ) - hartizanedesign.com","robots":{"index":"index","follow":"follow","max-snippet":"max-snippet:-1","max-image-preview":"max-image-preview:large","max-video-preview":"max-video-preview:-1"},"canonical":"https:\/\/hartizanedesign.com\/fr\/produit\/signature-fauteuil-sculptural-au-confort-haut-de-gamme\/","og_locale":"fr_FR","og_type":"article","og_title":"SIGNATURE ( sill\u00f3n escult\u00f3rico con confort premium ) - hartizanedesign.com","og_description":"Este sill\u00f3n destaca por su dise\u00f1o escult\u00f3rico, donde cada curva ha sido concebida para envolver el cuerpo con elegancia y naturalidad. Sus vol\u00famenes generosos crean una sensaci\u00f3n de refugio, invitando a un descanso profundo y relajado.  La sentada incorpora espumas de alto rendimiento, cuidadosamente seleccionadas para lograr un equilibrio perfecto entre suavidad y soporte, garantizando un confort duradero y una excelente estabilidad en el tiempo. La espuma HR premium aplicada al asiento asegura un soporte impecable, manteniendo su forma y comodidad con el uso. El tejido, con una textura sutil y sofisticada, realza la pureza de las l\u00edneas y aporta una experiencia t\u00e1ctil refinada.  Su base de madera noble de calidad superior, hecha para durar, aporta solidez estructural y una presencia elegante. Funcional y expresivo a la vez, este sill\u00f3n se convierte en una pieza protagonista dentro de interiores contempor\u00e1neos, minimalistas o de estilo premium, donde el confort se transforma en una expresi\u00f3n de lujo discreto.   Dimensiones: 135 x 125 x 85","og_url":"https:\/\/hartizanedesign.com\/fr\/produit\/signature-fauteuil-sculptural-au-confort-haut-de-gamme\/","og_site_name":"hartizanedesign.com","article_modified_time":"2026-02-16T12:37:16+00:00","og_image":[{"width":1300,"height":900,"url":"https:\/\/hartizanedesign.com\/wp-content\/uploads\/2026\/01\/SIGNATURE.png","type":"image\/png"}],"twitter_card":"summary_large_image","twitter_misc":{"Dur\u00e9e de lecture estim\u00e9e":"1 minute"},"schema":{"@context":"https:\/\/schema.org","@graph":[{"@type":"WebPage","@id":"https:\/\/hartizanedesign.com\/producto\/signature-sillon-escultorico-con-confort-premium\/","url":"https:\/\/hartizanedesign.com\/producto\/signature-sillon-escultorico-con-confort-premium\/","name":"SIGNATURE ( sill\u00f3n escult\u00f3rico con confort premium ) - hartizanedesign.com","isPartOf":{"@id":"https:\/\/hartizanedesign.com\/#website"},"primaryImageOfPage":{"@id":"https:\/\/hartizanedesign.com\/producto\/signature-sillon-escultorico-con-confort-premium\/#primaryimage"},"image":{"@id":"https:\/\/hartizanedesign.com\/producto\/signature-sillon-escultorico-con-confort-premium\/#primaryimage"},"thumbnailUrl":"https:\/\/hartizanedesign.com\/wp-content\/uploads\/2026\/01\/SIGNATURE.png","datePublished":"2026-01-19T22:46:48+00:00","dateModified":"2026-02-16T12:37:16+00:00","breadcrumb":{"@id":"https:\/\/hartizanedesign.com\/producto\/signature-sillon-escultorico-con-confort-premium\/#breadcrumb"},"inLanguage":"fr-FR","potentialAction":[{"@type":"ReadAction","target":["https:\/\/hartizanedesign.com\/producto\/signature-sillon-escultorico-con-confort-premium\/"]}]},{"@type":"ImageObject","inLanguage":"fr-FR","@id":"https:\/\/hartizanedesign.com\/producto\/signature-sillon-escultorico-con-confort-premium\/#primaryimage","url":"https:\/\/hartizanedesign.com\/wp-content\/uploads\/2026\/01\/SIGNATURE.png","contentUrl":"https:\/\/hartizanedesign.com\/wp-content\/uploads\/2026\/01\/SIGNATURE.png","width":1300,"height":900},{"@type":"BreadcrumbList","@id":"https:\/\/hartizanedesign.com\/producto\/signature-sillon-escultorico-con-confort-premium\/#breadcrumb","itemListElement":[{"@type":"ListItem","position":1,"name":"Home","item":"https:\/\/hartizanedesign.com\/"},{"@type":"ListItem","position":2,"name":"Tienda","item":"https:\/\/hartizanedesign.com\/boutique\/"},{"@type":"ListItem","position":3,"name":"SIGNATURE ( sill\u00f3n escult\u00f3rico con confort premium )"}]},{"@type":"WebSite","@id":"https:\/\/hartizanedesign.com\/#website","url":"https:\/\/hartizanedesign.com\/","name":"hartizanedesign.com","description":"","publisher":{"@id":"https:\/\/hartizanedesign.com\/#organization"},"potentialAction":[{"@type":"SearchAction","target":{"@type":"EntryPoint","urlTemplate":"https:\/\/hartizanedesign.com\/?s={search_term_string}"},"query-input":{"@type":"PropertyValueSpecification","valueRequired":true,"valueName":"search_term_string"}}],"inLanguage":"fr-FR"},{"@type":"Organization","@id":"https:\/\/hartizanedesign.com\/#organization","name":"hartizanedesign.com","url":"https:\/\/hartizanedesign.com\/","logo":{"@type":"ImageObject","inLanguage":"fr-FR","@id":"https:\/\/hartizanedesign.com\/#\/schema\/logo\/image\/","url":"https:\/\/hartizanedesign.com\/wp-content\/uploads\/2025\/10\/Logo-commander2_Hartizane_Noire.svg.svg","contentUrl":"https:\/\/hartizanedesign.com\/wp-content\/uploads\/2025\/10\/Logo-commander2_Hartizane_Noire.svg.svg","width":209,"height":62,"caption":"hartizanedesign.com"},"image":{"@id":"https:\/\/hartizanedesign.com\/#\/schema\/logo\/image\/"}}]}},"_links":{"self":[{"href":"https:\/\/hartizanedesign.com\/fr\/wp-json\/wp\/v2\/product\/4119","targetHints":{"allow":["GET"]}}],"collection":[{"href":"https:\/\/hartizanedesign.com\/fr\/wp-json\/wp\/v2\/product"}],"about":[{"href":"https:\/\/hartizanedesign.com\/fr\/wp-json\/wp\/v2\/types\/product"}],"version-history":[{"count":2,"href":"https:\/\/hartizanedesign.com\/fr\/wp-json\/wp\/v2\/product\/4119\/revisions"}],"predecessor-version":[{"id":4697,"href":"https:\/\/hartizanedesign.com\/fr\/wp-json\/wp\/v2\/product\/4119\/revisions\/4697"}],"wp:featuredmedia":[{"embeddable":true,"href":"https:\/\/hartizanedesign.com\/fr\/wp-json\/wp\/v2\/media\/4120"}],"wp:attachment":[{"href":"https:\/\/hartizanedesign.com\/fr\/wp-json\/wp\/v2\/media?parent=4119"}],"wp:term":[{"taxonomy":"product_brand","embeddable":true,"href":"https:\/\/hartizanedesign.com\/fr\/wp-json\/wp\/v2\/product_brand?post=4119"},{"taxonomy":"product_cat","embeddable":true,"href":"https:\/\/hartizanedesign.com\/fr\/wp-json\/wp\/v2\/product_cat?post=4119"},{"taxonomy":"product_tag","embeddable":true,"href":"https:\/\/hartizanedesign.com\/fr\/wp-json\/wp\/v2\/product_tag?post=4119"}],"curies":[{"name":"wp","href":"https:\/\/api.w.org\/{rel}","templated":true}]}}