{"id":4125,"date":"2026-01-19T23:51:22","date_gmt":"2026-01-19T22:51:22","guid":{"rendered":"https:\/\/hartizanedesign.com\/?post_type=product&#038;p=4125"},"modified":"2026-02-16T12:37:35","modified_gmt":"2026-02-16T12:37:35","slug":"royal-sofa-modular-de-diseno-contemporaneo-con-confort","status":"publish","type":"product","link":"https:\/\/hartizanedesign.com\/fr\/produit\/royal-canape-modulable-au-design-contemporain-et-confortable\/","title":{"rendered":"ROYAL (Canap\u00e9 modulable au design contemporain et confortable)"},"content":{"rendered":"","protected":false},"excerpt":{"rendered":"<p><span style=\"font-weight: 400;\">Cette m\u00e9ridienne a \u00e9t\u00e9 con\u00e7ue pour offrir une exp\u00e9rience de confort sup\u00e9rieure. Son assise large et profonde invite \u00e0 une d\u00e9tente totale, devenant l\u2019endroit id\u00e9al pour se reposer en toute s\u00e9r\u00e9nit\u00e9.<\/span><\/p>\n<p><span style=\"font-weight: 400;\">L\u2019assise est compos\u00e9e d\u2019une mousse haute performance, soigneusement s\u00e9lectionn\u00e9e pour offrir un accueil doux tout en assurant un soutien ferme. Cette technologie garantit une excellente durabilit\u00e9 ainsi qu\u2019une r\u00e9cup\u00e9ration de forme optimale au fil du temps. Son bois s\u00e9lectionn\u00e9 pour sa stabilit\u00e9 et sa longue dur\u00e9e de vie apporte solidit\u00e9 structurelle et fiabilit\u00e9, tandis que sa mousse HR premium appliqu\u00e9e \u00e0 l\u2019assise assure un soutien impeccable, sans compromettre le confort. <\/span><b>madera seleccionada por su estabilidad y larga vida \u00fatil<\/b><span style=\"font-weight: 400;\"> aporta solidez estructural y fiabilidad, mientras que la <\/span><b>espuma HR premium aplicada al asiento asegura un soporte impecable<\/b><span style=\"font-weight: 400;\">, manteniendo el confort con el uso.<\/span><\/p>\n<p><span style=\"font-weight: 400;\">Son rev\u00eatement premium, \u00e0 la texture agr\u00e9able, sublime la puret\u00e9 des lignes et conf\u00e8re \u00e0 la pi\u00e8ce une esth\u00e9tique \u00e9l\u00e9gante et contemporaine. Cette m\u00e9ridienne allie confort, design et mat\u00e9riaux haut de gamme, rehaussant le niveau de tout espace int\u00e9rieur.<\/span><\/p>\n<ul>\n<li style=\"font-weight: 400;\" aria-level=\"1\"><span style=\"font-weight: 400;\">Dimensions:<\/span><span style=\"font-weight: 400;\"> 200 cm \/ 280 cm <\/span><\/li>\n<\/ul>","protected":false},"featured_media":4129,"template":"","meta":[],"product_brand":[],"product_cat":[239],"product_tag":[],"class_list":{"0":"post-4125","1":"product","2":"type-product","3":"status-publish","4":"has-post-thumbnail","6":"product_cat-canape","8":"first","9":"instock","10":"sale","11":"taxable","12":"shipping-taxable","13":"purchasable","14":"product-type-simple"},"yoast_head":"<!-- This site is optimized with the Yoast SEO plugin v27.4 - https:\/\/yoast.com\/product\/yoast-seo-wordpress\/ -->\n<title>ROYAL ( Sof\u00e1 modular de dise\u00f1o contempor\u00e1neo con confort ) - hartizanedesign.com<\/title>\n<meta name=\"robots\" content=\"index, follow, max-snippet:-1, max-image-preview:large, max-video-preview:-1\" \/>\n<link rel=\"canonical\" href=\"https:\/\/hartizanedesign.com\/fr\/produit\/royal-canape-modulable-au-design-contemporain-et-confortable\/\" \/>\n<meta property=\"og:locale\" content=\"fr_FR\" \/>\n<meta property=\"og:type\" content=\"article\" \/>\n<meta property=\"og:title\" content=\"ROYAL ( Sof\u00e1 modular de dise\u00f1o contempor\u00e1neo con confort ) - hartizanedesign.com\" \/>\n<meta property=\"og:description\" content=\"Est\u00e1 sof\u00e0 modular\u00a0 ha sido dise\u00f1ada para ofrecer una experiencia de confort superior. Su asiento amplio y profundo invita a la relajaci\u00f3n total, convirti\u00e9ndose en el lugar ideal para descansar con plenitud.  La sentada est\u00e1 compuesta por una espuma de alto rendimiento, cuidadosamente seleccionada para proporcionar una acogida suave y un soporte firme al mismo tiempo. Esta tecnolog\u00eda garantiza una excelente durabilidad y una \u00f3ptima recuperaci\u00f3n de forma con el paso del tiempo. Su madera seleccionada por su estabilidad y larga vida \u00fatil aporta solidez estructural y fiabilidad, mientras que la espuma HR premium aplicada al asiento asegura un soporte impecable, manteniendo el confort con el uso.  El tapizado, de calidad premium y tacto agradable, realza la pureza de las l\u00edneas y aporta una est\u00e9tica elegante y contempor\u00e1nea. Esta meridiana combina confort, dise\u00f1o y materiales de alta gama, elevando el nivel de cualquier espacio interior.   Dimensiones: 200 cm \/ 280 cm\" \/>\n<meta property=\"og:url\" content=\"https:\/\/hartizanedesign.com\/fr\/produit\/royal-canape-modulable-au-design-contemporain-et-confortable\/\" \/>\n<meta property=\"og:site_name\" content=\"hartizanedesign.com\" \/>\n<meta property=\"article:modified_time\" content=\"2026-02-16T12:37:35+00:00\" \/>\n<meta property=\"og:image\" content=\"https:\/\/hartizanedesign.com\/wp-content\/uploads\/2026\/01\/royal4.png\" \/>\n\t<meta property=\"og:image:width\" content=\"1300\" \/>\n\t<meta property=\"og:image:height\" content=\"900\" \/>\n\t<meta property=\"og:image:type\" content=\"image\/png\" \/>\n<meta name=\"twitter:card\" content=\"summary_large_image\" \/>\n<meta name=\"twitter:label1\" content=\"Dur\u00e9e de lecture estim\u00e9e\" \/>\n\t<meta name=\"twitter:data1\" content=\"1 minute\" \/>\n<script type=\"application\/ld+json\" class=\"yoast-schema-graph\">{\"@context\":\"https:\\\/\\\/schema.org\",\"@graph\":[{\"@type\":\"WebPage\",\"@id\":\"https:\\\/\\\/hartizanedesign.com\\\/producto\\\/royal-sofa-modular-de-diseno-contemporaneo-con-confort\\\/\",\"url\":\"https:\\\/\\\/hartizanedesign.com\\\/producto\\\/royal-sofa-modular-de-diseno-contemporaneo-con-confort\\\/\",\"name\":\"ROYAL ( Sof\u00e1 modular de dise\u00f1o contempor\u00e1neo con confort ) - hartizanedesign.com\",\"isPartOf\":{\"@id\":\"https:\\\/\\\/hartizanedesign.com\\\/#website\"},\"primaryImageOfPage\":{\"@id\":\"https:\\\/\\\/hartizanedesign.com\\\/producto\\\/royal-sofa-modular-de-diseno-contemporaneo-con-confort\\\/#primaryimage\"},\"image\":{\"@id\":\"https:\\\/\\\/hartizanedesign.com\\\/producto\\\/royal-sofa-modular-de-diseno-contemporaneo-con-confort\\\/#primaryimage\"},\"thumbnailUrl\":\"https:\\\/\\\/hartizanedesign.com\\\/wp-content\\\/uploads\\\/2026\\\/01\\\/royal4.png\",\"datePublished\":\"2026-01-19T22:51:22+00:00\",\"dateModified\":\"2026-02-16T12:37:35+00:00\",\"breadcrumb\":{\"@id\":\"https:\\\/\\\/hartizanedesign.com\\\/producto\\\/royal-sofa-modular-de-diseno-contemporaneo-con-confort\\\/#breadcrumb\"},\"inLanguage\":\"fr-FR\",\"potentialAction\":[{\"@type\":\"ReadAction\",\"target\":[\"https:\\\/\\\/hartizanedesign.com\\\/producto\\\/royal-sofa-modular-de-diseno-contemporaneo-con-confort\\\/\"]}]},{\"@type\":\"ImageObject\",\"inLanguage\":\"fr-FR\",\"@id\":\"https:\\\/\\\/hartizanedesign.com\\\/producto\\\/royal-sofa-modular-de-diseno-contemporaneo-con-confort\\\/#primaryimage\",\"url\":\"https:\\\/\\\/hartizanedesign.com\\\/wp-content\\\/uploads\\\/2026\\\/01\\\/royal4.png\",\"contentUrl\":\"https:\\\/\\\/hartizanedesign.com\\\/wp-content\\\/uploads\\\/2026\\\/01\\\/royal4.png\",\"width\":1300,\"height\":900},{\"@type\":\"BreadcrumbList\",\"@id\":\"https:\\\/\\\/hartizanedesign.com\\\/producto\\\/royal-sofa-modular-de-diseno-contemporaneo-con-confort\\\/#breadcrumb\",\"itemListElement\":[{\"@type\":\"ListItem\",\"position\":1,\"name\":\"Home\",\"item\":\"https:\\\/\\\/hartizanedesign.com\\\/\"},{\"@type\":\"ListItem\",\"position\":2,\"name\":\"Tienda\",\"item\":\"https:\\\/\\\/hartizanedesign.com\\\/boutique\\\/\"},{\"@type\":\"ListItem\",\"position\":3,\"name\":\"ROYAL ( Sof\u00e1 modular de dise\u00f1o contempor\u00e1neo con confort )\"}]},{\"@type\":\"WebSite\",\"@id\":\"https:\\\/\\\/hartizanedesign.com\\\/#website\",\"url\":\"https:\\\/\\\/hartizanedesign.com\\\/\",\"name\":\"hartizanedesign.com\",\"description\":\"\",\"publisher\":{\"@id\":\"https:\\\/\\\/hartizanedesign.com\\\/#organization\"},\"potentialAction\":[{\"@type\":\"SearchAction\",\"target\":{\"@type\":\"EntryPoint\",\"urlTemplate\":\"https:\\\/\\\/hartizanedesign.com\\\/?s={search_term_string}\"},\"query-input\":{\"@type\":\"PropertyValueSpecification\",\"valueRequired\":true,\"valueName\":\"search_term_string\"}}],\"inLanguage\":\"fr-FR\"},{\"@type\":\"Organization\",\"@id\":\"https:\\\/\\\/hartizanedesign.com\\\/#organization\",\"name\":\"hartizanedesign.com\",\"url\":\"https:\\\/\\\/hartizanedesign.com\\\/\",\"logo\":{\"@type\":\"ImageObject\",\"inLanguage\":\"fr-FR\",\"@id\":\"https:\\\/\\\/hartizanedesign.com\\\/#\\\/schema\\\/logo\\\/image\\\/\",\"url\":\"https:\\\/\\\/hartizanedesign.com\\\/wp-content\\\/uploads\\\/2025\\\/10\\\/Logo-commander2_Hartizane_Noire.svg.svg\",\"contentUrl\":\"https:\\\/\\\/hartizanedesign.com\\\/wp-content\\\/uploads\\\/2025\\\/10\\\/Logo-commander2_Hartizane_Noire.svg.svg\",\"width\":209,\"height\":62,\"caption\":\"hartizanedesign.com\"},\"image\":{\"@id\":\"https:\\\/\\\/hartizanedesign.com\\\/#\\\/schema\\\/logo\\\/image\\\/\"}}]}<\/script>\n<!-- \/ Yoast SEO plugin. -->","yoast_head_json":{"title":"ROYAL ( Sof\u00e1 modular de dise\u00f1o contempor\u00e1neo con confort ) - hartizanedesign.com","robots":{"index":"index","follow":"follow","max-snippet":"max-snippet:-1","max-image-preview":"max-image-preview:large","max-video-preview":"max-video-preview:-1"},"canonical":"https:\/\/hartizanedesign.com\/fr\/produit\/royal-canape-modulable-au-design-contemporain-et-confortable\/","og_locale":"fr_FR","og_type":"article","og_title":"ROYAL ( Sof\u00e1 modular de dise\u00f1o contempor\u00e1neo con confort ) - hartizanedesign.com","og_description":"Est\u00e1 sof\u00e0 modular\u00a0 ha sido dise\u00f1ada para ofrecer una experiencia de confort superior. Su asiento amplio y profundo invita a la relajaci\u00f3n total, convirti\u00e9ndose en el lugar ideal para descansar con plenitud.  La sentada est\u00e1 compuesta por una espuma de alto rendimiento, cuidadosamente seleccionada para proporcionar una acogida suave y un soporte firme al mismo tiempo. Esta tecnolog\u00eda garantiza una excelente durabilidad y una \u00f3ptima recuperaci\u00f3n de forma con el paso del tiempo. Su madera seleccionada por su estabilidad y larga vida \u00fatil aporta solidez estructural y fiabilidad, mientras que la espuma HR premium aplicada al asiento asegura un soporte impecable, manteniendo el confort con el uso.  El tapizado, de calidad premium y tacto agradable, realza la pureza de las l\u00edneas y aporta una est\u00e9tica elegante y contempor\u00e1nea. Esta meridiana combina confort, dise\u00f1o y materiales de alta gama, elevando el nivel de cualquier espacio interior.   Dimensiones: 200 cm \/ 280 cm","og_url":"https:\/\/hartizanedesign.com\/fr\/produit\/royal-canape-modulable-au-design-contemporain-et-confortable\/","og_site_name":"hartizanedesign.com","article_modified_time":"2026-02-16T12:37:35+00:00","og_image":[{"width":1300,"height":900,"url":"https:\/\/hartizanedesign.com\/wp-content\/uploads\/2026\/01\/royal4.png","type":"image\/png"}],"twitter_card":"summary_large_image","twitter_misc":{"Dur\u00e9e de lecture estim\u00e9e":"1 minute"},"schema":{"@context":"https:\/\/schema.org","@graph":[{"@type":"WebPage","@id":"https:\/\/hartizanedesign.com\/producto\/royal-sofa-modular-de-diseno-contemporaneo-con-confort\/","url":"https:\/\/hartizanedesign.com\/producto\/royal-sofa-modular-de-diseno-contemporaneo-con-confort\/","name":"ROYAL ( Sof\u00e1 modular de dise\u00f1o contempor\u00e1neo con confort ) - hartizanedesign.com","isPartOf":{"@id":"https:\/\/hartizanedesign.com\/#website"},"primaryImageOfPage":{"@id":"https:\/\/hartizanedesign.com\/producto\/royal-sofa-modular-de-diseno-contemporaneo-con-confort\/#primaryimage"},"image":{"@id":"https:\/\/hartizanedesign.com\/producto\/royal-sofa-modular-de-diseno-contemporaneo-con-confort\/#primaryimage"},"thumbnailUrl":"https:\/\/hartizanedesign.com\/wp-content\/uploads\/2026\/01\/royal4.png","datePublished":"2026-01-19T22:51:22+00:00","dateModified":"2026-02-16T12:37:35+00:00","breadcrumb":{"@id":"https:\/\/hartizanedesign.com\/producto\/royal-sofa-modular-de-diseno-contemporaneo-con-confort\/#breadcrumb"},"inLanguage":"fr-FR","potentialAction":[{"@type":"ReadAction","target":["https:\/\/hartizanedesign.com\/producto\/royal-sofa-modular-de-diseno-contemporaneo-con-confort\/"]}]},{"@type":"ImageObject","inLanguage":"fr-FR","@id":"https:\/\/hartizanedesign.com\/producto\/royal-sofa-modular-de-diseno-contemporaneo-con-confort\/#primaryimage","url":"https:\/\/hartizanedesign.com\/wp-content\/uploads\/2026\/01\/royal4.png","contentUrl":"https:\/\/hartizanedesign.com\/wp-content\/uploads\/2026\/01\/royal4.png","width":1300,"height":900},{"@type":"BreadcrumbList","@id":"https:\/\/hartizanedesign.com\/producto\/royal-sofa-modular-de-diseno-contemporaneo-con-confort\/#breadcrumb","itemListElement":[{"@type":"ListItem","position":1,"name":"Home","item":"https:\/\/hartizanedesign.com\/"},{"@type":"ListItem","position":2,"name":"Tienda","item":"https:\/\/hartizanedesign.com\/boutique\/"},{"@type":"ListItem","position":3,"name":"ROYAL ( Sof\u00e1 modular de dise\u00f1o contempor\u00e1neo con confort )"}]},{"@type":"WebSite","@id":"https:\/\/hartizanedesign.com\/#website","url":"https:\/\/hartizanedesign.com\/","name":"hartizanedesign.com","description":"","publisher":{"@id":"https:\/\/hartizanedesign.com\/#organization"},"potentialAction":[{"@type":"SearchAction","target":{"@type":"EntryPoint","urlTemplate":"https:\/\/hartizanedesign.com\/?s={search_term_string}"},"query-input":{"@type":"PropertyValueSpecification","valueRequired":true,"valueName":"search_term_string"}}],"inLanguage":"fr-FR"},{"@type":"Organization","@id":"https:\/\/hartizanedesign.com\/#organization","name":"hartizanedesign.com","url":"https:\/\/hartizanedesign.com\/","logo":{"@type":"ImageObject","inLanguage":"fr-FR","@id":"https:\/\/hartizanedesign.com\/#\/schema\/logo\/image\/","url":"https:\/\/hartizanedesign.com\/wp-content\/uploads\/2025\/10\/Logo-commander2_Hartizane_Noire.svg.svg","contentUrl":"https:\/\/hartizanedesign.com\/wp-content\/uploads\/2025\/10\/Logo-commander2_Hartizane_Noire.svg.svg","width":209,"height":62,"caption":"hartizanedesign.com"},"image":{"@id":"https:\/\/hartizanedesign.com\/#\/schema\/logo\/image\/"}}]}},"_links":{"self":[{"href":"https:\/\/hartizanedesign.com\/fr\/wp-json\/wp\/v2\/product\/4125","targetHints":{"allow":["GET"]}}],"collection":[{"href":"https:\/\/hartizanedesign.com\/fr\/wp-json\/wp\/v2\/product"}],"about":[{"href":"https:\/\/hartizanedesign.com\/fr\/wp-json\/wp\/v2\/types\/product"}],"version-history":[{"count":2,"href":"https:\/\/hartizanedesign.com\/fr\/wp-json\/wp\/v2\/product\/4125\/revisions"}],"predecessor-version":[{"id":4698,"href":"https:\/\/hartizanedesign.com\/fr\/wp-json\/wp\/v2\/product\/4125\/revisions\/4698"}],"wp:featuredmedia":[{"embeddable":true,"href":"https:\/\/hartizanedesign.com\/fr\/wp-json\/wp\/v2\/media\/4129"}],"wp:attachment":[{"href":"https:\/\/hartizanedesign.com\/fr\/wp-json\/wp\/v2\/media?parent=4125"}],"wp:term":[{"taxonomy":"product_brand","embeddable":true,"href":"https:\/\/hartizanedesign.com\/fr\/wp-json\/wp\/v2\/product_brand?post=4125"},{"taxonomy":"product_cat","embeddable":true,"href":"https:\/\/hartizanedesign.com\/fr\/wp-json\/wp\/v2\/product_cat?post=4125"},{"taxonomy":"product_tag","embeddable":true,"href":"https:\/\/hartizanedesign.com\/fr\/wp-json\/wp\/v2\/product_tag?post=4125"}],"curies":[{"name":"wp","href":"https:\/\/api.w.org\/{rel}","templated":true}]}}