{"id":4131,"date":"2026-01-19T23:55:49","date_gmt":"2026-01-19T22:55:49","guid":{"rendered":"https:\/\/hartizanedesign.com\/?post_type=product&#038;p=4131"},"modified":"2026-02-16T12:38:06","modified_gmt":"2026-02-16T12:38:06","slug":"heaven-sofa-de-diseno-organico-con-curvas-envolventes","status":"publish","type":"product","link":"https:\/\/hartizanedesign.com\/fr\/produit\/heaven-canape-au-design-organique-et-aux-courbes-enveloppantes\/","title":{"rendered":"HEAVEN (Canap\u00e9 au design organique et aux courbes enveloppantes)"},"content":{"rendered":"","protected":false},"excerpt":{"rendered":"<p>Ce canap\u00e9 aux lignes longues et aux courbes enveloppantes a \u00e9t\u00e9 con\u00e7u pour offrir une exp\u00e9rience de confort sup\u00e9rieure et un style contemporain affirm\u00e9. Son assise g\u00e9n\u00e9reuse int\u00e8gre une mousse haute r\u00e9silience, offrant un accueil doux, un soutien \u00e9quilibr\u00e9 et une excellente durabilit\u00e9 dans le temps.<\/p>\n<p>Rev\u00eatu d\u2019un tissu premium, agr\u00e9able au toucher et tr\u00e8s r\u00e9sistant, il se distingue par ses finitions \u00e9l\u00e9gantes et une confection soign\u00e9e. Son assise garnie de mousse HR de haute qualit\u00e9, adapt\u00e9e \u00e0 un usage intensif, garantit un confort stable et une r\u00e9cup\u00e9ration de forme optimale. Sa qualit\u00e9 premium s\u2019exprime \u00e0 travers une durabilit\u00e9 exceptionnelle, restant impeccable m\u00eame avec un usage continu.<\/p>\n<p>Sa base apporte stabilit\u00e9 et valorise la fluidit\u00e9 de son design, donnant naissance \u00e0 une pi\u00e8ce sophistiqu\u00e9e et intemporelle. Ce canap\u00e9 allie harmonieusement confort, qualit\u00e9 des mat\u00e9riaux et esth\u00e9tique raffin\u00e9e, devenant naturellement la pi\u00e8ce ma\u00eetresse de tout int\u00e9rieur moderne.<\/p>\n<ul>\n<li style=\"font-weight: 400;\" aria-level=\"1\"><span style=\"font-weight: 400;\">Dimensiones<\/span><span style=\"font-weight: 400;\">: 200 cm \/ 280 cm <\/span><\/li>\n<\/ul>","protected":false},"featured_media":4135,"template":"","meta":[],"product_brand":[],"product_cat":[239],"product_tag":[],"class_list":{"0":"post-4131","1":"product","2":"type-product","3":"status-publish","4":"has-post-thumbnail","6":"product_cat-canape","8":"first","9":"instock","10":"sale","11":"taxable","12":"shipping-taxable","13":"purchasable","14":"product-type-simple"},"yoast_head":"<!-- This site is optimized with the Yoast SEO plugin v27.4 - https:\/\/yoast.com\/product\/yoast-seo-wordpress\/ -->\n<title>HEAVEN ( Sof\u00e1 de dise\u00f1o org\u00e1nico con curvas envolventes ) - hartizanedesign.com<\/title>\n<meta name=\"robots\" content=\"index, follow, max-snippet:-1, max-image-preview:large, max-video-preview:-1\" \/>\n<link rel=\"canonical\" href=\"https:\/\/hartizanedesign.com\/fr\/produit\/heaven-canape-au-design-organique-et-aux-courbes-enveloppantes\/\" \/>\n<meta property=\"og:locale\" content=\"fr_FR\" \/>\n<meta property=\"og:type\" content=\"article\" \/>\n<meta property=\"og:title\" content=\"HEAVEN ( Sof\u00e1 de dise\u00f1o org\u00e1nico con curvas envolventes ) - hartizanedesign.com\" \/>\n<meta property=\"og:description\" content=\"Este sof\u00e1 de l\u00edneas largas y curvas envolventes ha sido dise\u00f1ado para ofrecer una experiencia de confort superior y un estilo contempor\u00e1neo muy marcado. Su asiento amplio incorpora espuma de alta resiliencia, proporcionando una acogida suave, un soporte equilibrado y una excelente durabilidad con el paso del tiempo.  Tapizado en un tejido premium de tacto agradable y gran resistencia, destaca por su acabado elegante y su cuidada confecci\u00f3n. El asiento relleno con espuma HR de calidad para un uso intensivo garantiza un confort estable y una \u00f3ptima recuperaci\u00f3n de forma. La calidad premium se expresa a trav\u00e9s de una durabilidad excepcional, manteni\u00e9ndose impecable incluso con el uso continuado.  La base aporta estabilidad y realza la fluidez del dise\u00f1o, creando una pieza sofisticada y atemporal. Este sof\u00e1 combina a la perfecci\u00f3n comodidad, calidad de materiales y una est\u00e9tica refinada, convirti\u00e9ndose en el protagonista natural de cualquier espacio moderno.   Dimensiones: 200 cm \/ 280 cm\" \/>\n<meta property=\"og:url\" content=\"https:\/\/hartizanedesign.com\/fr\/produit\/heaven-canape-au-design-organique-et-aux-courbes-enveloppantes\/\" \/>\n<meta property=\"og:site_name\" content=\"hartizanedesign.com\" \/>\n<meta property=\"article:modified_time\" content=\"2026-02-16T12:38:06+00:00\" \/>\n<meta property=\"og:image\" content=\"https:\/\/hartizanedesign.com\/wp-content\/uploads\/2026\/01\/HEAVEN.png\" \/>\n\t<meta property=\"og:image:width\" content=\"1300\" \/>\n\t<meta property=\"og:image:height\" content=\"900\" \/>\n\t<meta property=\"og:image:type\" content=\"image\/png\" \/>\n<meta name=\"twitter:card\" content=\"summary_large_image\" \/>\n<meta name=\"twitter:label1\" content=\"Dur\u00e9e de lecture estim\u00e9e\" \/>\n\t<meta name=\"twitter:data1\" content=\"1 minute\" \/>\n<script type=\"application\/ld+json\" class=\"yoast-schema-graph\">{\"@context\":\"https:\\\/\\\/schema.org\",\"@graph\":[{\"@type\":\"WebPage\",\"@id\":\"https:\\\/\\\/hartizanedesign.com\\\/producto\\\/heaven-sofa-de-diseno-organico-con-curvas-envolventes\\\/\",\"url\":\"https:\\\/\\\/hartizanedesign.com\\\/producto\\\/heaven-sofa-de-diseno-organico-con-curvas-envolventes\\\/\",\"name\":\"HEAVEN ( Sof\u00e1 de dise\u00f1o org\u00e1nico con curvas envolventes ) - hartizanedesign.com\",\"isPartOf\":{\"@id\":\"https:\\\/\\\/hartizanedesign.com\\\/#website\"},\"primaryImageOfPage\":{\"@id\":\"https:\\\/\\\/hartizanedesign.com\\\/producto\\\/heaven-sofa-de-diseno-organico-con-curvas-envolventes\\\/#primaryimage\"},\"image\":{\"@id\":\"https:\\\/\\\/hartizanedesign.com\\\/producto\\\/heaven-sofa-de-diseno-organico-con-curvas-envolventes\\\/#primaryimage\"},\"thumbnailUrl\":\"https:\\\/\\\/hartizanedesign.com\\\/wp-content\\\/uploads\\\/2026\\\/01\\\/HEAVEN.png\",\"datePublished\":\"2026-01-19T22:55:49+00:00\",\"dateModified\":\"2026-02-16T12:38:06+00:00\",\"breadcrumb\":{\"@id\":\"https:\\\/\\\/hartizanedesign.com\\\/producto\\\/heaven-sofa-de-diseno-organico-con-curvas-envolventes\\\/#breadcrumb\"},\"inLanguage\":\"fr-FR\",\"potentialAction\":[{\"@type\":\"ReadAction\",\"target\":[\"https:\\\/\\\/hartizanedesign.com\\\/producto\\\/heaven-sofa-de-diseno-organico-con-curvas-envolventes\\\/\"]}]},{\"@type\":\"ImageObject\",\"inLanguage\":\"fr-FR\",\"@id\":\"https:\\\/\\\/hartizanedesign.com\\\/producto\\\/heaven-sofa-de-diseno-organico-con-curvas-envolventes\\\/#primaryimage\",\"url\":\"https:\\\/\\\/hartizanedesign.com\\\/wp-content\\\/uploads\\\/2026\\\/01\\\/HEAVEN.png\",\"contentUrl\":\"https:\\\/\\\/hartizanedesign.com\\\/wp-content\\\/uploads\\\/2026\\\/01\\\/HEAVEN.png\",\"width\":1300,\"height\":900},{\"@type\":\"BreadcrumbList\",\"@id\":\"https:\\\/\\\/hartizanedesign.com\\\/producto\\\/heaven-sofa-de-diseno-organico-con-curvas-envolventes\\\/#breadcrumb\",\"itemListElement\":[{\"@type\":\"ListItem\",\"position\":1,\"name\":\"Home\",\"item\":\"https:\\\/\\\/hartizanedesign.com\\\/\"},{\"@type\":\"ListItem\",\"position\":2,\"name\":\"Tienda\",\"item\":\"https:\\\/\\\/hartizanedesign.com\\\/boutique\\\/\"},{\"@type\":\"ListItem\",\"position\":3,\"name\":\"HEAVEN ( Sof\u00e1 de dise\u00f1o org\u00e1nico con curvas envolventes )\"}]},{\"@type\":\"WebSite\",\"@id\":\"https:\\\/\\\/hartizanedesign.com\\\/#website\",\"url\":\"https:\\\/\\\/hartizanedesign.com\\\/\",\"name\":\"hartizanedesign.com\",\"description\":\"\",\"publisher\":{\"@id\":\"https:\\\/\\\/hartizanedesign.com\\\/#organization\"},\"potentialAction\":[{\"@type\":\"SearchAction\",\"target\":{\"@type\":\"EntryPoint\",\"urlTemplate\":\"https:\\\/\\\/hartizanedesign.com\\\/?s={search_term_string}\"},\"query-input\":{\"@type\":\"PropertyValueSpecification\",\"valueRequired\":true,\"valueName\":\"search_term_string\"}}],\"inLanguage\":\"fr-FR\"},{\"@type\":\"Organization\",\"@id\":\"https:\\\/\\\/hartizanedesign.com\\\/#organization\",\"name\":\"hartizanedesign.com\",\"url\":\"https:\\\/\\\/hartizanedesign.com\\\/\",\"logo\":{\"@type\":\"ImageObject\",\"inLanguage\":\"fr-FR\",\"@id\":\"https:\\\/\\\/hartizanedesign.com\\\/#\\\/schema\\\/logo\\\/image\\\/\",\"url\":\"https:\\\/\\\/hartizanedesign.com\\\/wp-content\\\/uploads\\\/2025\\\/10\\\/Logo-commander2_Hartizane_Noire.svg.svg\",\"contentUrl\":\"https:\\\/\\\/hartizanedesign.com\\\/wp-content\\\/uploads\\\/2025\\\/10\\\/Logo-commander2_Hartizane_Noire.svg.svg\",\"width\":209,\"height\":62,\"caption\":\"hartizanedesign.com\"},\"image\":{\"@id\":\"https:\\\/\\\/hartizanedesign.com\\\/#\\\/schema\\\/logo\\\/image\\\/\"}}]}<\/script>\n<!-- \/ Yoast SEO plugin. -->","yoast_head_json":{"title":"HEAVEN ( Sof\u00e1 de dise\u00f1o org\u00e1nico con curvas envolventes ) - hartizanedesign.com","robots":{"index":"index","follow":"follow","max-snippet":"max-snippet:-1","max-image-preview":"max-image-preview:large","max-video-preview":"max-video-preview:-1"},"canonical":"https:\/\/hartizanedesign.com\/fr\/produit\/heaven-canape-au-design-organique-et-aux-courbes-enveloppantes\/","og_locale":"fr_FR","og_type":"article","og_title":"HEAVEN ( Sof\u00e1 de dise\u00f1o org\u00e1nico con curvas envolventes ) - hartizanedesign.com","og_description":"Este sof\u00e1 de l\u00edneas largas y curvas envolventes ha sido dise\u00f1ado para ofrecer una experiencia de confort superior y un estilo contempor\u00e1neo muy marcado. Su asiento amplio incorpora espuma de alta resiliencia, proporcionando una acogida suave, un soporte equilibrado y una excelente durabilidad con el paso del tiempo.  Tapizado en un tejido premium de tacto agradable y gran resistencia, destaca por su acabado elegante y su cuidada confecci\u00f3n. El asiento relleno con espuma HR de calidad para un uso intensivo garantiza un confort estable y una \u00f3ptima recuperaci\u00f3n de forma. La calidad premium se expresa a trav\u00e9s de una durabilidad excepcional, manteni\u00e9ndose impecable incluso con el uso continuado.  La base aporta estabilidad y realza la fluidez del dise\u00f1o, creando una pieza sofisticada y atemporal. Este sof\u00e1 combina a la perfecci\u00f3n comodidad, calidad de materiales y una est\u00e9tica refinada, convirti\u00e9ndose en el protagonista natural de cualquier espacio moderno.   Dimensiones: 200 cm \/ 280 cm","og_url":"https:\/\/hartizanedesign.com\/fr\/produit\/heaven-canape-au-design-organique-et-aux-courbes-enveloppantes\/","og_site_name":"hartizanedesign.com","article_modified_time":"2026-02-16T12:38:06+00:00","og_image":[{"width":1300,"height":900,"url":"https:\/\/hartizanedesign.com\/wp-content\/uploads\/2026\/01\/HEAVEN.png","type":"image\/png"}],"twitter_card":"summary_large_image","twitter_misc":{"Dur\u00e9e de lecture estim\u00e9e":"1 minute"},"schema":{"@context":"https:\/\/schema.org","@graph":[{"@type":"WebPage","@id":"https:\/\/hartizanedesign.com\/producto\/heaven-sofa-de-diseno-organico-con-curvas-envolventes\/","url":"https:\/\/hartizanedesign.com\/producto\/heaven-sofa-de-diseno-organico-con-curvas-envolventes\/","name":"HEAVEN ( Sof\u00e1 de dise\u00f1o org\u00e1nico con curvas envolventes ) - hartizanedesign.com","isPartOf":{"@id":"https:\/\/hartizanedesign.com\/#website"},"primaryImageOfPage":{"@id":"https:\/\/hartizanedesign.com\/producto\/heaven-sofa-de-diseno-organico-con-curvas-envolventes\/#primaryimage"},"image":{"@id":"https:\/\/hartizanedesign.com\/producto\/heaven-sofa-de-diseno-organico-con-curvas-envolventes\/#primaryimage"},"thumbnailUrl":"https:\/\/hartizanedesign.com\/wp-content\/uploads\/2026\/01\/HEAVEN.png","datePublished":"2026-01-19T22:55:49+00:00","dateModified":"2026-02-16T12:38:06+00:00","breadcrumb":{"@id":"https:\/\/hartizanedesign.com\/producto\/heaven-sofa-de-diseno-organico-con-curvas-envolventes\/#breadcrumb"},"inLanguage":"fr-FR","potentialAction":[{"@type":"ReadAction","target":["https:\/\/hartizanedesign.com\/producto\/heaven-sofa-de-diseno-organico-con-curvas-envolventes\/"]}]},{"@type":"ImageObject","inLanguage":"fr-FR","@id":"https:\/\/hartizanedesign.com\/producto\/heaven-sofa-de-diseno-organico-con-curvas-envolventes\/#primaryimage","url":"https:\/\/hartizanedesign.com\/wp-content\/uploads\/2026\/01\/HEAVEN.png","contentUrl":"https:\/\/hartizanedesign.com\/wp-content\/uploads\/2026\/01\/HEAVEN.png","width":1300,"height":900},{"@type":"BreadcrumbList","@id":"https:\/\/hartizanedesign.com\/producto\/heaven-sofa-de-diseno-organico-con-curvas-envolventes\/#breadcrumb","itemListElement":[{"@type":"ListItem","position":1,"name":"Home","item":"https:\/\/hartizanedesign.com\/"},{"@type":"ListItem","position":2,"name":"Tienda","item":"https:\/\/hartizanedesign.com\/boutique\/"},{"@type":"ListItem","position":3,"name":"HEAVEN ( Sof\u00e1 de dise\u00f1o org\u00e1nico con curvas envolventes )"}]},{"@type":"WebSite","@id":"https:\/\/hartizanedesign.com\/#website","url":"https:\/\/hartizanedesign.com\/","name":"hartizanedesign.com","description":"","publisher":{"@id":"https:\/\/hartizanedesign.com\/#organization"},"potentialAction":[{"@type":"SearchAction","target":{"@type":"EntryPoint","urlTemplate":"https:\/\/hartizanedesign.com\/?s={search_term_string}"},"query-input":{"@type":"PropertyValueSpecification","valueRequired":true,"valueName":"search_term_string"}}],"inLanguage":"fr-FR"},{"@type":"Organization","@id":"https:\/\/hartizanedesign.com\/#organization","name":"hartizanedesign.com","url":"https:\/\/hartizanedesign.com\/","logo":{"@type":"ImageObject","inLanguage":"fr-FR","@id":"https:\/\/hartizanedesign.com\/#\/schema\/logo\/image\/","url":"https:\/\/hartizanedesign.com\/wp-content\/uploads\/2025\/10\/Logo-commander2_Hartizane_Noire.svg.svg","contentUrl":"https:\/\/hartizanedesign.com\/wp-content\/uploads\/2025\/10\/Logo-commander2_Hartizane_Noire.svg.svg","width":209,"height":62,"caption":"hartizanedesign.com"},"image":{"@id":"https:\/\/hartizanedesign.com\/#\/schema\/logo\/image\/"}}]}},"_links":{"self":[{"href":"https:\/\/hartizanedesign.com\/fr\/wp-json\/wp\/v2\/product\/4131","targetHints":{"allow":["GET"]}}],"collection":[{"href":"https:\/\/hartizanedesign.com\/fr\/wp-json\/wp\/v2\/product"}],"about":[{"href":"https:\/\/hartizanedesign.com\/fr\/wp-json\/wp\/v2\/types\/product"}],"version-history":[{"count":2,"href":"https:\/\/hartizanedesign.com\/fr\/wp-json\/wp\/v2\/product\/4131\/revisions"}],"predecessor-version":[{"id":4699,"href":"https:\/\/hartizanedesign.com\/fr\/wp-json\/wp\/v2\/product\/4131\/revisions\/4699"}],"wp:featuredmedia":[{"embeddable":true,"href":"https:\/\/hartizanedesign.com\/fr\/wp-json\/wp\/v2\/media\/4135"}],"wp:attachment":[{"href":"https:\/\/hartizanedesign.com\/fr\/wp-json\/wp\/v2\/media?parent=4131"}],"wp:term":[{"taxonomy":"product_brand","embeddable":true,"href":"https:\/\/hartizanedesign.com\/fr\/wp-json\/wp\/v2\/product_brand?post=4131"},{"taxonomy":"product_cat","embeddable":true,"href":"https:\/\/hartizanedesign.com\/fr\/wp-json\/wp\/v2\/product_cat?post=4131"},{"taxonomy":"product_tag","embeddable":true,"href":"https:\/\/hartizanedesign.com\/fr\/wp-json\/wp\/v2\/product_tag?post=4131"}],"curies":[{"name":"wp","href":"https:\/\/api.w.org\/{rel}","templated":true}]}}