{"id":4137,"date":"2026-01-20T00:00:10","date_gmt":"2026-01-19T23:00:10","guid":{"rendered":"https:\/\/hartizanedesign.com\/?post_type=product&#038;p=4137"},"modified":"2026-02-16T12:38:32","modified_gmt":"2026-02-16T12:38:32","slug":"verity-sofa-canape-con-elegancia-contemporanea-y-proporciones-equilibradas","status":"publish","type":"product","link":"https:\/\/hartizanedesign.com\/fr\/produit\/verity-canape-baldaquin-a-lelegance-contemporaine-et-aux-proportions-equilibrees\/","title":{"rendered":"VERITY (canap\u00e9\/baldaquin \u00e0 l'\u00e9l\u00e9gance contemporaine et aux proportions \u00e9quilibr\u00e9es)"},"content":{"rendered":"","protected":false},"excerpt":{"rendered":"<p>Ce canap\u00e9 se distingue par son design contemporain et sa grande polyvalence. Son concept modulaire permet de multiples configurations selon l\u2019espace et le style de vie : canap\u00e9 droit, salon en L, composition 4 places ou m\u00eame fauteuil ind\u00e9pendant, offrant ainsi une solution flexible et \u00e9l\u00e9gante pour tout int\u00e9rieur.<\/p>\n<p>Son assise, large et confortable, int\u00e8gre une mousse haute densit\u00e9 qui assure un soutien optimal et une sensation enveloppante, tout en conservant sa forme et son confort au fil du temps. Son bois r\u00e9sistant conserve son int\u00e9grit\u00e9 au fil des ann\u00e9es, apportant une base solide et fiable. Sa mousse premium HR \u00e0 haute capacit\u00e9 de r\u00e9cup\u00e9ration garantit une assise plus confortable, en pr\u00e9servant stabilit\u00e9 et bien-\u00eatre m\u00eame en usage prolong\u00e9.<\/p>\n<p>Son rev\u00eatement de haute qualit\u00e9, doux au toucher et visuellement raffin\u00e9, met en valeur les lignes \u00e9pur\u00e9es et les volumes \u00e9quilibr\u00e9s du canap\u00e9.<\/p>\n<ul>\n<li style=\"font-weight: 400;\" aria-level=\"1\"><span style=\"font-weight: 400;\">Dimensions:<\/span><span style=\"font-weight: 400;\"> 305cm\u00a0 \/ 240 cm <\/span><\/li>\n<\/ul>","protected":false},"featured_media":4141,"template":"","meta":[],"product_brand":[],"product_cat":[239],"product_tag":[],"class_list":{"0":"post-4137","1":"product","2":"type-product","3":"status-publish","4":"has-post-thumbnail","6":"product_cat-canape","8":"first","9":"instock","10":"sale","11":"taxable","12":"shipping-taxable","13":"purchasable","14":"product-type-simple"},"yoast_head":"<!-- This site is optimized with the Yoast SEO plugin v27.4 - https:\/\/yoast.com\/product\/yoast-seo-wordpress\/ -->\n<title>VERITY ( sof\u00e1\/ canap\u00e9 con elegancia contempor\u00e1nea y proporciones equilibradas ) - hartizanedesign.com<\/title>\n<meta name=\"robots\" content=\"index, follow, max-snippet:-1, max-image-preview:large, max-video-preview:-1\" \/>\n<link rel=\"canonical\" href=\"https:\/\/hartizanedesign.com\/fr\/produit\/verity-canape-baldaquin-a-lelegance-contemporaine-et-aux-proportions-equilibrees\/\" \/>\n<meta property=\"og:locale\" content=\"fr_FR\" \/>\n<meta property=\"og:type\" content=\"article\" \/>\n<meta property=\"og:title\" content=\"VERITY ( sof\u00e1\/ canap\u00e9 con elegancia contempor\u00e1nea y proporciones equilibradas ) - hartizanedesign.com\" \/>\n<meta property=\"og:description\" content=\"Este sof\u00e1 destaca por su dise\u00f1o contempor\u00e1neo y su gran versatilidad. Su concepto modular permite m\u00faltiples configuraciones seg\u00fan el espacio y el estilo de vida: sof\u00e1 recto, sal\u00f3n en L, composici\u00f3n de 4 plazas o incluso butaca independiente, ofreciendo una soluci\u00f3n flexible y elegante para cualquier interior.  La sentada, amplia y confortable, incorpora espuma de alta densidad que proporciona un soporte \u00f3ptimo y una sensaci\u00f3n envolvente, manteniendo su forma y confort a lo largo del tiempo. Su madera resistente conserva su integridad a lo largo del tiempo, aportando una base s\u00f3lida y de gran fiabilidad. La espuma premium HR de alta recuperaci\u00f3n garantiza un asiento m\u00e1s c\u00f3modo, preservando la estabilidad y el bienestar con el uso.  El tapizado de alta calidad, suave al tacto y visualmente refinado, realza las l\u00edneas limpias y los vol\u00famenes equilibrados del sof\u00e1.   Dimensiones: 305cm\u00a0 \/ 240 cm\" \/>\n<meta property=\"og:url\" content=\"https:\/\/hartizanedesign.com\/fr\/produit\/verity-canape-baldaquin-a-lelegance-contemporaine-et-aux-proportions-equilibrees\/\" \/>\n<meta property=\"og:site_name\" content=\"hartizanedesign.com\" \/>\n<meta property=\"article:modified_time\" content=\"2026-02-16T12:38:32+00:00\" \/>\n<meta property=\"og:image\" content=\"https:\/\/hartizanedesign.com\/wp-content\/uploads\/2026\/01\/VERITY2.png\" \/>\n\t<meta property=\"og:image:width\" content=\"1300\" \/>\n\t<meta property=\"og:image:height\" content=\"900\" \/>\n\t<meta property=\"og:image:type\" content=\"image\/png\" \/>\n<meta name=\"twitter:card\" content=\"summary_large_image\" \/>\n<meta name=\"twitter:label1\" content=\"Dur\u00e9e de lecture estim\u00e9e\" \/>\n\t<meta name=\"twitter:data1\" content=\"1 minute\" \/>\n<script type=\"application\/ld+json\" class=\"yoast-schema-graph\">{\"@context\":\"https:\\\/\\\/schema.org\",\"@graph\":[{\"@type\":\"WebPage\",\"@id\":\"https:\\\/\\\/hartizanedesign.com\\\/producto\\\/verity-sofa-canape-con-elegancia-contemporanea-y-proporciones-equilibradas\\\/\",\"url\":\"https:\\\/\\\/hartizanedesign.com\\\/producto\\\/verity-sofa-canape-con-elegancia-contemporanea-y-proporciones-equilibradas\\\/\",\"name\":\"VERITY ( sof\u00e1\\\/ canap\u00e9 con elegancia contempor\u00e1nea y proporciones equilibradas ) - hartizanedesign.com\",\"isPartOf\":{\"@id\":\"https:\\\/\\\/hartizanedesign.com\\\/#website\"},\"primaryImageOfPage\":{\"@id\":\"https:\\\/\\\/hartizanedesign.com\\\/producto\\\/verity-sofa-canape-con-elegancia-contemporanea-y-proporciones-equilibradas\\\/#primaryimage\"},\"image\":{\"@id\":\"https:\\\/\\\/hartizanedesign.com\\\/producto\\\/verity-sofa-canape-con-elegancia-contemporanea-y-proporciones-equilibradas\\\/#primaryimage\"},\"thumbnailUrl\":\"https:\\\/\\\/hartizanedesign.com\\\/wp-content\\\/uploads\\\/2026\\\/01\\\/VERITY2.png\",\"datePublished\":\"2026-01-19T23:00:10+00:00\",\"dateModified\":\"2026-02-16T12:38:32+00:00\",\"breadcrumb\":{\"@id\":\"https:\\\/\\\/hartizanedesign.com\\\/producto\\\/verity-sofa-canape-con-elegancia-contemporanea-y-proporciones-equilibradas\\\/#breadcrumb\"},\"inLanguage\":\"fr-FR\",\"potentialAction\":[{\"@type\":\"ReadAction\",\"target\":[\"https:\\\/\\\/hartizanedesign.com\\\/producto\\\/verity-sofa-canape-con-elegancia-contemporanea-y-proporciones-equilibradas\\\/\"]}]},{\"@type\":\"ImageObject\",\"inLanguage\":\"fr-FR\",\"@id\":\"https:\\\/\\\/hartizanedesign.com\\\/producto\\\/verity-sofa-canape-con-elegancia-contemporanea-y-proporciones-equilibradas\\\/#primaryimage\",\"url\":\"https:\\\/\\\/hartizanedesign.com\\\/wp-content\\\/uploads\\\/2026\\\/01\\\/VERITY2.png\",\"contentUrl\":\"https:\\\/\\\/hartizanedesign.com\\\/wp-content\\\/uploads\\\/2026\\\/01\\\/VERITY2.png\",\"width\":1300,\"height\":900},{\"@type\":\"BreadcrumbList\",\"@id\":\"https:\\\/\\\/hartizanedesign.com\\\/producto\\\/verity-sofa-canape-con-elegancia-contemporanea-y-proporciones-equilibradas\\\/#breadcrumb\",\"itemListElement\":[{\"@type\":\"ListItem\",\"position\":1,\"name\":\"Home\",\"item\":\"https:\\\/\\\/hartizanedesign.com\\\/\"},{\"@type\":\"ListItem\",\"position\":2,\"name\":\"Tienda\",\"item\":\"https:\\\/\\\/hartizanedesign.com\\\/boutique\\\/\"},{\"@type\":\"ListItem\",\"position\":3,\"name\":\"VERITY ( sof\u00e1\\\/ canap\u00e9 con elegancia contempor\u00e1nea y proporciones equilibradas )\"}]},{\"@type\":\"WebSite\",\"@id\":\"https:\\\/\\\/hartizanedesign.com\\\/#website\",\"url\":\"https:\\\/\\\/hartizanedesign.com\\\/\",\"name\":\"hartizanedesign.com\",\"description\":\"\",\"publisher\":{\"@id\":\"https:\\\/\\\/hartizanedesign.com\\\/#organization\"},\"potentialAction\":[{\"@type\":\"SearchAction\",\"target\":{\"@type\":\"EntryPoint\",\"urlTemplate\":\"https:\\\/\\\/hartizanedesign.com\\\/?s={search_term_string}\"},\"query-input\":{\"@type\":\"PropertyValueSpecification\",\"valueRequired\":true,\"valueName\":\"search_term_string\"}}],\"inLanguage\":\"fr-FR\"},{\"@type\":\"Organization\",\"@id\":\"https:\\\/\\\/hartizanedesign.com\\\/#organization\",\"name\":\"hartizanedesign.com\",\"url\":\"https:\\\/\\\/hartizanedesign.com\\\/\",\"logo\":{\"@type\":\"ImageObject\",\"inLanguage\":\"fr-FR\",\"@id\":\"https:\\\/\\\/hartizanedesign.com\\\/#\\\/schema\\\/logo\\\/image\\\/\",\"url\":\"https:\\\/\\\/hartizanedesign.com\\\/wp-content\\\/uploads\\\/2025\\\/10\\\/Logo-commander2_Hartizane_Noire.svg.svg\",\"contentUrl\":\"https:\\\/\\\/hartizanedesign.com\\\/wp-content\\\/uploads\\\/2025\\\/10\\\/Logo-commander2_Hartizane_Noire.svg.svg\",\"width\":209,\"height\":62,\"caption\":\"hartizanedesign.com\"},\"image\":{\"@id\":\"https:\\\/\\\/hartizanedesign.com\\\/#\\\/schema\\\/logo\\\/image\\\/\"}}]}<\/script>\n<!-- \/ Yoast SEO plugin. -->","yoast_head_json":{"title":"VERITY ( sof\u00e1\/ canap\u00e9 con elegancia contempor\u00e1nea y proporciones equilibradas ) - hartizanedesign.com","robots":{"index":"index","follow":"follow","max-snippet":"max-snippet:-1","max-image-preview":"max-image-preview:large","max-video-preview":"max-video-preview:-1"},"canonical":"https:\/\/hartizanedesign.com\/fr\/produit\/verity-canape-baldaquin-a-lelegance-contemporaine-et-aux-proportions-equilibrees\/","og_locale":"fr_FR","og_type":"article","og_title":"VERITY ( sof\u00e1\/ canap\u00e9 con elegancia contempor\u00e1nea y proporciones equilibradas ) - hartizanedesign.com","og_description":"Este sof\u00e1 destaca por su dise\u00f1o contempor\u00e1neo y su gran versatilidad. Su concepto modular permite m\u00faltiples configuraciones seg\u00fan el espacio y el estilo de vida: sof\u00e1 recto, sal\u00f3n en L, composici\u00f3n de 4 plazas o incluso butaca independiente, ofreciendo una soluci\u00f3n flexible y elegante para cualquier interior.  La sentada, amplia y confortable, incorpora espuma de alta densidad que proporciona un soporte \u00f3ptimo y una sensaci\u00f3n envolvente, manteniendo su forma y confort a lo largo del tiempo. Su madera resistente conserva su integridad a lo largo del tiempo, aportando una base s\u00f3lida y de gran fiabilidad. La espuma premium HR de alta recuperaci\u00f3n garantiza un asiento m\u00e1s c\u00f3modo, preservando la estabilidad y el bienestar con el uso.  El tapizado de alta calidad, suave al tacto y visualmente refinado, realza las l\u00edneas limpias y los vol\u00famenes equilibrados del sof\u00e1.   Dimensiones: 305cm\u00a0 \/ 240 cm","og_url":"https:\/\/hartizanedesign.com\/fr\/produit\/verity-canape-baldaquin-a-lelegance-contemporaine-et-aux-proportions-equilibrees\/","og_site_name":"hartizanedesign.com","article_modified_time":"2026-02-16T12:38:32+00:00","og_image":[{"width":1300,"height":900,"url":"https:\/\/hartizanedesign.com\/wp-content\/uploads\/2026\/01\/VERITY2.png","type":"image\/png"}],"twitter_card":"summary_large_image","twitter_misc":{"Dur\u00e9e de lecture estim\u00e9e":"1 minute"},"schema":{"@context":"https:\/\/schema.org","@graph":[{"@type":"WebPage","@id":"https:\/\/hartizanedesign.com\/producto\/verity-sofa-canape-con-elegancia-contemporanea-y-proporciones-equilibradas\/","url":"https:\/\/hartizanedesign.com\/producto\/verity-sofa-canape-con-elegancia-contemporanea-y-proporciones-equilibradas\/","name":"VERITY ( sof\u00e1\/ canap\u00e9 con elegancia contempor\u00e1nea y proporciones equilibradas ) - hartizanedesign.com","isPartOf":{"@id":"https:\/\/hartizanedesign.com\/#website"},"primaryImageOfPage":{"@id":"https:\/\/hartizanedesign.com\/producto\/verity-sofa-canape-con-elegancia-contemporanea-y-proporciones-equilibradas\/#primaryimage"},"image":{"@id":"https:\/\/hartizanedesign.com\/producto\/verity-sofa-canape-con-elegancia-contemporanea-y-proporciones-equilibradas\/#primaryimage"},"thumbnailUrl":"https:\/\/hartizanedesign.com\/wp-content\/uploads\/2026\/01\/VERITY2.png","datePublished":"2026-01-19T23:00:10+00:00","dateModified":"2026-02-16T12:38:32+00:00","breadcrumb":{"@id":"https:\/\/hartizanedesign.com\/producto\/verity-sofa-canape-con-elegancia-contemporanea-y-proporciones-equilibradas\/#breadcrumb"},"inLanguage":"fr-FR","potentialAction":[{"@type":"ReadAction","target":["https:\/\/hartizanedesign.com\/producto\/verity-sofa-canape-con-elegancia-contemporanea-y-proporciones-equilibradas\/"]}]},{"@type":"ImageObject","inLanguage":"fr-FR","@id":"https:\/\/hartizanedesign.com\/producto\/verity-sofa-canape-con-elegancia-contemporanea-y-proporciones-equilibradas\/#primaryimage","url":"https:\/\/hartizanedesign.com\/wp-content\/uploads\/2026\/01\/VERITY2.png","contentUrl":"https:\/\/hartizanedesign.com\/wp-content\/uploads\/2026\/01\/VERITY2.png","width":1300,"height":900},{"@type":"BreadcrumbList","@id":"https:\/\/hartizanedesign.com\/producto\/verity-sofa-canape-con-elegancia-contemporanea-y-proporciones-equilibradas\/#breadcrumb","itemListElement":[{"@type":"ListItem","position":1,"name":"Home","item":"https:\/\/hartizanedesign.com\/"},{"@type":"ListItem","position":2,"name":"Tienda","item":"https:\/\/hartizanedesign.com\/boutique\/"},{"@type":"ListItem","position":3,"name":"VERITY ( sof\u00e1\/ canap\u00e9 con elegancia contempor\u00e1nea y proporciones equilibradas )"}]},{"@type":"WebSite","@id":"https:\/\/hartizanedesign.com\/#website","url":"https:\/\/hartizanedesign.com\/","name":"hartizanedesign.com","description":"","publisher":{"@id":"https:\/\/hartizanedesign.com\/#organization"},"potentialAction":[{"@type":"SearchAction","target":{"@type":"EntryPoint","urlTemplate":"https:\/\/hartizanedesign.com\/?s={search_term_string}"},"query-input":{"@type":"PropertyValueSpecification","valueRequired":true,"valueName":"search_term_string"}}],"inLanguage":"fr-FR"},{"@type":"Organization","@id":"https:\/\/hartizanedesign.com\/#organization","name":"hartizanedesign.com","url":"https:\/\/hartizanedesign.com\/","logo":{"@type":"ImageObject","inLanguage":"fr-FR","@id":"https:\/\/hartizanedesign.com\/#\/schema\/logo\/image\/","url":"https:\/\/hartizanedesign.com\/wp-content\/uploads\/2025\/10\/Logo-commander2_Hartizane_Noire.svg.svg","contentUrl":"https:\/\/hartizanedesign.com\/wp-content\/uploads\/2025\/10\/Logo-commander2_Hartizane_Noire.svg.svg","width":209,"height":62,"caption":"hartizanedesign.com"},"image":{"@id":"https:\/\/hartizanedesign.com\/#\/schema\/logo\/image\/"}}]}},"_links":{"self":[{"href":"https:\/\/hartizanedesign.com\/fr\/wp-json\/wp\/v2\/product\/4137","targetHints":{"allow":["GET"]}}],"collection":[{"href":"https:\/\/hartizanedesign.com\/fr\/wp-json\/wp\/v2\/product"}],"about":[{"href":"https:\/\/hartizanedesign.com\/fr\/wp-json\/wp\/v2\/types\/product"}],"version-history":[{"count":2,"href":"https:\/\/hartizanedesign.com\/fr\/wp-json\/wp\/v2\/product\/4137\/revisions"}],"predecessor-version":[{"id":4700,"href":"https:\/\/hartizanedesign.com\/fr\/wp-json\/wp\/v2\/product\/4137\/revisions\/4700"}],"wp:featuredmedia":[{"embeddable":true,"href":"https:\/\/hartizanedesign.com\/fr\/wp-json\/wp\/v2\/media\/4141"}],"wp:attachment":[{"href":"https:\/\/hartizanedesign.com\/fr\/wp-json\/wp\/v2\/media?parent=4137"}],"wp:term":[{"taxonomy":"product_brand","embeddable":true,"href":"https:\/\/hartizanedesign.com\/fr\/wp-json\/wp\/v2\/product_brand?post=4137"},{"taxonomy":"product_cat","embeddable":true,"href":"https:\/\/hartizanedesign.com\/fr\/wp-json\/wp\/v2\/product_cat?post=4137"},{"taxonomy":"product_tag","embeddable":true,"href":"https:\/\/hartizanedesign.com\/fr\/wp-json\/wp\/v2\/product_tag?post=4137"}],"curies":[{"name":"wp","href":"https:\/\/api.w.org\/{rel}","templated":true}]}}