{"id":4147,"date":"2026-01-20T00:04:23","date_gmt":"2026-01-19T23:04:23","guid":{"rendered":"https:\/\/hartizanedesign.com\/?post_type=product&#038;p=4147"},"modified":"2026-02-16T12:39:11","modified_gmt":"2026-02-16T12:39:11","slug":"novia-sofa-con-curvas-fluidas-y-serenidad-contemporanea","status":"publish","type":"product","link":"https:\/\/hartizanedesign.com\/fr\/produit\/novia-canape-aux-courbes-fluides-et-a-la-serenite-contemporaine\/","title":{"rendered":"NOVIA (canap\u00e9 aux courbes fluides et \u00e0 la s\u00e9r\u00e9nit\u00e9 contemporaine)"},"content":{"rendered":"","protected":false},"excerpt":{"rendered":"<p>Ce canap\u00e9 invite \u00e0 ralentir. Sa pr\u00e9sence sereine et ses lignes douces instaurent imm\u00e9diatement une atmosph\u00e8re de calme, comme une pause au c\u0153ur de l\u2019espace. Ses courbes continues adoucissent le regard et transmettent une sensation d\u2019harmonie naturelle.<\/p>\n<p>Son rev\u00eatement premium r\u00e9v\u00e8le une texture subtile et chaleureuse, tandis que son int\u00e9rieur est compos\u00e9 de mousses haute densit\u00e9 soigneusement d\u00e9velopp\u00e9es pour offrir un accueil confortable et une excellente durabilit\u00e9. Sa mousse HR haute densit\u00e9 am\u00e9liore le confort de l\u2019assise, garantissant un soutien stable et durable. Son bois de haut standard, \u00e0 la long\u00e9vit\u00e9 garantie, apporte une excellente stabilit\u00e9 et une qualit\u00e9 structurelle sup\u00e9rieure.<\/p>\n<p>Une pi\u00e8ce pens\u00e9e pour accompagner les moments de d\u00e9tente avec \u00e9l\u00e9gance, o\u00f9 le confort se per\u00e7oit de mani\u00e8re discr\u00e8te mais intens\u00e9ment enveloppante.<\/p>\n<ul>\n<li style=\"font-weight: 400;\" aria-level=\"1\"><span style=\"font-weight: 400;\">Dimensions:<\/span><span style=\"font-weight: 400;\">\u00a0220 cm <\/span><\/li>\n<\/ul>","protected":false},"featured_media":4148,"template":"","meta":[],"product_brand":[],"product_cat":[239],"product_tag":[],"class_list":{"0":"post-4147","1":"product","2":"type-product","3":"status-publish","4":"has-post-thumbnail","6":"product_cat-canape","8":"first","9":"instock","10":"sale","11":"taxable","12":"shipping-taxable","13":"purchasable","14":"product-type-simple"},"yoast_head":"<!-- This site is optimized with the Yoast SEO plugin v27.4 - https:\/\/yoast.com\/product\/yoast-seo-wordpress\/ -->\n<title>NOVIA ( sof\u00e1 con curvas fluidas y serenidad contempor\u00e1nea) - hartizanedesign.com<\/title>\n<meta name=\"robots\" content=\"index, follow, max-snippet:-1, max-image-preview:large, max-video-preview:-1\" \/>\n<link rel=\"canonical\" href=\"https:\/\/hartizanedesign.com\/fr\/produit\/novia-canape-aux-courbes-fluides-et-a-la-serenite-contemporaine\/\" \/>\n<meta property=\"og:locale\" content=\"fr_FR\" \/>\n<meta property=\"og:type\" content=\"article\" \/>\n<meta property=\"og:title\" content=\"NOVIA ( sof\u00e1 con curvas fluidas y serenidad contempor\u00e1nea) - hartizanedesign.com\" \/>\n<meta property=\"og:description\" content=\"Este sof\u00e1 invita a bajar el ritmo. Su presencia serena y sus l\u00edneas suaves crean de inmediato una atm\u00f3sfera de calma, como una pausa dentro del espacio. Las curvas continuas suavizan la mirada y transmiten una sensaci\u00f3n de armon\u00eda natural.  El tapizado premium revela una textura sutil y acogedora, mientras que el interior est\u00e1 compuesto por espumas de alta densidad cuidadosamente desarrolladas para ofrecer una acogida confortable y una excelente durabilidad. La espuma HR de gran densidad mejora el confort del asiento, garantizando un soporte estable y prolongado. Su madera de alto est\u00e1ndar con larga durabilidad garantizada aporta una estabilidad s\u00f3lida y una calidad estructural superior.  Una pieza pensada para acompa\u00f1ar los momentos de descanso con elegancia, donde el confort se percibe de forma discreta pero profundamente envolvente.   Dimensiones:\u00a0220 cm\" \/>\n<meta property=\"og:url\" content=\"https:\/\/hartizanedesign.com\/fr\/produit\/novia-canape-aux-courbes-fluides-et-a-la-serenite-contemporaine\/\" \/>\n<meta property=\"og:site_name\" content=\"hartizanedesign.com\" \/>\n<meta property=\"article:modified_time\" content=\"2026-02-16T12:39:11+00:00\" \/>\n<meta property=\"og:image\" content=\"https:\/\/hartizanedesign.com\/wp-content\/uploads\/2026\/01\/NOVIA.png\" \/>\n\t<meta property=\"og:image:width\" content=\"1300\" \/>\n\t<meta property=\"og:image:height\" content=\"900\" \/>\n\t<meta property=\"og:image:type\" content=\"image\/png\" \/>\n<meta name=\"twitter:card\" content=\"summary_large_image\" \/>\n<meta name=\"twitter:label1\" content=\"Dur\u00e9e de lecture estim\u00e9e\" \/>\n\t<meta name=\"twitter:data1\" content=\"1 minute\" \/>\n<script type=\"application\/ld+json\" class=\"yoast-schema-graph\">{\"@context\":\"https:\\\/\\\/schema.org\",\"@graph\":[{\"@type\":\"WebPage\",\"@id\":\"https:\\\/\\\/hartizanedesign.com\\\/producto\\\/novia-sofa-con-curvas-fluidas-y-serenidad-contemporanea\\\/\",\"url\":\"https:\\\/\\\/hartizanedesign.com\\\/producto\\\/novia-sofa-con-curvas-fluidas-y-serenidad-contemporanea\\\/\",\"name\":\"NOVIA ( sof\u00e1 con curvas fluidas y serenidad contempor\u00e1nea) - hartizanedesign.com\",\"isPartOf\":{\"@id\":\"https:\\\/\\\/hartizanedesign.com\\\/#website\"},\"primaryImageOfPage\":{\"@id\":\"https:\\\/\\\/hartizanedesign.com\\\/producto\\\/novia-sofa-con-curvas-fluidas-y-serenidad-contemporanea\\\/#primaryimage\"},\"image\":{\"@id\":\"https:\\\/\\\/hartizanedesign.com\\\/producto\\\/novia-sofa-con-curvas-fluidas-y-serenidad-contemporanea\\\/#primaryimage\"},\"thumbnailUrl\":\"https:\\\/\\\/hartizanedesign.com\\\/wp-content\\\/uploads\\\/2026\\\/01\\\/NOVIA.png\",\"datePublished\":\"2026-01-19T23:04:23+00:00\",\"dateModified\":\"2026-02-16T12:39:11+00:00\",\"breadcrumb\":{\"@id\":\"https:\\\/\\\/hartizanedesign.com\\\/producto\\\/novia-sofa-con-curvas-fluidas-y-serenidad-contemporanea\\\/#breadcrumb\"},\"inLanguage\":\"fr-FR\",\"potentialAction\":[{\"@type\":\"ReadAction\",\"target\":[\"https:\\\/\\\/hartizanedesign.com\\\/producto\\\/novia-sofa-con-curvas-fluidas-y-serenidad-contemporanea\\\/\"]}]},{\"@type\":\"ImageObject\",\"inLanguage\":\"fr-FR\",\"@id\":\"https:\\\/\\\/hartizanedesign.com\\\/producto\\\/novia-sofa-con-curvas-fluidas-y-serenidad-contemporanea\\\/#primaryimage\",\"url\":\"https:\\\/\\\/hartizanedesign.com\\\/wp-content\\\/uploads\\\/2026\\\/01\\\/NOVIA.png\",\"contentUrl\":\"https:\\\/\\\/hartizanedesign.com\\\/wp-content\\\/uploads\\\/2026\\\/01\\\/NOVIA.png\",\"width\":1300,\"height\":900},{\"@type\":\"BreadcrumbList\",\"@id\":\"https:\\\/\\\/hartizanedesign.com\\\/producto\\\/novia-sofa-con-curvas-fluidas-y-serenidad-contemporanea\\\/#breadcrumb\",\"itemListElement\":[{\"@type\":\"ListItem\",\"position\":1,\"name\":\"Home\",\"item\":\"https:\\\/\\\/hartizanedesign.com\\\/\"},{\"@type\":\"ListItem\",\"position\":2,\"name\":\"Tienda\",\"item\":\"https:\\\/\\\/hartizanedesign.com\\\/boutique\\\/\"},{\"@type\":\"ListItem\",\"position\":3,\"name\":\"NOVIA ( sof\u00e1 con curvas fluidas y serenidad contempor\u00e1nea)\"}]},{\"@type\":\"WebSite\",\"@id\":\"https:\\\/\\\/hartizanedesign.com\\\/#website\",\"url\":\"https:\\\/\\\/hartizanedesign.com\\\/\",\"name\":\"hartizanedesign.com\",\"description\":\"\",\"publisher\":{\"@id\":\"https:\\\/\\\/hartizanedesign.com\\\/#organization\"},\"potentialAction\":[{\"@type\":\"SearchAction\",\"target\":{\"@type\":\"EntryPoint\",\"urlTemplate\":\"https:\\\/\\\/hartizanedesign.com\\\/?s={search_term_string}\"},\"query-input\":{\"@type\":\"PropertyValueSpecification\",\"valueRequired\":true,\"valueName\":\"search_term_string\"}}],\"inLanguage\":\"fr-FR\"},{\"@type\":\"Organization\",\"@id\":\"https:\\\/\\\/hartizanedesign.com\\\/#organization\",\"name\":\"hartizanedesign.com\",\"url\":\"https:\\\/\\\/hartizanedesign.com\\\/\",\"logo\":{\"@type\":\"ImageObject\",\"inLanguage\":\"fr-FR\",\"@id\":\"https:\\\/\\\/hartizanedesign.com\\\/#\\\/schema\\\/logo\\\/image\\\/\",\"url\":\"https:\\\/\\\/hartizanedesign.com\\\/wp-content\\\/uploads\\\/2025\\\/10\\\/Logo-commander2_Hartizane_Noire.svg.svg\",\"contentUrl\":\"https:\\\/\\\/hartizanedesign.com\\\/wp-content\\\/uploads\\\/2025\\\/10\\\/Logo-commander2_Hartizane_Noire.svg.svg\",\"width\":209,\"height\":62,\"caption\":\"hartizanedesign.com\"},\"image\":{\"@id\":\"https:\\\/\\\/hartizanedesign.com\\\/#\\\/schema\\\/logo\\\/image\\\/\"}}]}<\/script>\n<!-- \/ Yoast SEO plugin. -->","yoast_head_json":{"title":"NOVIA ( sof\u00e1 con curvas fluidas y serenidad contempor\u00e1nea) - hartizanedesign.com","robots":{"index":"index","follow":"follow","max-snippet":"max-snippet:-1","max-image-preview":"max-image-preview:large","max-video-preview":"max-video-preview:-1"},"canonical":"https:\/\/hartizanedesign.com\/fr\/produit\/novia-canape-aux-courbes-fluides-et-a-la-serenite-contemporaine\/","og_locale":"fr_FR","og_type":"article","og_title":"NOVIA ( sof\u00e1 con curvas fluidas y serenidad contempor\u00e1nea) - hartizanedesign.com","og_description":"Este sof\u00e1 invita a bajar el ritmo. Su presencia serena y sus l\u00edneas suaves crean de inmediato una atm\u00f3sfera de calma, como una pausa dentro del espacio. Las curvas continuas suavizan la mirada y transmiten una sensaci\u00f3n de armon\u00eda natural.  El tapizado premium revela una textura sutil y acogedora, mientras que el interior est\u00e1 compuesto por espumas de alta densidad cuidadosamente desarrolladas para ofrecer una acogida confortable y una excelente durabilidad. La espuma HR de gran densidad mejora el confort del asiento, garantizando un soporte estable y prolongado. Su madera de alto est\u00e1ndar con larga durabilidad garantizada aporta una estabilidad s\u00f3lida y una calidad estructural superior.  Una pieza pensada para acompa\u00f1ar los momentos de descanso con elegancia, donde el confort se percibe de forma discreta pero profundamente envolvente.   Dimensiones:\u00a0220 cm","og_url":"https:\/\/hartizanedesign.com\/fr\/produit\/novia-canape-aux-courbes-fluides-et-a-la-serenite-contemporaine\/","og_site_name":"hartizanedesign.com","article_modified_time":"2026-02-16T12:39:11+00:00","og_image":[{"width":1300,"height":900,"url":"https:\/\/hartizanedesign.com\/wp-content\/uploads\/2026\/01\/NOVIA.png","type":"image\/png"}],"twitter_card":"summary_large_image","twitter_misc":{"Dur\u00e9e de lecture estim\u00e9e":"1 minute"},"schema":{"@context":"https:\/\/schema.org","@graph":[{"@type":"WebPage","@id":"https:\/\/hartizanedesign.com\/producto\/novia-sofa-con-curvas-fluidas-y-serenidad-contemporanea\/","url":"https:\/\/hartizanedesign.com\/producto\/novia-sofa-con-curvas-fluidas-y-serenidad-contemporanea\/","name":"NOVIA ( sof\u00e1 con curvas fluidas y serenidad contempor\u00e1nea) - hartizanedesign.com","isPartOf":{"@id":"https:\/\/hartizanedesign.com\/#website"},"primaryImageOfPage":{"@id":"https:\/\/hartizanedesign.com\/producto\/novia-sofa-con-curvas-fluidas-y-serenidad-contemporanea\/#primaryimage"},"image":{"@id":"https:\/\/hartizanedesign.com\/producto\/novia-sofa-con-curvas-fluidas-y-serenidad-contemporanea\/#primaryimage"},"thumbnailUrl":"https:\/\/hartizanedesign.com\/wp-content\/uploads\/2026\/01\/NOVIA.png","datePublished":"2026-01-19T23:04:23+00:00","dateModified":"2026-02-16T12:39:11+00:00","breadcrumb":{"@id":"https:\/\/hartizanedesign.com\/producto\/novia-sofa-con-curvas-fluidas-y-serenidad-contemporanea\/#breadcrumb"},"inLanguage":"fr-FR","potentialAction":[{"@type":"ReadAction","target":["https:\/\/hartizanedesign.com\/producto\/novia-sofa-con-curvas-fluidas-y-serenidad-contemporanea\/"]}]},{"@type":"ImageObject","inLanguage":"fr-FR","@id":"https:\/\/hartizanedesign.com\/producto\/novia-sofa-con-curvas-fluidas-y-serenidad-contemporanea\/#primaryimage","url":"https:\/\/hartizanedesign.com\/wp-content\/uploads\/2026\/01\/NOVIA.png","contentUrl":"https:\/\/hartizanedesign.com\/wp-content\/uploads\/2026\/01\/NOVIA.png","width":1300,"height":900},{"@type":"BreadcrumbList","@id":"https:\/\/hartizanedesign.com\/producto\/novia-sofa-con-curvas-fluidas-y-serenidad-contemporanea\/#breadcrumb","itemListElement":[{"@type":"ListItem","position":1,"name":"Home","item":"https:\/\/hartizanedesign.com\/"},{"@type":"ListItem","position":2,"name":"Tienda","item":"https:\/\/hartizanedesign.com\/boutique\/"},{"@type":"ListItem","position":3,"name":"NOVIA ( sof\u00e1 con curvas fluidas y serenidad contempor\u00e1nea)"}]},{"@type":"WebSite","@id":"https:\/\/hartizanedesign.com\/#website","url":"https:\/\/hartizanedesign.com\/","name":"hartizanedesign.com","description":"","publisher":{"@id":"https:\/\/hartizanedesign.com\/#organization"},"potentialAction":[{"@type":"SearchAction","target":{"@type":"EntryPoint","urlTemplate":"https:\/\/hartizanedesign.com\/?s={search_term_string}"},"query-input":{"@type":"PropertyValueSpecification","valueRequired":true,"valueName":"search_term_string"}}],"inLanguage":"fr-FR"},{"@type":"Organization","@id":"https:\/\/hartizanedesign.com\/#organization","name":"hartizanedesign.com","url":"https:\/\/hartizanedesign.com\/","logo":{"@type":"ImageObject","inLanguage":"fr-FR","@id":"https:\/\/hartizanedesign.com\/#\/schema\/logo\/image\/","url":"https:\/\/hartizanedesign.com\/wp-content\/uploads\/2025\/10\/Logo-commander2_Hartizane_Noire.svg.svg","contentUrl":"https:\/\/hartizanedesign.com\/wp-content\/uploads\/2025\/10\/Logo-commander2_Hartizane_Noire.svg.svg","width":209,"height":62,"caption":"hartizanedesign.com"},"image":{"@id":"https:\/\/hartizanedesign.com\/#\/schema\/logo\/image\/"}}]}},"_links":{"self":[{"href":"https:\/\/hartizanedesign.com\/fr\/wp-json\/wp\/v2\/product\/4147","targetHints":{"allow":["GET"]}}],"collection":[{"href":"https:\/\/hartizanedesign.com\/fr\/wp-json\/wp\/v2\/product"}],"about":[{"href":"https:\/\/hartizanedesign.com\/fr\/wp-json\/wp\/v2\/types\/product"}],"version-history":[{"count":2,"href":"https:\/\/hartizanedesign.com\/fr\/wp-json\/wp\/v2\/product\/4147\/revisions"}],"predecessor-version":[{"id":4701,"href":"https:\/\/hartizanedesign.com\/fr\/wp-json\/wp\/v2\/product\/4147\/revisions\/4701"}],"wp:featuredmedia":[{"embeddable":true,"href":"https:\/\/hartizanedesign.com\/fr\/wp-json\/wp\/v2\/media\/4148"}],"wp:attachment":[{"href":"https:\/\/hartizanedesign.com\/fr\/wp-json\/wp\/v2\/media?parent=4147"}],"wp:term":[{"taxonomy":"product_brand","embeddable":true,"href":"https:\/\/hartizanedesign.com\/fr\/wp-json\/wp\/v2\/product_brand?post=4147"},{"taxonomy":"product_cat","embeddable":true,"href":"https:\/\/hartizanedesign.com\/fr\/wp-json\/wp\/v2\/product_cat?post=4147"},{"taxonomy":"product_tag","embeddable":true,"href":"https:\/\/hartizanedesign.com\/fr\/wp-json\/wp\/v2\/product_tag?post=4147"}],"curies":[{"name":"wp","href":"https:\/\/api.w.org\/{rel}","templated":true}]}}