{"id":4153,"date":"2026-01-20T00:07:57","date_gmt":"2026-01-19T23:07:57","guid":{"rendered":"https:\/\/hartizanedesign.com\/?post_type=product&#038;p=4153"},"modified":"2026-02-16T12:39:33","modified_gmt":"2026-02-16T12:39:33","slug":"calm-sillon-con-diseno-organico-y-espuma-premium","status":"publish","type":"product","link":"https:\/\/hartizanedesign.com\/fr\/produit\/calm-fauteuil-au-design-organique-et-mousse-haut-de-gamme\/","title":{"rendered":"CALM (fauteuil au design organique et mousse haut de gamme)"},"content":{"rendered":"","protected":false},"excerpt":{"rendered":"<p><span style=\"font-weight: 400;\">V\u00e9ritable ic\u00f4ne de style, ce fauteuil lounge se distingue par son esth\u00e9tique monolithique et son rev\u00eatement textur\u00e9 haut de gamme. Le choix du tissu boucl\u00e9 blanc apporte une luminosit\u00e9 unique ainsi qu\u2019une dimension tactile luxueuse \u00e0 l\u2019espace. Sa forme \u00e9pur\u00e9e, d\u00e9pourvue d\u2019accoudoirs, souligne un design avant-gardiste qui privil\u00e9gie la puret\u00e9 des volumes et le bien-\u00eatre.<\/span><\/p>\n<p><span style=\"font-weight: 400;\">Su <\/span><b>Son bois premium, con\u00e7u pour conserver sa qualit\u00e9 au fil des ann\u00e9es, renforce la stabilit\u00e9 structurelle et la durabilit\u00e9 de la pi\u00e8ce. Sa mousse HR technique apporte r\u00e9silience et stabilit\u00e9 \u00e0 l\u2019assise, assurant un confort irr\u00e9prochable dans le temps.<\/b><span style=\"font-weight: 400;\">, refuerza la estabilidad estructural y la durabilidad de la pieza. La <\/span><b>espuma HR t\u00e9cnica aporta resiliencia y estabilidad al asiento<\/b><span style=\"font-weight: 400;\">, garantizando un confort impecable con el uso.<\/span><\/p>\n<p><span style=\"font-weight: 400;\">D\u00e9licatement install\u00e9 dans un salon ou une chambre, il devient le point focal d\u2019une d\u00e9coration exigeante o\u00f9 le confort n\u2019est jamais sacrifi\u00e9 au profit de l\u2019excellence esth\u00e9tique.<\/span><\/p>\n<ul>\n<li style=\"font-weight: 400;\" aria-level=\"1\"><span style=\"font-weight: 400;\">Dimensiones<\/span><span style=\"font-weight: 400;\">\u00a0: 105 x 95 <\/span><\/li>\n<\/ul>","protected":false},"featured_media":4154,"template":"","meta":[],"product_brand":[],"product_cat":[239],"product_tag":[],"class_list":{"0":"post-4153","1":"product","2":"type-product","3":"status-publish","4":"has-post-thumbnail","6":"product_cat-canape","8":"first","9":"instock","10":"sale","11":"taxable","12":"shipping-taxable","13":"purchasable","14":"product-type-simple"},"yoast_head":"<!-- This site is optimized with the Yoast SEO plugin v27.4 - https:\/\/yoast.com\/product\/yoast-seo-wordpress\/ -->\n<title>CALM ( sill\u00f3n con dise\u00f1o org\u00e1nico y espuma premium ) - hartizanedesign.com<\/title>\n<meta name=\"robots\" content=\"index, follow, max-snippet:-1, max-image-preview:large, max-video-preview:-1\" \/>\n<link rel=\"canonical\" href=\"https:\/\/hartizanedesign.com\/fr\/produit\/calm-fauteuil-au-design-organique-et-mousse-haut-de-gamme\/\" \/>\n<meta property=\"og:locale\" content=\"fr_FR\" \/>\n<meta property=\"og:type\" content=\"article\" \/>\n<meta property=\"og:title\" content=\"CALM ( sill\u00f3n con dise\u00f1o org\u00e1nico y espuma premium ) - hartizanedesign.com\" \/>\n<meta property=\"og:description\" content=\"Aut\u00e9ntico icono de estilo, este sill\u00f3n lounge destaca por su est\u00e9tica monol\u00edtica y su tapizado texturizado de alta gama. La elecci\u00f3n del tejido boucl\u00e9 blanco aporta una luminosidad \u00fanica y una dimensi\u00f3n t\u00e1ctil lujosa al espacio. Su forma depurada, sin reposabrazos, subraya un dise\u00f1o vanguardista que prioriza la pureza de los vol\u00famenes y el bienestar.  Su madera premium, concebida para mantener su calidad durante a\u00f1os, refuerza la estabilidad estructural y la durabilidad de la pieza. La espuma HR t\u00e9cnica aporta resiliencia y estabilidad al asiento, garantizando un confort impecable con el uso.  Situado delicadamente en un sal\u00f3n o dormitorio, se convierte en el punto focal de una decoraci\u00f3n exigente donde el confort nunca sacrifica la excelencia est\u00e9tica.   Dimensiones\u00a0: 105 x 95\" \/>\n<meta property=\"og:url\" content=\"https:\/\/hartizanedesign.com\/fr\/produit\/calm-fauteuil-au-design-organique-et-mousse-haut-de-gamme\/\" \/>\n<meta property=\"og:site_name\" content=\"hartizanedesign.com\" \/>\n<meta property=\"article:modified_time\" content=\"2026-02-16T12:39:33+00:00\" \/>\n<meta property=\"og:image\" content=\"https:\/\/hartizanedesign.com\/wp-content\/uploads\/2026\/01\/Calm.png\" \/>\n\t<meta property=\"og:image:width\" content=\"1300\" \/>\n\t<meta property=\"og:image:height\" content=\"900\" \/>\n\t<meta property=\"og:image:type\" content=\"image\/png\" \/>\n<meta name=\"twitter:card\" content=\"summary_large_image\" \/>\n<meta name=\"twitter:label1\" content=\"Dur\u00e9e de lecture estim\u00e9e\" \/>\n\t<meta name=\"twitter:data1\" content=\"1 minute\" \/>\n<script type=\"application\/ld+json\" class=\"yoast-schema-graph\">{\"@context\":\"https:\\\/\\\/schema.org\",\"@graph\":[{\"@type\":\"WebPage\",\"@id\":\"https:\\\/\\\/hartizanedesign.com\\\/producto\\\/calm-sillon-con-diseno-organico-y-espuma-premium\\\/\",\"url\":\"https:\\\/\\\/hartizanedesign.com\\\/producto\\\/calm-sillon-con-diseno-organico-y-espuma-premium\\\/\",\"name\":\"CALM ( sill\u00f3n con dise\u00f1o org\u00e1nico y espuma premium ) - hartizanedesign.com\",\"isPartOf\":{\"@id\":\"https:\\\/\\\/hartizanedesign.com\\\/#website\"},\"primaryImageOfPage\":{\"@id\":\"https:\\\/\\\/hartizanedesign.com\\\/producto\\\/calm-sillon-con-diseno-organico-y-espuma-premium\\\/#primaryimage\"},\"image\":{\"@id\":\"https:\\\/\\\/hartizanedesign.com\\\/producto\\\/calm-sillon-con-diseno-organico-y-espuma-premium\\\/#primaryimage\"},\"thumbnailUrl\":\"https:\\\/\\\/hartizanedesign.com\\\/wp-content\\\/uploads\\\/2026\\\/01\\\/Calm.png\",\"datePublished\":\"2026-01-19T23:07:57+00:00\",\"dateModified\":\"2026-02-16T12:39:33+00:00\",\"breadcrumb\":{\"@id\":\"https:\\\/\\\/hartizanedesign.com\\\/producto\\\/calm-sillon-con-diseno-organico-y-espuma-premium\\\/#breadcrumb\"},\"inLanguage\":\"fr-FR\",\"potentialAction\":[{\"@type\":\"ReadAction\",\"target\":[\"https:\\\/\\\/hartizanedesign.com\\\/producto\\\/calm-sillon-con-diseno-organico-y-espuma-premium\\\/\"]}]},{\"@type\":\"ImageObject\",\"inLanguage\":\"fr-FR\",\"@id\":\"https:\\\/\\\/hartizanedesign.com\\\/producto\\\/calm-sillon-con-diseno-organico-y-espuma-premium\\\/#primaryimage\",\"url\":\"https:\\\/\\\/hartizanedesign.com\\\/wp-content\\\/uploads\\\/2026\\\/01\\\/Calm.png\",\"contentUrl\":\"https:\\\/\\\/hartizanedesign.com\\\/wp-content\\\/uploads\\\/2026\\\/01\\\/Calm.png\",\"width\":1300,\"height\":900},{\"@type\":\"BreadcrumbList\",\"@id\":\"https:\\\/\\\/hartizanedesign.com\\\/producto\\\/calm-sillon-con-diseno-organico-y-espuma-premium\\\/#breadcrumb\",\"itemListElement\":[{\"@type\":\"ListItem\",\"position\":1,\"name\":\"Home\",\"item\":\"https:\\\/\\\/hartizanedesign.com\\\/\"},{\"@type\":\"ListItem\",\"position\":2,\"name\":\"Tienda\",\"item\":\"https:\\\/\\\/hartizanedesign.com\\\/boutique\\\/\"},{\"@type\":\"ListItem\",\"position\":3,\"name\":\"CALM ( sill\u00f3n con dise\u00f1o org\u00e1nico y espuma premium )\"}]},{\"@type\":\"WebSite\",\"@id\":\"https:\\\/\\\/hartizanedesign.com\\\/#website\",\"url\":\"https:\\\/\\\/hartizanedesign.com\\\/\",\"name\":\"hartizanedesign.com\",\"description\":\"\",\"publisher\":{\"@id\":\"https:\\\/\\\/hartizanedesign.com\\\/#organization\"},\"potentialAction\":[{\"@type\":\"SearchAction\",\"target\":{\"@type\":\"EntryPoint\",\"urlTemplate\":\"https:\\\/\\\/hartizanedesign.com\\\/?s={search_term_string}\"},\"query-input\":{\"@type\":\"PropertyValueSpecification\",\"valueRequired\":true,\"valueName\":\"search_term_string\"}}],\"inLanguage\":\"fr-FR\"},{\"@type\":\"Organization\",\"@id\":\"https:\\\/\\\/hartizanedesign.com\\\/#organization\",\"name\":\"hartizanedesign.com\",\"url\":\"https:\\\/\\\/hartizanedesign.com\\\/\",\"logo\":{\"@type\":\"ImageObject\",\"inLanguage\":\"fr-FR\",\"@id\":\"https:\\\/\\\/hartizanedesign.com\\\/#\\\/schema\\\/logo\\\/image\\\/\",\"url\":\"https:\\\/\\\/hartizanedesign.com\\\/wp-content\\\/uploads\\\/2025\\\/10\\\/Logo-commander2_Hartizane_Noire.svg.svg\",\"contentUrl\":\"https:\\\/\\\/hartizanedesign.com\\\/wp-content\\\/uploads\\\/2025\\\/10\\\/Logo-commander2_Hartizane_Noire.svg.svg\",\"width\":209,\"height\":62,\"caption\":\"hartizanedesign.com\"},\"image\":{\"@id\":\"https:\\\/\\\/hartizanedesign.com\\\/#\\\/schema\\\/logo\\\/image\\\/\"}}]}<\/script>\n<!-- \/ Yoast SEO plugin. -->","yoast_head_json":{"title":"CALM ( sill\u00f3n con dise\u00f1o org\u00e1nico y espuma premium ) - hartizanedesign.com","robots":{"index":"index","follow":"follow","max-snippet":"max-snippet:-1","max-image-preview":"max-image-preview:large","max-video-preview":"max-video-preview:-1"},"canonical":"https:\/\/hartizanedesign.com\/fr\/produit\/calm-fauteuil-au-design-organique-et-mousse-haut-de-gamme\/","og_locale":"fr_FR","og_type":"article","og_title":"CALM ( sill\u00f3n con dise\u00f1o org\u00e1nico y espuma premium ) - hartizanedesign.com","og_description":"Aut\u00e9ntico icono de estilo, este sill\u00f3n lounge destaca por su est\u00e9tica monol\u00edtica y su tapizado texturizado de alta gama. La elecci\u00f3n del tejido boucl\u00e9 blanco aporta una luminosidad \u00fanica y una dimensi\u00f3n t\u00e1ctil lujosa al espacio. Su forma depurada, sin reposabrazos, subraya un dise\u00f1o vanguardista que prioriza la pureza de los vol\u00famenes y el bienestar.  Su madera premium, concebida para mantener su calidad durante a\u00f1os, refuerza la estabilidad estructural y la durabilidad de la pieza. La espuma HR t\u00e9cnica aporta resiliencia y estabilidad al asiento, garantizando un confort impecable con el uso.  Situado delicadamente en un sal\u00f3n o dormitorio, se convierte en el punto focal de una decoraci\u00f3n exigente donde el confort nunca sacrifica la excelencia est\u00e9tica.   Dimensiones\u00a0: 105 x 95","og_url":"https:\/\/hartizanedesign.com\/fr\/produit\/calm-fauteuil-au-design-organique-et-mousse-haut-de-gamme\/","og_site_name":"hartizanedesign.com","article_modified_time":"2026-02-16T12:39:33+00:00","og_image":[{"width":1300,"height":900,"url":"https:\/\/hartizanedesign.com\/wp-content\/uploads\/2026\/01\/Calm.png","type":"image\/png"}],"twitter_card":"summary_large_image","twitter_misc":{"Dur\u00e9e de lecture estim\u00e9e":"1 minute"},"schema":{"@context":"https:\/\/schema.org","@graph":[{"@type":"WebPage","@id":"https:\/\/hartizanedesign.com\/producto\/calm-sillon-con-diseno-organico-y-espuma-premium\/","url":"https:\/\/hartizanedesign.com\/producto\/calm-sillon-con-diseno-organico-y-espuma-premium\/","name":"CALM ( sill\u00f3n con dise\u00f1o org\u00e1nico y espuma premium ) - hartizanedesign.com","isPartOf":{"@id":"https:\/\/hartizanedesign.com\/#website"},"primaryImageOfPage":{"@id":"https:\/\/hartizanedesign.com\/producto\/calm-sillon-con-diseno-organico-y-espuma-premium\/#primaryimage"},"image":{"@id":"https:\/\/hartizanedesign.com\/producto\/calm-sillon-con-diseno-organico-y-espuma-premium\/#primaryimage"},"thumbnailUrl":"https:\/\/hartizanedesign.com\/wp-content\/uploads\/2026\/01\/Calm.png","datePublished":"2026-01-19T23:07:57+00:00","dateModified":"2026-02-16T12:39:33+00:00","breadcrumb":{"@id":"https:\/\/hartizanedesign.com\/producto\/calm-sillon-con-diseno-organico-y-espuma-premium\/#breadcrumb"},"inLanguage":"fr-FR","potentialAction":[{"@type":"ReadAction","target":["https:\/\/hartizanedesign.com\/producto\/calm-sillon-con-diseno-organico-y-espuma-premium\/"]}]},{"@type":"ImageObject","inLanguage":"fr-FR","@id":"https:\/\/hartizanedesign.com\/producto\/calm-sillon-con-diseno-organico-y-espuma-premium\/#primaryimage","url":"https:\/\/hartizanedesign.com\/wp-content\/uploads\/2026\/01\/Calm.png","contentUrl":"https:\/\/hartizanedesign.com\/wp-content\/uploads\/2026\/01\/Calm.png","width":1300,"height":900},{"@type":"BreadcrumbList","@id":"https:\/\/hartizanedesign.com\/producto\/calm-sillon-con-diseno-organico-y-espuma-premium\/#breadcrumb","itemListElement":[{"@type":"ListItem","position":1,"name":"Home","item":"https:\/\/hartizanedesign.com\/"},{"@type":"ListItem","position":2,"name":"Tienda","item":"https:\/\/hartizanedesign.com\/boutique\/"},{"@type":"ListItem","position":3,"name":"CALM ( sill\u00f3n con dise\u00f1o org\u00e1nico y espuma premium )"}]},{"@type":"WebSite","@id":"https:\/\/hartizanedesign.com\/#website","url":"https:\/\/hartizanedesign.com\/","name":"hartizanedesign.com","description":"","publisher":{"@id":"https:\/\/hartizanedesign.com\/#organization"},"potentialAction":[{"@type":"SearchAction","target":{"@type":"EntryPoint","urlTemplate":"https:\/\/hartizanedesign.com\/?s={search_term_string}"},"query-input":{"@type":"PropertyValueSpecification","valueRequired":true,"valueName":"search_term_string"}}],"inLanguage":"fr-FR"},{"@type":"Organization","@id":"https:\/\/hartizanedesign.com\/#organization","name":"hartizanedesign.com","url":"https:\/\/hartizanedesign.com\/","logo":{"@type":"ImageObject","inLanguage":"fr-FR","@id":"https:\/\/hartizanedesign.com\/#\/schema\/logo\/image\/","url":"https:\/\/hartizanedesign.com\/wp-content\/uploads\/2025\/10\/Logo-commander2_Hartizane_Noire.svg.svg","contentUrl":"https:\/\/hartizanedesign.com\/wp-content\/uploads\/2025\/10\/Logo-commander2_Hartizane_Noire.svg.svg","width":209,"height":62,"caption":"hartizanedesign.com"},"image":{"@id":"https:\/\/hartizanedesign.com\/#\/schema\/logo\/image\/"}}]}},"_links":{"self":[{"href":"https:\/\/hartizanedesign.com\/fr\/wp-json\/wp\/v2\/product\/4153","targetHints":{"allow":["GET"]}}],"collection":[{"href":"https:\/\/hartizanedesign.com\/fr\/wp-json\/wp\/v2\/product"}],"about":[{"href":"https:\/\/hartizanedesign.com\/fr\/wp-json\/wp\/v2\/types\/product"}],"version-history":[{"count":2,"href":"https:\/\/hartizanedesign.com\/fr\/wp-json\/wp\/v2\/product\/4153\/revisions"}],"predecessor-version":[{"id":4702,"href":"https:\/\/hartizanedesign.com\/fr\/wp-json\/wp\/v2\/product\/4153\/revisions\/4702"}],"wp:featuredmedia":[{"embeddable":true,"href":"https:\/\/hartizanedesign.com\/fr\/wp-json\/wp\/v2\/media\/4154"}],"wp:attachment":[{"href":"https:\/\/hartizanedesign.com\/fr\/wp-json\/wp\/v2\/media?parent=4153"}],"wp:term":[{"taxonomy":"product_brand","embeddable":true,"href":"https:\/\/hartizanedesign.com\/fr\/wp-json\/wp\/v2\/product_brand?post=4153"},{"taxonomy":"product_cat","embeddable":true,"href":"https:\/\/hartizanedesign.com\/fr\/wp-json\/wp\/v2\/product_cat?post=4153"},{"taxonomy":"product_tag","embeddable":true,"href":"https:\/\/hartizanedesign.com\/fr\/wp-json\/wp\/v2\/product_tag?post=4153"}],"curies":[{"name":"wp","href":"https:\/\/api.w.org\/{rel}","templated":true}]}}