{"id":4159,"date":"2026-01-20T00:12:03","date_gmt":"2026-01-19T23:12:03","guid":{"rendered":"https:\/\/hartizanedesign.com\/?post_type=product&#038;p=4159"},"modified":"2026-02-16T12:39:52","modified_gmt":"2026-02-16T12:39:52","slug":"base-sillon-con-reposapies-confort-esencial-y-diseno-premium","status":"publish","type":"product","link":"https:\/\/hartizanedesign.com\/fr\/produit\/base-fauteuil-avec-repose-pieds-confort-essentiel-et-design-haut-de-gamme\/","title":{"rendered":"Base (fauteuil avec repose-pieds, confort essentiel et design haut de gamme)"},"content":{"rendered":"","protected":false},"excerpt":{"rendered":"<p><span style=\"font-weight: 400;\">L\u2019\u00e9l\u00e9gance sensorielle d\u00e9finit ce fauteuil lounge dont le design mise sur le plaisir du toucher et la puret\u00e9 des volumes. Le contraste entre le volume g\u00e9n\u00e9reux de l\u2019assise en boucl\u00e9 et la finesse de ses pieds en bois cr\u00e9e un \u00e9quilibre visuel sophistiqu\u00e9. Accompagn\u00e9 de son repose-pieds assorti, il transforme l\u2019espace en une v\u00e9ritable suite de prestige d\u00e9di\u00e9e au bien-\u00eatre. Sa teinte ivoire lumineuse capte la lumi\u00e8re naturelle pour illuminer l\u2019int\u00e9rieur, faisant de ce fauteuil une pi\u00e8ce ma\u00eetresse d\u2019exception qui fusionne parfaitement esth\u00e9tique avant-gardiste et artisanat de haute qualit\u00e9.\nSon mat\u00e9riau naturel premium, au comportement irr\u00e9prochable dans le temps, assure durabilit\u00e9 et noblesse. Son assise optimis\u00e9e avec mousse HR offre une r\u00e9sistance et un confort accrus, garantissant une exp\u00e9rience enveloppante et durable.<\/span><\/p>\n<ul>\n<li style=\"font-weight: 400;\" aria-level=\"1\"><span style=\"font-weight: 400;\">Dimensions:<\/span><span style=\"font-weight: 400;\"> 80 x 80 x 90 \/ 55 x 50 <\/span><\/li>\n<\/ul>","protected":false},"featured_media":4160,"template":"","meta":[],"product_brand":[],"product_cat":[241,240],"product_tag":[],"class_list":{"0":"post-4159","1":"product","2":"type-product","3":"status-publish","4":"has-post-thumbnail","6":"product_cat-bench","7":"product_cat-fauteuils","9":"first","10":"instock","11":"sale","12":"taxable","13":"shipping-taxable","14":"purchasable","15":"product-type-simple"},"yoast_head":"<!-- This site is optimized with the Yoast SEO plugin v27.4 - https:\/\/yoast.com\/product\/yoast-seo-wordpress\/ -->\n<title>Base ( sill\u00f3n con reposapies confort esencial y dise\u00f1o premium ) - hartizanedesign.com<\/title>\n<meta name=\"robots\" content=\"index, follow, max-snippet:-1, max-image-preview:large, max-video-preview:-1\" \/>\n<link rel=\"canonical\" href=\"https:\/\/hartizanedesign.com\/fr\/produit\/base-fauteuil-avec-repose-pieds-confort-essentiel-et-design-haut-de-gamme\/\" \/>\n<meta property=\"og:locale\" content=\"fr_FR\" \/>\n<meta property=\"og:type\" content=\"article\" \/>\n<meta property=\"og:title\" content=\"Base ( sill\u00f3n con reposapies confort esencial y dise\u00f1o premium ) - hartizanedesign.com\" \/>\n<meta property=\"og:description\" content=\"La elegancia sensorial define este sill\u00f3n lounge cuyo dise\u00f1o apuesta por el placer del tacto y la pureza de los vol\u00famenes. El contraste entre el volumen generoso del asiento de boucl\u00e9 y la finura de sus patas de madera crea un equilibrio visual sofisticado. Acompa\u00f1ado de su reposapi\u00e9s a juego, transforma el espacio en una suite de prestigio dedicada al bienestar. Su tono marfil luminoso captura la luz natural para iluminar su interior, convirtiendo este sill\u00f3n en una pieza maestra excepcional que fusiona perfectamente la est\u00e9tica vanguardista con la artesan\u00eda de alta calidad.   Dimensiones: 80 x 80 x 90 \/ 55 x 50\" \/>\n<meta property=\"og:url\" content=\"https:\/\/hartizanedesign.com\/fr\/produit\/base-fauteuil-avec-repose-pieds-confort-essentiel-et-design-haut-de-gamme\/\" \/>\n<meta property=\"og:site_name\" content=\"hartizanedesign.com\" \/>\n<meta property=\"article:modified_time\" content=\"2026-02-16T12:39:52+00:00\" \/>\n<meta property=\"og:image\" content=\"https:\/\/hartizanedesign.com\/wp-content\/uploads\/2026\/01\/Base.png\" \/>\n\t<meta property=\"og:image:width\" content=\"1300\" \/>\n\t<meta property=\"og:image:height\" content=\"900\" \/>\n\t<meta property=\"og:image:type\" content=\"image\/png\" \/>\n<meta name=\"twitter:card\" content=\"summary_large_image\" \/>\n<meta name=\"twitter:label1\" content=\"Dur\u00e9e de lecture estim\u00e9e\" \/>\n\t<meta name=\"twitter:data1\" content=\"1 minute\" \/>\n<script type=\"application\/ld+json\" class=\"yoast-schema-graph\">{\"@context\":\"https:\\\/\\\/schema.org\",\"@graph\":[{\"@type\":\"WebPage\",\"@id\":\"https:\\\/\\\/hartizanedesign.com\\\/producto\\\/base-sillon-con-reposapies-confort-esencial-y-diseno-premium\\\/\",\"url\":\"https:\\\/\\\/hartizanedesign.com\\\/producto\\\/base-sillon-con-reposapies-confort-esencial-y-diseno-premium\\\/\",\"name\":\"Base ( sill\u00f3n con reposapies confort esencial y dise\u00f1o premium ) - hartizanedesign.com\",\"isPartOf\":{\"@id\":\"https:\\\/\\\/hartizanedesign.com\\\/#website\"},\"primaryImageOfPage\":{\"@id\":\"https:\\\/\\\/hartizanedesign.com\\\/producto\\\/base-sillon-con-reposapies-confort-esencial-y-diseno-premium\\\/#primaryimage\"},\"image\":{\"@id\":\"https:\\\/\\\/hartizanedesign.com\\\/producto\\\/base-sillon-con-reposapies-confort-esencial-y-diseno-premium\\\/#primaryimage\"},\"thumbnailUrl\":\"https:\\\/\\\/hartizanedesign.com\\\/wp-content\\\/uploads\\\/2026\\\/01\\\/Base.png\",\"datePublished\":\"2026-01-19T23:12:03+00:00\",\"dateModified\":\"2026-02-16T12:39:52+00:00\",\"breadcrumb\":{\"@id\":\"https:\\\/\\\/hartizanedesign.com\\\/producto\\\/base-sillon-con-reposapies-confort-esencial-y-diseno-premium\\\/#breadcrumb\"},\"inLanguage\":\"fr-FR\",\"potentialAction\":[{\"@type\":\"ReadAction\",\"target\":[\"https:\\\/\\\/hartizanedesign.com\\\/producto\\\/base-sillon-con-reposapies-confort-esencial-y-diseno-premium\\\/\"]}]},{\"@type\":\"ImageObject\",\"inLanguage\":\"fr-FR\",\"@id\":\"https:\\\/\\\/hartizanedesign.com\\\/producto\\\/base-sillon-con-reposapies-confort-esencial-y-diseno-premium\\\/#primaryimage\",\"url\":\"https:\\\/\\\/hartizanedesign.com\\\/wp-content\\\/uploads\\\/2026\\\/01\\\/Base.png\",\"contentUrl\":\"https:\\\/\\\/hartizanedesign.com\\\/wp-content\\\/uploads\\\/2026\\\/01\\\/Base.png\",\"width\":1300,\"height\":900},{\"@type\":\"BreadcrumbList\",\"@id\":\"https:\\\/\\\/hartizanedesign.com\\\/producto\\\/base-sillon-con-reposapies-confort-esencial-y-diseno-premium\\\/#breadcrumb\",\"itemListElement\":[{\"@type\":\"ListItem\",\"position\":1,\"name\":\"Home\",\"item\":\"https:\\\/\\\/hartizanedesign.com\\\/\"},{\"@type\":\"ListItem\",\"position\":2,\"name\":\"Tienda\",\"item\":\"https:\\\/\\\/hartizanedesign.com\\\/boutique\\\/\"},{\"@type\":\"ListItem\",\"position\":3,\"name\":\"Base ( sill\u00f3n con reposapies confort esencial y dise\u00f1o premium )\"}]},{\"@type\":\"WebSite\",\"@id\":\"https:\\\/\\\/hartizanedesign.com\\\/#website\",\"url\":\"https:\\\/\\\/hartizanedesign.com\\\/\",\"name\":\"hartizanedesign.com\",\"description\":\"\",\"publisher\":{\"@id\":\"https:\\\/\\\/hartizanedesign.com\\\/#organization\"},\"potentialAction\":[{\"@type\":\"SearchAction\",\"target\":{\"@type\":\"EntryPoint\",\"urlTemplate\":\"https:\\\/\\\/hartizanedesign.com\\\/?s={search_term_string}\"},\"query-input\":{\"@type\":\"PropertyValueSpecification\",\"valueRequired\":true,\"valueName\":\"search_term_string\"}}],\"inLanguage\":\"fr-FR\"},{\"@type\":\"Organization\",\"@id\":\"https:\\\/\\\/hartizanedesign.com\\\/#organization\",\"name\":\"hartizanedesign.com\",\"url\":\"https:\\\/\\\/hartizanedesign.com\\\/\",\"logo\":{\"@type\":\"ImageObject\",\"inLanguage\":\"fr-FR\",\"@id\":\"https:\\\/\\\/hartizanedesign.com\\\/#\\\/schema\\\/logo\\\/image\\\/\",\"url\":\"https:\\\/\\\/hartizanedesign.com\\\/wp-content\\\/uploads\\\/2025\\\/10\\\/Logo-commander2_Hartizane_Noire.svg.svg\",\"contentUrl\":\"https:\\\/\\\/hartizanedesign.com\\\/wp-content\\\/uploads\\\/2025\\\/10\\\/Logo-commander2_Hartizane_Noire.svg.svg\",\"width\":209,\"height\":62,\"caption\":\"hartizanedesign.com\"},\"image\":{\"@id\":\"https:\\\/\\\/hartizanedesign.com\\\/#\\\/schema\\\/logo\\\/image\\\/\"}}]}<\/script>\n<!-- \/ Yoast SEO plugin. -->","yoast_head_json":{"title":"Base ( sill\u00f3n con reposapies confort esencial y dise\u00f1o premium ) - hartizanedesign.com","robots":{"index":"index","follow":"follow","max-snippet":"max-snippet:-1","max-image-preview":"max-image-preview:large","max-video-preview":"max-video-preview:-1"},"canonical":"https:\/\/hartizanedesign.com\/fr\/produit\/base-fauteuil-avec-repose-pieds-confort-essentiel-et-design-haut-de-gamme\/","og_locale":"fr_FR","og_type":"article","og_title":"Base ( sill\u00f3n con reposapies confort esencial y dise\u00f1o premium ) - hartizanedesign.com","og_description":"La elegancia sensorial define este sill\u00f3n lounge cuyo dise\u00f1o apuesta por el placer del tacto y la pureza de los vol\u00famenes. El contraste entre el volumen generoso del asiento de boucl\u00e9 y la finura de sus patas de madera crea un equilibrio visual sofisticado. Acompa\u00f1ado de su reposapi\u00e9s a juego, transforma el espacio en una suite de prestigio dedicada al bienestar. Su tono marfil luminoso captura la luz natural para iluminar su interior, convirtiendo este sill\u00f3n en una pieza maestra excepcional que fusiona perfectamente la est\u00e9tica vanguardista con la artesan\u00eda de alta calidad.   Dimensiones: 80 x 80 x 90 \/ 55 x 50","og_url":"https:\/\/hartizanedesign.com\/fr\/produit\/base-fauteuil-avec-repose-pieds-confort-essentiel-et-design-haut-de-gamme\/","og_site_name":"hartizanedesign.com","article_modified_time":"2026-02-16T12:39:52+00:00","og_image":[{"width":1300,"height":900,"url":"https:\/\/hartizanedesign.com\/wp-content\/uploads\/2026\/01\/Base.png","type":"image\/png"}],"twitter_card":"summary_large_image","twitter_misc":{"Dur\u00e9e de lecture estim\u00e9e":"1 minute"},"schema":{"@context":"https:\/\/schema.org","@graph":[{"@type":"WebPage","@id":"https:\/\/hartizanedesign.com\/producto\/base-sillon-con-reposapies-confort-esencial-y-diseno-premium\/","url":"https:\/\/hartizanedesign.com\/producto\/base-sillon-con-reposapies-confort-esencial-y-diseno-premium\/","name":"Base ( sill\u00f3n con reposapies confort esencial y dise\u00f1o premium ) - hartizanedesign.com","isPartOf":{"@id":"https:\/\/hartizanedesign.com\/#website"},"primaryImageOfPage":{"@id":"https:\/\/hartizanedesign.com\/producto\/base-sillon-con-reposapies-confort-esencial-y-diseno-premium\/#primaryimage"},"image":{"@id":"https:\/\/hartizanedesign.com\/producto\/base-sillon-con-reposapies-confort-esencial-y-diseno-premium\/#primaryimage"},"thumbnailUrl":"https:\/\/hartizanedesign.com\/wp-content\/uploads\/2026\/01\/Base.png","datePublished":"2026-01-19T23:12:03+00:00","dateModified":"2026-02-16T12:39:52+00:00","breadcrumb":{"@id":"https:\/\/hartizanedesign.com\/producto\/base-sillon-con-reposapies-confort-esencial-y-diseno-premium\/#breadcrumb"},"inLanguage":"fr-FR","potentialAction":[{"@type":"ReadAction","target":["https:\/\/hartizanedesign.com\/producto\/base-sillon-con-reposapies-confort-esencial-y-diseno-premium\/"]}]},{"@type":"ImageObject","inLanguage":"fr-FR","@id":"https:\/\/hartizanedesign.com\/producto\/base-sillon-con-reposapies-confort-esencial-y-diseno-premium\/#primaryimage","url":"https:\/\/hartizanedesign.com\/wp-content\/uploads\/2026\/01\/Base.png","contentUrl":"https:\/\/hartizanedesign.com\/wp-content\/uploads\/2026\/01\/Base.png","width":1300,"height":900},{"@type":"BreadcrumbList","@id":"https:\/\/hartizanedesign.com\/producto\/base-sillon-con-reposapies-confort-esencial-y-diseno-premium\/#breadcrumb","itemListElement":[{"@type":"ListItem","position":1,"name":"Home","item":"https:\/\/hartizanedesign.com\/"},{"@type":"ListItem","position":2,"name":"Tienda","item":"https:\/\/hartizanedesign.com\/boutique\/"},{"@type":"ListItem","position":3,"name":"Base ( sill\u00f3n con reposapies confort esencial y dise\u00f1o premium )"}]},{"@type":"WebSite","@id":"https:\/\/hartizanedesign.com\/#website","url":"https:\/\/hartizanedesign.com\/","name":"hartizanedesign.com","description":"","publisher":{"@id":"https:\/\/hartizanedesign.com\/#organization"},"potentialAction":[{"@type":"SearchAction","target":{"@type":"EntryPoint","urlTemplate":"https:\/\/hartizanedesign.com\/?s={search_term_string}"},"query-input":{"@type":"PropertyValueSpecification","valueRequired":true,"valueName":"search_term_string"}}],"inLanguage":"fr-FR"},{"@type":"Organization","@id":"https:\/\/hartizanedesign.com\/#organization","name":"hartizanedesign.com","url":"https:\/\/hartizanedesign.com\/","logo":{"@type":"ImageObject","inLanguage":"fr-FR","@id":"https:\/\/hartizanedesign.com\/#\/schema\/logo\/image\/","url":"https:\/\/hartizanedesign.com\/wp-content\/uploads\/2025\/10\/Logo-commander2_Hartizane_Noire.svg.svg","contentUrl":"https:\/\/hartizanedesign.com\/wp-content\/uploads\/2025\/10\/Logo-commander2_Hartizane_Noire.svg.svg","width":209,"height":62,"caption":"hartizanedesign.com"},"image":{"@id":"https:\/\/hartizanedesign.com\/#\/schema\/logo\/image\/"}}]}},"_links":{"self":[{"href":"https:\/\/hartizanedesign.com\/fr\/wp-json\/wp\/v2\/product\/4159","targetHints":{"allow":["GET"]}}],"collection":[{"href":"https:\/\/hartizanedesign.com\/fr\/wp-json\/wp\/v2\/product"}],"about":[{"href":"https:\/\/hartizanedesign.com\/fr\/wp-json\/wp\/v2\/types\/product"}],"version-history":[{"count":2,"href":"https:\/\/hartizanedesign.com\/fr\/wp-json\/wp\/v2\/product\/4159\/revisions"}],"predecessor-version":[{"id":4703,"href":"https:\/\/hartizanedesign.com\/fr\/wp-json\/wp\/v2\/product\/4159\/revisions\/4703"}],"wp:featuredmedia":[{"embeddable":true,"href":"https:\/\/hartizanedesign.com\/fr\/wp-json\/wp\/v2\/media\/4160"}],"wp:attachment":[{"href":"https:\/\/hartizanedesign.com\/fr\/wp-json\/wp\/v2\/media?parent=4159"}],"wp:term":[{"taxonomy":"product_brand","embeddable":true,"href":"https:\/\/hartizanedesign.com\/fr\/wp-json\/wp\/v2\/product_brand?post=4159"},{"taxonomy":"product_cat","embeddable":true,"href":"https:\/\/hartizanedesign.com\/fr\/wp-json\/wp\/v2\/product_cat?post=4159"},{"taxonomy":"product_tag","embeddable":true,"href":"https:\/\/hartizanedesign.com\/fr\/wp-json\/wp\/v2\/product_tag?post=4159"}],"curies":[{"name":"wp","href":"https:\/\/api.w.org\/{rel}","templated":true}]}}