{"id":4274,"date":"2026-01-21T01:41:33","date_gmt":"2026-01-21T00:41:33","guid":{"rendered":"https:\/\/hartizanedesign.com\/?post_type=product&#038;p=4274"},"modified":"2026-02-12T23:48:55","modified_gmt":"2026-02-12T22:48:55","slug":"elite","status":"publish","type":"product","link":"https:\/\/hartizanedesign.com\/fr\/produit\/elite\/","title":{"rendered":"ELITE"},"content":{"rendered":"","protected":false},"excerpt":{"rendered":"<p>Este sal\u00f3n de car\u00e1cter exclusivo destaca por su dise\u00f1o org\u00e1nico y envolvente, donde las curvas suaves crean una atm\u00f3sfera acogedora y sofisticada. Su composici\u00f3n modular lo convierte en una pieza central pensada para estructurar el espacio con elegancia y flexibilidad.<\/p>\n<p>Tapizado en un tejido premium de tacto suave, ofrece una sentada profunda y confortable, con espumas de alta densidad que garantizan un soporte duradero. Su armaz\u00f3n interno en madera reforzada aporta estabilidad estructural y una calidad constructiva superior. La espuma de soporte reforzado asegura una mayor estabilidad, manteniendo el confort y la forma con el uso. Sus formas redondeadas y proporciones equilibradas aportan ligereza visual y una fuerte identidad contempor\u00e1nea.<\/p>\n<p>Un sal\u00f3n de lujo sutil, dise\u00f1ado para realzar interiores modernos y ofrecer una experiencia de confort refinada.<\/p>\n<ul>\n<li style=\"font-weight: 400;\" aria-level=\"1\"><span style=\"font-weight: 400;\">Dimensions: <\/span>300 x 190 x 120<\/li>\n<\/ul>","protected":false},"featured_media":4187,"template":"","meta":[],"product_brand":[],"product_cat":[226,227],"product_tag":[],"class_list":{"0":"post-4274","1":"product","2":"type-product","3":"status-publish","4":"has-post-thumbnail","6":"product_cat-salon-l","7":"product_cat-salon-u","9":"first","10":"instock","11":"sale","12":"taxable","13":"shipping-taxable","14":"purchasable","15":"product-type-simple"},"yoast_head":"<!-- This site is optimized with the Yoast SEO plugin v27.4 - https:\/\/yoast.com\/product\/yoast-seo-wordpress\/ -->\n<title>ELITE - hartizanedesign.com<\/title>\n<meta name=\"robots\" content=\"index, follow, max-snippet:-1, max-image-preview:large, max-video-preview:-1\" \/>\n<link rel=\"canonical\" href=\"https:\/\/hartizanedesign.com\/fr\/produit\/elite\/\" \/>\n<meta property=\"og:locale\" content=\"fr_FR\" \/>\n<meta property=\"og:type\" content=\"article\" \/>\n<meta property=\"og:title\" content=\"ELITE - hartizanedesign.com\" \/>\n<meta property=\"og:description\" content=\"Este sal\u00f3n de car\u00e1cter exclusivo destaca por su dise\u00f1o org\u00e1nico y envolvente, donde las curvas suaves crean una atm\u00f3sfera acogedora y sofisticada. Su composici\u00f3n modular lo convierte en una pieza central pensada para estructurar el espacio con elegancia y flexibilidad.  Tapizado en un tejido premium de tacto suave, ofrece una sentada profunda y confortable, con espumas de alta densidad que garantizan un soporte duradero. Su armaz\u00f3n interno en madera reforzada aporta estabilidad estructural y una calidad constructiva superior. La espuma de soporte reforzado asegura una mayor estabilidad, manteniendo el confort y la forma con el uso. Sus formas redondeadas y proporciones equilibradas aportan ligereza visual y una fuerte identidad contempor\u00e1nea.  Un sal\u00f3n de lujo sutil, dise\u00f1ado para realzar interiores modernos y ofrecer una experiencia de confort refinada.   Dimensiones: 300 x 190 x 120\" \/>\n<meta property=\"og:url\" content=\"https:\/\/hartizanedesign.com\/fr\/produit\/elite\/\" \/>\n<meta property=\"og:site_name\" content=\"hartizanedesign.com\" \/>\n<meta property=\"article:modified_time\" content=\"2026-02-12T22:48:55+00:00\" \/>\n<meta property=\"og:image\" content=\"https:\/\/hartizanedesign.com\/wp-content\/uploads\/2026\/01\/Elite.png\" \/>\n\t<meta property=\"og:image:width\" content=\"1300\" \/>\n\t<meta property=\"og:image:height\" content=\"900\" \/>\n\t<meta property=\"og:image:type\" content=\"image\/png\" \/>\n<meta name=\"twitter:card\" content=\"summary_large_image\" \/>\n<meta name=\"twitter:label1\" content=\"Dur\u00e9e de lecture estim\u00e9e\" \/>\n\t<meta name=\"twitter:data1\" content=\"1 minute\" \/>\n<script type=\"application\/ld+json\" class=\"yoast-schema-graph\">{\"@context\":\"https:\\\/\\\/schema.org\",\"@graph\":[{\"@type\":\"WebPage\",\"@id\":\"https:\\\/\\\/hartizanedesign.com\\\/producto\\\/elite\\\/\",\"url\":\"https:\\\/\\\/hartizanedesign.com\\\/producto\\\/elite\\\/\",\"name\":\"ELITE - hartizanedesign.com\",\"isPartOf\":{\"@id\":\"https:\\\/\\\/hartizanedesign.com\\\/#website\"},\"primaryImageOfPage\":{\"@id\":\"https:\\\/\\\/hartizanedesign.com\\\/producto\\\/elite\\\/#primaryimage\"},\"image\":{\"@id\":\"https:\\\/\\\/hartizanedesign.com\\\/producto\\\/elite\\\/#primaryimage\"},\"thumbnailUrl\":\"https:\\\/\\\/hartizanedesign.com\\\/wp-content\\\/uploads\\\/2026\\\/01\\\/Elite.png\",\"datePublished\":\"2026-01-21T00:41:33+00:00\",\"dateModified\":\"2026-02-12T22:48:55+00:00\",\"breadcrumb\":{\"@id\":\"https:\\\/\\\/hartizanedesign.com\\\/producto\\\/elite\\\/#breadcrumb\"},\"inLanguage\":\"fr-FR\",\"potentialAction\":[{\"@type\":\"ReadAction\",\"target\":[\"https:\\\/\\\/hartizanedesign.com\\\/producto\\\/elite\\\/\"]}]},{\"@type\":\"ImageObject\",\"inLanguage\":\"fr-FR\",\"@id\":\"https:\\\/\\\/hartizanedesign.com\\\/producto\\\/elite\\\/#primaryimage\",\"url\":\"https:\\\/\\\/hartizanedesign.com\\\/wp-content\\\/uploads\\\/2026\\\/01\\\/Elite.png\",\"contentUrl\":\"https:\\\/\\\/hartizanedesign.com\\\/wp-content\\\/uploads\\\/2026\\\/01\\\/Elite.png\",\"width\":1300,\"height\":900},{\"@type\":\"BreadcrumbList\",\"@id\":\"https:\\\/\\\/hartizanedesign.com\\\/producto\\\/elite\\\/#breadcrumb\",\"itemListElement\":[{\"@type\":\"ListItem\",\"position\":1,\"name\":\"Home\",\"item\":\"https:\\\/\\\/hartizanedesign.com\\\/\"},{\"@type\":\"ListItem\",\"position\":2,\"name\":\"Tienda\",\"item\":\"https:\\\/\\\/hartizanedesign.com\\\/boutique\\\/\"},{\"@type\":\"ListItem\",\"position\":3,\"name\":\"ELITE\"}]},{\"@type\":\"WebSite\",\"@id\":\"https:\\\/\\\/hartizanedesign.com\\\/#website\",\"url\":\"https:\\\/\\\/hartizanedesign.com\\\/\",\"name\":\"hartizanedesign.com\",\"description\":\"\",\"publisher\":{\"@id\":\"https:\\\/\\\/hartizanedesign.com\\\/#organization\"},\"potentialAction\":[{\"@type\":\"SearchAction\",\"target\":{\"@type\":\"EntryPoint\",\"urlTemplate\":\"https:\\\/\\\/hartizanedesign.com\\\/?s={search_term_string}\"},\"query-input\":{\"@type\":\"PropertyValueSpecification\",\"valueRequired\":true,\"valueName\":\"search_term_string\"}}],\"inLanguage\":\"fr-FR\"},{\"@type\":\"Organization\",\"@id\":\"https:\\\/\\\/hartizanedesign.com\\\/#organization\",\"name\":\"hartizanedesign.com\",\"url\":\"https:\\\/\\\/hartizanedesign.com\\\/\",\"logo\":{\"@type\":\"ImageObject\",\"inLanguage\":\"fr-FR\",\"@id\":\"https:\\\/\\\/hartizanedesign.com\\\/#\\\/schema\\\/logo\\\/image\\\/\",\"url\":\"https:\\\/\\\/hartizanedesign.com\\\/wp-content\\\/uploads\\\/2025\\\/10\\\/Logo-commander2_Hartizane_Noire.svg.svg\",\"contentUrl\":\"https:\\\/\\\/hartizanedesign.com\\\/wp-content\\\/uploads\\\/2025\\\/10\\\/Logo-commander2_Hartizane_Noire.svg.svg\",\"width\":209,\"height\":62,\"caption\":\"hartizanedesign.com\"},\"image\":{\"@id\":\"https:\\\/\\\/hartizanedesign.com\\\/#\\\/schema\\\/logo\\\/image\\\/\"}}]}<\/script>\n<!-- \/ Yoast SEO plugin. -->","yoast_head_json":{"title":"ELITE - hartizanedesign.com","robots":{"index":"index","follow":"follow","max-snippet":"max-snippet:-1","max-image-preview":"max-image-preview:large","max-video-preview":"max-video-preview:-1"},"canonical":"https:\/\/hartizanedesign.com\/fr\/produit\/elite\/","og_locale":"fr_FR","og_type":"article","og_title":"ELITE - hartizanedesign.com","og_description":"Este sal\u00f3n de car\u00e1cter exclusivo destaca por su dise\u00f1o org\u00e1nico y envolvente, donde las curvas suaves crean una atm\u00f3sfera acogedora y sofisticada. Su composici\u00f3n modular lo convierte en una pieza central pensada para estructurar el espacio con elegancia y flexibilidad.  Tapizado en un tejido premium de tacto suave, ofrece una sentada profunda y confortable, con espumas de alta densidad que garantizan un soporte duradero. Su armaz\u00f3n interno en madera reforzada aporta estabilidad estructural y una calidad constructiva superior. La espuma de soporte reforzado asegura una mayor estabilidad, manteniendo el confort y la forma con el uso. Sus formas redondeadas y proporciones equilibradas aportan ligereza visual y una fuerte identidad contempor\u00e1nea.  Un sal\u00f3n de lujo sutil, dise\u00f1ado para realzar interiores modernos y ofrecer una experiencia de confort refinada.   Dimensiones: 300 x 190 x 120","og_url":"https:\/\/hartizanedesign.com\/fr\/produit\/elite\/","og_site_name":"hartizanedesign.com","article_modified_time":"2026-02-12T22:48:55+00:00","og_image":[{"width":1300,"height":900,"url":"https:\/\/hartizanedesign.com\/wp-content\/uploads\/2026\/01\/Elite.png","type":"image\/png"}],"twitter_card":"summary_large_image","twitter_misc":{"Dur\u00e9e de lecture estim\u00e9e":"1 minute"},"schema":{"@context":"https:\/\/schema.org","@graph":[{"@type":"WebPage","@id":"https:\/\/hartizanedesign.com\/producto\/elite\/","url":"https:\/\/hartizanedesign.com\/producto\/elite\/","name":"ELITE - hartizanedesign.com","isPartOf":{"@id":"https:\/\/hartizanedesign.com\/#website"},"primaryImageOfPage":{"@id":"https:\/\/hartizanedesign.com\/producto\/elite\/#primaryimage"},"image":{"@id":"https:\/\/hartizanedesign.com\/producto\/elite\/#primaryimage"},"thumbnailUrl":"https:\/\/hartizanedesign.com\/wp-content\/uploads\/2026\/01\/Elite.png","datePublished":"2026-01-21T00:41:33+00:00","dateModified":"2026-02-12T22:48:55+00:00","breadcrumb":{"@id":"https:\/\/hartizanedesign.com\/producto\/elite\/#breadcrumb"},"inLanguage":"fr-FR","potentialAction":[{"@type":"ReadAction","target":["https:\/\/hartizanedesign.com\/producto\/elite\/"]}]},{"@type":"ImageObject","inLanguage":"fr-FR","@id":"https:\/\/hartizanedesign.com\/producto\/elite\/#primaryimage","url":"https:\/\/hartizanedesign.com\/wp-content\/uploads\/2026\/01\/Elite.png","contentUrl":"https:\/\/hartizanedesign.com\/wp-content\/uploads\/2026\/01\/Elite.png","width":1300,"height":900},{"@type":"BreadcrumbList","@id":"https:\/\/hartizanedesign.com\/producto\/elite\/#breadcrumb","itemListElement":[{"@type":"ListItem","position":1,"name":"Home","item":"https:\/\/hartizanedesign.com\/"},{"@type":"ListItem","position":2,"name":"Tienda","item":"https:\/\/hartizanedesign.com\/boutique\/"},{"@type":"ListItem","position":3,"name":"ELITE"}]},{"@type":"WebSite","@id":"https:\/\/hartizanedesign.com\/#website","url":"https:\/\/hartizanedesign.com\/","name":"hartizanedesign.com","description":"","publisher":{"@id":"https:\/\/hartizanedesign.com\/#organization"},"potentialAction":[{"@type":"SearchAction","target":{"@type":"EntryPoint","urlTemplate":"https:\/\/hartizanedesign.com\/?s={search_term_string}"},"query-input":{"@type":"PropertyValueSpecification","valueRequired":true,"valueName":"search_term_string"}}],"inLanguage":"fr-FR"},{"@type":"Organization","@id":"https:\/\/hartizanedesign.com\/#organization","name":"hartizanedesign.com","url":"https:\/\/hartizanedesign.com\/","logo":{"@type":"ImageObject","inLanguage":"fr-FR","@id":"https:\/\/hartizanedesign.com\/#\/schema\/logo\/image\/","url":"https:\/\/hartizanedesign.com\/wp-content\/uploads\/2025\/10\/Logo-commander2_Hartizane_Noire.svg.svg","contentUrl":"https:\/\/hartizanedesign.com\/wp-content\/uploads\/2025\/10\/Logo-commander2_Hartizane_Noire.svg.svg","width":209,"height":62,"caption":"hartizanedesign.com"},"image":{"@id":"https:\/\/hartizanedesign.com\/#\/schema\/logo\/image\/"}}]}},"_links":{"self":[{"href":"https:\/\/hartizanedesign.com\/fr\/wp-json\/wp\/v2\/product\/4274","targetHints":{"allow":["GET"]}}],"collection":[{"href":"https:\/\/hartizanedesign.com\/fr\/wp-json\/wp\/v2\/product"}],"about":[{"href":"https:\/\/hartizanedesign.com\/fr\/wp-json\/wp\/v2\/types\/product"}],"version-history":[{"count":2,"href":"https:\/\/hartizanedesign.com\/fr\/wp-json\/wp\/v2\/product\/4274\/revisions"}],"predecessor-version":[{"id":4667,"href":"https:\/\/hartizanedesign.com\/fr\/wp-json\/wp\/v2\/product\/4274\/revisions\/4667"}],"wp:featuredmedia":[{"embeddable":true,"href":"https:\/\/hartizanedesign.com\/fr\/wp-json\/wp\/v2\/media\/4187"}],"wp:attachment":[{"href":"https:\/\/hartizanedesign.com\/fr\/wp-json\/wp\/v2\/media?parent=4274"}],"wp:term":[{"taxonomy":"product_brand","embeddable":true,"href":"https:\/\/hartizanedesign.com\/fr\/wp-json\/wp\/v2\/product_brand?post=4274"},{"taxonomy":"product_cat","embeddable":true,"href":"https:\/\/hartizanedesign.com\/fr\/wp-json\/wp\/v2\/product_cat?post=4274"},{"taxonomy":"product_tag","embeddable":true,"href":"https:\/\/hartizanedesign.com\/fr\/wp-json\/wp\/v2\/product_tag?post=4274"}],"curies":[{"name":"wp","href":"https:\/\/api.w.org\/{rel}","templated":true}]}}