{"id":4276,"date":"2026-01-21T01:43:39","date_gmt":"2026-01-21T00:43:39","guid":{"rendered":"https:\/\/hartizanedesign.com\/?post_type=product&#038;p=4276"},"modified":"2026-02-12T23:48:46","modified_gmt":"2026-02-12T22:48:46","slug":"zayn","status":"publish","type":"product","link":"https:\/\/hartizanedesign.com\/fr\/produit\/zayn\/","title":{"rendered":"ZAYN"},"content":{"rendered":"","protected":false},"excerpt":{"rendered":"<p>Este sof\u00e1 modular destaca por su dise\u00f1o y su elegante contraste de colores. La combinaci\u00f3n de terciopelo premium y costuras acolchadas aporta una textura rica y un confort envolvente, manteniendo una silueta moderna y equilibrada.<\/p>\n<p>Sus m\u00f3dulos independientes ofrecen una gran libertad de configuraci\u00f3n, mientras que la sentada amplia, con espumas de alta densidad, garantiza un confort duradero. La espuma t\u00e9cnica de alta resistencia asegura una mayor longevidad, conservando el soporte y la forma con el uso. Su estructura interna s\u00f3lida de madera aporta estabilidad y calidad constructiva.<\/p>\n<p>Dise\u00f1ado como una pieza central, este sof\u00e1 une est\u00e9tica audaz, modularidad y acabados de alta gama. Un dise\u00f1o cuidado donde cada acabado contribuye a una experiencia de lujo aut\u00e9ntico.<\/p>\n<p>&nbsp;<\/p>","protected":false},"featured_media":4261,"template":"","meta":[],"product_brand":[],"product_cat":[226],"product_tag":[],"class_list":{"0":"post-4276","1":"product","2":"type-product","3":"status-publish","4":"has-post-thumbnail","6":"product_cat-salon-l","8":"first","9":"instock","10":"sale","11":"taxable","12":"shipping-taxable","13":"purchasable","14":"product-type-simple"},"yoast_head":"<!-- This site is optimized with the Yoast SEO plugin v27.4 - https:\/\/yoast.com\/product\/yoast-seo-wordpress\/ -->\n<title>ZAYN - hartizanedesign.com<\/title>\n<meta name=\"robots\" content=\"index, follow, max-snippet:-1, max-image-preview:large, max-video-preview:-1\" \/>\n<link rel=\"canonical\" href=\"https:\/\/hartizanedesign.com\/fr\/produit\/zayn\/\" \/>\n<meta property=\"og:locale\" content=\"fr_FR\" \/>\n<meta property=\"og:type\" content=\"article\" \/>\n<meta property=\"og:title\" content=\"ZAYN - hartizanedesign.com\" \/>\n<meta property=\"og:description\" content=\"Este sof\u00e1 modular destaca por su dise\u00f1o y su elegante contraste de colores. La combinaci\u00f3n de terciopelo premium y costuras acolchadas aporta una textura rica y un confort envolvente, manteniendo una silueta moderna y equilibrada.  Sus m\u00f3dulos independientes ofrecen una gran libertad de configuraci\u00f3n, mientras que la sentada amplia, con espumas de alta densidad, garantiza un confort duradero. La espuma t\u00e9cnica de alta resistencia asegura una mayor longevidad, conservando el soporte y la forma con el uso. Su estructura interna s\u00f3lida de madera aporta estabilidad y calidad constructiva.  Dise\u00f1ado como una pieza central, este sof\u00e1 une est\u00e9tica audaz, modularidad y acabados de alta gama. Un dise\u00f1o cuidado donde cada acabado contribuye a una experiencia de lujo aut\u00e9ntico.  &nbsp;\" \/>\n<meta property=\"og:url\" content=\"https:\/\/hartizanedesign.com\/fr\/produit\/zayn\/\" \/>\n<meta property=\"og:site_name\" content=\"hartizanedesign.com\" \/>\n<meta property=\"article:modified_time\" content=\"2026-02-12T22:48:46+00:00\" \/>\n<meta property=\"og:image\" content=\"https:\/\/hartizanedesign.com\/wp-content\/uploads\/2026\/01\/Zayn.png\" \/>\n\t<meta property=\"og:image:width\" content=\"1300\" \/>\n\t<meta property=\"og:image:height\" content=\"900\" \/>\n\t<meta property=\"og:image:type\" content=\"image\/png\" \/>\n<meta name=\"twitter:card\" content=\"summary_large_image\" \/>\n<meta name=\"twitter:label1\" content=\"Dur\u00e9e de lecture estim\u00e9e\" \/>\n\t<meta name=\"twitter:data1\" content=\"1 minute\" \/>\n<script type=\"application\/ld+json\" class=\"yoast-schema-graph\">{\"@context\":\"https:\\\/\\\/schema.org\",\"@graph\":[{\"@type\":\"WebPage\",\"@id\":\"https:\\\/\\\/hartizanedesign.com\\\/producto\\\/zayn\\\/\",\"url\":\"https:\\\/\\\/hartizanedesign.com\\\/producto\\\/zayn\\\/\",\"name\":\"ZAYN - hartizanedesign.com\",\"isPartOf\":{\"@id\":\"https:\\\/\\\/hartizanedesign.com\\\/#website\"},\"primaryImageOfPage\":{\"@id\":\"https:\\\/\\\/hartizanedesign.com\\\/producto\\\/zayn\\\/#primaryimage\"},\"image\":{\"@id\":\"https:\\\/\\\/hartizanedesign.com\\\/producto\\\/zayn\\\/#primaryimage\"},\"thumbnailUrl\":\"https:\\\/\\\/hartizanedesign.com\\\/wp-content\\\/uploads\\\/2026\\\/01\\\/Zayn.png\",\"datePublished\":\"2026-01-21T00:43:39+00:00\",\"dateModified\":\"2026-02-12T22:48:46+00:00\",\"breadcrumb\":{\"@id\":\"https:\\\/\\\/hartizanedesign.com\\\/producto\\\/zayn\\\/#breadcrumb\"},\"inLanguage\":\"fr-FR\",\"potentialAction\":[{\"@type\":\"ReadAction\",\"target\":[\"https:\\\/\\\/hartizanedesign.com\\\/producto\\\/zayn\\\/\"]}]},{\"@type\":\"ImageObject\",\"inLanguage\":\"fr-FR\",\"@id\":\"https:\\\/\\\/hartizanedesign.com\\\/producto\\\/zayn\\\/#primaryimage\",\"url\":\"https:\\\/\\\/hartizanedesign.com\\\/wp-content\\\/uploads\\\/2026\\\/01\\\/Zayn.png\",\"contentUrl\":\"https:\\\/\\\/hartizanedesign.com\\\/wp-content\\\/uploads\\\/2026\\\/01\\\/Zayn.png\",\"width\":1300,\"height\":900},{\"@type\":\"BreadcrumbList\",\"@id\":\"https:\\\/\\\/hartizanedesign.com\\\/producto\\\/zayn\\\/#breadcrumb\",\"itemListElement\":[{\"@type\":\"ListItem\",\"position\":1,\"name\":\"Home\",\"item\":\"https:\\\/\\\/hartizanedesign.com\\\/\"},{\"@type\":\"ListItem\",\"position\":2,\"name\":\"Tienda\",\"item\":\"https:\\\/\\\/hartizanedesign.com\\\/boutique\\\/\"},{\"@type\":\"ListItem\",\"position\":3,\"name\":\"ZAYN\"}]},{\"@type\":\"WebSite\",\"@id\":\"https:\\\/\\\/hartizanedesign.com\\\/#website\",\"url\":\"https:\\\/\\\/hartizanedesign.com\\\/\",\"name\":\"hartizanedesign.com\",\"description\":\"\",\"publisher\":{\"@id\":\"https:\\\/\\\/hartizanedesign.com\\\/#organization\"},\"potentialAction\":[{\"@type\":\"SearchAction\",\"target\":{\"@type\":\"EntryPoint\",\"urlTemplate\":\"https:\\\/\\\/hartizanedesign.com\\\/?s={search_term_string}\"},\"query-input\":{\"@type\":\"PropertyValueSpecification\",\"valueRequired\":true,\"valueName\":\"search_term_string\"}}],\"inLanguage\":\"fr-FR\"},{\"@type\":\"Organization\",\"@id\":\"https:\\\/\\\/hartizanedesign.com\\\/#organization\",\"name\":\"hartizanedesign.com\",\"url\":\"https:\\\/\\\/hartizanedesign.com\\\/\",\"logo\":{\"@type\":\"ImageObject\",\"inLanguage\":\"fr-FR\",\"@id\":\"https:\\\/\\\/hartizanedesign.com\\\/#\\\/schema\\\/logo\\\/image\\\/\",\"url\":\"https:\\\/\\\/hartizanedesign.com\\\/wp-content\\\/uploads\\\/2025\\\/10\\\/Logo-commander2_Hartizane_Noire.svg.svg\",\"contentUrl\":\"https:\\\/\\\/hartizanedesign.com\\\/wp-content\\\/uploads\\\/2025\\\/10\\\/Logo-commander2_Hartizane_Noire.svg.svg\",\"width\":209,\"height\":62,\"caption\":\"hartizanedesign.com\"},\"image\":{\"@id\":\"https:\\\/\\\/hartizanedesign.com\\\/#\\\/schema\\\/logo\\\/image\\\/\"}}]}<\/script>\n<!-- \/ Yoast SEO plugin. -->","yoast_head_json":{"title":"ZAYN - hartizanedesign.com","robots":{"index":"index","follow":"follow","max-snippet":"max-snippet:-1","max-image-preview":"max-image-preview:large","max-video-preview":"max-video-preview:-1"},"canonical":"https:\/\/hartizanedesign.com\/fr\/produit\/zayn\/","og_locale":"fr_FR","og_type":"article","og_title":"ZAYN - hartizanedesign.com","og_description":"Este sof\u00e1 modular destaca por su dise\u00f1o y su elegante contraste de colores. La combinaci\u00f3n de terciopelo premium y costuras acolchadas aporta una textura rica y un confort envolvente, manteniendo una silueta moderna y equilibrada.  Sus m\u00f3dulos independientes ofrecen una gran libertad de configuraci\u00f3n, mientras que la sentada amplia, con espumas de alta densidad, garantiza un confort duradero. La espuma t\u00e9cnica de alta resistencia asegura una mayor longevidad, conservando el soporte y la forma con el uso. Su estructura interna s\u00f3lida de madera aporta estabilidad y calidad constructiva.  Dise\u00f1ado como una pieza central, este sof\u00e1 une est\u00e9tica audaz, modularidad y acabados de alta gama. Un dise\u00f1o cuidado donde cada acabado contribuye a una experiencia de lujo aut\u00e9ntico.  &nbsp;","og_url":"https:\/\/hartizanedesign.com\/fr\/produit\/zayn\/","og_site_name":"hartizanedesign.com","article_modified_time":"2026-02-12T22:48:46+00:00","og_image":[{"width":1300,"height":900,"url":"https:\/\/hartizanedesign.com\/wp-content\/uploads\/2026\/01\/Zayn.png","type":"image\/png"}],"twitter_card":"summary_large_image","twitter_misc":{"Dur\u00e9e de lecture estim\u00e9e":"1 minute"},"schema":{"@context":"https:\/\/schema.org","@graph":[{"@type":"WebPage","@id":"https:\/\/hartizanedesign.com\/producto\/zayn\/","url":"https:\/\/hartizanedesign.com\/producto\/zayn\/","name":"ZAYN - hartizanedesign.com","isPartOf":{"@id":"https:\/\/hartizanedesign.com\/#website"},"primaryImageOfPage":{"@id":"https:\/\/hartizanedesign.com\/producto\/zayn\/#primaryimage"},"image":{"@id":"https:\/\/hartizanedesign.com\/producto\/zayn\/#primaryimage"},"thumbnailUrl":"https:\/\/hartizanedesign.com\/wp-content\/uploads\/2026\/01\/Zayn.png","datePublished":"2026-01-21T00:43:39+00:00","dateModified":"2026-02-12T22:48:46+00:00","breadcrumb":{"@id":"https:\/\/hartizanedesign.com\/producto\/zayn\/#breadcrumb"},"inLanguage":"fr-FR","potentialAction":[{"@type":"ReadAction","target":["https:\/\/hartizanedesign.com\/producto\/zayn\/"]}]},{"@type":"ImageObject","inLanguage":"fr-FR","@id":"https:\/\/hartizanedesign.com\/producto\/zayn\/#primaryimage","url":"https:\/\/hartizanedesign.com\/wp-content\/uploads\/2026\/01\/Zayn.png","contentUrl":"https:\/\/hartizanedesign.com\/wp-content\/uploads\/2026\/01\/Zayn.png","width":1300,"height":900},{"@type":"BreadcrumbList","@id":"https:\/\/hartizanedesign.com\/producto\/zayn\/#breadcrumb","itemListElement":[{"@type":"ListItem","position":1,"name":"Home","item":"https:\/\/hartizanedesign.com\/"},{"@type":"ListItem","position":2,"name":"Tienda","item":"https:\/\/hartizanedesign.com\/boutique\/"},{"@type":"ListItem","position":3,"name":"ZAYN"}]},{"@type":"WebSite","@id":"https:\/\/hartizanedesign.com\/#website","url":"https:\/\/hartizanedesign.com\/","name":"hartizanedesign.com","description":"","publisher":{"@id":"https:\/\/hartizanedesign.com\/#organization"},"potentialAction":[{"@type":"SearchAction","target":{"@type":"EntryPoint","urlTemplate":"https:\/\/hartizanedesign.com\/?s={search_term_string}"},"query-input":{"@type":"PropertyValueSpecification","valueRequired":true,"valueName":"search_term_string"}}],"inLanguage":"fr-FR"},{"@type":"Organization","@id":"https:\/\/hartizanedesign.com\/#organization","name":"hartizanedesign.com","url":"https:\/\/hartizanedesign.com\/","logo":{"@type":"ImageObject","inLanguage":"fr-FR","@id":"https:\/\/hartizanedesign.com\/#\/schema\/logo\/image\/","url":"https:\/\/hartizanedesign.com\/wp-content\/uploads\/2025\/10\/Logo-commander2_Hartizane_Noire.svg.svg","contentUrl":"https:\/\/hartizanedesign.com\/wp-content\/uploads\/2025\/10\/Logo-commander2_Hartizane_Noire.svg.svg","width":209,"height":62,"caption":"hartizanedesign.com"},"image":{"@id":"https:\/\/hartizanedesign.com\/#\/schema\/logo\/image\/"}}]}},"_links":{"self":[{"href":"https:\/\/hartizanedesign.com\/fr\/wp-json\/wp\/v2\/product\/4276","targetHints":{"allow":["GET"]}}],"collection":[{"href":"https:\/\/hartizanedesign.com\/fr\/wp-json\/wp\/v2\/product"}],"about":[{"href":"https:\/\/hartizanedesign.com\/fr\/wp-json\/wp\/v2\/types\/product"}],"version-history":[{"count":3,"href":"https:\/\/hartizanedesign.com\/fr\/wp-json\/wp\/v2\/product\/4276\/revisions"}],"predecessor-version":[{"id":4666,"href":"https:\/\/hartizanedesign.com\/fr\/wp-json\/wp\/v2\/product\/4276\/revisions\/4666"}],"wp:featuredmedia":[{"embeddable":true,"href":"https:\/\/hartizanedesign.com\/fr\/wp-json\/wp\/v2\/media\/4261"}],"wp:attachment":[{"href":"https:\/\/hartizanedesign.com\/fr\/wp-json\/wp\/v2\/media?parent=4276"}],"wp:term":[{"taxonomy":"product_brand","embeddable":true,"href":"https:\/\/hartizanedesign.com\/fr\/wp-json\/wp\/v2\/product_brand?post=4276"},{"taxonomy":"product_cat","embeddable":true,"href":"https:\/\/hartizanedesign.com\/fr\/wp-json\/wp\/v2\/product_cat?post=4276"},{"taxonomy":"product_tag","embeddable":true,"href":"https:\/\/hartizanedesign.com\/fr\/wp-json\/wp\/v2\/product_tag?post=4276"}],"curies":[{"name":"wp","href":"https:\/\/api.w.org\/{rel}","templated":true}]}}