{"id":4305,"date":"2026-01-22T12:24:20","date_gmt":"2026-01-22T11:24:20","guid":{"rendered":"https:\/\/hartizanedesign.com\/?post_type=product&#038;p=4305"},"modified":"2026-01-22T12:24:21","modified_gmt":"2026-01-22T11:24:21","slug":"liva","status":"publish","type":"product","link":"https:\/\/hartizanedesign.com\/fr\/produit\/liva\/","title":{"rendered":"LIVA"},"content":{"rendered":"","protected":false},"excerpt":{"rendered":"<p>Este sof\u00e1 modular ha sido concebido como una invitaci\u00f3n al descanso y a la elegancia contempor\u00e1nea. Su tapizado premium, suave al tacto y altamente resistente, envuelve la sentada y refuerza la sensaci\u00f3n de confort desde el primer contacto. La espuma de alta densidad aporta una acogida firme y confortable, pensada para mantener su forma y su bienestar con el paso del tiempo.<\/p>\n<p>La composici\u00f3n t\u00e9cnica en espuma asegura una excelente estabilidad a largo plazo, ofreciendo un soporte impecable con el uso. Su madera de \u00e9lite, valorada por su durabilidad y car\u00e1cter, aporta solidez y una presencia noble al conjunto.<\/p>\n<p>La estructura s\u00f3lida aporta estabilidad y confianza, mientras que el dise\u00f1o depurado y las proporciones bien definidas elevan el espacio con una sofisticaci\u00f3n discreta. Una pieza de alta gama donde confort, calidad y dise\u00f1o conviven en perfecto equilibrio.<\/p>","protected":false},"featured_media":4210,"template":"","meta":[],"product_brand":[],"product_cat":[226],"product_tag":[],"class_list":{"0":"post-4305","1":"product","2":"type-product","3":"status-publish","4":"has-post-thumbnail","6":"product_cat-salon-l","8":"first","9":"instock","10":"sale","11":"taxable","12":"shipping-taxable","13":"purchasable","14":"product-type-simple"},"yoast_head":"<!-- This site is optimized with the Yoast SEO plugin v27.4 - https:\/\/yoast.com\/product\/yoast-seo-wordpress\/ -->\n<title>LIVA - hartizanedesign.com<\/title>\n<meta name=\"robots\" content=\"index, follow, max-snippet:-1, max-image-preview:large, max-video-preview:-1\" \/>\n<link rel=\"canonical\" href=\"https:\/\/hartizanedesign.com\/fr\/produit\/liva\/\" \/>\n<meta property=\"og:locale\" content=\"fr_FR\" \/>\n<meta property=\"og:type\" content=\"article\" \/>\n<meta property=\"og:title\" content=\"LIVA - hartizanedesign.com\" \/>\n<meta property=\"og:description\" content=\"Este sof\u00e1 modular ha sido concebido como una invitaci\u00f3n al descanso y a la elegancia contempor\u00e1nea. Su tapizado premium, suave al tacto y altamente resistente, envuelve la sentada y refuerza la sensaci\u00f3n de confort desde el primer contacto. La espuma de alta densidad aporta una acogida firme y confortable, pensada para mantener su forma y su bienestar con el paso del tiempo.  La composici\u00f3n t\u00e9cnica en espuma asegura una excelente estabilidad a largo plazo, ofreciendo un soporte impecable con el uso. Su madera de \u00e9lite, valorada por su durabilidad y car\u00e1cter, aporta solidez y una presencia noble al conjunto.  La estructura s\u00f3lida aporta estabilidad y confianza, mientras que el dise\u00f1o depurado y las proporciones bien definidas elevan el espacio con una sofisticaci\u00f3n discreta. Una pieza de alta gama donde confort, calidad y dise\u00f1o conviven en perfecto equilibrio.\" \/>\n<meta property=\"og:url\" content=\"https:\/\/hartizanedesign.com\/fr\/produit\/liva\/\" \/>\n<meta property=\"og:site_name\" content=\"hartizanedesign.com\" \/>\n<meta property=\"article:modified_time\" content=\"2026-01-22T11:24:21+00:00\" \/>\n<meta property=\"og:image\" content=\"https:\/\/hartizanedesign.com\/wp-content\/uploads\/2026\/01\/Liva.png\" \/>\n\t<meta property=\"og:image:width\" content=\"1300\" \/>\n\t<meta property=\"og:image:height\" content=\"900\" \/>\n\t<meta property=\"og:image:type\" content=\"image\/png\" \/>\n<meta name=\"twitter:card\" content=\"summary_large_image\" \/>\n<meta name=\"twitter:label1\" content=\"Dur\u00e9e de lecture estim\u00e9e\" \/>\n\t<meta name=\"twitter:data1\" content=\"1 minute\" \/>\n<script type=\"application\/ld+json\" class=\"yoast-schema-graph\">{\"@context\":\"https:\\\/\\\/schema.org\",\"@graph\":[{\"@type\":\"WebPage\",\"@id\":\"https:\\\/\\\/hartizanedesign.com\\\/producto\\\/liva\\\/\",\"url\":\"https:\\\/\\\/hartizanedesign.com\\\/producto\\\/liva\\\/\",\"name\":\"LIVA - hartizanedesign.com\",\"isPartOf\":{\"@id\":\"https:\\\/\\\/hartizanedesign.com\\\/#website\"},\"primaryImageOfPage\":{\"@id\":\"https:\\\/\\\/hartizanedesign.com\\\/producto\\\/liva\\\/#primaryimage\"},\"image\":{\"@id\":\"https:\\\/\\\/hartizanedesign.com\\\/producto\\\/liva\\\/#primaryimage\"},\"thumbnailUrl\":\"https:\\\/\\\/hartizanedesign.com\\\/wp-content\\\/uploads\\\/2026\\\/01\\\/Liva.png\",\"datePublished\":\"2026-01-22T11:24:20+00:00\",\"dateModified\":\"2026-01-22T11:24:21+00:00\",\"breadcrumb\":{\"@id\":\"https:\\\/\\\/hartizanedesign.com\\\/producto\\\/liva\\\/#breadcrumb\"},\"inLanguage\":\"fr-FR\",\"potentialAction\":[{\"@type\":\"ReadAction\",\"target\":[\"https:\\\/\\\/hartizanedesign.com\\\/producto\\\/liva\\\/\"]}]},{\"@type\":\"ImageObject\",\"inLanguage\":\"fr-FR\",\"@id\":\"https:\\\/\\\/hartizanedesign.com\\\/producto\\\/liva\\\/#primaryimage\",\"url\":\"https:\\\/\\\/hartizanedesign.com\\\/wp-content\\\/uploads\\\/2026\\\/01\\\/Liva.png\",\"contentUrl\":\"https:\\\/\\\/hartizanedesign.com\\\/wp-content\\\/uploads\\\/2026\\\/01\\\/Liva.png\",\"width\":1300,\"height\":900},{\"@type\":\"BreadcrumbList\",\"@id\":\"https:\\\/\\\/hartizanedesign.com\\\/producto\\\/liva\\\/#breadcrumb\",\"itemListElement\":[{\"@type\":\"ListItem\",\"position\":1,\"name\":\"Home\",\"item\":\"https:\\\/\\\/hartizanedesign.com\\\/\"},{\"@type\":\"ListItem\",\"position\":2,\"name\":\"Tienda\",\"item\":\"https:\\\/\\\/hartizanedesign.com\\\/boutique\\\/\"},{\"@type\":\"ListItem\",\"position\":3,\"name\":\"LIVA\"}]},{\"@type\":\"WebSite\",\"@id\":\"https:\\\/\\\/hartizanedesign.com\\\/#website\",\"url\":\"https:\\\/\\\/hartizanedesign.com\\\/\",\"name\":\"hartizanedesign.com\",\"description\":\"\",\"publisher\":{\"@id\":\"https:\\\/\\\/hartizanedesign.com\\\/#organization\"},\"potentialAction\":[{\"@type\":\"SearchAction\",\"target\":{\"@type\":\"EntryPoint\",\"urlTemplate\":\"https:\\\/\\\/hartizanedesign.com\\\/?s={search_term_string}\"},\"query-input\":{\"@type\":\"PropertyValueSpecification\",\"valueRequired\":true,\"valueName\":\"search_term_string\"}}],\"inLanguage\":\"fr-FR\"},{\"@type\":\"Organization\",\"@id\":\"https:\\\/\\\/hartizanedesign.com\\\/#organization\",\"name\":\"hartizanedesign.com\",\"url\":\"https:\\\/\\\/hartizanedesign.com\\\/\",\"logo\":{\"@type\":\"ImageObject\",\"inLanguage\":\"fr-FR\",\"@id\":\"https:\\\/\\\/hartizanedesign.com\\\/#\\\/schema\\\/logo\\\/image\\\/\",\"url\":\"https:\\\/\\\/hartizanedesign.com\\\/wp-content\\\/uploads\\\/2025\\\/10\\\/Logo-commander2_Hartizane_Noire.svg.svg\",\"contentUrl\":\"https:\\\/\\\/hartizanedesign.com\\\/wp-content\\\/uploads\\\/2025\\\/10\\\/Logo-commander2_Hartizane_Noire.svg.svg\",\"width\":209,\"height\":62,\"caption\":\"hartizanedesign.com\"},\"image\":{\"@id\":\"https:\\\/\\\/hartizanedesign.com\\\/#\\\/schema\\\/logo\\\/image\\\/\"}}]}<\/script>\n<!-- \/ Yoast SEO plugin. -->","yoast_head_json":{"title":"LIVA - hartizanedesign.com","robots":{"index":"index","follow":"follow","max-snippet":"max-snippet:-1","max-image-preview":"max-image-preview:large","max-video-preview":"max-video-preview:-1"},"canonical":"https:\/\/hartizanedesign.com\/fr\/produit\/liva\/","og_locale":"fr_FR","og_type":"article","og_title":"LIVA - hartizanedesign.com","og_description":"Este sof\u00e1 modular ha sido concebido como una invitaci\u00f3n al descanso y a la elegancia contempor\u00e1nea. Su tapizado premium, suave al tacto y altamente resistente, envuelve la sentada y refuerza la sensaci\u00f3n de confort desde el primer contacto. La espuma de alta densidad aporta una acogida firme y confortable, pensada para mantener su forma y su bienestar con el paso del tiempo.  La composici\u00f3n t\u00e9cnica en espuma asegura una excelente estabilidad a largo plazo, ofreciendo un soporte impecable con el uso. Su madera de \u00e9lite, valorada por su durabilidad y car\u00e1cter, aporta solidez y una presencia noble al conjunto.  La estructura s\u00f3lida aporta estabilidad y confianza, mientras que el dise\u00f1o depurado y las proporciones bien definidas elevan el espacio con una sofisticaci\u00f3n discreta. Una pieza de alta gama donde confort, calidad y dise\u00f1o conviven en perfecto equilibrio.","og_url":"https:\/\/hartizanedesign.com\/fr\/produit\/liva\/","og_site_name":"hartizanedesign.com","article_modified_time":"2026-01-22T11:24:21+00:00","og_image":[{"width":1300,"height":900,"url":"https:\/\/hartizanedesign.com\/wp-content\/uploads\/2026\/01\/Liva.png","type":"image\/png"}],"twitter_card":"summary_large_image","twitter_misc":{"Dur\u00e9e de lecture estim\u00e9e":"1 minute"},"schema":{"@context":"https:\/\/schema.org","@graph":[{"@type":"WebPage","@id":"https:\/\/hartizanedesign.com\/producto\/liva\/","url":"https:\/\/hartizanedesign.com\/producto\/liva\/","name":"LIVA - hartizanedesign.com","isPartOf":{"@id":"https:\/\/hartizanedesign.com\/#website"},"primaryImageOfPage":{"@id":"https:\/\/hartizanedesign.com\/producto\/liva\/#primaryimage"},"image":{"@id":"https:\/\/hartizanedesign.com\/producto\/liva\/#primaryimage"},"thumbnailUrl":"https:\/\/hartizanedesign.com\/wp-content\/uploads\/2026\/01\/Liva.png","datePublished":"2026-01-22T11:24:20+00:00","dateModified":"2026-01-22T11:24:21+00:00","breadcrumb":{"@id":"https:\/\/hartizanedesign.com\/producto\/liva\/#breadcrumb"},"inLanguage":"fr-FR","potentialAction":[{"@type":"ReadAction","target":["https:\/\/hartizanedesign.com\/producto\/liva\/"]}]},{"@type":"ImageObject","inLanguage":"fr-FR","@id":"https:\/\/hartizanedesign.com\/producto\/liva\/#primaryimage","url":"https:\/\/hartizanedesign.com\/wp-content\/uploads\/2026\/01\/Liva.png","contentUrl":"https:\/\/hartizanedesign.com\/wp-content\/uploads\/2026\/01\/Liva.png","width":1300,"height":900},{"@type":"BreadcrumbList","@id":"https:\/\/hartizanedesign.com\/producto\/liva\/#breadcrumb","itemListElement":[{"@type":"ListItem","position":1,"name":"Home","item":"https:\/\/hartizanedesign.com\/"},{"@type":"ListItem","position":2,"name":"Tienda","item":"https:\/\/hartizanedesign.com\/boutique\/"},{"@type":"ListItem","position":3,"name":"LIVA"}]},{"@type":"WebSite","@id":"https:\/\/hartizanedesign.com\/#website","url":"https:\/\/hartizanedesign.com\/","name":"hartizanedesign.com","description":"","publisher":{"@id":"https:\/\/hartizanedesign.com\/#organization"},"potentialAction":[{"@type":"SearchAction","target":{"@type":"EntryPoint","urlTemplate":"https:\/\/hartizanedesign.com\/?s={search_term_string}"},"query-input":{"@type":"PropertyValueSpecification","valueRequired":true,"valueName":"search_term_string"}}],"inLanguage":"fr-FR"},{"@type":"Organization","@id":"https:\/\/hartizanedesign.com\/#organization","name":"hartizanedesign.com","url":"https:\/\/hartizanedesign.com\/","logo":{"@type":"ImageObject","inLanguage":"fr-FR","@id":"https:\/\/hartizanedesign.com\/#\/schema\/logo\/image\/","url":"https:\/\/hartizanedesign.com\/wp-content\/uploads\/2025\/10\/Logo-commander2_Hartizane_Noire.svg.svg","contentUrl":"https:\/\/hartizanedesign.com\/wp-content\/uploads\/2025\/10\/Logo-commander2_Hartizane_Noire.svg.svg","width":209,"height":62,"caption":"hartizanedesign.com"},"image":{"@id":"https:\/\/hartizanedesign.com\/#\/schema\/logo\/image\/"}}]}},"_links":{"self":[{"href":"https:\/\/hartizanedesign.com\/fr\/wp-json\/wp\/v2\/product\/4305","targetHints":{"allow":["GET"]}}],"collection":[{"href":"https:\/\/hartizanedesign.com\/fr\/wp-json\/wp\/v2\/product"}],"about":[{"href":"https:\/\/hartizanedesign.com\/fr\/wp-json\/wp\/v2\/types\/product"}],"version-history":[{"count":1,"href":"https:\/\/hartizanedesign.com\/fr\/wp-json\/wp\/v2\/product\/4305\/revisions"}],"predecessor-version":[{"id":4307,"href":"https:\/\/hartizanedesign.com\/fr\/wp-json\/wp\/v2\/product\/4305\/revisions\/4307"}],"wp:featuredmedia":[{"embeddable":true,"href":"https:\/\/hartizanedesign.com\/fr\/wp-json\/wp\/v2\/media\/4210"}],"wp:attachment":[{"href":"https:\/\/hartizanedesign.com\/fr\/wp-json\/wp\/v2\/media?parent=4305"}],"wp:term":[{"taxonomy":"product_brand","embeddable":true,"href":"https:\/\/hartizanedesign.com\/fr\/wp-json\/wp\/v2\/product_brand?post=4305"},{"taxonomy":"product_cat","embeddable":true,"href":"https:\/\/hartizanedesign.com\/fr\/wp-json\/wp\/v2\/product_cat?post=4305"},{"taxonomy":"product_tag","embeddable":true,"href":"https:\/\/hartizanedesign.com\/fr\/wp-json\/wp\/v2\/product_tag?post=4305"}],"curies":[{"name":"wp","href":"https:\/\/api.w.org\/{rel}","templated":true}]}}