{"id":4336,"date":"2026-01-24T00:17:07","date_gmt":"2026-01-23T23:17:07","guid":{"rendered":"https:\/\/hartizanedesign.com\/?post_type=product&#038;p=4336"},"modified":"2026-01-24T00:17:07","modified_gmt":"2026-01-23T23:17:07","slug":"nuit-cama-tapizada-con-canape-abatible-y-iluminacion-integrada","status":"publish","type":"product","link":"https:\/\/hartizanedesign.com\/fr\/produit\/nuit-cama-tapizada-con-canape-abatible-y-iluminacion-integrada\/","title":{"rendered":"NUIT ( cama tapizada con canap\u00e9 abatible y iluminaci\u00f3n integrada )"},"content":{"rendered":"","protected":false},"excerpt":{"rendered":"<p>Este lit representa una interpretaci\u00f3n refinada del lujo contempor\u00e1neo, donde el dise\u00f1o y el confort se fusionan con naturalidad. Su tapizado premium, seleccionado por su tacto suave y su alta durabilidad, recubre la estructura con una elegancia sobria y atemporal.<\/p>\n<p>El cabecero acolchado, amplio y confortable, ofrece un excelente apoyo y aporta una sensaci\u00f3n envolvente que invita al descanso. La estructura interna, robusta y cuidadosamente elaborada, garantiza estabilidad y resistencia, mientras que las espumas de alta calidad aseguran una comodidad constante y duradera. Armaz\u00f3n en madera maciza de alta gama, pensado para perdurar, aportando firmeza estructural y nobleza material. Espuma de ingenier\u00eda avanzada para un soporte t\u00e9cnico \u00f3ptimo, dise\u00f1ada para mantener el confort y la forma con el paso del tiempo.<\/p>\n<p><span style=\"font-weight: 400;\">\u00a0L<\/span><span style=\"font-weight: 400;\">ongitud\u00a0: 180 x 200<\/span><\/p>","protected":false},"featured_media":4341,"template":"","meta":[],"product_brand":[],"product_cat":[229],"product_tag":[],"class_list":{"0":"post-4336","1":"product","2":"type-product","3":"status-publish","4":"has-post-thumbnail","6":"product_cat-dormitorio","8":"first","9":"instock","10":"sale","11":"taxable","12":"shipping-taxable","13":"purchasable","14":"product-type-simple"},"yoast_head":"<!-- This site is optimized with the Yoast SEO plugin v27.4 - https:\/\/yoast.com\/product\/yoast-seo-wordpress\/ -->\n<title>NUIT ( cama tapizada con canap\u00e9 abatible y iluminaci\u00f3n integrada ) - hartizanedesign.com<\/title>\n<meta name=\"robots\" content=\"index, follow, max-snippet:-1, max-image-preview:large, max-video-preview:-1\" \/>\n<link rel=\"canonical\" href=\"https:\/\/hartizanedesign.com\/fr\/produit\/nuit-cama-tapizada-con-canape-abatible-y-iluminacion-integrada\/\" \/>\n<meta property=\"og:locale\" content=\"fr_FR\" \/>\n<meta property=\"og:type\" content=\"article\" \/>\n<meta property=\"og:title\" content=\"NUIT ( cama tapizada con canap\u00e9 abatible y iluminaci\u00f3n integrada ) - hartizanedesign.com\" \/>\n<meta property=\"og:description\" content=\"Este lit representa una interpretaci\u00f3n refinada del lujo contempor\u00e1neo, donde el dise\u00f1o y el confort se fusionan con naturalidad. Su tapizado premium, seleccionado por su tacto suave y su alta durabilidad, recubre la estructura con una elegancia sobria y atemporal.  El cabecero acolchado, amplio y confortable, ofrece un excelente apoyo y aporta una sensaci\u00f3n envolvente que invita al descanso. La estructura interna, robusta y cuidadosamente elaborada, garantiza estabilidad y resistencia, mientras que las espumas de alta calidad aseguran una comodidad constante y duradera. Armaz\u00f3n en madera maciza de alta gama, pensado para perdurar, aportando firmeza estructural y nobleza material. Espuma de ingenier\u00eda avanzada para un soporte t\u00e9cnico \u00f3ptimo, dise\u00f1ada para mantener el confort y la forma con el paso del tiempo.  \u00a0Longitud\u00a0: 180 x 200\" \/>\n<meta property=\"og:url\" content=\"https:\/\/hartizanedesign.com\/fr\/produit\/nuit-cama-tapizada-con-canape-abatible-y-iluminacion-integrada\/\" \/>\n<meta property=\"og:site_name\" content=\"hartizanedesign.com\" \/>\n<meta property=\"og:image\" content=\"https:\/\/hartizanedesign.com\/wp-content\/uploads\/2026\/01\/NUIT.png\" \/>\n\t<meta property=\"og:image:width\" content=\"1300\" \/>\n\t<meta property=\"og:image:height\" content=\"900\" \/>\n\t<meta property=\"og:image:type\" content=\"image\/png\" \/>\n<meta name=\"twitter:card\" content=\"summary_large_image\" \/>\n<meta name=\"twitter:label1\" content=\"Dur\u00e9e de lecture estim\u00e9e\" \/>\n\t<meta name=\"twitter:data1\" content=\"1 minute\" \/>\n<script type=\"application\/ld+json\" class=\"yoast-schema-graph\">{\"@context\":\"https:\\\/\\\/schema.org\",\"@graph\":[{\"@type\":\"WebPage\",\"@id\":\"https:\\\/\\\/hartizanedesign.com\\\/producto\\\/nuit-cama-tapizada-con-canape-abatible-y-iluminacion-integrada\\\/\",\"url\":\"https:\\\/\\\/hartizanedesign.com\\\/producto\\\/nuit-cama-tapizada-con-canape-abatible-y-iluminacion-integrada\\\/\",\"name\":\"NUIT ( cama tapizada con canap\u00e9 abatible y iluminaci\u00f3n integrada ) - hartizanedesign.com\",\"isPartOf\":{\"@id\":\"https:\\\/\\\/hartizanedesign.com\\\/#website\"},\"primaryImageOfPage\":{\"@id\":\"https:\\\/\\\/hartizanedesign.com\\\/producto\\\/nuit-cama-tapizada-con-canape-abatible-y-iluminacion-integrada\\\/#primaryimage\"},\"image\":{\"@id\":\"https:\\\/\\\/hartizanedesign.com\\\/producto\\\/nuit-cama-tapizada-con-canape-abatible-y-iluminacion-integrada\\\/#primaryimage\"},\"thumbnailUrl\":\"https:\\\/\\\/hartizanedesign.com\\\/wp-content\\\/uploads\\\/2026\\\/01\\\/NUIT.png\",\"datePublished\":\"2026-01-23T23:17:07+00:00\",\"breadcrumb\":{\"@id\":\"https:\\\/\\\/hartizanedesign.com\\\/producto\\\/nuit-cama-tapizada-con-canape-abatible-y-iluminacion-integrada\\\/#breadcrumb\"},\"inLanguage\":\"fr-FR\",\"potentialAction\":[{\"@type\":\"ReadAction\",\"target\":[\"https:\\\/\\\/hartizanedesign.com\\\/producto\\\/nuit-cama-tapizada-con-canape-abatible-y-iluminacion-integrada\\\/\"]}]},{\"@type\":\"ImageObject\",\"inLanguage\":\"fr-FR\",\"@id\":\"https:\\\/\\\/hartizanedesign.com\\\/producto\\\/nuit-cama-tapizada-con-canape-abatible-y-iluminacion-integrada\\\/#primaryimage\",\"url\":\"https:\\\/\\\/hartizanedesign.com\\\/wp-content\\\/uploads\\\/2026\\\/01\\\/NUIT.png\",\"contentUrl\":\"https:\\\/\\\/hartizanedesign.com\\\/wp-content\\\/uploads\\\/2026\\\/01\\\/NUIT.png\",\"width\":1300,\"height\":900},{\"@type\":\"BreadcrumbList\",\"@id\":\"https:\\\/\\\/hartizanedesign.com\\\/producto\\\/nuit-cama-tapizada-con-canape-abatible-y-iluminacion-integrada\\\/#breadcrumb\",\"itemListElement\":[{\"@type\":\"ListItem\",\"position\":1,\"name\":\"Home\",\"item\":\"https:\\\/\\\/hartizanedesign.com\\\/\"},{\"@type\":\"ListItem\",\"position\":2,\"name\":\"Tienda\",\"item\":\"https:\\\/\\\/hartizanedesign.com\\\/boutique\\\/\"},{\"@type\":\"ListItem\",\"position\":3,\"name\":\"NUIT ( cama tapizada con canap\u00e9 abatible y iluminaci\u00f3n integrada )\"}]},{\"@type\":\"WebSite\",\"@id\":\"https:\\\/\\\/hartizanedesign.com\\\/#website\",\"url\":\"https:\\\/\\\/hartizanedesign.com\\\/\",\"name\":\"hartizanedesign.com\",\"description\":\"\",\"publisher\":{\"@id\":\"https:\\\/\\\/hartizanedesign.com\\\/#organization\"},\"potentialAction\":[{\"@type\":\"SearchAction\",\"target\":{\"@type\":\"EntryPoint\",\"urlTemplate\":\"https:\\\/\\\/hartizanedesign.com\\\/?s={search_term_string}\"},\"query-input\":{\"@type\":\"PropertyValueSpecification\",\"valueRequired\":true,\"valueName\":\"search_term_string\"}}],\"inLanguage\":\"fr-FR\"},{\"@type\":\"Organization\",\"@id\":\"https:\\\/\\\/hartizanedesign.com\\\/#organization\",\"name\":\"hartizanedesign.com\",\"url\":\"https:\\\/\\\/hartizanedesign.com\\\/\",\"logo\":{\"@type\":\"ImageObject\",\"inLanguage\":\"fr-FR\",\"@id\":\"https:\\\/\\\/hartizanedesign.com\\\/#\\\/schema\\\/logo\\\/image\\\/\",\"url\":\"https:\\\/\\\/hartizanedesign.com\\\/wp-content\\\/uploads\\\/2025\\\/10\\\/Logo-commander2_Hartizane_Noire.svg.svg\",\"contentUrl\":\"https:\\\/\\\/hartizanedesign.com\\\/wp-content\\\/uploads\\\/2025\\\/10\\\/Logo-commander2_Hartizane_Noire.svg.svg\",\"width\":209,\"height\":62,\"caption\":\"hartizanedesign.com\"},\"image\":{\"@id\":\"https:\\\/\\\/hartizanedesign.com\\\/#\\\/schema\\\/logo\\\/image\\\/\"}}]}<\/script>\n<!-- \/ Yoast SEO plugin. -->","yoast_head_json":{"title":"NUIT ( cama tapizada con canap\u00e9 abatible y iluminaci\u00f3n integrada ) - hartizanedesign.com","robots":{"index":"index","follow":"follow","max-snippet":"max-snippet:-1","max-image-preview":"max-image-preview:large","max-video-preview":"max-video-preview:-1"},"canonical":"https:\/\/hartizanedesign.com\/fr\/produit\/nuit-cama-tapizada-con-canape-abatible-y-iluminacion-integrada\/","og_locale":"fr_FR","og_type":"article","og_title":"NUIT ( cama tapizada con canap\u00e9 abatible y iluminaci\u00f3n integrada ) - hartizanedesign.com","og_description":"Este lit representa una interpretaci\u00f3n refinada del lujo contempor\u00e1neo, donde el dise\u00f1o y el confort se fusionan con naturalidad. Su tapizado premium, seleccionado por su tacto suave y su alta durabilidad, recubre la estructura con una elegancia sobria y atemporal.  El cabecero acolchado, amplio y confortable, ofrece un excelente apoyo y aporta una sensaci\u00f3n envolvente que invita al descanso. La estructura interna, robusta y cuidadosamente elaborada, garantiza estabilidad y resistencia, mientras que las espumas de alta calidad aseguran una comodidad constante y duradera. Armaz\u00f3n en madera maciza de alta gama, pensado para perdurar, aportando firmeza estructural y nobleza material. Espuma de ingenier\u00eda avanzada para un soporte t\u00e9cnico \u00f3ptimo, dise\u00f1ada para mantener el confort y la forma con el paso del tiempo.  \u00a0Longitud\u00a0: 180 x 200","og_url":"https:\/\/hartizanedesign.com\/fr\/produit\/nuit-cama-tapizada-con-canape-abatible-y-iluminacion-integrada\/","og_site_name":"hartizanedesign.com","og_image":[{"width":1300,"height":900,"url":"https:\/\/hartizanedesign.com\/wp-content\/uploads\/2026\/01\/NUIT.png","type":"image\/png"}],"twitter_card":"summary_large_image","twitter_misc":{"Dur\u00e9e de lecture estim\u00e9e":"1 minute"},"schema":{"@context":"https:\/\/schema.org","@graph":[{"@type":"WebPage","@id":"https:\/\/hartizanedesign.com\/producto\/nuit-cama-tapizada-con-canape-abatible-y-iluminacion-integrada\/","url":"https:\/\/hartizanedesign.com\/producto\/nuit-cama-tapizada-con-canape-abatible-y-iluminacion-integrada\/","name":"NUIT ( cama tapizada con canap\u00e9 abatible y iluminaci\u00f3n integrada ) - hartizanedesign.com","isPartOf":{"@id":"https:\/\/hartizanedesign.com\/#website"},"primaryImageOfPage":{"@id":"https:\/\/hartizanedesign.com\/producto\/nuit-cama-tapizada-con-canape-abatible-y-iluminacion-integrada\/#primaryimage"},"image":{"@id":"https:\/\/hartizanedesign.com\/producto\/nuit-cama-tapizada-con-canape-abatible-y-iluminacion-integrada\/#primaryimage"},"thumbnailUrl":"https:\/\/hartizanedesign.com\/wp-content\/uploads\/2026\/01\/NUIT.png","datePublished":"2026-01-23T23:17:07+00:00","breadcrumb":{"@id":"https:\/\/hartizanedesign.com\/producto\/nuit-cama-tapizada-con-canape-abatible-y-iluminacion-integrada\/#breadcrumb"},"inLanguage":"fr-FR","potentialAction":[{"@type":"ReadAction","target":["https:\/\/hartizanedesign.com\/producto\/nuit-cama-tapizada-con-canape-abatible-y-iluminacion-integrada\/"]}]},{"@type":"ImageObject","inLanguage":"fr-FR","@id":"https:\/\/hartizanedesign.com\/producto\/nuit-cama-tapizada-con-canape-abatible-y-iluminacion-integrada\/#primaryimage","url":"https:\/\/hartizanedesign.com\/wp-content\/uploads\/2026\/01\/NUIT.png","contentUrl":"https:\/\/hartizanedesign.com\/wp-content\/uploads\/2026\/01\/NUIT.png","width":1300,"height":900},{"@type":"BreadcrumbList","@id":"https:\/\/hartizanedesign.com\/producto\/nuit-cama-tapizada-con-canape-abatible-y-iluminacion-integrada\/#breadcrumb","itemListElement":[{"@type":"ListItem","position":1,"name":"Home","item":"https:\/\/hartizanedesign.com\/"},{"@type":"ListItem","position":2,"name":"Tienda","item":"https:\/\/hartizanedesign.com\/boutique\/"},{"@type":"ListItem","position":3,"name":"NUIT ( cama tapizada con canap\u00e9 abatible y iluminaci\u00f3n integrada )"}]},{"@type":"WebSite","@id":"https:\/\/hartizanedesign.com\/#website","url":"https:\/\/hartizanedesign.com\/","name":"hartizanedesign.com","description":"","publisher":{"@id":"https:\/\/hartizanedesign.com\/#organization"},"potentialAction":[{"@type":"SearchAction","target":{"@type":"EntryPoint","urlTemplate":"https:\/\/hartizanedesign.com\/?s={search_term_string}"},"query-input":{"@type":"PropertyValueSpecification","valueRequired":true,"valueName":"search_term_string"}}],"inLanguage":"fr-FR"},{"@type":"Organization","@id":"https:\/\/hartizanedesign.com\/#organization","name":"hartizanedesign.com","url":"https:\/\/hartizanedesign.com\/","logo":{"@type":"ImageObject","inLanguage":"fr-FR","@id":"https:\/\/hartizanedesign.com\/#\/schema\/logo\/image\/","url":"https:\/\/hartizanedesign.com\/wp-content\/uploads\/2025\/10\/Logo-commander2_Hartizane_Noire.svg.svg","contentUrl":"https:\/\/hartizanedesign.com\/wp-content\/uploads\/2025\/10\/Logo-commander2_Hartizane_Noire.svg.svg","width":209,"height":62,"caption":"hartizanedesign.com"},"image":{"@id":"https:\/\/hartizanedesign.com\/#\/schema\/logo\/image\/"}}]}},"_links":{"self":[{"href":"https:\/\/hartizanedesign.com\/fr\/wp-json\/wp\/v2\/product\/4336","targetHints":{"allow":["GET"]}}],"collection":[{"href":"https:\/\/hartizanedesign.com\/fr\/wp-json\/wp\/v2\/product"}],"about":[{"href":"https:\/\/hartizanedesign.com\/fr\/wp-json\/wp\/v2\/types\/product"}],"version-history":[{"count":1,"href":"https:\/\/hartizanedesign.com\/fr\/wp-json\/wp\/v2\/product\/4336\/revisions"}],"predecessor-version":[{"id":4388,"href":"https:\/\/hartizanedesign.com\/fr\/wp-json\/wp\/v2\/product\/4336\/revisions\/4388"}],"wp:featuredmedia":[{"embeddable":true,"href":"https:\/\/hartizanedesign.com\/fr\/wp-json\/wp\/v2\/media\/4341"}],"wp:attachment":[{"href":"https:\/\/hartizanedesign.com\/fr\/wp-json\/wp\/v2\/media?parent=4336"}],"wp:term":[{"taxonomy":"product_brand","embeddable":true,"href":"https:\/\/hartizanedesign.com\/fr\/wp-json\/wp\/v2\/product_brand?post=4336"},{"taxonomy":"product_cat","embeddable":true,"href":"https:\/\/hartizanedesign.com\/fr\/wp-json\/wp\/v2\/product_cat?post=4336"},{"taxonomy":"product_tag","embeddable":true,"href":"https:\/\/hartizanedesign.com\/fr\/wp-json\/wp\/v2\/product_tag?post=4336"}],"curies":[{"name":"wp","href":"https:\/\/api.w.org\/{rel}","templated":true}]}}