{"id":4351,"date":"2026-01-24T00:13:47","date_gmt":"2026-01-23T23:13:47","guid":{"rendered":"https:\/\/hartizanedesign.com\/?post_type=product&#038;p=4351"},"modified":"2026-02-18T19:17:26","modified_gmt":"2026-02-18T19:17:26","slug":"dream-cama-tapizada-de-estetica-depurada","status":"publish","type":"product","link":"https:\/\/hartizanedesign.com\/fr\/produit\/dream-cama-tapizada-de-estetica-depurada\/","title":{"rendered":"DREAM ( cama tapizada de est\u00e9tica depurada )"},"content":{"rendered":"","protected":false},"excerpt":{"rendered":"<p>Dise\u00f1ado como el elemento protagonista del dormitorio, este lit destaca por su est\u00e9tica depurada y su confort superior. Su tapizado premium, elegido por su tacto agradable y su alta resistencia, recubre la estructura con elegancia y aporta una sensaci\u00f3n de calidez sofisticada.<\/p>\n<p>El cabecero acolchado ofrece un apoyo \u00f3ptimo, mientras que la espuma de alta densidad garantiza una excelente durabilidad. Cada detalle ha sido trabajado con precisi\u00f3n para asegurar estabilidad, calidad y una experiencia de descanso aut\u00e9nticamente premium. Sistema de espuma de alto desempe\u00f1o para una mayor vida \u00fatil, dise\u00f1ado para mantener el confort y la forma con el paso del tiempo. Armaz\u00f3n en madera maciza de alta gama, pensado para perdurar, aportando firmeza estructural y nobleza material.<\/p>\n<ul>\n<li style=\"font-weight: 400;\" aria-level=\"1\"><span style=\"font-weight: 400;\">Dimensiones<\/span><span style=\"font-weight: 400;\">\u00a0: 180 x 200<\/span><\/li>\n<\/ul>","protected":false},"featured_media":4319,"template":"","meta":[],"product_brand":[],"product_cat":[229],"product_tag":[],"class_list":{"0":"post-4351","1":"product","2":"type-product","3":"status-publish","4":"has-post-thumbnail","6":"product_cat-dormitorio","8":"first","9":"instock","10":"sale","11":"taxable","12":"shipping-taxable","13":"purchasable","14":"product-type-simple"},"yoast_head":"<!-- This site is optimized with the Yoast SEO plugin v27.4 - https:\/\/yoast.com\/product\/yoast-seo-wordpress\/ -->\n<title>DREAM ( cama tapizada de est\u00e9tica depurada ) - hartizanedesign.com<\/title>\n<meta name=\"robots\" content=\"index, follow, max-snippet:-1, max-image-preview:large, max-video-preview:-1\" \/>\n<link rel=\"canonical\" href=\"https:\/\/hartizanedesign.com\/fr\/produit\/dream-cama-tapizada-de-estetica-depurada\/\" \/>\n<meta property=\"og:locale\" content=\"fr_FR\" \/>\n<meta property=\"og:type\" content=\"article\" \/>\n<meta property=\"og:title\" content=\"DREAM ( cama tapizada de est\u00e9tica depurada ) - hartizanedesign.com\" \/>\n<meta property=\"og:description\" content=\"Dise\u00f1ado como el elemento protagonista del dormitorio, este lit destaca por su est\u00e9tica depurada y su confort superior. Su tapizado premium, elegido por su tacto agradable y su alta resistencia, recubre la estructura con elegancia y aporta una sensaci\u00f3n de calidez sofisticada.  El cabecero acolchado ofrece un apoyo \u00f3ptimo, mientras que la espuma de alta densidad garantiza una excelente durabilidad. Cada detalle ha sido trabajado con precisi\u00f3n para asegurar estabilidad, calidad y una experiencia de descanso aut\u00e9nticamente premium. Sistema de espuma de alto desempe\u00f1o para una mayor vida \u00fatil, dise\u00f1ado para mantener el confort y la forma con el paso del tiempo. Armaz\u00f3n en madera maciza de alta gama, pensado para perdurar, aportando firmeza estructural y nobleza material.   Dimensiones\u00a0: 180 x 200\" \/>\n<meta property=\"og:url\" content=\"https:\/\/hartizanedesign.com\/fr\/produit\/dream-cama-tapizada-de-estetica-depurada\/\" \/>\n<meta property=\"og:site_name\" content=\"hartizanedesign.com\" \/>\n<meta property=\"article:modified_time\" content=\"2026-02-18T19:17:26+00:00\" \/>\n<meta property=\"og:image\" content=\"https:\/\/hartizanedesign.com\/wp-content\/uploads\/2026\/01\/Dream.png\" \/>\n\t<meta property=\"og:image:width\" content=\"1300\" \/>\n\t<meta property=\"og:image:height\" content=\"900\" \/>\n\t<meta property=\"og:image:type\" content=\"image\/png\" \/>\n<meta name=\"twitter:card\" content=\"summary_large_image\" \/>\n<meta name=\"twitter:label1\" content=\"Dur\u00e9e de lecture estim\u00e9e\" \/>\n\t<meta name=\"twitter:data1\" content=\"1 minute\" \/>\n<script type=\"application\/ld+json\" class=\"yoast-schema-graph\">{\"@context\":\"https:\\\/\\\/schema.org\",\"@graph\":[{\"@type\":\"WebPage\",\"@id\":\"https:\\\/\\\/hartizanedesign.com\\\/producto\\\/dream-cama-tapizada-de-estetica-depurada\\\/\",\"url\":\"https:\\\/\\\/hartizanedesign.com\\\/producto\\\/dream-cama-tapizada-de-estetica-depurada\\\/\",\"name\":\"DREAM ( cama tapizada de est\u00e9tica depurada ) - hartizanedesign.com\",\"isPartOf\":{\"@id\":\"https:\\\/\\\/hartizanedesign.com\\\/#website\"},\"primaryImageOfPage\":{\"@id\":\"https:\\\/\\\/hartizanedesign.com\\\/producto\\\/dream-cama-tapizada-de-estetica-depurada\\\/#primaryimage\"},\"image\":{\"@id\":\"https:\\\/\\\/hartizanedesign.com\\\/producto\\\/dream-cama-tapizada-de-estetica-depurada\\\/#primaryimage\"},\"thumbnailUrl\":\"https:\\\/\\\/hartizanedesign.com\\\/wp-content\\\/uploads\\\/2026\\\/01\\\/Dream.png\",\"datePublished\":\"2026-01-23T23:13:47+00:00\",\"dateModified\":\"2026-02-18T19:17:26+00:00\",\"breadcrumb\":{\"@id\":\"https:\\\/\\\/hartizanedesign.com\\\/producto\\\/dream-cama-tapizada-de-estetica-depurada\\\/#breadcrumb\"},\"inLanguage\":\"fr-FR\",\"potentialAction\":[{\"@type\":\"ReadAction\",\"target\":[\"https:\\\/\\\/hartizanedesign.com\\\/producto\\\/dream-cama-tapizada-de-estetica-depurada\\\/\"]}]},{\"@type\":\"ImageObject\",\"inLanguage\":\"fr-FR\",\"@id\":\"https:\\\/\\\/hartizanedesign.com\\\/producto\\\/dream-cama-tapizada-de-estetica-depurada\\\/#primaryimage\",\"url\":\"https:\\\/\\\/hartizanedesign.com\\\/wp-content\\\/uploads\\\/2026\\\/01\\\/Dream.png\",\"contentUrl\":\"https:\\\/\\\/hartizanedesign.com\\\/wp-content\\\/uploads\\\/2026\\\/01\\\/Dream.png\",\"width\":1300,\"height\":900},{\"@type\":\"BreadcrumbList\",\"@id\":\"https:\\\/\\\/hartizanedesign.com\\\/producto\\\/dream-cama-tapizada-de-estetica-depurada\\\/#breadcrumb\",\"itemListElement\":[{\"@type\":\"ListItem\",\"position\":1,\"name\":\"Home\",\"item\":\"https:\\\/\\\/hartizanedesign.com\\\/\"},{\"@type\":\"ListItem\",\"position\":2,\"name\":\"Tienda\",\"item\":\"https:\\\/\\\/hartizanedesign.com\\\/boutique\\\/\"},{\"@type\":\"ListItem\",\"position\":3,\"name\":\"DREAM ( cama tapizada de est\u00e9tica depurada )\"}]},{\"@type\":\"WebSite\",\"@id\":\"https:\\\/\\\/hartizanedesign.com\\\/#website\",\"url\":\"https:\\\/\\\/hartizanedesign.com\\\/\",\"name\":\"hartizanedesign.com\",\"description\":\"\",\"publisher\":{\"@id\":\"https:\\\/\\\/hartizanedesign.com\\\/#organization\"},\"potentialAction\":[{\"@type\":\"SearchAction\",\"target\":{\"@type\":\"EntryPoint\",\"urlTemplate\":\"https:\\\/\\\/hartizanedesign.com\\\/?s={search_term_string}\"},\"query-input\":{\"@type\":\"PropertyValueSpecification\",\"valueRequired\":true,\"valueName\":\"search_term_string\"}}],\"inLanguage\":\"fr-FR\"},{\"@type\":\"Organization\",\"@id\":\"https:\\\/\\\/hartizanedesign.com\\\/#organization\",\"name\":\"hartizanedesign.com\",\"url\":\"https:\\\/\\\/hartizanedesign.com\\\/\",\"logo\":{\"@type\":\"ImageObject\",\"inLanguage\":\"fr-FR\",\"@id\":\"https:\\\/\\\/hartizanedesign.com\\\/#\\\/schema\\\/logo\\\/image\\\/\",\"url\":\"https:\\\/\\\/hartizanedesign.com\\\/wp-content\\\/uploads\\\/2025\\\/10\\\/Logo-commander2_Hartizane_Noire.svg.svg\",\"contentUrl\":\"https:\\\/\\\/hartizanedesign.com\\\/wp-content\\\/uploads\\\/2025\\\/10\\\/Logo-commander2_Hartizane_Noire.svg.svg\",\"width\":209,\"height\":62,\"caption\":\"hartizanedesign.com\"},\"image\":{\"@id\":\"https:\\\/\\\/hartizanedesign.com\\\/#\\\/schema\\\/logo\\\/image\\\/\"}}]}<\/script>\n<!-- \/ Yoast SEO plugin. -->","yoast_head_json":{"title":"DREAM ( cama tapizada de est\u00e9tica depurada ) - hartizanedesign.com","robots":{"index":"index","follow":"follow","max-snippet":"max-snippet:-1","max-image-preview":"max-image-preview:large","max-video-preview":"max-video-preview:-1"},"canonical":"https:\/\/hartizanedesign.com\/fr\/produit\/dream-cama-tapizada-de-estetica-depurada\/","og_locale":"fr_FR","og_type":"article","og_title":"DREAM ( cama tapizada de est\u00e9tica depurada ) - hartizanedesign.com","og_description":"Dise\u00f1ado como el elemento protagonista del dormitorio, este lit destaca por su est\u00e9tica depurada y su confort superior. Su tapizado premium, elegido por su tacto agradable y su alta resistencia, recubre la estructura con elegancia y aporta una sensaci\u00f3n de calidez sofisticada.  El cabecero acolchado ofrece un apoyo \u00f3ptimo, mientras que la espuma de alta densidad garantiza una excelente durabilidad. Cada detalle ha sido trabajado con precisi\u00f3n para asegurar estabilidad, calidad y una experiencia de descanso aut\u00e9nticamente premium. Sistema de espuma de alto desempe\u00f1o para una mayor vida \u00fatil, dise\u00f1ado para mantener el confort y la forma con el paso del tiempo. Armaz\u00f3n en madera maciza de alta gama, pensado para perdurar, aportando firmeza estructural y nobleza material.   Dimensiones\u00a0: 180 x 200","og_url":"https:\/\/hartizanedesign.com\/fr\/produit\/dream-cama-tapizada-de-estetica-depurada\/","og_site_name":"hartizanedesign.com","article_modified_time":"2026-02-18T19:17:26+00:00","og_image":[{"width":1300,"height":900,"url":"https:\/\/hartizanedesign.com\/wp-content\/uploads\/2026\/01\/Dream.png","type":"image\/png"}],"twitter_card":"summary_large_image","twitter_misc":{"Dur\u00e9e de lecture estim\u00e9e":"1 minute"},"schema":{"@context":"https:\/\/schema.org","@graph":[{"@type":"WebPage","@id":"https:\/\/hartizanedesign.com\/producto\/dream-cama-tapizada-de-estetica-depurada\/","url":"https:\/\/hartizanedesign.com\/producto\/dream-cama-tapizada-de-estetica-depurada\/","name":"DREAM ( cama tapizada de est\u00e9tica depurada ) - hartizanedesign.com","isPartOf":{"@id":"https:\/\/hartizanedesign.com\/#website"},"primaryImageOfPage":{"@id":"https:\/\/hartizanedesign.com\/producto\/dream-cama-tapizada-de-estetica-depurada\/#primaryimage"},"image":{"@id":"https:\/\/hartizanedesign.com\/producto\/dream-cama-tapizada-de-estetica-depurada\/#primaryimage"},"thumbnailUrl":"https:\/\/hartizanedesign.com\/wp-content\/uploads\/2026\/01\/Dream.png","datePublished":"2026-01-23T23:13:47+00:00","dateModified":"2026-02-18T19:17:26+00:00","breadcrumb":{"@id":"https:\/\/hartizanedesign.com\/producto\/dream-cama-tapizada-de-estetica-depurada\/#breadcrumb"},"inLanguage":"fr-FR","potentialAction":[{"@type":"ReadAction","target":["https:\/\/hartizanedesign.com\/producto\/dream-cama-tapizada-de-estetica-depurada\/"]}]},{"@type":"ImageObject","inLanguage":"fr-FR","@id":"https:\/\/hartizanedesign.com\/producto\/dream-cama-tapizada-de-estetica-depurada\/#primaryimage","url":"https:\/\/hartizanedesign.com\/wp-content\/uploads\/2026\/01\/Dream.png","contentUrl":"https:\/\/hartizanedesign.com\/wp-content\/uploads\/2026\/01\/Dream.png","width":1300,"height":900},{"@type":"BreadcrumbList","@id":"https:\/\/hartizanedesign.com\/producto\/dream-cama-tapizada-de-estetica-depurada\/#breadcrumb","itemListElement":[{"@type":"ListItem","position":1,"name":"Home","item":"https:\/\/hartizanedesign.com\/"},{"@type":"ListItem","position":2,"name":"Tienda","item":"https:\/\/hartizanedesign.com\/boutique\/"},{"@type":"ListItem","position":3,"name":"DREAM ( cama tapizada de est\u00e9tica depurada )"}]},{"@type":"WebSite","@id":"https:\/\/hartizanedesign.com\/#website","url":"https:\/\/hartizanedesign.com\/","name":"hartizanedesign.com","description":"","publisher":{"@id":"https:\/\/hartizanedesign.com\/#organization"},"potentialAction":[{"@type":"SearchAction","target":{"@type":"EntryPoint","urlTemplate":"https:\/\/hartizanedesign.com\/?s={search_term_string}"},"query-input":{"@type":"PropertyValueSpecification","valueRequired":true,"valueName":"search_term_string"}}],"inLanguage":"fr-FR"},{"@type":"Organization","@id":"https:\/\/hartizanedesign.com\/#organization","name":"hartizanedesign.com","url":"https:\/\/hartizanedesign.com\/","logo":{"@type":"ImageObject","inLanguage":"fr-FR","@id":"https:\/\/hartizanedesign.com\/#\/schema\/logo\/image\/","url":"https:\/\/hartizanedesign.com\/wp-content\/uploads\/2025\/10\/Logo-commander2_Hartizane_Noire.svg.svg","contentUrl":"https:\/\/hartizanedesign.com\/wp-content\/uploads\/2025\/10\/Logo-commander2_Hartizane_Noire.svg.svg","width":209,"height":62,"caption":"hartizanedesign.com"},"image":{"@id":"https:\/\/hartizanedesign.com\/#\/schema\/logo\/image\/"}}]}},"_links":{"self":[{"href":"https:\/\/hartizanedesign.com\/fr\/wp-json\/wp\/v2\/product\/4351","targetHints":{"allow":["GET"]}}],"collection":[{"href":"https:\/\/hartizanedesign.com\/fr\/wp-json\/wp\/v2\/product"}],"about":[{"href":"https:\/\/hartizanedesign.com\/fr\/wp-json\/wp\/v2\/types\/product"}],"version-history":[{"count":2,"href":"https:\/\/hartizanedesign.com\/fr\/wp-json\/wp\/v2\/product\/4351\/revisions"}],"predecessor-version":[{"id":4737,"href":"https:\/\/hartizanedesign.com\/fr\/wp-json\/wp\/v2\/product\/4351\/revisions\/4737"}],"wp:featuredmedia":[{"embeddable":true,"href":"https:\/\/hartizanedesign.com\/fr\/wp-json\/wp\/v2\/media\/4319"}],"wp:attachment":[{"href":"https:\/\/hartizanedesign.com\/fr\/wp-json\/wp\/v2\/media?parent=4351"}],"wp:term":[{"taxonomy":"product_brand","embeddable":true,"href":"https:\/\/hartizanedesign.com\/fr\/wp-json\/wp\/v2\/product_brand?post=4351"},{"taxonomy":"product_cat","embeddable":true,"href":"https:\/\/hartizanedesign.com\/fr\/wp-json\/wp\/v2\/product_cat?post=4351"},{"taxonomy":"product_tag","embeddable":true,"href":"https:\/\/hartizanedesign.com\/fr\/wp-json\/wp\/v2\/product_tag?post=4351"}],"curies":[{"name":"wp","href":"https:\/\/api.w.org\/{rel}","templated":true}]}}