{"id":4400,"date":"2026-01-24T00:27:00","date_gmt":"2026-01-23T23:27:00","guid":{"rendered":"https:\/\/hartizanedesign.com\/?post_type=product&#038;p=4400"},"modified":"2026-02-18T19:09:17","modified_gmt":"2026-02-18T19:09:17","slug":"siamese","status":"publish","type":"product","link":"https:\/\/hartizanedesign.com\/fr\/produit\/siamese\/","title":{"rendered":"SIAMESE"},"content":{"rendered":"","protected":false},"excerpt":{"rendered":"<p>La cama Siamese encarna una elegancia arquitect\u00f3nica y minimalista. Su imponente cabecero, dividido en dos secciones sim\u00e9tricas, aporta una estructura geom\u00e9trica relajante al dormitorio. Revestida con un tejido de alta gama de grano sutil, combina una est\u00e9tica sobria con materiales de primera calidad. El marco de cama bajo y los acabados discretos en madera resaltan un dise\u00f1o contempor\u00e1neo pensado para los interiores m\u00e1s refinados.<\/p>\n<p>Su armaz\u00f3n interno, elaborado en madera maciza cuidadosamente seleccionada, garantiza una estabilidad impecable y una durabilidad excepcional, aportando una presencia noble al conjunto.<br \/>\nLas espumas de alta resiliencia, integradas tanto en el cabecero como en la base, ofrecen un soporte t\u00e9cnico equilibrado y una sensaci\u00f3n de acogida envolvente, manteniendo su forma con el paso del tiempo.<\/p>\n<ul>\n<li style=\"font-weight: 400;\" aria-level=\"1\"><span style=\"font-weight: 400;\">Dimensions:<\/span><span style=\"font-weight: 400;\"> 160 x 200 <\/span><\/li>\n<\/ul>","protected":false},"featured_media":4331,"template":"","meta":[],"product_brand":[],"product_cat":[229],"product_tag":[],"class_list":{"0":"post-4400","1":"product","2":"type-product","3":"status-publish","4":"has-post-thumbnail","6":"product_cat-dormitorio","8":"first","9":"instock","10":"sale","11":"taxable","12":"shipping-taxable","13":"purchasable","14":"product-type-simple"},"yoast_head":"<!-- This site is optimized with the Yoast SEO plugin v27.4 - https:\/\/yoast.com\/product\/yoast-seo-wordpress\/ -->\n<title>SIAMESE - hartizanedesign.com<\/title>\n<meta name=\"robots\" content=\"index, follow, max-snippet:-1, max-image-preview:large, max-video-preview:-1\" \/>\n<link rel=\"canonical\" href=\"https:\/\/hartizanedesign.com\/fr\/produit\/siamese\/\" \/>\n<meta property=\"og:locale\" content=\"fr_FR\" \/>\n<meta property=\"og:type\" content=\"article\" \/>\n<meta property=\"og:title\" content=\"SIAMESE - hartizanedesign.com\" \/>\n<meta property=\"og:description\" content=\"La cama Siamese encarna una elegancia arquitect\u00f3nica y minimalista. Su imponente cabecero, dividido en dos secciones sim\u00e9tricas, aporta una estructura geom\u00e9trica relajante al dormitorio. Revestida con un tejido de alta gama de grano sutil, combina una est\u00e9tica sobria con materiales de primera calidad. El marco de cama bajo y los acabados discretos en madera resaltan un dise\u00f1o contempor\u00e1neo pensado para los interiores m\u00e1s refinados.  Su armaz\u00f3n interno, elaborado en madera maciza cuidadosamente seleccionada, garantiza una estabilidad impecable y una durabilidad excepcional, aportando una presencia noble al conjunto. Las espumas de alta resiliencia, integradas tanto en el cabecero como en la base, ofrecen un soporte t\u00e9cnico equilibrado y una sensaci\u00f3n de acogida envolvente, manteniendo su forma con el paso del tiempo.   Dimensiones: 160 x 200\" \/>\n<meta property=\"og:url\" content=\"https:\/\/hartizanedesign.com\/fr\/produit\/siamese\/\" \/>\n<meta property=\"og:site_name\" content=\"hartizanedesign.com\" \/>\n<meta property=\"article:modified_time\" content=\"2026-02-18T19:09:17+00:00\" \/>\n<meta property=\"og:image\" content=\"https:\/\/hartizanedesign.com\/wp-content\/uploads\/2026\/01\/Nido.png\" \/>\n\t<meta property=\"og:image:width\" content=\"1300\" \/>\n\t<meta property=\"og:image:height\" content=\"900\" \/>\n\t<meta property=\"og:image:type\" content=\"image\/png\" \/>\n<meta name=\"twitter:card\" content=\"summary_large_image\" \/>\n<meta name=\"twitter:label1\" content=\"Dur\u00e9e de lecture estim\u00e9e\" \/>\n\t<meta name=\"twitter:data1\" content=\"1 minute\" \/>\n<script type=\"application\/ld+json\" class=\"yoast-schema-graph\">{\"@context\":\"https:\\\/\\\/schema.org\",\"@graph\":[{\"@type\":\"WebPage\",\"@id\":\"https:\\\/\\\/hartizanedesign.com\\\/producto\\\/siamese\\\/\",\"url\":\"https:\\\/\\\/hartizanedesign.com\\\/producto\\\/siamese\\\/\",\"name\":\"SIAMESE - hartizanedesign.com\",\"isPartOf\":{\"@id\":\"https:\\\/\\\/hartizanedesign.com\\\/#website\"},\"primaryImageOfPage\":{\"@id\":\"https:\\\/\\\/hartizanedesign.com\\\/producto\\\/siamese\\\/#primaryimage\"},\"image\":{\"@id\":\"https:\\\/\\\/hartizanedesign.com\\\/producto\\\/siamese\\\/#primaryimage\"},\"thumbnailUrl\":\"https:\\\/\\\/hartizanedesign.com\\\/wp-content\\\/uploads\\\/2026\\\/01\\\/Nido.png\",\"datePublished\":\"2026-01-23T23:27:00+00:00\",\"dateModified\":\"2026-02-18T19:09:17+00:00\",\"breadcrumb\":{\"@id\":\"https:\\\/\\\/hartizanedesign.com\\\/producto\\\/siamese\\\/#breadcrumb\"},\"inLanguage\":\"fr-FR\",\"potentialAction\":[{\"@type\":\"ReadAction\",\"target\":[\"https:\\\/\\\/hartizanedesign.com\\\/producto\\\/siamese\\\/\"]}]},{\"@type\":\"ImageObject\",\"inLanguage\":\"fr-FR\",\"@id\":\"https:\\\/\\\/hartizanedesign.com\\\/producto\\\/siamese\\\/#primaryimage\",\"url\":\"https:\\\/\\\/hartizanedesign.com\\\/wp-content\\\/uploads\\\/2026\\\/01\\\/Nido.png\",\"contentUrl\":\"https:\\\/\\\/hartizanedesign.com\\\/wp-content\\\/uploads\\\/2026\\\/01\\\/Nido.png\",\"width\":1300,\"height\":900},{\"@type\":\"BreadcrumbList\",\"@id\":\"https:\\\/\\\/hartizanedesign.com\\\/producto\\\/siamese\\\/#breadcrumb\",\"itemListElement\":[{\"@type\":\"ListItem\",\"position\":1,\"name\":\"Home\",\"item\":\"https:\\\/\\\/hartizanedesign.com\\\/\"},{\"@type\":\"ListItem\",\"position\":2,\"name\":\"Tienda\",\"item\":\"https:\\\/\\\/hartizanedesign.com\\\/boutique\\\/\"},{\"@type\":\"ListItem\",\"position\":3,\"name\":\"SIAMESE\"}]},{\"@type\":\"WebSite\",\"@id\":\"https:\\\/\\\/hartizanedesign.com\\\/#website\",\"url\":\"https:\\\/\\\/hartizanedesign.com\\\/\",\"name\":\"hartizanedesign.com\",\"description\":\"\",\"publisher\":{\"@id\":\"https:\\\/\\\/hartizanedesign.com\\\/#organization\"},\"potentialAction\":[{\"@type\":\"SearchAction\",\"target\":{\"@type\":\"EntryPoint\",\"urlTemplate\":\"https:\\\/\\\/hartizanedesign.com\\\/?s={search_term_string}\"},\"query-input\":{\"@type\":\"PropertyValueSpecification\",\"valueRequired\":true,\"valueName\":\"search_term_string\"}}],\"inLanguage\":\"fr-FR\"},{\"@type\":\"Organization\",\"@id\":\"https:\\\/\\\/hartizanedesign.com\\\/#organization\",\"name\":\"hartizanedesign.com\",\"url\":\"https:\\\/\\\/hartizanedesign.com\\\/\",\"logo\":{\"@type\":\"ImageObject\",\"inLanguage\":\"fr-FR\",\"@id\":\"https:\\\/\\\/hartizanedesign.com\\\/#\\\/schema\\\/logo\\\/image\\\/\",\"url\":\"https:\\\/\\\/hartizanedesign.com\\\/wp-content\\\/uploads\\\/2025\\\/10\\\/Logo-commander2_Hartizane_Noire.svg.svg\",\"contentUrl\":\"https:\\\/\\\/hartizanedesign.com\\\/wp-content\\\/uploads\\\/2025\\\/10\\\/Logo-commander2_Hartizane_Noire.svg.svg\",\"width\":209,\"height\":62,\"caption\":\"hartizanedesign.com\"},\"image\":{\"@id\":\"https:\\\/\\\/hartizanedesign.com\\\/#\\\/schema\\\/logo\\\/image\\\/\"}}]}<\/script>\n<!-- \/ Yoast SEO plugin. -->","yoast_head_json":{"title":"SIAMESE - hartizanedesign.com","robots":{"index":"index","follow":"follow","max-snippet":"max-snippet:-1","max-image-preview":"max-image-preview:large","max-video-preview":"max-video-preview:-1"},"canonical":"https:\/\/hartizanedesign.com\/fr\/produit\/siamese\/","og_locale":"fr_FR","og_type":"article","og_title":"SIAMESE - hartizanedesign.com","og_description":"La cama Siamese encarna una elegancia arquitect\u00f3nica y minimalista. Su imponente cabecero, dividido en dos secciones sim\u00e9tricas, aporta una estructura geom\u00e9trica relajante al dormitorio. Revestida con un tejido de alta gama de grano sutil, combina una est\u00e9tica sobria con materiales de primera calidad. El marco de cama bajo y los acabados discretos en madera resaltan un dise\u00f1o contempor\u00e1neo pensado para los interiores m\u00e1s refinados.  Su armaz\u00f3n interno, elaborado en madera maciza cuidadosamente seleccionada, garantiza una estabilidad impecable y una durabilidad excepcional, aportando una presencia noble al conjunto. Las espumas de alta resiliencia, integradas tanto en el cabecero como en la base, ofrecen un soporte t\u00e9cnico equilibrado y una sensaci\u00f3n de acogida envolvente, manteniendo su forma con el paso del tiempo.   Dimensiones: 160 x 200","og_url":"https:\/\/hartizanedesign.com\/fr\/produit\/siamese\/","og_site_name":"hartizanedesign.com","article_modified_time":"2026-02-18T19:09:17+00:00","og_image":[{"width":1300,"height":900,"url":"https:\/\/hartizanedesign.com\/wp-content\/uploads\/2026\/01\/Nido.png","type":"image\/png"}],"twitter_card":"summary_large_image","twitter_misc":{"Dur\u00e9e de lecture estim\u00e9e":"1 minute"},"schema":{"@context":"https:\/\/schema.org","@graph":[{"@type":"WebPage","@id":"https:\/\/hartizanedesign.com\/producto\/siamese\/","url":"https:\/\/hartizanedesign.com\/producto\/siamese\/","name":"SIAMESE - hartizanedesign.com","isPartOf":{"@id":"https:\/\/hartizanedesign.com\/#website"},"primaryImageOfPage":{"@id":"https:\/\/hartizanedesign.com\/producto\/siamese\/#primaryimage"},"image":{"@id":"https:\/\/hartizanedesign.com\/producto\/siamese\/#primaryimage"},"thumbnailUrl":"https:\/\/hartizanedesign.com\/wp-content\/uploads\/2026\/01\/Nido.png","datePublished":"2026-01-23T23:27:00+00:00","dateModified":"2026-02-18T19:09:17+00:00","breadcrumb":{"@id":"https:\/\/hartizanedesign.com\/producto\/siamese\/#breadcrumb"},"inLanguage":"fr-FR","potentialAction":[{"@type":"ReadAction","target":["https:\/\/hartizanedesign.com\/producto\/siamese\/"]}]},{"@type":"ImageObject","inLanguage":"fr-FR","@id":"https:\/\/hartizanedesign.com\/producto\/siamese\/#primaryimage","url":"https:\/\/hartizanedesign.com\/wp-content\/uploads\/2026\/01\/Nido.png","contentUrl":"https:\/\/hartizanedesign.com\/wp-content\/uploads\/2026\/01\/Nido.png","width":1300,"height":900},{"@type":"BreadcrumbList","@id":"https:\/\/hartizanedesign.com\/producto\/siamese\/#breadcrumb","itemListElement":[{"@type":"ListItem","position":1,"name":"Home","item":"https:\/\/hartizanedesign.com\/"},{"@type":"ListItem","position":2,"name":"Tienda","item":"https:\/\/hartizanedesign.com\/boutique\/"},{"@type":"ListItem","position":3,"name":"SIAMESE"}]},{"@type":"WebSite","@id":"https:\/\/hartizanedesign.com\/#website","url":"https:\/\/hartizanedesign.com\/","name":"hartizanedesign.com","description":"","publisher":{"@id":"https:\/\/hartizanedesign.com\/#organization"},"potentialAction":[{"@type":"SearchAction","target":{"@type":"EntryPoint","urlTemplate":"https:\/\/hartizanedesign.com\/?s={search_term_string}"},"query-input":{"@type":"PropertyValueSpecification","valueRequired":true,"valueName":"search_term_string"}}],"inLanguage":"fr-FR"},{"@type":"Organization","@id":"https:\/\/hartizanedesign.com\/#organization","name":"hartizanedesign.com","url":"https:\/\/hartizanedesign.com\/","logo":{"@type":"ImageObject","inLanguage":"fr-FR","@id":"https:\/\/hartizanedesign.com\/#\/schema\/logo\/image\/","url":"https:\/\/hartizanedesign.com\/wp-content\/uploads\/2025\/10\/Logo-commander2_Hartizane_Noire.svg.svg","contentUrl":"https:\/\/hartizanedesign.com\/wp-content\/uploads\/2025\/10\/Logo-commander2_Hartizane_Noire.svg.svg","width":209,"height":62,"caption":"hartizanedesign.com"},"image":{"@id":"https:\/\/hartizanedesign.com\/#\/schema\/logo\/image\/"}}]}},"_links":{"self":[{"href":"https:\/\/hartizanedesign.com\/fr\/wp-json\/wp\/v2\/product\/4400","targetHints":{"allow":["GET"]}}],"collection":[{"href":"https:\/\/hartizanedesign.com\/fr\/wp-json\/wp\/v2\/product"}],"about":[{"href":"https:\/\/hartizanedesign.com\/fr\/wp-json\/wp\/v2\/types\/product"}],"version-history":[{"count":2,"href":"https:\/\/hartizanedesign.com\/fr\/wp-json\/wp\/v2\/product\/4400\/revisions"}],"predecessor-version":[{"id":4729,"href":"https:\/\/hartizanedesign.com\/fr\/wp-json\/wp\/v2\/product\/4400\/revisions\/4729"}],"wp:featuredmedia":[{"embeddable":true,"href":"https:\/\/hartizanedesign.com\/fr\/wp-json\/wp\/v2\/media\/4331"}],"wp:attachment":[{"href":"https:\/\/hartizanedesign.com\/fr\/wp-json\/wp\/v2\/media?parent=4400"}],"wp:term":[{"taxonomy":"product_brand","embeddable":true,"href":"https:\/\/hartizanedesign.com\/fr\/wp-json\/wp\/v2\/product_brand?post=4400"},{"taxonomy":"product_cat","embeddable":true,"href":"https:\/\/hartizanedesign.com\/fr\/wp-json\/wp\/v2\/product_cat?post=4400"},{"taxonomy":"product_tag","embeddable":true,"href":"https:\/\/hartizanedesign.com\/fr\/wp-json\/wp\/v2\/product_tag?post=4400"}],"curies":[{"name":"wp","href":"https:\/\/api.w.org\/{rel}","templated":true}]}}