{"id":4406,"date":"2026-01-24T00:28:33","date_gmt":"2026-01-23T23:28:33","guid":{"rendered":"https:\/\/hartizanedesign.com\/?post_type=product&#038;p=4406"},"modified":"2026-02-18T19:08:29","modified_gmt":"2026-02-18T19:08:29","slug":"pause","status":"publish","type":"product","link":"https:\/\/hartizanedesign.com\/fr\/produit\/pause\/","title":{"rendered":"PAUSE"},"content":{"rendered":"","protected":false},"excerpt":{"rendered":"<p>La cama se impone como una pieza de car\u00e1cter, definida por su cabecero alto de rigurosas l\u00edneas verticales. Este juego de relieves aporta una profundidad arquitect\u00f3nica \u00fanica, que recuerda al lujo de los grandes hoteles internacionales. Enmarcada en madera maciza de curvas suaves, ofrece un contraste sorprendente entre el acolchado estructurado y la calidez del material natural. Un modelo excepcional dise\u00f1ado para quienes buscan una est\u00e9tica a la vez imponente y acogedora.<\/p>\n<p>La estructura interna est\u00e1 realizada en madera maciza de calidad superior, seleccionada por su resistencia, estabilidad y excelente comportamiento con el paso del tiempo, aportando una base s\u00f3lida y noble al conjunto.<br \/>\nLas espumas t\u00e9cnicas de alta resiliencia, integradas en el cabecero, ofrecen un apoyo firme y una sensaci\u00f3n envolvente, manteniendo su volumen y confort durante a\u00f1os.<\/p>\n<ul>\n<li style=\"font-weight: 400;\" aria-level=\"1\"><span style=\"font-weight: 400;\">Dimensions:<\/span><span style=\"font-weight: 400;\"> 180 x 200 <\/span><\/li>\n<\/ul>","protected":false},"featured_media":4349,"template":"","meta":[],"product_brand":[],"product_cat":[229],"product_tag":[],"class_list":{"0":"post-4406","1":"product","2":"type-product","3":"status-publish","4":"has-post-thumbnail","6":"product_cat-dormitorio","8":"first","9":"instock","10":"sale","11":"taxable","12":"shipping-taxable","13":"purchasable","14":"product-type-simple"},"yoast_head":"<!-- This site is optimized with the Yoast SEO plugin v27.4 - https:\/\/yoast.com\/product\/yoast-seo-wordpress\/ -->\n<title>PAUSE - hartizanedesign.com<\/title>\n<meta name=\"robots\" content=\"index, follow, max-snippet:-1, max-image-preview:large, max-video-preview:-1\" \/>\n<link rel=\"canonical\" href=\"https:\/\/hartizanedesign.com\/fr\/produit\/pause\/\" \/>\n<meta property=\"og:locale\" content=\"fr_FR\" \/>\n<meta property=\"og:type\" content=\"article\" \/>\n<meta property=\"og:title\" content=\"PAUSE - hartizanedesign.com\" \/>\n<meta property=\"og:description\" content=\"La cama se impone como una pieza de car\u00e1cter, definida por su cabecero alto de rigurosas l\u00edneas verticales. Este juego de relieves aporta una profundidad arquitect\u00f3nica \u00fanica, que recuerda al lujo de los grandes hoteles internacionales. Enmarcada en madera maciza de curvas suaves, ofrece un contraste sorprendente entre el acolchado estructurado y la calidez del material natural. Un modelo excepcional dise\u00f1ado para quienes buscan una est\u00e9tica a la vez imponente y acogedora.  La estructura interna est\u00e1 realizada en madera maciza de calidad superior, seleccionada por su resistencia, estabilidad y excelente comportamiento con el paso del tiempo, aportando una base s\u00f3lida y noble al conjunto. Las espumas t\u00e9cnicas de alta resiliencia, integradas en el cabecero, ofrecen un apoyo firme y una sensaci\u00f3n envolvente, manteniendo su volumen y confort durante a\u00f1os.   Dimensiones: 180 x 200\" \/>\n<meta property=\"og:url\" content=\"https:\/\/hartizanedesign.com\/fr\/produit\/pause\/\" \/>\n<meta property=\"og:site_name\" content=\"hartizanedesign.com\" \/>\n<meta property=\"article:modified_time\" content=\"2026-02-18T19:08:29+00:00\" \/>\n<meta property=\"og:image\" content=\"https:\/\/hartizanedesign.com\/wp-content\/uploads\/2026\/01\/Pause.png\" \/>\n\t<meta property=\"og:image:width\" content=\"1300\" \/>\n\t<meta property=\"og:image:height\" content=\"900\" \/>\n\t<meta property=\"og:image:type\" content=\"image\/png\" \/>\n<meta name=\"twitter:card\" content=\"summary_large_image\" \/>\n<meta name=\"twitter:label1\" content=\"Dur\u00e9e de lecture estim\u00e9e\" \/>\n\t<meta name=\"twitter:data1\" content=\"1 minute\" \/>\n<script type=\"application\/ld+json\" class=\"yoast-schema-graph\">{\"@context\":\"https:\\\/\\\/schema.org\",\"@graph\":[{\"@type\":\"WebPage\",\"@id\":\"https:\\\/\\\/hartizanedesign.com\\\/producto\\\/pause\\\/\",\"url\":\"https:\\\/\\\/hartizanedesign.com\\\/producto\\\/pause\\\/\",\"name\":\"PAUSE - hartizanedesign.com\",\"isPartOf\":{\"@id\":\"https:\\\/\\\/hartizanedesign.com\\\/#website\"},\"primaryImageOfPage\":{\"@id\":\"https:\\\/\\\/hartizanedesign.com\\\/producto\\\/pause\\\/#primaryimage\"},\"image\":{\"@id\":\"https:\\\/\\\/hartizanedesign.com\\\/producto\\\/pause\\\/#primaryimage\"},\"thumbnailUrl\":\"https:\\\/\\\/hartizanedesign.com\\\/wp-content\\\/uploads\\\/2026\\\/01\\\/Pause.png\",\"datePublished\":\"2026-01-23T23:28:33+00:00\",\"dateModified\":\"2026-02-18T19:08:29+00:00\",\"breadcrumb\":{\"@id\":\"https:\\\/\\\/hartizanedesign.com\\\/producto\\\/pause\\\/#breadcrumb\"},\"inLanguage\":\"fr-FR\",\"potentialAction\":[{\"@type\":\"ReadAction\",\"target\":[\"https:\\\/\\\/hartizanedesign.com\\\/producto\\\/pause\\\/\"]}]},{\"@type\":\"ImageObject\",\"inLanguage\":\"fr-FR\",\"@id\":\"https:\\\/\\\/hartizanedesign.com\\\/producto\\\/pause\\\/#primaryimage\",\"url\":\"https:\\\/\\\/hartizanedesign.com\\\/wp-content\\\/uploads\\\/2026\\\/01\\\/Pause.png\",\"contentUrl\":\"https:\\\/\\\/hartizanedesign.com\\\/wp-content\\\/uploads\\\/2026\\\/01\\\/Pause.png\",\"width\":1300,\"height\":900},{\"@type\":\"BreadcrumbList\",\"@id\":\"https:\\\/\\\/hartizanedesign.com\\\/producto\\\/pause\\\/#breadcrumb\",\"itemListElement\":[{\"@type\":\"ListItem\",\"position\":1,\"name\":\"Home\",\"item\":\"https:\\\/\\\/hartizanedesign.com\\\/\"},{\"@type\":\"ListItem\",\"position\":2,\"name\":\"Tienda\",\"item\":\"https:\\\/\\\/hartizanedesign.com\\\/boutique\\\/\"},{\"@type\":\"ListItem\",\"position\":3,\"name\":\"PAUSE\"}]},{\"@type\":\"WebSite\",\"@id\":\"https:\\\/\\\/hartizanedesign.com\\\/#website\",\"url\":\"https:\\\/\\\/hartizanedesign.com\\\/\",\"name\":\"hartizanedesign.com\",\"description\":\"\",\"publisher\":{\"@id\":\"https:\\\/\\\/hartizanedesign.com\\\/#organization\"},\"potentialAction\":[{\"@type\":\"SearchAction\",\"target\":{\"@type\":\"EntryPoint\",\"urlTemplate\":\"https:\\\/\\\/hartizanedesign.com\\\/?s={search_term_string}\"},\"query-input\":{\"@type\":\"PropertyValueSpecification\",\"valueRequired\":true,\"valueName\":\"search_term_string\"}}],\"inLanguage\":\"fr-FR\"},{\"@type\":\"Organization\",\"@id\":\"https:\\\/\\\/hartizanedesign.com\\\/#organization\",\"name\":\"hartizanedesign.com\",\"url\":\"https:\\\/\\\/hartizanedesign.com\\\/\",\"logo\":{\"@type\":\"ImageObject\",\"inLanguage\":\"fr-FR\",\"@id\":\"https:\\\/\\\/hartizanedesign.com\\\/#\\\/schema\\\/logo\\\/image\\\/\",\"url\":\"https:\\\/\\\/hartizanedesign.com\\\/wp-content\\\/uploads\\\/2025\\\/10\\\/Logo-commander2_Hartizane_Noire.svg.svg\",\"contentUrl\":\"https:\\\/\\\/hartizanedesign.com\\\/wp-content\\\/uploads\\\/2025\\\/10\\\/Logo-commander2_Hartizane_Noire.svg.svg\",\"width\":209,\"height\":62,\"caption\":\"hartizanedesign.com\"},\"image\":{\"@id\":\"https:\\\/\\\/hartizanedesign.com\\\/#\\\/schema\\\/logo\\\/image\\\/\"}}]}<\/script>\n<!-- \/ Yoast SEO plugin. -->","yoast_head_json":{"title":"PAUSE - hartizanedesign.com","robots":{"index":"index","follow":"follow","max-snippet":"max-snippet:-1","max-image-preview":"max-image-preview:large","max-video-preview":"max-video-preview:-1"},"canonical":"https:\/\/hartizanedesign.com\/fr\/produit\/pause\/","og_locale":"fr_FR","og_type":"article","og_title":"PAUSE - hartizanedesign.com","og_description":"La cama se impone como una pieza de car\u00e1cter, definida por su cabecero alto de rigurosas l\u00edneas verticales. Este juego de relieves aporta una profundidad arquitect\u00f3nica \u00fanica, que recuerda al lujo de los grandes hoteles internacionales. Enmarcada en madera maciza de curvas suaves, ofrece un contraste sorprendente entre el acolchado estructurado y la calidez del material natural. Un modelo excepcional dise\u00f1ado para quienes buscan una est\u00e9tica a la vez imponente y acogedora.  La estructura interna est\u00e1 realizada en madera maciza de calidad superior, seleccionada por su resistencia, estabilidad y excelente comportamiento con el paso del tiempo, aportando una base s\u00f3lida y noble al conjunto. Las espumas t\u00e9cnicas de alta resiliencia, integradas en el cabecero, ofrecen un apoyo firme y una sensaci\u00f3n envolvente, manteniendo su volumen y confort durante a\u00f1os.   Dimensiones: 180 x 200","og_url":"https:\/\/hartizanedesign.com\/fr\/produit\/pause\/","og_site_name":"hartizanedesign.com","article_modified_time":"2026-02-18T19:08:29+00:00","og_image":[{"width":1300,"height":900,"url":"https:\/\/hartizanedesign.com\/wp-content\/uploads\/2026\/01\/Pause.png","type":"image\/png"}],"twitter_card":"summary_large_image","twitter_misc":{"Dur\u00e9e de lecture estim\u00e9e":"1 minute"},"schema":{"@context":"https:\/\/schema.org","@graph":[{"@type":"WebPage","@id":"https:\/\/hartizanedesign.com\/producto\/pause\/","url":"https:\/\/hartizanedesign.com\/producto\/pause\/","name":"PAUSE - hartizanedesign.com","isPartOf":{"@id":"https:\/\/hartizanedesign.com\/#website"},"primaryImageOfPage":{"@id":"https:\/\/hartizanedesign.com\/producto\/pause\/#primaryimage"},"image":{"@id":"https:\/\/hartizanedesign.com\/producto\/pause\/#primaryimage"},"thumbnailUrl":"https:\/\/hartizanedesign.com\/wp-content\/uploads\/2026\/01\/Pause.png","datePublished":"2026-01-23T23:28:33+00:00","dateModified":"2026-02-18T19:08:29+00:00","breadcrumb":{"@id":"https:\/\/hartizanedesign.com\/producto\/pause\/#breadcrumb"},"inLanguage":"fr-FR","potentialAction":[{"@type":"ReadAction","target":["https:\/\/hartizanedesign.com\/producto\/pause\/"]}]},{"@type":"ImageObject","inLanguage":"fr-FR","@id":"https:\/\/hartizanedesign.com\/producto\/pause\/#primaryimage","url":"https:\/\/hartizanedesign.com\/wp-content\/uploads\/2026\/01\/Pause.png","contentUrl":"https:\/\/hartizanedesign.com\/wp-content\/uploads\/2026\/01\/Pause.png","width":1300,"height":900},{"@type":"BreadcrumbList","@id":"https:\/\/hartizanedesign.com\/producto\/pause\/#breadcrumb","itemListElement":[{"@type":"ListItem","position":1,"name":"Home","item":"https:\/\/hartizanedesign.com\/"},{"@type":"ListItem","position":2,"name":"Tienda","item":"https:\/\/hartizanedesign.com\/boutique\/"},{"@type":"ListItem","position":3,"name":"PAUSE"}]},{"@type":"WebSite","@id":"https:\/\/hartizanedesign.com\/#website","url":"https:\/\/hartizanedesign.com\/","name":"hartizanedesign.com","description":"","publisher":{"@id":"https:\/\/hartizanedesign.com\/#organization"},"potentialAction":[{"@type":"SearchAction","target":{"@type":"EntryPoint","urlTemplate":"https:\/\/hartizanedesign.com\/?s={search_term_string}"},"query-input":{"@type":"PropertyValueSpecification","valueRequired":true,"valueName":"search_term_string"}}],"inLanguage":"fr-FR"},{"@type":"Organization","@id":"https:\/\/hartizanedesign.com\/#organization","name":"hartizanedesign.com","url":"https:\/\/hartizanedesign.com\/","logo":{"@type":"ImageObject","inLanguage":"fr-FR","@id":"https:\/\/hartizanedesign.com\/#\/schema\/logo\/image\/","url":"https:\/\/hartizanedesign.com\/wp-content\/uploads\/2025\/10\/Logo-commander2_Hartizane_Noire.svg.svg","contentUrl":"https:\/\/hartizanedesign.com\/wp-content\/uploads\/2025\/10\/Logo-commander2_Hartizane_Noire.svg.svg","width":209,"height":62,"caption":"hartizanedesign.com"},"image":{"@id":"https:\/\/hartizanedesign.com\/#\/schema\/logo\/image\/"}}]}},"_links":{"self":[{"href":"https:\/\/hartizanedesign.com\/fr\/wp-json\/wp\/v2\/product\/4406","targetHints":{"allow":["GET"]}}],"collection":[{"href":"https:\/\/hartizanedesign.com\/fr\/wp-json\/wp\/v2\/product"}],"about":[{"href":"https:\/\/hartizanedesign.com\/fr\/wp-json\/wp\/v2\/types\/product"}],"version-history":[{"count":2,"href":"https:\/\/hartizanedesign.com\/fr\/wp-json\/wp\/v2\/product\/4406\/revisions"}],"predecessor-version":[{"id":4727,"href":"https:\/\/hartizanedesign.com\/fr\/wp-json\/wp\/v2\/product\/4406\/revisions\/4727"}],"wp:featuredmedia":[{"embeddable":true,"href":"https:\/\/hartizanedesign.com\/fr\/wp-json\/wp\/v2\/media\/4349"}],"wp:attachment":[{"href":"https:\/\/hartizanedesign.com\/fr\/wp-json\/wp\/v2\/media?parent=4406"}],"wp:term":[{"taxonomy":"product_brand","embeddable":true,"href":"https:\/\/hartizanedesign.com\/fr\/wp-json\/wp\/v2\/product_brand?post=4406"},{"taxonomy":"product_cat","embeddable":true,"href":"https:\/\/hartizanedesign.com\/fr\/wp-json\/wp\/v2\/product_cat?post=4406"},{"taxonomy":"product_tag","embeddable":true,"href":"https:\/\/hartizanedesign.com\/fr\/wp-json\/wp\/v2\/product_tag?post=4406"}],"curies":[{"name":"wp","href":"https:\/\/api.w.org\/{rel}","templated":true}]}}