{"id":4408,"date":"2026-01-25T03:02:07","date_gmt":"2026-01-25T02:02:07","guid":{"rendered":"https:\/\/hartizanedesign.com\/?post_type=product&#038;p=4408"},"modified":"2026-02-18T19:08:06","modified_gmt":"2026-02-18T19:08:06","slug":"raiz","status":"publish","type":"product","link":"https:\/\/hartizanedesign.com\/fr\/produit\/raiz\/","title":{"rendered":"Raiz"},"content":{"rendered":"","protected":false},"excerpt":{"rendered":"<p>Admire su silueta escultural y la pureza de sus l\u00edneas frontales: un cabecero majestuoso que define el espacio con elegancia, aportando una serenidad inmediata al dormitorio. Totalmente tapizada en materiales premium, la cama presenta acabados impecables en 360\u00b0, permitiendo situarla en el centro de la habitaci\u00f3n como una verdadera isla de confort sin comprometer la est\u00e9tica desde ning\u00fan \u00e1ngulo.<\/p>\n<p>Su estructura interna, realizada en madera maciza seleccionada por su estabilidad y durabilidad, garantiza una base s\u00f3lida y una presencia noble con el paso del tiempo. El acolchado incorpora espumas t\u00e9cnicas de alta resiliencia, ofreciendo un soporte equilibrado y una sensaci\u00f3n envolvente dise\u00f1ada para acompa\u00f1ar los momentos de descanso y relajaci\u00f3n.<\/p>\n<p>El tacto texturizado del tejido, la robustez del armaz\u00f3n y el generoso acolchado revelan una calidad sin concesiones. M\u00e1s que un mueble, es una pieza de dise\u00f1o concebida para perdurar y elevar el espacio con una presencia arquitect\u00f3nica refinada.<\/p>\n<ul>\n<li style=\"font-weight: 400;\" aria-level=\"1\"><span style=\"font-weight: 400;\">Dimensions: <\/span><span style=\"font-weight: 400;\">160 x 200 <\/span><\/li>\n<\/ul>","protected":false},"featured_media":4358,"template":"","meta":[],"product_brand":[],"product_cat":[229],"product_tag":[],"class_list":{"0":"post-4408","1":"product","2":"type-product","3":"status-publish","4":"has-post-thumbnail","6":"product_cat-dormitorio","8":"first","9":"instock","10":"sale","11":"taxable","12":"shipping-taxable","13":"purchasable","14":"product-type-simple"},"yoast_head":"<!-- This site is optimized with the Yoast SEO plugin v27.4 - https:\/\/yoast.com\/product\/yoast-seo-wordpress\/ -->\n<title>Raiz - hartizanedesign.com<\/title>\n<meta name=\"robots\" content=\"index, follow, max-snippet:-1, max-image-preview:large, max-video-preview:-1\" \/>\n<link rel=\"canonical\" href=\"https:\/\/hartizanedesign.com\/fr\/produit\/raiz\/\" \/>\n<meta property=\"og:locale\" content=\"fr_FR\" \/>\n<meta property=\"og:type\" content=\"article\" \/>\n<meta property=\"og:title\" content=\"Raiz - hartizanedesign.com\" \/>\n<meta property=\"og:description\" content=\"Admire su silueta escultural y la pureza de sus l\u00edneas frontales: un cabecero majestuoso que define el espacio con elegancia, aportando una serenidad inmediata al dormitorio. Totalmente tapizada en materiales premium, la cama presenta acabados impecables en 360\u00b0, permitiendo situarla en el centro de la habitaci\u00f3n como una verdadera isla de confort sin comprometer la est\u00e9tica desde ning\u00fan \u00e1ngulo.  Su estructura interna, realizada en madera maciza seleccionada por su estabilidad y durabilidad, garantiza una base s\u00f3lida y una presencia noble con el paso del tiempo. El acolchado incorpora espumas t\u00e9cnicas de alta resiliencia, ofreciendo un soporte equilibrado y una sensaci\u00f3n envolvente dise\u00f1ada para acompa\u00f1ar los momentos de descanso y relajaci\u00f3n.  El tacto texturizado del tejido, la robustez del armaz\u00f3n y el generoso acolchado revelan una calidad sin concesiones. M\u00e1s que un mueble, es una pieza de dise\u00f1o concebida para perdurar y elevar el espacio con una presencia arquitect\u00f3nica refinada.   Dimensiones: 160 x 200\" \/>\n<meta property=\"og:url\" content=\"https:\/\/hartizanedesign.com\/fr\/produit\/raiz\/\" \/>\n<meta property=\"og:site_name\" content=\"hartizanedesign.com\" \/>\n<meta property=\"article:modified_time\" content=\"2026-02-18T19:08:06+00:00\" \/>\n<meta property=\"og:image\" content=\"https:\/\/hartizanedesign.com\/wp-content\/uploads\/2026\/01\/Raiz.png\" \/>\n\t<meta property=\"og:image:width\" content=\"1300\" \/>\n\t<meta property=\"og:image:height\" content=\"900\" \/>\n\t<meta property=\"og:image:type\" content=\"image\/png\" \/>\n<meta name=\"twitter:card\" content=\"summary_large_image\" \/>\n<meta name=\"twitter:label1\" content=\"Dur\u00e9e de lecture estim\u00e9e\" \/>\n\t<meta name=\"twitter:data1\" content=\"1 minute\" \/>\n<script type=\"application\/ld+json\" class=\"yoast-schema-graph\">{\"@context\":\"https:\\\/\\\/schema.org\",\"@graph\":[{\"@type\":\"WebPage\",\"@id\":\"https:\\\/\\\/hartizanedesign.com\\\/producto\\\/raiz\\\/\",\"url\":\"https:\\\/\\\/hartizanedesign.com\\\/producto\\\/raiz\\\/\",\"name\":\"Raiz - hartizanedesign.com\",\"isPartOf\":{\"@id\":\"https:\\\/\\\/hartizanedesign.com\\\/#website\"},\"primaryImageOfPage\":{\"@id\":\"https:\\\/\\\/hartizanedesign.com\\\/producto\\\/raiz\\\/#primaryimage\"},\"image\":{\"@id\":\"https:\\\/\\\/hartizanedesign.com\\\/producto\\\/raiz\\\/#primaryimage\"},\"thumbnailUrl\":\"https:\\\/\\\/hartizanedesign.com\\\/wp-content\\\/uploads\\\/2026\\\/01\\\/Raiz.png\",\"datePublished\":\"2026-01-25T02:02:07+00:00\",\"dateModified\":\"2026-02-18T19:08:06+00:00\",\"breadcrumb\":{\"@id\":\"https:\\\/\\\/hartizanedesign.com\\\/producto\\\/raiz\\\/#breadcrumb\"},\"inLanguage\":\"fr-FR\",\"potentialAction\":[{\"@type\":\"ReadAction\",\"target\":[\"https:\\\/\\\/hartizanedesign.com\\\/producto\\\/raiz\\\/\"]}]},{\"@type\":\"ImageObject\",\"inLanguage\":\"fr-FR\",\"@id\":\"https:\\\/\\\/hartizanedesign.com\\\/producto\\\/raiz\\\/#primaryimage\",\"url\":\"https:\\\/\\\/hartizanedesign.com\\\/wp-content\\\/uploads\\\/2026\\\/01\\\/Raiz.png\",\"contentUrl\":\"https:\\\/\\\/hartizanedesign.com\\\/wp-content\\\/uploads\\\/2026\\\/01\\\/Raiz.png\",\"width\":1300,\"height\":900},{\"@type\":\"BreadcrumbList\",\"@id\":\"https:\\\/\\\/hartizanedesign.com\\\/producto\\\/raiz\\\/#breadcrumb\",\"itemListElement\":[{\"@type\":\"ListItem\",\"position\":1,\"name\":\"Home\",\"item\":\"https:\\\/\\\/hartizanedesign.com\\\/\"},{\"@type\":\"ListItem\",\"position\":2,\"name\":\"Tienda\",\"item\":\"https:\\\/\\\/hartizanedesign.com\\\/boutique\\\/\"},{\"@type\":\"ListItem\",\"position\":3,\"name\":\"Raiz\"}]},{\"@type\":\"WebSite\",\"@id\":\"https:\\\/\\\/hartizanedesign.com\\\/#website\",\"url\":\"https:\\\/\\\/hartizanedesign.com\\\/\",\"name\":\"hartizanedesign.com\",\"description\":\"\",\"publisher\":{\"@id\":\"https:\\\/\\\/hartizanedesign.com\\\/#organization\"},\"potentialAction\":[{\"@type\":\"SearchAction\",\"target\":{\"@type\":\"EntryPoint\",\"urlTemplate\":\"https:\\\/\\\/hartizanedesign.com\\\/?s={search_term_string}\"},\"query-input\":{\"@type\":\"PropertyValueSpecification\",\"valueRequired\":true,\"valueName\":\"search_term_string\"}}],\"inLanguage\":\"fr-FR\"},{\"@type\":\"Organization\",\"@id\":\"https:\\\/\\\/hartizanedesign.com\\\/#organization\",\"name\":\"hartizanedesign.com\",\"url\":\"https:\\\/\\\/hartizanedesign.com\\\/\",\"logo\":{\"@type\":\"ImageObject\",\"inLanguage\":\"fr-FR\",\"@id\":\"https:\\\/\\\/hartizanedesign.com\\\/#\\\/schema\\\/logo\\\/image\\\/\",\"url\":\"https:\\\/\\\/hartizanedesign.com\\\/wp-content\\\/uploads\\\/2025\\\/10\\\/Logo-commander2_Hartizane_Noire.svg.svg\",\"contentUrl\":\"https:\\\/\\\/hartizanedesign.com\\\/wp-content\\\/uploads\\\/2025\\\/10\\\/Logo-commander2_Hartizane_Noire.svg.svg\",\"width\":209,\"height\":62,\"caption\":\"hartizanedesign.com\"},\"image\":{\"@id\":\"https:\\\/\\\/hartizanedesign.com\\\/#\\\/schema\\\/logo\\\/image\\\/\"}}]}<\/script>\n<!-- \/ Yoast SEO plugin. -->","yoast_head_json":{"title":"Raiz - hartizanedesign.com","robots":{"index":"index","follow":"follow","max-snippet":"max-snippet:-1","max-image-preview":"max-image-preview:large","max-video-preview":"max-video-preview:-1"},"canonical":"https:\/\/hartizanedesign.com\/fr\/produit\/raiz\/","og_locale":"fr_FR","og_type":"article","og_title":"Raiz - hartizanedesign.com","og_description":"Admire su silueta escultural y la pureza de sus l\u00edneas frontales: un cabecero majestuoso que define el espacio con elegancia, aportando una serenidad inmediata al dormitorio. Totalmente tapizada en materiales premium, la cama presenta acabados impecables en 360\u00b0, permitiendo situarla en el centro de la habitaci\u00f3n como una verdadera isla de confort sin comprometer la est\u00e9tica desde ning\u00fan \u00e1ngulo.  Su estructura interna, realizada en madera maciza seleccionada por su estabilidad y durabilidad, garantiza una base s\u00f3lida y una presencia noble con el paso del tiempo. El acolchado incorpora espumas t\u00e9cnicas de alta resiliencia, ofreciendo un soporte equilibrado y una sensaci\u00f3n envolvente dise\u00f1ada para acompa\u00f1ar los momentos de descanso y relajaci\u00f3n.  El tacto texturizado del tejido, la robustez del armaz\u00f3n y el generoso acolchado revelan una calidad sin concesiones. M\u00e1s que un mueble, es una pieza de dise\u00f1o concebida para perdurar y elevar el espacio con una presencia arquitect\u00f3nica refinada.   Dimensiones: 160 x 200","og_url":"https:\/\/hartizanedesign.com\/fr\/produit\/raiz\/","og_site_name":"hartizanedesign.com","article_modified_time":"2026-02-18T19:08:06+00:00","og_image":[{"width":1300,"height":900,"url":"https:\/\/hartizanedesign.com\/wp-content\/uploads\/2026\/01\/Raiz.png","type":"image\/png"}],"twitter_card":"summary_large_image","twitter_misc":{"Dur\u00e9e de lecture estim\u00e9e":"1 minute"},"schema":{"@context":"https:\/\/schema.org","@graph":[{"@type":"WebPage","@id":"https:\/\/hartizanedesign.com\/producto\/raiz\/","url":"https:\/\/hartizanedesign.com\/producto\/raiz\/","name":"Raiz - hartizanedesign.com","isPartOf":{"@id":"https:\/\/hartizanedesign.com\/#website"},"primaryImageOfPage":{"@id":"https:\/\/hartizanedesign.com\/producto\/raiz\/#primaryimage"},"image":{"@id":"https:\/\/hartizanedesign.com\/producto\/raiz\/#primaryimage"},"thumbnailUrl":"https:\/\/hartizanedesign.com\/wp-content\/uploads\/2026\/01\/Raiz.png","datePublished":"2026-01-25T02:02:07+00:00","dateModified":"2026-02-18T19:08:06+00:00","breadcrumb":{"@id":"https:\/\/hartizanedesign.com\/producto\/raiz\/#breadcrumb"},"inLanguage":"fr-FR","potentialAction":[{"@type":"ReadAction","target":["https:\/\/hartizanedesign.com\/producto\/raiz\/"]}]},{"@type":"ImageObject","inLanguage":"fr-FR","@id":"https:\/\/hartizanedesign.com\/producto\/raiz\/#primaryimage","url":"https:\/\/hartizanedesign.com\/wp-content\/uploads\/2026\/01\/Raiz.png","contentUrl":"https:\/\/hartizanedesign.com\/wp-content\/uploads\/2026\/01\/Raiz.png","width":1300,"height":900},{"@type":"BreadcrumbList","@id":"https:\/\/hartizanedesign.com\/producto\/raiz\/#breadcrumb","itemListElement":[{"@type":"ListItem","position":1,"name":"Home","item":"https:\/\/hartizanedesign.com\/"},{"@type":"ListItem","position":2,"name":"Tienda","item":"https:\/\/hartizanedesign.com\/boutique\/"},{"@type":"ListItem","position":3,"name":"Raiz"}]},{"@type":"WebSite","@id":"https:\/\/hartizanedesign.com\/#website","url":"https:\/\/hartizanedesign.com\/","name":"hartizanedesign.com","description":"","publisher":{"@id":"https:\/\/hartizanedesign.com\/#organization"},"potentialAction":[{"@type":"SearchAction","target":{"@type":"EntryPoint","urlTemplate":"https:\/\/hartizanedesign.com\/?s={search_term_string}"},"query-input":{"@type":"PropertyValueSpecification","valueRequired":true,"valueName":"search_term_string"}}],"inLanguage":"fr-FR"},{"@type":"Organization","@id":"https:\/\/hartizanedesign.com\/#organization","name":"hartizanedesign.com","url":"https:\/\/hartizanedesign.com\/","logo":{"@type":"ImageObject","inLanguage":"fr-FR","@id":"https:\/\/hartizanedesign.com\/#\/schema\/logo\/image\/","url":"https:\/\/hartizanedesign.com\/wp-content\/uploads\/2025\/10\/Logo-commander2_Hartizane_Noire.svg.svg","contentUrl":"https:\/\/hartizanedesign.com\/wp-content\/uploads\/2025\/10\/Logo-commander2_Hartizane_Noire.svg.svg","width":209,"height":62,"caption":"hartizanedesign.com"},"image":{"@id":"https:\/\/hartizanedesign.com\/#\/schema\/logo\/image\/"}}]}},"_links":{"self":[{"href":"https:\/\/hartizanedesign.com\/fr\/wp-json\/wp\/v2\/product\/4408","targetHints":{"allow":["GET"]}}],"collection":[{"href":"https:\/\/hartizanedesign.com\/fr\/wp-json\/wp\/v2\/product"}],"about":[{"href":"https:\/\/hartizanedesign.com\/fr\/wp-json\/wp\/v2\/types\/product"}],"version-history":[{"count":2,"href":"https:\/\/hartizanedesign.com\/fr\/wp-json\/wp\/v2\/product\/4408\/revisions"}],"predecessor-version":[{"id":4726,"href":"https:\/\/hartizanedesign.com\/fr\/wp-json\/wp\/v2\/product\/4408\/revisions\/4726"}],"wp:featuredmedia":[{"embeddable":true,"href":"https:\/\/hartizanedesign.com\/fr\/wp-json\/wp\/v2\/media\/4358"}],"wp:attachment":[{"href":"https:\/\/hartizanedesign.com\/fr\/wp-json\/wp\/v2\/media?parent=4408"}],"wp:term":[{"taxonomy":"product_brand","embeddable":true,"href":"https:\/\/hartizanedesign.com\/fr\/wp-json\/wp\/v2\/product_brand?post=4408"},{"taxonomy":"product_cat","embeddable":true,"href":"https:\/\/hartizanedesign.com\/fr\/wp-json\/wp\/v2\/product_cat?post=4408"},{"taxonomy":"product_tag","embeddable":true,"href":"https:\/\/hartizanedesign.com\/fr\/wp-json\/wp\/v2\/product_tag?post=4408"}],"curies":[{"name":"wp","href":"https:\/\/api.w.org\/{rel}","templated":true}]}}