{"id":4411,"date":"2026-01-25T03:05:41","date_gmt":"2026-01-25T02:05:41","guid":{"rendered":"https:\/\/hartizanedesign.com\/?post_type=product&#038;p=4411"},"modified":"2026-02-18T19:06:26","modified_gmt":"2026-02-18T19:06:26","slug":"majesty-bed","status":"publish","type":"product","link":"https:\/\/hartizanedesign.com\/fr\/produit\/majesty-bed\/","title":{"rendered":"Majesty bed"},"content":{"rendered":"","protected":false},"excerpt":{"rendered":"<p>Una silueta escultural caracteriza esta majestuosa cama cuya pureza de l\u00edneas frontales define el espacio con una elegancia excepcional. Su dise\u00f1o org\u00e1nico aporta una serenidad inmediata a su hogar, mientras que su acabado completamente tapizado con materiales de primera calidad permite situarla en el centro de la habitaci\u00f3n como una verdadera isla de confort, sin comprometer la est\u00e9tica desde ning\u00fan \u00e1ngulo.<\/p>\n<p>Su estructura interna en madera maciza de alto est\u00e1ndar de calidad ofrece una base s\u00f3lida, estable y duradera, realzando la nobleza del material natural y garantizando un rendimiento impecable con el paso del tiempo.<br \/>\nEl acolchado incorpora espumas t\u00e9cnicas de alta resiliencia, que proporcionan un soporte equilibrado y una sensaci\u00f3n envolvente, manteniendo la forma y el bienestar durante a\u00f1os.<\/p>\n<p>Esta pieza de dise\u00f1o, concebida para perdurar, ofrece una calidad sin concesiones gracias a un tacto texturizado \u00fanico, una estructura robusta y un acolchado generoso que transforman el dormitorio en un santuario de lujo contempor\u00e1neo.<\/p>\n<ul>\n<li>Dimensiones : <b>180 x 200 <\/b><\/li>\n<\/ul>","protected":false},"featured_media":4327,"template":"","meta":[],"product_brand":[],"product_cat":[229],"product_tag":[],"class_list":{"0":"post-4411","1":"product","2":"type-product","3":"status-publish","4":"has-post-thumbnail","6":"product_cat-dormitorio","8":"first","9":"instock","10":"taxable","11":"shipping-taxable","12":"purchasable","13":"product-type-simple"},"yoast_head":"<!-- This site is optimized with the Yoast SEO plugin v27.4 - https:\/\/yoast.com\/product\/yoast-seo-wordpress\/ -->\n<title>Majesty bed - hartizanedesign.com<\/title>\n<meta name=\"robots\" content=\"index, follow, max-snippet:-1, max-image-preview:large, max-video-preview:-1\" \/>\n<link rel=\"canonical\" href=\"https:\/\/hartizanedesign.com\/fr\/produit\/majesty-bed\/\" \/>\n<meta property=\"og:locale\" content=\"fr_FR\" \/>\n<meta property=\"og:type\" content=\"article\" \/>\n<meta property=\"og:title\" content=\"Majesty bed - hartizanedesign.com\" \/>\n<meta property=\"og:description\" content=\"Una silueta escultural caracteriza esta majestuosa cama cuya pureza de l\u00edneas frontales define el espacio con una elegancia excepcional. Su dise\u00f1o org\u00e1nico aporta una serenidad inmediata a su hogar, mientras que su acabado completamente tapizado con materiales de primera calidad permite situarla en el centro de la habitaci\u00f3n como una verdadera isla de confort, sin comprometer la est\u00e9tica desde ning\u00fan \u00e1ngulo.  Su estructura interna en madera maciza de alto est\u00e1ndar de calidad ofrece una base s\u00f3lida, estable y duradera, realzando la nobleza del material natural y garantizando un rendimiento impecable con el paso del tiempo. El acolchado incorpora espumas t\u00e9cnicas de alta resiliencia, que proporcionan un soporte equilibrado y una sensaci\u00f3n envolvente, manteniendo la forma y el bienestar durante a\u00f1os.  Esta pieza de dise\u00f1o, concebida para perdurar, ofrece una calidad sin concesiones gracias a un tacto texturizado \u00fanico, una estructura robusta y un acolchado generoso que transforman el dormitorio en un santuario de lujo contempor\u00e1neo.   Dimensiones : 180 x 200\" \/>\n<meta property=\"og:url\" content=\"https:\/\/hartizanedesign.com\/fr\/produit\/majesty-bed\/\" \/>\n<meta property=\"og:site_name\" content=\"hartizanedesign.com\" \/>\n<meta property=\"article:modified_time\" content=\"2026-02-18T19:06:26+00:00\" \/>\n<meta property=\"og:image\" content=\"https:\/\/hartizanedesign.com\/wp-content\/uploads\/2026\/01\/Majesty.png\" \/>\n\t<meta property=\"og:image:width\" content=\"1300\" \/>\n\t<meta property=\"og:image:height\" content=\"900\" \/>\n\t<meta property=\"og:image:type\" content=\"image\/png\" \/>\n<meta name=\"twitter:card\" content=\"summary_large_image\" \/>\n<meta name=\"twitter:label1\" content=\"Dur\u00e9e de lecture estim\u00e9e\" \/>\n\t<meta name=\"twitter:data1\" content=\"1 minute\" \/>\n<script type=\"application\/ld+json\" class=\"yoast-schema-graph\">{\"@context\":\"https:\\\/\\\/schema.org\",\"@graph\":[{\"@type\":\"WebPage\",\"@id\":\"https:\\\/\\\/hartizanedesign.com\\\/producto\\\/majesty-bed\\\/\",\"url\":\"https:\\\/\\\/hartizanedesign.com\\\/producto\\\/majesty-bed\\\/\",\"name\":\"Majesty bed - hartizanedesign.com\",\"isPartOf\":{\"@id\":\"https:\\\/\\\/hartizanedesign.com\\\/#website\"},\"primaryImageOfPage\":{\"@id\":\"https:\\\/\\\/hartizanedesign.com\\\/producto\\\/majesty-bed\\\/#primaryimage\"},\"image\":{\"@id\":\"https:\\\/\\\/hartizanedesign.com\\\/producto\\\/majesty-bed\\\/#primaryimage\"},\"thumbnailUrl\":\"https:\\\/\\\/hartizanedesign.com\\\/wp-content\\\/uploads\\\/2026\\\/01\\\/Majesty.png\",\"datePublished\":\"2026-01-25T02:05:41+00:00\",\"dateModified\":\"2026-02-18T19:06:26+00:00\",\"breadcrumb\":{\"@id\":\"https:\\\/\\\/hartizanedesign.com\\\/producto\\\/majesty-bed\\\/#breadcrumb\"},\"inLanguage\":\"fr-FR\",\"potentialAction\":[{\"@type\":\"ReadAction\",\"target\":[\"https:\\\/\\\/hartizanedesign.com\\\/producto\\\/majesty-bed\\\/\"]}]},{\"@type\":\"ImageObject\",\"inLanguage\":\"fr-FR\",\"@id\":\"https:\\\/\\\/hartizanedesign.com\\\/producto\\\/majesty-bed\\\/#primaryimage\",\"url\":\"https:\\\/\\\/hartizanedesign.com\\\/wp-content\\\/uploads\\\/2026\\\/01\\\/Majesty.png\",\"contentUrl\":\"https:\\\/\\\/hartizanedesign.com\\\/wp-content\\\/uploads\\\/2026\\\/01\\\/Majesty.png\",\"width\":1300,\"height\":900},{\"@type\":\"BreadcrumbList\",\"@id\":\"https:\\\/\\\/hartizanedesign.com\\\/producto\\\/majesty-bed\\\/#breadcrumb\",\"itemListElement\":[{\"@type\":\"ListItem\",\"position\":1,\"name\":\"Home\",\"item\":\"https:\\\/\\\/hartizanedesign.com\\\/\"},{\"@type\":\"ListItem\",\"position\":2,\"name\":\"Tienda\",\"item\":\"https:\\\/\\\/hartizanedesign.com\\\/boutique\\\/\"},{\"@type\":\"ListItem\",\"position\":3,\"name\":\"Majesty bed\"}]},{\"@type\":\"WebSite\",\"@id\":\"https:\\\/\\\/hartizanedesign.com\\\/#website\",\"url\":\"https:\\\/\\\/hartizanedesign.com\\\/\",\"name\":\"hartizanedesign.com\",\"description\":\"\",\"publisher\":{\"@id\":\"https:\\\/\\\/hartizanedesign.com\\\/#organization\"},\"potentialAction\":[{\"@type\":\"SearchAction\",\"target\":{\"@type\":\"EntryPoint\",\"urlTemplate\":\"https:\\\/\\\/hartizanedesign.com\\\/?s={search_term_string}\"},\"query-input\":{\"@type\":\"PropertyValueSpecification\",\"valueRequired\":true,\"valueName\":\"search_term_string\"}}],\"inLanguage\":\"fr-FR\"},{\"@type\":\"Organization\",\"@id\":\"https:\\\/\\\/hartizanedesign.com\\\/#organization\",\"name\":\"hartizanedesign.com\",\"url\":\"https:\\\/\\\/hartizanedesign.com\\\/\",\"logo\":{\"@type\":\"ImageObject\",\"inLanguage\":\"fr-FR\",\"@id\":\"https:\\\/\\\/hartizanedesign.com\\\/#\\\/schema\\\/logo\\\/image\\\/\",\"url\":\"https:\\\/\\\/hartizanedesign.com\\\/wp-content\\\/uploads\\\/2025\\\/10\\\/Logo-commander2_Hartizane_Noire.svg.svg\",\"contentUrl\":\"https:\\\/\\\/hartizanedesign.com\\\/wp-content\\\/uploads\\\/2025\\\/10\\\/Logo-commander2_Hartizane_Noire.svg.svg\",\"width\":209,\"height\":62,\"caption\":\"hartizanedesign.com\"},\"image\":{\"@id\":\"https:\\\/\\\/hartizanedesign.com\\\/#\\\/schema\\\/logo\\\/image\\\/\"}}]}<\/script>\n<!-- \/ Yoast SEO plugin. -->","yoast_head_json":{"title":"Majesty bed - hartizanedesign.com","robots":{"index":"index","follow":"follow","max-snippet":"max-snippet:-1","max-image-preview":"max-image-preview:large","max-video-preview":"max-video-preview:-1"},"canonical":"https:\/\/hartizanedesign.com\/fr\/produit\/majesty-bed\/","og_locale":"fr_FR","og_type":"article","og_title":"Majesty bed - hartizanedesign.com","og_description":"Una silueta escultural caracteriza esta majestuosa cama cuya pureza de l\u00edneas frontales define el espacio con una elegancia excepcional. Su dise\u00f1o org\u00e1nico aporta una serenidad inmediata a su hogar, mientras que su acabado completamente tapizado con materiales de primera calidad permite situarla en el centro de la habitaci\u00f3n como una verdadera isla de confort, sin comprometer la est\u00e9tica desde ning\u00fan \u00e1ngulo.  Su estructura interna en madera maciza de alto est\u00e1ndar de calidad ofrece una base s\u00f3lida, estable y duradera, realzando la nobleza del material natural y garantizando un rendimiento impecable con el paso del tiempo. El acolchado incorpora espumas t\u00e9cnicas de alta resiliencia, que proporcionan un soporte equilibrado y una sensaci\u00f3n envolvente, manteniendo la forma y el bienestar durante a\u00f1os.  Esta pieza de dise\u00f1o, concebida para perdurar, ofrece una calidad sin concesiones gracias a un tacto texturizado \u00fanico, una estructura robusta y un acolchado generoso que transforman el dormitorio en un santuario de lujo contempor\u00e1neo.   Dimensiones : 180 x 200","og_url":"https:\/\/hartizanedesign.com\/fr\/produit\/majesty-bed\/","og_site_name":"hartizanedesign.com","article_modified_time":"2026-02-18T19:06:26+00:00","og_image":[{"width":1300,"height":900,"url":"https:\/\/hartizanedesign.com\/wp-content\/uploads\/2026\/01\/Majesty.png","type":"image\/png"}],"twitter_card":"summary_large_image","twitter_misc":{"Dur\u00e9e de lecture estim\u00e9e":"1 minute"},"schema":{"@context":"https:\/\/schema.org","@graph":[{"@type":"WebPage","@id":"https:\/\/hartizanedesign.com\/producto\/majesty-bed\/","url":"https:\/\/hartizanedesign.com\/producto\/majesty-bed\/","name":"Majesty bed - hartizanedesign.com","isPartOf":{"@id":"https:\/\/hartizanedesign.com\/#website"},"primaryImageOfPage":{"@id":"https:\/\/hartizanedesign.com\/producto\/majesty-bed\/#primaryimage"},"image":{"@id":"https:\/\/hartizanedesign.com\/producto\/majesty-bed\/#primaryimage"},"thumbnailUrl":"https:\/\/hartizanedesign.com\/wp-content\/uploads\/2026\/01\/Majesty.png","datePublished":"2026-01-25T02:05:41+00:00","dateModified":"2026-02-18T19:06:26+00:00","breadcrumb":{"@id":"https:\/\/hartizanedesign.com\/producto\/majesty-bed\/#breadcrumb"},"inLanguage":"fr-FR","potentialAction":[{"@type":"ReadAction","target":["https:\/\/hartizanedesign.com\/producto\/majesty-bed\/"]}]},{"@type":"ImageObject","inLanguage":"fr-FR","@id":"https:\/\/hartizanedesign.com\/producto\/majesty-bed\/#primaryimage","url":"https:\/\/hartizanedesign.com\/wp-content\/uploads\/2026\/01\/Majesty.png","contentUrl":"https:\/\/hartizanedesign.com\/wp-content\/uploads\/2026\/01\/Majesty.png","width":1300,"height":900},{"@type":"BreadcrumbList","@id":"https:\/\/hartizanedesign.com\/producto\/majesty-bed\/#breadcrumb","itemListElement":[{"@type":"ListItem","position":1,"name":"Home","item":"https:\/\/hartizanedesign.com\/"},{"@type":"ListItem","position":2,"name":"Tienda","item":"https:\/\/hartizanedesign.com\/boutique\/"},{"@type":"ListItem","position":3,"name":"Majesty bed"}]},{"@type":"WebSite","@id":"https:\/\/hartizanedesign.com\/#website","url":"https:\/\/hartizanedesign.com\/","name":"hartizanedesign.com","description":"","publisher":{"@id":"https:\/\/hartizanedesign.com\/#organization"},"potentialAction":[{"@type":"SearchAction","target":{"@type":"EntryPoint","urlTemplate":"https:\/\/hartizanedesign.com\/?s={search_term_string}"},"query-input":{"@type":"PropertyValueSpecification","valueRequired":true,"valueName":"search_term_string"}}],"inLanguage":"fr-FR"},{"@type":"Organization","@id":"https:\/\/hartizanedesign.com\/#organization","name":"hartizanedesign.com","url":"https:\/\/hartizanedesign.com\/","logo":{"@type":"ImageObject","inLanguage":"fr-FR","@id":"https:\/\/hartizanedesign.com\/#\/schema\/logo\/image\/","url":"https:\/\/hartizanedesign.com\/wp-content\/uploads\/2025\/10\/Logo-commander2_Hartizane_Noire.svg.svg","contentUrl":"https:\/\/hartizanedesign.com\/wp-content\/uploads\/2025\/10\/Logo-commander2_Hartizane_Noire.svg.svg","width":209,"height":62,"caption":"hartizanedesign.com"},"image":{"@id":"https:\/\/hartizanedesign.com\/#\/schema\/logo\/image\/"}}]}},"_links":{"self":[{"href":"https:\/\/hartizanedesign.com\/fr\/wp-json\/wp\/v2\/product\/4411","targetHints":{"allow":["GET"]}}],"collection":[{"href":"https:\/\/hartizanedesign.com\/fr\/wp-json\/wp\/v2\/product"}],"about":[{"href":"https:\/\/hartizanedesign.com\/fr\/wp-json\/wp\/v2\/types\/product"}],"version-history":[{"count":2,"href":"https:\/\/hartizanedesign.com\/fr\/wp-json\/wp\/v2\/product\/4411\/revisions"}],"predecessor-version":[{"id":4724,"href":"https:\/\/hartizanedesign.com\/fr\/wp-json\/wp\/v2\/product\/4411\/revisions\/4724"}],"wp:featuredmedia":[{"embeddable":true,"href":"https:\/\/hartizanedesign.com\/fr\/wp-json\/wp\/v2\/media\/4327"}],"wp:attachment":[{"href":"https:\/\/hartizanedesign.com\/fr\/wp-json\/wp\/v2\/media?parent=4411"}],"wp:term":[{"taxonomy":"product_brand","embeddable":true,"href":"https:\/\/hartizanedesign.com\/fr\/wp-json\/wp\/v2\/product_brand?post=4411"},{"taxonomy":"product_cat","embeddable":true,"href":"https:\/\/hartizanedesign.com\/fr\/wp-json\/wp\/v2\/product_cat?post=4411"},{"taxonomy":"product_tag","embeddable":true,"href":"https:\/\/hartizanedesign.com\/fr\/wp-json\/wp\/v2\/product_tag?post=4411"}],"curies":[{"name":"wp","href":"https:\/\/api.w.org\/{rel}","templated":true}]}}