{"id":4555,"date":"2026-02-05T17:05:46","date_gmt":"2026-02-05T16:05:46","guid":{"rendered":"https:\/\/hartizanedesign.com\/?post_type=product&#038;p=4555"},"modified":"2026-02-05T17:05:46","modified_gmt":"2026-02-05T16:05:46","slug":"prisma-mesa-de-centro-prisma-en-madera-facetada-diseno-escultorico-contemporaneo","status":"publish","type":"product","link":"https:\/\/hartizanedesign.com\/fr\/produit\/prisma-table-basse-en-bois-facette-design-sculptural-contemporain\/","title":{"rendered":"Prisma (Table basse Prisma en bois facett\u00e9 \u2013 design sculptural contemporain)"},"content":{"rendered":"","protected":false},"excerpt":{"rendered":"<p><span style=\"font-weight: 400;\">Plac\u00e9e au c\u0153ur d\u2019un salon contemporain, cette table basse sculpturale s\u2019impose comme une v\u00e9ritable pi\u00e8ce ma\u00eetresse. Ses facettes g\u00e9om\u00e9triques en bois de premi\u00e8re qualit\u00e9 apportent profondeur et subtils jeux de lumi\u00e8re, tandis que ses lignes \u00e9pur\u00e9es offrent une pr\u00e9sence solide mais parfaitement \u00e9quilibr\u00e9e. <\/span><b>Plaqu\u00e9e en ch\u00eane naturel, reconnue pour sa noblesse et sa richesse visuelle<\/b><span style=\"font-weight: 400;\">elle allie texture, chaleur et caract\u00e8re. Associ\u00e9e \u00e0 des assises aux tons neutres et \u00e0 des mati\u00e8res douces, elle incarne un luxe discret et chaleureux.<\/span><\/p>\n<p><span style=\"font-weight: 400;\">Largeur  : 120 <\/span><\/p>\n<p><span style=\"font-weight: 400;\">Hauteur : 35<\/span><\/p>","protected":false},"featured_media":4556,"template":"","meta":[],"product_brand":[],"product_cat":[236],"product_tag":[],"class_list":{"0":"post-4555","1":"product","2":"type-product","3":"status-publish","4":"has-post-thumbnail","6":"product_cat-mesas-de-centro","8":"first","9":"instock","10":"sale","11":"taxable","12":"shipping-taxable","13":"purchasable","14":"product-type-simple"},"yoast_head":"<!-- This site is optimized with the Yoast SEO plugin v27.4 - https:\/\/yoast.com\/product\/yoast-seo-wordpress\/ -->\n<title>Prisma ( mesa de centro Prisma en madera facetada- dise\u00f1o escult\u00f3rico contempor\u00e1neo ) - hartizanedesign.com<\/title>\n<meta name=\"robots\" content=\"index, follow, max-snippet:-1, max-image-preview:large, max-video-preview:-1\" \/>\n<link rel=\"canonical\" href=\"https:\/\/hartizanedesign.com\/fr\/produit\/prisma-table-basse-en-bois-facette-design-sculptural-contemporain\/\" \/>\n<meta property=\"og:locale\" content=\"fr_FR\" \/>\n<meta property=\"og:type\" content=\"article\" \/>\n<meta property=\"og:title\" content=\"Prisma ( mesa de centro Prisma en madera facetada- dise\u00f1o escult\u00f3rico contempor\u00e1neo ) - hartizanedesign.com\" \/>\n<meta property=\"og:description\" content=\"Ubicada en el coraz\u00f3n de una sala de estar contempor\u00e1nea, esta escultural mesa de centro se convierte en una aut\u00e9ntica pieza central. Sus facetas geom\u00e9tricas en madera de primera calidad aportan profundidad y un sutil juego de luz, mientras que sus l\u00edneas limpias crean una presencia s\u00f3lida pero perfectamente equilibrada. Chapada en roble natural, reconocido por su nobleza y riqueza visual, combina textura, calidez y car\u00e1cter. Junto con asientos en tonos neutros y materiales suaves, encarna un lujo discreto y acogedor.  Ancho : 120   Altura\u00a0: 35\" \/>\n<meta property=\"og:url\" content=\"https:\/\/hartizanedesign.com\/fr\/produit\/prisma-table-basse-en-bois-facette-design-sculptural-contemporain\/\" \/>\n<meta property=\"og:site_name\" content=\"hartizanedesign.com\" \/>\n<meta property=\"og:image\" content=\"https:\/\/hartizanedesign.com\/wp-content\/uploads\/2026\/02\/centro2.png\" \/>\n\t<meta property=\"og:image:width\" content=\"1300\" \/>\n\t<meta property=\"og:image:height\" content=\"900\" \/>\n\t<meta property=\"og:image:type\" content=\"image\/png\" \/>\n<meta name=\"twitter:card\" content=\"summary_large_image\" \/>\n<meta name=\"twitter:label1\" content=\"Dur\u00e9e de lecture estim\u00e9e\" \/>\n\t<meta name=\"twitter:data1\" content=\"1 minute\" \/>\n<script type=\"application\/ld+json\" class=\"yoast-schema-graph\">{\"@context\":\"https:\\\/\\\/schema.org\",\"@graph\":[{\"@type\":\"WebPage\",\"@id\":\"https:\\\/\\\/hartizanedesign.com\\\/producto\\\/prisma-mesa-de-centro-prisma-en-madera-facetada-diseno-escultorico-contemporaneo\\\/\",\"url\":\"https:\\\/\\\/hartizanedesign.com\\\/producto\\\/prisma-mesa-de-centro-prisma-en-madera-facetada-diseno-escultorico-contemporaneo\\\/\",\"name\":\"Prisma ( mesa de centro Prisma en madera facetada- dise\u00f1o escult\u00f3rico contempor\u00e1neo ) - hartizanedesign.com\",\"isPartOf\":{\"@id\":\"https:\\\/\\\/hartizanedesign.com\\\/#website\"},\"primaryImageOfPage\":{\"@id\":\"https:\\\/\\\/hartizanedesign.com\\\/producto\\\/prisma-mesa-de-centro-prisma-en-madera-facetada-diseno-escultorico-contemporaneo\\\/#primaryimage\"},\"image\":{\"@id\":\"https:\\\/\\\/hartizanedesign.com\\\/producto\\\/prisma-mesa-de-centro-prisma-en-madera-facetada-diseno-escultorico-contemporaneo\\\/#primaryimage\"},\"thumbnailUrl\":\"https:\\\/\\\/hartizanedesign.com\\\/wp-content\\\/uploads\\\/2026\\\/02\\\/centro2.png\",\"datePublished\":\"2026-02-05T16:05:46+00:00\",\"breadcrumb\":{\"@id\":\"https:\\\/\\\/hartizanedesign.com\\\/producto\\\/prisma-mesa-de-centro-prisma-en-madera-facetada-diseno-escultorico-contemporaneo\\\/#breadcrumb\"},\"inLanguage\":\"fr-FR\",\"potentialAction\":[{\"@type\":\"ReadAction\",\"target\":[\"https:\\\/\\\/hartizanedesign.com\\\/producto\\\/prisma-mesa-de-centro-prisma-en-madera-facetada-diseno-escultorico-contemporaneo\\\/\"]}]},{\"@type\":\"ImageObject\",\"inLanguage\":\"fr-FR\",\"@id\":\"https:\\\/\\\/hartizanedesign.com\\\/producto\\\/prisma-mesa-de-centro-prisma-en-madera-facetada-diseno-escultorico-contemporaneo\\\/#primaryimage\",\"url\":\"https:\\\/\\\/hartizanedesign.com\\\/wp-content\\\/uploads\\\/2026\\\/02\\\/centro2.png\",\"contentUrl\":\"https:\\\/\\\/hartizanedesign.com\\\/wp-content\\\/uploads\\\/2026\\\/02\\\/centro2.png\",\"width\":1300,\"height\":900},{\"@type\":\"BreadcrumbList\",\"@id\":\"https:\\\/\\\/hartizanedesign.com\\\/producto\\\/prisma-mesa-de-centro-prisma-en-madera-facetada-diseno-escultorico-contemporaneo\\\/#breadcrumb\",\"itemListElement\":[{\"@type\":\"ListItem\",\"position\":1,\"name\":\"Home\",\"item\":\"https:\\\/\\\/hartizanedesign.com\\\/\"},{\"@type\":\"ListItem\",\"position\":2,\"name\":\"Tienda\",\"item\":\"https:\\\/\\\/hartizanedesign.com\\\/boutique\\\/\"},{\"@type\":\"ListItem\",\"position\":3,\"name\":\"Prisma ( mesa de centro Prisma en madera facetada- dise\u00f1o escult\u00f3rico contempor\u00e1neo )\"}]},{\"@type\":\"WebSite\",\"@id\":\"https:\\\/\\\/hartizanedesign.com\\\/#website\",\"url\":\"https:\\\/\\\/hartizanedesign.com\\\/\",\"name\":\"hartizanedesign.com\",\"description\":\"\",\"publisher\":{\"@id\":\"https:\\\/\\\/hartizanedesign.com\\\/#organization\"},\"potentialAction\":[{\"@type\":\"SearchAction\",\"target\":{\"@type\":\"EntryPoint\",\"urlTemplate\":\"https:\\\/\\\/hartizanedesign.com\\\/?s={search_term_string}\"},\"query-input\":{\"@type\":\"PropertyValueSpecification\",\"valueRequired\":true,\"valueName\":\"search_term_string\"}}],\"inLanguage\":\"fr-FR\"},{\"@type\":\"Organization\",\"@id\":\"https:\\\/\\\/hartizanedesign.com\\\/#organization\",\"name\":\"hartizanedesign.com\",\"url\":\"https:\\\/\\\/hartizanedesign.com\\\/\",\"logo\":{\"@type\":\"ImageObject\",\"inLanguage\":\"fr-FR\",\"@id\":\"https:\\\/\\\/hartizanedesign.com\\\/#\\\/schema\\\/logo\\\/image\\\/\",\"url\":\"https:\\\/\\\/hartizanedesign.com\\\/wp-content\\\/uploads\\\/2025\\\/10\\\/Logo-commander2_Hartizane_Noire.svg.svg\",\"contentUrl\":\"https:\\\/\\\/hartizanedesign.com\\\/wp-content\\\/uploads\\\/2025\\\/10\\\/Logo-commander2_Hartizane_Noire.svg.svg\",\"width\":209,\"height\":62,\"caption\":\"hartizanedesign.com\"},\"image\":{\"@id\":\"https:\\\/\\\/hartizanedesign.com\\\/#\\\/schema\\\/logo\\\/image\\\/\"}}]}<\/script>\n<!-- \/ Yoast SEO plugin. -->","yoast_head_json":{"title":"Prisma ( mesa de centro Prisma en madera facetada- dise\u00f1o escult\u00f3rico contempor\u00e1neo ) - hartizanedesign.com","robots":{"index":"index","follow":"follow","max-snippet":"max-snippet:-1","max-image-preview":"max-image-preview:large","max-video-preview":"max-video-preview:-1"},"canonical":"https:\/\/hartizanedesign.com\/fr\/produit\/prisma-table-basse-en-bois-facette-design-sculptural-contemporain\/","og_locale":"fr_FR","og_type":"article","og_title":"Prisma ( mesa de centro Prisma en madera facetada- dise\u00f1o escult\u00f3rico contempor\u00e1neo ) - hartizanedesign.com","og_description":"Ubicada en el coraz\u00f3n de una sala de estar contempor\u00e1nea, esta escultural mesa de centro se convierte en una aut\u00e9ntica pieza central. Sus facetas geom\u00e9tricas en madera de primera calidad aportan profundidad y un sutil juego de luz, mientras que sus l\u00edneas limpias crean una presencia s\u00f3lida pero perfectamente equilibrada. Chapada en roble natural, reconocido por su nobleza y riqueza visual, combina textura, calidez y car\u00e1cter. Junto con asientos en tonos neutros y materiales suaves, encarna un lujo discreto y acogedor.  Ancho : 120   Altura\u00a0: 35","og_url":"https:\/\/hartizanedesign.com\/fr\/produit\/prisma-table-basse-en-bois-facette-design-sculptural-contemporain\/","og_site_name":"hartizanedesign.com","og_image":[{"width":1300,"height":900,"url":"https:\/\/hartizanedesign.com\/wp-content\/uploads\/2026\/02\/centro2.png","type":"image\/png"}],"twitter_card":"summary_large_image","twitter_misc":{"Dur\u00e9e de lecture estim\u00e9e":"1 minute"},"schema":{"@context":"https:\/\/schema.org","@graph":[{"@type":"WebPage","@id":"https:\/\/hartizanedesign.com\/producto\/prisma-mesa-de-centro-prisma-en-madera-facetada-diseno-escultorico-contemporaneo\/","url":"https:\/\/hartizanedesign.com\/producto\/prisma-mesa-de-centro-prisma-en-madera-facetada-diseno-escultorico-contemporaneo\/","name":"Prisma ( mesa de centro Prisma en madera facetada- dise\u00f1o escult\u00f3rico contempor\u00e1neo ) - hartizanedesign.com","isPartOf":{"@id":"https:\/\/hartizanedesign.com\/#website"},"primaryImageOfPage":{"@id":"https:\/\/hartizanedesign.com\/producto\/prisma-mesa-de-centro-prisma-en-madera-facetada-diseno-escultorico-contemporaneo\/#primaryimage"},"image":{"@id":"https:\/\/hartizanedesign.com\/producto\/prisma-mesa-de-centro-prisma-en-madera-facetada-diseno-escultorico-contemporaneo\/#primaryimage"},"thumbnailUrl":"https:\/\/hartizanedesign.com\/wp-content\/uploads\/2026\/02\/centro2.png","datePublished":"2026-02-05T16:05:46+00:00","breadcrumb":{"@id":"https:\/\/hartizanedesign.com\/producto\/prisma-mesa-de-centro-prisma-en-madera-facetada-diseno-escultorico-contemporaneo\/#breadcrumb"},"inLanguage":"fr-FR","potentialAction":[{"@type":"ReadAction","target":["https:\/\/hartizanedesign.com\/producto\/prisma-mesa-de-centro-prisma-en-madera-facetada-diseno-escultorico-contemporaneo\/"]}]},{"@type":"ImageObject","inLanguage":"fr-FR","@id":"https:\/\/hartizanedesign.com\/producto\/prisma-mesa-de-centro-prisma-en-madera-facetada-diseno-escultorico-contemporaneo\/#primaryimage","url":"https:\/\/hartizanedesign.com\/wp-content\/uploads\/2026\/02\/centro2.png","contentUrl":"https:\/\/hartizanedesign.com\/wp-content\/uploads\/2026\/02\/centro2.png","width":1300,"height":900},{"@type":"BreadcrumbList","@id":"https:\/\/hartizanedesign.com\/producto\/prisma-mesa-de-centro-prisma-en-madera-facetada-diseno-escultorico-contemporaneo\/#breadcrumb","itemListElement":[{"@type":"ListItem","position":1,"name":"Home","item":"https:\/\/hartizanedesign.com\/"},{"@type":"ListItem","position":2,"name":"Tienda","item":"https:\/\/hartizanedesign.com\/boutique\/"},{"@type":"ListItem","position":3,"name":"Prisma ( mesa de centro Prisma en madera facetada- dise\u00f1o escult\u00f3rico contempor\u00e1neo )"}]},{"@type":"WebSite","@id":"https:\/\/hartizanedesign.com\/#website","url":"https:\/\/hartizanedesign.com\/","name":"hartizanedesign.com","description":"","publisher":{"@id":"https:\/\/hartizanedesign.com\/#organization"},"potentialAction":[{"@type":"SearchAction","target":{"@type":"EntryPoint","urlTemplate":"https:\/\/hartizanedesign.com\/?s={search_term_string}"},"query-input":{"@type":"PropertyValueSpecification","valueRequired":true,"valueName":"search_term_string"}}],"inLanguage":"fr-FR"},{"@type":"Organization","@id":"https:\/\/hartizanedesign.com\/#organization","name":"hartizanedesign.com","url":"https:\/\/hartizanedesign.com\/","logo":{"@type":"ImageObject","inLanguage":"fr-FR","@id":"https:\/\/hartizanedesign.com\/#\/schema\/logo\/image\/","url":"https:\/\/hartizanedesign.com\/wp-content\/uploads\/2025\/10\/Logo-commander2_Hartizane_Noire.svg.svg","contentUrl":"https:\/\/hartizanedesign.com\/wp-content\/uploads\/2025\/10\/Logo-commander2_Hartizane_Noire.svg.svg","width":209,"height":62,"caption":"hartizanedesign.com"},"image":{"@id":"https:\/\/hartizanedesign.com\/#\/schema\/logo\/image\/"}}]}},"_links":{"self":[{"href":"https:\/\/hartizanedesign.com\/fr\/wp-json\/wp\/v2\/product\/4555","targetHints":{"allow":["GET"]}}],"collection":[{"href":"https:\/\/hartizanedesign.com\/fr\/wp-json\/wp\/v2\/product"}],"about":[{"href":"https:\/\/hartizanedesign.com\/fr\/wp-json\/wp\/v2\/types\/product"}],"version-history":[{"count":1,"href":"https:\/\/hartizanedesign.com\/fr\/wp-json\/wp\/v2\/product\/4555\/revisions"}],"predecessor-version":[{"id":4558,"href":"https:\/\/hartizanedesign.com\/fr\/wp-json\/wp\/v2\/product\/4555\/revisions\/4558"}],"wp:featuredmedia":[{"embeddable":true,"href":"https:\/\/hartizanedesign.com\/fr\/wp-json\/wp\/v2\/media\/4556"}],"wp:attachment":[{"href":"https:\/\/hartizanedesign.com\/fr\/wp-json\/wp\/v2\/media?parent=4555"}],"wp:term":[{"taxonomy":"product_brand","embeddable":true,"href":"https:\/\/hartizanedesign.com\/fr\/wp-json\/wp\/v2\/product_brand?post=4555"},{"taxonomy":"product_cat","embeddable":true,"href":"https:\/\/hartizanedesign.com\/fr\/wp-json\/wp\/v2\/product_cat?post=4555"},{"taxonomy":"product_tag","embeddable":true,"href":"https:\/\/hartizanedesign.com\/fr\/wp-json\/wp\/v2\/product_tag?post=4555"}],"curies":[{"name":"wp","href":"https:\/\/api.w.org\/{rel}","templated":true}]}}