{"id":4579,"date":"2026-02-07T00:45:54","date_gmt":"2026-02-06T23:45:54","guid":{"rendered":"https:\/\/hartizanedesign.com\/?post_type=product&#038;p=4579"},"modified":"2026-02-18T19:30:25","modified_gmt":"2026-02-18T19:30:25","slug":"badi-mesa-de-centro-badi-en-madera-con-diseno-arquitectonico","status":"publish","type":"product","link":"https:\/\/hartizanedesign.com\/fr\/produit\/badi-mesa-de-centro-badi-en-madera-con-diseno-arquitectonico\/","title":{"rendered":"Badi ( mesa de centro Badi en madera con dise\u00f1o arquitect\u00f3nico)"},"content":{"rendered":"","protected":false},"excerpt":{"rendered":"<p>Esta mesa de centro destaca por su dise\u00f1o modular y arquitect\u00f3nico, concebido para estructurar el espacio con elegancia y equilibrio. Sus vol\u00famenes superpuestos generan un sutil juego de alturas que aporta dinamismo visual sin perder funcionalidad.<\/p>\n<p>Fabricada en madera con acabados cuidadosamente trabajados, realza la belleza natural del material mediante l\u00edneas limpias y una geometr\u00eda precisa. Sus superficies deslizantes permiten una disposici\u00f3n flexible, adapt\u00e1ndose con facilidad a distintos usos y momentos del d\u00eda. Base en madera maciza de calidad superior, que garantiza estabilidad, durabilidad y una presencia noble en el espacio.<\/p>\n<ul>\n<li style=\"font-weight: 400;\" aria-level=\"1\"><span style=\"font-weight: 400;\">Dimensiones <\/span><span style=\"font-weight: 400;\">: 120 x 60 x <\/span>35<\/li>\n<\/ul>","protected":false},"featured_media":4567,"template":"","meta":[],"product_brand":[],"product_cat":[236],"product_tag":[],"class_list":{"0":"post-4579","1":"product","2":"type-product","3":"status-publish","4":"has-post-thumbnail","6":"product_cat-mesas-de-centro","8":"first","9":"instock","10":"sale","11":"taxable","12":"shipping-taxable","13":"purchasable","14":"product-type-simple"},"yoast_head":"<!-- This site is optimized with the Yoast SEO plugin v27.4 - https:\/\/yoast.com\/product\/yoast-seo-wordpress\/ -->\n<title>Badi ( mesa de centro Badi en madera con dise\u00f1o arquitect\u00f3nico) - hartizanedesign.com<\/title>\n<meta name=\"robots\" content=\"index, follow, max-snippet:-1, max-image-preview:large, max-video-preview:-1\" \/>\n<link rel=\"canonical\" href=\"https:\/\/hartizanedesign.com\/fr\/produit\/badi-mesa-de-centro-badi-en-madera-con-diseno-arquitectonico\/\" \/>\n<meta property=\"og:locale\" content=\"fr_FR\" \/>\n<meta property=\"og:type\" content=\"article\" \/>\n<meta property=\"og:title\" content=\"Badi ( mesa de centro Badi en madera con dise\u00f1o arquitect\u00f3nico) - hartizanedesign.com\" \/>\n<meta property=\"og:description\" content=\"Esta mesa de centro destaca por su dise\u00f1o modular y arquitect\u00f3nico, concebido para estructurar el espacio con elegancia y equilibrio. Sus vol\u00famenes superpuestos generan un sutil juego de alturas que aporta dinamismo visual sin perder funcionalidad.  Fabricada en madera con acabados cuidadosamente trabajados, realza la belleza natural del material mediante l\u00edneas limpias y una geometr\u00eda precisa. Sus superficies deslizantes permiten una disposici\u00f3n flexible, adapt\u00e1ndose con facilidad a distintos usos y momentos del d\u00eda. Base en madera maciza de calidad superior, que garantiza estabilidad, durabilidad y una presencia noble en el espacio.   Dimensiones : 120 x 60 x 35\" \/>\n<meta property=\"og:url\" content=\"https:\/\/hartizanedesign.com\/fr\/produit\/badi-mesa-de-centro-badi-en-madera-con-diseno-arquitectonico\/\" \/>\n<meta property=\"og:site_name\" content=\"hartizanedesign.com\" \/>\n<meta property=\"article:modified_time\" content=\"2026-02-18T19:30:25+00:00\" \/>\n<meta property=\"og:image\" content=\"https:\/\/hartizanedesign.com\/wp-content\/uploads\/2026\/02\/Badi2.png\" \/>\n\t<meta property=\"og:image:width\" content=\"1300\" \/>\n\t<meta property=\"og:image:height\" content=\"900\" \/>\n\t<meta property=\"og:image:type\" content=\"image\/png\" \/>\n<meta name=\"twitter:card\" content=\"summary_large_image\" \/>\n<meta name=\"twitter:label1\" content=\"Dur\u00e9e de lecture estim\u00e9e\" \/>\n\t<meta name=\"twitter:data1\" content=\"1 minute\" \/>\n<script type=\"application\/ld+json\" class=\"yoast-schema-graph\">{\"@context\":\"https:\\\/\\\/schema.org\",\"@graph\":[{\"@type\":\"WebPage\",\"@id\":\"https:\\\/\\\/hartizanedesign.com\\\/producto\\\/badi-mesa-de-centro-badi-en-madera-con-diseno-arquitectonico\\\/\",\"url\":\"https:\\\/\\\/hartizanedesign.com\\\/producto\\\/badi-mesa-de-centro-badi-en-madera-con-diseno-arquitectonico\\\/\",\"name\":\"Badi ( mesa de centro Badi en madera con dise\u00f1o arquitect\u00f3nico) - hartizanedesign.com\",\"isPartOf\":{\"@id\":\"https:\\\/\\\/hartizanedesign.com\\\/#website\"},\"primaryImageOfPage\":{\"@id\":\"https:\\\/\\\/hartizanedesign.com\\\/producto\\\/badi-mesa-de-centro-badi-en-madera-con-diseno-arquitectonico\\\/#primaryimage\"},\"image\":{\"@id\":\"https:\\\/\\\/hartizanedesign.com\\\/producto\\\/badi-mesa-de-centro-badi-en-madera-con-diseno-arquitectonico\\\/#primaryimage\"},\"thumbnailUrl\":\"https:\\\/\\\/hartizanedesign.com\\\/wp-content\\\/uploads\\\/2026\\\/02\\\/Badi2.png\",\"datePublished\":\"2026-02-06T23:45:54+00:00\",\"dateModified\":\"2026-02-18T19:30:25+00:00\",\"breadcrumb\":{\"@id\":\"https:\\\/\\\/hartizanedesign.com\\\/producto\\\/badi-mesa-de-centro-badi-en-madera-con-diseno-arquitectonico\\\/#breadcrumb\"},\"inLanguage\":\"fr-FR\",\"potentialAction\":[{\"@type\":\"ReadAction\",\"target\":[\"https:\\\/\\\/hartizanedesign.com\\\/producto\\\/badi-mesa-de-centro-badi-en-madera-con-diseno-arquitectonico\\\/\"]}]},{\"@type\":\"ImageObject\",\"inLanguage\":\"fr-FR\",\"@id\":\"https:\\\/\\\/hartizanedesign.com\\\/producto\\\/badi-mesa-de-centro-badi-en-madera-con-diseno-arquitectonico\\\/#primaryimage\",\"url\":\"https:\\\/\\\/hartizanedesign.com\\\/wp-content\\\/uploads\\\/2026\\\/02\\\/Badi2.png\",\"contentUrl\":\"https:\\\/\\\/hartizanedesign.com\\\/wp-content\\\/uploads\\\/2026\\\/02\\\/Badi2.png\",\"width\":1300,\"height\":900},{\"@type\":\"BreadcrumbList\",\"@id\":\"https:\\\/\\\/hartizanedesign.com\\\/producto\\\/badi-mesa-de-centro-badi-en-madera-con-diseno-arquitectonico\\\/#breadcrumb\",\"itemListElement\":[{\"@type\":\"ListItem\",\"position\":1,\"name\":\"Home\",\"item\":\"https:\\\/\\\/hartizanedesign.com\\\/\"},{\"@type\":\"ListItem\",\"position\":2,\"name\":\"Tienda\",\"item\":\"https:\\\/\\\/hartizanedesign.com\\\/boutique\\\/\"},{\"@type\":\"ListItem\",\"position\":3,\"name\":\"Badi ( mesa de centro Badi en madera con dise\u00f1o arquitect\u00f3nico)\"}]},{\"@type\":\"WebSite\",\"@id\":\"https:\\\/\\\/hartizanedesign.com\\\/#website\",\"url\":\"https:\\\/\\\/hartizanedesign.com\\\/\",\"name\":\"hartizanedesign.com\",\"description\":\"\",\"publisher\":{\"@id\":\"https:\\\/\\\/hartizanedesign.com\\\/#organization\"},\"potentialAction\":[{\"@type\":\"SearchAction\",\"target\":{\"@type\":\"EntryPoint\",\"urlTemplate\":\"https:\\\/\\\/hartizanedesign.com\\\/?s={search_term_string}\"},\"query-input\":{\"@type\":\"PropertyValueSpecification\",\"valueRequired\":true,\"valueName\":\"search_term_string\"}}],\"inLanguage\":\"fr-FR\"},{\"@type\":\"Organization\",\"@id\":\"https:\\\/\\\/hartizanedesign.com\\\/#organization\",\"name\":\"hartizanedesign.com\",\"url\":\"https:\\\/\\\/hartizanedesign.com\\\/\",\"logo\":{\"@type\":\"ImageObject\",\"inLanguage\":\"fr-FR\",\"@id\":\"https:\\\/\\\/hartizanedesign.com\\\/#\\\/schema\\\/logo\\\/image\\\/\",\"url\":\"https:\\\/\\\/hartizanedesign.com\\\/wp-content\\\/uploads\\\/2025\\\/10\\\/Logo-commander2_Hartizane_Noire.svg.svg\",\"contentUrl\":\"https:\\\/\\\/hartizanedesign.com\\\/wp-content\\\/uploads\\\/2025\\\/10\\\/Logo-commander2_Hartizane_Noire.svg.svg\",\"width\":209,\"height\":62,\"caption\":\"hartizanedesign.com\"},\"image\":{\"@id\":\"https:\\\/\\\/hartizanedesign.com\\\/#\\\/schema\\\/logo\\\/image\\\/\"}}]}<\/script>\n<!-- \/ Yoast SEO plugin. -->","yoast_head_json":{"title":"Badi ( mesa de centro Badi en madera con dise\u00f1o arquitect\u00f3nico) - hartizanedesign.com","robots":{"index":"index","follow":"follow","max-snippet":"max-snippet:-1","max-image-preview":"max-image-preview:large","max-video-preview":"max-video-preview:-1"},"canonical":"https:\/\/hartizanedesign.com\/fr\/produit\/badi-mesa-de-centro-badi-en-madera-con-diseno-arquitectonico\/","og_locale":"fr_FR","og_type":"article","og_title":"Badi ( mesa de centro Badi en madera con dise\u00f1o arquitect\u00f3nico) - hartizanedesign.com","og_description":"Esta mesa de centro destaca por su dise\u00f1o modular y arquitect\u00f3nico, concebido para estructurar el espacio con elegancia y equilibrio. Sus vol\u00famenes superpuestos generan un sutil juego de alturas que aporta dinamismo visual sin perder funcionalidad.  Fabricada en madera con acabados cuidadosamente trabajados, realza la belleza natural del material mediante l\u00edneas limpias y una geometr\u00eda precisa. Sus superficies deslizantes permiten una disposici\u00f3n flexible, adapt\u00e1ndose con facilidad a distintos usos y momentos del d\u00eda. Base en madera maciza de calidad superior, que garantiza estabilidad, durabilidad y una presencia noble en el espacio.   Dimensiones : 120 x 60 x 35","og_url":"https:\/\/hartizanedesign.com\/fr\/produit\/badi-mesa-de-centro-badi-en-madera-con-diseno-arquitectonico\/","og_site_name":"hartizanedesign.com","article_modified_time":"2026-02-18T19:30:25+00:00","og_image":[{"width":1300,"height":900,"url":"https:\/\/hartizanedesign.com\/wp-content\/uploads\/2026\/02\/Badi2.png","type":"image\/png"}],"twitter_card":"summary_large_image","twitter_misc":{"Dur\u00e9e de lecture estim\u00e9e":"1 minute"},"schema":{"@context":"https:\/\/schema.org","@graph":[{"@type":"WebPage","@id":"https:\/\/hartizanedesign.com\/producto\/badi-mesa-de-centro-badi-en-madera-con-diseno-arquitectonico\/","url":"https:\/\/hartizanedesign.com\/producto\/badi-mesa-de-centro-badi-en-madera-con-diseno-arquitectonico\/","name":"Badi ( mesa de centro Badi en madera con dise\u00f1o arquitect\u00f3nico) - hartizanedesign.com","isPartOf":{"@id":"https:\/\/hartizanedesign.com\/#website"},"primaryImageOfPage":{"@id":"https:\/\/hartizanedesign.com\/producto\/badi-mesa-de-centro-badi-en-madera-con-diseno-arquitectonico\/#primaryimage"},"image":{"@id":"https:\/\/hartizanedesign.com\/producto\/badi-mesa-de-centro-badi-en-madera-con-diseno-arquitectonico\/#primaryimage"},"thumbnailUrl":"https:\/\/hartizanedesign.com\/wp-content\/uploads\/2026\/02\/Badi2.png","datePublished":"2026-02-06T23:45:54+00:00","dateModified":"2026-02-18T19:30:25+00:00","breadcrumb":{"@id":"https:\/\/hartizanedesign.com\/producto\/badi-mesa-de-centro-badi-en-madera-con-diseno-arquitectonico\/#breadcrumb"},"inLanguage":"fr-FR","potentialAction":[{"@type":"ReadAction","target":["https:\/\/hartizanedesign.com\/producto\/badi-mesa-de-centro-badi-en-madera-con-diseno-arquitectonico\/"]}]},{"@type":"ImageObject","inLanguage":"fr-FR","@id":"https:\/\/hartizanedesign.com\/producto\/badi-mesa-de-centro-badi-en-madera-con-diseno-arquitectonico\/#primaryimage","url":"https:\/\/hartizanedesign.com\/wp-content\/uploads\/2026\/02\/Badi2.png","contentUrl":"https:\/\/hartizanedesign.com\/wp-content\/uploads\/2026\/02\/Badi2.png","width":1300,"height":900},{"@type":"BreadcrumbList","@id":"https:\/\/hartizanedesign.com\/producto\/badi-mesa-de-centro-badi-en-madera-con-diseno-arquitectonico\/#breadcrumb","itemListElement":[{"@type":"ListItem","position":1,"name":"Home","item":"https:\/\/hartizanedesign.com\/"},{"@type":"ListItem","position":2,"name":"Tienda","item":"https:\/\/hartizanedesign.com\/boutique\/"},{"@type":"ListItem","position":3,"name":"Badi ( mesa de centro Badi en madera con dise\u00f1o arquitect\u00f3nico)"}]},{"@type":"WebSite","@id":"https:\/\/hartizanedesign.com\/#website","url":"https:\/\/hartizanedesign.com\/","name":"hartizanedesign.com","description":"","publisher":{"@id":"https:\/\/hartizanedesign.com\/#organization"},"potentialAction":[{"@type":"SearchAction","target":{"@type":"EntryPoint","urlTemplate":"https:\/\/hartizanedesign.com\/?s={search_term_string}"},"query-input":{"@type":"PropertyValueSpecification","valueRequired":true,"valueName":"search_term_string"}}],"inLanguage":"fr-FR"},{"@type":"Organization","@id":"https:\/\/hartizanedesign.com\/#organization","name":"hartizanedesign.com","url":"https:\/\/hartizanedesign.com\/","logo":{"@type":"ImageObject","inLanguage":"fr-FR","@id":"https:\/\/hartizanedesign.com\/#\/schema\/logo\/image\/","url":"https:\/\/hartizanedesign.com\/wp-content\/uploads\/2025\/10\/Logo-commander2_Hartizane_Noire.svg.svg","contentUrl":"https:\/\/hartizanedesign.com\/wp-content\/uploads\/2025\/10\/Logo-commander2_Hartizane_Noire.svg.svg","width":209,"height":62,"caption":"hartizanedesign.com"},"image":{"@id":"https:\/\/hartizanedesign.com\/#\/schema\/logo\/image\/"}}]}},"_links":{"self":[{"href":"https:\/\/hartizanedesign.com\/fr\/wp-json\/wp\/v2\/product\/4579","targetHints":{"allow":["GET"]}}],"collection":[{"href":"https:\/\/hartizanedesign.com\/fr\/wp-json\/wp\/v2\/product"}],"about":[{"href":"https:\/\/hartizanedesign.com\/fr\/wp-json\/wp\/v2\/types\/product"}],"version-history":[{"count":2,"href":"https:\/\/hartizanedesign.com\/fr\/wp-json\/wp\/v2\/product\/4579\/revisions"}],"predecessor-version":[{"id":4749,"href":"https:\/\/hartizanedesign.com\/fr\/wp-json\/wp\/v2\/product\/4579\/revisions\/4749"}],"wp:featuredmedia":[{"embeddable":true,"href":"https:\/\/hartizanedesign.com\/fr\/wp-json\/wp\/v2\/media\/4567"}],"wp:attachment":[{"href":"https:\/\/hartizanedesign.com\/fr\/wp-json\/wp\/v2\/media?parent=4579"}],"wp:term":[{"taxonomy":"product_brand","embeddable":true,"href":"https:\/\/hartizanedesign.com\/fr\/wp-json\/wp\/v2\/product_brand?post=4579"},{"taxonomy":"product_cat","embeddable":true,"href":"https:\/\/hartizanedesign.com\/fr\/wp-json\/wp\/v2\/product_cat?post=4579"},{"taxonomy":"product_tag","embeddable":true,"href":"https:\/\/hartizanedesign.com\/fr\/wp-json\/wp\/v2\/product_tag?post=4579"}],"curies":[{"name":"wp","href":"https:\/\/api.w.org\/{rel}","templated":true}]}}