{"id":4588,"date":"2026-02-07T00:49:06","date_gmt":"2026-02-06T23:49:06","guid":{"rendered":"https:\/\/hartizanedesign.com\/?post_type=product&#038;p=4588"},"modified":"2026-02-18T19:29:07","modified_gmt":"2026-02-18T19:29:07","slug":"rihla-mesa-de-centro-rihla-de-madera-con-sobre-cristal-y-diseno-contemporaneo","status":"publish","type":"product","link":"https:\/\/hartizanedesign.com\/fr\/produit\/rihla-mesa-de-centro-rihla-de-madera-con-sobre-cristal-y-diseno-contemporaneo\/","title":{"rendered":"Rihla ( mesa de centro Rihla de madera con sobre cristal y dise\u00f1o contempor\u00e1neo )"},"content":{"rendered":"","protected":false},"excerpt":{"rendered":"<p>Dise\u00f1ada como un objeto de dise\u00f1o en s\u00ed mismo, esta mesa de centro combina sobriedad y sofisticaci\u00f3n. Su base de madera maciza con formas suaves sostiene un tablero de cristal con reflejos delicados, creando una presencia refinada y equilibrada. Ideal para interiores de alta gama donde el dise\u00f1o y la calidad son protagonistas.<\/p>\n<p>Fabricada con madera cuidadosamente seleccionada, esta mesa de centro resalta la nobleza del material mediante acabados precisos y una textura natural al tacto. Base s\u00f3lida realizada en madera maciza de alta gama, que aporta estabilidad, durabilidad y car\u00e1cter. El tablero de cristal de alta calidad completa el conjunto, aportando resistencia, durabilidad y una elegancia atemporal. Su vidrio templado premium garantiza gran dureza y un pulido perfecto.<\/p>\n<ul>\n<li style=\"font-weight: 400;\" aria-level=\"1\"><span style=\"font-weight: 400;\">Dimensiones :<\/span><span style=\"font-weight: 400;\">\u00a0120 x <\/span><span style=\"font-weight: 400;\">35<\/span><\/li>\n<\/ul>","protected":false},"featured_media":4575,"template":"","meta":[],"product_brand":[],"product_cat":[236],"product_tag":[],"class_list":{"0":"post-4588","1":"product","2":"type-product","3":"status-publish","4":"has-post-thumbnail","6":"product_cat-mesas-de-centro","8":"first","9":"instock","10":"sale","11":"taxable","12":"shipping-taxable","13":"purchasable","14":"product-type-simple"},"yoast_head":"<!-- This site is optimized with the Yoast SEO plugin v27.4 - https:\/\/yoast.com\/product\/yoast-seo-wordpress\/ -->\n<title>Rihla ( mesa de centro Rihla de madera con sobre cristal y dise\u00f1o contempor\u00e1neo ) - hartizanedesign.com<\/title>\n<meta name=\"robots\" content=\"index, follow, max-snippet:-1, max-image-preview:large, max-video-preview:-1\" \/>\n<link rel=\"canonical\" href=\"https:\/\/hartizanedesign.com\/fr\/produit\/rihla-mesa-de-centro-rihla-de-madera-con-sobre-cristal-y-diseno-contemporaneo\/\" \/>\n<meta property=\"og:locale\" content=\"fr_FR\" \/>\n<meta property=\"og:type\" content=\"article\" \/>\n<meta property=\"og:title\" content=\"Rihla ( mesa de centro Rihla de madera con sobre cristal y dise\u00f1o contempor\u00e1neo ) - hartizanedesign.com\" \/>\n<meta property=\"og:description\" content=\"Dise\u00f1ada como un objeto de dise\u00f1o en s\u00ed mismo, esta mesa de centro combina sobriedad y sofisticaci\u00f3n. Su base de madera maciza con formas suaves sostiene un tablero de cristal con reflejos delicados, creando una presencia refinada y equilibrada. Ideal para interiores de alta gama donde el dise\u00f1o y la calidad son protagonistas.  Fabricada con madera cuidadosamente seleccionada, esta mesa de centro resalta la nobleza del material mediante acabados precisos y una textura natural al tacto. Base s\u00f3lida realizada en madera maciza de alta gama, que aporta estabilidad, durabilidad y car\u00e1cter. El tablero de cristal de alta calidad completa el conjunto, aportando resistencia, durabilidad y una elegancia atemporal. Su vidrio templado premium garantiza gran dureza y un pulido perfecto.   Dimensiones :\u00a0120 x 35\" \/>\n<meta property=\"og:url\" content=\"https:\/\/hartizanedesign.com\/fr\/produit\/rihla-mesa-de-centro-rihla-de-madera-con-sobre-cristal-y-diseno-contemporaneo\/\" \/>\n<meta property=\"og:site_name\" content=\"hartizanedesign.com\" \/>\n<meta property=\"article:modified_time\" content=\"2026-02-18T19:29:07+00:00\" \/>\n<meta property=\"og:image\" content=\"https:\/\/hartizanedesign.com\/wp-content\/uploads\/2026\/02\/Rihla2.png\" \/>\n\t<meta property=\"og:image:width\" content=\"1300\" \/>\n\t<meta property=\"og:image:height\" content=\"900\" \/>\n\t<meta property=\"og:image:type\" content=\"image\/png\" \/>\n<meta name=\"twitter:card\" content=\"summary_large_image\" \/>\n<meta name=\"twitter:label1\" content=\"Dur\u00e9e de lecture estim\u00e9e\" \/>\n\t<meta name=\"twitter:data1\" content=\"1 minute\" \/>\n<script type=\"application\/ld+json\" class=\"yoast-schema-graph\">{\"@context\":\"https:\\\/\\\/schema.org\",\"@graph\":[{\"@type\":\"WebPage\",\"@id\":\"https:\\\/\\\/hartizanedesign.com\\\/producto\\\/rihla-mesa-de-centro-rihla-de-madera-con-sobre-cristal-y-diseno-contemporaneo\\\/\",\"url\":\"https:\\\/\\\/hartizanedesign.com\\\/producto\\\/rihla-mesa-de-centro-rihla-de-madera-con-sobre-cristal-y-diseno-contemporaneo\\\/\",\"name\":\"Rihla ( mesa de centro Rihla de madera con sobre cristal y dise\u00f1o contempor\u00e1neo ) - hartizanedesign.com\",\"isPartOf\":{\"@id\":\"https:\\\/\\\/hartizanedesign.com\\\/#website\"},\"primaryImageOfPage\":{\"@id\":\"https:\\\/\\\/hartizanedesign.com\\\/producto\\\/rihla-mesa-de-centro-rihla-de-madera-con-sobre-cristal-y-diseno-contemporaneo\\\/#primaryimage\"},\"image\":{\"@id\":\"https:\\\/\\\/hartizanedesign.com\\\/producto\\\/rihla-mesa-de-centro-rihla-de-madera-con-sobre-cristal-y-diseno-contemporaneo\\\/#primaryimage\"},\"thumbnailUrl\":\"https:\\\/\\\/hartizanedesign.com\\\/wp-content\\\/uploads\\\/2026\\\/02\\\/Rihla2.png\",\"datePublished\":\"2026-02-06T23:49:06+00:00\",\"dateModified\":\"2026-02-18T19:29:07+00:00\",\"breadcrumb\":{\"@id\":\"https:\\\/\\\/hartizanedesign.com\\\/producto\\\/rihla-mesa-de-centro-rihla-de-madera-con-sobre-cristal-y-diseno-contemporaneo\\\/#breadcrumb\"},\"inLanguage\":\"fr-FR\",\"potentialAction\":[{\"@type\":\"ReadAction\",\"target\":[\"https:\\\/\\\/hartizanedesign.com\\\/producto\\\/rihla-mesa-de-centro-rihla-de-madera-con-sobre-cristal-y-diseno-contemporaneo\\\/\"]}]},{\"@type\":\"ImageObject\",\"inLanguage\":\"fr-FR\",\"@id\":\"https:\\\/\\\/hartizanedesign.com\\\/producto\\\/rihla-mesa-de-centro-rihla-de-madera-con-sobre-cristal-y-diseno-contemporaneo\\\/#primaryimage\",\"url\":\"https:\\\/\\\/hartizanedesign.com\\\/wp-content\\\/uploads\\\/2026\\\/02\\\/Rihla2.png\",\"contentUrl\":\"https:\\\/\\\/hartizanedesign.com\\\/wp-content\\\/uploads\\\/2026\\\/02\\\/Rihla2.png\",\"width\":1300,\"height\":900},{\"@type\":\"BreadcrumbList\",\"@id\":\"https:\\\/\\\/hartizanedesign.com\\\/producto\\\/rihla-mesa-de-centro-rihla-de-madera-con-sobre-cristal-y-diseno-contemporaneo\\\/#breadcrumb\",\"itemListElement\":[{\"@type\":\"ListItem\",\"position\":1,\"name\":\"Home\",\"item\":\"https:\\\/\\\/hartizanedesign.com\\\/\"},{\"@type\":\"ListItem\",\"position\":2,\"name\":\"Tienda\",\"item\":\"https:\\\/\\\/hartizanedesign.com\\\/boutique\\\/\"},{\"@type\":\"ListItem\",\"position\":3,\"name\":\"Rihla ( mesa de centro Rihla de madera con sobre cristal y dise\u00f1o contempor\u00e1neo )\"}]},{\"@type\":\"WebSite\",\"@id\":\"https:\\\/\\\/hartizanedesign.com\\\/#website\",\"url\":\"https:\\\/\\\/hartizanedesign.com\\\/\",\"name\":\"hartizanedesign.com\",\"description\":\"\",\"publisher\":{\"@id\":\"https:\\\/\\\/hartizanedesign.com\\\/#organization\"},\"potentialAction\":[{\"@type\":\"SearchAction\",\"target\":{\"@type\":\"EntryPoint\",\"urlTemplate\":\"https:\\\/\\\/hartizanedesign.com\\\/?s={search_term_string}\"},\"query-input\":{\"@type\":\"PropertyValueSpecification\",\"valueRequired\":true,\"valueName\":\"search_term_string\"}}],\"inLanguage\":\"fr-FR\"},{\"@type\":\"Organization\",\"@id\":\"https:\\\/\\\/hartizanedesign.com\\\/#organization\",\"name\":\"hartizanedesign.com\",\"url\":\"https:\\\/\\\/hartizanedesign.com\\\/\",\"logo\":{\"@type\":\"ImageObject\",\"inLanguage\":\"fr-FR\",\"@id\":\"https:\\\/\\\/hartizanedesign.com\\\/#\\\/schema\\\/logo\\\/image\\\/\",\"url\":\"https:\\\/\\\/hartizanedesign.com\\\/wp-content\\\/uploads\\\/2025\\\/10\\\/Logo-commander2_Hartizane_Noire.svg.svg\",\"contentUrl\":\"https:\\\/\\\/hartizanedesign.com\\\/wp-content\\\/uploads\\\/2025\\\/10\\\/Logo-commander2_Hartizane_Noire.svg.svg\",\"width\":209,\"height\":62,\"caption\":\"hartizanedesign.com\"},\"image\":{\"@id\":\"https:\\\/\\\/hartizanedesign.com\\\/#\\\/schema\\\/logo\\\/image\\\/\"}}]}<\/script>\n<!-- \/ Yoast SEO plugin. -->","yoast_head_json":{"title":"Rihla ( mesa de centro Rihla de madera con sobre cristal y dise\u00f1o contempor\u00e1neo ) - hartizanedesign.com","robots":{"index":"index","follow":"follow","max-snippet":"max-snippet:-1","max-image-preview":"max-image-preview:large","max-video-preview":"max-video-preview:-1"},"canonical":"https:\/\/hartizanedesign.com\/fr\/produit\/rihla-mesa-de-centro-rihla-de-madera-con-sobre-cristal-y-diseno-contemporaneo\/","og_locale":"fr_FR","og_type":"article","og_title":"Rihla ( mesa de centro Rihla de madera con sobre cristal y dise\u00f1o contempor\u00e1neo ) - hartizanedesign.com","og_description":"Dise\u00f1ada como un objeto de dise\u00f1o en s\u00ed mismo, esta mesa de centro combina sobriedad y sofisticaci\u00f3n. Su base de madera maciza con formas suaves sostiene un tablero de cristal con reflejos delicados, creando una presencia refinada y equilibrada. Ideal para interiores de alta gama donde el dise\u00f1o y la calidad son protagonistas.  Fabricada con madera cuidadosamente seleccionada, esta mesa de centro resalta la nobleza del material mediante acabados precisos y una textura natural al tacto. Base s\u00f3lida realizada en madera maciza de alta gama, que aporta estabilidad, durabilidad y car\u00e1cter. El tablero de cristal de alta calidad completa el conjunto, aportando resistencia, durabilidad y una elegancia atemporal. Su vidrio templado premium garantiza gran dureza y un pulido perfecto.   Dimensiones :\u00a0120 x 35","og_url":"https:\/\/hartizanedesign.com\/fr\/produit\/rihla-mesa-de-centro-rihla-de-madera-con-sobre-cristal-y-diseno-contemporaneo\/","og_site_name":"hartizanedesign.com","article_modified_time":"2026-02-18T19:29:07+00:00","og_image":[{"width":1300,"height":900,"url":"https:\/\/hartizanedesign.com\/wp-content\/uploads\/2026\/02\/Rihla2.png","type":"image\/png"}],"twitter_card":"summary_large_image","twitter_misc":{"Dur\u00e9e de lecture estim\u00e9e":"1 minute"},"schema":{"@context":"https:\/\/schema.org","@graph":[{"@type":"WebPage","@id":"https:\/\/hartizanedesign.com\/producto\/rihla-mesa-de-centro-rihla-de-madera-con-sobre-cristal-y-diseno-contemporaneo\/","url":"https:\/\/hartizanedesign.com\/producto\/rihla-mesa-de-centro-rihla-de-madera-con-sobre-cristal-y-diseno-contemporaneo\/","name":"Rihla ( mesa de centro Rihla de madera con sobre cristal y dise\u00f1o contempor\u00e1neo ) - hartizanedesign.com","isPartOf":{"@id":"https:\/\/hartizanedesign.com\/#website"},"primaryImageOfPage":{"@id":"https:\/\/hartizanedesign.com\/producto\/rihla-mesa-de-centro-rihla-de-madera-con-sobre-cristal-y-diseno-contemporaneo\/#primaryimage"},"image":{"@id":"https:\/\/hartizanedesign.com\/producto\/rihla-mesa-de-centro-rihla-de-madera-con-sobre-cristal-y-diseno-contemporaneo\/#primaryimage"},"thumbnailUrl":"https:\/\/hartizanedesign.com\/wp-content\/uploads\/2026\/02\/Rihla2.png","datePublished":"2026-02-06T23:49:06+00:00","dateModified":"2026-02-18T19:29:07+00:00","breadcrumb":{"@id":"https:\/\/hartizanedesign.com\/producto\/rihla-mesa-de-centro-rihla-de-madera-con-sobre-cristal-y-diseno-contemporaneo\/#breadcrumb"},"inLanguage":"fr-FR","potentialAction":[{"@type":"ReadAction","target":["https:\/\/hartizanedesign.com\/producto\/rihla-mesa-de-centro-rihla-de-madera-con-sobre-cristal-y-diseno-contemporaneo\/"]}]},{"@type":"ImageObject","inLanguage":"fr-FR","@id":"https:\/\/hartizanedesign.com\/producto\/rihla-mesa-de-centro-rihla-de-madera-con-sobre-cristal-y-diseno-contemporaneo\/#primaryimage","url":"https:\/\/hartizanedesign.com\/wp-content\/uploads\/2026\/02\/Rihla2.png","contentUrl":"https:\/\/hartizanedesign.com\/wp-content\/uploads\/2026\/02\/Rihla2.png","width":1300,"height":900},{"@type":"BreadcrumbList","@id":"https:\/\/hartizanedesign.com\/producto\/rihla-mesa-de-centro-rihla-de-madera-con-sobre-cristal-y-diseno-contemporaneo\/#breadcrumb","itemListElement":[{"@type":"ListItem","position":1,"name":"Home","item":"https:\/\/hartizanedesign.com\/"},{"@type":"ListItem","position":2,"name":"Tienda","item":"https:\/\/hartizanedesign.com\/boutique\/"},{"@type":"ListItem","position":3,"name":"Rihla ( mesa de centro Rihla de madera con sobre cristal y dise\u00f1o contempor\u00e1neo )"}]},{"@type":"WebSite","@id":"https:\/\/hartizanedesign.com\/#website","url":"https:\/\/hartizanedesign.com\/","name":"hartizanedesign.com","description":"","publisher":{"@id":"https:\/\/hartizanedesign.com\/#organization"},"potentialAction":[{"@type":"SearchAction","target":{"@type":"EntryPoint","urlTemplate":"https:\/\/hartizanedesign.com\/?s={search_term_string}"},"query-input":{"@type":"PropertyValueSpecification","valueRequired":true,"valueName":"search_term_string"}}],"inLanguage":"fr-FR"},{"@type":"Organization","@id":"https:\/\/hartizanedesign.com\/#organization","name":"hartizanedesign.com","url":"https:\/\/hartizanedesign.com\/","logo":{"@type":"ImageObject","inLanguage":"fr-FR","@id":"https:\/\/hartizanedesign.com\/#\/schema\/logo\/image\/","url":"https:\/\/hartizanedesign.com\/wp-content\/uploads\/2025\/10\/Logo-commander2_Hartizane_Noire.svg.svg","contentUrl":"https:\/\/hartizanedesign.com\/wp-content\/uploads\/2025\/10\/Logo-commander2_Hartizane_Noire.svg.svg","width":209,"height":62,"caption":"hartizanedesign.com"},"image":{"@id":"https:\/\/hartizanedesign.com\/#\/schema\/logo\/image\/"}}]}},"_links":{"self":[{"href":"https:\/\/hartizanedesign.com\/fr\/wp-json\/wp\/v2\/product\/4588","targetHints":{"allow":["GET"]}}],"collection":[{"href":"https:\/\/hartizanedesign.com\/fr\/wp-json\/wp\/v2\/product"}],"about":[{"href":"https:\/\/hartizanedesign.com\/fr\/wp-json\/wp\/v2\/types\/product"}],"version-history":[{"count":2,"href":"https:\/\/hartizanedesign.com\/fr\/wp-json\/wp\/v2\/product\/4588\/revisions"}],"predecessor-version":[{"id":4748,"href":"https:\/\/hartizanedesign.com\/fr\/wp-json\/wp\/v2\/product\/4588\/revisions\/4748"}],"wp:featuredmedia":[{"embeddable":true,"href":"https:\/\/hartizanedesign.com\/fr\/wp-json\/wp\/v2\/media\/4575"}],"wp:attachment":[{"href":"https:\/\/hartizanedesign.com\/fr\/wp-json\/wp\/v2\/media?parent=4588"}],"wp:term":[{"taxonomy":"product_brand","embeddable":true,"href":"https:\/\/hartizanedesign.com\/fr\/wp-json\/wp\/v2\/product_brand?post=4588"},{"taxonomy":"product_cat","embeddable":true,"href":"https:\/\/hartizanedesign.com\/fr\/wp-json\/wp\/v2\/product_cat?post=4588"},{"taxonomy":"product_tag","embeddable":true,"href":"https:\/\/hartizanedesign.com\/fr\/wp-json\/wp\/v2\/product_tag?post=4588"}],"curies":[{"name":"wp","href":"https:\/\/api.w.org\/{rel}","templated":true}]}}