{"id":4605,"date":"2026-02-07T01:03:34","date_gmt":"2026-02-07T00:03:34","guid":{"rendered":"https:\/\/hartizanedesign.com\/?post_type=product&#038;p=4605"},"modified":"2026-02-18T19:22:28","modified_gmt":"2026-02-18T19:22:28","slug":"alta","status":"publish","type":"product","link":"https:\/\/hartizanedesign.com\/fr\/produit\/alta\/","title":{"rendered":"Alta"},"content":{"rendered":"","protected":false},"excerpt":{"rendered":"<p>El equilibrio perfecto entre sobriedad y car\u00e1cter define esta mesa de comedor. La selecci\u00f3n rigurosa de una madera noble garantiza no solo una durabilidad excepcional, sino que tambi\u00e9n aporta una textura org\u00e1nica palpable que transforma este mueble en una experiencia sensorial. Sus proporciones generosas y su dise\u00f1o depurado la convierten en el coraz\u00f3n de un espacio de convivencia, capaz de trascender las modas sin perder nunca su atractivo. Cada \u00e1ngulo ha sido pensado para resaltar una est\u00e9tica contempor\u00e1nea donde la funci\u00f3n y la forma se unen armoniosamente. Base s\u00f3lida elaborada en madera maciza de alta gama, que aporta estabilidad, robustez y una presencia sofisticada al conjunto.<\/p>\n<ul>\n<li style=\"font-weight: 400;\" aria-level=\"1\"><span style=\"font-weight: 400;\">Dimensiones<\/span><span style=\"font-weight: 400;\">: 200 x 100 <\/span><\/li>\n<\/ul>","protected":false},"featured_media":4562,"template":"","meta":[],"product_brand":[],"product_cat":[237],"product_tag":[],"class_list":{"0":"post-4605","1":"product","2":"type-product","3":"status-publish","4":"has-post-thumbnail","6":"product_cat-mesas-de-comedor","8":"first","9":"instock","10":"sale","11":"taxable","12":"shipping-taxable","13":"purchasable","14":"product-type-simple"},"yoast_head":"<!-- This site is optimized with the Yoast SEO plugin v27.4 - https:\/\/yoast.com\/product\/yoast-seo-wordpress\/ -->\n<title>Alta - hartizanedesign.com<\/title>\n<meta name=\"robots\" content=\"index, follow, max-snippet:-1, max-image-preview:large, max-video-preview:-1\" \/>\n<link rel=\"canonical\" href=\"https:\/\/hartizanedesign.com\/fr\/produit\/alta\/\" \/>\n<meta property=\"og:locale\" content=\"fr_FR\" \/>\n<meta property=\"og:type\" content=\"article\" \/>\n<meta property=\"og:title\" content=\"Alta - hartizanedesign.com\" \/>\n<meta property=\"og:description\" content=\"El equilibrio perfecto entre sobriedad y car\u00e1cter define esta mesa de comedor. La selecci\u00f3n rigurosa de una madera noble garantiza no solo una durabilidad excepcional, sino que tambi\u00e9n aporta una textura org\u00e1nica palpable que transforma este mueble en una experiencia sensorial. Sus proporciones generosas y su dise\u00f1o depurado la convierten en el coraz\u00f3n de un espacio de convivencia, capaz de trascender las modas sin perder nunca su atractivo. Cada \u00e1ngulo ha sido pensado para resaltar una est\u00e9tica contempor\u00e1nea donde la funci\u00f3n y la forma se unen armoniosamente. Base s\u00f3lida elaborada en madera maciza de alta gama, que aporta estabilidad, robustez y una presencia sofisticada al conjunto.   Dimensiones: 200 x 100\" \/>\n<meta property=\"og:url\" content=\"https:\/\/hartizanedesign.com\/fr\/produit\/alta\/\" \/>\n<meta property=\"og:site_name\" content=\"hartizanedesign.com\" \/>\n<meta property=\"article:modified_time\" content=\"2026-02-18T19:22:28+00:00\" \/>\n<meta property=\"og:image\" content=\"https:\/\/hartizanedesign.com\/wp-content\/uploads\/2026\/02\/Alta.png\" \/>\n\t<meta property=\"og:image:width\" content=\"1300\" \/>\n\t<meta property=\"og:image:height\" content=\"900\" \/>\n\t<meta property=\"og:image:type\" content=\"image\/png\" \/>\n<meta name=\"twitter:card\" content=\"summary_large_image\" \/>\n<meta name=\"twitter:label1\" content=\"Dur\u00e9e de lecture estim\u00e9e\" \/>\n\t<meta name=\"twitter:data1\" content=\"1 minute\" \/>\n<script type=\"application\/ld+json\" class=\"yoast-schema-graph\">{\"@context\":\"https:\\\/\\\/schema.org\",\"@graph\":[{\"@type\":\"WebPage\",\"@id\":\"https:\\\/\\\/hartizanedesign.com\\\/producto\\\/alta\\\/\",\"url\":\"https:\\\/\\\/hartizanedesign.com\\\/producto\\\/alta\\\/\",\"name\":\"Alta - hartizanedesign.com\",\"isPartOf\":{\"@id\":\"https:\\\/\\\/hartizanedesign.com\\\/#website\"},\"primaryImageOfPage\":{\"@id\":\"https:\\\/\\\/hartizanedesign.com\\\/producto\\\/alta\\\/#primaryimage\"},\"image\":{\"@id\":\"https:\\\/\\\/hartizanedesign.com\\\/producto\\\/alta\\\/#primaryimage\"},\"thumbnailUrl\":\"https:\\\/\\\/hartizanedesign.com\\\/wp-content\\\/uploads\\\/2026\\\/02\\\/Alta.png\",\"datePublished\":\"2026-02-07T00:03:34+00:00\",\"dateModified\":\"2026-02-18T19:22:28+00:00\",\"breadcrumb\":{\"@id\":\"https:\\\/\\\/hartizanedesign.com\\\/producto\\\/alta\\\/#breadcrumb\"},\"inLanguage\":\"fr-FR\",\"potentialAction\":[{\"@type\":\"ReadAction\",\"target\":[\"https:\\\/\\\/hartizanedesign.com\\\/producto\\\/alta\\\/\"]}]},{\"@type\":\"ImageObject\",\"inLanguage\":\"fr-FR\",\"@id\":\"https:\\\/\\\/hartizanedesign.com\\\/producto\\\/alta\\\/#primaryimage\",\"url\":\"https:\\\/\\\/hartizanedesign.com\\\/wp-content\\\/uploads\\\/2026\\\/02\\\/Alta.png\",\"contentUrl\":\"https:\\\/\\\/hartizanedesign.com\\\/wp-content\\\/uploads\\\/2026\\\/02\\\/Alta.png\",\"width\":1300,\"height\":900},{\"@type\":\"BreadcrumbList\",\"@id\":\"https:\\\/\\\/hartizanedesign.com\\\/producto\\\/alta\\\/#breadcrumb\",\"itemListElement\":[{\"@type\":\"ListItem\",\"position\":1,\"name\":\"Home\",\"item\":\"https:\\\/\\\/hartizanedesign.com\\\/\"},{\"@type\":\"ListItem\",\"position\":2,\"name\":\"Tienda\",\"item\":\"https:\\\/\\\/hartizanedesign.com\\\/boutique\\\/\"},{\"@type\":\"ListItem\",\"position\":3,\"name\":\"Alta\"}]},{\"@type\":\"WebSite\",\"@id\":\"https:\\\/\\\/hartizanedesign.com\\\/#website\",\"url\":\"https:\\\/\\\/hartizanedesign.com\\\/\",\"name\":\"hartizanedesign.com\",\"description\":\"\",\"publisher\":{\"@id\":\"https:\\\/\\\/hartizanedesign.com\\\/#organization\"},\"potentialAction\":[{\"@type\":\"SearchAction\",\"target\":{\"@type\":\"EntryPoint\",\"urlTemplate\":\"https:\\\/\\\/hartizanedesign.com\\\/?s={search_term_string}\"},\"query-input\":{\"@type\":\"PropertyValueSpecification\",\"valueRequired\":true,\"valueName\":\"search_term_string\"}}],\"inLanguage\":\"fr-FR\"},{\"@type\":\"Organization\",\"@id\":\"https:\\\/\\\/hartizanedesign.com\\\/#organization\",\"name\":\"hartizanedesign.com\",\"url\":\"https:\\\/\\\/hartizanedesign.com\\\/\",\"logo\":{\"@type\":\"ImageObject\",\"inLanguage\":\"fr-FR\",\"@id\":\"https:\\\/\\\/hartizanedesign.com\\\/#\\\/schema\\\/logo\\\/image\\\/\",\"url\":\"https:\\\/\\\/hartizanedesign.com\\\/wp-content\\\/uploads\\\/2025\\\/10\\\/Logo-commander2_Hartizane_Noire.svg.svg\",\"contentUrl\":\"https:\\\/\\\/hartizanedesign.com\\\/wp-content\\\/uploads\\\/2025\\\/10\\\/Logo-commander2_Hartizane_Noire.svg.svg\",\"width\":209,\"height\":62,\"caption\":\"hartizanedesign.com\"},\"image\":{\"@id\":\"https:\\\/\\\/hartizanedesign.com\\\/#\\\/schema\\\/logo\\\/image\\\/\"}}]}<\/script>\n<!-- \/ Yoast SEO plugin. -->","yoast_head_json":{"title":"Alta - hartizanedesign.com","robots":{"index":"index","follow":"follow","max-snippet":"max-snippet:-1","max-image-preview":"max-image-preview:large","max-video-preview":"max-video-preview:-1"},"canonical":"https:\/\/hartizanedesign.com\/fr\/produit\/alta\/","og_locale":"fr_FR","og_type":"article","og_title":"Alta - hartizanedesign.com","og_description":"El equilibrio perfecto entre sobriedad y car\u00e1cter define esta mesa de comedor. La selecci\u00f3n rigurosa de una madera noble garantiza no solo una durabilidad excepcional, sino que tambi\u00e9n aporta una textura org\u00e1nica palpable que transforma este mueble en una experiencia sensorial. Sus proporciones generosas y su dise\u00f1o depurado la convierten en el coraz\u00f3n de un espacio de convivencia, capaz de trascender las modas sin perder nunca su atractivo. Cada \u00e1ngulo ha sido pensado para resaltar una est\u00e9tica contempor\u00e1nea donde la funci\u00f3n y la forma se unen armoniosamente. Base s\u00f3lida elaborada en madera maciza de alta gama, que aporta estabilidad, robustez y una presencia sofisticada al conjunto.   Dimensiones: 200 x 100","og_url":"https:\/\/hartizanedesign.com\/fr\/produit\/alta\/","og_site_name":"hartizanedesign.com","article_modified_time":"2026-02-18T19:22:28+00:00","og_image":[{"width":1300,"height":900,"url":"https:\/\/hartizanedesign.com\/wp-content\/uploads\/2026\/02\/Alta.png","type":"image\/png"}],"twitter_card":"summary_large_image","twitter_misc":{"Dur\u00e9e de lecture estim\u00e9e":"1 minute"},"schema":{"@context":"https:\/\/schema.org","@graph":[{"@type":"WebPage","@id":"https:\/\/hartizanedesign.com\/producto\/alta\/","url":"https:\/\/hartizanedesign.com\/producto\/alta\/","name":"Alta - hartizanedesign.com","isPartOf":{"@id":"https:\/\/hartizanedesign.com\/#website"},"primaryImageOfPage":{"@id":"https:\/\/hartizanedesign.com\/producto\/alta\/#primaryimage"},"image":{"@id":"https:\/\/hartizanedesign.com\/producto\/alta\/#primaryimage"},"thumbnailUrl":"https:\/\/hartizanedesign.com\/wp-content\/uploads\/2026\/02\/Alta.png","datePublished":"2026-02-07T00:03:34+00:00","dateModified":"2026-02-18T19:22:28+00:00","breadcrumb":{"@id":"https:\/\/hartizanedesign.com\/producto\/alta\/#breadcrumb"},"inLanguage":"fr-FR","potentialAction":[{"@type":"ReadAction","target":["https:\/\/hartizanedesign.com\/producto\/alta\/"]}]},{"@type":"ImageObject","inLanguage":"fr-FR","@id":"https:\/\/hartizanedesign.com\/producto\/alta\/#primaryimage","url":"https:\/\/hartizanedesign.com\/wp-content\/uploads\/2026\/02\/Alta.png","contentUrl":"https:\/\/hartizanedesign.com\/wp-content\/uploads\/2026\/02\/Alta.png","width":1300,"height":900},{"@type":"BreadcrumbList","@id":"https:\/\/hartizanedesign.com\/producto\/alta\/#breadcrumb","itemListElement":[{"@type":"ListItem","position":1,"name":"Home","item":"https:\/\/hartizanedesign.com\/"},{"@type":"ListItem","position":2,"name":"Tienda","item":"https:\/\/hartizanedesign.com\/boutique\/"},{"@type":"ListItem","position":3,"name":"Alta"}]},{"@type":"WebSite","@id":"https:\/\/hartizanedesign.com\/#website","url":"https:\/\/hartizanedesign.com\/","name":"hartizanedesign.com","description":"","publisher":{"@id":"https:\/\/hartizanedesign.com\/#organization"},"potentialAction":[{"@type":"SearchAction","target":{"@type":"EntryPoint","urlTemplate":"https:\/\/hartizanedesign.com\/?s={search_term_string}"},"query-input":{"@type":"PropertyValueSpecification","valueRequired":true,"valueName":"search_term_string"}}],"inLanguage":"fr-FR"},{"@type":"Organization","@id":"https:\/\/hartizanedesign.com\/#organization","name":"hartizanedesign.com","url":"https:\/\/hartizanedesign.com\/","logo":{"@type":"ImageObject","inLanguage":"fr-FR","@id":"https:\/\/hartizanedesign.com\/#\/schema\/logo\/image\/","url":"https:\/\/hartizanedesign.com\/wp-content\/uploads\/2025\/10\/Logo-commander2_Hartizane_Noire.svg.svg","contentUrl":"https:\/\/hartizanedesign.com\/wp-content\/uploads\/2025\/10\/Logo-commander2_Hartizane_Noire.svg.svg","width":209,"height":62,"caption":"hartizanedesign.com"},"image":{"@id":"https:\/\/hartizanedesign.com\/#\/schema\/logo\/image\/"}}]}},"_links":{"self":[{"href":"https:\/\/hartizanedesign.com\/fr\/wp-json\/wp\/v2\/product\/4605","targetHints":{"allow":["GET"]}}],"collection":[{"href":"https:\/\/hartizanedesign.com\/fr\/wp-json\/wp\/v2\/product"}],"about":[{"href":"https:\/\/hartizanedesign.com\/fr\/wp-json\/wp\/v2\/types\/product"}],"version-history":[{"count":3,"href":"https:\/\/hartizanedesign.com\/fr\/wp-json\/wp\/v2\/product\/4605\/revisions"}],"predecessor-version":[{"id":4739,"href":"https:\/\/hartizanedesign.com\/fr\/wp-json\/wp\/v2\/product\/4605\/revisions\/4739"}],"wp:featuredmedia":[{"embeddable":true,"href":"https:\/\/hartizanedesign.com\/fr\/wp-json\/wp\/v2\/media\/4562"}],"wp:attachment":[{"href":"https:\/\/hartizanedesign.com\/fr\/wp-json\/wp\/v2\/media?parent=4605"}],"wp:term":[{"taxonomy":"product_brand","embeddable":true,"href":"https:\/\/hartizanedesign.com\/fr\/wp-json\/wp\/v2\/product_brand?post=4605"},{"taxonomy":"product_cat","embeddable":true,"href":"https:\/\/hartizanedesign.com\/fr\/wp-json\/wp\/v2\/product_cat?post=4605"},{"taxonomy":"product_tag","embeddable":true,"href":"https:\/\/hartizanedesign.com\/fr\/wp-json\/wp\/v2\/product_tag?post=4605"}],"curies":[{"name":"wp","href":"https:\/\/api.w.org\/{rel}","templated":true}]}}