{"id":4649,"date":"2026-02-16T21:01:13","date_gmt":"2026-02-16T21:01:13","guid":{"rendered":"https:\/\/hartizanedesign.com\/?post_type=product&#038;p=4649"},"modified":"2026-02-16T21:01:13","modified_gmt":"2026-02-16T21:01:13","slug":"nodo","status":"publish","type":"product","link":"https:\/\/hartizanedesign.com\/fr\/produit\/nodo\/","title":{"rendered":"NODO"},"content":{"rendered":"","protected":false},"excerpt":{"rendered":"<p><span style=\"font-weight: 400;\">Inspirada en la pureza de las l\u00edneas escandinavas, esta estanter\u00eda apuesta por un dise\u00f1o depurado para realzar la nobleza de la madera de nogal. Su estructura de \u201cescalera\u201d invertida sostiene m\u00f3dulos de almacenamiento abiertos, ofreciendo una puesta en escena teatral para sus libros o accesorios. El trabajo minucioso de los \u00e1ngulos y la finura de los montantes dan fe de una artesan\u00eda de alto nivel. Ideal para los amantes del dise\u00f1o \u201cLess is More\u201d, infunde una atm\u00f3sfera serena y ordenada en su oficina o sal\u00f3n, transformando cada objeto expuesto en un detalle precioso de su decoraci\u00f3n.<\/span><\/p>\n<p><b>El nogal utilizado para su fabricaci\u00f3n procede de una selecci\u00f3n rigurosa de maderas de calidad superior, reconocidas por su densidad, estabilidad y riqueza visual. Este material noble garantiza una durabilidad excepcional y una p\u00e1tina elegante que se embellece con el paso del tiempo.<\/b><\/p>\n<ul>\n<li style=\"font-weight: 400;\" aria-level=\"1\"><span style=\"font-weight: 400;\">Dimensions:<\/span><span style=\"font-weight: 400;\"> 180 x 145 <\/span><\/li>\n<\/ul>","protected":false},"featured_media":4626,"template":"","meta":[],"product_brand":[],"product_cat":[242],"product_tag":[],"class_list":{"0":"post-4649","1":"product","2":"type-product","3":"status-publish","4":"has-post-thumbnail","6":"product_cat-muebles","8":"first","9":"instock","10":"sale","11":"taxable","12":"shipping-taxable","13":"purchasable","14":"product-type-simple"},"yoast_head":"<!-- This site is optimized with the Yoast SEO plugin v27.4 - https:\/\/yoast.com\/product\/yoast-seo-wordpress\/ -->\n<title>NODO - hartizanedesign.com<\/title>\n<meta name=\"robots\" content=\"index, follow, max-snippet:-1, max-image-preview:large, max-video-preview:-1\" \/>\n<link rel=\"canonical\" href=\"https:\/\/hartizanedesign.com\/fr\/produit\/nodo\/\" \/>\n<meta property=\"og:locale\" content=\"fr_FR\" \/>\n<meta property=\"og:type\" content=\"article\" \/>\n<meta property=\"og:title\" content=\"NODO - hartizanedesign.com\" \/>\n<meta property=\"og:description\" content=\"Inspirada en la pureza de las l\u00edneas escandinavas, esta estanter\u00eda apuesta por un dise\u00f1o depurado para realzar la nobleza de la madera de nogal. Su estructura de \u201cescalera\u201d invertida sostiene m\u00f3dulos de almacenamiento abiertos, ofreciendo una puesta en escena teatral para sus libros o accesorios. El trabajo minucioso de los \u00e1ngulos y la finura de los montantes dan fe de una artesan\u00eda de alto nivel. Ideal para los amantes del dise\u00f1o \u201cLess is More\u201d, infunde una atm\u00f3sfera serena y ordenada en su oficina o sal\u00f3n, transformando cada objeto expuesto en un detalle precioso de su decoraci\u00f3n.  El nogal utilizado para su fabricaci\u00f3n procede de una selecci\u00f3n rigurosa de maderas de calidad superior, reconocidas por su densidad, estabilidad y riqueza visual. Este material noble garantiza una durabilidad excepcional y una p\u00e1tina elegante que se embellece con el paso del tiempo.   Dimensiones: 180 x 145\" \/>\n<meta property=\"og:url\" content=\"https:\/\/hartizanedesign.com\/fr\/produit\/nodo\/\" \/>\n<meta property=\"og:site_name\" content=\"hartizanedesign.com\" \/>\n<meta property=\"og:image\" content=\"https:\/\/hartizanedesign.com\/wp-content\/uploads\/2026\/02\/Nodo.png\" \/>\n\t<meta property=\"og:image:width\" content=\"1300\" \/>\n\t<meta property=\"og:image:height\" content=\"900\" \/>\n\t<meta property=\"og:image:type\" content=\"image\/png\" \/>\n<meta name=\"twitter:card\" content=\"summary_large_image\" \/>\n<meta name=\"twitter:label1\" content=\"Dur\u00e9e de lecture estim\u00e9e\" \/>\n\t<meta name=\"twitter:data1\" content=\"1 minute\" \/>\n<script type=\"application\/ld+json\" class=\"yoast-schema-graph\">{\"@context\":\"https:\\\/\\\/schema.org\",\"@graph\":[{\"@type\":\"WebPage\",\"@id\":\"https:\\\/\\\/hartizanedesign.com\\\/producto\\\/nodo\\\/\",\"url\":\"https:\\\/\\\/hartizanedesign.com\\\/producto\\\/nodo\\\/\",\"name\":\"NODO - hartizanedesign.com\",\"isPartOf\":{\"@id\":\"https:\\\/\\\/hartizanedesign.com\\\/#website\"},\"primaryImageOfPage\":{\"@id\":\"https:\\\/\\\/hartizanedesign.com\\\/producto\\\/nodo\\\/#primaryimage\"},\"image\":{\"@id\":\"https:\\\/\\\/hartizanedesign.com\\\/producto\\\/nodo\\\/#primaryimage\"},\"thumbnailUrl\":\"https:\\\/\\\/hartizanedesign.com\\\/wp-content\\\/uploads\\\/2026\\\/02\\\/Nodo.png\",\"datePublished\":\"2026-02-16T21:01:13+00:00\",\"breadcrumb\":{\"@id\":\"https:\\\/\\\/hartizanedesign.com\\\/producto\\\/nodo\\\/#breadcrumb\"},\"inLanguage\":\"fr-FR\",\"potentialAction\":[{\"@type\":\"ReadAction\",\"target\":[\"https:\\\/\\\/hartizanedesign.com\\\/producto\\\/nodo\\\/\"]}]},{\"@type\":\"ImageObject\",\"inLanguage\":\"fr-FR\",\"@id\":\"https:\\\/\\\/hartizanedesign.com\\\/producto\\\/nodo\\\/#primaryimage\",\"url\":\"https:\\\/\\\/hartizanedesign.com\\\/wp-content\\\/uploads\\\/2026\\\/02\\\/Nodo.png\",\"contentUrl\":\"https:\\\/\\\/hartizanedesign.com\\\/wp-content\\\/uploads\\\/2026\\\/02\\\/Nodo.png\",\"width\":1300,\"height\":900},{\"@type\":\"BreadcrumbList\",\"@id\":\"https:\\\/\\\/hartizanedesign.com\\\/producto\\\/nodo\\\/#breadcrumb\",\"itemListElement\":[{\"@type\":\"ListItem\",\"position\":1,\"name\":\"Home\",\"item\":\"https:\\\/\\\/hartizanedesign.com\\\/\"},{\"@type\":\"ListItem\",\"position\":2,\"name\":\"Tienda\",\"item\":\"https:\\\/\\\/hartizanedesign.com\\\/boutique\\\/\"},{\"@type\":\"ListItem\",\"position\":3,\"name\":\"NODO\"}]},{\"@type\":\"WebSite\",\"@id\":\"https:\\\/\\\/hartizanedesign.com\\\/#website\",\"url\":\"https:\\\/\\\/hartizanedesign.com\\\/\",\"name\":\"hartizanedesign.com\",\"description\":\"\",\"publisher\":{\"@id\":\"https:\\\/\\\/hartizanedesign.com\\\/#organization\"},\"potentialAction\":[{\"@type\":\"SearchAction\",\"target\":{\"@type\":\"EntryPoint\",\"urlTemplate\":\"https:\\\/\\\/hartizanedesign.com\\\/?s={search_term_string}\"},\"query-input\":{\"@type\":\"PropertyValueSpecification\",\"valueRequired\":true,\"valueName\":\"search_term_string\"}}],\"inLanguage\":\"fr-FR\"},{\"@type\":\"Organization\",\"@id\":\"https:\\\/\\\/hartizanedesign.com\\\/#organization\",\"name\":\"hartizanedesign.com\",\"url\":\"https:\\\/\\\/hartizanedesign.com\\\/\",\"logo\":{\"@type\":\"ImageObject\",\"inLanguage\":\"fr-FR\",\"@id\":\"https:\\\/\\\/hartizanedesign.com\\\/#\\\/schema\\\/logo\\\/image\\\/\",\"url\":\"https:\\\/\\\/hartizanedesign.com\\\/wp-content\\\/uploads\\\/2025\\\/10\\\/Logo-commander2_Hartizane_Noire.svg.svg\",\"contentUrl\":\"https:\\\/\\\/hartizanedesign.com\\\/wp-content\\\/uploads\\\/2025\\\/10\\\/Logo-commander2_Hartizane_Noire.svg.svg\",\"width\":209,\"height\":62,\"caption\":\"hartizanedesign.com\"},\"image\":{\"@id\":\"https:\\\/\\\/hartizanedesign.com\\\/#\\\/schema\\\/logo\\\/image\\\/\"}}]}<\/script>\n<!-- \/ Yoast SEO plugin. -->","yoast_head_json":{"title":"NODO - hartizanedesign.com","robots":{"index":"index","follow":"follow","max-snippet":"max-snippet:-1","max-image-preview":"max-image-preview:large","max-video-preview":"max-video-preview:-1"},"canonical":"https:\/\/hartizanedesign.com\/fr\/produit\/nodo\/","og_locale":"fr_FR","og_type":"article","og_title":"NODO - hartizanedesign.com","og_description":"Inspirada en la pureza de las l\u00edneas escandinavas, esta estanter\u00eda apuesta por un dise\u00f1o depurado para realzar la nobleza de la madera de nogal. Su estructura de \u201cescalera\u201d invertida sostiene m\u00f3dulos de almacenamiento abiertos, ofreciendo una puesta en escena teatral para sus libros o accesorios. El trabajo minucioso de los \u00e1ngulos y la finura de los montantes dan fe de una artesan\u00eda de alto nivel. Ideal para los amantes del dise\u00f1o \u201cLess is More\u201d, infunde una atm\u00f3sfera serena y ordenada en su oficina o sal\u00f3n, transformando cada objeto expuesto en un detalle precioso de su decoraci\u00f3n.  El nogal utilizado para su fabricaci\u00f3n procede de una selecci\u00f3n rigurosa de maderas de calidad superior, reconocidas por su densidad, estabilidad y riqueza visual. Este material noble garantiza una durabilidad excepcional y una p\u00e1tina elegante que se embellece con el paso del tiempo.   Dimensiones: 180 x 145","og_url":"https:\/\/hartizanedesign.com\/fr\/produit\/nodo\/","og_site_name":"hartizanedesign.com","og_image":[{"width":1300,"height":900,"url":"https:\/\/hartizanedesign.com\/wp-content\/uploads\/2026\/02\/Nodo.png","type":"image\/png"}],"twitter_card":"summary_large_image","twitter_misc":{"Dur\u00e9e de lecture estim\u00e9e":"1 minute"},"schema":{"@context":"https:\/\/schema.org","@graph":[{"@type":"WebPage","@id":"https:\/\/hartizanedesign.com\/producto\/nodo\/","url":"https:\/\/hartizanedesign.com\/producto\/nodo\/","name":"NODO - hartizanedesign.com","isPartOf":{"@id":"https:\/\/hartizanedesign.com\/#website"},"primaryImageOfPage":{"@id":"https:\/\/hartizanedesign.com\/producto\/nodo\/#primaryimage"},"image":{"@id":"https:\/\/hartizanedesign.com\/producto\/nodo\/#primaryimage"},"thumbnailUrl":"https:\/\/hartizanedesign.com\/wp-content\/uploads\/2026\/02\/Nodo.png","datePublished":"2026-02-16T21:01:13+00:00","breadcrumb":{"@id":"https:\/\/hartizanedesign.com\/producto\/nodo\/#breadcrumb"},"inLanguage":"fr-FR","potentialAction":[{"@type":"ReadAction","target":["https:\/\/hartizanedesign.com\/producto\/nodo\/"]}]},{"@type":"ImageObject","inLanguage":"fr-FR","@id":"https:\/\/hartizanedesign.com\/producto\/nodo\/#primaryimage","url":"https:\/\/hartizanedesign.com\/wp-content\/uploads\/2026\/02\/Nodo.png","contentUrl":"https:\/\/hartizanedesign.com\/wp-content\/uploads\/2026\/02\/Nodo.png","width":1300,"height":900},{"@type":"BreadcrumbList","@id":"https:\/\/hartizanedesign.com\/producto\/nodo\/#breadcrumb","itemListElement":[{"@type":"ListItem","position":1,"name":"Home","item":"https:\/\/hartizanedesign.com\/"},{"@type":"ListItem","position":2,"name":"Tienda","item":"https:\/\/hartizanedesign.com\/boutique\/"},{"@type":"ListItem","position":3,"name":"NODO"}]},{"@type":"WebSite","@id":"https:\/\/hartizanedesign.com\/#website","url":"https:\/\/hartizanedesign.com\/","name":"hartizanedesign.com","description":"","publisher":{"@id":"https:\/\/hartizanedesign.com\/#organization"},"potentialAction":[{"@type":"SearchAction","target":{"@type":"EntryPoint","urlTemplate":"https:\/\/hartizanedesign.com\/?s={search_term_string}"},"query-input":{"@type":"PropertyValueSpecification","valueRequired":true,"valueName":"search_term_string"}}],"inLanguage":"fr-FR"},{"@type":"Organization","@id":"https:\/\/hartizanedesign.com\/#organization","name":"hartizanedesign.com","url":"https:\/\/hartizanedesign.com\/","logo":{"@type":"ImageObject","inLanguage":"fr-FR","@id":"https:\/\/hartizanedesign.com\/#\/schema\/logo\/image\/","url":"https:\/\/hartizanedesign.com\/wp-content\/uploads\/2025\/10\/Logo-commander2_Hartizane_Noire.svg.svg","contentUrl":"https:\/\/hartizanedesign.com\/wp-content\/uploads\/2025\/10\/Logo-commander2_Hartizane_Noire.svg.svg","width":209,"height":62,"caption":"hartizanedesign.com"},"image":{"@id":"https:\/\/hartizanedesign.com\/#\/schema\/logo\/image\/"}}]}},"_links":{"self":[{"href":"https:\/\/hartizanedesign.com\/fr\/wp-json\/wp\/v2\/product\/4649","targetHints":{"allow":["GET"]}}],"collection":[{"href":"https:\/\/hartizanedesign.com\/fr\/wp-json\/wp\/v2\/product"}],"about":[{"href":"https:\/\/hartizanedesign.com\/fr\/wp-json\/wp\/v2\/types\/product"}],"version-history":[{"count":2,"href":"https:\/\/hartizanedesign.com\/fr\/wp-json\/wp\/v2\/product\/4649\/revisions"}],"predecessor-version":[{"id":4717,"href":"https:\/\/hartizanedesign.com\/fr\/wp-json\/wp\/v2\/product\/4649\/revisions\/4717"}],"wp:featuredmedia":[{"embeddable":true,"href":"https:\/\/hartizanedesign.com\/fr\/wp-json\/wp\/v2\/media\/4626"}],"wp:attachment":[{"href":"https:\/\/hartizanedesign.com\/fr\/wp-json\/wp\/v2\/media?parent=4649"}],"wp:term":[{"taxonomy":"product_brand","embeddable":true,"href":"https:\/\/hartizanedesign.com\/fr\/wp-json\/wp\/v2\/product_brand?post=4649"},{"taxonomy":"product_cat","embeddable":true,"href":"https:\/\/hartizanedesign.com\/fr\/wp-json\/wp\/v2\/product_cat?post=4649"},{"taxonomy":"product_tag","embeddable":true,"href":"https:\/\/hartizanedesign.com\/fr\/wp-json\/wp\/v2\/product_tag?post=4649"}],"curies":[{"name":"wp","href":"https:\/\/api.w.org\/{rel}","templated":true}]}}