{"id":4653,"date":"2026-02-08T23:02:11","date_gmt":"2026-02-08T22:02:11","guid":{"rendered":"https:\/\/hartizanedesign.com\/?post_type=product&#038;p=4653"},"modified":"2026-02-08T23:02:11","modified_gmt":"2026-02-08T22:02:11","slug":"punto-side","status":"publish","type":"product","link":"https:\/\/hartizanedesign.com\/fr\/produit\/punto-side\/","title":{"rendered":"Punto Side"},"content":{"rendered":"","protected":false},"excerpt":{"rendered":"<p>La elegancia reside en el detalle con esta mesita de noche de dise\u00f1o curvo, concebida para aportar un toque de sofisticaci\u00f3n org\u00e1nica a su dormitorio. La fluidez de su silueta redonda permite liberar el espacio visual a la vez que ofrece una superficie robusta y f\u00e1cil de mantener gracias a su sobre de cer\u00e1mica de alta calidad. El trabajo meticuloso de la madera, con sus vetas horizontales visibles, subraya una artesan\u00eda de prestigio. El roble utilizado, seleccionado por su resistencia natural y su belleza intr\u00ednseca, garantiza una durabilidad excepcional y una est\u00e9tica de gran pureza. Ya sea instalada sola o en pareja, transforma su habitaci\u00f3n en una suite contempor\u00e1nea donde el confort y la excelencia est\u00e9tica se encuentran armoniosamente.<\/p>","protected":false},"featured_media":4632,"template":"","meta":[],"product_brand":[],"product_cat":[242],"product_tag":[],"class_list":{"0":"post-4653","1":"product","2":"type-product","3":"status-publish","4":"has-post-thumbnail","6":"product_cat-muebles","8":"first","9":"instock","10":"sale","11":"taxable","12":"shipping-taxable","13":"purchasable","14":"product-type-simple"},"yoast_head":"<!-- This site is optimized with the Yoast SEO plugin v27.4 - https:\/\/yoast.com\/product\/yoast-seo-wordpress\/ -->\n<title>Punto Side - hartizanedesign.com<\/title>\n<meta name=\"robots\" content=\"index, follow, max-snippet:-1, max-image-preview:large, max-video-preview:-1\" \/>\n<link rel=\"canonical\" href=\"https:\/\/hartizanedesign.com\/fr\/produit\/punto-side\/\" \/>\n<meta property=\"og:locale\" content=\"fr_FR\" \/>\n<meta property=\"og:type\" content=\"article\" \/>\n<meta property=\"og:title\" content=\"Punto Side - hartizanedesign.com\" \/>\n<meta property=\"og:description\" content=\"La elegancia reside en el detalle con esta mesita de noche de dise\u00f1o curvo, concebida para aportar un toque de sofisticaci\u00f3n org\u00e1nica a su dormitorio. La fluidez de su silueta redonda permite liberar el espacio visual a la vez que ofrece una superficie robusta y f\u00e1cil de mantener gracias a su sobre de cer\u00e1mica de alta calidad. El trabajo meticuloso de la madera, con sus vetas horizontales visibles, subraya una artesan\u00eda de prestigio. El roble utilizado, seleccionado por su resistencia natural y su belleza intr\u00ednseca, garantiza una durabilidad excepcional y una est\u00e9tica de gran pureza. Ya sea instalada sola o en pareja, transforma su habitaci\u00f3n en una suite contempor\u00e1nea donde el confort y la excelencia est\u00e9tica se encuentran armoniosamente.\" \/>\n<meta property=\"og:url\" content=\"https:\/\/hartizanedesign.com\/fr\/produit\/punto-side\/\" \/>\n<meta property=\"og:site_name\" content=\"hartizanedesign.com\" \/>\n<meta property=\"og:image\" content=\"https:\/\/hartizanedesign.com\/wp-content\/uploads\/2026\/02\/Punto-side.png\" \/>\n\t<meta property=\"og:image:width\" content=\"1300\" \/>\n\t<meta property=\"og:image:height\" content=\"900\" \/>\n\t<meta property=\"og:image:type\" content=\"image\/png\" \/>\n<meta name=\"twitter:card\" content=\"summary_large_image\" \/>\n<meta name=\"twitter:label1\" content=\"Dur\u00e9e de lecture estim\u00e9e\" \/>\n\t<meta name=\"twitter:data1\" content=\"1 minute\" \/>\n<script type=\"application\/ld+json\" class=\"yoast-schema-graph\">{\"@context\":\"https:\\\/\\\/schema.org\",\"@graph\":[{\"@type\":\"WebPage\",\"@id\":\"https:\\\/\\\/hartizanedesign.com\\\/producto\\\/punto-side\\\/\",\"url\":\"https:\\\/\\\/hartizanedesign.com\\\/producto\\\/punto-side\\\/\",\"name\":\"Punto Side - hartizanedesign.com\",\"isPartOf\":{\"@id\":\"https:\\\/\\\/hartizanedesign.com\\\/#website\"},\"primaryImageOfPage\":{\"@id\":\"https:\\\/\\\/hartizanedesign.com\\\/producto\\\/punto-side\\\/#primaryimage\"},\"image\":{\"@id\":\"https:\\\/\\\/hartizanedesign.com\\\/producto\\\/punto-side\\\/#primaryimage\"},\"thumbnailUrl\":\"https:\\\/\\\/hartizanedesign.com\\\/wp-content\\\/uploads\\\/2026\\\/02\\\/Punto-side.png\",\"datePublished\":\"2026-02-08T22:02:11+00:00\",\"breadcrumb\":{\"@id\":\"https:\\\/\\\/hartizanedesign.com\\\/producto\\\/punto-side\\\/#breadcrumb\"},\"inLanguage\":\"fr-FR\",\"potentialAction\":[{\"@type\":\"ReadAction\",\"target\":[\"https:\\\/\\\/hartizanedesign.com\\\/producto\\\/punto-side\\\/\"]}]},{\"@type\":\"ImageObject\",\"inLanguage\":\"fr-FR\",\"@id\":\"https:\\\/\\\/hartizanedesign.com\\\/producto\\\/punto-side\\\/#primaryimage\",\"url\":\"https:\\\/\\\/hartizanedesign.com\\\/wp-content\\\/uploads\\\/2026\\\/02\\\/Punto-side.png\",\"contentUrl\":\"https:\\\/\\\/hartizanedesign.com\\\/wp-content\\\/uploads\\\/2026\\\/02\\\/Punto-side.png\",\"width\":1300,\"height\":900},{\"@type\":\"BreadcrumbList\",\"@id\":\"https:\\\/\\\/hartizanedesign.com\\\/producto\\\/punto-side\\\/#breadcrumb\",\"itemListElement\":[{\"@type\":\"ListItem\",\"position\":1,\"name\":\"Home\",\"item\":\"https:\\\/\\\/hartizanedesign.com\\\/\"},{\"@type\":\"ListItem\",\"position\":2,\"name\":\"Tienda\",\"item\":\"https:\\\/\\\/hartizanedesign.com\\\/boutique\\\/\"},{\"@type\":\"ListItem\",\"position\":3,\"name\":\"Punto Side\"}]},{\"@type\":\"WebSite\",\"@id\":\"https:\\\/\\\/hartizanedesign.com\\\/#website\",\"url\":\"https:\\\/\\\/hartizanedesign.com\\\/\",\"name\":\"hartizanedesign.com\",\"description\":\"\",\"publisher\":{\"@id\":\"https:\\\/\\\/hartizanedesign.com\\\/#organization\"},\"potentialAction\":[{\"@type\":\"SearchAction\",\"target\":{\"@type\":\"EntryPoint\",\"urlTemplate\":\"https:\\\/\\\/hartizanedesign.com\\\/?s={search_term_string}\"},\"query-input\":{\"@type\":\"PropertyValueSpecification\",\"valueRequired\":true,\"valueName\":\"search_term_string\"}}],\"inLanguage\":\"fr-FR\"},{\"@type\":\"Organization\",\"@id\":\"https:\\\/\\\/hartizanedesign.com\\\/#organization\",\"name\":\"hartizanedesign.com\",\"url\":\"https:\\\/\\\/hartizanedesign.com\\\/\",\"logo\":{\"@type\":\"ImageObject\",\"inLanguage\":\"fr-FR\",\"@id\":\"https:\\\/\\\/hartizanedesign.com\\\/#\\\/schema\\\/logo\\\/image\\\/\",\"url\":\"https:\\\/\\\/hartizanedesign.com\\\/wp-content\\\/uploads\\\/2025\\\/10\\\/Logo-commander2_Hartizane_Noire.svg.svg\",\"contentUrl\":\"https:\\\/\\\/hartizanedesign.com\\\/wp-content\\\/uploads\\\/2025\\\/10\\\/Logo-commander2_Hartizane_Noire.svg.svg\",\"width\":209,\"height\":62,\"caption\":\"hartizanedesign.com\"},\"image\":{\"@id\":\"https:\\\/\\\/hartizanedesign.com\\\/#\\\/schema\\\/logo\\\/image\\\/\"}}]}<\/script>\n<!-- \/ Yoast SEO plugin. -->","yoast_head_json":{"title":"Punto Side - hartizanedesign.com","robots":{"index":"index","follow":"follow","max-snippet":"max-snippet:-1","max-image-preview":"max-image-preview:large","max-video-preview":"max-video-preview:-1"},"canonical":"https:\/\/hartizanedesign.com\/fr\/produit\/punto-side\/","og_locale":"fr_FR","og_type":"article","og_title":"Punto Side - hartizanedesign.com","og_description":"La elegancia reside en el detalle con esta mesita de noche de dise\u00f1o curvo, concebida para aportar un toque de sofisticaci\u00f3n org\u00e1nica a su dormitorio. La fluidez de su silueta redonda permite liberar el espacio visual a la vez que ofrece una superficie robusta y f\u00e1cil de mantener gracias a su sobre de cer\u00e1mica de alta calidad. El trabajo meticuloso de la madera, con sus vetas horizontales visibles, subraya una artesan\u00eda de prestigio. El roble utilizado, seleccionado por su resistencia natural y su belleza intr\u00ednseca, garantiza una durabilidad excepcional y una est\u00e9tica de gran pureza. Ya sea instalada sola o en pareja, transforma su habitaci\u00f3n en una suite contempor\u00e1nea donde el confort y la excelencia est\u00e9tica se encuentran armoniosamente.","og_url":"https:\/\/hartizanedesign.com\/fr\/produit\/punto-side\/","og_site_name":"hartizanedesign.com","og_image":[{"width":1300,"height":900,"url":"https:\/\/hartizanedesign.com\/wp-content\/uploads\/2026\/02\/Punto-side.png","type":"image\/png"}],"twitter_card":"summary_large_image","twitter_misc":{"Dur\u00e9e de lecture estim\u00e9e":"1 minute"},"schema":{"@context":"https:\/\/schema.org","@graph":[{"@type":"WebPage","@id":"https:\/\/hartizanedesign.com\/producto\/punto-side\/","url":"https:\/\/hartizanedesign.com\/producto\/punto-side\/","name":"Punto Side - hartizanedesign.com","isPartOf":{"@id":"https:\/\/hartizanedesign.com\/#website"},"primaryImageOfPage":{"@id":"https:\/\/hartizanedesign.com\/producto\/punto-side\/#primaryimage"},"image":{"@id":"https:\/\/hartizanedesign.com\/producto\/punto-side\/#primaryimage"},"thumbnailUrl":"https:\/\/hartizanedesign.com\/wp-content\/uploads\/2026\/02\/Punto-side.png","datePublished":"2026-02-08T22:02:11+00:00","breadcrumb":{"@id":"https:\/\/hartizanedesign.com\/producto\/punto-side\/#breadcrumb"},"inLanguage":"fr-FR","potentialAction":[{"@type":"ReadAction","target":["https:\/\/hartizanedesign.com\/producto\/punto-side\/"]}]},{"@type":"ImageObject","inLanguage":"fr-FR","@id":"https:\/\/hartizanedesign.com\/producto\/punto-side\/#primaryimage","url":"https:\/\/hartizanedesign.com\/wp-content\/uploads\/2026\/02\/Punto-side.png","contentUrl":"https:\/\/hartizanedesign.com\/wp-content\/uploads\/2026\/02\/Punto-side.png","width":1300,"height":900},{"@type":"BreadcrumbList","@id":"https:\/\/hartizanedesign.com\/producto\/punto-side\/#breadcrumb","itemListElement":[{"@type":"ListItem","position":1,"name":"Home","item":"https:\/\/hartizanedesign.com\/"},{"@type":"ListItem","position":2,"name":"Tienda","item":"https:\/\/hartizanedesign.com\/boutique\/"},{"@type":"ListItem","position":3,"name":"Punto Side"}]},{"@type":"WebSite","@id":"https:\/\/hartizanedesign.com\/#website","url":"https:\/\/hartizanedesign.com\/","name":"hartizanedesign.com","description":"","publisher":{"@id":"https:\/\/hartizanedesign.com\/#organization"},"potentialAction":[{"@type":"SearchAction","target":{"@type":"EntryPoint","urlTemplate":"https:\/\/hartizanedesign.com\/?s={search_term_string}"},"query-input":{"@type":"PropertyValueSpecification","valueRequired":true,"valueName":"search_term_string"}}],"inLanguage":"fr-FR"},{"@type":"Organization","@id":"https:\/\/hartizanedesign.com\/#organization","name":"hartizanedesign.com","url":"https:\/\/hartizanedesign.com\/","logo":{"@type":"ImageObject","inLanguage":"fr-FR","@id":"https:\/\/hartizanedesign.com\/#\/schema\/logo\/image\/","url":"https:\/\/hartizanedesign.com\/wp-content\/uploads\/2025\/10\/Logo-commander2_Hartizane_Noire.svg.svg","contentUrl":"https:\/\/hartizanedesign.com\/wp-content\/uploads\/2025\/10\/Logo-commander2_Hartizane_Noire.svg.svg","width":209,"height":62,"caption":"hartizanedesign.com"},"image":{"@id":"https:\/\/hartizanedesign.com\/#\/schema\/logo\/image\/"}}]}},"_links":{"self":[{"href":"https:\/\/hartizanedesign.com\/fr\/wp-json\/wp\/v2\/product\/4653","targetHints":{"allow":["GET"]}}],"collection":[{"href":"https:\/\/hartizanedesign.com\/fr\/wp-json\/wp\/v2\/product"}],"about":[{"href":"https:\/\/hartizanedesign.com\/fr\/wp-json\/wp\/v2\/types\/product"}],"version-history":[{"count":1,"href":"https:\/\/hartizanedesign.com\/fr\/wp-json\/wp\/v2\/product\/4653\/revisions"}],"predecessor-version":[{"id":4655,"href":"https:\/\/hartizanedesign.com\/fr\/wp-json\/wp\/v2\/product\/4653\/revisions\/4655"}],"wp:featuredmedia":[{"embeddable":true,"href":"https:\/\/hartizanedesign.com\/fr\/wp-json\/wp\/v2\/media\/4632"}],"wp:attachment":[{"href":"https:\/\/hartizanedesign.com\/fr\/wp-json\/wp\/v2\/media?parent=4653"}],"wp:term":[{"taxonomy":"product_brand","embeddable":true,"href":"https:\/\/hartizanedesign.com\/fr\/wp-json\/wp\/v2\/product_brand?post=4653"},{"taxonomy":"product_cat","embeddable":true,"href":"https:\/\/hartizanedesign.com\/fr\/wp-json\/wp\/v2\/product_cat?post=4653"},{"taxonomy":"product_tag","embeddable":true,"href":"https:\/\/hartizanedesign.com\/fr\/wp-json\/wp\/v2\/product_tag?post=4653"}],"curies":[{"name":"wp","href":"https:\/\/api.w.org\/{rel}","templated":true}]}}